{"id":1579,"date":"2023-10-07T05:44:28","date_gmt":"2023-10-07T05:44:28","guid":{"rendered":"https:\/\/hydraulic-cylinders.net\/?post_type=product&#038;p=1579"},"modified":"2025-04-11T03:39:29","modified_gmt":"2025-04-11T03:39:29","slug":"rotary-drilling-luffing-cylinder","status":"publish","type":"product","link":"https:\/\/www.hydraulic-cylinders.net\/lv\/products\/rotary-drilling-luffing-cylinder\/","title":{"rendered":"Rot\u0101cijas urb\u0161anas cilindrs"},"content":{"rendered":"<h1 style=\"text-align: center;\"><strong>Rot\u0101cijas urb\u0161anas cilindrs<\/strong><\/h1>\n<p><img loading=\"lazy\" decoding=\"async\" class=\"wp-image-1580 aligncenter\" src=\"https:\/\/hydraulic-cylinders.net\/wp-content\/uploads\/2023\/10\/luffing-cylinder-1-300x300.webp\" alt=\"\" width=\"400\" height=\"400\" \/><\/p>\n<p>Rot\u0101cijas urb\u0161anas pacel\u0161anas cilindrs ir b\u016btiska sast\u0101vda\u013ca, kas paredz\u0113ta rot\u0101cijas urb\u0161anas iek\u0101rtu veiktsp\u0113jas optimiz\u0113\u0161anai. \u0160im hidrauliskajam cilindram ir iz\u0161\u0137iro\u0161a noz\u012bme pacel\u0161anas meh\u0101nism\u0101, kas ir atbild\u012bgs par urb\u0161anas masta vai str\u0113les pacel\u0161anu un nolai\u0161anu, nodro\u0161inot prec\u012bzu pozicion\u0113\u0161anu un efekt\u012bvas urb\u0161anas darb\u012bbas.<\/p>\n<p>Rot\u0101cijas urb\u0161anas cilindrs ir b\u016btiska sast\u0101vda\u013ca, kas uzlabo efektivit\u0101ti un precizit\u0101ti urb\u0161anas oper\u0101cij\u0101s. Pateicoties t\u0101 iztur\u012bgajai konstrukcijai, hidrauliskajai jaudai un vad\u012bbai, regul\u0113jamam pacel\u0161anas diapazonam un vienm\u0113r\u012bg\u0101m kust\u012bb\u0101m, \u0161is hidrauliskais cilindrs \u013cauj operatoriem prec\u012bzi novietot urb\u0161anas mastu vai str\u0113li un sasniegt optim\u0101lu urb\u0161anas veiktsp\u0113ju. Iev\u0113rojot pareizas lieto\u0161anas metodes un iev\u0113rojot ieteicamo apkopes praksi, operatori var maksim\u0101li pagarin\u0101t rot\u0101cijas urb\u0161anas cilindra kalpo\u0161anas laiku un uzticam\u012bbu, t\u0101d\u0113j\u0101di nodro\u0161inot dro\u0161as un efekt\u012bvas urb\u0161anas darb\u012bbas. Izv\u0113lieties \u0161o neaizst\u0101jamo hidraulisko komponentu, lai optimiz\u0113tu savu urb\u0161anas apr\u012bkojumu un sasniegtu izcilus rezult\u0101tus.<\/p>\n<p>Rot\u0101cijas urb\u0161anas cilindra galven\u0101s \u012bpa\u0161\u012bbas:<\/p>\n<ol>\n<li>Iztur\u012bga konstrukcija un iztur\u012bba:<\/li>\n<\/ol>\n<ul>\n<li>Rot\u0101cijas urb\u0161anas cilindrs ir izgatavots no augstas kvalit\u0101tes materi\u0101liem, kas nodro\u0161ina izcilu iztur\u012bbu un ilgm\u016b\u017e\u012bbu.<\/li>\n<li>Tas var iztur\u0113t sare\u017e\u0123\u012btus apst\u0101k\u013cus, ar kuriem saskaras urb\u0161anas darbos, tostarp lielas slodzes, vibr\u0101cijas un skarbu vidi.<\/li>\n<\/ul>\n<ol start=\"2\">\n<li>Hidraulisk\u0101 jauda un vad\u012bba:<\/li>\n<\/ol>\n<ul>\n<li>\u0160is cilindrs darbojas, izmantojot hidraulisko vad\u012bbas sist\u0113mu, izmantojot hidraulisko sp\u0113ku, lai darbin\u0101tu pacel\u0161anas meh\u0101nismu.<\/li>\n<li>Hidraulisk\u0101 vad\u012bba nodro\u0161ina prec\u012bzu un atsauc\u012bgu urb\u0161anas masta vai str\u0113les kust\u012bbu, \u013caujot prec\u012bzi pozicion\u0113t un vad\u012bt.<\/li>\n<\/ul>\n<ol start=\"3\">\n<li>Regul\u0113jams sl\u012bpuma diapazons:<\/li>\n<\/ol>\n<ul>\n<li>Rot\u0113jo\u0161ais urb\u0161anas cilindrs nodro\u0161ina regul\u0113jamu diapazonu, \u013caujot operatoriem novietot urb\u0161anas apr\u012bkojumu v\u0113lamaj\u0101 le\u0146\u0137\u012b vai augstum\u0101.<\/li>\n<li>\u0160\u012b elast\u012bba \u013cauj veikt daudzpus\u012bgas urb\u0161anas darb\u012bbas, piel\u0101gojoties da\u017e\u0101diem grunts apst\u0101k\u013ciem un pras\u012bb\u0101m.<\/li>\n<\/ul>\n<ol start=\"4\">\n<li>Vienm\u0113r\u012bgas un kontrol\u0113tas kust\u012bbas:<\/li>\n<\/ol>\n<ul>\n<li>Cilindra konstrukcija un hidraulisk\u0101 vad\u012bbas sist\u0113ma nodro\u0161ina vienm\u0113r\u012bgas un kontrol\u0113tas kust\u012bbas pacel\u0161anas laik\u0101.<\/li>\n<li>\u0160\u012b prec\u012bz\u0101 vad\u012bba \u013cauj operatoriem saglab\u0101t stabilit\u0101ti un precizit\u0101ti, pozicion\u0113jot urb\u0161anas mastu vai str\u0113li.<\/li>\n<\/ul>\n<h2><strong>Rot\u0101cijas urb\u0161anas cilindra parametrs:<\/strong><\/h2>\n<table border=\"1\" cellspacing=\"0\" cellpadding=\"0\">\n<tbody>\n<tr>\n<td>Produkta nosaukums<\/td>\n<td>Rot\u0101cijas urb\u0161anas cilindrs<\/td>\n<\/tr>\n<tr>\n<td>Funkcijas:<\/td>\n<td>Kontrol\u0113jiet sl\u012bpuma le\u0146\u0137i, noregul\u0113jiet att\u0101lumu starp mastu un saimnieku<\/td>\n<\/tr>\n<tr>\n<td>Urbuma diametrs:<\/td>\n<td>125 mm\uff5e250 mm<\/td>\n<\/tr>\n<tr>\n<td>Stie\u0146a diametrs:<\/td>\n<td>90 mm\uff5e160 mm<br \/>\nG\u0101jiens \u22641640 mm<\/td>\n<\/tr>\n<tr>\n<td>Spiediens:<\/td>\n<td>l\u012bdz 32 MPa<\/td>\n<\/tr>\n<tr>\n<td>Luf\u0113\u0161anas cilindra pielietojumi:<\/td>\n<td>Rot\u0101cijas urb\u0161ana<\/td>\n<\/tr>\n<\/tbody>\n<\/table>\n<h2><strong>Rot\u0101cijas urb\u0161anas cilindra identifik\u0101cijas sh\u0113ma:<\/strong><\/h2>\n<p><img loading=\"lazy\" decoding=\"async\" class=\"alignnone wp-image-1582 size-full\" src=\"https:\/\/hydraulic-cylinders.net\/wp-content\/uploads\/2023\/10\/luffing-cylinder-2.webp\" alt=\"\" width=\"1418\" height=\"946\" srcset=\"https:\/\/hydraulic-cylinders.net\/wp-content\/uploads\/2023\/10\/luffing-cylinder-2.webp 1418w, https:\/\/hydraulic-cylinders.net\/wp-content\/uploads\/2023\/10\/luffing-cylinder-2-1280x854.webp 1280w, https:\/\/hydraulic-cylinders.net\/wp-content\/uploads\/2023\/10\/luffing-cylinder-2-980x654.webp 980w, https:\/\/hydraulic-cylinders.net\/wp-content\/uploads\/2023\/10\/luffing-cylinder-2-480x320.webp 480w\" sizes=\"(min-width: 0px) and (max-width: 480px) 480px, (min-width: 481px) and (max-width: 980px) 980px, (min-width: 981px) and (max-width: 1280px) 1280px, (min-width: 1281px) 1418px, 100vw\" \/><\/p>\n<h2><strong>Rot\u0101cijas urb\u0161anas cilindra lieto\u0161anas metode<\/strong><strong>:<\/strong><\/h2>\n<ol>\n<li><strong>Iepaz\u012bstieties ar vad\u012bbas ier\u012bc\u0113m un dro\u0161\u012bbas vadl\u012bnij\u0101m:<\/strong><\/li>\n<\/ol>\n<ul>\n<li>Pirms rot\u0113jo\u0161\u0101s urb\u0161anas iek\u0101rtas lieto\u0161anas operatoriem r\u016bp\u012bgi j\u0101iepaz\u012bstas ar iek\u0101rtas ra\u017eot\u0101ja sniegtaj\u0101m vad\u012bbas ier\u012bc\u0113m un dro\u0161\u012bbas vadl\u012bnij\u0101m.<\/li>\n<li>Nodro\u0161in\u0101t atbilst\u012bbu vis\u0101m dro\u0161\u012bbas proced\u016br\u0101m un piesardz\u012bbas pas\u0101kumiem, lai veicin\u0101tu dro\u0161as un efekt\u012bvas urb\u0161anas darb\u012bbas.<\/li>\n<\/ul>\n<ol start=\"2\">\n<li><strong>Lufinga kontrole:<\/strong><\/li>\n<\/ol>\n<ul>\n<li>Izmantojiet vad\u012bbas meh\u0101nismu, piem\u0113ram, kursorsviru vai vad\u012bbas paneli, lai aktiviz\u0113tu rot\u0101cijas urb\u0161anas cilindru.<\/li>\n<li>Lai paceltu vai nolaistu urb\u0161anas mastu vai str\u0113li v\u0113lamaj\u0101 poz\u012bcij\u0101, izmantojiet atbilsto\u0161o vad\u012bbas ievadi.<\/li>\n<li>Cilindrs p\u0101rveidos hidraulisko jaudu nepiecie\u0161amaj\u0101 sp\u0113k\u0101, lai iek\u0101rtu p\u0101rvietotu vienm\u0113r\u012bgi un prec\u012bzi.<\/li>\n<\/ul>\n<ol start=\"3\">\n<li><strong>Pozicion\u0113\u0161ana un stabilit\u0101te:<\/strong><\/li>\n<\/ol>\n<ul>\n<li>Piel\u0101gojiet urb\u0161anas masta vai str\u0113les izliekuma diapazonu un poz\u012bciju atbilsto\u0161i konkr\u0113taj\u0101m urb\u0161anas pras\u012bb\u0101m un zemes apst\u0101k\u013ciem.<\/li>\n<li>Saglab\u0101jiet stabilit\u0101ti sl\u012bp\u0113\u0161anas darb\u012bbu laik\u0101, lai nodro\u0161in\u0101tu dro\u0161u un prec\u012bzu urb\u0161anas veiktsp\u0113ju.<\/li>\n<li>Regul\u0101ri uzraugiet iek\u0101rtas poz\u012bciju un veiciet nepiecie\u0161am\u0101s korekcijas, lai saglab\u0101tu v\u0113lamo urb\u0161anas le\u0146\u0137i vai augstumu.<\/li>\n<\/ul>\n<h2><strong>K\u0101 atgaisot hidraulisko sist\u0113mu?<\/strong><\/h2>\n<p>Hidraulisk\u0101s sist\u0113mas atgaiso\u0161ana ir svar\u012bga proced\u016bra, lai nodro\u0161in\u0101tu optim\u0101lu veiktsp\u0113ju un nov\u0113rstu t\u0101das probl\u0113mas k\u0101 porain\u012bba hidrauliskaj\u0101s sast\u0101vda\u013c\u0101s. \u0160eit ir sniegta detaliz\u0113ta instrukcija par hidraulisk\u0101s sist\u0113mas atgaiso\u0161anu:<\/p>\n<ol>\n<li><strong>Gaisa identific\u0113\u0161ana sist\u0113m\u0101:<\/strong>\n<ul>\n<li>P\u0101rbaudiet, vai hidrauliskaj\u0101 sist\u0113m\u0101 nav gaisa simptomu, piem\u0113ram, porainas ped\u0101\u013ca vai sviras saj\u016btas, samazin\u0101tas bremz\u0113\u0161anas vai st\u016br\u0113\u0161anas veiktsp\u0113jas vai neparastu trok\u0161\u0146u.<\/li>\n<li>P\u0101rliecinieties par gaisa kl\u0101tb\u016btni, p\u0101rbaudot \u0161\u0137idruma l\u012bmeni rezervu\u0101r\u0101. Gaisa burbu\u013ci vai putu izskats nor\u0101da uz gaisu sist\u0113m\u0101.<\/li>\n<\/ul>\n<\/li>\n<li><strong>Sagatavojiet sist\u0113mu:<\/strong>\n<ul>\n<li>P\u0101rliecinieties, ka hidraulisk\u0101 sist\u0113ma ir izsl\u0113gta un t\u0101s temperat\u016bra ir dro\u0161a, lai izvair\u012btos no iesp\u0113jamiem savainojumiem.<\/li>\n<li>Atrodiet hidraulisk\u0101s sist\u0113mas atgaiso\u0161anas v\u0101rstus vai savienojumus. Tie parasti atrodas sist\u0113mas augst\u0101ko punktu tuvum\u0101 vai pie deta\u013c\u0101m, kur\u0101s bie\u017ei uzkr\u0101jas gaiss, piem\u0113ram, suportiem vai cilindriem.<\/li>\n<\/ul>\n<\/li>\n<li><strong>Sav\u0101kt nepiecie\u0161amos r\u012bkus:<\/strong>\n<ul>\n<li>Atkar\u012bb\u0101 no sist\u0113mas jums var b\u016bt nepiecie\u0161ama uzgrie\u017e\u0146u atsl\u0113ga, uzmavu komplekts vai specializ\u0113ts atgaiso\u0161anas komplekts.<\/li>\n<li>Sagatavojiet trauku, lai sav\u0101ktu \u0161\u0137idrumu, kas var izpl\u016bst asi\u0146o\u0161anas laik\u0101.<\/li>\n<\/ul>\n<\/li>\n<li><strong>S\u0101ciet asi\u0146o\u0161anas procesu:<\/strong>\n<ul>\n<li>S\u0101ciet ar hidraulisko komponentu, kas atrodas vistuv\u0101k rezervu\u0101ram, un virzieties uz t\u0101l\u0101ko komponentu.<\/li>\n<li>Atrodiet pirm\u0101s sast\u0101vda\u013cas atgaiso\u0161anas v\u0101rstu vai savienojumu un novietojiet trauku t\u0101, lai tas uztvertu \u0161\u0137idrumu.<\/li>\n<\/ul>\n<\/li>\n<li><strong>Atveriet iztuk\u0161o\u0161anas v\u0101rstu:<\/strong>\n<ul>\n<li>Izmantojot atbilsto\u0161u instrumentu, l\u0113n\u0101m atveriet atgaiso\u0161anas v\u0101rstu vai savienojumu.<\/li>\n<li>\u0160\u0137idrumam izpl\u016bstot, no sist\u0113mas izpl\u016bd\u012bs gaisa burbu\u013ci.<\/li>\n<\/ul>\n<\/li>\n<li><strong>Att\u012br\u012bt gaisu:<\/strong>\n<ul>\n<li>Lai izvad\u012btu gaisu, aktiviz\u0113jiet hidraulisko sist\u0113mu, nospie\u017eot brem\u017eu ped\u0101li, darbinot hidraulisko sviru vai iesl\u0113dzot sist\u0113mu p\u0113c nepiecie\u0161am\u012bbas.<\/li>\n<li>Atk\u0101rtojiet \u0161o procesu vair\u0101kas reizes, da\u017eas sekundes turot nospiestu ped\u0101li vai sviru, pirms aizverat atgaiso\u0161anas v\u0101rstu.<\/li>\n<\/ul>\n<\/li>\n<li><strong>Aizveriet iztuk\u0161o\u0161anas v\u0101rstu:<\/strong>\n<ul>\n<li>Kad ir nov\u0113rota vienm\u0113r\u012bga \u0161\u0137idruma pl\u016bsma bez gaisa burbu\u013ciem, cie\u0161i aizveriet atgaiso\u0161anas v\u0101rstu vai savienojumu.<\/li>\n<li>P\u0101rliecinieties, ka tas ir pareizi pievilkts, lai nov\u0113rstu nopl\u016bdes.<\/li>\n<\/ul>\n<\/li>\n<li><strong>P\u0101rbaudiet \u0161\u0137idruma l\u012bmeni:<\/strong>\n<ul>\n<li>Atgaiso\u0161anas procesa laik\u0101 uzraugiet \u0161\u0137idruma l\u012bmeni rezervu\u0101r\u0101.<\/li>\n<li>Piepildiet \u0161\u0137idrumu p\u0113c nepiecie\u0161am\u012bbas, lai uztur\u0113tu ieteicamo l\u012bmeni.<\/li>\n<\/ul>\n<\/li>\n<li><strong>Atk\u0101rtojiet ar citiem komponentiem:<\/strong>\n<ul>\n<li>P\u0101rejiet pie n\u0101kam\u0101s hidraulisk\u0101s sast\u0101vda\u013cas sist\u0113m\u0101 un atk\u0101rtojiet atgaiso\u0161anas procesu.<\/li>\n<li>Veiciet t\u0101s pa\u0161as darb\u012bbas, l\u012bdz visas sast\u0101vda\u013cas ir atgaisotas.<\/li>\n<\/ul>\n<\/li>\n<li><strong>Sist\u0113mas p\u0101rbaude:<\/strong>\n<ul>\n<li>P\u0113c visu komponentu atgaiso\u0161anas p\u0101rbaudiet hidraulisko sist\u0113mu, lai nodro\u0161in\u0101tu pareizu darb\u012bbu.<\/li>\n<li>P\u0101rliecinieties, vai ped\u0101lis vai svira j\u016btas stingri un rea\u0123\u0113, un vai sist\u0113ma darbojas, k\u0101 paredz\u0113ts.<\/li>\n<\/ul>\n<\/li>\n<\/ol>\n<h2><strong>R\u016bpn\u012bcas iesp\u0113jas un jauda:<\/strong><\/h2>\n<h3>(1) Mont\u0101\u017ea<\/h3>\n<p>Mums ir pirmklas\u012bga neatkar\u012bga p\u0113tniec\u012bbas un att\u012bst\u012bbas mont\u0101\u017eas platforma. Hidraulisko cilindru ra\u017eo\u0161anas darbn\u012bc\u0101 ir \u010detras pusautom\u0101tiskas pacel\u0161anas cilindru mont\u0101\u017eas l\u012bnijas un viena autom\u0101tisk\u0101 sl\u012bpuma cilindru mont\u0101\u017eas l\u012bnija ar projekt\u0113to gada ra\u017eo\u0161anas jaudu 1 miljons vien\u012bbu. Speci\u0101lo cilindru darbn\u012bca ir apr\u012bkota ar da\u017e\u0101du specifik\u0101ciju pusautom\u0101tisku t\u012br\u012b\u0161anas mont\u0101\u017eas sist\u0113mu ar projekt\u0113to gada ra\u017eo\u0161anas jaudu 200 000 vien\u012bbu un apr\u012bkota ar slaven\u0101m CNC apstr\u0101des iek\u0101rt\u0101m, apstr\u0101des centru, augstas precizit\u0101tes cilindru apstr\u0101des speci\u0101lo apr\u012bkojumu, robotiz\u0113tu metin\u0101\u0161anas iek\u0101rtu, autom\u0101tisku t\u012br\u012b\u0161anas iek\u0101rtu, autom\u0101tisku cilindru mont\u0101\u017eas iek\u0101rtu un autom\u0101tisku kr\u0101so\u0161anas ra\u017eo\u0161anas l\u012bniju. Eso\u0161ais kritiskais apr\u012bkojums ir vair\u0101k nek\u0101 300 komplektu (komplektu). Optim\u0101la iek\u0101rtu resursu sadale un efekt\u012bva izmanto\u0161ana nodro\u0161ina produktu precizit\u0101tes pras\u012bbas un apmierina produktu augst\u0101s kvalit\u0101tes pras\u012bbas.<\/p>\n<p><img loading=\"lazy\" decoding=\"async\" class=\"alignnone wp-image-626\" src=\"https:\/\/hydraulic-cylinders.net\/wp-content\/uploads\/2023\/08\/hydraulic-cylinder-product-1-300x158.webp\" alt=\"\" width=\"495\" height=\"260\" srcset=\"https:\/\/hydraulic-cylinders.net\/wp-content\/uploads\/2023\/08\/hydraulic-cylinder-product-1-300x158.webp 495w, https:\/\/hydraulic-cylinders.net\/wp-content\/uploads\/2023\/08\/hydraulic-cylinder-product-1-480x252.webp 480w\" sizes=\"(min-width: 0px) and (max-width: 480px) 480px, (min-width: 481px) 495px, 100vw\" \/> <img loading=\"lazy\" decoding=\"async\" class=\"alignnone wp-image-627\" src=\"https:\/\/hydraulic-cylinders.net\/wp-content\/uploads\/2023\/08\/hydraulic-cylinder-product-2-300x189.webp\" alt=\"\" width=\"413\" height=\"260\" \/><\/p>\n<h3>(2) Apstr\u0101de<\/h3>\n<p>Apstr\u0101des cehs ir apr\u012bkots ar piel\u0101gotu sl\u012bpo slie\u017eu virpo\u0161anas centru, apstr\u0101des centru, \u0101trgaitas asin\u0101\u0161anas ma\u0161\u012bnu, metin\u0101\u0161anas robotu un citu saist\u012btu apr\u012bkojumu, kas var apstr\u0101d\u0101t cilindriskas caurules ar maksim\u0101lo iek\u0161\u0113jo diametru 400 mm un maksim\u0101lo garumu 6 metri.<\/p>\n<p><img loading=\"lazy\" decoding=\"async\" class=\"alignnone wp-image-628 size-large\" src=\"https:\/\/hydraulic-cylinders.net\/wp-content\/uploads\/2023\/08\/hydraulic-cylinder-product-3-1024x391.webp\" alt=\"\" width=\"1024\" height=\"391\" srcset=\"https:\/\/hydraulic-cylinders.net\/wp-content\/uploads\/2023\/08\/hydraulic-cylinder-product-3-980x374.webp 980w, https:\/\/hydraulic-cylinders.net\/wp-content\/uploads\/2023\/08\/hydraulic-cylinder-product-3-480x183.webp 480w\" sizes=\"(min-width: 0px) and (max-width: 480px) 480px, (min-width: 481px) and (max-width: 980px) 980px, (min-width: 981px) 1024px, 100vw\" \/><\/p>\n<h3>(3) Metin\u0101\u0161ana<\/h3>\n<p><img loading=\"lazy\" decoding=\"async\" class=\"alignnone wp-image-629 size-large\" src=\"https:\/\/hydraulic-cylinders.net\/wp-content\/uploads\/2023\/08\/hydraulic-cylinder-product-4-1024x510.webp\" alt=\"\" width=\"1024\" height=\"510\" srcset=\"https:\/\/hydraulic-cylinders.net\/wp-content\/uploads\/2023\/08\/hydraulic-cylinder-product-4-980x488.webp 980w, https:\/\/hydraulic-cylinders.net\/wp-content\/uploads\/2023\/08\/hydraulic-cylinder-product-4-480x239.webp 480w\" sizes=\"(min-width: 0px) and (max-width: 480px) 480px, (min-width: 481px) and (max-width: 980px) 980px, (min-width: 981px) 1024px, 100vw\" \/><\/p>\n<h3>(4) Kr\u0101so\u0161ana un p\u0101rkl\u0101\u0161ana<\/h3>\n<p>Ar maz\u0101m un vid\u0113ja izm\u0113ra cilindrisk\u0101m autom\u0101tisk\u0101m \u016bdens b\u0101zes kr\u0101su p\u0101rkl\u0101\u0161anas l\u012bnij\u0101m, lai pan\u0101ktu autom\u0101tisku robotu iekrau\u0161anu un izkrau\u0161anu un autom\u0101tisku izsmidzin\u0101\u0161anu, projekt\u0113t\u0101 jauda ir 4000 gabali mai\u0146\u0101;<br \/>\nMums ir ar\u012b pusautom\u0101tiska kr\u0101su ra\u017eo\u0161anas l\u012bnija lieliem baloniem, ko darbina \u0137\u0113des piedzi\u0146a, ar 60 kastu konstrukcijas jaudu vien\u0101 mai\u0146\u0101.<\/p>\n<p><img loading=\"lazy\" decoding=\"async\" class=\"alignnone wp-image-630\" src=\"https:\/\/hydraulic-cylinders.net\/wp-content\/uploads\/2023\/08\/hydraulic-cylinder-product-5-300x213.webp\" alt=\"\" width=\"366\" height=\"260\" \/> <img loading=\"lazy\" decoding=\"async\" class=\"alignnone wp-image-631\" src=\"https:\/\/hydraulic-cylinders.net\/wp-content\/uploads\/2023\/08\/hydraulic-cylinder-product-6-300x225.webp\" alt=\"\" width=\"347\" height=\"260\" \/><\/p>\n<h3>(5) Test\u0113\u0161ana<\/h3>\n<p>Mums ir augst\u0101k\u0101s klases p\u0101rbaudes iek\u0101rtas un test\u0113\u0161anas stendi, lai nodro\u0161in\u0101tu, ka balona veiktsp\u0113ja atbilst pras\u012bb\u0101m.<\/p>\n<p><img loading=\"lazy\" decoding=\"async\" class=\"alignnone wp-image-632\" src=\"https:\/\/hydraulic-cylinders.net\/wp-content\/uploads\/2023\/08\/hydraulic-cylinder-product-8-300x200.webp\" alt=\"\" width=\"389\" height=\"260\" \/><\/p>\n<p>&nbsp;<\/p>\n<p>&nbsp;<\/p>\n<p>M\u0113s esam viens no lab\u0101kajiem hidraulisko cilindru ra\u017eot\u0101jiem. M\u0113s varam pied\u0101v\u0101t visaptvero\u0161us hidrauliskos cilindrus. M\u0113s nodro\u0161in\u0101m ar\u012b atbilsto\u0161us <a href=\"https:\/\/hzpt.com\/agricultural-pto-gearbox\/\" target=\"_blank\" rel=\"noopener\">lauksaimniec\u012bbas p\u0101rnesumk\u0101rbas<\/a>. M\u0113s esam eksport\u0113ju\u0161i savus produktus klientiem vis\u0101 pasaul\u0113 un esam ieguvu\u0161i labu reput\u0101ciju, pateicoties m\u016bsu izcilajai produktu kvalit\u0101tei un p\u0113cp\u0101rdo\u0161anas servisam. M\u0113s aicin\u0101m klientus no valsts un \u0101rvalst\u012bm sazin\u0101ties ar mums, lai risin\u0101tu biznesa sarunas, apmain\u012btos ar inform\u0101ciju un... <a href=\"https:\/\/www.hydraulic-cylinders.net\/lv\/contact-us\/\">sadarboties ar mums<\/a>!<\/p>","protected":false},"excerpt":{"rendered":"<p>Rotary Drilling Luffing Cylinder The rotary drilling luffing cylinder is a vital component designed to optimize the performance of rotary drilling equipment. This hydraulic cylinder plays a crucial role in the luffing mechanism, which is responsible for raising and lowering the drilling mast or boom, enabling precise positioning and efficient drilling operations. The rotary drilling [&hellip;]<\/p>","protected":false},"featured_media":1581,"comment_status":"open","ping_status":"closed","template":"","meta":{"_et_pb_use_builder":"","_et_pb_old_content":"","_et_gb_content_width":""},"product_brand":[],"product_cat":[1550,1518,1376],"product_tag":[1380],"class_list":{"0":"post-1579","1":"product","2":"type-product","3":"status-publish","4":"has-post-thumbnail","6":"product_cat-double-acting-hydraulic-cylinder","7":"product_cat-rotary-drilling-rig-hydraulic-cylinders","8":"product_cat-hydraulic-cylinder","9":"product_tag-hydraulic-cylinder","11":"first","12":"instock","13":"shipping-taxable","14":"product-type-simple"},"amp_enabled":true,"_links":{"self":[{"href":"https:\/\/www.hydraulic-cylinders.net\/lv\/wp-json\/wp\/v2\/product\/1579","targetHints":{"allow":["GET"]}}],"collection":[{"href":"https:\/\/www.hydraulic-cylinders.net\/lv\/wp-json\/wp\/v2\/product"}],"about":[{"href":"https:\/\/www.hydraulic-cylinders.net\/lv\/wp-json\/wp\/v2\/types\/product"}],"replies":[{"embeddable":true,"href":"https:\/\/www.hydraulic-cylinders.net\/lv\/wp-json\/wp\/v2\/comments?post=1579"}],"wp:featuredmedia":[{"embeddable":true,"href":"https:\/\/www.hydraulic-cylinders.net\/lv\/wp-json\/wp\/v2\/media\/1581"}],"wp:attachment":[{"href":"https:\/\/www.hydraulic-cylinders.net\/lv\/wp-json\/wp\/v2\/media?parent=1579"}],"wp:term":[{"taxonomy":"product_brand","embeddable":true,"href":"https:\/\/www.hydraulic-cylinders.net\/lv\/wp-json\/wp\/v2\/product_brand?post=1579"},{"taxonomy":"product_cat","embeddable":true,"href":"https:\/\/www.hydraulic-cylinders.net\/lv\/wp-json\/wp\/v2\/product_cat?post=1579"},{"taxonomy":"product_tag","embeddable":true,"href":"https:\/\/www.hydraulic-cylinders.net\/lv\/wp-json\/wp\/v2\/product_tag?post=1579"}],"curies":[{"name":"wp","href":"https:\/\/api.w.org\/{rel}","templated":true}]}}