{"id":15815,"date":"2025-01-19T15:01:26","date_gmt":"2025-01-19T15:01:26","guid":{"rendered":"https:\/\/www.hydraulic-cylinders.net\/product\/bucket-cylinder-for-pengpu-sw230lc-5\/"},"modified":"2025-01-19T15:01:30","modified_gmt":"2025-01-19T15:01:30","slug":"bucket-cylinder-for-pengpu-sw230lc-5","status":"publish","type":"product","link":"https:\/\/www.hydraulic-cylinders.net\/lv\/products\/bucket-cylinder-for-pengpu-sw230lc-5\/","title":{"rendered":"Kausa cilindrs Pengpu SW230LC-5"},"content":{"rendered":"<h1>Kausa cilindrs Pengpu SW230LC-5<\/h1>\n<h2>Ievads<\/h2>\n<p>Kausa cilindrs ir speci\u0101li izstr\u0101d\u0101ts hidrauliskais cilindrs, ko izmanto, lai kontrol\u0113tu kausa kust\u012bbu smagaj\u0101s ma\u0161\u012bn\u0101s, piem\u0113ram, ekskavatoros, iekr\u0101v\u0113jos ar ekskavatoru un front\u0101lajos iekr\u0101v\u0113jos. T\u0101 galven\u0101 funkcija ir nodro\u0161in\u0101t kausa pacel\u0161anu, nolai\u0161anu un noliek\u0161anu, padarot to \u0113rtu da\u017e\u0101diem materi\u0101lu apstr\u0101des uzdevumiem. Hidrauliskaj\u0101 sist\u0113m\u0101 kausa cilindrs pan\u0101k prec\u012bzu kausa vad\u012bbu, izmantojot hidraulisk\u0101s e\u013c\u013cas spiediena izmai\u0146as, \u013caujot operatoriem efekt\u012bvi apstr\u0101d\u0101t smagas kravas un piel\u0101goties sare\u017e\u0123\u012btai darba videi un da\u017e\u0101d\u0101m ekspluat\u0101cijas pras\u012bb\u0101m.<\/p>\n<p><img decoding=\"async\" src=\"https:\/\/www.hydraulic-cylinders.net\/wp-content\/uploads\/2025\/01\/songte-company-2.webp\" alt=\"Kausa cilindra att\u0113ls\"><\/p>\n<h2>Funkcijas<\/h2>\n<ul>\n<li>Augsta iztur\u012bba un ilgm\u016b\u017e\u012bba: Parasti izgatavots no augstas stipr\u012bbas t\u0113rauda vai alum\u012bnija, sp\u0113j iztur\u0113t augstu spiedienu un lielas slodzes, piel\u0101gojas skarbai darba videi un ir izstr\u0101d\u0101ts, \u0146emot v\u0113r\u0101 nodilumiztur\u012bbu un korozijas iztur\u012bbu, lai pagarin\u0101tu t\u0101 kalpo\u0161anas laiku.<\/li>\n<li>Efekt\u012bva hidraulisk\u0101 darb\u012bba: izmanto hidraulisk\u0101s e\u013c\u013cas spiedienu, lai pan\u0101ktu vienm\u0113r\u012bgu izstiep\u0161anu un ievilk\u0161anu, \u013caujot \u0101tri rea\u0123\u0113t uz vad\u012bbas komand\u0101m, nodro\u0161inot sp\u0113c\u012bgu stum\u0161anas un vilk\u0161anas sp\u0113ku, kas ir piem\u0113rots smagu kravu apstr\u0101dei un sare\u017e\u0123\u012btu ekspluat\u0101cijas uzdevumu veik\u0161anai.<\/li>\n<li>Daudzpus\u012bgi veidi: Izv\u0113lieties starp vienas darb\u012bbas (hidrauliski darbojas tikai vien\u0101 virzien\u0101) vai divk\u0101r\u0161as darb\u012bbas (hidrauliski darbojas abos virzienos) cilindriem atbilsto\u0161i ekspluat\u0101cijas pras\u012bb\u0101m. Da\u017ei mode\u013ci ir teleskopiski, kas \u013cauj liel\u0101ku pagarin\u0101jumu, nepalielinot \u0101r\u0113jos izm\u0113rus, padarot tos piem\u0113rotus lietojumiem ar ierobe\u017eotu vietu.<\/li>\n<\/ul>\n<p><img decoding=\"async\" src=\"https:\/\/www.hydraulic-cylinders.net\/wp-content\/uploads\/2025\/01\/songte-cylinder-head-with-all-kinds-excavator-models.webp\" alt=\"Produkta att\u0113ls\"><\/p>\n<h2>Pieteikumi<\/h2>\n<p>Kausa cilindrs tiek izmantots da\u017e\u0101d\u0101s nozar\u0113s un iek\u0101rt\u0101s:<\/p>\n<ul>\n<li>B\u016bvniec\u012bbas apr\u012bkojums: atrodams ekskavatoros, tie ir \u013coti svar\u012bgi rak\u0161anai, iekrau\u0161anai un augsnes vai gru\u017eu p\u0101rvieto\u0161anai. Ekskavatoros-iekr\u0101v\u0113jos kausa cilindrs pal\u012bdz gan rak\u0161an\u0101, gan cel\u0161an\u0101.<\/li>\n<li>Lauksaimniec\u012bbas tehnika: Izmanto front\u0101lajos iekr\u0101v\u0113jos augsnes, siena un citu materi\u0101lu sav\u0101k\u0161anai, cel\u0161anai un transport\u0113\u0161anai.<\/li>\n<li>Ekskavatori: Kausa cilindrs nodro\u0161ina rak\u0161anas darb\u012bbu, \u013caujot kausam iek\u013c\u016bt augsn\u0113.<\/li>\n<li>Front\u0101lie iekr\u0101v\u0113ji: Front\u0101lajos iekr\u0101v\u0113jos tie pal\u012bdz efekt\u012bvi pacelt un izkraut preces.<\/li>\n<\/ul>\n<h2>Dizaina apsv\u0113rumi un atlases krit\u0113riji<\/h2>\n<p>Projekt\u0113jot kausa cilindru, tiek \u0146emti v\u0113r\u0101 da\u017e\u0101di faktori un atlases krit\u0113riji:<\/p>\n<ul>\n<li>Nestsp\u0113ja: Cilindrs ir konstru\u0113ts t\u0101, lai iztur\u0113tu paredz\u0113to slodzi un nodro\u0161in\u0101tu nepiecie\u0161amo iztur\u012bbu cel\u0161anai un cit\u0101m darb\u012bb\u0101m.<\/li>\n<li>Bl\u012bv\u0113jums: Lai nov\u0113rstu nopl\u016bdes un nodro\u0161in\u0101tu pareizu darb\u012bbu, tiek izmantoti da\u017e\u0101di bl\u012bv\u0113\u0161anas komponenti, piem\u0113ram, virzu\u013ca bl\u012bvsl\u0113gi \u200b\u200bun stie\u0146a bl\u012bvsl\u0113gi.<\/li>\n<li>Iztur\u012bba: Cilindrs ir izstr\u0101d\u0101ts, lai iztur\u0113tu sare\u017e\u0123\u012btus darba apst\u0101k\u013cus un nodro\u0161in\u0101tu ilgu kalpo\u0161anas laiku.<\/li>\n<li>Safety: Safety features are incorporated to ensure the operator&#8217;s well-being during operation.<\/li>\n<li>Uzturam\u012bba: Tiek \u0146emta v\u0113r\u0101 vienk\u0101r\u0161a apkope un remonts, kas \u013cauj veikt efekt\u012bvu apkopi un samazin\u0101t d\u012bkst\u0101ves laiku.<\/li>\n<\/ul>\n<p><img decoding=\"async\" src=\"https:\/\/www.hydraulic-cylinders.net\/wp-content\/uploads\/2025\/01\/songte-oil-pipes-and-spare-parts.webp\" alt=\"Produkta att\u0113ls\"><\/p>\n<h2>Bl\u012bv\u0113\u0161ana un e\u013c\u013co\u0161ana<\/h2>\n<p>Kausa cilindram tiek izmantoti da\u017e\u0101di bl\u012bv\u0113jumi, piem\u0113ram, virzu\u013ca bl\u012bv\u0113jumi un stie\u0146a bl\u012bv\u0113jumi, kas izgatavoti no nodilumiztur\u012bgiem materi\u0101liem, piem\u0113ram, poliuret\u0101na un nitrila gumijas. Cilindra korpuss un v\u012bt\u0146ot\u0101s gala virsmas tiek r\u016bp\u012bgi apstr\u0101d\u0101tas, lai uzlabotu nodilumiztur\u012bbu. Lai nodro\u0161in\u0101tu vienm\u0113r\u012bgu darb\u012bbu, ir nepiecie\u0161ama regul\u0101ra e\u013c\u013co\u0161ana ar atbilsto\u0161u hidraulisk\u0101s e\u013c\u013cas daudzumu.<\/p>\n<h2>Apkope un prevent\u012bvie pas\u0101kumi<\/h2>\n<p>Lai nodro\u0161in\u0101tu kausa cilindra optim\u0101lu veiktsp\u0113ju un ilgm\u016b\u017e\u012bbu, j\u0101veic regul\u0101ras p\u0101rbaudes un profilaktisk\u0101s apkopes pas\u0101kumi:<\/p>\n<ul>\n<li>Regul\u0101ras p\u0101rbaudes: p\u0101rbaudiet cilindru, vai nav nodiluma, boj\u0101jumu vai nopl\u016b\u017eu paz\u012bmju.<\/li>\n<li>Pareiza e\u013c\u013co\u0161ana: Lai nodro\u0161in\u0101tu vienm\u0113r\u012bgu darb\u012bbu, uzkl\u0101jiet ieteicamo sm\u0113rvielu.<\/li>\n<li>Bl\u012bv\u0113jumu nomai\u0146a: nomainiet nolietot\u0101s bl\u012bves, lai nov\u0113rstu nopl\u016bdes un saglab\u0101tu veiktsp\u0113ju.<\/li>\n<li>Calibration Checks: Periodically verify the cylinder&#8217;s alignment and adjust if necessary.<\/li>\n<\/ul>\n<p><img decoding=\"async\" src=\"https:\/\/www.hydraulic-cylinders.net\/wp-content\/uploads\/2025\/01\/songte-chushion-collar.webp\" alt=\"Produkta att\u0113ls\"><\/p>\n<h2>Dro\u0161\u012bbas apsv\u0113rumi un vides faktori<\/h2>\n<p>Izmantojot kausa cilindru, ir svar\u012bgi priorit\u0101ri noteikt dro\u0161\u012bbas pas\u0101kumus, lai nov\u0113rstu negad\u012bjumus un nodro\u0161in\u0101tu dro\u0161u darba vidi. J\u0101\u0146em v\u0113r\u0101 ar\u012b vides faktori, lai l\u012bdz minimumam samazin\u0101tu jebk\u0101du negat\u012bvu ietekmi uz apk\u0101rt\u0113jo vidi.<\/p>\n<h2>K\u013c\u016bmju diagnostika un bie\u017e\u0101k sastopam\u0101s probl\u0113mas<\/h2>\n<p>Darb\u012bbas trauc\u0113jumu gad\u012bjum\u0101 ir \u013coti svar\u012bgi nekav\u0113joties diagnostic\u0113t un nov\u0113rst probl\u0113mas. Da\u017eas bie\u017ei sastopamas probl\u0113mas ir \u0161\u0101das:<\/p>\n<ul>\n<li>Nopl\u016bde: identific\u0113jiet nopl\u016bdes avotu un salabojiet vai nomainiet skart\u0101s sast\u0101vda\u013cas.<\/li>\n<li>L\u0113na darb\u012bba: p\u0101rbaudiet, vai hidrauliskaj\u0101 sist\u0113m\u0101 nav ierobe\u017eojumu vai aizsprostojumu, un attiec\u012bgi nov\u0113rsiet tos.<\/li>\n<li>Neparasti trok\u0161\u0146i: Izp\u0113tiet un nov\u0113rsiet visus neparastus trok\u0161\u0146us, kas var liecin\u0101t par meh\u0101nisk\u0101m probl\u0113m\u0101m vai darb\u012bbas trauc\u0113jumiem.<\/li>\n<\/ul>\n<p>Lai efekt\u012bvi diagnostic\u0113tu un nov\u0113rstu probl\u0113mas, j\u0101iev\u0113ro atbilsto\u0161i probl\u0113mu nov\u0113r\u0161anas padomi un risin\u0101jumi. Ir svar\u012bgi ar\u012b ieviest prevent\u012bvus pas\u0101kumus, lai samazin\u0101tu potenci\u0101lo probl\u0113mu risku.<\/p>\n<p><img decoding=\"async\" src=\"https:\/\/www.hydraulic-cylinders.net\/wp-content\/uploads\/2025\/01\/songte-bushings-with-all-kinds-of-excavator-models.webp\" alt=\"Produkta att\u0113ls\"><\/p>\n<h2>Secin\u0101jums<\/h2>\n<p>Nosl\u0113gum\u0101 j\u0101saka, ka Pengpu SW230LC-5 kausa cilindrs ir b\u016btiska smago ma\u0161\u012bnu sast\u0101vda\u013ca, kas nodro\u0161ina efekt\u012bvus materi\u0101lu apstr\u0101des uzdevumus. Pateicoties augstajai iztur\u012bbai, ilgm\u016b\u017e\u012bbai un efekt\u012bvajai hidrauliskajai darb\u012bbai, tas ir piem\u0113rots da\u017e\u0101diem pielietojumiem b\u016bvniec\u012bb\u0101, lauksaimniec\u012bb\u0101, rak\u0161anas darbos un front\u0101laj\u0101 iekrau\u0161an\u0101. Pareiza konstrukcijas apsv\u0113rumi, bl\u012bv\u0113\u0161ana, e\u013c\u013co\u0161ana, apkope un dro\u0161\u012bbas pas\u0101kumi nodro\u0161ina optim\u0101lu veiktsp\u0113ju un ilgm\u016b\u017e\u012bbu. K\u0101 vado\u0161ais hidraulisko cilindru ra\u017eot\u0101js un vairumtirgot\u0101js, m\u016bsu uz\u0146\u0113mums koncentr\u0113jas uz izcilu kvalit\u0101ti, piel\u0101go\u0161anu un starptautisk\u0101m sertifik\u0101cij\u0101m. Ap\u0146emoties nodro\u0161in\u0101t klientu apmierin\u0101t\u012bbu un pla\u0161u produktu kl\u0101stu, m\u0113s cen\u0161amies apmierin\u0101t da\u017e\u0101das tirgus pras\u012bbas un nodro\u0161in\u0101t uzticamus produktus un pakalpojumus.<\/p>\n<p><img decoding=\"async\" src=\"https:\/\/www.hydraulic-cylinders.net\/wp-content\/uploads\/2025\/01\/songte-company-3.webp\" alt=\"Uz\u0146\u0113muma t\u0113ls\"><\/p>\n<p>Autors: lil<\/p>","protected":false},"excerpt":{"rendered":"<p>Bucket Cylinder For Pengpu SW230LC-5 Introduction The bucket cylinder is a specially designed hydraulic cylinder used to control the movement of the bucket in heavy machinery such as excavators, backhoe loaders, and front-end loaders. Its main function is to enable the lifting, lowering, and tilting of the bucket, making it convenient for various material handling [&hellip;]<\/p>","protected":false},"featured_media":14776,"comment_status":"open","ping_status":"closed","template":"","meta":{"_et_pb_use_builder":"","_et_pb_old_content":"","_et_gb_content_width":""},"product_brand":[],"product_cat":[1494],"product_tag":[1495,1496],"class_list":{"0":"post-15815","1":"product","2":"type-product","3":"status-publish","4":"has-post-thumbnail","6":"product_cat-bucket-cylinders","7":"product_tag-bucket-cylinders","8":"product_tag-hydraulic-cylinders","10":"first","11":"instock","12":"shipping-taxable","13":"product-type-simple"},"amp_enabled":true,"_links":{"self":[{"href":"https:\/\/www.hydraulic-cylinders.net\/lv\/wp-json\/wp\/v2\/product\/15815","targetHints":{"allow":["GET"]}}],"collection":[{"href":"https:\/\/www.hydraulic-cylinders.net\/lv\/wp-json\/wp\/v2\/product"}],"about":[{"href":"https:\/\/www.hydraulic-cylinders.net\/lv\/wp-json\/wp\/v2\/types\/product"}],"replies":[{"embeddable":true,"href":"https:\/\/www.hydraulic-cylinders.net\/lv\/wp-json\/wp\/v2\/comments?post=15815"}],"wp:featuredmedia":[{"embeddable":true,"href":"https:\/\/www.hydraulic-cylinders.net\/lv\/wp-json\/wp\/v2\/media\/14776"}],"wp:attachment":[{"href":"https:\/\/www.hydraulic-cylinders.net\/lv\/wp-json\/wp\/v2\/media?parent=15815"}],"wp:term":[{"taxonomy":"product_brand","embeddable":true,"href":"https:\/\/www.hydraulic-cylinders.net\/lv\/wp-json\/wp\/v2\/product_brand?post=15815"},{"taxonomy":"product_cat","embeddable":true,"href":"https:\/\/www.hydraulic-cylinders.net\/lv\/wp-json\/wp\/v2\/product_cat?post=15815"},{"taxonomy":"product_tag","embeddable":true,"href":"https:\/\/www.hydraulic-cylinders.net\/lv\/wp-json\/wp\/v2\/product_tag?post=15815"}],"curies":[{"name":"wp","href":"https:\/\/api.w.org\/{rel}","templated":true}]}}