{"id":15836,"date":"2025-01-19T15:03:08","date_gmt":"2025-01-19T15:03:08","guid":{"rendered":"https:\/\/www.hydraulic-cylinders.net\/product\/bucket-cylinder-for-yanmar-sv025-6\/"},"modified":"2025-01-19T15:03:10","modified_gmt":"2025-01-19T15:03:10","slug":"bucket-cylinder-for-yanmar-sv025-6","status":"publish","type":"product","link":"https:\/\/www.hydraulic-cylinders.net\/lv\/products\/bucket-cylinder-for-yanmar-sv025-6\/","title":{"rendered":"Kausa cilindrs Yanmar SV025-6"},"content":{"rendered":"<h1>Kausa cilindrs Yanmar SV025-6<\/h1>\n<h2>Ievads<\/h2>\n<p>Yanmar SV025-6 kausa cilindrs ir \u012bpa\u0161i izstr\u0101d\u0101ts hidrauliskais cilindrs, ko izmanto, lai kontrol\u0113tu kausa kust\u012bbu smagaj\u0101s ma\u0161\u012bn\u0101s, piem\u0113ram, ekskavatoros, univers\u0101lajos ekskavatoros un front\u0101lajos iekr\u0101v\u0113jos. T\u0101 galven\u0101 funkcija ir \u013caut kausam pacelties, nolaisties un noliekties, t\u0101d\u0113j\u0101di atvieglojot da\u017e\u0101du materi\u0101lu apstr\u0101des uzdevumu veik\u0161anu. Hidrauliskaj\u0101 sist\u0113m\u0101 kausa cilindrs pan\u0101k prec\u012bzu kausa vad\u012bbu, mainot hidraulisk\u0101s e\u013c\u013cas spiedienu, \u013caujot operatoriem efekt\u012bvi apstr\u0101d\u0101t smagas kravas un piel\u0101goties sare\u017e\u0123\u012btai darba videi un da\u017e\u0101d\u0101m ekspluat\u0101cijas pras\u012bb\u0101m.<\/p>\n<p><img decoding=\"async\" src=\"https:\/\/www.hydraulic-cylinders.net\/wp-content\/uploads\/2025\/01\/songte-company-2.webp\"><\/p>\n<h2>Produkta funkcijas<\/h2>\n<ul>\n<li>\n<h3>Augsta iztur\u012bba un ilgm\u016b\u017e\u012bba<\/h3>\n<p>Kausa cilindrs parasti ir izgatavots no augstas stipr\u012bbas t\u0113rauda vai alum\u012bnija, kas var iztur\u0113t augstu spiedienu un lielas slodzes. Tas ir izstr\u0101d\u0101ts, \u0146emot v\u0113r\u0101 nodilumiztur\u012bbu un korozijas iztur\u012bbu, kas var pagarin\u0101t t\u0101 kalpo\u0161anas laiku.<\/p>\n<\/li>\n<li>\n<h3>Efekt\u012bva hidraulisk\u0101 darb\u012bba<\/h3>\n<p>Kausa cilindrs izmanto hidraulisk\u0101s e\u013c\u013cas spiedienu, lai pan\u0101ktu vienm\u0113r\u012bgu izple\u0161an\u0101s un sarau\u0161an\u0101s darb\u012bbu, var \u0101tri rea\u0123\u0113t uz vad\u012bbas komand\u0101m un nodro\u0161in\u0101t sp\u0113c\u012bgus stum\u0161anas un vilk\u0161anas sp\u0113kus, kas ir piem\u0113roti smagu kravu apstr\u0101dei un sare\u017e\u0123\u012btiem ekspluat\u0101cijas uzdevumiem.<\/p>\n<\/li>\n<li>\n<h3>Da\u017e\u0101di veidi<\/h3>\n<p>Kausa cilindru var izv\u0113l\u0113ties k\u0101 vienvirziena darb\u012bbas (hidraulisk\u0101 sist\u0113ma tiek izmantota tikai vien\u0101 virzien\u0101) vai divk\u0101r\u0161as darb\u012bbas (hidraulisk\u0101 sist\u0113ma tiek izmantota abos virzienos) atkar\u012bb\u0101 no vajadz\u012bb\u0101m, lai izpild\u012btu da\u017e\u0101das ekspluat\u0101cijas pras\u012bbas. Da\u017ei mode\u013ci ir teleskopiski, kas \u013cauj pan\u0101kt liel\u0101ku pagarin\u0101jumu, nepalielinot \u0101r\u0113jos izm\u0113rus, un ir piem\u0113roti ierobe\u017eotas telpas pielietojumiem.<\/p>\n<\/li>\n<li>\n<h3>Perfekta nomai\u0146a<\/h3>\n<p>M\u016bsu produkts var lieliski aizst\u0101t \u0161os hidrauliskos cilindrus. <\/p>\n<\/li>\n<\/ul>\n<p><img decoding=\"async\" src=\"https:\/\/www.hydraulic-cylinders.net\/wp-content\/uploads\/2025\/01\/songte-cylinder-head-with-all-kinds-excavator-models.webp\"><\/p>\n<h2>Pieteikums<\/h2>\n<p>Kausa cilindrs tiek pla\u0161i izmantots da\u017e\u0101d\u0101s smagaj\u0101s ma\u0161\u012bn\u0101s, piem\u0113ram:<\/p>\n<ul>\n<li>\n<h3>Celtniec\u012bbas apr\u012bkojums<\/h3>\n<p>Ekskavatoros tie ir nepiecie\u0161ami rak\u0161anai, iekrau\u0161anai un augsnes vai gru\u017eu p\u0101rvieto\u0161anai. Ekskavatoros kausa cilindrs pal\u012bdz gan rak\u0161an\u0101, gan cel\u0161an\u0101. <\/p>\n<\/li>\n<li>\n<h3>Lauksaimniec\u012bbas tehnika<\/h3>\n<p>Izmanto front\u0101lajos iekr\u0101v\u0113jos augsnes, siena un citu materi\u0101lu gr\u0101b\u0161anai, pacel\u0161anai un transport\u0113\u0161anai. Ekskavatoros kausa cilindrs pan\u0101k rak\u0161anas darb\u012bbu, \u013caujot kausam iek\u013c\u016bt augsn\u0113. Front\u0101lajos iekr\u0101v\u0113jos tie pal\u012bdz efekt\u012bvi pacelt un noliekt preces.<\/p>\n<\/li>\n<\/ul>\n<h2>Dizaina apsv\u0113rumi un atlases krit\u0113riji<\/h2>\n<p>Izv\u0113loties cilindru, j\u0101\u0146em v\u0113r\u0101 \u0161\u0101di konstrukcijas parametri un atlases krit\u0113riji:<\/p>\n<ul>\n<li>\n<h3>Nestsp\u0113ja<\/h3>\n<p>Kausa cilindram j\u0101sp\u0113j iztur\u0113t apstr\u0101d\u0101jam\u0101 materi\u0101la svaru un hidraulisk\u0101s sist\u0113mas spiedienu.<\/p>\n<\/li>\n<li>\n<h3>Bl\u012bv\u0113jums un iztur\u012bba<\/h3>\n<p>Kausa cilindram j\u0101b\u016bt cie\u0161i nosl\u0113gtam, lai nov\u0113rstu hidraulisk\u0101 \u0161\u0137idruma nopl\u016bdi. Cilindra korpusam, virzulim un stie\u0146a virsmai j\u0101b\u016bt smalki apstr\u0101d\u0101tai, lai uzlabotu nodilumiztur\u012bbu. <\/p>\n<\/li>\n<li>\n<h3>Dro\u0161\u012bba un apkope<\/h3>\n<p>Kausa cilindrs ir j\u0101uzst\u0101da pareizi, lai nodro\u0161in\u0101tu t\u0101 dro\u0161u un efekt\u012bvu darb\u012bbu. Lai to uztur\u0113tu lab\u0101 st\u0101vokl\u012b, j\u0101veic regul\u0101ra apkope, un visas nolietot\u0101s vai boj\u0101t\u0101s deta\u013cas ir j\u0101nomaina savlaic\u012bgi.<\/p>\n<\/li>\n<\/ul>\n<p><img decoding=\"async\" src=\"https:\/\/www.hydraulic-cylinders.net\/wp-content\/uploads\/2025\/01\/songte-oil-pipes-and-spare-parts.webp\"><\/p>\n<h2>Bl\u012bv\u0113\u0161ana un e\u013c\u013co\u0161ana<\/h2>\n<p>Kausa cilindr\u0101 tiek izmantoti da\u017e\u0101di bl\u012bv\u0113jumi, piem\u0113ram, virzu\u013ca bl\u012bv\u0113jumi, stie\u0146a bl\u012bv\u0113jumi utt., kas izgatavoti no nodilumiztur\u012bgiem materi\u0101liem, piem\u0113ram, poliuret\u0101na un nitrila gumijas, lai nodro\u0161in\u0101tu cie\u0161u bl\u012bv\u0113jumu. Cilindra korpuss un stie\u0146a virsma ir smalki apstr\u0101d\u0101ti, lai uzlabotu nodilumiztur\u012bbu. Regul\u0101ra e\u013c\u013co\u0161ana ar atbilsto\u0161u hidraulisk\u0101s e\u013c\u013cas daudzumu pal\u012bdz uztur\u0113t kausa cilindra veiktsp\u0113ju.<\/p>\n<h2>P\u0101rbaude un profilaktisk\u0101 apkope<\/h2>\n<p>Regul\u0101ra p\u0101rbaude un profilaktisk\u0101 apkope var pal\u012bdz\u0113t pagarin\u0101t kausa cilindra kalpo\u0161anas laiku. T\u0101l\u0101k ir nor\u0101d\u012bti bie\u017ei veicamie apkopes darbi:<\/p>\n<ul>\n<li>\n<h3>Regul\u0101ra p\u0101rbaude<\/h3>\n<p>Cilindra korpusa, virzu\u013ca un stie\u0146a p\u0101rbaude, vai nav nodiluma vai boj\u0101jumu.<\/p>\n<\/li>\n<li>\n<h3>E\u013c\u013co\u0161ana<\/h3>\n<p>Pievienojiet atbilsto\u0161u hidraulisk\u0101s e\u013c\u013cas daudzumu, lai e\u013c\u013cotu cilindru.<\/p>\n<\/li>\n<li>\n<h3>Bl\u012bv\u0113juma nomai\u0146a<\/h3>\n<p>Nodilu\u0161u vai boj\u0101tu bl\u012bv\u0113jumu nomai\u0146a, lai nodro\u0161in\u0101tu herm\u0113tisku bl\u012bv\u0113jumu.<\/p>\n<\/li>\n<li>\n<h3>Kalibr\u0113\u0161anas p\u0101rbaude<\/h3>\n<p>Spiediena kalibr\u0113\u0161anas p\u0101rbaude, lai nodro\u0161in\u0101tu prec\u012bzu spiediena kontroli.<\/p>\n<\/li>\n<\/ul>\n<p>Pareiza uzst\u0101d\u012b\u0161ana, e\u013c\u013co\u0161ana un regul\u0113\u0161ana ir \u013coti svar\u012bga kausa cilindra darb\u012bbai. Uzst\u0101d\u012b\u0161anas laik\u0101 p\u0101rliecinieties, vai cilindrs ir pareizi izl\u012bdzin\u0101ts, un izmantojiet atbilsto\u0161us stiprin\u0101juma kron\u0161teinus, lai to nostiprin\u0101tu. Iesak\u0101m p\u0101rbaud\u012bt, remont\u0113t un nomain\u012bt deta\u013cas, k\u0101 ar\u012b sniegt atjauno\u0161anas pakalpojumus, lai pagarin\u0101tu kausa cilindra kalpo\u0161anas laiku.<\/p>\n<p><img decoding=\"async\" src=\"https:\/\/www.hydraulic-cylinders.net\/wp-content\/uploads\/2025\/01\/songte-chushion-collar.webp\"><\/p>\n<h2>Dro\u0161\u012bbas un vides apsv\u0113rumi<\/h2>\n<p>Izmantojot kausa cilindru, j\u0101veic atbilsto\u0161i dro\u0161\u012bbas pas\u0101kumi, lai izvair\u012btos no person\u0101la traum\u0101m vai apr\u012bkojuma boj\u0101jumiem. Pareiza hidraulisko \u0161\u0137idrumu un citu materi\u0101lu utiliz\u0101cija ir b\u016btiska vides aizsardz\u012bbai.<\/p>\n<h2>Bie\u017e\u0101k sastopamo k\u013c\u016bmju diagnostika un risin\u0101jumi<\/h2>\n<p>Bie\u017e\u0101kie kausa cilindra defekti ir hidraulisk\u0101 \u0161\u0137idruma nopl\u016bde, nepietiekama sp\u0113ka jauda un nestabila darb\u012bba. T\u0101l\u0101k sniegti da\u017ei padomi un risin\u0101jumi:<\/p>\n<ul>\n<li>\n<h3>Hidraulisk\u0101 \u0161\u0137idruma nopl\u016bde<\/h3>\n<p>P\u0101rbaudiet bl\u012bvi un nomainiet to, ja nepiecie\u0161ams. P\u0101rbaudiet, vai cilindra korpusam vai virzulim un stienim nav skr\u0101p\u0113jumu vai citu boj\u0101jumu. Ja nepiecie\u0161ams, piel\u0101gojiet kalibr\u0113\u0161anu. <\/p>\n<\/li>\n<li>\n<h3>Nepietiekama sp\u0113ka jauda<\/h3>\n<p>P\u0101rbaudiet, vai hidraulisk\u0101s sist\u0113mas spiediens ir pareizs. P\u0101rbaudiet cilindra nestsp\u0113ju un, ja nepiecie\u0161ams, noregul\u0113jiet vai nomainiet to. <\/p>\n<\/li>\n<li>\n<h3>Nestabila darb\u012bba<\/h3>\n<p>P\u0101rbaudiet kalibr\u0113\u0161anu un, ja nepiecie\u0161ams, piel\u0101gojiet to. P\u0101rbaudiet hidraulisk\u0101s sist\u0113mas spiedienu un, ja nepiecie\u0161ams, piel\u0101gojiet to.<\/p>\n<\/li>\n<\/ul>\n<p>Prevent\u012bvie pas\u0101kumi, piem\u0113ram, regul\u0101ra p\u0101rbaude, var pal\u012bdz\u0113t nov\u0113rst \u0161\u012bs probl\u0113mas un nodro\u0161in\u0101t kausa cilindra dro\u0161u darb\u012bbu.<\/p>\n<p><img decoding=\"async\" src=\"https:\/\/www.hydraulic-cylinders.net\/wp-content\/uploads\/2025\/01\/songte-bushings-with-all-kinds-of-excavator-models.webp\"><\/p>\n<h2>Par m\u016bsu uz\u0146\u0113mumu<\/h2>\n<p>M\u0113s esam hidraulisko cilindru rezerves da\u013cu ra\u017eot\u0101js ar pilnu produktu kl\u0101stu, k\u013c\u016bstot par vienu no vado\u0161ajiem hidraulisko cilindru ra\u017eot\u0101jiem un vairumtirgot\u0101jiem viet\u0113j\u0101 un \u0101rvalstu tirgos. M\u0113s iev\u0113rojam izcil\u012bbas kvalit\u0101tes principu un pa\u013caujamies uz industrializ\u0113t\u0101m ra\u017eo\u0161anas vad\u012bbas strat\u0113\u0123ij\u0101m izsmalcin\u0101t\u0101s ra\u017eo\u0161anas darbn\u012bc\u0101s. M\u016bsu uz\u0146\u0113mums nep\u0101rtraukti uzlabo ra\u017eo\u0161anas platformu, pilnveido ra\u017eo\u0161anas kvalit\u0101tes ce\u013cu un tam ir sp\u0113c\u012bgas rado\u0161\u0101s sp\u0113jas apmierin\u0101t klientu daudzveid\u012bg\u0101s vajadz\u012bbas ar augstu efektivit\u0101ti, augstu precizit\u0101ti un augstu kvalit\u0101ti.<\/p>\n<h3>Profesionalit\u0101te<\/h3>\n<p>M\u016bsu komandu veido pieredz\u0113ju\u0161i hidraulisko cilindru nozares speci\u0101listi, s\u0101kot no projekt\u0113\u0161anas l\u012bdz ra\u017eo\u0161anai, test\u0113\u0161anai un p\u0113cp\u0101rdo\u0161anas apkalpo\u0161anai. M\u0113s labi p\u0101rzin\u0101m hidraulisko cilindru veiktsp\u0113ju un nodro\u0161in\u0101m klientiem profesion\u0101lus un efekt\u012bvus pakalpojumus.<\/p>\n<h3>Starptautisk\u0101 sertifik\u0101cija<\/h3>\n<p>M\u016bsu produkti ir iztur\u0113ju\u0161i starptautiskus kvalit\u0101tes sertifik\u0101tus, tostarp ISO 9001 un CE, kas nodro\u0161ina, ka m\u016bsu produktu kvalit\u0101te atbilst starptautiskajiem standartiem.<\/p>\n<h3>Piel\u0101goti pakalpojumi<\/h3>\n<p>M\u0113s pied\u0101v\u0101jam piel\u0101gotus pakalpojumus atbilsto\u0161i klientu \u012bpa\u0161aj\u0101m vajadz\u012bb\u0101m, piem\u0113ram, piel\u0101gotus balonu veidus un izm\u0113rus, lai apmierin\u0101tu vi\u0146u unik\u0101l\u0101s pras\u012bbas.<\/p>\n<h3>Uzlabots ra\u017eo\u0161anas apr\u012bkojums<\/h3>\n<p>M\u016bsu uz\u0146\u0113mumam ir modernas ra\u017eo\u0161anas iek\u0101rtas, tostarp CNC apstr\u0101des centrs, CNC virpa un citas digit\u0101l\u0101s augstas klases ra\u017eo\u0161anas iek\u0101rtas, kas nodro\u0161ina katra hidraulisk\u0101 cilindra precizit\u0101ti un precizit\u0101ti.<\/p>\n<h3>P\u0113cp\u0101rdo\u0161anas serviss<\/h3>\n<p>M\u0113s pied\u0101v\u0101jam visaptvero\u0161u p\u0113cp\u0101rdo\u0161anas servisu, tostarp produktu uzst\u0101d\u012b\u0161anu, tehnisko atbalstu un apkopes pakalpojumus, nodro\u0161inot, ka m\u016bsu hidrauliskie cilindri darbojas efekt\u012bvi un uzticami p\u0113c iesp\u0113jas ilg\u0101k.<\/p>\n<p><img decoding=\"async\" src=\"https:\/\/hzpt.com\/wp-content\/uploads\/2024\/11\/songte-company-1.webp\"><\/p>\n<p>Autors: lil<\/p>","protected":false},"excerpt":{"rendered":"<p>Bucket Cylinder For Yanmar SV025-6 Introduction The bucket cylinder for Yanmar SV025-6 is a specially designed hydraulic cylinder used to control the movement of the bucket in heavy machinery such as excavators, backhoe excavators, and front-end loaders. Its main function is to allow the bucket to lift, lower, and tilt, making it easier to handle [&hellip;]<\/p>","protected":false},"featured_media":14761,"comment_status":"open","ping_status":"closed","template":"","meta":{"_et_pb_use_builder":"","_et_pb_old_content":"","_et_gb_content_width":""},"product_brand":[],"product_cat":[1494],"product_tag":[1495,1496],"class_list":{"0":"post-15836","1":"product","2":"type-product","3":"status-publish","4":"has-post-thumbnail","6":"product_cat-bucket-cylinders","7":"product_tag-bucket-cylinders","8":"product_tag-hydraulic-cylinders","10":"first","11":"instock","12":"shipping-taxable","13":"product-type-simple"},"amp_enabled":true,"_links":{"self":[{"href":"https:\/\/www.hydraulic-cylinders.net\/lv\/wp-json\/wp\/v2\/product\/15836","targetHints":{"allow":["GET"]}}],"collection":[{"href":"https:\/\/www.hydraulic-cylinders.net\/lv\/wp-json\/wp\/v2\/product"}],"about":[{"href":"https:\/\/www.hydraulic-cylinders.net\/lv\/wp-json\/wp\/v2\/types\/product"}],"replies":[{"embeddable":true,"href":"https:\/\/www.hydraulic-cylinders.net\/lv\/wp-json\/wp\/v2\/comments?post=15836"}],"wp:featuredmedia":[{"embeddable":true,"href":"https:\/\/www.hydraulic-cylinders.net\/lv\/wp-json\/wp\/v2\/media\/14761"}],"wp:attachment":[{"href":"https:\/\/www.hydraulic-cylinders.net\/lv\/wp-json\/wp\/v2\/media?parent=15836"}],"wp:term":[{"taxonomy":"product_brand","embeddable":true,"href":"https:\/\/www.hydraulic-cylinders.net\/lv\/wp-json\/wp\/v2\/product_brand?post=15836"},{"taxonomy":"product_cat","embeddable":true,"href":"https:\/\/www.hydraulic-cylinders.net\/lv\/wp-json\/wp\/v2\/product_cat?post=15836"},{"taxonomy":"product_tag","embeddable":true,"href":"https:\/\/www.hydraulic-cylinders.net\/lv\/wp-json\/wp\/v2\/product_tag?post=15836"}],"curies":[{"name":"wp","href":"https:\/\/api.w.org\/{rel}","templated":true}]}}