{"id":15837,"date":"2025-01-19T15:03:12","date_gmt":"2025-01-19T15:03:12","guid":{"rendered":"https:\/\/www.hydraulic-cylinders.net\/product\/bucket-cylinder-for-yanmar-sv100\/"},"modified":"2025-01-19T15:03:14","modified_gmt":"2025-01-19T15:03:14","slug":"bucket-cylinder-for-yanmar-sv100","status":"publish","type":"product","link":"https:\/\/www.hydraulic-cylinders.net\/lv\/products\/bucket-cylinder-for-yanmar-sv100\/","title":{"rendered":"Kausa cilindrs Yanmar SV100"},"content":{"rendered":"<h1>Kausa cilindrs Yanmar SV100<\/h1>\n<h2>Ievads<\/h2>\n<p>Yanmar SV100 kausa cilindrs ir \u012bpa\u0161i izstr\u0101d\u0101ts hidrauliskais cilindrs, ko izmanto, lai kontrol\u0113tu kausa kust\u012bbu smagaj\u0101s ma\u0161\u012bn\u0101s, piem\u0113ram, ekskavatoros, iekr\u0101v\u0113jos un front\u0101lajos iekr\u0101v\u0113jos. T\u0101 galven\u0101 funkcija ir nodro\u0161in\u0101t kausa pacel\u0161anu, nolai\u0161anu un noliek\u0161anu, atvieglojot da\u017e\u0101du materi\u0101lu apstr\u0101des uzdevumu veik\u0161anu. Hidrauliskaj\u0101 sist\u0113m\u0101 kausa cilindrs pan\u0101k prec\u012bzu kausa kontroli, mainot hidraulisk\u0101s e\u013c\u013cas spiedienu, \u013caujot operatoriem efekt\u012bvi apstr\u0101d\u0101t smagas kravas un piel\u0101goties sare\u017e\u0123\u012btai darba videi un da\u017e\u0101d\u0101m darba pras\u012bb\u0101m.<\/p>\n<p><img decoding=\"async\" src=\"https:\/\/www.hydraulic-cylinders.net\/wp-content\/uploads\/2025\/01\/songte-company-2.webp\" alt=\"Produkta att\u0113ls\"><\/p>\n<h2>Funkcijas<\/h2>\n<ul>\n<li>Augsta iztur\u012bba un ilgm\u016b\u017e\u012bba: Parasti izgatavots no augstas stipr\u012bbas t\u0113rauda vai alum\u012bnija, tas var iztur\u0113t augstu spiedienu un lielas slodzes, piel\u0101gojoties skarbai darba videi. Konstrukcij\u0101 \u0146emta v\u0113r\u0101 nodilumiztur\u012bba un iztur\u012bba pret koroziju, lai pagarin\u0101tu kalpo\u0161anas laiku.<\/li>\n<li>Efekt\u012bva hidraulisk\u0101 darb\u012bba: Izmantojot hidraulisk\u0101s e\u013c\u013cas spiedienu, t\u0101 pan\u0101k vienm\u0113r\u012bgu izstiep\u0161anu un ievilk\u0161anu, \u0101tri rea\u0123\u0113 uz vad\u012bbas komand\u0101m, nodro\u0161ina sp\u0113c\u012bgu stum\u0161anas un vilk\u0161anas sp\u0113ku un ir piem\u0113rota smagu kravu apstr\u0101dei un sare\u017e\u0123\u012btu darbu veik\u0161anai.<\/li>\n<li>Da\u017e\u0101di veidi: Pieejami ar vienas darb\u012bbas (hidrauliski darbojas tikai vien\u0101 virzien\u0101) vai divk\u0101r\u0161as darb\u012bbas (hidrauliski darbojas abos virzienos) cilindriem, lai apmierin\u0101tu da\u017e\u0101das ekspluat\u0101cijas vajadz\u012bbas. Da\u017ei mode\u013ci ir teleskopiski, kas \u013cauj veikt liel\u0101ku pagarin\u0101jumu, nepalielinot \u0101r\u0113jos izm\u0113rus, t\u0101p\u0113c tie ir piem\u0113roti lietojumiem ar ierobe\u017eotu vietu.<\/li>\n<li>Perfekta nomai\u0146a: M\u016bsu produkti ir izstr\u0101d\u0101ti, lai perfekti nomain\u012btu \u0161os hidrauliskos cilindrus.<\/li>\n<\/ul>\n<p><img decoding=\"async\" src=\"https:\/\/www.hydraulic-cylinders.net\/wp-content\/uploads\/2025\/01\/songte-cylinder-head-with-all-kinds-excavator-models.webp\" alt=\"Produkta att\u0113ls\"><\/p>\n<h2>Pieteikumi<\/h2>\n<p>Yanmar SV100 kausa cilindrs tiek izmantots da\u017e\u0101d\u0101s nozar\u0113s un iek\u0101rt\u0101s:<\/p>\n<ul>\n<li>B\u016bvniec\u012bbas apr\u012bkojums: vit\u0101li svar\u012bgs ekskavatoriem, jo \u200b\u200btas \u013cauj rakt, iekraut un p\u0101rvietot augsni vai gru\u017eus. Ekskavatoros-iekr\u0101v\u0113jos kausa cilindri pal\u012bdz gan rak\u0161an\u0101, gan cel\u0161an\u0101.<\/li>\n<li>Lauksaimniec\u012bbas tehnika: Izmanto front\u0101lajos iekr\u0101v\u0113jos augsnes, siena un citu materi\u0101lu sav\u0101k\u0161anai, cel\u0161anai un transport\u0113\u0161anai.<\/li>\n<li>Ekskavatori: Kausa cilindri nodro\u0161ina rak\u0161anas darb\u012bbas, \u013caujot kausam iek\u013c\u016bt augsn\u0113.<\/li>\n<li>Front\u0101lie iekr\u0101v\u0113ji: Front\u0101lajos iekr\u0101v\u0113jos tie pal\u012bdz efekt\u012bvi pacelt un izkraut preces.<\/li>\n<\/ul>\n<h2>Dizaina apsv\u0113rumi un atlases krit\u0113riji<\/h2>\n<p>Run\u0101jot par dizaina apsv\u0113rumiem, tiek \u0146emti v\u0113r\u0101 vair\u0101ki galvenie faktori:<\/p>\n<ul>\n<li>Nestsp\u0113ja: Balonam j\u0101sp\u0113j iztur\u0113t paredz\u0113to slodzi un spiedienu.<\/li>\n<li>Bl\u012bv\u0113jums: Tiek izmantoti da\u017e\u0101di bl\u012bv\u0113\u0161anas komponenti, piem\u0113ram, virzu\u013ca bl\u012bvsl\u0113gi \u200b\u200bun stie\u0146u bl\u012bvsl\u0113gi, kas izgatavoti no nodilumiztur\u012bgiem materi\u0101liem, piem\u0113ram, poliuret\u0101na un nitrila gumijas.<\/li>\n<li>Iztur\u012bba: Cilindrs ir konstru\u0113ts t\u0101, lai b\u016btu iztur\u012bgs pret nodilumu, un cilindra korpuss un v\u012bt\u0146ot\u0101s gala virsmas ir r\u016bp\u012bgi apstr\u0101d\u0101tas, lai uzlabotu nodilumiztur\u012bbu.<\/li>\n<li>Dro\u0161\u012bba: Konstrukcij\u0101 ir iek\u013cautas dro\u0161\u012bbas funkcijas, lai nodro\u0161in\u0101tu dro\u0161u darb\u012bbu.<\/li>\n<li>Uzturam\u012bba: Tiek \u0146emta v\u0113r\u0101 cilindra vienk\u0101r\u0161\u0101ka apkope un remonts.<\/li>\n<\/ul>\n<p><img decoding=\"async\" src=\"https:\/\/www.hydraulic-cylinders.net\/wp-content\/uploads\/2025\/01\/songte-oil-pipes-and-spare-parts.webp\" alt=\"Produkta att\u0113ls\"><\/p>\n<h2>Bl\u012bv\u0113\u0161ana un e\u013c\u013co\u0161ana<\/h2>\n<p>Kausa cilindr\u0101 tiek izmantoti da\u017e\u0101di bl\u012bv\u0113\u0161anas komponenti, piem\u0113ram, virzu\u013ca bl\u012bvsl\u0113gi \u200b\u200bun stie\u0146a bl\u012bvsl\u0113gi, kas ir izgatavoti no nodilumiztur\u012bgiem materi\u0101liem, piem\u0113ram, poliuret\u0101na un nitrila gumijas. Cilindra korpuss un v\u012bt\u0146ot\u0101s gala virsmas ir smalki apstr\u0101d\u0101tas, lai uzlabotu nodilumiztur\u012bbu. Lai nodro\u0161in\u0101tu vienm\u0113r\u012bgu darb\u012bbu, ir nepiecie\u0161ama regul\u0101ra e\u013c\u013co\u0161ana ar atbilsto\u0161u hidraulisk\u0101s e\u013c\u013cas daudzumu.<\/p>\n<h2>Regul\u0101ra p\u0101rbaude un profilaktisk\u0101 apkope<\/h2>\n<p>Lai nodro\u0161in\u0101tu optim\u0101lu veiktsp\u0113ju un ilgm\u016b\u017e\u012bbu, ir svar\u012bgi veikt regul\u0101ras p\u0101rbaudes un ieviest prevent\u012bvus apkopes pas\u0101kumus. Da\u017ei galvenie punkti ir \u0161\u0101di:<\/p>\n<ul>\n<li>Regul\u0101ra cilindra p\u0101rbaude, vai nav nodiluma vai boj\u0101jumu paz\u012bmju.<\/li>\n<li>Pareiza visu kust\u012bgo da\u013cu e\u013c\u013co\u0161ana.<\/li>\n<li>Regul\u0101ra bl\u012bv\u0113jumu nomai\u0146a, lai saglab\u0101tu bl\u012bv\u0113juma efektivit\u0101ti.<\/li>\n<li>Kalibr\u0113\u0161anas p\u0101rbaudes, lai nodro\u0161in\u0101tu prec\u012bzu darb\u012bbu.<\/li>\n<\/ul>\n<p><img decoding=\"async\" src=\"https:\/\/www.hydraulic-cylinders.net\/wp-content\/uploads\/2025\/01\/songte-chushion-collar.webp\" alt=\"Produkta att\u0113ls\"><\/p>\n<h2>Dro\u0161\u012bbas apsv\u0113rumi un vides faktori<\/h2>\n<p>Izmantojot kausa cilindru, ir \u0101rk\u0101rt\u012bgi svar\u012bgi iev\u0113rot atbilsto\u0161us dro\u0161\u012bbas pas\u0101kumus, lai nov\u0113rstu negad\u012bjumus un nodro\u0161in\u0101tu operatora labsaj\u016btu. Ir svar\u012bgi iev\u0113rot visas dro\u0161\u012bbas vadl\u012bnijas un protokolus, kas attiecas uz konkr\u0113to apr\u012bkojumu un vidi.<\/p>\n<h2>Probl\u0113mu nov\u0113r\u0161ana un bie\u017ei sastopamas probl\u0113mas<\/h2>\n<p>Jebkuru darb\u012bbas trauc\u0113jumu vai probl\u0113mu gad\u012bjum\u0101 ir svar\u012bgi t\u0101s nekav\u0113joties diagnostic\u0113t un nov\u0113rst. Da\u017ei izplat\u012bti probl\u0113mu nov\u0113r\u0161anas padomi un risin\u0101jumi ir \u0161\u0101di:<\/p>\n<ul>\n<li>Pareiza cilindra izl\u012bdzin\u0101\u0161ana uzst\u0101d\u012b\u0161anas laik\u0101.<\/li>\n<li>Regul\u0101ras hidraulisk\u0101 spiediena un pl\u016bsmas p\u0101rbaudes un regul\u0113\u0161ana.<\/li>\n<li>Prevent\u012bvie pas\u0101kumi, lai mazin\u0101tu iesp\u0113jam\u0101s probl\u0113mas.<\/li>\n<\/ul>\n<p><img decoding=\"async\" src=\"https:\/\/www.hydraulic-cylinders.net\/wp-content\/uploads\/2025\/01\/songte-bushings-with-all-kinds-of-excavator-models.webp\" alt=\"Produkta att\u0113ls\"><\/p>\n<h2>Secin\u0101jums<\/h2>\n<p>M\u016bsu uz\u0146\u0113mums ir vado\u0161ais hidraulisko cilindru ra\u017eot\u0101js un vairumtirdzniec\u012bbas izplat\u012bt\u0101js viet\u0113j\u0101 un starptautiskaj\u0101 tirg\u016b. Koncentr\u0113joties uz augst\u0101ko kvalit\u0101ti un izmantojot modernas ra\u017eo\u0161anas iek\u0101rtas, m\u0113s cen\u0161amies apmierin\u0101t da\u017e\u0101das klientu pras\u012bbas. M\u016bsu ap\u0146em\u0161an\u0101s nodro\u0161in\u0101t izcil\u012bbu, tehnisk\u0101 pieredze, starptautisk\u0101s sertifik\u0101cijas, piel\u0101goti pakalpojumi, modern\u0101k\u0101s ra\u017eo\u0161anas iek\u0101rtas un specializ\u0113tais p\u0113cp\u0101rdo\u0161anas atbalsts at\u0161\u0137ir m\u016bs no citiem nozares uz\u0146\u0113mumiem.<\/p>\n<p><img decoding=\"async\" src=\"https:\/\/www.hydraulic-cylinders.net\/wp-content\/uploads\/2025\/01\/songte-company-3.webp\" alt=\"Uz\u0146\u0113muma t\u0113ls\"><\/p>\n<p>Autors: lil<\/p>","protected":false},"excerpt":{"rendered":"<p>Bucket Cylinder For Yanmar SV100 Introduction The bucket cylinder for Yanmar SV100 is a specially designed hydraulic cylinder used to control the movement of the bucket in heavy machinery such as excavators, backhoe loaders, and front-end loaders. Its main function is to enable the lifting, lowering, and tilting of the bucket, making it easier to [&hellip;]<\/p>","protected":false},"featured_media":14789,"comment_status":"open","ping_status":"closed","template":"","meta":{"_et_pb_use_builder":"","_et_pb_old_content":"","_et_gb_content_width":""},"product_brand":[],"product_cat":[1494],"product_tag":[1495,1496],"class_list":{"0":"post-15837","1":"product","2":"type-product","3":"status-publish","4":"has-post-thumbnail","6":"product_cat-bucket-cylinders","7":"product_tag-bucket-cylinders","8":"product_tag-hydraulic-cylinders","10":"first","11":"instock","12":"shipping-taxable","13":"product-type-simple"},"amp_enabled":true,"_links":{"self":[{"href":"https:\/\/www.hydraulic-cylinders.net\/lv\/wp-json\/wp\/v2\/product\/15837","targetHints":{"allow":["GET"]}}],"collection":[{"href":"https:\/\/www.hydraulic-cylinders.net\/lv\/wp-json\/wp\/v2\/product"}],"about":[{"href":"https:\/\/www.hydraulic-cylinders.net\/lv\/wp-json\/wp\/v2\/types\/product"}],"replies":[{"embeddable":true,"href":"https:\/\/www.hydraulic-cylinders.net\/lv\/wp-json\/wp\/v2\/comments?post=15837"}],"wp:featuredmedia":[{"embeddable":true,"href":"https:\/\/www.hydraulic-cylinders.net\/lv\/wp-json\/wp\/v2\/media\/14789"}],"wp:attachment":[{"href":"https:\/\/www.hydraulic-cylinders.net\/lv\/wp-json\/wp\/v2\/media?parent=15837"}],"wp:term":[{"taxonomy":"product_brand","embeddable":true,"href":"https:\/\/www.hydraulic-cylinders.net\/lv\/wp-json\/wp\/v2\/product_brand?post=15837"},{"taxonomy":"product_cat","embeddable":true,"href":"https:\/\/www.hydraulic-cylinders.net\/lv\/wp-json\/wp\/v2\/product_cat?post=15837"},{"taxonomy":"product_tag","embeddable":true,"href":"https:\/\/www.hydraulic-cylinders.net\/lv\/wp-json\/wp\/v2\/product_tag?post=15837"}],"curies":[{"name":"wp","href":"https:\/\/api.w.org\/{rel}","templated":true}]}}