{"id":15843,"date":"2025-01-19T15:03:53","date_gmt":"2025-01-19T15:03:53","guid":{"rendered":"https:\/\/www.hydraulic-cylinders.net\/product\/bucket-cylinder-for-yishan-ys220\/"},"modified":"2025-01-19T15:03:59","modified_gmt":"2025-01-19T15:03:59","slug":"bucket-cylinder-for-yishan-ys220","status":"publish","type":"product","link":"https:\/\/www.hydraulic-cylinders.net\/lv\/products\/bucket-cylinder-for-yishan-ys220\/","title":{"rendered":"Kausa cilindrs Yishan YS220"},"content":{"rendered":"<h1>Kausa cilindrs Yishan YS220<\/h1>\n<h2>Ievads<\/h2>\n<p>Yishan YS220 kausa cilindrs ir specializ\u0113ts hidrauliskais cilindrs, kas paredz\u0113ts kausu kust\u012bbas vad\u012bbai smagaj\u0101s ma\u0161\u012bn\u0101s, piem\u0113ram, ekskavatoros, iekr\u0101v\u0113jos ar daudzfunkcion\u0101lu apr\u012bkojumu un front\u0101lajos iekr\u0101v\u0113jos. T\u0101 galven\u0101 funkcija ir nodro\u0161in\u0101t kausa pacel\u0161anu, nolai\u0161anu un noliek\u0161anu, atvieglojot da\u017e\u0101du materi\u0101lu apstr\u0101des uzdevumu veik\u0161anu. Hidrauliskaj\u0101s sist\u0113m\u0101s kausa cilindrs izmanto hidraulisk\u0101s e\u013c\u013cas spiediena izmai\u0146as, lai pan\u0101ktu prec\u012bzu kausa vad\u012bbu, \u013caujot operatoriem efekt\u012bvi apstr\u0101d\u0101t smagas kravas, piel\u0101goties sare\u017e\u0123\u012btai darba videi un da\u017e\u0101d\u0101m ekspluat\u0101cijas pras\u012bb\u0101m.<\/p>\n<p><img decoding=\"async\" src=\"https:\/\/www.hydraulic-cylinders.net\/wp-content\/uploads\/2025\/01\/songte-company-2.webp\" alt=\"Kausa cilindrs Yishan YS220\"><\/p>\n<h2>Funkcijas<\/h2>\n<ul>\n<li>Augsta iztur\u012bba un ilgm\u016b\u017e\u012bba: Parasti izgatavots no augstas stipr\u012bbas t\u0113rauda vai alum\u012bnija, tas var iztur\u0113t augstu spiedienu un lielas slodzes, piel\u0101gojoties skarbai darba videi. Konstrukcij\u0101 \u0146emta v\u0113r\u0101 nodilumiztur\u012bba un iztur\u012bba pret koroziju, pagarinot t\u0101 kalpo\u0161anas laiku.<\/li>\n<li>Efekt\u012bva hidraulisk\u0101 darb\u012bba: Izmantojot hidraulisk\u0101s e\u013c\u013cas spiedienu, tiek pan\u0101kta vienm\u0113r\u012bga izstiep\u0161ana un sarau\u0161an\u0101s, kas \u013cauj \u0101tri rea\u0123\u0113t uz vad\u012bbas komand\u0101m un nodro\u0161ina sp\u0113c\u012bgus stum\u0161anas un vilk\u0161anas sp\u0113kus, kas ir piem\u0113roti smagu priek\u0161metu apstr\u0101dei un sare\u017e\u0123\u012btu darba uzdevumu veik\u0161anai.<\/li>\n<li>Da\u017e\u0101di veidi: Atbilsto\u0161i ekspluat\u0101cijas pras\u012bb\u0101m var izv\u0113l\u0113ties vienk\u0101r\u0161\u0101s darb\u012bbas (hidrauliski tiek izmantoti tikai vien\u0101 virzien\u0101) vai divk\u0101r\u0161\u0101s darb\u012bbas (hidrauliski tiek izmantoti abos virzienos) cilindrus. Da\u017ei mode\u013ci ir teleskopiski, kas \u013cauj tos pagarin\u0101t, nepalielinot \u0101r\u0113jos izm\u0113rus, un ir piem\u0113roti lietojumiem ar ierobe\u017eotu vietu.<\/li>\n<li>Perfekta nomai\u0146a: m\u016bsu produkti var perfekti nomain\u012bt \u0161os hidrauliskos cilindrus.<\/li>\n<\/ul>\n<p><img decoding=\"async\" src=\"https:\/\/www.hydraulic-cylinders.net\/wp-content\/uploads\/2025\/01\/songte-cylinder-head-with-all-kinds-excavator-models.webp\" alt=\"Kausa cilindrs Yishan YS220\"><\/p>\n<h2>Pieteikumi<\/h2>\n<h3>Celtniec\u012bbas apr\u012bkojums:<\/h3>\n<p>Ekskavatoros tie ir nepiecie\u0161ami augsnes vai gru\u017eu rak\u0161anai, iekrau\u0161anai un p\u0101rvieto\u0161anai. Ekskavatoros-iekr\u0101v\u0113jos kausa cilindri pal\u012bdz gan rak\u0161an\u0101, gan cel\u0161an\u0101. Front\u0101lajos iekr\u0101v\u0113jos tie pal\u012bdz efekt\u012bvi pacelt un noliekt kravu.<\/p>\n<h3>Lauksaimniec\u012bbas tehnika:<\/h3>\n<p>Izmanto front\u0101lajos iekr\u0101v\u0113jos augsnes, siena un citu materi\u0101lu rak\u0161anai, cel\u0161anai un transport\u0113\u0161anai. Ekskavatoros kausa cilindrs nodro\u0161ina rak\u0161anu, \u013caujot kausam iek\u013c\u016bt augsn\u0113.<\/p>\n<h2>Dizaina apsv\u0113rumi un atlases krit\u0113riji<\/h2>\n<ul>\n<li>Nestsp\u0113ja: Hidrauliskajam cilindram ir j\u0101b\u016bt pietiekamai nestsp\u0113jai, lai atbilstu pielietojuma pras\u012bb\u0101m.<\/li>\n<li>Bl\u012bv\u0113juma veiktsp\u0113ja: Lai uzlabotu bl\u012bv\u0113juma veiktsp\u0113ju, tiek izmantoti da\u017e\u0101di bl\u012bv\u0113juma komponenti, piem\u0113ram, virzu\u013ca bl\u012bv\u0113jumi un stie\u0146u bl\u012bv\u0113jumi, kas izgatavoti no nodilumiztur\u012bgiem materi\u0101liem, piem\u0113ram, poliuret\u0101na un nitrila gumijas.<\/li>\n<li>Iztur\u012bba: Cilindra korpuss un v\u012bt\u0146ot\u0101 gala virsma ir prec\u012bzi apstr\u0101d\u0101ta, lai uzlabotu nodilumiztur\u012bbu. Regul\u0101ra e\u013c\u013co\u0161ana ir nepiecie\u0161ama, lai nov\u0113rstu nodilumu un nodro\u0161in\u0101tu norm\u0101lu darb\u012bbu.<\/li>\n<li>Dro\u0161\u012bba: Uzst\u0101d\u012b\u0161anas un ekspluat\u0101cijas laik\u0101 j\u0101veic atbilsto\u0161i dro\u0161\u012bbas pas\u0101kumi, lai nodro\u0161in\u0101tu dro\u0161u lieto\u0161anu.<\/li>\n<li>Apkope: Regul\u0101ra p\u0101rbaude un apkope ir nepiecie\u0161ama, lai atkl\u0101tu un nov\u0113rstu iesp\u0113jam\u0101s probl\u0113mas. Ir pieejami ar\u012b rezerves da\u013cu nomai\u0146as un atjauno\u0161anas pakalpojumi.<\/li>\n<\/ul>\n<p><img decoding=\"async\" src=\"https:\/\/www.hydraulic-cylinders.net\/wp-content\/uploads\/2025\/01\/songte-oil-pipes-and-spare-parts.webp\" alt=\"Kausa cilindrs Yishan YS220\"><\/p>\n<h2>Bl\u012bv\u0113\u0161ana un e\u013c\u013co\u0161ana<\/h2>\n<p>Lai uzlabotu bl\u012bv\u0113\u0161anas veiktsp\u0113ju, tiek izmantoti da\u017e\u0101di bl\u012bv\u0113\u0161anas komponenti, piem\u0113ram, virzu\u013ca bl\u012bvsl\u0113gi \u200b\u200bun stie\u0146a bl\u012bvsl\u0113gi, kas izgatavoti no nodilumiztur\u012bgiem materi\u0101liem, piem\u0113ram, poliuret\u0101na un nitrila gumijas. Cilindra korpuss un v\u012bt\u0146ot\u0101 gala virsma ir prec\u012bzi apstr\u0101d\u0101ta, lai uzlabotu nodilumiztur\u012bbu. Regul\u0101ra e\u013c\u013co\u0161ana ir nepiecie\u0161ama, lai nov\u0113rstu nodilumu un nodro\u0161in\u0101tu norm\u0101lu darb\u012bbu.<\/p>\n<h2>Apkope un remonts<\/h2>\n<p>Lai atkl\u0101tu un nov\u0113rstu potenci\u0101las probl\u0113mas, ir nepiecie\u0161ama regul\u0101ra p\u0101rbaude un apkope. Bie\u017ei sastopamie apkopes uzdevumi ietver regul\u0101ras p\u0101rbaudes, atbilsto\u0161u e\u013c\u013co\u0161anu un bl\u012bv\u0113juma nomai\u0146u. Pareiza uzst\u0101d\u012b\u0161ana, e\u013c\u013co\u0161ana un regul\u0113\u0161ana ir \u013coti svar\u012bga, lai nodro\u0161in\u0101tu produkta ilgm\u016b\u017e\u012bbu. Balona nostiprin\u0101\u0161anai ieteicams izmantot atbilsto\u0161us uzst\u0101d\u012b\u0161anas kron\u0161teinus. M\u0113s pied\u0101v\u0101jam ieteicam\u0101s p\u0101rbaudes, remonta un nomai\u0146as proced\u016bras, rezerves da\u013cas un atjauno\u0161anas pakalpojumus, lai uzlabotu produkta kalpo\u0161anas laiku.<\/p>\n<p><img decoding=\"async\" src=\"https:\/\/www.hydraulic-cylinders.net\/wp-content\/uploads\/2025\/01\/songte-chushion-collar.webp\" alt=\"Kausa cilindrs Yishan YS220\"><\/p>\n<h2>Dro\u0161\u012bbas un vides apsv\u0113rumi<\/h2>\n<p>Pareiza dro\u0161\u012bbas pas\u0101kumu izmanto\u0161ana ir kritiski svar\u012bga, lietojot hidrauliskos cilindrus. J\u0101iev\u0113ro piesardz\u012bba, lai izvair\u012btos no hidraulisk\u0101 \u0161\u0137idruma nopl\u016bd\u0113m, kas var kait\u0113t videi un apdraud\u0113t person\u0101lu.<\/p>\n<h2>K\u013c\u016bmju diagnostika un probl\u0113mu nov\u0113r\u0161ana<\/h2>\n<p>Da\u017eas bie\u017ei sastopamas probl\u0113mas ar hidrauliskajiem cilindriem ir bl\u012bv\u0113juma boj\u0101jumi, nopl\u016bdes un nesp\u0113ja izb\u012bd\u012bties vai ievilkties. T\u0101s var nov\u0113rst, nosakot c\u0113loni un nomainot boj\u0101t\u0101s deta\u013cas. Prevent\u012bvie pas\u0101kumi, piem\u0113ram, regul\u0101ra apkope un p\u0101rbaudes, var pal\u012bdz\u0113t nov\u0113rst probl\u0113mas, pirms t\u0101s rodas.<\/p>\n<p><img decoding=\"async\" src=\"https:\/\/www.hydraulic-cylinders.net\/wp-content\/uploads\/2025\/01\/songte-bushings-with-all-kinds-of-excavator-models.webp\" alt=\"Kausa cilindrs Yishan YS220\"><\/p>\n<h2>Par mums<\/h2>\n<p>M\u0113s esam hidraulisko cilindru ra\u017eot\u0101js, kas ra\u017eo pilnu produktu kl\u0101stu un ir k\u013cuvis par vienu no vado\u0161ajiem hidraulisko cilindru ra\u017eot\u0101jiem un vairumtirdzniec\u012bbas izplat\u012bt\u0101jiem viet\u0113j\u0101 un starptautiskaj\u0101 tirg\u016b. M\u0113s iev\u0113rojam izcilas kvalit\u0101tes principu un sav\u0101 sare\u017e\u0123\u012btaj\u0101 ra\u017eo\u0161anas darbn\u012bc\u0101 pa\u013caujamies uz nozares ra\u017eo\u0161anas vad\u012bbas strat\u0113\u0123iju. Izmantojot m\u016bsu tehnolo\u0123iskos talantus, augst\u0101k\u0101s klases digit\u0101lo ra\u017eo\u0161anas apr\u012bkojumu un profesion\u0101l\u0101s test\u0113\u0161anas sist\u0113mas, m\u0113s nep\u0101rtraukti uzlabojam savu ra\u017eo\u0161anas platformu, pilnveidojam produktu kvalit\u0101tes ra\u017eo\u0161anas l\u012bnijas un mums ir sp\u0113c\u012bgas rado\u0161\u0101s sp\u0113jas. M\u0113s apmierin\u0101m klientu da\u017e\u0101d\u0101s vajadz\u012bbas ar augstu efektivit\u0101ti, augstu precizit\u0101ti un augstas kvalit\u0101tes principiem.<\/p>\n<ul>\n<li>Profesionalit\u0101te: Mums ir profesion\u0101\u013cu komanda, kas p\u0101rzina hidrauliskos cilindrus un to pielietojumu.<\/li>\n<li>Starptautisk\u0101 sertifik\u0101cija: M\u016bsu produkti ir ieguvu\u0161i starptautiskus sertifik\u0101tus, piem\u0113ram, CE un ISO9001.<\/li>\n<li>Piel\u0101go\u0161anas pakalpojumi: M\u0113s pied\u0101v\u0101jam piel\u0101gotus pakalpojumus, lai apmierin\u0101tu m\u016bsu klientu \u012bpa\u0161\u0101s vajadz\u012bbas.<\/li>\n<li>Ra\u017eo\u0161anas iek\u0101rtas: M\u0113s izmantojam sare\u017e\u0123\u012btas ra\u017eo\u0161anas iek\u0101rtas, piem\u0113ram, prec\u012bzas CNC iek\u0101rtas un metin\u0101\u0161anas robotus, lai nodro\u0161in\u0101tu augstas kvalit\u0101tes produktus.<\/li>\n<li>P\u0113cp\u0101rdo\u0161anas serviss: M\u0113s saviem klientiem sniedzam p\u0113cp\u0101rdo\u0161anas pakalpojumus, tostarp tehnisko atbalstu, rezerves da\u013cu nomai\u0146u un atjauno\u0161anas pakalpojumus.<\/li>\n<\/ul>\n<p><img decoding=\"async\" src=\"https:\/\/hzpt.com\/wp-content\/uploads\/2024\/11\/songte-company-1.webp\" alt=\"Kausa cilindrs Yishan YS220\"><\/p>\n<p>Autors: lil<\/p>","protected":false},"excerpt":{"rendered":"<p>Bucket Cylinder For Yishan YS220 Introduction The Bucket Cylinder for Yishan YS220 is a specialized hydraulic cylinder designed to control the movement of buckets in heavy machinery such as excavators, backhoe loaders, and front loaders. Its primary function is to enable the bucket to lift, lower, and tilt, making it easier to carry out various [&hellip;]<\/p>","protected":false},"featured_media":14780,"comment_status":"open","ping_status":"closed","template":"","meta":{"_et_pb_use_builder":"","_et_pb_old_content":"","_et_gb_content_width":""},"product_brand":[],"product_cat":[1494],"product_tag":[1495,1496],"class_list":{"0":"post-15843","1":"product","2":"type-product","3":"status-publish","4":"has-post-thumbnail","6":"product_cat-bucket-cylinders","7":"product_tag-bucket-cylinders","8":"product_tag-hydraulic-cylinders","10":"first","11":"instock","12":"shipping-taxable","13":"product-type-simple"},"amp_enabled":true,"_links":{"self":[{"href":"https:\/\/www.hydraulic-cylinders.net\/lv\/wp-json\/wp\/v2\/product\/15843","targetHints":{"allow":["GET"]}}],"collection":[{"href":"https:\/\/www.hydraulic-cylinders.net\/lv\/wp-json\/wp\/v2\/product"}],"about":[{"href":"https:\/\/www.hydraulic-cylinders.net\/lv\/wp-json\/wp\/v2\/types\/product"}],"replies":[{"embeddable":true,"href":"https:\/\/www.hydraulic-cylinders.net\/lv\/wp-json\/wp\/v2\/comments?post=15843"}],"wp:featuredmedia":[{"embeddable":true,"href":"https:\/\/www.hydraulic-cylinders.net\/lv\/wp-json\/wp\/v2\/media\/14780"}],"wp:attachment":[{"href":"https:\/\/www.hydraulic-cylinders.net\/lv\/wp-json\/wp\/v2\/media?parent=15843"}],"wp:term":[{"taxonomy":"product_brand","embeddable":true,"href":"https:\/\/www.hydraulic-cylinders.net\/lv\/wp-json\/wp\/v2\/product_brand?post=15843"},{"taxonomy":"product_cat","embeddable":true,"href":"https:\/\/www.hydraulic-cylinders.net\/lv\/wp-json\/wp\/v2\/product_cat?post=15843"},{"taxonomy":"product_tag","embeddable":true,"href":"https:\/\/www.hydraulic-cylinders.net\/lv\/wp-json\/wp\/v2\/product_tag?post=15843"}],"curies":[{"name":"wp","href":"https:\/\/api.w.org\/{rel}","templated":true}]}}