{"id":15844,"date":"2025-01-19T15:04:01","date_gmt":"2025-01-19T15:04:01","guid":{"rendered":"https:\/\/www.hydraulic-cylinders.net\/product\/bucket-cylinder-for-john-deere-e140lc\/"},"modified":"2025-01-19T15:04:03","modified_gmt":"2025-01-19T15:04:03","slug":"bucket-cylinder-for-john-deere-e140lc","status":"publish","type":"product","link":"https:\/\/www.hydraulic-cylinders.net\/lv\/products\/bucket-cylinder-for-john-deere-e140lc\/","title":{"rendered":"Kausa cilindrs John Deere E140LC"},"content":{"rendered":"<h1>Kausa cilindrs John Deere E140LC<\/h1>\n<h2>Ievads<\/h2>\n<p>Kausa cilindrs ir speci\u0101li izstr\u0101d\u0101ts hidrauliskais cilindrs, ko galvenok\u0101rt izmanto, lai kontrol\u0113tu kausa kust\u012bbu smagaj\u0101s ma\u0161\u012bn\u0101s, piem\u0113ram, ekskavatoros, univers\u0101lajos iekr\u0101v\u0113jos un front\u0101lajos iekr\u0101v\u0113jos. T\u0101 galven\u0101 funkcija ir nodro\u0161in\u0101t kausa pacel\u0161anu, nolai\u0161anu un noliek\u0161anu, t\u0101d\u0113j\u0101di atvieglojot da\u017e\u0101du materi\u0101lu apstr\u0101des uzdevumu veik\u0161anu. Hidrauliskaj\u0101 sist\u0113m\u0101 kausa cilindrs pan\u0101k prec\u012bzu kausa vad\u012bbu, mainot hidraulisk\u0101s e\u013c\u013cas spiedienu, \u013caujot operatoram efekt\u012bvi apstr\u0101d\u0101t smagas kravas un piel\u0101goties sare\u017e\u0123\u012btai darba videi un da\u017e\u0101d\u0101m ekspluat\u0101cijas pras\u012bb\u0101m.<\/p>\n<p><img decoding=\"async\" src=\"https:\/\/www.hydraulic-cylinders.net\/wp-content\/uploads\/2025\/01\/songte-company-2.webp\" alt=\"Kausa cilindrs\" \/><\/p>\n<h2>Funkcijas<\/h2>\n<ul>\n<li>Augsta iztur\u012bba un ilgm\u016b\u017e\u012bba: Parasti izgatavots no augstas stipr\u012bbas t\u0113rauda vai alum\u012bnija, tas var iztur\u0113t augstu spiedienu un lielas slodzes, piel\u0101gojoties skarbai darba videi. Konstrukcij\u0101 \u0146emta v\u0113r\u0101 nodilumiztur\u012bba un iztur\u012bba pret koroziju, pagarinot t\u0101 kalpo\u0161anas laiku.<\/li>\n<li>Efekt\u012bva hidraulisk\u0101 darb\u012bba: Vienm\u0113r\u012bga izstiep\u0161ana un sarau\u0161an\u0101s tiek pan\u0101kta, izmantojot hidraulisk\u0101s e\u013c\u013cas spiedienu. T\u0101 var \u0101tri rea\u0123\u0113t uz vad\u012bbas komand\u0101m, nodro\u0161inot jaud\u012bgu stum\u0161anas un vilk\u0161anas sp\u0113ku, kas piem\u0113rots smagu kravu apstr\u0101dei un sare\u017e\u0123\u012btiem ekspluat\u0101cijas uzdevumiem.<\/li>\n<li>Da\u017e\u0101di veidi: Atbilsto\u0161i pras\u012bb\u0101m var izv\u0113l\u0113ties vienk\u0101r\u0161\u0101s darb\u012bbas (hidrauliski darbojas tikai vien\u0101 virzien\u0101) vai divk\u0101r\u0161\u0101s darb\u012bbas (hidrauliski darbojas divos virzienos) cilindrus, lai tie atbilstu da\u017e\u0101d\u0101m ekspluat\u0101cijas vajadz\u012bb\u0101m. Da\u017ei mode\u013ci ir teleskopiski, kas \u013cauj veikt liel\u0101ku izple\u0161anos, nepalielinot \u0101r\u0113jos izm\u0113rus, un ir piem\u0113roti ierobe\u017eotas telpas lietojumprogramm\u0101m.<\/li>\n<li>Nomain\u0101ms: m\u016bsu produkts var lieliski aizst\u0101t iek\u0101rtas ori\u0123in\u0101lo hidraulisko cilindru.<\/li>\n<\/ul>\n<p><img decoding=\"async\" src=\"https:\/\/www.hydraulic-cylinders.net\/wp-content\/uploads\/2025\/01\/songte-cylinder-head-with-all-kinds-excavator-models.webp\" alt=\"Ekskavators\" \/><\/p>\n<h2>Pieteikumi<\/h2>\n<p>Kausa cilindri tiek pla\u0161i izmantoti \u0161\u0101dos gad\u012bjumos:<\/p>\n<h3>Celtniec\u012bbas apr\u012bkojums<\/h3>\n<ul>\n<li>Ekskavatori: Kausa cilindrs \u013cauj spainim iek\u013c\u016bt augsn\u0113, padarot to par b\u016btisku instrumentu augsnes vai gru\u017eu rak\u0161anai, iekrau\u0161anai un p\u0101rvieto\u0161anai.<\/li>\n<li>Ekskavatori: Kausa cilindrs pal\u012bdz rakt un celt.<\/li>\n<li>Front\u0101lie iekr\u0101v\u0113ji: Kausa cilindrs pal\u012bdz efekt\u012bvi pacelt un noliekt preces.<\/li>\n<\/ul>\n<h3>Lauksaimniec\u012bbas tehnika<\/h3>\n<ul>\n<li>Front\u0101lie iekr\u0101v\u0113ji: Izmanto augsnes, siena un citu materi\u0101lu sav\u0101k\u0161anai, cel\u0161anai un transport\u0113\u0161anai.<\/li>\n<\/ul>\n<h2>Projekt\u0113\u0161anas un atlases standarti<\/h2>\n<p>Kausa cilindru projekt\u0113\u0161an\u0101 j\u0101\u0146em v\u0113r\u0101 \u0161\u0101di apsv\u0113rumi:<\/p>\n<h3>Nestsp\u0113ja<\/h3>\n<p>Balona iztur\u012bbai ir j\u0101atbilst iek\u0101rtas specifik\u0101cij\u0101m. Pret\u0113j\u0101 gad\u012bjum\u0101 balons var saboj\u0101ties un rad\u012bt iek\u0101rtas boj\u0101jumus vai traumas operatoriem.<\/p>\n<h3>Bl\u012bv\u0113\u0161ana<\/h3>\n<p>Cilindram j\u0101b\u016bt pien\u0101c\u012bgi nosl\u0113gtam, lai nov\u0113rstu hidraulisk\u0101s e\u013c\u013cas nopl\u016bdi. Bl\u012bv\u0113jumiem j\u0101b\u016bt izgatavotiem no nodilumiztur\u012bgiem materi\u0101liem, piem\u0113ram, poliuret\u0101na un nitrila gumijas. Cilindra korpusam un v\u012btnes gala virsmai j\u0101b\u016bt smalki apstr\u0101d\u0101tai, lai uzlabotu nodilumiztur\u012bbu. Lai uztur\u0113tu cilindra efektivit\u0101ti, ir nepiecie\u0161ama regul\u0101ra e\u013c\u013co\u0161ana.<\/p>\n<h3>Iztur\u012bba<\/h3>\n<p>Balonam j\u0101b\u016bt izgatavotam no augstas kvalit\u0101tes materi\u0101liem, kas sp\u0113j iztur\u0113t skarbu darba vidi, koroziju un nodilumu. Balona iztur\u012bba nodro\u0161ina ilg\u0101ku kalpo\u0161anas laiku, ietaupot apkopes izmaksas.<\/p>\n<h3>Dro\u0161\u012bba<\/h3>\n<p>Kausu cilindriem j\u0101b\u016bt apr\u012bkotiem ar dro\u0161\u012bbas funkcij\u0101m, lai nov\u0113rstu apr\u012bkojuma boj\u0101jumus vai operatora traumas. Konstrukcij\u0101 j\u0101iek\u013cauj t\u0101das dro\u0161\u012bbas funkcijas k\u0101 spiediena samazin\u0101\u0161anas v\u0101rsti, blo\u0137\u0113\u0161anas meh\u0101nismi vai av\u0101rijas meh\u0101nismi.<\/p>\n<h3>Apkope<\/h3>\n<p>Balonam j\u0101b\u016bt viegli kopjamam, ar atbilsto\u0161u piek\u013cuvi galvenaj\u0101m sast\u0101vda\u013c\u0101m. Lai nodro\u0161in\u0101tu optim\u0101lu veiktsp\u0113ju un nov\u0113rstu iek\u0101rtu boj\u0101jumus, nepiecie\u0161ama regul\u0101ra apkope un p\u0101rbaudes.<\/p>\n<p><img decoding=\"async\" src=\"https:\/\/www.hydraulic-cylinders.net\/wp-content\/uploads\/2025\/01\/songte-oil-pipes-and-spare-parts.webp\" alt=\"Rezerves da\u013cas\" \/><\/p>\n<h2>Bl\u012bv\u0113\u0161ana un e\u013c\u013co\u0161ana<\/h2>\n<p>Lai nov\u0113rstu hidraulisk\u0101s e\u013c\u013cas nopl\u016bdi, tiek izmantoti da\u017e\u0101di bl\u012bv\u0113jumi, piem\u0113ram, virzu\u013ca bl\u012bv\u0113jumi, stie\u0146a bl\u012bv\u0113jumi un t\u012br\u012bt\u0101ja bl\u012bv\u0113jumi. Bl\u012bv\u0113jumi ir izgatavoti no nodilumiztur\u012bgiem materi\u0101liem, piem\u0113ram, poliuret\u0101na un nitrila gumijas, nodro\u0161inot iztur\u012bbu un ilgu kalpo\u0161anas laiku. Cilindra korpuss un v\u012btnes gala virsma ir ar\u012b smalki apstr\u0101d\u0101ta, lai uzlabotu nodilumiztur\u012bbu un pagarin\u0101tu kalpo\u0161anas laiku. Lai uztur\u0113tu cilindra efektivit\u0101ti, ir nepiecie\u0161ama regul\u0101ra e\u013c\u013co\u0161ana ar hidraulisko e\u013c\u013cu.<\/p>\n<h2>Apkope un remonts<\/h2>\n<p>Lai nodro\u0161in\u0101tu optim\u0101lu veiktsp\u0113ju un nov\u0113rstu iek\u0101rtu boj\u0101jumus, nepiecie\u0161ama regul\u0101ra apkope. Bie\u017ei veicamie apkopes uzdevumi ietver:<\/p>\n<h3>Regul\u0101ras p\u0101rbaudes<\/h3>\n<p>Lai noteiktu nodilumu, e\u013c\u013cas nopl\u016bdes un citas potenci\u0101las probl\u0113mas, ir nepiecie\u0161amas regul\u0101ras cilindra p\u0101rbaudes. Regul\u0101ras p\u0101rbaudes ar\u012b nodro\u0161ina, ka cilindrs ir optim\u0101l\u0101 darba st\u0101vokl\u012b.<\/p>\n<h3>Pareiza e\u013c\u013co\u0161ana<\/h3>\n<p>Cilindrs ir pien\u0101c\u012bgi j\u0101iee\u013c\u013co ar hidraulisko e\u013c\u013cu, lai nov\u0113rstu nodilumu. Regul\u0101ra e\u013c\u013co\u0161ana nodro\u0161ina cilindra nevainojamu un efekt\u012bvu darb\u012bbu.<\/p>\n<h3>Bl\u012bv\u0113juma nomai\u0146as un kalibr\u0113\u0161anas p\u0101rbaude<\/h3>\n<p>Bl\u012bves j\u0101nomaina, ja t\u0101s ir nolietoju\u0161\u0101s vai boj\u0101tas. Kalibr\u0113\u0161anas p\u0101rbaude ir nepiecie\u0161ama, lai nodro\u0161in\u0101tu, ka cilindrs atbilst noteiktaj\u0101m specifik\u0101cij\u0101m.<\/p>\n<p><img decoding=\"async\" src=\"https:\/\/www.hydraulic-cylinders.net\/wp-content\/uploads\/2025\/01\/songte-chushion-collar.webp\" alt=\"\u010cemod\u0101na apkakle\" \/><\/p>\n<h2>Dro\u0161\u012bbas apsv\u0113rumi un vides faktori<\/h2>\n<p>Lietojot kausu cilindrus, j\u0101iev\u0113ro dro\u0161\u012bbas pas\u0101kumi, lai nov\u0113rstu iek\u0101rtu boj\u0101jumus vai operatora traumas. Baloni j\u0101darbina noteiktos parametros un j\u0101apr\u012bko ar dro\u0161\u012bbas funkcij\u0101m, piem\u0113ram, spiediena samazin\u0101\u0161anas v\u0101rstiem un blo\u0137\u0113\u0161anas meh\u0101nismiem. Vides faktori, piem\u0113ram, temperat\u016bra, mitrums un kod\u012bgas vielas, var ietekm\u0113t balona darb\u012bbu, un balonam j\u0101b\u016bt pien\u0101c\u012bgi aizsarg\u0101tam pret \u0161iem faktoriem.<\/p>\n<h2>Darb\u012bbas trauc\u0113jumu un bie\u017ei sastopamo probl\u0113mu diagnostika<\/h2>\n<p>T\u0101l\u0101k ir nor\u0101d\u012btas bie\u017ei sastopamas darb\u012bbas trauc\u0113jumi un probl\u0113mas, kas var rasties ar kausu cilindriem:<\/p>\n<h3>E\u013c\u013cas nopl\u016bde<\/h3>\n<p>E\u013c\u013cas nopl\u016bde ir izplat\u012bta probl\u0113ma, ko var izrais\u012bt nolietoti vai boj\u0101ti bl\u012bv\u0113jumi vai boj\u0101ts virzu\u013ca stienis. Cilindrs regul\u0101ri j\u0101p\u0101rbauda, \u200b\u200blai identific\u0113tu un nov\u0113rstu e\u013c\u013cas nopl\u016bdes.<\/p>\n<h3>Samazin\u0101ta veiktsp\u0113ja<\/h3>\n<p>Samazin\u0101tu veiktsp\u0113ju var izrais\u012bt vair\u0101ki faktori, tostarp nepietiekama e\u013c\u013co\u0161ana, samazin\u0101ts hidrauliskais spiediens un boj\u0101ti bl\u012bv\u0113jumi. Lai atjaunotu veiktsp\u0113ju, cilindrs ir j\u0101p\u0101rbauda un j\u0101remont\u0113.<\/p>\n<h3>Neparasts troksnis<\/h3>\n<p>Neparastu troksni var izrais\u012bt nepietiekama e\u013c\u013co\u0161ana, nodilu\u0161as vai boj\u0101tas bl\u012bves vai va\u013c\u012bgas skr\u016bves. Lai nov\u0113rstu neparastu troksni, cilindrs ir j\u0101p\u0101rbauda un j\u0101remont\u0113.<\/p>\n<h2>Uzst\u0101d\u012b\u0161anas vadl\u012bnijas<\/h2>\n<p>T\u0101l\u0101k ir sniegtas instal\u0113\u0161anas vadl\u012bnijas:<\/p>\n<h3>Pareiza izl\u012bdzin\u0101\u0161ana<\/h3>\n<p>Lai nodro\u0161in\u0101tu cilindra netrauc\u0113tu darb\u012bbu, tam j\u0101b\u016bt pareizi noregul\u0113tam. Cilindra izl\u012bdzin\u0101jums ir regul\u0101ri j\u0101p\u0101rbauda, \u200b\u200blai p\u0101rliecin\u0101tos, ka tas atbilst noteiktaj\u0101m specifik\u0101cij\u0101m.<\/p>\n<h3>Uzst\u0101d\u012b\u0161anas kron\u0161teinu izmanto\u0161ana<\/h3>\n<p>Lai nostiprin\u0101tu cilindru un nov\u0113rstu t\u0101 kust\u012bbu darb\u012bbas laik\u0101, j\u0101izmanto uzst\u0101d\u012b\u0161anas kron\u0161teini.<\/p>\n<h3>Ieteicam\u0101s p\u0101rbaudes, remonta un nomai\u0146as proced\u016bras<\/h3>\n<p>Lai nodro\u0161in\u0101tu balona optim\u0101lu st\u0101vokli, j\u0101iev\u0113ro p\u0101rbaudes, remonta un nomai\u0146as proced\u016bras.<\/p>\n<p><img decoding=\"async\" src=\"https:\/\/www.hydraulic-cylinders.net\/wp-content\/uploads\/2025\/01\/songte-bushings-with-all-kinds-of-excavator-models.webp\" alt=\"Bukses\" \/><\/p>\n<h2>Par m\u016bsu uz\u0146\u0113mumu<\/h2>\n<p>M\u0113s esam hidraulisko cilindru ra\u017eot\u0101js, kas var aizst\u0101t iek\u0101rtas ori\u0123in\u0101lo hidraulisko cilindru. M\u016bsu produktu kl\u0101sts ir pla\u0161s, un m\u0113s esam k\u013cuvu\u0161i par vienu no vado\u0161ajiem hidraulisko cilindru ra\u017eot\u0101jiem un vairumtirgot\u0101jiem viet\u0113j\u0101 un starptautiskaj\u0101 tirg\u016b. M\u0113s iev\u0113rojam izcil\u012bbas kvalit\u0101tes principu, pa\u013caujamies uz industrializ\u0113tu ra\u017eo\u0161anas vad\u012bbas strat\u0113\u0123iju, kas balst\u012bta uz sare\u017e\u0123\u012bt\u0101m ra\u017eo\u0161anas darbn\u012bc\u0101m, nep\u0101rtraukti uzlabojam ra\u017eo\u0161anas platformu darbn\u012bc\u0101, izmantojot tehnolo\u0123iskos talantus, digit\u0101las augstas klases ra\u017eo\u0161anas iek\u0101rtas un profesion\u0101las test\u0113\u0161anas sist\u0113mas, un mums ir sp\u0113c\u012bgas rad\u012b\u0161anas sp\u0113jas. M\u016bsu m\u0113r\u0137is ir apmierin\u0101t da\u017e\u0101das klientu vajadz\u012bbas ar augstu efektivit\u0101ti, augstu precizit\u0101ti un augstas kvalit\u0101tes principiem.<\/p>\n<p><img decoding=\"async\" src=\"https:\/\/www.hydraulic-cylinders.net\/wp-content\/uploads\/2025\/01\/songte-company-3.webp\" alt=\"Uz\u0146\u0113mums\" \/><\/p>\n<h3>Profesionalit\u0101te<\/h3>\n<p>M\u016bsu komandu veido pieredz\u0113ju\u0161i speci\u0101listi ar pla\u0161u pieredzi hidraulisko cilindru ra\u017eo\u0161an\u0101, projekt\u0113\u0161an\u0101 un test\u0113\u0161an\u0101. M\u016bsu produktu ra\u017eo\u0161an\u0101 m\u0113s izmantojam progres\u012bvas tehnolo\u0123ijas, nodro\u0161inot to atbilst\u012bbu augst\u0101kajiem kvalit\u0101tes standartiem.<\/p>\n<h3>Starptautisk\u0101 sertifik\u0101cija<\/h3>\n<p>M\u016bsu produkti atbilst attiec\u012bgajiem starptautiskajiem sertifik\u0101cijas standartiem, nodro\u0161inot to dro\u0161\u012bbu, uzticam\u012bbu un augstu kvalit\u0101ti.<\/p>\n<h3>Piel\u0101go\u0161anas pakalpojumi<\/h3>\n<p>M\u0113s pied\u0101v\u0101jam piel\u0101gotus pakalpojumus, lai apmierin\u0101tu m\u016bsu klientu \u012bpa\u0161\u0101s vajadz\u012bbas, nodro\u0161inot, ka m\u016bsu produkti atbilst vi\u0146u ekspluat\u0101cijas pras\u012bb\u0101m.<\/p>\n<h3>Ra\u017eo\u0161anas iek\u0101rtas<\/h3>\n<p>M\u016bsu produktu ra\u017eo\u0161an\u0101 m\u0113s izmantojam modernas ra\u017eo\u0161anas iek\u0101rtas, nodro\u0161inot to visaugst\u0101ko kvalit\u0101ti un atbilst\u012bbu m\u016bsu klientu pras\u012bb\u0101m.<\/p>\n<h3>P\u0113cp\u0101rdo\u0161anas serviss<\/h3>\n<p>M\u0113s saviem klientiem pied\u0101v\u0101jam p\u0113cp\u0101rdo\u0161anas apkalpo\u0161anu, nodro\u0161inot vi\u0146u produktu nevainojamu un efekt\u012bvu darb\u012bbu. M\u0113s ar\u012b nodro\u0161in\u0101m rezerves da\u013cas un remonta pakalpojumus, lai pagarin\u0101tu produktu kalpo\u0161anas laiku.<\/p>\n<p>Autors: Lails.<\/p>","protected":false},"excerpt":{"rendered":"<p>Bucket Cylinder For John Deere E140LC Introduction A bucket cylinder is a specially designed hydraulic cylinder primarily used to control the movement of the bucket in heavy machinery such as excavators, backhoes, and front loaders. Its main function is to enable the bucket to lift, lower, and tilt, making it easier to handle a variety [&hellip;]<\/p>","protected":false},"featured_media":14778,"comment_status":"open","ping_status":"closed","template":"","meta":{"_et_pb_use_builder":"","_et_pb_old_content":"","_et_gb_content_width":""},"product_brand":[],"product_cat":[1494],"product_tag":[1495,1496],"class_list":{"0":"post-15844","1":"product","2":"type-product","3":"status-publish","4":"has-post-thumbnail","6":"product_cat-bucket-cylinders","7":"product_tag-bucket-cylinders","8":"product_tag-hydraulic-cylinders","10":"first","11":"instock","12":"shipping-taxable","13":"product-type-simple"},"amp_enabled":true,"_links":{"self":[{"href":"https:\/\/www.hydraulic-cylinders.net\/lv\/wp-json\/wp\/v2\/product\/15844","targetHints":{"allow":["GET"]}}],"collection":[{"href":"https:\/\/www.hydraulic-cylinders.net\/lv\/wp-json\/wp\/v2\/product"}],"about":[{"href":"https:\/\/www.hydraulic-cylinders.net\/lv\/wp-json\/wp\/v2\/types\/product"}],"replies":[{"embeddable":true,"href":"https:\/\/www.hydraulic-cylinders.net\/lv\/wp-json\/wp\/v2\/comments?post=15844"}],"wp:featuredmedia":[{"embeddable":true,"href":"https:\/\/www.hydraulic-cylinders.net\/lv\/wp-json\/wp\/v2\/media\/14778"}],"wp:attachment":[{"href":"https:\/\/www.hydraulic-cylinders.net\/lv\/wp-json\/wp\/v2\/media?parent=15844"}],"wp:term":[{"taxonomy":"product_brand","embeddable":true,"href":"https:\/\/www.hydraulic-cylinders.net\/lv\/wp-json\/wp\/v2\/product_brand?post=15844"},{"taxonomy":"product_cat","embeddable":true,"href":"https:\/\/www.hydraulic-cylinders.net\/lv\/wp-json\/wp\/v2\/product_cat?post=15844"},{"taxonomy":"product_tag","embeddable":true,"href":"https:\/\/www.hydraulic-cylinders.net\/lv\/wp-json\/wp\/v2\/product_tag?post=15844"}],"curies":[{"name":"wp","href":"https:\/\/api.w.org\/{rel}","templated":true}]}}