{"id":15850,"date":"2025-01-19T15:04:26","date_gmt":"2025-01-19T15:04:26","guid":{"rendered":"https:\/\/www.hydraulic-cylinders.net\/product\/bucket-cylinder-for-john-deere-e300lc\/"},"modified":"2025-01-19T15:04:28","modified_gmt":"2025-01-19T15:04:28","slug":"bucket-cylinder-for-john-deere-e300lc","status":"publish","type":"product","link":"https:\/\/www.hydraulic-cylinders.net\/lv\/products\/bucket-cylinder-for-john-deere-e300lc\/","title":{"rendered":"Kausa cilindrs John Deere E300LC"},"content":{"rendered":"<h2>Kausa cilindrs John Deere E300LC<\/h2>\n<h3>Ievads<\/h3>\n<p>Kausa cilindrs ir \u012bpa\u0161i izstr\u0101d\u0101ts hidrauliskais cilindrs, ko galvenok\u0101rt izmanto, lai kontrol\u0113tu kausa kust\u012bbu smagaj\u0101s ma\u0161\u012bn\u0101s, piem\u0113ram, ekskavatoros, iekr\u0101v\u0113jos ar ekskavatoru un front\u0101lajos iekr\u0101v\u0113jos. T\u0101 galven\u0101 funkcija ir nodro\u0161in\u0101t kausa pacel\u0161anu, nolai\u0161anu un noliek\u0161anu, lai atvieglotu materi\u0101lu apstr\u0101des uzdevumus. Hidrauliskaj\u0101 sist\u0113m\u0101 kausa cilindrs pan\u0101k prec\u012bzu kausa kontroli, mainot hidraulisk\u0101s e\u013c\u013cas spiedienu, \u013caujot operatoriem efekt\u012bvi apstr\u0101d\u0101t smagas kravas un piel\u0101goties sare\u017e\u0123\u012btai darba videi un darba pras\u012bb\u0101m.<\/p>\n<p><img decoding=\"async\" src=\"https:\/\/www.hydraulic-cylinders.net\/wp-content\/uploads\/2025\/01\/songte-company-2.webp\"><\/p>\n<h3>Funkcijas<\/h3>\n<ul>\n<li><strong>Augsta iztur\u012bba un ilgm\u016b\u017e\u012bba:<\/strong> Parasti izgatavots no augstas stipr\u012bbas t\u0113rauda vai alum\u012bnija, tas var iztur\u0113t augstu spiedienu un lielas slodzes, piel\u0101goties skarbai darba videi un ir izstr\u0101d\u0101ts ar nodilumiztur\u012bbu un iztur\u012bbu pret koroziju, lai pagarin\u0101tu t\u0101 kalpo\u0161anas laiku.<\/li>\n<li><strong>Efekt\u012bva hidraulisk\u0101 darb\u012bba:<\/strong> Izmantojot hidraulisk\u0101s e\u013c\u013cas spiedienu, lai pan\u0101ktu vienm\u0113r\u012bgas izstiep\u0161anas un sarau\u0161an\u0101s kust\u012bbas, tas var \u0101tri rea\u0123\u0113t uz vad\u012bbas komand\u0101m un nodro\u0161in\u0101t sp\u0113c\u012bgus stum\u0161anas un vilk\u0161anas sp\u0113kus, padarot to piem\u0113rotu smagu kravu apstr\u0101dei un sare\u017e\u0123\u012btu darbu uzdevumiem.<\/li>\n<li><strong>Da\u017e\u0101di veidi:<\/strong> Atkar\u012bb\u0101 no ekspluat\u0101cijas vajadz\u012bb\u0101m var izv\u0113l\u0113ties vienk\u0101r\u0161as darb\u012bbas (hidrauliku izmanto tikai vien\u0101 virzien\u0101) vai divk\u0101r\u0161as darb\u012bbas (hidrauliku izmanto abos virzienos) cilindrus. Da\u017ei mode\u013ci ir teleskopiski, kas \u013cauj tos pla\u0161\u0101k izstiept, nepalielinot \u0101r\u0113jos izm\u0113rus, padarot tos piem\u0113rotus lieto\u0161anai ierobe\u017eot\u0101 telp\u0101.<\/li>\n<li><strong>Var ra\u017eot pie mums:<\/strong> M\u016bsu produkts var lieliski aizst\u0101t \u0161os hidrauliskos cilindrus.<\/li>\n<\/ul>\n<p><img decoding=\"async\" src=\"https:\/\/www.hydraulic-cylinders.net\/wp-content\/uploads\/2025\/01\/songte-cylinder-head-with-all-kinds-excavator-models.webp\"><\/p>\n<h3>Pieteikumi<\/h3>\n<p>Kausa cilindrs tiek pla\u0161i izmantots da\u017e\u0101d\u0101s nozar\u0113s, tostarp:<\/p>\n<ul>\n<li><strong>Celtniec\u012bbas apr\u012bkojums:<\/strong> Ekskavatoros tie ir kritiski svar\u012bgi augsnes vai gru\u017eu rak\u0161anai, iekrau\u0161anai un p\u0101rvieto\u0161anai. Ekskavatoros-iekr\u0101v\u0113jos kausa cilindri veicina gan rak\u0161anu, gan cel\u0161anu. <\/li>\n<li><strong>Lauksaimniec\u012bbas tehnika:<\/strong> Izmanto front\u0101lajiem iekr\u0101v\u0113jiem, augsnes, siena un citu materi\u0101lu sav\u0101k\u0161anai, cel\u0161anai un transport\u0113\u0161anai. <\/li>\n<li><strong>Ekskavatori:<\/strong> Kausa cilindrs veic rak\u0161anas darb\u012bbu, \u013caujot kausam iek\u013c\u016bt augsn\u0113. <\/li>\n<li><strong>Iekr\u0101v\u0113ji:<\/strong> Front\u0101lajos iekr\u0101v\u0113jos tie pal\u012bdz efekt\u012bvi pacelt un noliekt preces. <\/li>\n<\/ul>\n<h3>Dizaina apsv\u0113rumi un atlases krit\u0113riji<\/h3>\n<p>\u0145emot v\u0113r\u0101 konstrukcijas apsv\u0113rumus, piem\u0113ram, nestsp\u0113ju, bl\u012bv\u0113jumu, iztur\u012bbu, dro\u0161\u012bbu un apkopes iesp\u0113jas, kausa cilindrs j\u0101izv\u0113las, pamatojoties uz konkr\u0113t\u0101m ekspluat\u0101cijas vajadz\u012bb\u0101m. <\/p>\n<ul>\n<li><strong>Nestsp\u0113ja:<\/strong> Balonam j\u0101sp\u0113j iztur\u0113t paredz\u0113t\u0101s slodzes. \u0145emot v\u0113r\u0101 darba vidi, tam j\u0101atbilst konstrukcijas standartiem, kas nodro\u0161ina t\u0101 sp\u0113ju iztur\u0113t slodzes un spriegumus, ar kuriem tas saskarsies. <\/li>\n<li><strong>Bl\u012bv\u0113jums:<\/strong> Balonam j\u0101b\u016bt apr\u012bkotam ar augstas kvalit\u0101tes bl\u012bv\u0113m, lai nov\u0113rstu nopl\u016bdi, kas var\u0113tu saboj\u0101t balonu un apk\u0101rt\u0113jo apr\u012bkojumu. <\/li>\n<li><strong>Iztur\u012bba:<\/strong> Balonam j\u0101b\u016bt izgatavotam no augstas kvalit\u0101tes materi\u0101liem, kas ir iztur\u012bgi pret nodilumu un koroziju, kas var pagarin\u0101t t\u0101 kalpo\u0161anas laiku un samazin\u0101t apkopes izmaksas. <\/li>\n<li><strong>Dro\u0161\u012bba:<\/strong> Balons j\u0101projekt\u0113, \u0146emot v\u0113r\u0101 dro\u0161\u012bbu, lai nov\u0113rstu negad\u012bjumus un samazin\u0101tu risku, piem\u0113ram, izvairoties no p\u0113k\u0161\u0146\u0101m kust\u012bb\u0101m un nodro\u0161inot pareizu uzst\u0101d\u012b\u0161anu. <\/li>\n<li><strong>Uzturam\u012bba:<\/strong> Balonam j\u0101b\u016bt viegli kopjamam un remont\u0113jamam, ar viegli pieejam\u0101m deta\u013c\u0101m un skaidr\u0101m un kodol\u012bg\u0101m apkopes instrukcij\u0101m.<\/li>\n<\/ul>\n<p><img decoding=\"async\" src=\"https:\/\/www.hydraulic-cylinders.net\/wp-content\/uploads\/2025\/01\/songte-oil-pipes-and-spare-parts.webp\"><\/p>\n<h3>Bl\u012bv\u0113\u0161ana un e\u013c\u013co\u0161ana<\/h3>\n<p>Kausa cilindr\u0101 tiek izmantoti da\u017e\u0101di bl\u012bv\u0113jumi, piem\u0113ram, virzu\u013ca bl\u012bv\u0113jumi, stie\u0146a bl\u012bv\u0113jumi utt., kas izgatavoti no nodilumiztur\u012bgiem materi\u0101liem, piem\u0113ram, poliuret\u0101na un nitrila gumijas, efekt\u012bvi nov\u0113r\u0161ot e\u013c\u013cas nopl\u016bdi. Cilindra korpuss un v\u012bt\u0146ot\u0101 gala virsma tiek prec\u012bzi apstr\u0101d\u0101ta, lai uzlabotu nodilumiztur\u012bbu un ilgm\u016b\u017e\u012bbu. Lai nodro\u0161in\u0101tu vienm\u0113r\u012bgu darb\u012bbu, cilindram nepiecie\u0161ama regul\u0101ra e\u013c\u013co\u0161ana ar atbilsto\u0161u hidraulisko e\u013c\u013cu. <\/p>\n<h3>Apkope un remonts<\/h3>\n<p>Regul\u0101ra apkope un prevent\u012bvie pas\u0101kumi var pal\u012bdz\u0113t pagarin\u0101t kausa cilindra kalpo\u0161anas laiku, tostarp:<\/p>\n<ul>\n<li>Regul\u0101ra p\u0101rbaude <\/li>\n<li>Piem\u0113rota e\u013c\u013co\u0161ana <\/li>\n<li>Bl\u012bv\u0113juma nomai\u0146a un kalibr\u0113\u0161anas p\u0101rbaude <\/li>\n<\/ul>\n<p>Ir svar\u012bgi pareizi izl\u012bdzin\u0101t un uzst\u0101d\u012bt cilindru, izmantot atbilsto\u0161us uzst\u0101d\u012b\u0161anas kron\u0161teinus cilindra nostiprin\u0101\u0161anai un iev\u0113rot ieteicam\u0101s p\u0101rbaudes, remonta un nomai\u0146as proced\u016bras. Ir pieejamas ar\u012b rezerves da\u013cas un atjauno\u0161anas pakalpojumi, lai uzlabotu cilindra kalpo\u0161anas laiku.<\/p>\n<p><img decoding=\"async\" src=\"https:\/\/www.hydraulic-cylinders.net\/wp-content\/uploads\/2025\/01\/songte-chushion-collar.webp\"><\/p>\n<h3>Dro\u0161\u012bbas apsv\u0113rumi un vides faktori<\/h3>\n<p>Izmantojot kausa cilindru, ir svar\u012bgi iev\u0113rot dro\u0161\u012bbas pas\u0101kumus, lai nov\u0113rstu negad\u012bjumus un boj\u0101jumus. Izv\u0113loties atbilsto\u0161u cilindru, j\u0101\u0146em v\u0113r\u0101 ar\u012b t\u0101di vides faktori k\u0101 temperat\u016bra un mitrums.<\/p>\n<h3>Probl\u0113mu nov\u0113r\u0161ana un bie\u017ei sastopamas probl\u0113mas<\/h3>\n<p>Bie\u017ei sastopamas probl\u0113mas ar kausa cilindru ir nopl\u016bde, bl\u012bv\u0113juma boj\u0101jumi un l\u0113na vai nevienm\u0113r\u012bga kust\u012bba. Probl\u0113mu nov\u0113r\u0161ana var identific\u0113t probl\u0113mu un noteikt atbilsto\u0161u risin\u0101jumu. Prevent\u012bvie pas\u0101kumi, piem\u0113ram, regul\u0101ra p\u0101rbaude un apkope, var pal\u012bdz\u0113t samazin\u0101t iesp\u0113jam\u0101s probl\u0113mas.<\/p>\n<p><img decoding=\"async\" src=\"https:\/\/www.hydraulic-cylinders.net\/wp-content\/uploads\/2025\/01\/songte-bushings-with-all-kinds-of-excavator-models.webp\"><\/p>\n<h3>Par mums<\/h3>\n<p>M\u0113s esam vado\u0161ais hidraulisko cilindru ra\u017eot\u0101js un vairumtirdzniec\u012bbas izplat\u012bt\u0101js viet\u0113j\u0101 un starptautiskaj\u0101 tirg\u016b. M\u0113s pied\u0101v\u0101jam pilnu produktu kl\u0101stu un iev\u0113rojam izcilus kvalit\u0101tes standartus. M\u0113s pa\u013caujamies uz industrializ\u0113t\u0101m ra\u017eo\u0161anas vad\u012bbas strat\u0113\u0123ij\u0101m, izmantojot m\u016bsu izsmalcin\u0101t\u0101s ra\u017eo\u0161anas darbn\u012bcas, kas past\u0101v\u012bgi uzlabo ra\u017eo\u0161anas platformas, perfektas produktu kvalit\u0101tes ra\u017eo\u0161anas l\u012bnijas un kur\u0101m ir sp\u0113c\u012bgas rado\u0161\u0101s sp\u0113jas, lai efekt\u012bvi, prec\u012bzi un kvalitat\u012bvi apmierin\u0101tu klientu vajadz\u012bbas. <\/p>\n<p>M\u0113s esam ap\u0146\u0113mu\u0161ies sniegt profesion\u0101lus, starptautiski sertific\u0113tus, piel\u0101gotus pakalpojumus, un m\u016bsu stipr\u0101s puses ir modernas ra\u017eo\u0161anas iek\u0101rtas un profesion\u0101li p\u0113cp\u0101rdo\u0161anas pakalpojumi, kas pal\u012bdz mums izcelties tirg\u016b.<\/p>\n<p><img decoding=\"async\" src=\"https:\/\/hzpt.com\/wp-content\/uploads\/2024\/11\/songte-company-1.webp\"><\/p>\n<p>Autors: lil<\/p>","protected":false},"excerpt":{"rendered":"<p>Bucket Cylinder For John Deere E300LC Introduction A bucket cylinder is a specifically designed hydraulic cylinder primarily used to control the movement of a bucket in heavy machinery such as excavators, backhoe loaders, and front-end loaders. Its main function is to enable the bucket to lift, lower, and tilt for ease of material handling tasks. [&hellip;]<\/p>","protected":false},"featured_media":14762,"comment_status":"open","ping_status":"closed","template":"","meta":{"_et_pb_use_builder":"","_et_pb_old_content":"","_et_gb_content_width":""},"product_brand":[],"product_cat":[1494],"product_tag":[1495,1496],"class_list":{"0":"post-15850","1":"product","2":"type-product","3":"status-publish","4":"has-post-thumbnail","6":"product_cat-bucket-cylinders","7":"product_tag-bucket-cylinders","8":"product_tag-hydraulic-cylinders","10":"first","11":"instock","12":"shipping-taxable","13":"product-type-simple"},"amp_enabled":true,"_links":{"self":[{"href":"https:\/\/www.hydraulic-cylinders.net\/lv\/wp-json\/wp\/v2\/product\/15850","targetHints":{"allow":["GET"]}}],"collection":[{"href":"https:\/\/www.hydraulic-cylinders.net\/lv\/wp-json\/wp\/v2\/product"}],"about":[{"href":"https:\/\/www.hydraulic-cylinders.net\/lv\/wp-json\/wp\/v2\/types\/product"}],"replies":[{"embeddable":true,"href":"https:\/\/www.hydraulic-cylinders.net\/lv\/wp-json\/wp\/v2\/comments?post=15850"}],"wp:featuredmedia":[{"embeddable":true,"href":"https:\/\/www.hydraulic-cylinders.net\/lv\/wp-json\/wp\/v2\/media\/14762"}],"wp:attachment":[{"href":"https:\/\/www.hydraulic-cylinders.net\/lv\/wp-json\/wp\/v2\/media?parent=15850"}],"wp:term":[{"taxonomy":"product_brand","embeddable":true,"href":"https:\/\/www.hydraulic-cylinders.net\/lv\/wp-json\/wp\/v2\/product_brand?post=15850"},{"taxonomy":"product_cat","embeddable":true,"href":"https:\/\/www.hydraulic-cylinders.net\/lv\/wp-json\/wp\/v2\/product_cat?post=15850"},{"taxonomy":"product_tag","embeddable":true,"href":"https:\/\/www.hydraulic-cylinders.net\/lv\/wp-json\/wp\/v2\/product_tag?post=15850"}],"curies":[{"name":"wp","href":"https:\/\/api.w.org\/{rel}","templated":true}]}}