{"id":15857,"date":"2025-01-19T15:05:02","date_gmt":"2025-01-19T15:05:02","guid":{"rendered":"https:\/\/www.hydraulic-cylinders.net\/product\/bucket-cylinder-for-yuchai-yc85-8\/"},"modified":"2025-01-19T15:05:05","modified_gmt":"2025-01-19T15:05:05","slug":"bucket-cylinder-for-yuchai-yc85-8","status":"publish","type":"product","link":"https:\/\/www.hydraulic-cylinders.net\/lv\/products\/bucket-cylinder-for-yuchai-yc85-8\/","title":{"rendered":"Kausa cilindrs Yuchai YC85-8"},"content":{"rendered":"<h1>Kausa cilindrs Yuchai YC85-8<\/h1>\n<h2>Ievads<\/h2>\n<p>Yuchai YC85-8 kausa cilindrs ir speci\u0101li izstr\u0101d\u0101ts hidrauliskais cilindrs, ko izmanto, lai kontrol\u0113tu kausa kust\u012bbu smagaj\u0101s ma\u0161\u012bn\u0101s, piem\u0113ram, ekskavatoros, iekr\u0101v\u0113jos ar daudzfunkcion\u0101lu apr\u012bkojumu un front\u0101lajos iekr\u0101v\u0113jos. T\u0101 galven\u0101 funkcija ir nodro\u0161in\u0101t kausa pacel\u0161anu, nolai\u0161anu un noliek\u0161anu, padarot to \u0113rti lietojamu da\u017e\u0101dos materi\u0101lu apstr\u0101des darbos. Hidrauliskaj\u0101 sist\u0113m\u0101 kausa cilindrs nodro\u0161ina prec\u012bzu kausa kontroli, mainot hidraulisk\u0101s e\u013c\u013cas spiedienu, \u013caujot operatoriem efekt\u012bvi apstr\u0101d\u0101t smagas kravas un piel\u0101goties sare\u017e\u0123\u012btai darba videi un da\u017e\u0101d\u0101m darba pras\u012bb\u0101m.<\/p>\n<h3>Defin\u012bcija un skaidrojums<\/h3>\n<p>Yuchai YC85-8 kausa cilindrs ir hidraulisk\u0101 cilindra veids, kas \u012bpa\u0161i paredz\u0113ts kausa kust\u012bbas vad\u012bbai smagaj\u0101s ma\u0161\u012bn\u0101s. Tas \u013cauj prec\u012bzi kontrol\u0113t kausa pacel\u0161anas, nolai\u0161anas un sasv\u0113r\u0161anas kust\u012bbas, \u013caujot operatoriem efekt\u012bvi apstr\u0101d\u0101t smagas kravas un piel\u0101goties da\u017e\u0101diem darba apst\u0101k\u013ciem un pras\u012bb\u0101m. Kausa cilindrs izmanto hidraulisk\u0101s e\u013c\u013cas spiedienu, lai pan\u0101ktu prec\u012bzu vad\u012bbu, nodro\u0161inot vienm\u0113r\u012bgu un uzticamu darb\u012bbu.<\/p>\n<p><img decoding=\"async\" src=\"https:\/\/www.hydraulic-cylinders.net\/wp-content\/uploads\/2025\/01\/songte-company-2.webp\" alt=\"Kausa cilindra att\u0113ls\"><\/p>\n<h2>Funkcijas<\/h2>\n<ul>\n<li>Augsta iztur\u012bba un ilgm\u016b\u017e\u012bba: Parasti no augstas stipr\u012bbas t\u0113rauda vai alum\u012bnija izgatavotais kausa cilindrs sp\u0113j iztur\u0113t augstu spiedienu un lielas slodzes, padarot to piem\u0113rotu skarbai darba videi. Tas ir izstr\u0101d\u0101ts, lai iztur\u0113tu nodilumu un koroziju, nodro\u0161inot ilg\u0101ku kalpo\u0161anas laiku.<\/li>\n<li>Efekt\u012bva hidraulisk\u0101 darb\u012bba: Izmantojot hidraulisk\u0101s e\u013c\u013cas spiedienu, kausa cilindrs nodro\u0161ina vienm\u0113r\u012bgu izstiep\u0161anu un ievilk\u0161anu, \u013caujot \u0101tri rea\u0123\u0113t uz vad\u012bbas komand\u0101m. Tas nodro\u0161ina sp\u0113c\u012bgus stum\u0161anas un vilk\u0161anas sp\u0113kus, padarot to piem\u0113rotu smagu kravu apstr\u0101dei un sare\u017e\u0123\u012btu darbu uzdevumiem.<\/li>\n<li>Da\u017e\u0101di veidi: Kausa cilindrs ir pieejams gan vienas darb\u012bbas (hidrauliskais spiediens tiek izmantots vien\u0101 virzien\u0101), gan divk\u0101r\u0161as darb\u012bbas (hidrauliskais spiediens tiek izmantots abos virzienos) konfigur\u0101cij\u0101s, lai apmierin\u0101tu da\u017e\u0101das ekspluat\u0101cijas vajadz\u012bbas. Da\u017ei mode\u013ci ir teleskopiski, kas \u013cauj pan\u0101kt liel\u0101ku pagarin\u0101jumu, nepalielinot \u0101r\u0113jos izm\u0113rus, padarot tos piem\u0113rotus lietojumiem ar ierobe\u017eotu vietu.<\/li>\n<li>Perfekta nomai\u0146a: m\u016bsu produkts var perfekti aizst\u0101t eso\u0161os hidrauliskos cilindrus. M\u0113s pied\u0101v\u0101jam pla\u0161u iesp\u0113ju kl\u0101stu, lai apmierin\u0101tu \u012bpa\u0161as pras\u012bbas.<\/li>\n<\/ul>\n<p><img decoding=\"async\" src=\"https:\/\/www.hydraulic-cylinders.net\/wp-content\/uploads\/2025\/01\/songte-cylinder-head-with-all-kinds-excavator-models.webp\" alt=\"Produkta aizst\u0101\u0161anas att\u0113ls\"><\/p>\n<h2>Pieteikumi<\/h2>\n<p>Yuchai YC85-8 kausa cilindrs tiek izmantots da\u017e\u0101d\u0101s nozar\u0113s un iek\u0101rt\u0101s:<\/p>\n<ul>\n<li>B\u016bvniec\u012bbas tehnika: Ekskavatoros t\u0101s ir svar\u012bgas augsnes vai gru\u017eu rak\u0161anai, iekrau\u0161anai un p\u0101rvieto\u0161anai. Ekskavatoros-iekr\u0101v\u0113jos kausa cilindrs pal\u012bdz gan rak\u0161anas, gan cel\u0161anas darbos.<\/li>\n<li>Lauksaimniec\u012bbas tehnika: Izmanto front\u0101lajos iekr\u0101v\u0113jos augsnes, siena un citu materi\u0101lu sav\u0101k\u0161anai, cel\u0161anai un transport\u0113\u0161anai.<\/li>\n<li>Ekskavatori: Kausa cilindrs nodro\u0161ina rak\u0161anas darb\u012bbas, \u013caujot kausam iek\u013c\u016bt augsn\u0113.<\/li>\n<li>Front\u0101lie iekr\u0101v\u0113ji: Front\u0101lajos iekr\u0101v\u0113jos tie pal\u012bdz efekt\u012bvi pacelt un izg\u0101zt preces.<\/li>\n<\/ul>\n<h3>Celtniec\u012bbas apr\u012bkojums<\/h3>\n<p>B\u016bvniec\u012bbas tehnik\u0101 kausa cilindrs ir \u013coti svar\u012bgs rak\u0161anas, iekrau\u0161anas un augsnes vai gru\u017eu p\u0101rvieto\u0161anas darbiem. Ekskavatoros-iekr\u0101v\u0113jos kausa cilindrs pal\u012bdz gan rak\u0161anas, gan cel\u0161anas darbos.<\/p>\n<h3>Lauksaimniec\u012bbas tehnika<\/h3>\n<p>Lauksaimniec\u012bbas ma\u0161\u012bn\u0101s kausa cilindru izmanto front\u0101lajos iekr\u0101v\u0113jos augsnes, siena un citu materi\u0101lu sav\u0101k\u0161anai, cel\u0161anai un transport\u0113\u0161anai.<\/p>\n<h3>Ekskavatori<\/h3>\n<p>Ekskavatoros kausa cilindrs nodro\u0161ina rak\u0161anas darb\u012bbas, \u013caujot kausam iek\u013c\u016bt augsn\u0113.<\/p>\n<h3>Front\u0101lie iekr\u0101v\u0113ji<\/h3>\n<p>Front\u0101lajos iekr\u0101v\u0113jos kausa cilindrs pal\u012bdz efekt\u012bvi pacelt un izg\u0101zt preces.<\/p>\n<h2>Dizaina apsv\u0113rumi un atlases krit\u0113riji<\/h2>\n<p>Run\u0101jot par kausa cilindru konstrukciju, iz\u0161\u0137iro\u0161a noz\u012bme ir vair\u0101kiem apsv\u0113rumiem un atlases krit\u0113rijiem:<\/p>\n<ul>\n<li>Nestsp\u0113ja: Kausa cilindram j\u0101b\u016bt konstru\u0113tam t\u0101, lai tas iztur\u0113tu paredzamo slodzi ar pietiekamu dro\u0161\u012bbas rezervi.<\/li>\n<li>Bl\u012bv\u0113jums: Pareiza bl\u012bv\u0113\u0161ana ir b\u016btiska, lai nov\u0113rstu nopl\u016bdes un nodro\u0161in\u0101tu efekt\u012bvu hidraulisko darb\u012bbu. Lai saglab\u0101tu hidraulisk\u0101s sist\u0113mas integrit\u0101ti, tiek izmantoti da\u017e\u0101di bl\u012bv\u0113\u0161anas komponenti, piem\u0113ram, virzu\u013ca bl\u012bv\u0113jumi un stie\u0146a bl\u012bv\u0113jumi.<\/li>\n<li>Iztur\u012bba: Kausa cilindram j\u0101sp\u0113j iztur\u0113t sare\u017e\u0123\u012btus darba apst\u0101k\u013cus un b\u016bt iztur\u012bgam pret nodilumu un koroziju. Lai uzlabotu iztur\u012bbu, tiek izmantoti augstas kvalit\u0101tes materi\u0101li un virsmas apstr\u0101de.<\/li>\n<li>Dro\u0161\u012bba: Projekt\u0113\u0161an\u0101 j\u0101iek\u013cauj dro\u0161\u012bbas elementi, lai aizsarg\u0101tu operatorus un nov\u0113rstu negad\u012bjumus. Tas ietver dro\u0161\u012bbas v\u0101rstus un citus meh\u0101nismus p\u0101rm\u0113r\u012bga spiediena vai p\u0113k\u0161\u0146u kust\u012bbu kontrolei.<\/li>\n<li>Uzturam\u012bba: Vienk\u0101r\u0161a apkope un remonts ir b\u016btiski, lai samazin\u0101tu d\u012bkst\u0101ves laiku. J\u0101\u0146em v\u0113r\u0101 pieejam\u012bba p\u0101rbaudei, komponentu nomai\u0146ai un kalibr\u0113\u0161anas vienk\u0101r\u0161\u012bba.<\/li>\n<\/ul>\n<p><img decoding=\"async\" src=\"https:\/\/www.hydraulic-cylinders.net\/wp-content\/uploads\/2025\/01\/songte-oil-pipes-and-spare-parts.webp\" alt=\"Dizaina apsv\u0113rumu att\u0113ls\"><\/p>\n<h2>Bl\u012bv\u0113\u0161ana un e\u013c\u013co\u0161ana<\/h2>\n<p>Kausa cilindr\u0101 ir iestr\u0101d\u0101ti da\u017e\u0101di bl\u012bv\u0113\u0161anas komponenti, lai nodro\u0161in\u0101tu pareizu bl\u012bv\u0113\u0161anu un e\u013c\u013co\u0161anu:<\/p>\n<ul>\n<li>Bl\u012bv\u0113jumu veidi: Virzu\u013ca bl\u012bv\u0113jumi, stie\u0146u bl\u012bv\u0113jumi un cita veida bl\u012bv\u0113jumi tiek izmantoti, lai nov\u0113rstu \u0161\u0137idruma nopl\u016bdi un uztur\u0113tu efekt\u012bvu hidraulisko darb\u012bbu. \u0160ie bl\u012bv\u0113jumi parasti ir izgatavoti no nodilumiztur\u012bgiem materi\u0101liem, piem\u0113ram, poliuret\u0101na un nitrila gumijas.<\/li>\n<li>Virsmas apstr\u0101de: Cilindra korpuss un v\u012bt\u0146otie gali tiek pak\u013cauti smalkai virsmas apstr\u0101dei, lai uzlabotu nodilumiztur\u012bbu un nodro\u0161in\u0101tu pareizu bl\u012bv\u0113jumu.<\/li>\n<li>E\u013c\u013co\u0161ana: Lai nodro\u0161in\u0101tu vienm\u0113r\u012bgu darb\u012bbu un pagarin\u0101tu kausa cilindra kalpo\u0161anas laiku, ir nepiecie\u0161ama regul\u0101ra e\u013c\u013co\u0161ana ar atbilsto\u0161u hidraulisk\u0101s e\u013c\u013cas daudzumu.<\/li>\n<\/ul>\n<h2>Regul\u0101ras p\u0101rbaudes un profilaktisk\u0101s apkopes pas\u0101kumi<\/h2>\n<p>Lai nodro\u0161in\u0101tu kausa cilindra optim\u0101lu veiktsp\u0113ju un ilgm\u016b\u017e\u012bbu, j\u0101veic regul\u0101ras p\u0101rbaudes un j\u0101veic profilaktisk\u0101s apkopes pas\u0101kumi:<\/p>\n<ul>\n<li>Regul\u0101ra p\u0101rbaude: Periodiski p\u0101rbaudiet kausa cilindru, vai nav nodiluma, boj\u0101jumu vai nopl\u016b\u017eu paz\u012bmju. P\u0101rbaudiet stiprin\u0101juma punktus un savienojumus, vai tie ir pareizi izl\u012bdzin\u0101ti un stingri.<\/li>\n<li>Pareiza e\u013c\u013co\u0161ana: Iev\u0113rojiet ra\u017eot\u0101ja nor\u0101d\u012bjumus par e\u013c\u013co\u0161anu. Lai nodro\u0161in\u0101tu vienm\u0113r\u012bgu darb\u012bbu, uzkl\u0101jiet ieteicamo sm\u0113rvielu atbilsto\u0161os interv\u0101los.<\/li>\n<li>Bl\u012bv\u0113juma nomai\u0146a: Ja k\u0101dam no bl\u012bv\u0113jumiem ir nodiluma vai boj\u0101juma paz\u012bmes, tas nekav\u0113joties j\u0101nomaina, lai nov\u0113rstu \u0161\u0137idruma nopl\u016bdi un uztur\u0113tu efekt\u012bvu hidraulisko darb\u012bbu.<\/li>\n<li>Kalibr\u0113\u0161anas p\u0101rbaude: periodiski p\u0101rbaudiet un kalibr\u0113jiet kausa cilindru, lai nodro\u0161in\u0101tu prec\u012bzu vad\u012bbu un optim\u0101lu veiktsp\u0113ju.<\/li>\n<\/ul>\n<p><img decoding=\"async\" src=\"https:\/\/www.hydraulic-cylinders.net\/wp-content\/uploads\/2025\/01\/songte-chushion-collar.webp\" alt=\"Apkopes pas\u0101kumu att\u0113ls\"><\/p>\n<h2>Dro\u0161\u012bbas apsv\u0113rumi un vides faktori<\/h2>\n<p>Izmantojot kausa cilindru, ir svar\u012bgi noteikt dro\u0161\u012bbas pas\u0101kumu priorit\u0101ti, lai nov\u0113rstu negad\u012bjumus un nodro\u0161in\u0101tu operatora labsaj\u016btu. Dro\u0161\u012bbas pas\u0101kumos j\u0101iek\u013cauj:<\/p>\n<ul>\n<li>Pareiza apm\u0101c\u012bba: Operatoriem j\u0101sa\u0146em padzi\u013cin\u0101ta apm\u0101c\u012bba par kausa cilindra dro\u0161u lieto\u0161anu un ekspluat\u0101ciju.<\/li>\n<li>Aizsargl\u012bdzek\u013ci: Operatoriem j\u0101valk\u0101 atbilsto\u0161i individu\u0101lie aizsardz\u012bbas l\u012bdzek\u013ci, piem\u0113ram, aizsargbrilles un cimdi, lai pasarg\u0101tu sevi darb\u012bbas laik\u0101.<\/li>\n<li>Ietekme uz vidi: Izmantojot kausa cilindru, \u0146emiet v\u0113r\u0101 ietekmi uz vidi un nodro\u0161iniet atbilst\u012bbu attiec\u012bgajiem noteikumiem.<\/li>\n<\/ul>\n<h2>K\u013c\u016bmju diagnostika un bie\u017e\u0101k sastopam\u0101s probl\u0113mas<\/h2>\n<p>Ja rodas probl\u0113mas ar kausa cilindru, \u0161ie padomi un risin\u0101jumi var pal\u012bdz\u0113t efekt\u012bvi diagnostic\u0113t un nov\u0113rst probl\u0113mas:<\/p>\n<ul>\n<li>Padomi k\u013c\u016bmju nov\u0113r\u0161anai: Nosakiet k\u013c\u016bmes raksturu, piem\u0113ram, \u0161\u0137idruma nopl\u016bdi vai neparastu darb\u012bbu, un p\u0101rbaudiet attiec\u012bg\u0101s sast\u0101vda\u013cas, vai t\u0101s nav boj\u0101tas vai nodilu\u0161as.<\/li>\n<li>Risin\u0101jumu ieteikumi: Pamatojoties uz k\u013c\u016bmes diagnozi, veiciet atbilsto\u0161us risin\u0101jumus, piem\u0113ram, nomainiet boj\u0101tus bl\u012bv\u0113jumus vai piel\u0101gojiet kalibr\u0113\u0161anu, lai nov\u0113rstu probl\u0113mu.<\/li>\n<li>","protected":false},"excerpt":{"rendered":"<p>Bucket Cylinder For Yuchai YC85-8 Introduction The bucket cylinder for Yuchai YC85-8 is a specially designed hydraulic cylinder that is used to control the movement of the bucket in heavy machinery such as excavators, backhoe loaders, and front loaders. Its main function is to enable the lifting, lowering, and tilting of the bucket, making it [&hellip;]<\/p>","protected":false},"featured_media":14782,"comment_status":"open","ping_status":"closed","template":"","meta":{"_et_pb_use_builder":"","_et_pb_old_content":"","_et_gb_content_width":""},"product_brand":[],"product_cat":[1494],"product_tag":[1495,1496],"class_list":{"0":"post-15857","1":"product","2":"type-product","3":"status-publish","4":"has-post-thumbnail","6":"product_cat-bucket-cylinders","7":"product_tag-bucket-cylinders","8":"product_tag-hydraulic-cylinders","10":"first","11":"instock","12":"shipping-taxable","13":"product-type-simple"},"amp_enabled":true,"_links":{"self":[{"href":"https:\/\/www.hydraulic-cylinders.net\/lv\/wp-json\/wp\/v2\/product\/15857","targetHints":{"allow":["GET"]}}],"collection":[{"href":"https:\/\/www.hydraulic-cylinders.net\/lv\/wp-json\/wp\/v2\/product"}],"about":[{"href":"https:\/\/www.hydraulic-cylinders.net\/lv\/wp-json\/wp\/v2\/types\/product"}],"replies":[{"embeddable":true,"href":"https:\/\/www.hydraulic-cylinders.net\/lv\/wp-json\/wp\/v2\/comments?post=15857"}],"wp:featuredmedia":[{"embeddable":true,"href":"https:\/\/www.hydraulic-cylinders.net\/lv\/wp-json\/wp\/v2\/media\/14782"}],"wp:attachment":[{"href":"https:\/\/www.hydraulic-cylinders.net\/lv\/wp-json\/wp\/v2\/media?parent=15857"}],"wp:term":[{"taxonomy":"product_brand","embeddable":true,"href":"https:\/\/www.hydraulic-cylinders.net\/lv\/wp-json\/wp\/v2\/product_brand?post=15857"},{"taxonomy":"product_cat","embeddable":true,"href":"https:\/\/www.hydraulic-cylinders.net\/lv\/wp-json\/wp\/v2\/product_cat?post=15857"},{"taxonomy":"product_tag","embeddable":true,"href":"https:\/\/www.hydraulic-cylinders.net\/lv\/wp-json\/wp\/v2\/product_tag?post=15857"}],"curies":[{"name":"wp","href":"https:\/\/api.w.org\/{rel}","templated":true}]}}