{"id":15863,"date":"2025-01-19T15:05:29","date_gmt":"2025-01-19T15:05:29","guid":{"rendered":"https:\/\/www.hydraulic-cylinders.net\/product\/bucket-cylinder-for-yuchai-yc60-8\/"},"modified":"2025-01-19T15:05:31","modified_gmt":"2025-01-19T15:05:31","slug":"bucket-cylinder-for-yuchai-yc60-8","status":"publish","type":"product","link":"https:\/\/www.hydraulic-cylinders.net\/lv\/products\/bucket-cylinder-for-yuchai-yc60-8\/","title":{"rendered":"Kausa cilindrs Yuchai YC60-8"},"content":{"rendered":"<h2>Kausa cilindrs Yuchai YC60-8<\/h2>\n<p>Ievads:<\/p>\n<p>Yuchai YC60-8 kausa cilindrs ir \u012bpa\u0161i izstr\u0101d\u0101ts hidrauliskais cilindrs, ko izmanto, lai kontrol\u0113tu kausa kust\u012bbu smagaj\u0101s ma\u0161\u012bn\u0101s, piem\u0113ram, ekskavatoros, univers\u0101lajos iekr\u0101v\u0113jos un front\u0101lajos iekr\u0101v\u0113jos. T\u0101 galven\u0101 funkcija ir nodro\u0161in\u0101t kausa pacel\u0161anu, nolai\u0161anu un noliek\u0161anu, atvieglojot da\u017e\u0101dus materi\u0101lu apstr\u0101des uzdevumus. Hidrauliskaj\u0101 sist\u0113m\u0101 kausa cilindrs prec\u012bzi kontrol\u0113 kausa kust\u012bbu, mainot hidraulisk\u0101s e\u013c\u013cas spiedienu, \u013caujot operatoriem efekt\u012bvi apstr\u0101d\u0101t smagas kravas un piel\u0101goties sare\u017e\u0123\u012btai darba videi un da\u017e\u0101d\u0101m darba pras\u012bb\u0101m.<\/p>\n<p><img decoding=\"async\" src=\"https:\/\/www.hydraulic-cylinders.net\/wp-content\/uploads\/2025\/01\/songte-company-2.webp\" alt=\"Kausa cilindra att\u0113ls\"><\/p>\n<h2>Funkcijas:<\/h2>\n<ul>\n<li>Augsta iztur\u012bba un ilgm\u016b\u017e\u012bba: Parasti no augstas stipr\u012bbas t\u0113rauda vai alum\u012bnija izgatavotais kausa cilindrs var iztur\u0113t augstu spiedienu un lielas slodzes, piel\u0101gojoties skarbai darba videi. T\u0101 konstrukcija \u0146em v\u0113r\u0101 nodilumiztur\u012bbu un korozijas iztur\u012bbu, pagarinot t\u0101 kalpo\u0161anas laiku.<\/li>\n<li>Efekt\u012bva hidraulisk\u0101 darb\u012bba: Izmantojot hidraulisk\u0101s e\u013c\u013cas spiedienu, kausa cilindrs pan\u0101k vienm\u0113r\u012bgu izstiep\u0161anu un ievilk\u0161anu, \u0101tri rea\u0123\u0113jot uz vad\u012bbas komand\u0101m un nodro\u0161inot jaud\u012bgu stum\u0161anas un vilk\u0161anas sp\u0113ku, kas piem\u0113rots smagu kravu apstr\u0101dei un sare\u017e\u0123\u012btu uzdevumu veik\u0161anai.<\/li>\n<li>Da\u017e\u0101di veidi: Kausa cilindru var izv\u0113l\u0113ties k\u0101 vienk\u0101r\u0161\u0101s darb\u012bbas (hidrauliski tiek izmantots tikai vien\u0101 virzien\u0101) vai divk\u0101r\u0161\u0101s darb\u012bbas (hidrauliski tiek izmantots abos virzienos) atkar\u012bb\u0101 no ekspluat\u0101cijas pras\u012bb\u0101m. Da\u017ei mode\u013ci ir teleskopiski, kas \u013cauj pan\u0101kt liel\u0101ku pagarin\u0101jumu, nepalielinot \u0101r\u0113jos izm\u0113rus, padarot tos piem\u0113rotus lieto\u0161anai ierobe\u017eot\u0101 telp\u0101.<\/li>\n<li>Perfekta nomai\u0146a: m\u016bsu produkts var lieliski aizst\u0101t citus hidrauliskos cilindrus, nodro\u0161inot l\u012bdzv\u0113rt\u012bgu veiktsp\u0113ju.<\/li>\n<\/ul>\n<p><img decoding=\"async\" src=\"https:\/\/www.hydraulic-cylinders.net\/wp-content\/uploads\/2025\/01\/songte-cylinder-head-with-all-kinds-excavator-models.webp\" alt=\"Produkta aizst\u0101\u0161anas att\u0113ls\"><\/p>\n<h2>Lietojumi:<\/h2>\n<p>Kausa cilindrs tiek pla\u0161i izmantots da\u017e\u0101dos pielietojumos, tostarp:<\/p>\n<ol>\n<li>B\u016bvniec\u012bbas tehnika: atrodama ekskavatoros, t\u0101 ir \u013coti svar\u012bga rak\u0161anas, iekrau\u0161anas un augsnes vai gru\u017eu p\u0101rvieto\u0161anas darbiem. Ekskavatoros-iekr\u0101v\u0113jos kausa cilindrs pal\u012bdz gan rak\u0161an\u0101, gan cel\u0161an\u0101.<\/li>\n<li>Lauksaimniec\u012bbas tehnika: Izmanto front\u0101lajos iekr\u0101v\u0113jos, tie pal\u012bdz sav\u0101kt, pacelt un transport\u0113t augsni, sienu un citus materi\u0101lus.<\/li>\n<li>Ekskavatori: Kausa cilindrs \u013cauj veikt izrakumus, \u013caujot kausam iek\u013c\u016bt augsn\u0113.<\/li>\n<li>Iekr\u0101v\u0113ji: Front\u0101lajos iekr\u0101v\u0113jos tie pal\u012bdz efekt\u012bvi pacelt un izkraut kravu.<\/li>\n<\/ol>\n<h2>Dizaina apsv\u0113rumi un atlases krit\u0113riji:<\/h2>\n<p>Run\u0101jot par dizaina apsv\u0113rumiem, iz\u0161\u0137iro\u0161a noz\u012bme ir vair\u0101kiem faktoriem, piem\u0113ram:<\/p>\n<ul>\n<li>Nestsp\u0113ja: kausa cilindra sp\u0113ja iztur\u0113t lielas slodzes un spiedienu.<\/li>\n<li>Bl\u012bv\u0113jums: Da\u017e\u0101du bl\u012bv\u0113jumu, piem\u0113ram, virzu\u013ca bl\u012bv\u0113jumu un stie\u0146a bl\u012bv\u0113jumu, izmanto\u0161ana, kas izgatavoti no nodilumiztur\u012bgiem materi\u0101liem, piem\u0113ram, poliuret\u0101na un nitrila gumijas.<\/li>\n<li>Iztur\u012bba: Cilindra korpuss un v\u012bt\u0146otie gali tiek r\u016bp\u012bgi apstr\u0101d\u0101ti, lai uzlabotu nodilumiztur\u012bbu.<\/li>\n<li>Dro\u0161\u012bba: Balona dro\u0161as darb\u012bbas nodro\u0161in\u0101\u0161ana un negad\u012bjumu nov\u0113r\u0161ana.<\/li>\n<li>Uzturam\u012bba: Vienk\u0101r\u0161a piek\u013cuve apkopes un remonta vajadz\u012bb\u0101m.<\/li>\n<\/ul>\n<p><img decoding=\"async\" src=\"https:\/\/www.hydraulic-cylinders.net\/wp-content\/uploads\/2025\/01\/songte-oil-pipes-and-spare-parts.webp\" alt=\"Produkta dizaina att\u0113ls\"><\/p>\n<h2>Bl\u012bv\u0113\u0161ana un e\u013c\u013co\u0161ana:<\/h2>\n<p>Kausa cilindr\u0101 tiek izmantoti da\u017e\u0101di bl\u012bv\u0113jumi, piem\u0113ram, virzu\u013ca bl\u012bv\u0113jumi un stie\u0146a bl\u012bv\u0113jumi, kas izgatavoti no nodilumiztur\u012bgiem materi\u0101liem, piem\u0113ram, poliuret\u0101na un nitrila gumijas. Cilindra korpuss un v\u012bt\u0146otie gali ir smalki apstr\u0101d\u0101ti, lai uzlabotu nodilumiztur\u012bbu. Lai nodro\u0161in\u0101tu vienm\u0113r\u012bgu darb\u012bbu, ir nepiecie\u0161ama regul\u0101ra e\u013c\u013co\u0161ana ar atbilsto\u0161u hidraulisko e\u013c\u013cu.<\/p>\n<h2>P\u0101rbaude un profilaktisk\u0101 apkope:<\/h2>\n<p>Regul\u0101ras p\u0101rbaudes un profilaktisk\u0101s apkopes pas\u0101kumi ir b\u016btiski optim\u0101lai veiktsp\u0113jai. \u0160eit ir ieteicamie uzdevumi:<\/p>\n<ul>\n<li>Regul\u0101ras p\u0101rbaudes<\/li>\n<li>Pareiza e\u013c\u013co\u0161ana<\/li>\n<li>Bl\u012bv\u0113juma nomai\u0146a<\/li>\n<li>Kalibr\u0113\u0161anas p\u0101rbaudes<\/li>\n<\/ul>\n<p><img decoding=\"async\" src=\"https:\/\/www.hydraulic-cylinders.net\/wp-content\/uploads\/2025\/01\/songte-chushion-collar.webp\" alt=\"Apkopes att\u0113ls\"><\/p>\n<h2>Dro\u0161\u012bbas apsv\u0113rumi un vides faktori:<\/h2>\n<p>Dro\u0161\u012bbas pas\u0101kumu iev\u0113ro\u0161ana, lietojot kausu cilindrus, ir \u0101rk\u0101rt\u012bgi svar\u012bga. J\u0101\u0146em v\u0113r\u0101 ar\u012b vides faktori, lai samazin\u0101tu jebk\u0101du iesp\u0113jamo negat\u012bvo ietekmi.<\/p>\n<h2>Probl\u0113mu nov\u0113r\u0161ana un bie\u017ei sastopamas probl\u0113mas:<\/h2>\n<p>Pareiza probl\u0113mu nov\u0113r\u0161ana un savlaic\u012bgi risin\u0101jumi ir \u013coti svar\u012bgi bie\u017ei sastopamu probl\u0113mu risin\u0101\u0161anai. \u0160eit ir da\u017ei padomi un risin\u0101jumi efekt\u012bvai diagnostikai un probl\u0113mu risin\u0101\u0161anai:<\/p>\n<h2>Uz\u0146\u0113muma p\u0101rskats:<\/h2>\n<p>M\u0113s esam vado\u0161ais rezerves hidraulisko cilindru ra\u017eot\u0101js un vairumtirdzniec\u012bbas izplat\u012bt\u0101js gan viet\u0113j\u0101, gan starptautiskaj\u0101 tirg\u016b. M\u016bsu pla\u0161ais produktu kl\u0101sts un ap\u0146em\u0161an\u0101s sasniegt izcil\u012bbu ir padar\u012bjusi m\u016bs par vienu no nozares l\u012bderiem. M\u0113s iev\u0113rojam stingrus kvalit\u0101tes standartus un izmantojam progres\u012bvus ra\u017eo\u0161anas procesus, tostarp kvalific\u0113tu tehni\u0137u, modern\u0101k\u0101 apr\u012bkojuma un profesion\u0101lu test\u0113\u0161anas sist\u0113mu izmanto\u0161anu. Koncentr\u0113joties uz efektivit\u0101ti, precizit\u0101ti un izcilu kvalit\u0101ti, m\u0113s apmierin\u0101m da\u017e\u0101das klientu vajadz\u012bbas.<\/p>\n<p><img decoding=\"async\" src=\"https:\/\/www.hydraulic-cylinders.net\/wp-content\/uploads\/2025\/01\/songte-company-3.webp\" alt=\"Uz\u0146\u0113muma t\u0113ls\"><\/p>\n<p>M\u016bsu uz\u0146\u0113mums ir paz\u012bstams ar:<\/p>\n<ul>\n<li>Ekspert\u012bze un profesionalit\u0101te<\/li>\n<li>Starptautisk\u0101s sertifik\u0101cijas<\/li>\n<li>Piel\u0101go\u0161anas pakalpojumi<\/li>\n<li>Uzlabotas ra\u017eo\u0161anas iek\u0101rtas<\/li>\n<li>Atsauc\u012bgs p\u0113cp\u0101rdo\u0161anas serviss<\/li>\n<\/ul>\n<p>Autors: lil<\/p>\n<p><img decoding=\"async\" src=\"https:\/\/hzpt.com\/wp-content\/uploads\/2024\/11\/songte-company-1.webp\" alt=\"Uz\u0146\u0113muma t\u0113ls\"><\/p>","protected":false},"excerpt":{"rendered":"<p>Bucket Cylinder For Yuchai YC60-8 Introduction: The bucket cylinder for Yuchai YC60-8 is a specially designed hydraulic cylinder used to control the movement of the bucket in heavy machinery such as excavators, backhoe loaders, and front-end loaders. Its main function is to enable the lifting, lowering, and tilting of the bucket, facilitating various material handling [&hellip;]<\/p>","protected":false},"featured_media":14769,"comment_status":"open","ping_status":"closed","template":"","meta":{"_et_pb_use_builder":"","_et_pb_old_content":"","_et_gb_content_width":""},"product_brand":[],"product_cat":[1494],"product_tag":[1495,1496],"class_list":{"0":"post-15863","1":"product","2":"type-product","3":"status-publish","4":"has-post-thumbnail","6":"product_cat-bucket-cylinders","7":"product_tag-bucket-cylinders","8":"product_tag-hydraulic-cylinders","10":"first","11":"instock","12":"shipping-taxable","13":"product-type-simple"},"amp_enabled":true,"_links":{"self":[{"href":"https:\/\/www.hydraulic-cylinders.net\/lv\/wp-json\/wp\/v2\/product\/15863","targetHints":{"allow":["GET"]}}],"collection":[{"href":"https:\/\/www.hydraulic-cylinders.net\/lv\/wp-json\/wp\/v2\/product"}],"about":[{"href":"https:\/\/www.hydraulic-cylinders.net\/lv\/wp-json\/wp\/v2\/types\/product"}],"replies":[{"embeddable":true,"href":"https:\/\/www.hydraulic-cylinders.net\/lv\/wp-json\/wp\/v2\/comments?post=15863"}],"wp:featuredmedia":[{"embeddable":true,"href":"https:\/\/www.hydraulic-cylinders.net\/lv\/wp-json\/wp\/v2\/media\/14769"}],"wp:attachment":[{"href":"https:\/\/www.hydraulic-cylinders.net\/lv\/wp-json\/wp\/v2\/media?parent=15863"}],"wp:term":[{"taxonomy":"product_brand","embeddable":true,"href":"https:\/\/www.hydraulic-cylinders.net\/lv\/wp-json\/wp\/v2\/product_brand?post=15863"},{"taxonomy":"product_cat","embeddable":true,"href":"https:\/\/www.hydraulic-cylinders.net\/lv\/wp-json\/wp\/v2\/product_cat?post=15863"},{"taxonomy":"product_tag","embeddable":true,"href":"https:\/\/www.hydraulic-cylinders.net\/lv\/wp-json\/wp\/v2\/product_tag?post=15863"}],"curies":[{"name":"wp","href":"https:\/\/api.w.org\/{rel}","templated":true}]}}