{"id":15866,"date":"2025-01-19T15:05:41","date_gmt":"2025-01-19T15:05:41","guid":{"rendered":"https:\/\/www.hydraulic-cylinders.net\/product\/bucket-cylinder-for-yuchai-yc240lc-8\/"},"modified":"2025-01-19T15:05:46","modified_gmt":"2025-01-19T15:05:46","slug":"bucket-cylinder-for-yuchai-yc240lc-8","status":"publish","type":"product","link":"https:\/\/www.hydraulic-cylinders.net\/lv\/products\/bucket-cylinder-for-yuchai-yc240lc-8\/","title":{"rendered":"Kausa cilindrs Yuchai YC240LC-8"},"content":{"rendered":"<h1>Kausa cilindrs Yuchai YC240LC-8<\/h1>\n<h2>Ievads<\/h2>\n<p>Kausa cilindrs ir speci\u0101li izstr\u0101d\u0101ts hidrauliskais cilindrs, ko galvenok\u0101rt izmanto, lai kontrol\u0113tu kausa kust\u012bbu smagaj\u0101s ma\u0161\u012bn\u0101s, piem\u0113ram, ekskavatoros, iekr\u0101v\u0113jos ar ekskavatoru un front\u0101lajos iekr\u0101v\u0113jos. T\u0101 galven\u0101 funkcija ir nodro\u0161in\u0101t kausa pacel\u0161anu, nolai\u0161anu un noliek\u0161anu, atvieglojot da\u017e\u0101du materi\u0101lu apstr\u0101des uzdevumu veik\u0161anu. Hidrauliskaj\u0101 sist\u0113m\u0101 kausa cilindrs pan\u0101k prec\u012bzu kausa kust\u012bbu kontroli, mainot hidraulisk\u0101s e\u013c\u013cas spiedienu, \u013caujot operatoriem efekt\u012bvi apstr\u0101d\u0101t smagas kravas, piel\u0101goties sare\u017e\u0123\u012btai darba videi un da\u017e\u0101d\u0101m ekspluat\u0101cijas vajadz\u012bb\u0101m.<\/p>\n<p><img decoding=\"async\" src=\"https:\/\/www.hydraulic-cylinders.net\/wp-content\/uploads\/2025\/01\/songte-company-2.webp\" alt=\"Kausa cilindrs\" \/><\/p>\n<h2>Funkcijas<\/h2>\n<ul>\n<li>\n<h3>Augsta iztur\u012bba un ilgm\u016b\u017e\u012bba<\/h3>\n<p>Kausa cilindri parasti ir izgatavoti no augstas stipr\u012bbas t\u0113rauda vai alum\u012bnija, kas sp\u0113j iztur\u0113t augstu spiedienu un lielas slodzes, un ir konstru\u0113ti, \u0146emot v\u0113r\u0101 nodilumiztur\u012bbu un korozijas iztur\u012bbu, pagarinot to kalpo\u0161anas laiku.<\/p>\n<\/li>\n<li>\n<h3>Efekt\u012bva hidraulisk\u0101 darb\u012bba<\/h3>\n<p>Kausa cilindri izmanto hidraulisk\u0101s e\u013c\u013cas spiedienu, lai pan\u0101ktu vienm\u0113r\u012bgu izstiep\u0161anu un ievilk\u0161anu, \u0101tri rea\u0123\u0113jot uz vad\u012bbas komand\u0101m, nodro\u0161inot sp\u0113c\u012bgu stum\u0161anas un vilk\u0161anas sp\u0113ku, kas ir piem\u0113rots smagu kravu apstr\u0101dei un sare\u017e\u0123\u012btiem ekspluat\u0101cijas uzdevumiem.<\/p>\n<\/li>\n<li>\n<h3>Da\u017e\u0101di veidi<\/h3>\n<p>Kausa cilindrus var izv\u0113l\u0113ties k\u0101 vienk\u0101r\u0161\u0101s darb\u012bbas (hidraulisk\u0101 sist\u0113ma tiek izmantota tikai vien\u0101 virzien\u0101) vai divk\u0101r\u0161\u0101s darb\u012bbas (hidraulisk\u0101 sist\u0113ma tiek izmantota abos virzienos) atkar\u012bb\u0101 no pras\u012bb\u0101m, un da\u017ei mode\u013ci ir teleskopiski, kas \u013cauj tos pagarin\u0101t ilg\u0101k, nepalielinot \u0101r\u0113jos izm\u0113rus, un ir piem\u0113roti lietojumiem ar ierobe\u017eotu vietu.<\/p>\n<\/li>\n<li>\n<h3>Perfekta nomai\u0146a<\/h3>\n<p>M\u016bsu uz\u0146\u0113mums ra\u017eo kausu cilindrus, kas var lieliski aizst\u0101t \u0161os hidrauliskos cilindrus.<\/p>\n<p><img decoding=\"async\" src=\"https:\/\/www.hydraulic-cylinders.net\/wp-content\/uploads\/2025\/01\/songte-cylinder-head-with-all-kinds-excavator-models.webp\" alt=\"Kausa cilindra nomai\u0146a\" \/><\/p>\n<\/li>\n<li>\n<h3>Pla\u0161s pielietojums<\/h3>\n<p>Kausa cilindri tiek pla\u0161i izmantoti da\u017e\u0101d\u0101s smagaj\u0101s ma\u0161\u012bn\u0101s, tostarp:<\/p>\n<ul>\n<li><strong>Celtniec\u012bbas apr\u012bkojums:<\/strong> Kausa cilindri ir nepiecie\u0161ami ekskavatoru augsnes vai gru\u017eu rak\u0161anai, iekrau\u0161anai un p\u0101rvieto\u0161anai. Ekskavatoros-iekr\u0101v\u0113jos kausa cilindri pal\u012bdz rakt un celt.<\/li>\n<li><strong>Lauksaimniec\u012bbas tehnika:<\/strong> Izmanto front\u0101lajos iekr\u0101v\u0113jos, kausa cilindri pace\u013c, pace\u013c un transport\u0113 augsni, sienu un citus materi\u0101lus. Ekskavatoros kausa cilindrs iek\u013c\u016bst augsn\u0113, lai pan\u0101ktu rak\u0161anas darb\u012bbu.<\/li>\n<li><strong>Iekr\u0101v\u0113js:<\/strong> Front\u0101l\u0101 iekr\u0101v\u0113ja kausa cilindri pal\u012bdz efekt\u012bvi pacelt un izg\u0101zt preces.<\/li>\n<\/ul>\n<\/li>\n<\/ul>\n<h2>Dizaina apsv\u0113rumi un atlases krit\u0113riji<\/h2>\n<p><img decoding=\"async\" src=\"https:\/\/www.hydraulic-cylinders.net\/wp-content\/uploads\/2025\/01\/songte-oil-pipes-and-spare-parts.webp\" alt=\"Kausa cilindra dizains\" \/><\/p>\n<ul>\n<li>\n<h3>Nestsp\u0113ja<\/h3>\n<p>Kausa cilindri ir konstru\u0113ti t\u0101, lai iztur\u0113tu augstu spiedienu un lielas slodzes, nodro\u0161inot, ka to nestsp\u0113ja atbilst nozares standartiem.<\/p>\n<\/li>\n<li>\n<h3>Bl\u012bv\u0113jums un iztur\u012bba<\/h3>\n<p>Kausu cilindros tiek izmantoti da\u017e\u0101di bl\u012bv\u0113\u0161anas komponenti, piem\u0113ram, virzu\u013ca bl\u012bv\u0113jumi, stie\u0146a bl\u012bv\u0113jumi un stikla t\u012br\u012bt\u0101ja bl\u012bv\u0113jumi, kas izgatavoti no t\u0101diem materi\u0101liem k\u0101 poliuret\u0101ns un nitrila gumija, kas nodro\u0161ina nodilumiztur\u012bbu. Cilindra korpuss un v\u012bt\u0146ot\u0101 gala virsma tiek r\u016bp\u012bgi apstr\u0101d\u0101ta, lai uzlabotu nodilumiztur\u012bbu. E\u013c\u013co\u0161anai ir nepiecie\u0161ams regul\u0101ri pievienot atbilsto\u0161u hidraulisk\u0101s e\u013c\u013cas daudzumu.<\/p>\n<\/li>\n<li>\n<h3>Dro\u0161\u012bba<\/h3>\n<p>Kausa cilindriem ir j\u0101nodro\u0161ina uzticams atbalsts un stabilit\u0101te, lai garant\u0113tu dro\u0161u ekspluat\u0101ciju. Ir j\u0101iev\u0113ro dro\u0161\u012bbas vadl\u012bnijas un j\u0101izv\u0113las atbilsto\u0161i dro\u0161\u012bbas pas\u0101kumi, lai nov\u0113rstu negad\u012bjumus lieto\u0161anas laik\u0101.<\/p>\n<\/li>\n<li>\n<h3>Uzturam\u012bba<\/h3>\n<p>Kausu cilindriem j\u0101b\u016bt konstru\u0113tiem t\u0101, lai tos b\u016btu viegli apkopt un remont\u0113t. Regul\u0101ra p\u0101rbaude, savlaic\u012bga nolietoto deta\u013cu nomai\u0146a un kalibr\u0113\u0161anas p\u0101rbaudes ir b\u016btiskas, lai pagarin\u0101tu to kalpo\u0161anas laiku.<\/p>\n<\/li>\n<\/ul>\n<h2>Instal\u0101cijas rokasgr\u0101mata<\/h2>\n<p>Pareiza uzst\u0101d\u012b\u0161ana ir \u013coti svar\u012bga, lai nodro\u0161in\u0101tu kausa cilindra optim\u0101lu darb\u012bbu. J\u0101veic \u0161\u0101das darb\u012bbas:<\/p>\n<ul>\n<li>\n<h3>Izl\u012bdzin\u0101\u0161ana<\/h3>\n<p>Novietojiet cilindra stieni ar kravas centra l\u012bniju.<\/p>\n<\/li>\n<li>\n<h3>Mont\u0101\u017eas kron\u0161teins<\/h3>\n<p>Cilindra nostiprin\u0101\u0161anai izmantojiet atbilsto\u0161u stiprin\u0101juma kron\u0161teinu.<\/p>\n<\/li>\n<li>\n<h3>E\u013c\u013co\u0161ana<\/h3>\n<p>Pievienojiet cilindram atbilsto\u0161u hidraulisk\u0101s e\u013c\u013cas daudzumu un p\u0101rliecinieties, ka tas ir piln\u012bb\u0101 iee\u013c\u013cots.<\/p>\n<\/li>\n<\/ul>\n<h2>Apkope un remonts<\/h2>\n<p><img decoding=\"async\" src=\"https:\/\/www.hydraulic-cylinders.net\/wp-content\/uploads\/2025\/01\/songte-chushion-collar.webp\" alt=\"Kausa cilindra apkope un remonts\" \/><\/p>\n<ul>\n<li>\n<h3>Regul\u0101ra p\u0101rbaude<\/h3>\n<p>Regul\u0101ra kausa cilindra p\u0101rbaude, vai nav nodiluma, boj\u0101jumu un nopl\u016b\u017eu.<\/p>\n<\/li>\n<li>\n<h3>E\u013c\u013co\u0161ana<\/h3>\n<p>Regul\u0101ra e\u013c\u013co\u0161ana pal\u012bdz nov\u0113rst cilindru deta\u013cu nodilumu.<\/p>\n<\/li>\n<li>\n<h3>Bl\u012bv\u0113juma nomai\u0146a<\/h3>\n<p>Regul\u0101ra bl\u012bvju un bl\u012bvju nomai\u0146a, lai nodro\u0161in\u0101tu pareizu bl\u012bv\u0113jumu un nov\u0113rstu nopl\u016bdes.<\/p>\n<\/li>\n<li>\n<h3>Kalibr\u0113\u0161anas p\u0101rbaude<\/h3>\n<p>Regul\u0101ras kalibr\u0113\u0161anas p\u0101rbaudes nodro\u0161ina cilindra optim\u0101lu un efekt\u012bvu darb\u012bbu.<\/p>\n<\/li>\n<\/ul>\n<h2>Dro\u0161\u012bbas apsv\u0113rumi un vides faktori<\/h2>\n<p>Izmantojot kausu cilindrus, ir svar\u012bgi iev\u0113rot dro\u0161\u012bbas pas\u0101kumus, lai nov\u0113rstu negad\u012bjumus un nodro\u0161in\u0101tu dro\u0161u darb\u012bbu. Turkl\u0101t, izv\u0113loties hidrauliskos cilindrus, j\u0101\u0146em v\u0113r\u0101 vides faktori, lai nov\u0113rstu kait\u0113jumu videi.<\/p>\n<p><img decoding=\"async\" src=\"https:\/\/hzpt.com\/wp-content\/uploads\/2024\/11\/songte-company-1.webp\" alt=\"Kausa cilindra dro\u0161\u012bba\" \/><\/p>\n<h2>K\u013c\u016bmju diagnostika un bie\u017ei sastopam\u0101s probl\u0113mas<\/h2>\n<p><img decoding=\"async\" src=\"https:\/\/www.hydraulic-cylinders.net\/wp-content\/uploads\/2025\/01\/songte-bushings-with-all-kinds-of-excavator-models.webp\" alt=\"Kausa cilindra defektu diagnostika\" \/><\/p>\n<ul>\n<li>\n<h3>Nopl\u016bde<\/h3>\n<p>P\u0101rbaudiet bl\u012bves un bl\u012bves, vai t\u0101s nav boj\u0101tas vai nodilu\u0161as, un, ja nepiecie\u0161ams, nomainiet t\u0101s.<\/p>\n<\/li>\n<li>\n<h3>Samazin\u0101ta veiktsp\u0113ja<\/h3>\n<p>P\u0101rbaudiet hidraulisko sist\u0113mu, vai taj\u0101 nav pies\u0101r\u0146ojuma vai nepareiza \u0161\u0137idruma l\u012bme\u0146a, un p\u0101rliecinieties, vai t\u0101 ir t\u012bra un pareizi uzpild\u012bta.<\/p>\n<\/li>\n<li>\n<h3>Troksnis<\/h3>\n<p>P\u0101rbaudiet cilindru, vai taj\u0101 nav boj\u0101jumu vai nodiluma, un nomainiet boj\u0101t\u0101s deta\u013cas.<\/p>\n<\/li>\n<\/ul>\n<h2>Par m\u016bsu uz\u0146\u0113mumu<\/h2>\n<p><img decoding=\"async\" src=\"https:\/\/www.hydraulic-cylinders.net\/wp-content\/uploads\/2025\/01\/songte-company-3.webp\" alt=\"Par m\u016bsu uz\u0146\u0113mumu\" \/><\/p>\n<p>M\u0113s esam rezerves hidraulisko cilindru ra\u017eot\u0101js ar pilnu produktu kl\u0101stu, k\u013c\u016bstot par vienu no vado\u0161ajiem hidraulisko cilindru ra\u017eot\u0101jiem un vairumtirgot\u0101jiem viet\u0113j\u0101 un \u0101rvalstu tirgos. M\u0113s iev\u0113rojam izcilas kvalit\u0101tes principus, pa\u013caujamies uz smalkra\u017eo\u0161anas darbn\u012bcu industrializ\u0113to ra\u017eo\u0161anas vad\u012bbas strat\u0113\u0123iju, nep\u0101rtraukti uzlabojam darbn\u012bcas ra\u017eo\u0161anas platformu, uzlabojam produkta ra\u017eo\u0161anas kvalit\u0101tes ce\u013cu un mums ir sp\u0113c\u012bgas rado\u0161\u0101s sp\u0113jas, apmierinot klientu da\u017e\u0101d\u0101s vajadz\u012bbas ar augstu efektivit\u0101ti, augstu precizit\u0101ti un augstu kvalit\u0101ti.<\/p>\n<ul>\n<li>\n<h3>Profesionalit\u0101te<\/h3>\n<p>M\u016bsu uz\u0146\u0113mums ir ap\u0146\u0113mies nep\u0101rtraukti att\u012bst\u012bt hidraulisko cilindru tehnolo\u0123iju, un profesion\u0101la in\u017eenieru un tehnisko ekspertu komanda ir vado\u0161\u0101 nozar\u0113 produktu projekt\u0113\u0161an\u0101 un izstr\u0101d\u0113.<\/p>\n<\/li>\n<li>\n<h3>Starptautisk\u0101 sertifik\u0101cija<\/h3>\n<p>M\u016bsu uz\u0146\u0113mums ir ieguvis ISO9001:2015 kvalit\u0101tes vad\u012bbas sist\u0113mas sertifik\u0101tu, kas apliecina m\u016bsu produktu atbilst\u012bbu starptautiskajiem kvalit\u0101tes standartiem.<\/p>\n<\/li>\n<li>\n<h3>Piel\u0101gots pakalpojums<\/h3>\n<p>M\u016bsu uz\u0146\u0113mums pied\u0101v\u0101 piel\u0101gotus hidrauliskos cilindrus, lai apmierin\u0101tu klientu \u012bpa\u0161\u0101s vajadz\u012bbas, nodro\u0161inot augstas kvalit\u0101tes risin\u0101jumus sare\u017e\u0123\u012bt\u0101m hidrauliskaj\u0101m pras\u012bb\u0101m.<\/p>\n<\/li>\n<li>\n<h3>Ra\u017eo\u0161anas iek\u0101rtas<\/h3>\n<p>M\u016bsu uz\u0146\u0113mumam ir modernas ra\u017eo\u0161anas iek\u0101rtas, tostarp CNC apstr\u0101des centri, augstas precizit\u0101tes virpas un citas specializ\u0113tas hidraulisko cilindru ra\u017eo\u0161anas iek\u0101rtas, lai nodro\u0161in\u0101tu augstas kvalit\u0101tes produktus.<\/p>\n<\/li>\n<li>\n<h3>P\u0113cp\u0101rdo\u0161anas serviss<\/h3>\n<p>M\u016bsu uz\u0146\u0113mums nodro\u0161ina visaptvero\u0161u p\u0113cp\u0101rdo\u0161anas servisu, tostarp apkopi, remontu un atjauno\u0161anu, nodro\u0161inot, ka m\u016bsu produkti vienm\u0113r ir lab\u0101kaj\u0101 st\u0101vokl\u012b.<\/p>\n<\/li>\n<\/ul>\n<p>Raksta autore ir Laila.<\/p>","protected":false},"excerpt":{"rendered":"<p>Bucket Cylinder For Yuchai YC240LC-8 Introduction Bucket Cylinder is a specially designed hydraulic cylinder primarily used to control the movement of the bucket in heavy machinery such as excavators, backhoe loaders, and front-end loaders. Its main function is to enable the bucket to lift, lower, and tilt, making it easier to handle various material-handling tasks. [&hellip;]<\/p>","protected":false},"featured_media":14761,"comment_status":"open","ping_status":"closed","template":"","meta":{"_et_pb_use_builder":"","_et_pb_old_content":"","_et_gb_content_width":""},"product_brand":[],"product_cat":[1494],"product_tag":[1495,1496],"class_list":{"0":"post-15866","1":"product","2":"type-product","3":"status-publish","4":"has-post-thumbnail","6":"product_cat-bucket-cylinders","7":"product_tag-bucket-cylinders","8":"product_tag-hydraulic-cylinders","10":"first","11":"instock","12":"shipping-taxable","13":"product-type-simple"},"amp_enabled":true,"_links":{"self":[{"href":"https:\/\/www.hydraulic-cylinders.net\/lv\/wp-json\/wp\/v2\/product\/15866","targetHints":{"allow":["GET"]}}],"collection":[{"href":"https:\/\/www.hydraulic-cylinders.net\/lv\/wp-json\/wp\/v2\/product"}],"about":[{"href":"https:\/\/www.hydraulic-cylinders.net\/lv\/wp-json\/wp\/v2\/types\/product"}],"replies":[{"embeddable":true,"href":"https:\/\/www.hydraulic-cylinders.net\/lv\/wp-json\/wp\/v2\/comments?post=15866"}],"wp:featuredmedia":[{"embeddable":true,"href":"https:\/\/www.hydraulic-cylinders.net\/lv\/wp-json\/wp\/v2\/media\/14761"}],"wp:attachment":[{"href":"https:\/\/www.hydraulic-cylinders.net\/lv\/wp-json\/wp\/v2\/media?parent=15866"}],"wp:term":[{"taxonomy":"product_brand","embeddable":true,"href":"https:\/\/www.hydraulic-cylinders.net\/lv\/wp-json\/wp\/v2\/product_brand?post=15866"},{"taxonomy":"product_cat","embeddable":true,"href":"https:\/\/www.hydraulic-cylinders.net\/lv\/wp-json\/wp\/v2\/product_cat?post=15866"},{"taxonomy":"product_tag","embeddable":true,"href":"https:\/\/www.hydraulic-cylinders.net\/lv\/wp-json\/wp\/v2\/product_tag?post=15866"}],"curies":[{"name":"wp","href":"https:\/\/api.w.org\/{rel}","templated":true}]}}