{"id":1587,"date":"2023-10-07T06:30:23","date_gmt":"2023-10-07T06:30:23","guid":{"rendered":"https:\/\/hydraulic-cylinders.net\/?post_type=product&#038;p=1587"},"modified":"2025-04-11T02:25:26","modified_gmt":"2025-04-11T02:25:26","slug":"rotary-drilling-pressurized-cylinder","status":"publish","type":"product","link":"https:\/\/www.hydraulic-cylinders.net\/lv\/products\/rotary-drilling-pressurized-cylinder\/","title":{"rendered":"Rot\u0101cijas urb\u0161anas spiediena cilindrs"},"content":{"rendered":"<h1 style=\"text-align: center;\"><strong>Rot\u0101cijas urb\u0161anas spiediena cilindrs<\/strong><\/h1>\n<p><img loading=\"lazy\" decoding=\"async\" class=\"aligncenter wp-image-1588\" src=\"https:\/\/hydraulic-cylinders.net\/wp-content\/uploads\/2023\/10\/pressurized-cylinder-1-300x300.webp\" alt=\"\" width=\"400\" height=\"400\" \/><\/p>\n<p>Rot\u0101cijas urb\u0161anas spiediena cilindrs ir augstas veiktsp\u0113jas hidrauliska sast\u0101vda\u013ca, kas \u012bpa\u0161i izstr\u0101d\u0101ta, lai uzlabotu efektivit\u0101ti un precizit\u0101ti rot\u0101cijas urb\u0161anas oper\u0101cij\u0101s. \u0160im cilindram ir iz\u0161\u0137iro\u0161a noz\u012bme urb\u0161anas masta vertik\u0101l\u0101s kust\u012bbas kontrol\u0113\u0161an\u0101, nodro\u0161inot prec\u012bzu pozicion\u0113\u0161anu un optimiz\u0113tu urb\u0161anas veiktsp\u0113ju.<\/p>\n<p>Rot\u0101cijas urb\u0161anas spiediena cilindrs ir neaizst\u0101jams, lai maksim\u0101li palielin\u0101tu efektivit\u0101ti un precizit\u0101ti rot\u0101cijas urb\u0161anas oper\u0101cij\u0101s. Pateicoties t\u0101 izcilajai konstrukcijai, prec\u012bzajai hidrauliskajai vad\u012bbai, regul\u0113jamam g\u0101jiena garumam un uzlabotajai stabilit\u0101tei, \u0161is cilindrs \u013cauj operatoriem prec\u012bzi novietot urb\u0161anas mastu un optimiz\u0113t urb\u0161anas veiktsp\u0113ju. Iev\u0113rojot pareizas lieto\u0161anas metodes un ieteicam\u0101s apkopes prakses, operatori var nodro\u0161in\u0101t rot\u0101cijas urb\u0161anas spiediena cilindra ilgm\u016b\u017e\u012bbu un uzticam\u012bbu, kas nodro\u0161ina dro\u0161as un efekt\u012bvas urb\u0161anas darb\u012bbas. Izv\u0113lieties \u0161o augstas veiktsp\u0113jas hidraulisko komponentu, lai paaugstin\u0101tu savu urb\u0161anas apr\u012bkojumu un sasniegtu izcilus urb\u0161anas rezult\u0101tus.<\/p>\n<p>Rot\u0101cijas urb\u0161anas spiediena cilindra galven\u0101s \u012bpa\u0161\u012bbas:<\/p>\n<ol>\n<li>Augst\u0101k\u0101s kvalit\u0101tes konstrukcija:<\/li>\n<\/ol>\n<ul>\n<li>Rot\u0101cijas urb\u0161anas spiediena cilindrs ir izgatavots no augst\u0101k\u0101s kvalit\u0101tes materi\u0101liem, kas garant\u0113 iztur\u012bbu un ilgm\u016b\u017e\u012bbu.<\/li>\n<li>Tas ir izstr\u0101d\u0101ts, lai iztur\u0113tu urb\u0161anas oper\u0101ciju laik\u0101 radu\u0161os sare\u017e\u0123\u012btos apst\u0101k\u013cus, tostarp lielas slodzes, vibr\u0101cijas un ekstrem\u0101lus vides apst\u0101k\u013cus.<\/li>\n<\/ul>\n<ol start=\"2\">\n<li>Prec\u012bza hidraulisk\u0101 vad\u012bba:<\/li>\n<\/ol>\n<ul>\n<li>\u0160is cilindrs darbojas, izmantojot hidraulisko vad\u012bbas sist\u0113mu, izmantojot spiediena hidraulisko \u0161\u0137idrumu, lai kontrol\u0113tu urb\u0161anas masta vertik\u0101lo kust\u012bbu.<\/li>\n<li>Prec\u012bza hidraulisk\u0101 vad\u012bba nodro\u0161ina prec\u012bzu un atsauc\u012bgu kust\u012bbu, \u013caujot prec\u012bzi pozicion\u0113t un kontrol\u0113t urb\u0161anas darb\u012bbu laik\u0101.<\/li>\n<\/ul>\n<ol start=\"3\">\n<li>Regul\u0113jams g\u0101jiena garums:<\/li>\n<\/ol>\n<ul>\n<li>Rot\u0101cijas urb\u0161anas spiediena cilindrs pied\u0101v\u0101 regul\u0113jamu g\u0101jiena garumu, nodro\u0161inot elast\u012bbu, lai piel\u0101gotos da\u017e\u0101d\u0101m urb\u0161anas pras\u012bb\u0101m un grunts apst\u0101k\u013ciem.<\/li>\n<li>\u0160\u012b regul\u0113jam\u012bba \u013cauj operatoriem sasniegt optim\u0101lu urb\u0161anas veiktsp\u0113ju un piel\u0101goties da\u017e\u0101d\u0101m projekta specifik\u0101cij\u0101m.<\/li>\n<\/ul>\n<ol start=\"4\">\n<li>Uzlabota stabilit\u0101te un dro\u0161\u012bba:<\/li>\n<\/ol>\n<ul>\n<li>Cilindra konstrukcija uzsver stabilit\u0101ti un dro\u0161\u012bbu urb\u0161anas laik\u0101.<\/li>\n<li>Tas efekt\u012bvi samazina vibr\u0101cijas un nodro\u0161ina vienm\u0113r\u012bgas kust\u012bbas, uzlabojot urb\u0161anas masta kop\u0113jo stabilit\u0101ti.<\/li>\n<\/ul>\n<h2><strong>Rot\u0101cijas urb\u0161anas spiediena cilindra parametrs:<\/strong><\/h2>\n<table border=\"1\" cellspacing=\"0\" cellpadding=\"0\">\n<tbody>\n<tr>\n<td>Produkta nosaukums<\/td>\n<td>Rot\u0101cijas urb\u0161anas spiediena cilindrs<\/td>\n<\/tr>\n<tr>\n<td>Funkcijas:<\/td>\n<td>Vadiet jaudas galvas pacel\u0161anu un nolai\u0161anu<\/td>\n<\/tr>\n<tr>\n<td>Urbuma diametrs:<\/td>\n<td>125 mm\uff5e210 mm<\/td>\n<\/tr>\n<tr>\n<td>Stie\u0146a diametrs:<\/td>\n<td>90 mm\uff5e150 mm<br \/>\nG\u0101jiens \u22648500 mm<\/td>\n<\/tr>\n<tr>\n<td>Spiediens:<\/td>\n<td>l\u012bdz 35 MPa<\/td>\n<\/tr>\n<tr>\n<td>Spiediena balonu pielietojumi:<\/td>\n<td>Rot\u0101cijas urb\u0161ana<\/td>\n<\/tr>\n<\/tbody>\n<\/table>\n<h2><strong>Rot\u0101cijas urb\u0161anas spiediena cilindra identifik\u0101cijas sh\u0113ma:<\/strong><\/h2>\n<p><img loading=\"lazy\" decoding=\"async\" class=\"alignnone wp-image-1590 size-full\" src=\"https:\/\/hydraulic-cylinders.net\/wp-content\/uploads\/2023\/10\/pressurized-cylinder-2.webp\" alt=\"\" width=\"1418\" height=\"946\" srcset=\"https:\/\/hydraulic-cylinders.net\/wp-content\/uploads\/2023\/10\/pressurized-cylinder-2.webp 1418w, https:\/\/hydraulic-cylinders.net\/wp-content\/uploads\/2023\/10\/pressurized-cylinder-2-1280x854.webp 1280w, https:\/\/hydraulic-cylinders.net\/wp-content\/uploads\/2023\/10\/pressurized-cylinder-2-980x654.webp 980w, https:\/\/hydraulic-cylinders.net\/wp-content\/uploads\/2023\/10\/pressurized-cylinder-2-480x320.webp 480w\" sizes=\"(min-width: 0px) and (max-width: 480px) 480px, (min-width: 481px) and (max-width: 980px) 980px, (min-width: 981px) and (max-width: 1280px) 1280px, (min-width: 1281px) 1418px, 100vw\" \/><\/p>\n<h2><strong>Rot\u0101cijas urb\u0161anas spiediena cilindra lieto\u0161anas metode<\/strong><strong>:<\/strong><\/h2>\n<ol>\n<li><strong>Iepaz\u012bstieties ar ekspluat\u0101cijas vad\u012bbas ier\u012bc\u0113m un dro\u0161\u012bbas vadl\u012bnij\u0101m:<\/strong><\/li>\n<\/ol>\n<ul>\n<li>Pirms rot\u0113jo\u0161\u0101s urb\u0161anas iek\u0101rtas lieto\u0161anas ir svar\u012bgi iepaz\u012bties ar iek\u0101rtas ra\u017eot\u0101ja darb\u012bbas vad\u012bbas ier\u012bc\u0113m un dro\u0161\u012bbas vadl\u012bnij\u0101m.<\/li>\n<li>Stingri iev\u0113rojiet visas dro\u0161\u012bbas proced\u016bras un piesardz\u012bbas pas\u0101kumus, lai nodro\u0161in\u0101tu dro\u0161as un efekt\u012bvas urb\u0161anas darb\u012bbas.<\/li>\n<\/ul>\n<ol start=\"2\">\n<li><strong>G\u0101jiena garuma regul\u0113\u0161ana:<\/strong><\/li>\n<\/ol>\n<ul>\n<li>Izmantojiet vad\u012bbas meh\u0101nismu, piem\u0113ram, vad\u012bbas paneli vai kursorsviru, lai aktiviz\u0113tu rot\u0101cijas urb\u0161anas spiediena cilindru.<\/li>\n<li>Piel\u0101gojiet g\u0101jiena garumu atbilsto\u0161i konkr\u0113taj\u0101m urb\u0161anas pras\u012bb\u0101m un augsnes apst\u0101k\u013ciem.<\/li>\n<li>Cilindrs p\u0101rv\u0113rs\u012bs spiedienam pak\u013cauto hidraulisko \u0161\u0137idrumu nepiecie\u0161amaj\u0101 sp\u0113k\u0101 urb\u0161anas masta prec\u012bzai pozicion\u0113\u0161anai.<\/li>\n<\/ul>\n<ol start=\"3\">\n<li><strong>Urb\u0161anas masta poz\u012bcijas uzraudz\u012bba un regul\u0113\u0161ana:<\/strong><\/li>\n<\/ol>\n<ul>\n<li>Darb\u012bbas laik\u0101 nep\u0101rtraukti uzraugiet urb\u0161anas masta poz\u012bciju.<\/li>\n<li>Veiciet nepiecie\u0161amos piel\u0101gojumus, lai nodro\u0161in\u0101tu prec\u012bzu urb\u0161anu un saglab\u0101tu v\u0113lamo urb\u0161anas augstumu.<\/li>\n<\/ul>\n<h2><strong>K\u0101du hidraulikas likumu izmanto brem\u017eu sist\u0113ma?<\/strong><\/h2>\n<p>Transportl\u012bdzek\u013cu brem\u017eu sist\u0113m\u0101 parasti tiek izmantots Pask\u0101la hidraulikas likums. Pask\u0101la likums nosaka, ka, kad sl\u0113gt\u0101 sist\u0113m\u0101 uz \u0161\u0137idrumu tiek pielikts spiediens, spiediens tiek vien\u0101di p\u0101rnests visos virzienos. Transportl\u012bdzek\u013ca brem\u017eu sist\u0113m\u0101 \u0161is likums \u013cauj p\u0101rnest sp\u0113ku no vad\u012bt\u0101ja k\u0101jas, kas spie\u017e brem\u017eu ped\u0101li, uz katra rite\u0146a brem\u017eu suportiem.<\/p>\n<p>\u0160eit ir vienk\u0101r\u0161ots skaidrojums par to, k\u0101 brem\u017eu sist\u0113ma izmanto Pask\u0101la likumu:<\/p>\n<ol>\n<li><strong>Brem\u017eu ped\u0101lis:<\/strong><br \/>\nKad vad\u012bt\u0101js nospie\u017e brem\u017eu ped\u0101li, tas pieliek sp\u0113ku virzulim galvenaj\u0101 brem\u017eu cilindr\u0101.<\/li>\n<li><strong>Galvenais cilindrs:<\/strong><br \/>\nGalvenais cilindrs satur hidraulisko \u0161\u0137idrumu un taj\u0101 atrodas virzulis. Vad\u012bt\u0101jam nospie\u017eot brem\u017eu ped\u0101li, virzulis saspie\u017e \u0161\u0137idrumu un palielina spiedienu.<\/li>\n<li><strong>Hidraulisk\u0101s l\u012bnijas:<\/strong><br \/>\nPalielin\u0101tais spiediens tiek p\u0101rvad\u012bts pa hidrauliskaj\u0101m l\u012bnij\u0101m, kas savieno galveno cilindru ar brem\u017eu suportiem vai rite\u0146u cilindriem pie katra rite\u0146a.<\/li>\n<li><strong>Brem\u017eu suporti\/rite\u0146u cilindri:<\/strong><br \/>\nBrem\u017eu suporti (disku bremz\u0113s) vai rite\u0146u cilindri (trumu\u013ca bremz\u0113s) satur virzu\u013cus, uz kuriem iedarbojas hidrauliskais spiediens. Hidraulisk\u0101 \u0161\u0137idruma rad\u012btais spiediens liek virzu\u013ciem kust\u0113ties, pieliekot sp\u0113ku brem\u017eu klu\u010diem vai brem\u017eu kurp\u0113m.<\/li>\n<li><strong>Brem\u017eu klu\u010di\/kurpes:<\/strong><br \/>\nBrem\u017eu klu\u010di (disku bremz\u0113s) vai brem\u017eu kurpes (trumu\u013ca bremz\u0113s) tiek spiesti pret rot\u0113jo\u0161iem brem\u017eu diskiem vai trumu\u013ciem, radot berzi. \u0160\u012b berze pal\u0113nina vai aptur rite\u0146u grie\u0161anos, t\u0101d\u0113j\u0101di pal\u0113ninot transportl\u012bdzek\u013ca \u0101trumu.<\/li>\n<\/ol>\n<h2><strong>R\u016bpn\u012bcas iesp\u0113jas un jauda:<\/strong><\/h2>\n<h3>(1) Mont\u0101\u017ea<\/h3>\n<p>Mums ir pirmklas\u012bga neatkar\u012bga p\u0113tniec\u012bbas un att\u012bst\u012bbas mont\u0101\u017eas platforma. Hidraulisko cilindru ra\u017eo\u0161anas darbn\u012bc\u0101 ir \u010detras pusautom\u0101tiskas pacel\u0161anas cilindru mont\u0101\u017eas l\u012bnijas un viena autom\u0101tisk\u0101 sl\u012bpuma cilindru mont\u0101\u017eas l\u012bnija ar projekt\u0113to gada ra\u017eo\u0161anas jaudu 1 miljons vien\u012bbu. Speci\u0101lo cilindru darbn\u012bca ir apr\u012bkota ar da\u017e\u0101du specifik\u0101ciju pusautom\u0101tisku t\u012br\u012b\u0161anas mont\u0101\u017eas sist\u0113mu ar projekt\u0113to gada ra\u017eo\u0161anas jaudu 200 000 vien\u012bbu un apr\u012bkota ar slaven\u0101m CNC apstr\u0101des iek\u0101rt\u0101m, apstr\u0101des centru, augstas precizit\u0101tes cilindru apstr\u0101des speci\u0101lo apr\u012bkojumu, robotiz\u0113tu metin\u0101\u0161anas iek\u0101rtu, autom\u0101tisku t\u012br\u012b\u0161anas iek\u0101rtu, autom\u0101tisku cilindru mont\u0101\u017eas iek\u0101rtu un autom\u0101tisku kr\u0101so\u0161anas ra\u017eo\u0161anas l\u012bniju. Eso\u0161ais kritiskais apr\u012bkojums ir vair\u0101k nek\u0101 300 komplektu (komplektu). Optim\u0101la iek\u0101rtu resursu sadale un efekt\u012bva izmanto\u0161ana nodro\u0161ina produktu precizit\u0101tes pras\u012bbas un apmierina produktu augst\u0101s kvalit\u0101tes pras\u012bbas.<\/p>\n<p><img loading=\"lazy\" decoding=\"async\" class=\"alignnone wp-image-626\" src=\"https:\/\/hydraulic-cylinders.net\/wp-content\/uploads\/2023\/08\/hydraulic-cylinder-product-1-300x158.webp\" alt=\"\" width=\"495\" height=\"260\" srcset=\"https:\/\/hydraulic-cylinders.net\/wp-content\/uploads\/2023\/08\/hydraulic-cylinder-product-1-300x158.webp 495w, https:\/\/hydraulic-cylinders.net\/wp-content\/uploads\/2023\/08\/hydraulic-cylinder-product-1-480x252.webp 480w\" sizes=\"(min-width: 0px) and (max-width: 480px) 480px, (min-width: 481px) 495px, 100vw\" \/> <img loading=\"lazy\" decoding=\"async\" class=\"alignnone wp-image-627\" src=\"https:\/\/hydraulic-cylinders.net\/wp-content\/uploads\/2023\/08\/hydraulic-cylinder-product-2-300x189.webp\" alt=\"\" width=\"413\" height=\"260\" \/><\/p>\n<h3>(2) Apstr\u0101de<\/h3>\n<p>Apstr\u0101des cehs ir apr\u012bkots ar piel\u0101gotu sl\u012bpo slie\u017eu virpo\u0161anas centru, apstr\u0101des centru, \u0101trgaitas asin\u0101\u0161anas ma\u0161\u012bnu, metin\u0101\u0161anas robotu un citu saist\u012btu apr\u012bkojumu, kas var apstr\u0101d\u0101t cilindriskas caurules ar maksim\u0101lo iek\u0161\u0113jo diametru 400 mm un maksim\u0101lo garumu 6 metri.<\/p>\n<p><img loading=\"lazy\" decoding=\"async\" class=\"alignnone wp-image-628 size-large\" src=\"https:\/\/hydraulic-cylinders.net\/wp-content\/uploads\/2023\/08\/hydraulic-cylinder-product-3-1024x391.webp\" alt=\"\" width=\"1024\" height=\"391\" srcset=\"https:\/\/hydraulic-cylinders.net\/wp-content\/uploads\/2023\/08\/hydraulic-cylinder-product-3-980x374.webp 980w, https:\/\/hydraulic-cylinders.net\/wp-content\/uploads\/2023\/08\/hydraulic-cylinder-product-3-480x183.webp 480w\" sizes=\"(min-width: 0px) and (max-width: 480px) 480px, (min-width: 481px) and (max-width: 980px) 980px, (min-width: 981px) 1024px, 100vw\" \/><\/p>\n<h3>(3) Metin\u0101\u0161ana<\/h3>\n<p><img loading=\"lazy\" decoding=\"async\" class=\"alignnone wp-image-629 size-large\" src=\"https:\/\/hydraulic-cylinders.net\/wp-content\/uploads\/2023\/08\/hydraulic-cylinder-product-4-1024x510.webp\" alt=\"\" width=\"1024\" height=\"510\" srcset=\"https:\/\/hydraulic-cylinders.net\/wp-content\/uploads\/2023\/08\/hydraulic-cylinder-product-4-980x488.webp 980w, https:\/\/hydraulic-cylinders.net\/wp-content\/uploads\/2023\/08\/hydraulic-cylinder-product-4-480x239.webp 480w\" sizes=\"(min-width: 0px) and (max-width: 480px) 480px, (min-width: 481px) and (max-width: 980px) 980px, (min-width: 981px) 1024px, 100vw\" \/><\/p>\n<h3>(4) Kr\u0101so\u0161ana un p\u0101rkl\u0101\u0161ana<\/h3>\n<p>Ar maz\u0101m un vid\u0113ja izm\u0113ra cilindrisk\u0101m autom\u0101tisk\u0101m \u016bdens b\u0101zes kr\u0101su p\u0101rkl\u0101\u0161anas l\u012bnij\u0101m, lai pan\u0101ktu autom\u0101tisku robotu iekrau\u0161anu un izkrau\u0161anu un autom\u0101tisku izsmidzin\u0101\u0161anu, projekt\u0113t\u0101 jauda ir 4000 gabali mai\u0146\u0101;<br \/>\nMums ir ar\u012b pusautom\u0101tiska kr\u0101su ra\u017eo\u0161anas l\u012bnija lieliem baloniem, ko darbina \u0137\u0113des piedzi\u0146a, ar 60 kastu konstrukcijas jaudu vien\u0101 mai\u0146\u0101.<\/p>\n<p><img loading=\"lazy\" decoding=\"async\" class=\"alignnone wp-image-630\" src=\"https:\/\/hydraulic-cylinders.net\/wp-content\/uploads\/2023\/08\/hydraulic-cylinder-product-5-300x213.webp\" alt=\"\" width=\"366\" height=\"260\" \/> <img loading=\"lazy\" decoding=\"async\" class=\"alignnone wp-image-631\" src=\"https:\/\/hydraulic-cylinders.net\/wp-content\/uploads\/2023\/08\/hydraulic-cylinder-product-6-300x225.webp\" alt=\"\" width=\"347\" height=\"260\" \/><\/p>\n<h3>(5) Test\u0113\u0161ana<\/h3>\n<p>Mums ir augst\u0101k\u0101s klases p\u0101rbaudes iek\u0101rtas un test\u0113\u0161anas stendi, lai nodro\u0161in\u0101tu, ka balona veiktsp\u0113ja atbilst pras\u012bb\u0101m.<\/p>\n<p><img loading=\"lazy\" decoding=\"async\" class=\"alignnone wp-image-632\" src=\"https:\/\/hydraulic-cylinders.net\/wp-content\/uploads\/2023\/08\/hydraulic-cylinder-product-8-300x200.webp\" alt=\"\" width=\"389\" height=\"260\" \/><\/p>\n<p>&nbsp;<\/p>\n<p>&nbsp;<\/p>\n<p>M\u0113s esam viens no lab\u0101kajiem hidraulisko cilindru ra\u017eot\u0101jiem. M\u0113s varam pied\u0101v\u0101t visaptvero\u0161us hidrauliskos cilindrus. M\u0113s nodro\u0161in\u0101m ar\u012b atbilsto\u0161us <a href=\"https:\/\/hzpt.com\/agricultural-pto-gearbox\/\" target=\"_blank\" rel=\"noopener\">lauksaimniec\u012bbas p\u0101rnesumk\u0101rbas<\/a>. M\u0113s esam eksport\u0113ju\u0161i savus produktus klientiem vis\u0101 pasaul\u0113 un esam ieguvu\u0161i labu reput\u0101ciju, pateicoties m\u016bsu izcilajai produktu kvalit\u0101tei un p\u0113cp\u0101rdo\u0161anas servisam. M\u0113s aicin\u0101m klientus no valsts un \u0101rvalst\u012bm sazin\u0101ties ar mums, lai risin\u0101tu biznesa sarunas, apmain\u012btos ar inform\u0101ciju un... <a href=\"https:\/\/www.hydraulic-cylinders.net\/lv\/contact-us\/\">sadarboties ar mums<\/a>!<\/p>","protected":false},"excerpt":{"rendered":"<p>Rotary Drilling Pressurized Cylinder The rotary drilling pressurized cylinder is a high-performance hydraulic component specially designed to enhance efficiency and precision in rotary drilling operations. This cylinder plays a crucial role in controlling the vertical movement of the drilling mast, ensuring accurate positioning and optimized drilling performance. The rotary drilling pressurized cylinder is indispensable for [&hellip;]<\/p>","protected":false},"featured_media":1589,"comment_status":"open","ping_status":"closed","template":"","meta":{"_et_pb_use_builder":"","_et_pb_old_content":"","_et_gb_content_width":""},"product_brand":[],"product_cat":[1518,1549,1376],"product_tag":[1380],"class_list":{"0":"post-1587","1":"product","2":"type-product","3":"status-publish","4":"has-post-thumbnail","6":"product_cat-rotary-drilling-rig-hydraulic-cylinders","7":"product_cat-single-acting-hydraulic-cylinder","8":"product_cat-hydraulic-cylinder","9":"product_tag-hydraulic-cylinder","11":"first","12":"instock","13":"shipping-taxable","14":"product-type-simple"},"amp_enabled":true,"_links":{"self":[{"href":"https:\/\/www.hydraulic-cylinders.net\/lv\/wp-json\/wp\/v2\/product\/1587","targetHints":{"allow":["GET"]}}],"collection":[{"href":"https:\/\/www.hydraulic-cylinders.net\/lv\/wp-json\/wp\/v2\/product"}],"about":[{"href":"https:\/\/www.hydraulic-cylinders.net\/lv\/wp-json\/wp\/v2\/types\/product"}],"replies":[{"embeddable":true,"href":"https:\/\/www.hydraulic-cylinders.net\/lv\/wp-json\/wp\/v2\/comments?post=1587"}],"wp:featuredmedia":[{"embeddable":true,"href":"https:\/\/www.hydraulic-cylinders.net\/lv\/wp-json\/wp\/v2\/media\/1589"}],"wp:attachment":[{"href":"https:\/\/www.hydraulic-cylinders.net\/lv\/wp-json\/wp\/v2\/media?parent=1587"}],"wp:term":[{"taxonomy":"product_brand","embeddable":true,"href":"https:\/\/www.hydraulic-cylinders.net\/lv\/wp-json\/wp\/v2\/product_brand?post=1587"},{"taxonomy":"product_cat","embeddable":true,"href":"https:\/\/www.hydraulic-cylinders.net\/lv\/wp-json\/wp\/v2\/product_cat?post=1587"},{"taxonomy":"product_tag","embeddable":true,"href":"https:\/\/www.hydraulic-cylinders.net\/lv\/wp-json\/wp\/v2\/product_tag?post=1587"}],"curies":[{"name":"wp","href":"https:\/\/api.w.org\/{rel}","templated":true}]}}