{"id":15872,"date":"2025-01-19T15:06:14","date_gmt":"2025-01-19T15:06:14","guid":{"rendered":"https:\/\/www.hydraulic-cylinders.net\/product\/bucket-cylinder-for-xinyuan-crawler-excavator-xy60-8\/"},"modified":"2025-01-19T15:06:16","modified_gmt":"2025-01-19T15:06:16","slug":"bucket-cylinder-for-xinyuan-crawler-excavator-xy60-8","status":"publish","type":"product","link":"https:\/\/www.hydraulic-cylinders.net\/lv\/products\/bucket-cylinder-for-xinyuan-crawler-excavator-xy60-8\/","title":{"rendered":"Kausa cilindrs Xinyuan k\u0101pur\u0137\u0113\u017eu ekskavatoram XY60-8"},"content":{"rendered":"<h1>Kausa cilindrs Xinyuan k\u0101pur\u0137\u0113\u017eu ekskavatoram XY60-8<\/h1>\n<h2>Ievads<\/h2>\n<p>Kausa cilindrs ir specializ\u0113ts hidrauliskais cilindrs, kas paredz\u0113ts kausa kust\u012bbas vad\u012bbai smagaj\u0101s ma\u0161\u012bn\u0101s, piem\u0113ram, ekskavatoros, univers\u0101lajos ekskavatoros un front\u0101lajos iekr\u0101v\u0113jos. T\u0101 galven\u0101 funkcija ir nodro\u0161in\u0101t kausa pacel\u0161anu, nolai\u0161anu un noliek\u0161anu, lai atvieglotu da\u017e\u0101dus materi\u0101lu apstr\u0101des uzdevumus. Hidrauliskaj\u0101 sist\u0113m\u0101 kausa cilindrs pan\u0101k prec\u012bzu kausa kust\u012bbas kontroli, mainot hidraulisk\u0101s e\u013c\u013cas spiedienu, \u013caujot operatoriem efekt\u012bvi apstr\u0101d\u0101t smagas kravas un piel\u0101goties sare\u017e\u0123\u012btai darba videi un da\u017e\u0101d\u0101m ekspluat\u0101cijas vajadz\u012bb\u0101m.<\/p>\n<p><img decoding=\"async\" src=\"https:\/\/www.hydraulic-cylinders.net\/wp-content\/uploads\/2025\/01\/songte-company-2.webp\"><\/p>\n<h2>Funkcijas<\/h2>\n<ul>\n<li>Augsta iztur\u012bba un ilgm\u016b\u017e\u012bba: Parasti izgatavots no augstas stipr\u012bbas t\u0113rauda vai alum\u012bnija, tas var iztur\u0113t augstu spiedienu un lielas slodzes, piel\u0101goties skarbai darba videi un ir izstr\u0101d\u0101ts, \u0146emot v\u0113r\u0101 nodilumiztur\u012bbu un korozijas iztur\u012bbu, pagarinot t\u0101 kalpo\u0161anas laiku.<\/li>\n<li>Efekt\u012bva hidraulisk\u0101 darb\u012bba: vienm\u0113r\u012bga izvilk\u0161ana un ievilk\u0161ana tiek pan\u0101kta, izmantojot hidraulisk\u0101s e\u013c\u013cas spiedienu, kas \u013cauj \u0101tri rea\u0123\u0113t uz vad\u012bbas komand\u0101m un nodro\u0161ina sp\u0113c\u012bgu stum\u0161anas un vilk\u0161anas sp\u0113ku, kas ir piem\u0113rots smagu kravu apstr\u0101dei un sare\u017e\u0123\u012btu darba uzdevumu veik\u0161anai.<\/li>\n<li>Da\u017e\u0101di veidi: vienas darb\u012bbas (hidrauliski tiek izmantoti tikai vien\u0101 virzien\u0101) vai divk\u0101r\u0161as darb\u012bbas (hidrauliski tiek izmantoti abos virzienos) cilindrus var izv\u0113l\u0113ties atbilsto\u0161i pras\u012bb\u0101m, lai apmierin\u0101tu da\u017e\u0101das ekspluat\u0101cijas vajadz\u012bbas. Da\u017ei mode\u013ci ir teleskopiski, kas \u013cauj tos papla\u0161in\u0101t, nepalielinot \u0101r\u0113jos izm\u0113rus, padarot tos piem\u0113rotus lieto\u0161anai ierobe\u017eot\u0101 telp\u0101.<\/li>\n<li>Piel\u0101gojams: m\u016bsu produkts var lieliski aizst\u0101t \u0161os hidrauliskos cilindrus.<\/li>\n<\/ul>\n<p><img decoding=\"async\" src=\"https:\/\/www.hydraulic-cylinders.net\/wp-content\/uploads\/2025\/01\/songte-cylinder-head-with-all-kinds-excavator-models.webp\"><\/p>\n<h2>Pieteikumi<\/h2>\n<p>Kausa cilindram ir da\u017e\u0101di pielietojumi \u0161\u0101d\u0101s celtniec\u012bbas iek\u0101rt\u0101s:<\/p>\n<h3>Ekskavatori<\/h3>\n<p>Kausa cilindrs nodro\u0161ina rak\u0161anas darb\u012bbu, \u013caujot kausam iek\u013c\u016bt augsn\u0113.<\/p>\n<h3>Ekskavatori ar kausu<\/h3>\n<p>Kausa cilindrs pal\u012bdz gan rak\u0161an\u0101, gan cel\u0161an\u0101.<\/p>\n<h3>Front\u0101lie iekr\u0101v\u0113ji<\/h3>\n<p>Kausa cilindrs pal\u012bdz pacelt un noliekt, lai efekt\u012bvi izg\u0101ztu materi\u0101lu.<\/p>\n<h3>Lauksaimniec\u012bbas tehnika<\/h3>\n<p>Izmanto front\u0101lajiem iekr\u0101v\u0113jiem, to izmanto augsnes, siena un citu materi\u0101lu sav\u0101k\u0161anai, cel\u0161anai un transport\u0113\u0161anai.<\/p>\n<p>Katr\u0101 pielietojum\u0101 kausa cilindriem ir iz\u0161\u0137iro\u0161a noz\u012bme ma\u0161\u012bnas darb\u012bb\u0101.<\/p>\n<h2>Dizaina apsv\u0113rumi un atlases krit\u0113riji<\/h2>\n<p>Projekt\u0113jot kausa cilindrus, j\u0101\u0146em v\u0113r\u0101 vair\u0101ki faktori. T\u0101l\u0101k ir min\u0113ti da\u017ei no svar\u012bg\u0101kajiem apsv\u0113rumiem:<\/p>\n<h3>Kravnes\u012bba<\/h3>\n<p>Kausa cilindriem j\u0101b\u016bt pietiekami iztur\u012bgiem un ilgm\u016b\u017e\u012bgiem, lai iztur\u0113tu apstr\u0101d\u0101jam\u0101 materi\u0101la svaru.<\/p>\n<h3>Bl\u012bv\u0113\u0161ana<\/h3>\n<p>Da\u017e\u0101du bl\u012bv\u0113\u0161anas elementu, piem\u0113ram, virzu\u013ca bl\u012bvgredzenu un stie\u0146a bl\u012bvgredzenu, izmanto\u0161ana, nodilumiztur\u012bgu materi\u0101lu, piem\u0113ram, poliuret\u0101na un nitrila gumijas, izv\u0113le bl\u012bv\u0113\u0161anas elementiem, k\u0101 ar\u012b cilindru korpusu un v\u012bt\u0146u galu smalka apstr\u0101de, lai uzlabotu nodilumiztur\u012bbu.<\/p>\n<h3>Iztur\u012bba<\/h3>\n<p>Kausa cilindri j\u0101projekt\u0113, \u0146emot v\u0113r\u0101 nodilumiztur\u012bbu un korozijas iztur\u012bbu, lai palielin\u0101tu to kalpo\u0161anas laiku.<\/p>\n<h3>Dro\u0161\u012bba<\/h3>\n<p>Kausa cilindriem j\u0101b\u016bt konstru\u0113tiem t\u0101, lai nov\u0113rstu jebk\u0101das nopl\u016bdes un nodro\u0161in\u0101tu operatoru dro\u0161\u012bbu ma\u0161\u012bnas darb\u012bbas laik\u0101.<\/p>\n<h3>Uzturam\u012bba<\/h3>\n<p>Kausa cilindriem j\u0101b\u016bt konstru\u0113tiem t\u0101, lai tos var\u0113tu viegli uztur\u0113t un remont\u0113t nepiecie\u0161am\u012bbas gad\u012bjum\u0101.<\/p>\n<p><img decoding=\"async\" src=\"https:\/\/www.hydraulic-cylinders.net\/wp-content\/uploads\/2025\/01\/songte-oil-pipes-and-spare-parts.webp\"><\/p>\n<h2>Bl\u012bv\u0113\u0161ana un e\u013c\u013co\u0161ana<\/h2>\n<p>Kausu cilindros tiek izmantoti da\u017e\u0101di bl\u012bv\u0113\u0161anas elementi, piem\u0113ram, virzu\u013ca bl\u012bvgredzeni un stie\u0146a bl\u012bvgredzeni, kas ir izgatavoti no nodilumiztur\u012bgiem materi\u0101liem, piem\u0113ram, poliuret\u0101na un nitrila gumijas. Cilindra korpuss un v\u012btnes gali tiek apstr\u0101d\u0101ti, lai uzlabotu to nodilumiztur\u012bbu. Ir nepiecie\u0161ams ar\u012b regul\u0101ri pievienot atbilsto\u0161u daudzumu hidraulisk\u0101s e\u013c\u013cas e\u013c\u013co\u0161anai.<\/p>\n<h2>Apkope un remonts<\/h2>\n<p>Regul\u0101ra p\u0101rbaude, pareiza e\u013c\u013co\u0161ana, bl\u012bvju nomai\u0146a un kalibr\u0113\u0161anas p\u0101rbaudes ir bie\u017ei veicami kausa cilindru apkopes uzdevumi. Pareiza uzst\u0101d\u012b\u0161ana, e\u013c\u013co\u0161ana un regul\u0113\u0161ana ir b\u016btiska, un uzst\u0101d\u012b\u0161anas laik\u0101 ieteicams nodro\u0161in\u0101t pareizus nor\u0101d\u012bjumus cilindra izl\u012bdzin\u0101\u0161anai. Atbilsto\u0161u mont\u0101\u017eas kron\u0161teinu izmanto\u0161ana cilindra nostiprin\u0101\u0161anai un ieteicam\u0101s p\u0101rbaudes, remonta un nomai\u0146as proced\u016bras var pagarin\u0101t kausa cilindra kalpo\u0161anas laiku.<\/p>\n<p><img decoding=\"async\" src=\"https:\/\/www.hydraulic-cylinders.net\/wp-content\/uploads\/2025\/01\/songte-chushion-collar.webp\"><\/p>\n<h2>Dro\u0161\u012bbas apsv\u0113rumi un vides faktori<\/h2>\n<p>Kausa cilindram j\u0101b\u016bt projekt\u0113tam un lietojamam, \u0146emot v\u0113r\u0101 dro\u0161\u012bbu, un operatoriem, str\u0101d\u0101jot ar tehniku, j\u0101iev\u0113ro dro\u0161\u012bbas protokoli un vadl\u012bnijas. Kausa cilindri ir ar\u012b j\u0101izn\u012bcina atbild\u012bgi, lai izvair\u012btos no negat\u012bvas ietekmes uz vidi.<\/p>\n<h2>Probl\u0113mu nov\u0113r\u0161ana un bie\u017ei sastopamas probl\u0113mas<\/h2>\n<p>Bie\u017ei sastopamas probl\u0113mas ar kausu cilindriem ir nopl\u016bde, deform\u0101cija un r\u016bs\u0113\u0161ana. Probl\u0113mu nov\u0113r\u0161anas padomi un risin\u0101jumi var pal\u012bdz\u0113t las\u012bt\u0101jiem efekt\u012bvi diagnostic\u0113t un nov\u0113rst \u0161\u012bs probl\u0113mas. Var \u012bstenot ar\u012b prevent\u012bvus pas\u0101kumus, lai samazin\u0101tu potenci\u0101l\u0101s probl\u0113mas.<\/p>\n<p><img decoding=\"async\" src=\"https:\/\/www.hydraulic-cylinders.net\/wp-content\/uploads\/2025\/01\/songte-bushings-with-all-kinds-of-excavator-models.webp\"><\/p>\n<h2>Par m\u016bsu uz\u0146\u0113mumu<\/h2>\n<p>M\u0113s esam hidraulisko cilindru ra\u017eot\u0101js, kas var aizst\u0101t tradicion\u0101los hidrauliskos cilindrus. M\u016bsu uz\u0146\u0113mums pied\u0101v\u0101 pilnu produktu kl\u0101stu un ir k\u013cuvis par vienu no vado\u0161ajiem hidraulisko cilindru ra\u017eot\u0101jiem un vairumtirgot\u0101jiem viet\u0113j\u0101 un starptautiskaj\u0101 tirg\u016b. M\u0113s iev\u0113rojam izcilas kvalit\u0101tes principus un pa\u013caujamies uz industrializ\u0113t\u0101m ra\u017eo\u0161anas vad\u012bbas strat\u0113\u0123ij\u0101m smalk\u0101s ra\u017eo\u0161anas darbn\u012bc\u0101s, izmantojot tehniskos talantus, digit\u0101las augstas klases ra\u017eo\u0161anas iek\u0101rtas un profesion\u0101las test\u0113\u0161anas sist\u0113mas. M\u0113s nep\u0101rtraukti uzlabojam savu ra\u017eo\u0161anas platformu darbn\u012bc\u0101, uzlabojam produktu kvalit\u0101tes ra\u017eo\u0161anas ce\u013cu un mums ir sp\u0113c\u012bgas rado\u0161\u0101s sp\u0113jas, lai apmierin\u0101tu m\u016bsu klientu da\u017e\u0101d\u0101s vajadz\u012bbas ar augstu efektivit\u0101ti, augstu precizit\u0101ti un augstu kvalit\u0101ti.<\/p>\n<p><img decoding=\"async\" src=\"https:\/\/hzpt.com\/wp-content\/uploads\/2024\/11\/songte-company-1.webp\"><\/p>\n<h3>Profesionalit\u0101te<\/h3>\n<p>Mums ir augsti kvalific\u0113tu un profesion\u0101lu darbinieku komanda, kas cen\u0161as nodro\u0161in\u0101t m\u016bsu klientiem augstas kvalit\u0101tes produktus.<\/p>\n<h3>Starptautisk\u0101 sertifik\u0101cija<\/h3>\n<p>M\u016bsu produkti ir sertific\u0113ti starptautisk\u0101s organiz\u0101cij\u0101s, piem\u0113ram, ISO un CE.<\/p>\n<h3>Piel\u0101go\u0161anas pakalpojumi<\/h3>\n<p>M\u0113s pied\u0101v\u0101jam piel\u0101gotus pakalpojumus, lai apmierin\u0101tu m\u016bsu klientu \u012bpa\u0161\u0101s vajadz\u012bbas.<\/p>\n<h3>Ra\u017eo\u0161anas iek\u0101rtas<\/h3>\n<p>M\u016bsu produktu ra\u017eo\u0161anai m\u0113s izmantojam modernu un augstas klases ra\u017eo\u0161anas apr\u012bkojumu.<\/p>\n<h3>P\u0113cp\u0101rdo\u0161anas serviss<\/h3>\n<p>M\u0113s pied\u0101v\u0101jam lielisku p\u0113cp\u0101rdo\u0161anas servisu, lai nodro\u0161in\u0101tu klientu apmierin\u0101t\u012bbu.<\/p>\n<p>Autors: lil<\/p>","protected":false},"excerpt":{"rendered":"<p>Bucket Cylinder For Xinyuan Crawler Excavator XY60-8 Introduction A bucket cylinder is a specialized hydraulic cylinder designed for controlling the movement of the bucket in heavy machinery such as excavators, backhoe excavators, and front-end loaders. Its main function is to enable the bucket to lift, lower, and tilt to facilitate various material handling tasks. In [&hellip;]<\/p>","protected":false},"featured_media":14782,"comment_status":"open","ping_status":"closed","template":"","meta":{"_et_pb_use_builder":"","_et_pb_old_content":"","_et_gb_content_width":""},"product_brand":[],"product_cat":[1494],"product_tag":[1495,1496],"class_list":{"0":"post-15872","1":"product","2":"type-product","3":"status-publish","4":"has-post-thumbnail","6":"product_cat-bucket-cylinders","7":"product_tag-bucket-cylinders","8":"product_tag-hydraulic-cylinders","10":"first","11":"instock","12":"shipping-taxable","13":"product-type-simple"},"amp_enabled":true,"_links":{"self":[{"href":"https:\/\/www.hydraulic-cylinders.net\/lv\/wp-json\/wp\/v2\/product\/15872","targetHints":{"allow":["GET"]}}],"collection":[{"href":"https:\/\/www.hydraulic-cylinders.net\/lv\/wp-json\/wp\/v2\/product"}],"about":[{"href":"https:\/\/www.hydraulic-cylinders.net\/lv\/wp-json\/wp\/v2\/types\/product"}],"replies":[{"embeddable":true,"href":"https:\/\/www.hydraulic-cylinders.net\/lv\/wp-json\/wp\/v2\/comments?post=15872"}],"wp:featuredmedia":[{"embeddable":true,"href":"https:\/\/www.hydraulic-cylinders.net\/lv\/wp-json\/wp\/v2\/media\/14782"}],"wp:attachment":[{"href":"https:\/\/www.hydraulic-cylinders.net\/lv\/wp-json\/wp\/v2\/media?parent=15872"}],"wp:term":[{"taxonomy":"product_brand","embeddable":true,"href":"https:\/\/www.hydraulic-cylinders.net\/lv\/wp-json\/wp\/v2\/product_brand?post=15872"},{"taxonomy":"product_cat","embeddable":true,"href":"https:\/\/www.hydraulic-cylinders.net\/lv\/wp-json\/wp\/v2\/product_cat?post=15872"},{"taxonomy":"product_tag","embeddable":true,"href":"https:\/\/www.hydraulic-cylinders.net\/lv\/wp-json\/wp\/v2\/product_tag?post=15872"}],"curies":[{"name":"wp","href":"https:\/\/api.w.org\/{rel}","templated":true}]}}