{"id":15885,"date":"2025-01-19T15:07:16","date_gmt":"2025-01-19T15:07:16","guid":{"rendered":"https:\/\/www.hydraulic-cylinders.net\/product\/bucket-cylinder-for-volwa-small-excavator-dls880-9b\/"},"modified":"2025-01-19T15:07:18","modified_gmt":"2025-01-19T15:07:18","slug":"bucket-cylinder-for-volwa-small-excavator-dls880-9b","status":"publish","type":"product","link":"https:\/\/www.hydraulic-cylinders.net\/lv\/products\/bucket-cylinder-for-volwa-small-excavator-dls880-9b\/","title":{"rendered":"Kausa cilindrs Volvo mazajam ekskavatoram DLS880-9B"},"content":{"rendered":"<h1>Kausa cilindrs Volvo mazajam ekskavatoram DLS880-9B<\/h1>\n<h2>Ievads<\/h2>\n<h3>Produkta defin\u0113\u0161ana<\/h3>\n<p>Kausa cilindrs ir speci\u0101li izstr\u0101d\u0101ts hidrauliskais cilindrs, ko izmanto, lai kontrol\u0113tu kausa kust\u012bbu smagaj\u0101s ma\u0161\u012bn\u0101s, piem\u0113ram, ekskavatoros, iekr\u0101v\u0113jos ar daudzfunkcion\u0101liem iekr\u0101v\u0113jiem un front\u0101lajiem iekr\u0101v\u0113jiem. T\u0101 galven\u0101 funkcija ir \u013caut pacelt, nolaist un noliekt kausu, atvieglojot da\u017e\u0101du materi\u0101lu apstr\u0101des uzdevumu veik\u0161anu. Hidrauliskaj\u0101 sist\u0113m\u0101 kausa cilindrs pan\u0101k prec\u012bzu kausa vad\u012bbu, mainot hidraulisk\u0101s e\u013c\u013cas spiedienu, \u013caujot operatoriem efekt\u012bvi apstr\u0101d\u0101t smagas kravas un piel\u0101goties sare\u017e\u0123\u012btai darba videi un da\u017e\u0101d\u0101m darba pras\u012bb\u0101m.<\/p>\n<p><img decoding=\"async\" src=\"https:\/\/www.hydraulic-cylinders.net\/wp-content\/uploads\/2025\/01\/songte-company-2.webp\" alt=\"Kausa cilindra att\u0113ls\"><\/p>\n<h3>Funkcijas<\/h3>\n<ul>\n<li>Augsta iztur\u012bba un ilgm\u016b\u017e\u012bba: Parasti izgatavoti no augstas stipr\u012bbas t\u0113rauda vai alum\u012bnija, sp\u0113j iztur\u0113t augstu spiedienu un lielas slodzes, piel\u0101gojami skarbai darba videi, konstru\u0113ti, \u0146emot v\u0113r\u0101 nodilumiztur\u012bbu un korozijas iztur\u012bbu, pagarinot kalpo\u0161anas laiku.<\/li>\n<li>Efekt\u012bva hidraulisk\u0101 darb\u012bba: Izmantojot hidraulisk\u0101s e\u013c\u013cas spiedienu, lai pan\u0101ktu vienm\u0113r\u012bgu izstiep\u0161anu un ievilk\u0161anu, sp\u0113j \u0101tri rea\u0123\u0113t uz vad\u012bbas komand\u0101m, nodro\u0161inot sp\u0113c\u012bgu stum\u0161anas un vilk\u0161anas sp\u0113ku, kas ir piem\u0113rots smagu kravu apstr\u0101dei un sare\u017e\u0123\u012btiem darba uzdevumiem.<\/li>\n<li>Da\u017e\u0101di veidi: vienas darb\u012bbas (hidrauliski darbojas tikai vien\u0101 virzien\u0101) vai divk\u0101r\u0161as darb\u012bbas (hidrauliski darbojas abos virzienos) cilindrus var izv\u0113l\u0113ties atbilsto\u0161i vajadz\u012bb\u0101m, lai apmierin\u0101tu da\u017e\u0101das ekspluat\u0101cijas pras\u012bbas. Da\u017ei mode\u013ci ir teleskopiski, kas \u013cauj tos pagarin\u0101t, nepalielinot \u0101r\u0113jos izm\u0113rus, un ir piem\u0113roti lieto\u0161anai ierobe\u017eot\u0101 telp\u0101.<\/li>\n<li>Augsta piel\u0101go\u0161an\u0101s sp\u0113ja: m\u016bsu produkts var lieliski aizst\u0101t \u0161os hidrauliskos cilindrus.<\/li>\n<\/ul>\n<p><img decoding=\"async\" src=\"https:\/\/www.hydraulic-cylinders.net\/wp-content\/uploads\/2025\/01\/songte-cylinder-head-with-all-kinds-excavator-models.webp\" alt=\"Kausa cilindra att\u0113ls\"><\/p>\n<h2>Pieteikums<\/h2>\n<p>Kausa cilindri tiek pla\u0161i izmantoti da\u017e\u0101d\u0101s celtniec\u012bbas un lauksaimniec\u012bbas tehnik\u0101, lai uzlabotu darba efektivit\u0101ti un samazin\u0101tu darbasp\u0113ka intensit\u0101ti. T\u0101l\u0101k ir min\u0113ti da\u017ei tipiski pielietojumi:<\/p>\n<h3>Celtniec\u012bbas tehnika<\/h3>\n<p>Ekskavatoros tie ir nepiecie\u0161ami augsnes vai gru\u017eu rak\u0161anai, iekrau\u0161anai un p\u0101rvieto\u0161anai. Ekskavatoros-iekr\u0101v\u0113jos kausa cilindrs pal\u012bdz gan rak\u0161an\u0101, gan cel\u0161an\u0101. Front\u0101lajos iekr\u0101v\u0113jos tie pal\u012bdz efekt\u012bvi pacelt un izg\u0101zt kravu.<\/p>\n<h3>Lauksaimniec\u012bbas tehnika<\/h3>\n<p>Izmanto front\u0101lajiem iekr\u0101v\u0113jiem, augsnes, siena un citu materi\u0101lu sav\u0101k\u0161anai, cel\u0161anai un transport\u0113\u0161anai.<\/p>\n<h3>Ekskavatori<\/h3>\n<p>Kausa cilindrs pan\u0101k izrak\u0161anu, \u013caujot kausam iek\u013c\u016bt augsn\u0113.<\/p>\n<h3>Iekr\u0101v\u0113ja apr\u012bkojums<\/h3>\n<p>Front\u0101lajos iekr\u0101v\u0113jos tie pal\u012bdz efekt\u012bvi pacelt un noliekt kravu.<\/p>\n<p><img decoding=\"async\" src=\"https:\/\/www.hydraulic-cylinders.net\/wp-content\/uploads\/2025\/01\/songte-bushings-with-all-kinds-of-excavator-models.webp\" alt=\"Kausa cilindra att\u0113ls\"><\/p>\n<h2>Dizaina apsv\u0113rumi un atlases krit\u0113riji<\/h2>\n<h3>Dizaina apsv\u0113rumi<\/h3>\n<ul>\n<li>Nestsp\u0113ja: Sp\u0113j iztur\u0113t augstu spiedienu un lielas slodzes, piel\u0101gojams skarbai darba videi.<\/li>\n<li>Bl\u012bv\u0113juma veiktsp\u0113ja: Izmantojot da\u017e\u0101dus bl\u012bv\u0113\u0161anas komponentus, piem\u0113ram, virzu\u013ca bl\u012bv\u0113jumus, stie\u0146a bl\u012bv\u0113jumus utt., izv\u0113loties nodilumiztur\u012bgus materi\u0101lus, piem\u0113ram, poliuret\u0101nu, nitrilgumiju utt., smalki apstr\u0101d\u0101jot cilindru korpusus un v\u012bt\u0146ot\u0101s gala virsmas, lai uzlabotu nodilumiztur\u012bbu.<\/li>\n<li>Iztur\u012bba: Izstr\u0101d\u0101ts, \u0146emot v\u0113r\u0101 nodilumiztur\u012bbu un korozijas iztur\u012bbu, pagarinot kalpo\u0161anas laiku.<\/li>\n<li>Dro\u0161\u012bba: produkta uzticam\u012bbas nodro\u0161in\u0101\u0161ana ekspluat\u0101cijas laik\u0101, k\u0101 ar\u012b operatora dro\u0161\u012bba un aizsardz\u012bba.<\/li>\n<li>Uzturam\u012bba: Produktam j\u0101b\u016bt viegli apkopjamam un remont\u0113jamam, ar skaidru nor\u0101di par apkopes ciklu un piesardz\u012bbas pas\u0101kumiem.<\/li>\n<\/ul>\n<p><img decoding=\"async\" src=\"https:\/\/www.hydraulic-cylinders.net\/wp-content\/uploads\/2025\/01\/songte-oil-pipes-and-spare-parts.webp\" alt=\"Kausa cilindra att\u0113ls\"><\/p>\n<h3>Bl\u012bv\u0113\u0161ana un e\u013c\u013co\u0161ana<\/h3>\n<ul>\n<li>Izmantojot da\u017e\u0101dus bl\u012bv\u0113\u0161anas komponentus, piem\u0113ram, virzu\u013ca bl\u012bves, stie\u0146a bl\u012bves utt.<\/li>\n<li>Nodilumiztur\u012bgu materi\u0101lu, piem\u0113ram, poliuret\u0101na, nitrila gumijas utt., izv\u0113le.<\/li>\n<li>Cilindru korpusu un v\u012bt\u0146oto galu virsmu smalka apstr\u0101de, lai uzlabotu nodilumiztur\u012bbu.<\/li>\n<li>Regul\u0101ri pievienojiet atbilsto\u0161u hidraulisko e\u013c\u013cu e\u013c\u013co\u0161anai.<\/li>\n<\/ul>\n<h3>Apkope un remonts<\/h3>\n<ul>\n<li>Regul\u0101ras p\u0101rbaudes, lai p\u0101rbaud\u012btu nodilumu, boj\u0101jumus un nopl\u016bdes.<\/li>\n<li>Regul\u0101ra e\u013c\u013co\u0161ana, lai nodro\u0161in\u0101tu pareizu cilindra darb\u012bbu.<\/li>\n<li>Regul\u0101ra bl\u012bv\u0113jumu un citu nolietoto deta\u013cu nomai\u0146a.<\/li>\n<li>Izmantojiet atbilsto\u0161us mont\u0101\u017eas kron\u0161teinus, lai nostiprin\u0101tu cilindru viet\u0101.<\/li>\n<li>Ieteicam\u0101s p\u0101rbaudes, remonta un nomai\u0146as proced\u016bras.<\/li>\n<li>Nodro\u0161in\u0101t rezerves da\u013cas un remonta pakalpojumus.<\/li>\n<\/ul>\n<h2>Dro\u0161\u012bbas apsv\u0113rumi un vides faktori<\/h2>\n<p>Izmantojot kausa cilindru, ir svar\u012bgi iev\u0113rot dro\u0161\u012bbas proced\u016bras, lai nov\u0113rstu negad\u012bjumus un traumas. Ir svar\u012bgi \u0146emt v\u0113r\u0101 ar\u012b t\u0101dus vides faktorus k\u0101 troksnis, vibr\u0101cija un pies\u0101r\u0146ojums.<\/p>\n<h2>Probl\u0113mu nov\u0113r\u0161ana un bie\u017ei sastopamas probl\u0113mas<\/h2>\n<p>Bie\u017e\u0101k sastopam\u0101s probl\u0113mas ar kausu cilindriem ir nodilums, boj\u0101jumi, nopl\u016bdes un darb\u012bbas trauc\u0113jumi. Lai diagnostic\u0113tu un nov\u0113rstu \u0161\u012bs probl\u0113mas, ir svar\u012bgi iev\u0113rot pareizas proced\u016bras un vadl\u012bnijas.<\/p>\n<h2>Uz\u0146\u0113muma ievads<\/h2>\n<p>M\u016bsu uz\u0146\u0113mums ir rezerves hidraulisko cilindru ra\u017eot\u0101js ar pilnu produktu kl\u0101stu, k\u013c\u016bstot par vienu no vado\u0161ajiem hidraulisko cilindru ra\u017eot\u0101jiem un vairumtirgot\u0101jiem viet\u0113j\u0101 un starptautiskaj\u0101 tirg\u016b. M\u0113s iev\u0113rojam r\u016bpniecisk\u0101s ra\u017eo\u0161anas vad\u012bbas strat\u0113\u0123iju, kas balst\u0101s uz izcilu kvalit\u0101ti, pa\u013caujoties uz tehnolo\u0123iskajiem talantiem, augstas klases digit\u0101laj\u0101m ra\u017eo\u0161anas iek\u0101rt\u0101m un profesion\u0101l\u0101m test\u0113\u0161anas sist\u0113m\u0101m, lai nep\u0101rtraukti uzlabotu darbn\u012bcas ra\u017eo\u0161anas platformu, uzlabotu produktu kvalit\u0101ti ra\u017eo\u0161anas l\u012bnij\u0101 un ieg\u016btu sp\u0113c\u012bgas rado\u0161\u0101s sp\u0113jas. M\u0113s apmierin\u0101m klientu da\u017e\u0101d\u0101s vajadz\u012bbas, iev\u0113rojot augstas efektivit\u0101tes, augstas precizit\u0101tes un augstas kvalit\u0101tes principus.<\/p>\n<p>Run\u0101jot par profesionalit\u0101ti, starptautisko sertifik\u0101ciju, pas\u016bt\u012bjuma pakalpojumiem, ra\u017eo\u0161anas iek\u0101rt\u0101m un p\u0113cp\u0101rdo\u0161anas apkalpo\u0161anu, m\u016bsu uz\u0146\u0113mums nep\u0101rtraukti pilnveidojas un att\u012bst\u0101s.<\/p>\n<p><img decoding=\"async\" src=\"https:\/\/hzpt.com\/wp-content\/uploads\/2024\/11\/songte-company-1.webp\" alt=\"Kausa cilindra att\u0113ls\"><\/p>\n<p>Autors: lil<\/p>","protected":false},"excerpt":{"rendered":"<p>Bucket Cylinder For Volwa Small Excavator DLS880-9B Introduction Defining the product A bucket cylinder is a specially designed hydraulic cylinder used to control the movement of the bucket in heavy machinery such as excavators, backhoe loaders, and front-end loaders. Its main function is to allow the bucket to be lifted, lowered, and tilted, making it [&hellip;]<\/p>","protected":false},"featured_media":14785,"comment_status":"open","ping_status":"closed","template":"","meta":{"_et_pb_use_builder":"","_et_pb_old_content":"","_et_gb_content_width":""},"product_brand":[],"product_cat":[1494],"product_tag":[1495,1496],"class_list":{"0":"post-15885","1":"product","2":"type-product","3":"status-publish","4":"has-post-thumbnail","6":"product_cat-bucket-cylinders","7":"product_tag-bucket-cylinders","8":"product_tag-hydraulic-cylinders","10":"first","11":"instock","12":"shipping-taxable","13":"product-type-simple"},"amp_enabled":true,"_links":{"self":[{"href":"https:\/\/www.hydraulic-cylinders.net\/lv\/wp-json\/wp\/v2\/product\/15885","targetHints":{"allow":["GET"]}}],"collection":[{"href":"https:\/\/www.hydraulic-cylinders.net\/lv\/wp-json\/wp\/v2\/product"}],"about":[{"href":"https:\/\/www.hydraulic-cylinders.net\/lv\/wp-json\/wp\/v2\/types\/product"}],"replies":[{"embeddable":true,"href":"https:\/\/www.hydraulic-cylinders.net\/lv\/wp-json\/wp\/v2\/comments?post=15885"}],"wp:featuredmedia":[{"embeddable":true,"href":"https:\/\/www.hydraulic-cylinders.net\/lv\/wp-json\/wp\/v2\/media\/14785"}],"wp:attachment":[{"href":"https:\/\/www.hydraulic-cylinders.net\/lv\/wp-json\/wp\/v2\/media?parent=15885"}],"wp:term":[{"taxonomy":"product_brand","embeddable":true,"href":"https:\/\/www.hydraulic-cylinders.net\/lv\/wp-json\/wp\/v2\/product_brand?post=15885"},{"taxonomy":"product_cat","embeddable":true,"href":"https:\/\/www.hydraulic-cylinders.net\/lv\/wp-json\/wp\/v2\/product_cat?post=15885"},{"taxonomy":"product_tag","embeddable":true,"href":"https:\/\/www.hydraulic-cylinders.net\/lv\/wp-json\/wp\/v2\/product_tag?post=15885"}],"curies":[{"name":"wp","href":"https:\/\/api.w.org\/{rel}","templated":true}]}}