{"id":15888,"date":"2025-01-19T15:07:28","date_gmt":"2025-01-19T15:07:28","guid":{"rendered":"https:\/\/www.hydraulic-cylinders.net\/product\/bucket-cylinder-for-volwa-middle-excavator-dls260\/"},"modified":"2025-01-19T15:07:30","modified_gmt":"2025-01-19T15:07:30","slug":"bucket-cylinder-for-volwa-middle-excavator-dls260","status":"publish","type":"product","link":"https:\/\/www.hydraulic-cylinders.net\/lv\/products\/bucket-cylinder-for-volwa-middle-excavator-dls260\/","title":{"rendered":"Kausa cilindrs Volvo vid\u0113j\u0101 ekskavatora DLS260"},"content":{"rendered":"<h1>Kausa cilindrs Volvo vid\u0113j\u0101 ekskavatora DLS260<\/h1>\n<h2>Ievads<\/h2>\n<p>Kausa cilindrs, kas paz\u012bstams ar\u012b k\u0101 ekskavatora cilindrs, ir speci\u0101li izstr\u0101d\u0101ts hidrauliskais cilindrs, ko galvenok\u0101rt izmanto, lai kontrol\u0113tu kausa kust\u012bbu smagaj\u0101s ma\u0161\u012bn\u0101s, piem\u0113ram, ekskavatoros, iekr\u0101v\u0113jos ar ekskavatoru un front\u0101lajos iekr\u0101v\u0113jos. T\u0101 galven\u0101 funkcija ir nodro\u0161in\u0101t kausa pacel\u0161anu, nolai\u0161anu un noliek\u0161anu, atvieglojot da\u017e\u0101du materi\u0101lu apstr\u0101des uzdevumu veik\u0161anu. Hidrauliskaj\u0101 sist\u0113m\u0101 kausa cilindrs pan\u0101k prec\u012bzu kausa kust\u012bbas kontroli, mainot hidraulisk\u0101s e\u013c\u013cas spiedienu, \u013caujot operatoriem efekt\u012bvi apstr\u0101d\u0101t smagas kravas sare\u017e\u0123\u012bt\u0101s darba vid\u0113s un da\u017e\u0101d\u0101s ekspluat\u0101cijas pras\u012bb\u0101s.<\/p>\n<p><img decoding=\"async\" src=\"https:\/\/www.hydraulic-cylinders.net\/wp-content\/uploads\/2025\/01\/songte-company-2.webp\"><\/p>\n<h2>Funkcijas<\/h2>\n<ul>\n<li>Augsta iztur\u012bba un ilgm\u016b\u017e\u012bba: Parasti no augstas stipr\u012bbas t\u0113rauda vai alum\u012bnija izgatavotais kausa cilindrs var iztur\u0113t augstu spiedienu un lielas slodzes, piel\u0101goties skarbai darba videi un ir izstr\u0101d\u0101ts, \u0146emot v\u0113r\u0101 nodilumiztur\u012bbu un korozijas iztur\u012bbu, t\u0101d\u0113j\u0101di pagarinot t\u0101 kalpo\u0161anas laiku.<\/li>\n<li>Efekt\u012bva hidraulisk\u0101 darb\u012bba: Izmantojot hidraulisk\u0101s e\u013c\u013cas spiedienu, lai pan\u0101ktu vienm\u0113r\u012bgu izple\u0161an\u0101s un sarau\u0161an\u0101s kust\u012bbu, t\u0101 var \u0101tri rea\u0123\u0113t uz vad\u012bbas komand\u0101m, nodro\u0161in\u0101t sp\u0113c\u012bgus stum\u0161anas un vilk\u0161anas sp\u0113kus un ir piem\u0113rota smagu kravu apstr\u0101dei un sare\u017e\u0123\u012btu ekspluat\u0101cijas uzdevumu veik\u0161anai.<\/li>\n<li>Da\u017e\u0101di veidi: Atkar\u012bb\u0101 no ekspluat\u0101cijas vajadz\u012bb\u0101m var izv\u0113l\u0113ties vienk\u0101r\u0161\u0101s darb\u012bbas (hidrauliski darbojas tikai vien\u0101 virzien\u0101) vai divk\u0101r\u0161\u0101s darb\u012bbas (hidrauliski darbojas abos virzienos) cilindrus. Da\u017ei mode\u013ci ir teleskopiski, kas \u013cauj tos papla\u0161in\u0101t, nepalielinot \u0101r\u0113jos izm\u0113rus, padarot tos piem\u0113rotus lieto\u0161anai ierobe\u017eot\u0101 telp\u0101.<\/li>\n<li>Viegli uzst\u0101d\u012bt un uztur\u0113t: m\u016bsu produkti var lieliski aizst\u0101t \u0161os cilindrus, un m\u0113s pied\u0101v\u0101jam rezerves da\u013cas un atjauno\u0161anas pakalpojumus, lai pagarin\u0101tu j\u016bsu iek\u0101rtu kalpo\u0161anas laiku.<\/li>\n<\/ul>\n<p><img decoding=\"async\" src=\"https:\/\/www.hydraulic-cylinders.net\/wp-content\/uploads\/2025\/01\/songte-cylinder-head-with-all-kinds-excavator-models.webp\"><\/p>\n<h2>Pieteikumi<\/h2>\n<p>Kausa cilindram ir pla\u0161s pielietojumu kl\u0101sts, tostarp:<\/p>\n<ul>\n<li>B\u016bvniec\u012bbas apr\u012bkojums: ekskavatoros tas ir nepiecie\u0161ams rak\u0161anas darbiem, iekrau\u0161anai un augsnes vai gru\u017eu p\u0101rvieto\u0161anai. Ekskavatoros-iekr\u0101v\u0113jos kausa cilindrs pal\u012bdz gan rak\u0161anas, gan cel\u0161anas darbos. <\/li>\n<li>Lauksaimniec\u012bbas tehnika: Izmanto front\u0101lajiem iekr\u0101v\u0113jiem augsnes, siena un citu materi\u0101lu sav\u0101k\u0161anai, cel\u0161anai un transport\u0113\u0161anai. Ekskavatoros kausa cilindrs \u013cauj kausam iek\u013c\u016bt augsn\u0113, lai pan\u0101ktu rak\u0161anas darb\u012bbu. <\/li>\n<li>Iekr\u0101v\u0113js: Front\u0101lajos iekr\u0101v\u0113jos tie pal\u012bdz pacelt un noliekt kravu, padarot tos efekt\u012bvus kravas izg\u0101\u0161anai. <\/li>\n<\/ul>\n<h2>Dizaina apsv\u0113rumi un atlases krit\u0113riji<\/h2>\n<ul>\n<li>Nestsp\u0113ja: Kausa cilindri ir paredz\u0113ti, lai iztur\u0113tu lielas slodzes un augstu spiedienu, t\u0101p\u0113c to nestsp\u0113ja ir b\u016btiska to veiktsp\u0113jai. <\/li>\n<li>Bl\u012bv\u0113juma veiktsp\u0113ja: Lai nov\u0113rstu hidraulisk\u0101 \u0161\u0137idruma nopl\u016bdi un nodro\u0161in\u0101tu vienm\u0113r\u012bgu hidraulisko darb\u012bbu, cilindr\u0101 tiek izmantoti da\u017e\u0101di bl\u012bv\u0113\u0161anas komponenti, piem\u0113ram, virzu\u013ca bl\u012bv\u0113jumi, stie\u0146a bl\u012bv\u0113jumi un t\u012br\u012bt\u0101ji. <\/li>\n<li>Iztur\u012bba: Kausu cilindri ir pak\u013cauti skarbai videi un abraz\u012bviem materi\u0101liem, t\u0101p\u0113c tiem j\u0101b\u016bt izgatavotiem no iztur\u012bgiem un pret koroziju iztur\u012bgiem materi\u0101liem. <\/li>\n<li>Dro\u0161\u012bba: Dro\u0161\u012bbas apsv\u0113rumi ir b\u016btiski, lai nodro\u0161in\u0101tu kausu cilindru dro\u0161u darb\u012bbu. Tiem j\u0101b\u016bt apr\u012bkotiem ar dro\u0161\u012bbas v\u0101rstiem un cit\u0101m dro\u0161\u012bbas ier\u012bc\u0113m, lai nov\u0113rstu negad\u012bjumus. <\/li>\n<li>Apkope: Regul\u0101ra apkope ir b\u016btiska, lai nodro\u0161in\u0101tu kausu cilindru ilgm\u016b\u017e\u012bbu. Apkopes pras\u012bbas ietver regul\u0101ras p\u0101rbaudes, atbilsto\u0161u e\u013c\u013co\u0161anu un nolietotu vai boj\u0101tu deta\u013cu nomai\u0146u.<\/li>\n<\/ul>\n<p><img decoding=\"async\" src=\"https:\/\/www.hydraulic-cylinders.net\/wp-content\/uploads\/2025\/01\/songte-oil-pipes-and-spare-parts.webp\"><\/p>\n<h2>Bl\u012bv\u0113\u0161ana un e\u013c\u013co\u0161ana<\/h2>\n<p>Kausa cilindros tiek izmantoti da\u017e\u0101di bl\u012bv\u0113\u0161anas komponenti, piem\u0113ram, virzu\u013ca bl\u012bves un stie\u0146a bl\u012bves, lai nov\u0113rstu hidraulisk\u0101 \u0161\u0137idruma nopl\u016bdi. Bl\u012bves ir izgatavotas no nodilumiztur\u012bgiem materi\u0101liem, piem\u0113ram, poliuret\u0101na un nitrila gumijas. Cilindra korpuss un v\u012bt\u0146ot\u0101 gala virsma ir smalki apstr\u0101d\u0101ta, lai uzlabotu nodilumiztur\u012bbu. Lai nodro\u0161in\u0101tu vienm\u0113r\u012bgu hidraulisko darb\u012bbu un pagarin\u0101tu cilindra kalpo\u0161anas laiku, ir nepiecie\u0161ama regul\u0101ra e\u013c\u013co\u0161ana ar atbilsto\u0161u hidraulisko e\u013c\u013cu.<\/p>\n<h2>Apkope un remonts<\/h2>\n<p>Lai nodro\u0161in\u0101tu kausu cilindru ilgm\u016b\u017e\u012bbu, ir svar\u012bgi veikt regul\u0101ru apkopi un remontu. Bie\u017ei sastopamie apkopes uzdevumi ietver regul\u0101ras p\u0101rbaudes, atbilsto\u0161u e\u013c\u013co\u0161anu un nolietotu vai boj\u0101tu deta\u013cu nomai\u0146u. Uzst\u0101d\u012b\u0161anas laik\u0101 ir svar\u012bgi pareizi izl\u012bdzin\u0101t cilindru, izmantot atbilsto\u0161us uzst\u0101d\u012b\u0161anas kron\u0161teinus cilindra nostiprin\u0101\u0161anai un iev\u0113rot ieteicam\u0101s p\u0101rbaudes, remonta un nomai\u0146as proced\u016bras.<\/p>\n<p><img decoding=\"async\" src=\"https:\/\/www.hydraulic-cylinders.net\/wp-content\/uploads\/2025\/01\/songte-chushion-collar.webp\"><\/p>\n<h2>Dro\u0161\u012bbas un vides apsv\u0113rumi<\/h2>\n<p>Kausa cilindri j\u0101projekt\u0113 un j\u0101uzst\u0101da, \u0146emot v\u0113r\u0101 dro\u0161\u012bbas apsv\u0113rumus. Lai nov\u0113rstu negad\u012bjumus, j\u0101uzst\u0101da dro\u0161\u012bbas v\u0101rsti. Pareiza lietotu deta\u013cu utiliz\u0101cija ir b\u016btiska, lai izvair\u012btos no kait\u0113juma videi.<\/p>\n<h2>Bie\u017ei sastopamas probl\u0113mas un to nov\u0113r\u0161ana<\/h2>\n<p>Bie\u017ei sastopamas probl\u0113mas ar kausu cilindriem ir nopl\u016bdes, bl\u012bv\u0113jumu boj\u0101jumi un nepareiza izl\u012bdzin\u0101\u0161ana. Probl\u0113mu nov\u0113r\u0161anu var veikt, p\u0101rbaudot cilindra bl\u012bves, p\u0101rbaudot pareizu izl\u012bdzin\u0101\u0161anu un nodro\u0161inot pareizu e\u013c\u013co\u0161anu. Regul\u0101ra apkope un nolietotu vai boj\u0101tu deta\u013cu nomai\u0146a var nov\u0113rst potenci\u0101las probl\u0113mas.<\/p>\n<p><img decoding=\"async\" src=\"https:\/\/www.hydraulic-cylinders.net\/wp-content\/uploads\/2025\/01\/songte-bushings-with-all-kinds-of-excavator-models.webp\"><\/p>\n<h2>Par m\u016bsu uz\u0146\u0113mumu<\/h2>\n<p>M\u0113s esam hidraulisko cilindru ra\u017eot\u0101js, kas pied\u0101v\u0101 pilnu produktu kl\u0101stu, padarot m\u016bs par vienu no vado\u0161ajiem hidraulisko cilindru ra\u017eot\u0101jiem un vairumtirdzniec\u012bbas izplat\u012bt\u0101jiem viet\u0113j\u0101 un starptautiskaj\u0101 tirg\u016b. M\u0113s iev\u0113rojam izcilas kvalit\u0101tes principu un pa\u013caujamies uz smalku ra\u017eo\u0161anas darbn\u012bcu r\u016bpniecisk\u0101s ra\u017eo\u0161anas vad\u012bbas strat\u0113\u0123iju. M\u0113s past\u0101v\u012bgi uzlabojam savu ra\u017eo\u0161anas platformu, uzlabojam savu produktu kvalit\u0101tes ra\u017eo\u0161anas l\u012bniju un mums ir sp\u0113c\u012bgas rado\u0161\u0101s sp\u0113jas apmierin\u0101t m\u016bsu klientu daudzveid\u012bg\u0101s vajadz\u012bbas. M\u0113s pied\u0101v\u0101jam ar\u012b profesion\u0101lus piel\u0101go\u0161anas pakalpojumus, un m\u016bsu ra\u017eo\u0161anas iek\u0101rtas un test\u0113\u0161anas sist\u0113mas atbilst starptautiskajiem sertifik\u0101cijas standartiem. Mums ir sp\u0113c\u012bga p\u0113cp\u0101rdo\u0161anas servisa komanda, kas nodro\u0161ina savlaic\u012bgu un efekt\u012bvu tehnisko atbalstu m\u016bsu klientiem.<\/p>\n<p><img decoding=\"async\" src=\"https:\/\/hzpt.com\/wp-content\/uploads\/2024\/11\/songte-company-1.webp\"><\/p>\n<p>Autors: lil<\/p>","protected":false},"excerpt":{"rendered":"<p>Bucket Cylinder For Volwa Middle Excavator DLS260 Introduction The bucket cylinder, also known as the digger cylinder, is a specially designed hydraulic cylinder primarily used to control the movement of the bucket in heavy machinery such as excavators, backhoe loaders, and front-end loaders. Its main function is to enable the bucket to lift, lower, and [&hellip;]<\/p>","protected":false},"featured_media":14780,"comment_status":"open","ping_status":"closed","template":"","meta":{"_et_pb_use_builder":"","_et_pb_old_content":"","_et_gb_content_width":""},"product_brand":[],"product_cat":[1494],"product_tag":[1495,1496],"class_list":{"0":"post-15888","1":"product","2":"type-product","3":"status-publish","4":"has-post-thumbnail","6":"product_cat-bucket-cylinders","7":"product_tag-bucket-cylinders","8":"product_tag-hydraulic-cylinders","10":"first","11":"instock","12":"shipping-taxable","13":"product-type-simple"},"amp_enabled":true,"_links":{"self":[{"href":"https:\/\/www.hydraulic-cylinders.net\/lv\/wp-json\/wp\/v2\/product\/15888","targetHints":{"allow":["GET"]}}],"collection":[{"href":"https:\/\/www.hydraulic-cylinders.net\/lv\/wp-json\/wp\/v2\/product"}],"about":[{"href":"https:\/\/www.hydraulic-cylinders.net\/lv\/wp-json\/wp\/v2\/types\/product"}],"replies":[{"embeddable":true,"href":"https:\/\/www.hydraulic-cylinders.net\/lv\/wp-json\/wp\/v2\/comments?post=15888"}],"wp:featuredmedia":[{"embeddable":true,"href":"https:\/\/www.hydraulic-cylinders.net\/lv\/wp-json\/wp\/v2\/media\/14780"}],"wp:attachment":[{"href":"https:\/\/www.hydraulic-cylinders.net\/lv\/wp-json\/wp\/v2\/media?parent=15888"}],"wp:term":[{"taxonomy":"product_brand","embeddable":true,"href":"https:\/\/www.hydraulic-cylinders.net\/lv\/wp-json\/wp\/v2\/product_brand?post=15888"},{"taxonomy":"product_cat","embeddable":true,"href":"https:\/\/www.hydraulic-cylinders.net\/lv\/wp-json\/wp\/v2\/product_cat?post=15888"},{"taxonomy":"product_tag","embeddable":true,"href":"https:\/\/www.hydraulic-cylinders.net\/lv\/wp-json\/wp\/v2\/product_tag?post=15888"}],"curies":[{"name":"wp","href":"https:\/\/api.w.org\/{rel}","templated":true}]}}