{"id":15892,"date":"2025-01-19T15:07:44","date_gmt":"2025-01-19T15:07:44","guid":{"rendered":"https:\/\/www.hydraulic-cylinders.net\/product\/bucket-cylinder-for-volwa-large-excavator-dls330-8b\/"},"modified":"2025-01-19T15:07:48","modified_gmt":"2025-01-19T15:07:48","slug":"bucket-cylinder-for-volwa-large-excavator-dls330-8b","status":"publish","type":"product","link":"https:\/\/www.hydraulic-cylinders.net\/lv\/products\/bucket-cylinder-for-volwa-large-excavator-dls330-8b\/","title":{"rendered":"Kausa cilindrs Volvo lielajam ekskavatoram DLS330-8B"},"content":{"rendered":"<h1>Kausa cilindrs Volvo lielajam ekskavatoram DLS330-8B<\/h1>\n<h2>Ievads<\/h2>\n<p>Kausa cilindrs ir speci\u0101li izstr\u0101d\u0101ts hidrauliskais cilindrs, ko galvenok\u0101rt izmanto, lai kontrol\u0113tu kausu kust\u012bbu smagaj\u0101s ma\u0161\u012bn\u0101s, piem\u0113ram, ekskavatoros, iekr\u0101v\u0113jos un front\u0101lajos iekr\u0101v\u0113jos. T\u0101 galven\u0101 funkcija ir nodro\u0161in\u0101t kausa pacel\u0161anu, nolai\u0161anu un noliek\u0161anu, atvieglojot da\u017e\u0101du materi\u0101lu apstr\u0101des uzdevumu veik\u0161anu. Hidrauliskaj\u0101 sist\u0113m\u0101 kausa cilindrs pan\u0101k prec\u012bzu kausa kontroli, mainot hidraulisk\u0101s e\u013c\u013cas spiedienu, \u013caujot operatoriem efekt\u012bvi apstr\u0101d\u0101t smagas kravas un piel\u0101goties sare\u017e\u0123\u012btai darba videi un da\u017e\u0101d\u0101m darba pras\u012bb\u0101m.<\/p>\n<p><img decoding=\"async\" src=\"https:\/\/www.hydraulic-cylinders.net\/wp-content\/uploads\/2025\/01\/songte-company-2.webp\" alt=\"Kausa cilindrs\"><\/p>\n<h2>Funkcijas<\/h2>\n<ul>\n<li>Augsta iztur\u012bba un ilgm\u016b\u017e\u012bba: Parasti izgatavots no augstas stipr\u012bbas t\u0113rauda vai alum\u012bnija, tas var iztur\u0113t augstu spiedienu un lielas slodzes, piel\u0101goties skarbai darba videi, un dizains ir veidots, \u0146emot v\u0113r\u0101 nodilumiztur\u012bbu un korozijas iztur\u012bbu, pagarinot kalpo\u0161anas laiku.<\/li>\n<li>Efekt\u012bva hidraulisk\u0101 darb\u012bba: Vienm\u0113r\u012bga izstiep\u0161ana un sarau\u0161an\u0101s tiek pan\u0101kta, izmantojot hidraulisk\u0101s e\u013c\u013cas spiedienu, un t\u0101 var \u0101tri rea\u0123\u0113t uz vad\u012bbas komand\u0101m, nodro\u0161inot jaud\u012bgu stum\u0161anas un vilk\u0161anas sp\u0113ku, kas piem\u0113rots smagu kravu apstr\u0101dei un sare\u017e\u0123\u012btu darbu uzdevumiem.<\/li>\n<li>Da\u017e\u0101di veidi: atbilsto\u0161i pras\u012bb\u0101m var izv\u0113l\u0113ties vienk\u0101r\u0161\u0101s darb\u012bbas (hidraulika tiek izmantota tikai vien\u0101 virzien\u0101) vai divk\u0101r\u0161\u0101s darb\u012bbas (hidraulika tiek izmantota divos virzienos) cilindrus, lai apmierin\u0101tu da\u017e\u0101das ekspluat\u0101cijas vajadz\u012bbas. Da\u017ei mode\u013ci ir teleskopiski, kas \u013cauj tos papla\u0161in\u0101t, nepalielinot \u0101r\u0113jos izm\u0113rus, kas ir piem\u0113rots lietojumiem ar ierobe\u017eotu telpu.<\/li>\n<li>Piel\u0101gota ra\u017eo\u0161ana: m\u016bsu produkti var lieliski aizst\u0101t \u0161os hidrauliskos cilindrus.<\/li>\n<\/ul>\n<p><img decoding=\"async\" src=\"https:\/\/www.hydraulic-cylinders.net\/wp-content\/uploads\/2025\/01\/songte-cylinder-head-with-all-kinds-excavator-models.webp\" alt=\"Piel\u0101gota ra\u017eo\u0161ana\"><\/p>\n<h2>Pieteikumi<\/h2>\n<p>Kausa cilindri tiek pla\u0161i izmantoti da\u017e\u0101d\u0101s smagaj\u0101s ma\u0161\u012bn\u0101s, tostarp:<\/p>\n<ul>\n<li>B\u016bvniec\u012bbas apr\u012bkojums: ekskavatoros tie ir nepiecie\u0161ami rak\u0161anas darbiem, iekrau\u0161anai un augsnes vai gru\u017eu p\u0101rvieto\u0161anai. Ekskavatoros-iekr\u0101v\u0113jos kausa cilindri pal\u012bdz gan rak\u0161anas, gan cel\u0161anas darbos. <\/li>\n<li>Lauksaimniec\u012bbas tehnika: Izmanto front\u0101lajos iekr\u0101v\u0113jos augsnes, siena un citu materi\u0101lu sav\u0101k\u0161anai, cel\u0161anai un transport\u0113\u0161anai. <\/li>\n<li>Ekskavatori: Kausa cilindri pan\u0101k rak\u0161anas darb\u012bbu, \u013caujot kausam iek\u013c\u016bt augsn\u0113.<\/li>\n<li>Front\u0101lie iekr\u0101v\u0113ji: Front\u0101lajos iekr\u0101v\u0113jos tie pal\u012bdz efekt\u012bvi pacelt un izkraut preces.<\/li>\n<\/ul>\n<h2>Dizaina apsv\u0113rumi un atlases standarti<\/h2>\n<p>From the design considerations, we consider the cylinder&#8217;s carrying capacity, sealing, durability, safety, and maintainability. The following are the key points:<\/p>\n<ul>\n<li>Nestsp\u0113ja: Balonam j\u0101sp\u0113j iztur\u0113t uzdevumam nepiecie\u0161amo maksim\u0101lo slodzi.<\/li>\n<li>Bl\u012bv\u0113jums: Lai nov\u0113rstu hidraulisk\u0101s e\u013c\u013cas nopl\u016bdi un nodro\u0161in\u0101tu efekt\u012bvu darb\u012bbu, tiek izmantoti da\u017e\u0101di bl\u012bv\u0113\u0161anas komponenti, piem\u0113ram, virzu\u013ca bl\u012bv\u0113jumi un stie\u0146a bl\u012bv\u0113jumi.<\/li>\n<li>Iztur\u012bba: Balons j\u0101projekt\u0113, \u0146emot v\u0113r\u0101 nodilumiztur\u012bbu un korozijas iztur\u012bbu, lai pagarin\u0101tu t\u0101 kalpo\u0161anas laiku.<\/li>\n<li>Dro\u0161\u012bba: Pareiza uzst\u0101d\u012b\u0161ana un regul\u0101ra apkope nodro\u0161ina dro\u0161u darb\u012bbu.<\/li>\n<li>Uzturam\u012bba: Balonam j\u0101b\u016bt konstru\u0113tam ar nomain\u0101m\u0101m deta\u013c\u0101m, padarot apkopi un remontu pieejam\u0101ku.<\/li>\n<\/ul>\n<p><img decoding=\"async\" src=\"https:\/\/www.hydraulic-cylinders.net\/wp-content\/uploads\/2025\/01\/songte-oil-pipes-and-spare-parts.webp\" alt=\"Dizaina apsv\u0113rumi\"><\/p>\n<h2>Bl\u012bv\u0113\u0161ana un e\u013c\u013co\u0161ana<\/h2>\n<p>Lai nodro\u0161in\u0101tu pareizu bl\u012bv\u0113\u0161anu un e\u013c\u013co\u0161anu, tiek izmantoti da\u017e\u0101di bl\u012bv\u0113\u0161anas komponenti, piem\u0113ram, virzu\u013ca bl\u012bvsl\u0113gi \u200b\u200bun stie\u0146a bl\u012bvsl\u0113gi, kas ir izgatavoti no nodilumiztur\u012bgiem materi\u0101liem, piem\u0113ram, poliuret\u0101na un nitrila gumijas. Cilindra korpuss un v\u012bt\u0146ot\u0101s gala virsmas ir smalki apstr\u0101d\u0101tas, lai uzlabotu nodilumiztur\u012bbu. Lai nodro\u0161in\u0101tu pareizu e\u013c\u013co\u0161anu, ir nepiecie\u0161ams regul\u0101ri pievienot hidraulisko e\u013c\u013cu.<\/p>\n<h2>Apkope un remonts<\/h2>\n<p>Lai nodro\u0161in\u0101tu cilindra ilgsto\u0161u darb\u012bbu, ir nepiecie\u0161amas regul\u0101ras p\u0101rbaudes un profilaktisk\u0101s apkopes pas\u0101kumi. T\u0101l\u0101k ir nor\u0101d\u012bti bie\u017ei veicamie apkopes darbi:<\/p>\n<ul>\n<li>Regul\u0101ra p\u0101rbaude<\/li>\n<li>Pareiza e\u013c\u013co\u0161ana<\/li>\n<li>Bl\u012bv\u0113juma nomai\u0146a<\/li>\n<li>Kalibr\u0113\u0161anas p\u0101rbaude<\/li>\n<\/ul>\n<p>Proper installation, lubrication, and adjustment are critical to the cylinder&#8217;s performance. During installation, proper alignment guidance should be provided, and suitable installation brackets should be used to secure the cylinder. Recommended inspection, repair, and replacement procedures are provided, including replacement parts and rebuild services to improve the cylinder&#8217;s service life.<\/p>\n<p><img decoding=\"async\" src=\"https:\/\/www.hydraulic-cylinders.net\/wp-content\/uploads\/2025\/01\/songte-chushion-collar.webp\" alt=\"Apkope un remonts\"><\/p>\n<h2>Dro\u0161\u012bbas apsv\u0113rumi un vides faktori<\/h2>\n<p>Izmantojot kausu cilindrus, j\u0101veic atbilsto\u0161i dro\u0161\u012bbas pas\u0101kumi. Pirms lieto\u0161anas p\u0101rliecinieties, vai apr\u012bkojums ir pareizi uzst\u0101d\u012bts un cilindrs ir lab\u0101 st\u0101vokl\u012b. Lai samazin\u0101tu ietekmi uz vidi, ir nepiecie\u0161ama pareiza hidraulisk\u0101s e\u013c\u013cas un citu b\u012bstamu materi\u0101lu utiliz\u0101cija.<\/p>\n<h2>Probl\u0113mu nov\u0113r\u0161ana un bie\u017ei sastopamas probl\u0113mas<\/h2>\n<p>Bie\u017ei sastopamas probl\u0113mas ir hidraulisk\u0101s e\u013c\u013cas nopl\u016bdes, cilindru darb\u012bbas trauc\u0113jumi un samazin\u0101ta veiktsp\u0113ja. Pareiza diagnostika un risin\u0101jumi ir \u013coti svar\u012bgi, lai atrisin\u0101tu \u0161\u012bs probl\u0113mas. Regul\u0101ras p\u0101rbaudes un prevent\u012bvie apkopes pas\u0101kumi var ar\u012b pal\u012bdz\u0113t samazin\u0101t \u0161\u0101das probl\u0113mas.<\/p>\n<p><img decoding=\"async\" src=\"https:\/\/www.hydraulic-cylinders.net\/wp-content\/uploads\/2025\/01\/songte-bushings-with-all-kinds-of-excavator-models.webp\" alt=\"Probl\u0113mu nov\u0113r\u0161ana\"><\/p>\n<h2>Par m\u016bsu uz\u0146\u0113mumu<\/h2>\n<p>We are a manufacturer of replacement hydraulic cylinders with a complete range of products. We have become one of the leading manufacturers and wholesale distributors of hydraulic cylinders in domestic and international markets. We follow the principle of excellent quality and rely on the industrialization production management strategy of precision manufacturing workshops. Our company continuously improves the manufacturing platform of the workshop, perfects the product quality production route, and has strong creation ability. We meet customers&#8217; diverse needs with high efficiency, high precision, and high-quality products.<\/p>\n<p>M\u016bsu uz\u0146\u0113mums nodro\u0161ina profesion\u0101lu, starptautisku sertifik\u0101ciju, piel\u0101gotus pakalpojumus, ra\u017eo\u0161anas iek\u0101rtas un p\u0113cp\u0101rdo\u0161anas apkalpo\u0161anu. <\/p>\n<p><img decoding=\"async\" src=\"https:\/\/hzpt.com\/wp-content\/uploads\/2024\/11\/songte-company-1.webp\" alt=\"Par m\u016bsu uz\u0146\u0113mumu\"><\/p>\n<h3>Autors: lil<\/h3>","protected":false},"excerpt":{"rendered":"<p>Bucket Cylinder For Volwa Large Excavator DLS330-8B Introduction A bucket cylinder is a specially designed hydraulic cylinder primarily used to control the movement of buckets in heavy machinery such as excavators, backhoe loaders, and front-end loaders. Its main function is to enable the bucket to lift, lower, and tilt, making it easier to handle various [&hellip;]<\/p>","protected":false},"featured_media":14771,"comment_status":"open","ping_status":"closed","template":"","meta":{"_et_pb_use_builder":"","_et_pb_old_content":"","_et_gb_content_width":""},"product_brand":[],"product_cat":[1494],"product_tag":[1495,1496],"class_list":{"0":"post-15892","1":"product","2":"type-product","3":"status-publish","4":"has-post-thumbnail","6":"product_cat-bucket-cylinders","7":"product_tag-bucket-cylinders","8":"product_tag-hydraulic-cylinders","10":"first","11":"instock","12":"shipping-taxable","13":"product-type-simple"},"amp_enabled":true,"_links":{"self":[{"href":"https:\/\/www.hydraulic-cylinders.net\/lv\/wp-json\/wp\/v2\/product\/15892","targetHints":{"allow":["GET"]}}],"collection":[{"href":"https:\/\/www.hydraulic-cylinders.net\/lv\/wp-json\/wp\/v2\/product"}],"about":[{"href":"https:\/\/www.hydraulic-cylinders.net\/lv\/wp-json\/wp\/v2\/types\/product"}],"replies":[{"embeddable":true,"href":"https:\/\/www.hydraulic-cylinders.net\/lv\/wp-json\/wp\/v2\/comments?post=15892"}],"wp:featuredmedia":[{"embeddable":true,"href":"https:\/\/www.hydraulic-cylinders.net\/lv\/wp-json\/wp\/v2\/media\/14771"}],"wp:attachment":[{"href":"https:\/\/www.hydraulic-cylinders.net\/lv\/wp-json\/wp\/v2\/media?parent=15892"}],"wp:term":[{"taxonomy":"product_brand","embeddable":true,"href":"https:\/\/www.hydraulic-cylinders.net\/lv\/wp-json\/wp\/v2\/product_brand?post=15892"},{"taxonomy":"product_cat","embeddable":true,"href":"https:\/\/www.hydraulic-cylinders.net\/lv\/wp-json\/wp\/v2\/product_cat?post=15892"},{"taxonomy":"product_tag","embeddable":true,"href":"https:\/\/www.hydraulic-cylinders.net\/lv\/wp-json\/wp\/v2\/product_tag?post=15892"}],"curies":[{"name":"wp","href":"https:\/\/api.w.org\/{rel}","templated":true}]}}