{"id":15897,"date":"2025-01-19T15:08:12","date_gmt":"2025-01-19T15:08:12","guid":{"rendered":"https:\/\/www.hydraulic-cylinders.net\/product\/bucket-cylinder-for-volwa-cane-unloader-dls880-9a\/"},"modified":"2025-01-19T15:08:14","modified_gmt":"2025-01-19T15:08:14","slug":"bucket-cylinder-for-volwa-cane-unloader-dls880-9a","status":"publish","type":"product","link":"https:\/\/www.hydraulic-cylinders.net\/lv\/products\/bucket-cylinder-for-volwa-cane-unloader-dls880-9a\/","title":{"rendered":"Kausa cilindrs Volvo niedru izkrau\u0161anas iek\u0101rtai DLS880-9A"},"content":{"rendered":"<h1>Kausa cilindrs Volvo niedru izkrau\u0161anas iek\u0101rtai DLS880-9A<\/h1>\n<h2>Ievads<\/h2>\n<p>Kausa cilindrs ir speci\u0101li izstr\u0101d\u0101ts hidrauliskais cilindrs, ko izmanto, lai kontrol\u0113tu kausa kust\u012bbu smagaj\u0101s ma\u0161\u012bn\u0101s, piem\u0113ram, ekskavatoros, univers\u0101lajos ekskavatoros un front\u0101lajos iekr\u0101v\u0113jos. T\u0101 galven\u0101 funkcija ir pacelt, nolaist un noliekt kausu, atvieglojot da\u017e\u0101du materi\u0101lu apstr\u0101des uzdevumu veik\u0161anu. Hidrauliskaj\u0101 sist\u0113m\u0101 kausa cilindrs prec\u012bzi kontrol\u0113 kausa kust\u012bbu, mainot hidraulisk\u0101s e\u013c\u013cas spiedienu, \u013caujot operatoriem efekt\u012bvi apstr\u0101d\u0101t smagas kravas un piel\u0101goties sare\u017e\u0123\u012btai darba videi un da\u017e\u0101d\u0101m ekspluat\u0101cijas pras\u012bb\u0101m.<\/p>\n<p><img decoding=\"async\" src=\"https:\/\/www.hydraulic-cylinders.net\/wp-content\/uploads\/2025\/01\/songte-company-2.webp\"><\/p>\n<h2>Funkcijas<\/h2>\n<ul>\n<li>Augsta iztur\u012bba un ilgm\u016b\u017e\u012bba: Parasti izgatavoti no augstas stipr\u012bbas t\u0113rauda vai alum\u012bnija, sp\u0113j iztur\u0113t augstu spiedienu un lielas slodzes, piel\u0101goti skarbai darba videi un ir izstr\u0101d\u0101ti, \u0146emot v\u0113r\u0101 nodilumiztur\u012bbu un korozijas iztur\u012bbu, pagarinot kalpo\u0161anas laiku.<\/li>\n<li>Efekt\u012bva hidraulisk\u0101 darb\u012bba: Hidraulisk\u0101s e\u013c\u013cas spiediens nodro\u0161ina vienm\u0113r\u012bgas izstiep\u0161anas un ievilk\u0161anas kust\u012bbas, un cilindrs \u0101tri rea\u0123\u0113 uz vad\u012bbas komand\u0101m, nodro\u0161inot jaud\u012bgus stum\u0161anas un vilk\u0161anas sp\u0113kus, kas piem\u0113roti smagu kravu apstr\u0101dei un sare\u017e\u0123\u012btiem ekspluat\u0101cijas uzdevumiem.<\/li>\n<li>Da\u017e\u0101di veidi: vienas darb\u012bbas (hidraulisk\u0101 sist\u0113ma tiek izmantota tikai vien\u0101 virzien\u0101) vai divk\u0101r\u0161as darb\u012bbas (hidraulisk\u0101 sist\u0113ma tiek izmantota abos virzienos) cilindrus var izv\u0113l\u0113ties atbilsto\u0161i pras\u012bb\u0101m, lai apmierin\u0101tu da\u017e\u0101das ekspluat\u0101cijas vajadz\u012bbas. Da\u017ei mode\u013ci ir teleskopiski, kas \u013cauj pan\u0101kt liel\u0101ku pagarin\u0101jumu, nepalielinot \u0101r\u0113jos izm\u0113rus, un ir piem\u0113roti lieto\u0161anai ierobe\u017eot\u0101 telp\u0101.<\/li>\n<li>Nomain\u0101ms: m\u016bsu produkts var lieliski aizst\u0101t \u0161os hidrauliskos cilindrus.<\/li>\n<\/ul>\n<p><img decoding=\"async\" src=\"https:\/\/www.hydraulic-cylinders.net\/wp-content\/uploads\/2025\/01\/songte-cylinder-head-with-all-kinds-excavator-models.webp\"><\/p>\n<h2>Pieteikumi<\/h2>\n<ul>\n<li>B\u016bvniec\u012bbas apr\u012bkojums: tie ir atrodami ekskavatoros, un tie ir \u013coti svar\u012bgi augsnes vai gru\u017eu rak\u0161anai, iekrau\u0161anai un p\u0101rvieto\u0161anai. Ekskavatoros kausa cilindri pal\u012bdz gan rak\u0161an\u0101, gan cel\u0161an\u0101. Front\u0101lajos iekr\u0101v\u0113jos tie pal\u012bdz efekt\u012bvi pacelt un noliekt preces.<\/li>\n<li>Lauksaimniec\u012bbas tehnika: Izmanto front\u0101lajos iekr\u0101v\u0113jos augsnes, siena un citu materi\u0101lu rak\u0161anai, cel\u0161anai un transport\u0113\u0161anai. Ekskavatoros kausa cilindri veic rak\u0161anas darb\u012bbas, \u013caujot kausam iek\u013c\u016bt augsn\u0113. Iekr\u0101v\u0113jos tie pal\u012bdz efekt\u012bvi pacelt un izg\u0101zt preces.<\/li>\n<\/ul>\n<h2>Dizaina apsv\u0113rumi un atlases krit\u0113riji<\/h2>\n<ul>\n<li>Nestsp\u0113ja: Cilindram j\u0101b\u016bt konstru\u0113tam t\u0101, lai tas iztur\u0113tu maksim\u0101lo slodzi, kas tam var rasties ekspluat\u0101cijas laik\u0101.<\/li>\n<li>Bl\u012bv\u0113jums: Cilindram j\u0101b\u016bt labi nosl\u0113gtam, lai nov\u0113rstu hidraulisk\u0101s e\u013c\u013cas nopl\u016bdi.<\/li>\n<li>Iztur\u012bba: Balonam j\u0101b\u016bt izgatavotam no iztur\u012bgiem materi\u0101liem un konstru\u0113tam t\u0101, lai tas iztur\u0113tu skarbus darba apst\u0101k\u013cus.<\/li>\n<li>Dro\u0161\u012bba: Balonam j\u0101b\u016bt konstru\u0113tam t\u0101, lai nodro\u0161in\u0101tu dro\u0161u darb\u012bbu, \u012bpa\u0161i str\u0101d\u0101jot ar smag\u0101m krav\u0101m.<\/li>\n<li>Uzturam\u012bba: Balonam j\u0101b\u016bt konstru\u0113tam t\u0101, lai to b\u016btu viegli regul\u0101ri apkopt un remont\u0113t.<\/li>\n<\/ul>\n<p><img decoding=\"async\" src=\"https:\/\/www.hydraulic-cylinders.net\/wp-content\/uploads\/2025\/01\/songte-oil-pipes-and-spare-parts.webp\"><\/p>\n<h2>Bl\u012bv\u0113\u0161ana un e\u013c\u013co\u0161ana<\/h2>\n<p>Cilindr\u0101 tiek izmantoti da\u017e\u0101di bl\u012bv\u0113\u0161anas komponenti, piem\u0113ram, virzu\u013ca bl\u012bvsl\u0113gi, stie\u0146a bl\u012bvsl\u0113gi \u200b\u200butt., un bl\u012bvsl\u0113gi \u200b\u200bir izgatavoti no nodilumiztur\u012bgiem materi\u0101liem, piem\u0113ram, poliuret\u0101na un nitrila gumijas. Cilindra korpuss un v\u012bt\u0146ot\u0101 gala virsma ir smalki apstr\u0101d\u0101ta, lai uzlabotu nodilumiztur\u012bbu. Lai nodro\u0161in\u0101tu vienm\u0113r\u012bgu darb\u012bbu, cilindram ir nepiecie\u0161ama regul\u0101ra hidraulisk\u0101s e\u013c\u013cas uzpild\u012b\u0161ana.<\/p>\n<h2>Apkope un remonts<\/h2>\n<p>Regul\u0101ra p\u0101rbaude, pareiza e\u013c\u013co\u0161ana, bl\u012bvju nomai\u0146a un kalibr\u0113\u0161anas p\u0101rbaudes ir bie\u017ei veicami apkopes uzdevumi. Pareiza uzst\u0101d\u012b\u0161ana, e\u013c\u013co\u0161ana un regul\u0113\u0161ana ir svar\u012bga, lai pagarin\u0101tu balona kalpo\u0161anas laiku. Uzst\u0101d\u012b\u0161anas laik\u0101 ieteicams sniegt nor\u0101d\u012bjumus par balona izl\u012bdzin\u0101\u0161anu un izmantot atbilsto\u0161us uzst\u0101d\u012b\u0161anas kron\u0161teinus balona nostiprin\u0101\u0161anai. Tiek sniegtas ieteicam\u0101s p\u0101rbaudes, remonta un nomai\u0146as proced\u016bras, k\u0101 ar\u012b ir pieejamas rezerves da\u013cas un atjauno\u0161anas pakalpojumi, lai pagarin\u0101tu balona kalpo\u0161anas laiku.<\/p>\n<p><img decoding=\"async\" src=\"https:\/\/www.hydraulic-cylinders.net\/wp-content\/uploads\/2025\/01\/songte-chushion-collar.webp\"><\/p>\n<h2>Dro\u0161\u012bbas apsv\u0113rumi un vides faktori<\/h2>\n<p>Dro\u0161\u012bbas pas\u0101kumi ir svar\u012bgi, lietojot hidrauliskos cilindrus, \u012bpa\u0161i, str\u0101d\u0101jot ar smag\u0101m krav\u0101m. Vides faktori, piem\u0113ram, temperat\u016bra, mitrums un putek\u013ci, var ietekm\u0113t ar\u012b cilindra veiktsp\u0113ju un iztur\u012bbu.<\/p>\n<h2>K\u013c\u016bmju diagnostika un bie\u017e\u0101k sastopam\u0101s probl\u0113mas<\/h2>\n<p>Bie\u017e\u0101k sastopam\u0101s hidraulisko cilindru probl\u0113mas ir e\u013c\u013cas nopl\u016bde, nepietiekams spiediens un neefekt\u012bva darb\u012bba. Pareiza diagnostika un probl\u0113mu nov\u0113r\u0161ana var efekt\u012bvi atrisin\u0101t \u0161\u012bs probl\u0113mas. Regul\u0101ra apkope un p\u0101rbaudes var pal\u012bdz\u0113t nov\u0113rst iesp\u0113jam\u0101s probl\u0113mas.<\/p>\n<p><img decoding=\"async\" src=\"https:\/\/www.hydraulic-cylinders.net\/wp-content\/uploads\/2025\/01\/songte-bushings-with-all-kinds-of-excavator-models.webp\"><\/p>\n<h2>Par m\u016bsu uz\u0146\u0113mumu<\/h2>\n<p>M\u0113s esam rezerves hidraulisko cilindru ra\u017eot\u0101js. M\u0113s pied\u0101v\u0101jam pla\u0161u produktu kl\u0101stu un esam k\u013cuvu\u0161i par vienu no vado\u0161ajiem hidraulisko cilindru ra\u017eot\u0101jiem un vairumtirgot\u0101jiem viet\u0113j\u0101 un starptautiskaj\u0101 tirg\u016b. M\u0113s iev\u0113rojam izcilas kvalit\u0101tes principu un pa\u013caujamies uz industrializ\u0113t\u0101m ra\u017eo\u0161anas vad\u012bbas strat\u0113\u0123ij\u0101m smalk\u0101s ra\u017eo\u0161anas darbn\u012bc\u0101s. M\u016bsu uz\u0146\u0113mums nep\u0101rtraukti uzlabo darbn\u012bcas ra\u017eo\u0161anas platformu, pilnveido produktu kvalit\u0101tes ra\u017eo\u0161anas l\u012bniju un tam ir sp\u0113c\u012bgas rado\u0161\u0101s sp\u0113jas apmierin\u0101t klientu da\u017e\u0101d\u0101s vajadz\u012bbas ar augstu efektivit\u0101ti, augstu precizit\u0101ti un augstas kvalit\u0101tes principiem.<\/p>\n<h3>Profesionalit\u0101te<\/h3>\n<p>Mums ir profesion\u0101lu tehni\u0137u komanda un modernas digit\u0101l\u0101s augstas klases ra\u017eo\u0161anas iek\u0101rtas, kas sp\u0113j apstr\u0101d\u0101t da\u017e\u0101das piel\u0101gotas pras\u012bbas.<\/p>\n<h3>Starptautisk\u0101 sertifik\u0101cija<\/h3>\n<p>M\u016bsu produkti ir iztur\u0113ju\u0161i starptautiskus sertifik\u0101tus, piem\u0113ram, ISO9001, CE un SGS, lai nodro\u0161in\u0101tu kvalit\u0101ti un uzticam\u012bbu.<\/p>\n<h3>Piel\u0101go\u0161anas pakalpojumi<\/h3>\n<p>M\u0113s pied\u0101v\u0101jam piel\u0101go\u0161anas pakalpojumus, lai apmierin\u0101tu da\u017e\u0101das klientu vajadz\u012bbas attiec\u012bb\u0101 uz produktu specifik\u0101cij\u0101m un izm\u0113riem.<\/p>\n<h3>Ra\u017eo\u0161anas iek\u0101rtas<\/h3>\n<p>Mums ir vismodern\u0101k\u0101s ra\u017eo\u0161anas iek\u0101rtas un uzlabotas test\u0113\u0161anas sist\u0113mas, lai nodro\u0161in\u0101tu produktu kvalit\u0101ti.<\/p>\n<h3>P\u0113cp\u0101rdo\u0161anas serviss<\/h3>\n<p>M\u0113s pied\u0101v\u0101jam visaptvero\u0161u p\u0113cp\u0101rdo\u0161anas servisu, lai nodro\u0161in\u0101tu m\u016bsu klientu apmierin\u0101t\u012bbu.<\/p>\n<p><img decoding=\"async\" src=\"https:\/\/hzpt.com\/wp-content\/uploads\/2024\/11\/songte-company-1.webp\"><\/p>\n<p>Autors: Lails.<\/p>","protected":false},"excerpt":{"rendered":"<p>Bucket Cylinder For Volwa Cane Unloader DLS880-9A Introduction A bucket cylinder is a specially designed hydraulic cylinder used to control the movement of the bucket in heavy machinery such as excavators, backhoe excavators, and front loaders. Its main function is to lift, lower, and tilt the bucket, making it easier for various material handling tasks. [&hellip;]<\/p>","protected":false},"featured_media":14789,"comment_status":"open","ping_status":"closed","template":"","meta":{"_et_pb_use_builder":"","_et_pb_old_content":"","_et_gb_content_width":""},"product_brand":[],"product_cat":[1494],"product_tag":[1495,1496],"class_list":{"0":"post-15897","1":"product","2":"type-product","3":"status-publish","4":"has-post-thumbnail","6":"product_cat-bucket-cylinders","7":"product_tag-bucket-cylinders","8":"product_tag-hydraulic-cylinders","10":"first","11":"instock","12":"shipping-taxable","13":"product-type-simple"},"amp_enabled":true,"_links":{"self":[{"href":"https:\/\/www.hydraulic-cylinders.net\/lv\/wp-json\/wp\/v2\/product\/15897","targetHints":{"allow":["GET"]}}],"collection":[{"href":"https:\/\/www.hydraulic-cylinders.net\/lv\/wp-json\/wp\/v2\/product"}],"about":[{"href":"https:\/\/www.hydraulic-cylinders.net\/lv\/wp-json\/wp\/v2\/types\/product"}],"replies":[{"embeddable":true,"href":"https:\/\/www.hydraulic-cylinders.net\/lv\/wp-json\/wp\/v2\/comments?post=15897"}],"wp:featuredmedia":[{"embeddable":true,"href":"https:\/\/www.hydraulic-cylinders.net\/lv\/wp-json\/wp\/v2\/media\/14789"}],"wp:attachment":[{"href":"https:\/\/www.hydraulic-cylinders.net\/lv\/wp-json\/wp\/v2\/media?parent=15897"}],"wp:term":[{"taxonomy":"product_brand","embeddable":true,"href":"https:\/\/www.hydraulic-cylinders.net\/lv\/wp-json\/wp\/v2\/product_brand?post=15897"},{"taxonomy":"product_cat","embeddable":true,"href":"https:\/\/www.hydraulic-cylinders.net\/lv\/wp-json\/wp\/v2\/product_cat?post=15897"},{"taxonomy":"product_tag","embeddable":true,"href":"https:\/\/www.hydraulic-cylinders.net\/lv\/wp-json\/wp\/v2\/product_tag?post=15897"}],"curies":[{"name":"wp","href":"https:\/\/api.w.org\/{rel}","templated":true}]}}