{"id":15911,"date":"2025-01-19T15:09:18","date_gmt":"2025-01-19T15:09:18","guid":{"rendered":"https:\/\/www.hydraulic-cylinders.net\/product\/bucket-cylinder-for-aotai-at80e-9\/"},"modified":"2025-01-19T15:09:20","modified_gmt":"2025-01-19T15:09:20","slug":"bucket-cylinder-for-aotai-at80e-9","status":"publish","type":"product","link":"https:\/\/www.hydraulic-cylinders.net\/lv\/products\/bucket-cylinder-for-aotai-at80e-9\/","title":{"rendered":"Kausa cilindrs Aotai AT80E-9"},"content":{"rendered":"<h1>Kausa cilindrs Aotai AT80E-9<\/h1>\n<h2>Ievads<\/h2>\n<p>Kausa cilindrs ir speci\u0101li izstr\u0101d\u0101ts hidrauliskais cilindrs, ko izmanto, lai kontrol\u0113tu kausa kust\u012bbu smagaj\u0101s ma\u0161\u012bn\u0101s, piem\u0113ram, ekskavatoros, iekr\u0101v\u0113jos ar ekskavatoru un front\u0101lajos iekr\u0101v\u0113jos. T\u0101 galven\u0101 funkcija ir pacelt, nolaist un noliekt kausu, lai nodro\u0161in\u0101tu efekt\u012bvus materi\u0101lu apstr\u0101des uzdevumus. Hidrauliskaj\u0101 sist\u0113m\u0101 kausa cilindrs kontrol\u0113 prec\u012bzu kausa kust\u012bbu, mainot hidraulisk\u0101s e\u013c\u013cas spiedienu, \u013caujot operatoriem efekt\u012bvi apstr\u0101d\u0101t smagas kravas un piel\u0101goties sare\u017e\u0123\u012btai darba videi un da\u017e\u0101d\u0101m darba pras\u012bb\u0101m.<\/p>\n<p><img decoding=\"async\" src=\"https:\/\/www.hydraulic-cylinders.net\/wp-content\/uploads\/2025\/01\/songte-company-2.webp\"><\/p>\n<h2>Funkcijas<\/h2>\n<ul>\n<li>\n<h3>Augsta iztur\u012bba un ilgm\u016b\u017e\u012bba<\/h3>\n<p>Kausa cilindri parasti ir izgatavoti no augstas stipr\u012bbas t\u0113rauda vai alum\u012bnija, kas sp\u0113j iztur\u0113t augstu spiedienu un lielas slodzes, un ir konstru\u0113ti, \u0146emot v\u0113r\u0101 nodilumiztur\u012bbu un korozijas iztur\u012bbu, pagarinot to kalpo\u0161anas laiku.<\/p>\n<\/li>\n<li>\n<h3>Efekt\u012bva hidraulisk\u0101 darb\u012bba<\/h3>\n<p>Kausa cilindri izmanto hidraulisk\u0101s e\u013c\u013cas spiedienu, lai pan\u0101ktu vienm\u0113r\u012bgas izple\u0161an\u0101s un sarau\u0161an\u0101s kust\u012bbas, var \u0101tri rea\u0123\u0113t uz vad\u012bbas komand\u0101m, nodro\u0161in\u0101t sp\u0113c\u012bgu stum\u0161anas un vilk\u0161anas sp\u0113ku un ir piem\u0113roti smagu kravu apstr\u0101dei un sare\u017e\u0123\u012btu darba uzdevumu veik\u0161anai.<\/p>\n<\/li>\n<li>\n<h3>Da\u017e\u0101di veidi<\/h3>\n<p>Kausa cilindrus var izv\u0113l\u0113ties k\u0101 vienk\u0101r\u0161as darb\u012bbas (hidrauliskais \u0161\u0137idrums tiek izmantots vien\u0101 virzien\u0101) vai divpus\u0113jas darb\u012bbas (hidrauliskais \u0161\u0137idrums tiek izmantots abos virzienos) atkar\u012bb\u0101 no ekspluat\u0101cijas pras\u012bb\u0101m. Da\u017ei mode\u013ci ir teleskopiski, kas \u013cauj tos papla\u0161in\u0101t, nepalielinot \u0101r\u0113jos izm\u0113rus, un ir piem\u0113roti lietojumiem ar ierobe\u017eotu vietu.<\/p>\n<\/li>\n<li>\n<h3>Ide\u0101la hidraulisko cilindru nomai\u0146a<\/h3>\n<p>M\u016bsu produkti var lieliski aizst\u0101t \u0161os hidrauliskos cilindrus.<\/p>\n<p>  <img decoding=\"async\" src=\"https:\/\/www.hydraulic-cylinders.net\/wp-content\/uploads\/2025\/01\/songte-cylinder-head-with-all-kinds-excavator-models.webp\"><\/li>\n<\/ul>\n<h2>Pieteikumi<\/h2>\n<p>Kausa cilindri ir nepiecie\u0161ami da\u017e\u0101du veidu smagaj\u0101m ma\u0161\u012bn\u0101m, tostarp:<\/p>\n<ul>\n<li>\n<h3>Celtniec\u012bbas apr\u012bkojums<\/h3>\n<p>Ekskavatoros kausa cilindri ir \u013coti svar\u012bgi augsnes vai gru\u017eu rak\u0161anai, iekrau\u0161anai un p\u0101rvieto\u0161anai. Ekskavatoros-iekr\u0101v\u0113jos kausa cilindri pal\u012bdz gan rak\u0161an\u0101, gan cel\u0161an\u0101. <\/p>\n<\/li>\n<li>\n<h3>Lauksaimniec\u012bbas tehnika<\/h3>\n<p>Izmanto front\u0101lajos iekr\u0101v\u0113jos augsnes, siena un citu materi\u0101lu rak\u0161anai, cel\u0161anai un transport\u0113\u0161anai. Ekskavatoros kausa cilindri pan\u0101k rak\u0161anas darb\u012bbu, \u013caujot kausam iek\u013c\u016bt augsn\u0113. Front\u0101lajos iekr\u0101v\u0113jos tie pal\u012bdz efekt\u012bvi pacelt un izg\u0101zt preces.<\/p>\n<\/li>\n<\/ul>\n<h2>Dizaina apsv\u0113rumi<\/h2>\n<p>Kausa cilindri ir izstr\u0101d\u0101ti, \u0146emot v\u0113r\u0101 daudzus apsv\u0113rumus, lai nodro\u0161in\u0101tu to optim\u0101lu veiktsp\u0113ju:<\/p>\n<ul>\n<li>\n<h3>Nestsp\u0113ja<\/h3>\n<p>Kausa cilindri ir konstru\u0113ti t\u0101, lai iztur\u0113tu lielas slodzes un spiedienu, nodro\u0161inot to nestsp\u0113ju.<\/p>\n<\/li>\n<li>\n<h3>Bl\u012bv\u0113\u0161ana<\/h3>\n<p>Kausu cilindros tiek izmantoti da\u017e\u0101di bl\u012bv\u0113jumi, piem\u0113ram, virzu\u013ca bl\u012bv\u0113jumi un stie\u0146a bl\u012bv\u0113jumi, kas izgatavoti no nodilumiztur\u012bgiem materi\u0101liem, piem\u0113ram, poliuret\u0101na un nitrila gumijas, nodro\u0161inot to iztur\u012bbu un bl\u012bv\u0113\u0161anas veiktsp\u0113ju.<\/p>\n<\/li>\n<li>\n<h3>Dro\u0161\u012bba<\/h3>\n<p>Kausu cilindri ir izstr\u0101d\u0101ti, \u0146emot v\u0113r\u0101 dro\u0161\u012bbu, nodro\u0161inot operatoru un vides dro\u0161\u012bbu. Pareiza uzst\u0101d\u012b\u0161ana un apkope ir \u013coti svar\u012bga, lai nodro\u0161in\u0101tu to dro\u0161u darb\u012bbu.<\/p>\n<\/li>\n<li>\n<h3>Apkope<\/h3>\n<p>Kausa cilindriem nepiecie\u0161ama regul\u0101ra apkope, lai nodro\u0161in\u0101tu to optim\u0101lu darb\u012bbu, tostarp e\u013c\u013co\u0161ana, bl\u012bvju nomai\u0146a un kalibr\u0113\u0161anas p\u0101rbaudes.<\/p>\n<\/li>\n<\/ul>\n<p><img decoding=\"async\" src=\"https:\/\/www.hydraulic-cylinders.net\/wp-content\/uploads\/2025\/01\/songte-oil-pipes-and-spare-parts.webp\"><\/p>\n<h2>Uzst\u0101d\u012b\u0161ana un apkope<\/h2>\n<p>Lai nodro\u0161in\u0101tu kausa cilindra optim\u0101lu veiktsp\u0113ju un ilgu kalpo\u0161anas laiku, ir svar\u012bgi iev\u0113rot pareizas uzst\u0101d\u012b\u0161anas un apkopes proced\u016bras. Bie\u017ei veicamie apkopes darbi ietver:<\/p>\n<ul>\n<li>\n<h3>Regul\u0101ra p\u0101rbaude<\/h3>\n<p>Regul\u0101ri j\u0101p\u0101rbauda, \u200b\u200bvai balons nav boj\u0101ts, taj\u0101 nav skr\u0101p\u0113jumu vai citu boj\u0101jumu paz\u012bmju, lai p\u0101rliecin\u0101tos, ka tas ir lab\u0101 st\u0101vokl\u012b.<\/p>\n<\/li>\n<li>\n<h3>E\u013c\u013co\u0161ana<\/h3>\n<p>Pareiza e\u013c\u013co\u0161ana \u013cauj kausa cilindram kust\u0113ties vienm\u0113r\u012bgi un pal\u012bdz nov\u0113rst berzes rad\u012btus boj\u0101jumus.<\/p>\n<\/li>\n<li>\n<h3>Bl\u012bv\u0113juma nomai\u0146a<\/h3>\n<p>Nodilu\u0161u bl\u012bv\u0113jumu nomai\u0146a ir \u013coti svar\u012bga, lai nov\u0113rstu nopl\u016bdes un nodro\u0161in\u0101tu cilindra optim\u0101lu darb\u012bbu.<\/p>\n<\/li>\n<li>\n<h3>Izl\u012bdzin\u0101\u0161anas p\u0101rbaude<\/h3>\n<p>Ir svar\u012bgi p\u0101rbaud\u012bt kausa cilindra izl\u012bdzin\u0101jumu, lai nodro\u0161in\u0101tu t\u0101 pareizu darb\u012bbu.<\/p>\n<\/li>\n<\/ul>\n<p><img decoding=\"async\" src=\"https:\/\/www.hydraulic-cylinders.net\/wp-content\/uploads\/2025\/01\/songte-chushion-collar.webp\"><\/p>\n<h2>Dro\u0161\u012bbas un vides apsv\u0113rumi<\/h2>\n<p>Izmantojot kausa cilindru, dro\u0161\u012bba ir \u0101rk\u0101rt\u012bgi svar\u012bga. Lai nodro\u0161in\u0101tu operatoru un vides dro\u0161\u012bbu, j\u0101iev\u0113ro pareiza uzst\u0101d\u012b\u0161anas, apkopes un ekspluat\u0101cijas prakse.<\/p>\n<p><img decoding=\"async\" src=\"https:\/\/hzpt.com\/wp-content\/uploads\/2024\/11\/songte-company-1.webp\"><\/p>\n<h2>Par mums<\/h2>\n<p>M\u016bsu uz\u0146\u0113mums ir rezerves hidraulisko cilindru ra\u017eot\u0101js ar pilnu produktu kl\u0101stu. Esam k\u013cuvu\u0161i par vienu no vado\u0161ajiem hidraulisko cilindru ra\u017eot\u0101jiem un vairumtirgot\u0101jiem viet\u0113j\u0101 un starptautiskaj\u0101 tirg\u016b. M\u016bsu ra\u017eo\u0161anas darbn\u012bca iev\u0113ro r\u016bpniecisk\u0101s ra\u017eo\u0161anas vad\u012bbas strat\u0113\u0123iju, pa\u013caujoties uz izcilu kvalit\u0101ti, tehnolo\u0123iskajiem talantiem, digit\u0101l\u0101m augstas klases ra\u017eo\u0161anas iek\u0101rt\u0101m un profesion\u0101l\u0101m test\u0113\u0161anas sist\u0113m\u0101m. M\u0113s turpin\u0101m uzlabot darbn\u012bcas ra\u017eo\u0161anas platformu, uzlabot produktu kvalit\u0101tes ra\u017eo\u0161anas l\u012bniju un mums ir sp\u0113c\u012bgas rado\u0161\u0101s sp\u0113jas, iev\u0113rojot augstas efektivit\u0101tes, augstas precizit\u0101tes un augstas kvalit\u0101tes principus, lai apmierin\u0101tu klientu da\u017e\u0101d\u0101s vajadz\u012bbas.<\/p>\n<p>M\u016bsu uz\u0146\u0113muma izcil\u0101s \u012bpa\u0161\u012bbas ietver:<\/p>\n<ul>\n<li>\n<h3>Profesionalit\u0101te<\/h3>\n<p>M\u016bsu komandu veido augsti kvalific\u0113ti un pieredz\u0113ju\u0161i hidraulisko cilindru jomas speci\u0101listi, kas nodro\u0161ina, ka m\u016bsu produkti atbilst augst\u0101kajiem standartiem.<\/p>\n<\/li>\n<li>\n<h3>Starptautisk\u0101s sertifik\u0101cijas<\/h3>\n<p>M\u016bsu produkti ir iztur\u0113ju\u0161i da\u017e\u0101dus starptautiskus sertifik\u0101tus, kas apliecina to kvalit\u0101ti un dro\u0161\u012bbu.<\/p>\n<\/li>\n<li>\n<h3>Piel\u0101go\u0161anas pakalpojumi<\/h3>\n<p>M\u0113s pied\u0101v\u0101jam piel\u0101gotus pakalpojumus, lai apmierin\u0101tu \u012bpa\u0161as klientu vajadz\u012bbas un pras\u012bbas.<\/p>\n<\/li>\n<li>\n<h3>Ra\u017eo\u0161anas iek\u0101rtas<\/h3>\n<p>M\u016bsu uz\u0146\u0113mums izmanto augsto tehnolo\u0123iju un modernu ra\u017eo\u0161anas apr\u012bkojumu, lai nodro\u0161in\u0101tu m\u016bsu produktu kvalit\u0101ti.<\/p>\n<\/li>\n<li>\n<h3>P\u0113cp\u0101rdo\u0161anas serviss<\/h3>\n<p>M\u0113s pied\u0101v\u0101jam lielisku p\u0113cp\u0101rdo\u0161anas apkalpo\u0161anu un atbalstu, lai nodro\u0161in\u0101tu, ka m\u016bsu klienti ir apmierin\u0101ti ar pirkumiem.<\/p>\n<\/li>\n<\/ul>\n<p><img decoding=\"async\" src=\"https:\/\/www.hydraulic-cylinders.net\/wp-content\/uploads\/2025\/01\/songte-company-3.webp\"><\/p>\n<p>Autors: lil<\/p>","protected":false},"excerpt":{"rendered":"<p>Bucket Cylinder For Aotai AT80E-9 Introduction A bucket cylinder is a specially designed hydraulic cylinder used to control the movement of the bucket in heavy machinery such as excavators, backhoe loaders, and front loaders. Its main function is to raise, lower, and tilt the bucket for efficient material handling tasks. In the hydraulic system, the [&hellip;]<\/p>","protected":false},"featured_media":14761,"comment_status":"open","ping_status":"closed","template":"","meta":{"_et_pb_use_builder":"","_et_pb_old_content":"","_et_gb_content_width":""},"product_brand":[],"product_cat":[1494],"product_tag":[1495,1496],"class_list":{"0":"post-15911","1":"product","2":"type-product","3":"status-publish","4":"has-post-thumbnail","6":"product_cat-bucket-cylinders","7":"product_tag-bucket-cylinders","8":"product_tag-hydraulic-cylinders","10":"first","11":"instock","12":"shipping-taxable","13":"product-type-simple"},"amp_enabled":true,"_links":{"self":[{"href":"https:\/\/www.hydraulic-cylinders.net\/lv\/wp-json\/wp\/v2\/product\/15911","targetHints":{"allow":["GET"]}}],"collection":[{"href":"https:\/\/www.hydraulic-cylinders.net\/lv\/wp-json\/wp\/v2\/product"}],"about":[{"href":"https:\/\/www.hydraulic-cylinders.net\/lv\/wp-json\/wp\/v2\/types\/product"}],"replies":[{"embeddable":true,"href":"https:\/\/www.hydraulic-cylinders.net\/lv\/wp-json\/wp\/v2\/comments?post=15911"}],"wp:featuredmedia":[{"embeddable":true,"href":"https:\/\/www.hydraulic-cylinders.net\/lv\/wp-json\/wp\/v2\/media\/14761"}],"wp:attachment":[{"href":"https:\/\/www.hydraulic-cylinders.net\/lv\/wp-json\/wp\/v2\/media?parent=15911"}],"wp:term":[{"taxonomy":"product_brand","embeddable":true,"href":"https:\/\/www.hydraulic-cylinders.net\/lv\/wp-json\/wp\/v2\/product_brand?post=15911"},{"taxonomy":"product_cat","embeddable":true,"href":"https:\/\/www.hydraulic-cylinders.net\/lv\/wp-json\/wp\/v2\/product_cat?post=15911"},{"taxonomy":"product_tag","embeddable":true,"href":"https:\/\/www.hydraulic-cylinders.net\/lv\/wp-json\/wp\/v2\/product_tag?post=15911"}],"curies":[{"name":"wp","href":"https:\/\/api.w.org\/{rel}","templated":true}]}}