{"id":15912,"date":"2025-01-19T15:09:22","date_gmt":"2025-01-19T15:09:22","guid":{"rendered":"https:\/\/www.hydraulic-cylinders.net\/product\/bucket-cylinder-for-aotai-at60e-9\/"},"modified":"2025-01-19T15:09:24","modified_gmt":"2025-01-19T15:09:24","slug":"bucket-cylinder-for-aotai-at60e-9","status":"publish","type":"product","link":"https:\/\/www.hydraulic-cylinders.net\/lv\/products\/bucket-cylinder-for-aotai-at60e-9\/","title":{"rendered":"Kausa cilindrs Aotai AT60E-9"},"content":{"rendered":"<h1>Kausa cilindrs Aotai AT60E-9<\/h1>\n<h2>Ievads<\/h2>\n<p>Kausa cilindrs ir specializ\u0113ts hidrauliskais cilindrs, kas paredz\u0113ts kausa kust\u012bbas vad\u012bbai smagaj\u0101s ma\u0161\u012bn\u0101s, piem\u0113ram, ekskavatoros, iekr\u0101v\u0113ju ekskavatoros un front\u0101lajos iekr\u0101v\u0113jos. T\u0101 galven\u0101 funkcija ir nodro\u0161in\u0101t kausa pacel\u0161anu, nolai\u0161anu un noliek\u0161anu, atvieglojot da\u017e\u0101du materi\u0101lu apstr\u0101des uzdevumu veik\u0161anu. Kausa cilindrs pan\u0101k prec\u012bzu kausa kust\u012bbu kontroli, izmantojot hidraulisk\u0101s e\u013c\u013cas spiediena izmai\u0146as hidrauliskaj\u0101 sist\u0113m\u0101, \u013caujot operatoriem efekt\u012bvi apstr\u0101d\u0101t smagas kravas un piel\u0101goties sare\u017e\u0123\u012btai darba videi un da\u017e\u0101d\u0101m darba pras\u012bb\u0101m.<\/p>\n<p><img decoding=\"async\" src=\"https:\/\/www.hydraulic-cylinders.net\/wp-content\/uploads\/2025\/01\/songte-company-2.webp\" alt=\"Aotai AT60E-9 kausa cilindrs att\u0113ls\"><\/p>\n<h2>Funkcijas<\/h2>\n<ul>\n<li>\n<h3>Augsta iztur\u012bba un ilgm\u016b\u017e\u012bba<\/h3>\n<p>Parasti no augstas stipr\u012bbas t\u0113rauda vai alum\u012bnija izgatavotais kausa cilindrs var iztur\u0113t augstu spiedienu un lielas slodzes, piel\u0101gojoties skarbai darba videi. T\u0101 konstrukcija \u0146em v\u0113r\u0101 nodilumiztur\u012bbu un korozijas iztur\u012bbu, pagarinot t\u0101 kalpo\u0161anas laiku.<\/p>\n<\/li>\n<li>\n<h3>Efekt\u012bva hidraulisk\u0101 darb\u012bba<\/h3>\n<p>Izmantojot hidraulisk\u0101s e\u013c\u013cas spiedienu, lai pan\u0101ktu vienm\u0113r\u012bgas pagarin\u0101\u0161anas un sarau\u0161an\u0101s kust\u012bbas, kausa cilindrs var \u0101tri rea\u0123\u0113t uz darb\u012bbas komand\u0101m, nodro\u0161inot jaud\u012bgu stum\u0161anas un vilk\u0161anas sp\u0113ku, kas piem\u0113rots smagu kravu apstr\u0101dei un sare\u017e\u0123\u012btu darba uzdevumu veik\u0161anai.<\/p>\n<\/li>\n<li>\n<h3>Da\u017e\u0101di veidi<\/h3>\n<p>Kausa cilindrs var b\u016bt vienvirziena darb\u012bbas (izmantojot hidrauliku tikai vien\u0101 virzien\u0101) vai divk\u0101r\u0161as darb\u012bbas (izmantojot hidrauliku abos virzienos) atkar\u012bb\u0101 no ekspluat\u0101cijas pras\u012bb\u0101m. Da\u017ei mode\u013ci ir teleskopiski, kas \u013cauj to liel\u0101ku pagarin\u0101jumu, nepalielinot \u0101r\u0113jos izm\u0113rus, padarot tos piem\u0113rotus lietojumiem ar ierobe\u017eotu vietu.<\/p>\n<\/li>\n<li>\n<h3>Var ra\u017eot m\u016bsu uz\u0146\u0113mums<\/h3>\n<p>M\u016bsu produkts var lieliski aizst\u0101t \u0161os hidrauliskos cilindrus.<\/p>\n<\/li>\n<\/ul>\n<p><img decoding=\"async\" src=\"https:\/\/www.hydraulic-cylinders.net\/wp-content\/uploads\/2025\/01\/songte-cylinder-head-with-all-kinds-excavator-models.webp\" alt=\"Aotai AT60E-9\"><\/p>\n<h2>Pieteikumi<\/h2>\n<p>Kausa cilindram ir da\u017e\u0101di pielietojumi, piem\u0113ram:<\/p>\n<ul>\n<li>\n<h3>Celtniec\u012bbas apr\u012bkojums<\/h3>\n<p>Ekskavatoros tie ir nepiecie\u0161ami rak\u0161anai, iekrau\u0161anai un augsnes vai gru\u017eu p\u0101rvieto\u0161anai. Ekskavatoros-iekr\u0101v\u0113jos kausa cilindrs pal\u012bdz gan rak\u0161an\u0101, gan cel\u0161an\u0101. <\/p>\n<\/li>\n<li>\n<h3>Lauksaimniec\u012bbas tehnika<\/h3>\n<p>Tos izmanto front\u0101lajos iekr\u0101v\u0113jos augsnes, siena un citu materi\u0101lu rak\u0161anai, cel\u0161anai un transport\u0113\u0161anai. Ekskavatoros kausa cilindrs \u013cauj ierakties augsn\u0113. Front\u0101lajos iekr\u0101v\u0113jos tie pal\u012bdz efekt\u012bvi pacelt un izg\u0101zt kravu.<\/p>\n<\/li>\n<\/ul>\n<h2>Dizaina apsv\u0113rumi un atlases krit\u0113riji<\/h2>\n<p>Kausa cilindra konstrukcijas apsv\u0113rumi ietver nestsp\u0113ju, bl\u012bv\u0113jumu, iztur\u012bbu, dro\u0161\u012bbu un apkopes iesp\u0113jas. Galvenie apsprie\u017eamie punkti ir \u0161\u0101di:<\/p>\n<ul>\n<li>\n<h3>Nestsp\u0113ja<\/h3>\n<p>Kausa cilindram j\u0101sp\u0113j iztur\u0113t apstr\u0101d\u0101jam\u0101 materi\u0101la svaru un t\u0101 darb\u012bbas laik\u0101 rad\u012btos sp\u0113kus.<\/p>\n<\/li>\n<li>\n<h3>Bl\u012bv\u0113\u0161ana<\/h3>\n<p>Lai nov\u0113rstu hidraulisk\u0101 \u0161\u0137idruma nopl\u016bdi, tiek izmantoti da\u017e\u0101di bl\u012bv\u0113jumu veidi, piem\u0113ram, virzu\u013ca bl\u012bv\u0113jumi un stie\u0146a bl\u012bv\u0113jumi, un tiem j\u0101iztur augsta temperat\u016bra un spiediens.<\/p>\n<\/li>\n<li>\n<h3>Iztur\u012bba<\/h3>\n<p>Kausa cilindram j\u0101b\u016bt konstru\u0113tam t\u0101, lai tas iztur\u0113tu skarbus darba apst\u0101k\u013cus un laika gait\u0101 b\u016btu notur\u012bgs pret nodilumu.<\/p>\n<\/li>\n<li>\n<h3>Dro\u0161\u012bba<\/h3>\n<p>Kausa cilindram j\u0101b\u016bt projekt\u0113tam un uzst\u0101d\u012btam t\u0101, lai samazin\u0101tu negad\u012bjumu, piem\u0113ram, nopl\u016b\u017eu vai cilindra atteices, risku.<\/p>\n<\/li>\n<li>\n<h3>Uzturam\u012bba<\/h3>\n<p>Kausa cilindram j\u0101b\u016bt konstru\u0113tam t\u0101, lai atvieglotu apkopi un remontu, tostarp nodro\u0161in\u0101tu \u0113rtu piek\u013cuvi bl\u012bv\u0113m un cilindra iek\u0161pusei.<\/p>\n<\/li>\n<\/ul>\n<p><img decoding=\"async\" src=\"https:\/\/www.hydraulic-cylinders.net\/wp-content\/uploads\/2025\/01\/songte-oil-pipes-and-spare-parts.webp\" alt=\"Aotai AT60E-9 rezerves da\u013cas\"><\/p>\n<h2>Kausa cilindra bl\u012bv\u0113\u0161ana un e\u013c\u013co\u0161ana<\/h2>\n<p>Kausa cilindra bl\u012bv\u0113\u0161ana un e\u013c\u013co\u0161ana ir b\u016btiska, lai nodro\u0161in\u0101tu t\u0101 ilgu kalpo\u0161anas laiku. Ieteicamas \u0161\u0101das darb\u012bbas:<\/p>\n<ul>\n<li>\n<h3>Iztur\u012bgu bl\u012bv\u0113jumu izmanto\u0161ana<\/h3>\n<p>Bl\u012bv\u0113jumiem, piem\u0113ram, virzu\u013ca bl\u012bv\u0113m un stie\u0146u bl\u012bv\u0113m, j\u0101b\u016bt izgatavotiem no nodilumiztur\u012bgiem materi\u0101liem, piem\u0113ram, poliuret\u0101na un nitrila gumijas.<\/p>\n<\/li>\n<li>\n<h3>Smalka virsmas apstr\u0101de<\/h3>\n<p>Cilindra un v\u012btnes virsma ir j\u0101apstr\u0101d\u0101 smalki, lai uzlabotu nodilumiztur\u012bbu.<\/p>\n<\/li>\n<li>\n<h3>Regul\u0101ra e\u013c\u013co\u0161ana<\/h3>\n<p>Kausa cilindrs regul\u0101ri j\u0101iee\u013c\u013co ar atbilsto\u0161u hidraulisk\u0101s e\u013c\u013cas daudzumu.<\/p>\n<\/li>\n<\/ul>\n<h2>Apkope un remonts<\/h2>\n<p>Regul\u0101ras p\u0101rbaudes un profilaktisk\u0101s apkopes pas\u0101kumi ir b\u016btiski, lai saglab\u0101tu kausa cilindra uzticam\u012bbu un pagarin\u0101tu t\u0101 kalpo\u0161anas laiku. Bie\u017ei sastopamie apkopes uzdevumi ietver:<\/p>\n<ul>\n<li>\n<h3>Regul\u0101ras p\u0101rbaudes<\/h3>\n<p>Regul\u0101ri j\u0101p\u0101rbauda kausa cilindra st\u0101voklis un j\u0101nosaka jebk\u0101das boj\u0101jumu vai nodiluma paz\u012bmes.<\/p>\n<\/li>\n<li>\n<h3>Pareiza e\u013c\u013co\u0161ana<\/h3>\n<p>Kausa cilindrs ir atbilsto\u0161i j\u0101iee\u013c\u013co, lai nodro\u0161in\u0101tu t\u0101 vienm\u0113r\u012bgu darb\u012bbu.<\/p>\n<\/li>\n<li>\n<h3>Bl\u012bv\u0113juma nomai\u0146a<\/h3>\n<p>Nolietot\u0101s bl\u012bves j\u0101nomaina p\u0113c iesp\u0113jas \u0101tr\u0101k, lai nov\u0113rstu hidraulisk\u0101 \u0161\u0137idruma nopl\u016bdi un nodro\u0161in\u0101tu pareizu darb\u012bbu.<\/p>\n<\/li>\n<li>\n<h3>Izl\u012bdzin\u0101\u0161anas p\u0101rbaude<\/h3>\n<p>Pareiza cilindra izl\u012bdzin\u0101\u0161ana ir b\u016btiska t\u0101 efekt\u012bvai darb\u012bbai. Ieteicams izmantot atbilsto\u0161us uzst\u0101d\u012b\u0161anas balstus, lai nostiprin\u0101tu cilindru viet\u0101.<\/p>\n<\/li>\n<li>\n<h3>Deta\u013cu nomai\u0146as un atjauno\u0161anas pakalpojumi<\/h3>\n<p>Ir pieejamas rezerves da\u013cas un atjauno\u0161anas pakalpojumi, lai uzlabotu kausa cilindra ilgm\u016b\u017e\u012bbu un veiktsp\u0113ju.<\/p>\n<\/li>\n<\/ul>\n<p><img decoding=\"async\" src=\"https:\/\/www.hydraulic-cylinders.net\/wp-content\/uploads\/2025\/01\/songte-chushion-collar.webp\" alt=\"Kausa cilindrs Aotai AT60E-9 spilvena apkaklei\"><\/p>\n<h2>Dro\u0161\u012bbas apsv\u0113rumi un vides faktori<\/h2>\n<p>Dro\u0161\u012bbas pas\u0101kumi ir \u013coti svar\u012bgi, str\u0101d\u0101jot ar hidrauliskajiem cilindriem, lai nov\u0113rstu negad\u012bjumus un nodro\u0161in\u0101tu operatoru un apk\u0101rt\u0113jo dro\u0161\u012bbu. Vides faktori, piem\u0113ram, augsta temperat\u016bra, mitrums un korozija, var ietekm\u0113t ar\u012b kausa cilindra veiktsp\u0113ju un kalpo\u0161anas laiku.<\/p>\n<h2>Probl\u0113mu nov\u0113r\u0161ana un bie\u017ei sastopamas probl\u0113mas<\/h2>\n<p>T\u0101l\u0101k ir nor\u0101d\u012btas da\u017eas bie\u017ei sastopamas kausa cilindru probl\u0113mas un iesp\u0113jamie risin\u0101jumi:<\/p>\n<ul>\n<li>\n<h3>Nopl\u016bde<\/h3>\n<p>Hidraulisk\u0101 \u0161\u0137idruma nopl\u016bde ir bie\u017ei sastopama probl\u0113ma ar kausu cilindriem, un to var izrais\u012bt boj\u0101ti bl\u012bv\u0113jumi, nepareizi novietotas deta\u013cas vai nolietotas deta\u013cas. Risin\u0101jums ir nekav\u0113joties nomain\u012bt boj\u0101t\u0101s deta\u013cas.<\/p>\n<\/li>\n<li>\n<h3>Jaudas tr\u016bkums<\/h3>\n<p>Ja kausa cilindrs nenodro\u0161ina pietiekamu jaudu, tas var b\u016bt saist\u012bts ar zemu hidraulisk\u0101 \u0161\u0137idruma spiedienu vai nepareizi funkcion\u0113jo\u0161u hidraulisko s\u016bkni. Risin\u0101jums ir p\u0101rbaud\u012bt un noregul\u0113t hidraulisko spiedienu un, ja nepiecie\u0161ams, nomain\u012bt hidraulisko s\u016bkni.<\/p>\n<\/li>\n<li>\n<h3>Iestr\u0113dzis cilindrs<\/h3>\n<p>Ja kausa cilindrs ir iestr\u0113dzis vien\u0101 poz\u012bcij\u0101, tas var b\u016bt boj\u0101ta virzu\u013ca vai stie\u0146a vai nepareizi noregul\u0113tas deta\u013cas d\u0113\u013c. Risin\u0101jums ir nomain\u012bt boj\u0101t\u0101s deta\u013cas un pareizi izl\u012bdzin\u0101t cilindru.<\/p>\n<\/li>\n<\/ul>\n<p><img decoding=\"async\" src=\"https:\/\/www.hydraulic-cylinders.net\/wp-content\/uploads\/2025\/01\/songte-bushings-with-all-kinds-of-excavator-models.webp\" alt=\"Aotai AT60E-9 bukses kausa cilindrs\"><\/p>\n<h2>Par m\u016bsu uz\u0146\u0113mumu<\/h2>\n<p>M\u0113s esam rezerves hidraulisko cilindru ra\u017eot\u0101js ar pilnu produktu kl\u0101stu, k\u013c\u016bstot par vienu no vado\u0161ajiem hidraulisko cilindru ra\u017eot\u0101jiem un vairumtirdzniec\u012bbas izplat\u012bt\u0101jiem gan viet\u0113j\u0101, gan starptautiskaj\u0101 tirg\u016b. M\u0113s iev\u0113rojam izcilas kvalit\u0101tes principu un pa\u013caujamies uz industrializ\u0113t\u0101m ra\u017eo\u0161anas vad\u012bbas strat\u0113\u0123ij\u0101m smalki apstr\u0101d\u0101t\u0101s ra\u017eo\u0161anas darbn\u012bc\u0101s. Izmantojot tehnolo\u0123iju talantus, digit\u0101las augstas klases ra\u017eo\u0161anas iek\u0101rtas un profesion\u0101las test\u0113\u0161anas sist\u0113mas, m\u0113s nep\u0101rtraukti uzlabojam darbn\u012bcu ra\u017eo\u0161anas platformu, uzlabojam produktu kvalit\u0101tes ra\u017eo\u0161anas mar\u0161rutus un mums ir sp\u0113c\u012bgas rado\u0161\u0101s sp\u0113jas apmierin\u0101t klientu pras\u012bbas ar augstu efektivit\u0101ti, precizit\u0101ti un kvalit\u0101ti.<\/p>\n<ul>\n<li>\n<h3>Profesionalit\u0101te<\/h3>\n<p>M\u016bsu uz\u0146\u0113mumam ir sp\u0113c\u012bga tehnisk\u0101 komanda, modernas ra\u017eo\u0161anas iek\u0101rtas un profesion\u0101las test\u0113\u0161anas sist\u0113mas, lai nodro\u0161in\u0101tu m\u016bsu produktu kvalit\u0101ti.<\/p>\n<\/li>\n<li>\n<h3>Starptautisk\u0101 sertifik\u0101cija<\/h3>\n<p>M\u016bsu produkti ir iztur\u0113ju\u0161i da\u017e\u0101dus starptautiskus sertifik\u0101tus, piem\u0113ram, ISO9001: 2015, SGS un CE.<\/p>\n<\/li>\n<li>\n<h3>Piel\u0101go\u0161anas pakalpojumi<\/h3>\n<p>M\u0113s pied\u0101v\u0101jam piel\u0101gotus pakalpojumus atbilsto\u0161i klientu pras\u012bb\u0101m, lai apmierin\u0101tu vi\u0146u daudzveid\u012bg\u0101s vajadz\u012bbas.<\/p>\n<\/li>\n<li>\n<h3>Ra\u017eo\u0161anas iek\u0101rtas<\/h3>\n<p>M\u0113s izmantojam modernu ra\u017eo\u0161anas apr\u012bkojumu, piem\u0113ram, autom\u0101tisk\u0101s metin\u0101\u0161anas iek\u0101rtas, CNC apstr\u0101des centrus un prec\u012bzijas sl\u012bpma\u0161\u012bnas, lai uzlabotu produktu kvalit\u0101ti un ra\u017eo\u0161anas efektivit\u0101ti.<\/p>\n<\/li>\n<li>\n<h3>P\u0113cp\u0101rdo\u0161anas pakalpojumi<\/h3>\n<p>M\u0113s pied\u0101v\u0101jam visaptvero\u0161u p\u0113cp\u0101rdo\u0161anas servisu, tostarp tehnisko atbalstu, garantiju un remonta pakalpojumus, lai nodro\u0161in\u0101tu klientu apmierin\u0101t\u012bbu.<\/p>\n<\/li>\n<\/ul>\n<p><img decoding=\"async\" src=\"https:\/\/hzpt.com\/wp-content\/uploads\/2024\/11\/songte-company-1.webp\" alt=\"Aotai AT60E-9 uz\u0146\u0113muma kausa cilindrs\"><\/p>\n<p>Autors: Lails.<\/p>","protected":false},"excerpt":{"rendered":"<p>Bucket Cylinder for Aotai AT60E-9 Introduction A bucket cylinder is a specialized hydraulic cylinder designed for controlling the motion of the bucket in heavy machinery such as excavators, backhoe loaders, and front-end loaders. Its main function is to enable the bucket to lift, lower, and tilt, making it easier to carry out various material handling [&hellip;]<\/p>","protected":false},"featured_media":14789,"comment_status":"open","ping_status":"closed","template":"","meta":{"_et_pb_use_builder":"","_et_pb_old_content":"","_et_gb_content_width":""},"product_brand":[],"product_cat":[1494],"product_tag":[1495,1496],"class_list":{"0":"post-15912","1":"product","2":"type-product","3":"status-publish","4":"has-post-thumbnail","6":"product_cat-bucket-cylinders","7":"product_tag-bucket-cylinders","8":"product_tag-hydraulic-cylinders","10":"first","11":"instock","12":"shipping-taxable","13":"product-type-simple"},"amp_enabled":true,"_links":{"self":[{"href":"https:\/\/www.hydraulic-cylinders.net\/lv\/wp-json\/wp\/v2\/product\/15912","targetHints":{"allow":["GET"]}}],"collection":[{"href":"https:\/\/www.hydraulic-cylinders.net\/lv\/wp-json\/wp\/v2\/product"}],"about":[{"href":"https:\/\/www.hydraulic-cylinders.net\/lv\/wp-json\/wp\/v2\/types\/product"}],"replies":[{"embeddable":true,"href":"https:\/\/www.hydraulic-cylinders.net\/lv\/wp-json\/wp\/v2\/comments?post=15912"}],"wp:featuredmedia":[{"embeddable":true,"href":"https:\/\/www.hydraulic-cylinders.net\/lv\/wp-json\/wp\/v2\/media\/14789"}],"wp:attachment":[{"href":"https:\/\/www.hydraulic-cylinders.net\/lv\/wp-json\/wp\/v2\/media?parent=15912"}],"wp:term":[{"taxonomy":"product_brand","embeddable":true,"href":"https:\/\/www.hydraulic-cylinders.net\/lv\/wp-json\/wp\/v2\/product_brand?post=15912"},{"taxonomy":"product_cat","embeddable":true,"href":"https:\/\/www.hydraulic-cylinders.net\/lv\/wp-json\/wp\/v2\/product_cat?post=15912"},{"taxonomy":"product_tag","embeddable":true,"href":"https:\/\/www.hydraulic-cylinders.net\/lv\/wp-json\/wp\/v2\/product_tag?post=15912"}],"curies":[{"name":"wp","href":"https:\/\/api.w.org\/{rel}","templated":true}]}}