{"id":15913,"date":"2025-01-19T15:09:26","date_gmt":"2025-01-19T15:09:26","guid":{"rendered":"https:\/\/www.hydraulic-cylinders.net\/product\/bucket-cylinder-for-aotai-at150e-9\/"},"modified":"2025-01-19T15:09:29","modified_gmt":"2025-01-19T15:09:29","slug":"bucket-cylinder-for-aotai-at150e-9","status":"publish","type":"product","link":"https:\/\/www.hydraulic-cylinders.net\/lv\/products\/bucket-cylinder-for-aotai-at150e-9\/","title":{"rendered":"Kausa cilindrs Aotai AT150E-9"},"content":{"rendered":"<h1>Kausa cilindrs Aotai AT150E-9<\/h1>\n<h2>Ievads<\/h2>\n<p>Aotai AT150E-9 kausa cilindrs ir hidrauliskais cilindrs, kas \u012bpa\u0161i paredz\u0113ts, lai kontrol\u0113tu l\u0101pstas kust\u012bbu smagaj\u0101s ma\u0161\u012bn\u0101s, piem\u0113ram, ekskavatoros, univers\u0101lajos ekskavatoros un front\u0101lajos iekr\u0101v\u0113jos. T\u0101 galven\u0101 funkcija ir nodro\u0161in\u0101t l\u0101pstas pacel\u0161anu, nolai\u0161anu un noliek\u0161anu, atvieglojot da\u017e\u0101du materi\u0101lu apstr\u0101des uzdevumu veik\u0161anu. Hidrauliskaj\u0101 sist\u0113m\u0101 kausa cilindrs prec\u012bzi kontrol\u0113 l\u0101pstas kust\u012bbas, izmantojot spiediena izmai\u0146as hidrauliskaj\u0101 e\u013c\u013c\u0101, \u013caujot operatoriem efekt\u012bvi apstr\u0101d\u0101t smagus priek\u0161metus, piel\u0101goties sare\u017e\u0123\u012btai darba videi un da\u017e\u0101d\u0101m darba pras\u012bb\u0101m.<\/p>\n<p><img decoding=\"async\" src=\"https:\/\/www.hydraulic-cylinders.net\/wp-content\/uploads\/2025\/01\/songte-company-2.webp\" alt=\"Kausa cilindrs Aotai AT150E-9\" \/><\/p>\n<h2>Funkcijas<\/h2>\n<ul>\n<li>\n<h3>Augsta iztur\u012bba un ilgm\u016b\u017e\u012bba<\/h3>\n<p>Cilindrs parasti ir izgatavots no augstas stipr\u012bbas t\u0113rauda vai alum\u012bnija, kas sp\u0113j iztur\u0113t augstu spiedienu un lielas slodzes, un ir konstru\u0113ts, \u0146emot v\u0113r\u0101 nodilumiztur\u012bbu un korozijas iztur\u012bbu, lai pagarin\u0101tu t\u0101 kalpo\u0161anas laiku.<\/p>\n<\/li>\n<li>\n<h3>Efekt\u012bva hidraulisk\u0101 darb\u012bba<\/h3>\n<p>Kausa cilindrs izmanto hidraulisk\u0101s e\u013c\u013cas spiedienu, lai pan\u0101ktu vienm\u0113r\u012bgas pagarin\u0101\u0161anas un sarau\u0161an\u0101s kust\u012bbas, \u0101tri rea\u0123\u0113 uz vad\u012bbas komand\u0101m, nodro\u0161ina sp\u0113c\u012bgus stum\u0161anas un vilk\u0161anas sp\u0113kus un ir piem\u0113rots smagu priek\u0161metu apstr\u0101dei un sare\u017e\u0123\u012btu darba uzdevumu veik\u0161anai.<\/p>\n<\/li>\n<li>\n<h3>Da\u017e\u0101di veidi<\/h3>\n<p>Cilindrs ir pieejams vienk\u0101r\u0161\u0101s darb\u012bbas (hidrauliski darbin\u0101ms tikai vien\u0101 virzien\u0101) vai divk\u0101r\u0161\u0101s darb\u012bbas (hidrauliski darbin\u0101ms abos virzienos) tipos, lai apmierin\u0101tu da\u017e\u0101das ekspluat\u0101cijas vajadz\u012bbas. Da\u017ei mode\u013ci ir teleskopiski, kas \u013cauj to liel\u0101ku pagarin\u0101jumu veikt, nepalielinot \u0101r\u0113jos izm\u0113rus, un ir piem\u0113roti lietojumiem ar ierobe\u017eotu vietu.<\/p>\n<\/li>\n<li>\n<h3>Ide\u0101la hidraulisko cilindru nomai\u0146a<\/h3>\n<p>M\u016bsu produkts var lieliski aizst\u0101t \u0161os hidrauliskos cilindrus.<\/p>\n<\/li>\n<li>\n<h3>Pieteikums<\/h3>\n<p>Aotai AT150E-9 kausa cilindrs tiek izmantots da\u017e\u0101d\u0101s celtniec\u012bbas iek\u0101rt\u0101s, tostarp:<\/p>\n<ul>\n<li>Ekskavatori: Kausa cilindri nodro\u0161ina rak\u0161anas darb\u012bbu, \u013caujot l\u0101pstai iek\u013c\u016bt augsn\u0113.<\/li>\n<li>Priek\u0161\u0113jie iekr\u0101v\u0113ji: Tie pal\u012bdz efekt\u012bvi pacelt un noliekt kravas.<\/li>\n<li>Ekskavatori-i: kausa cilindri pal\u012bdz rak\u0161anas un cel\u0161anas darbos.<\/li>\n<li>Lauksaimniec\u012bbas tehnika: Izmanto front\u0101lajos iekr\u0101v\u0113jos augsnes, siena un citu materi\u0101lu sav\u0101k\u0161anai, pacel\u0161anai un transport\u0113\u0161anai.<\/li>\n<\/ul>\n<\/li>\n<\/ul>\n<h2>Dizaina apsv\u0113rumi un atlases krit\u0113riji<\/h2>\n<ul>\n<li>\n<h3>Nestsp\u0113ja<\/h3>\n<p>Balona nestsp\u0113ja ir iz\u0161\u0137iro\u0161s konstrukcijas apsv\u0113rums. Tam j\u0101sp\u0113j iztur\u0113t konkr\u0113t\u0101s pielietojuma slodzes pras\u012bbas.<\/p>\n<\/li>\n<li>\n<h3>Bl\u012bv\u0113jums un iztur\u012bba<\/h3>\n<p>Cilindra bl\u012bv\u0113jums un iztur\u012bba ir kritiski faktori, kas ietekm\u0113 t\u0101 kalpo\u0161anas laiku un veiktsp\u0113ju. M\u016bsu cilindr\u0101 tiek izmantoti augstas kvalit\u0101tes bl\u012bv\u0113jumi, kas izgatavoti no nodilumiztur\u012bgiem materi\u0101liem, piem\u0113ram, poliuret\u0101na un nitrila gumijas, un cilindra korpusa virsma tiek prec\u012bzi apstr\u0101d\u0101ta, lai uzlabotu nodilumiztur\u012bbu.<\/p>\n<\/li>\n<li>\n<h3>Dro\u0161\u012bba un apkope<\/h3>\n<p>Balonam j\u0101b\u016bt konstru\u0113tam, \u0146emot v\u0113r\u0101 dro\u0161\u012bbu un apkopi. Balonam j\u0101b\u016bt viegli uzst\u0101d\u0101mam, apkopjamam un remont\u0113jamam, samazinot d\u012bkst\u0101ves laiku apkopes un remonta laik\u0101.<\/p>\n<\/li>\n<li>\n<h3>E\u013c\u013co\u0161ana un bl\u012bv\u0113\u0161ana<\/h3>\n<p>M\u016bsu cilindr\u0101 tiek izmantoti da\u017e\u0101di bl\u012bv\u0113jumi, piem\u0113ram, virzu\u013ca bl\u012bv\u0113jumi, stie\u0146a bl\u012bv\u0113jumi un stikla t\u012br\u012bt\u0101ju bl\u012bv\u0113jumi, kas izgatavoti no nodilumiztur\u012bgiem materi\u0101liem, piem\u0113ram, poliuret\u0101na un nitrila gumijas. Lai cilindrs darbotos pareizi, ir nepiecie\u0161ama regul\u0101ra e\u013c\u013co\u0161ana un bl\u012bv\u0113jumu nomai\u0146a.<\/p>\n<\/li>\n<li>\n<h3>\u0160\u0137idrumu sader\u012bba<\/h3>\n<p>Cilindram j\u0101b\u016bt sader\u012bgam ar hidrauliskaj\u0101 sist\u0113m\u0101 izmantoto hidraulisko \u0161\u0137idrumu. Nepareiza \u0161\u0137idruma veida lieto\u0161ana var saboj\u0101t cilindru vai visu hidraulisko sist\u0113mu.<\/p>\n<\/li>\n<\/ul>\n<p><img decoding=\"async\" src=\"https:\/\/www.hydraulic-cylinders.net\/wp-content\/uploads\/2025\/01\/songte-oil-pipes-and-spare-parts.webp\" alt=\"Kausa cilindrs Aotai AT150E-9\" \/><\/p>\n<h2>Apkope<\/h2>\n<p>Regul\u0101ra p\u0101rbaude un profilaktisk\u0101 apkope ir b\u016btiska, lai nodro\u0161in\u0101tu kausa cilindra optim\u0101lu darb\u012bbu. Bie\u017ei veicamie apkopes darbi ietver:<\/p>\n<ul>\n<li>\n<h3>Regul\u0101ra p\u0101rbaude<\/h3>\n<p>Regul\u0101ra balona p\u0101rbaude ir nepiecie\u0161ama, lai noteiktu jebk\u0101das nodiluma, boj\u0101jumu vai nopl\u016bdes paz\u012bmes. Jebkuras probl\u0113mas j\u0101risina nekav\u0113joties, lai nov\u0113rstu turpm\u0101kus boj\u0101jumus.<\/p>\n<\/li>\n<li>\n<h3>Pareiza e\u013c\u013co\u0161ana<\/h3>\n<p>Kausa cilindram ir nepiecie\u0161ama regul\u0101ra e\u013c\u013co\u0161ana, lai t\u0101 kust\u012bg\u0101s da\u013cas darbotos pareizi un nov\u0113rstu nodilumu.<\/p>\n<\/li>\n<li>\n<h3>Bl\u012bv\u0113juma nomai\u0146a<\/h3>\n<p>Bl\u012bv\u0113juma nomai\u0146a ir nepiecie\u0161ama, lai saglab\u0101tu cilindra bl\u012bv\u0113juma veiktsp\u0113ju un nov\u0113rstu nopl\u016bdi.<\/p>\n<\/li>\n<li>\n<h3>Kalibr\u0113\u0161anas p\u0101rbaude<\/h3>\n<p>Balons ir regul\u0101ri j\u0101kalibr\u0113, lai nodro\u0161in\u0101tu t\u0101 atbilst\u012bbu noteiktajiem veiktsp\u0113jas standartiem.<\/p>\n<\/li>\n<\/ul>\n<p><img decoding=\"async\" src=\"https:\/\/www.hydraulic-cylinders.net\/wp-content\/uploads\/2025\/01\/songte-chushion-collar.webp\" alt=\"Kausa cilindrs Aotai AT150E-9\" \/><\/p>\n<h2>Dro\u0161\u012bbas apsv\u0113rumi un vides faktori<\/h2>\n<p>Izmantojot Aotai AT150E-9 kausa cilindru, vienm\u0113r j\u0101iev\u0113ro dro\u0161\u012bbas pas\u0101kumi, lai nov\u0113rstu negad\u012bjumus vai traumas. Lietojot cilindru, ir svar\u012bgi \u0146emt v\u0113r\u0101 vides faktorus, piem\u0113ram, temperat\u016bru, mitrumu un kod\u012bgu vielu iedarb\u012bbu, kas var ietekm\u0113t cilindra darb\u012bbu.<\/p>\n<h2>Bie\u017ei sastopamas probl\u0113mas un to nov\u0113r\u0161ana<\/h2>\n<p>\u0160\u012bs ir da\u017eas bie\u017ei sastopamas probl\u0113mas, kas var rasties, lietojot kausa cilindru:<\/p>\n<ul>\n<li>\n<h3>Nopl\u016bde<\/h3>\n<p>Nopl\u016bde ir izplat\u012bta probl\u0113ma, ko parasti izraisa boj\u0101ti bl\u012bv\u0113jumi. Bl\u012bvju nomai\u0146a var pal\u012bdz\u0113t atrisin\u0101t probl\u0113mu.<\/p>\n<\/li>\n<li>\n<h3>P\u0101rm\u0113r\u012bgs troksnis<\/h3>\n<p>P\u0101rm\u0113r\u012bgu troksni var izrais\u012bt da\u017e\u0101das probl\u0113mas, piem\u0113ram, boj\u0101tas iek\u0161\u0113j\u0101s deta\u013cas, zems hidraulisk\u0101 \u0161\u0137idruma l\u012bmenis vai aizs\u0113r\u0113ju\u0161i filtri. P\u0101rbaudiet hidraulisko sist\u0113mu, vai nav probl\u0113mu, kas var\u0113tu izrais\u012bt p\u0101rm\u0113r\u012bgu troksni.<\/p>\n<\/li>\n<li>\n<h3>L\u0113na kust\u012bba<\/h3>\n<p>L\u0113nu kust\u012bbu parasti izraisa zems hidraulisk\u0101 \u0161\u0137idruma l\u012bmenis, aizs\u0113r\u0113ju\u0161i filtri vai boj\u0101tas iek\u0161\u0113j\u0101s deta\u013cas. P\u0101rbaudiet hidraulisko sist\u0113mu un nomainiet visas boj\u0101t\u0101s deta\u013cas.<\/p>\n<\/li>\n<\/ul>\n<p><img decoding=\"async\" src=\"https:\/\/www.hydraulic-cylinders.net\/wp-content\/uploads\/2025\/01\/songte-bushings-with-all-kinds-of-excavator-models.webp\" alt=\"Kausa cilindrs Aotai AT150E-9\" \/><\/p>\n<h2>Par m\u016bsu uz\u0146\u0113mumu<\/h2>\n<p>M\u0113s esam vado\u0161ais hidraulisko cilindru ra\u017eot\u0101js un vairumtirdzniec\u012bbas izplat\u012bt\u0101js viet\u0113j\u0101 un starptautiskaj\u0101 tirg\u016b. M\u016bsu produkti ir izcilas kvalit\u0101tes, un m\u0113s iev\u0113rojam prec\u012bzas ra\u017eo\u0161anas vad\u012bbas strat\u0113\u0123ijas, pa\u013caujoties uz augsti kvalific\u0113tiem tehni\u0137iem, digit\u0101l\u0101m augstas klases ra\u017eo\u0161anas iek\u0101rt\u0101m un profesion\u0101lu test\u0113\u0161anas sist\u0113mu, lai ra\u017eotu cilindrus, kas atbilst m\u016bsu klientu da\u017e\u0101daj\u0101m vajadz\u012bb\u0101m. M\u0113s pied\u0101v\u0101jam piel\u0101gotus pakalpojumus, ra\u017eo\u0161anas iek\u0101rtas un p\u0113cp\u0101rdo\u0161anas pakalpojumus, lai nodro\u0161in\u0101tu, ka m\u016bsu klienti maksim\u0101li izmanto savus ieguld\u012bjumus.<\/p>\n<ul>\n<li>\n<h3>Specializ\u0101cija un starptautisk\u0101 sertifik\u0101cija<\/h3>\n<p>M\u016bsu uz\u0146\u0113mums specializ\u0113jas da\u017e\u0101du hidraulisko cilindru ra\u017eo\u0161an\u0101, un m\u016bsu produkti atbilst t\u0101diem starptautiskiem kvalit\u0101tes standartiem k\u0101 ISO, CE un SGS.<\/p>\n<\/li>\n<li>\n<h3>Piel\u0101goti pakalpojumi<\/h3>\n<p>M\u0113s pied\u0101v\u0101jam piel\u0101gotus pakalpojumus, pamatojoties uz m\u016bsu klientu \u012bpa\u0161aj\u0101m pras\u012bb\u0101m, pied\u0101v\u0101jot vi\u0146iem piel\u0101gotus hidrauliskos cilindrus, lai apmierin\u0101tu vi\u0146u unik\u0101l\u0101s vajadz\u012bbas.<\/p>\n<\/li>\n<li>\n<h3>Ra\u017eo\u0161anas iek\u0101rtas un p\u0113cp\u0101rdo\u0161anas pakalpojumi<\/h3>\n<p>Mums ir modern\u0101k\u0101s ra\u017eo\u0161anas iek\u0101rtas un profesion\u0101la p\u0113cp\u0101rdo\u0161anas apkalpo\u0161anas komanda, kas sniedz savlaic\u012bgu un efekt\u012bvu atbalstu m\u016bsu klientiem.<\/p>\n<\/li>\n<\/ul>\n<p><img decoding=\"async\" src=\"https:\/\/hzpt.com\/wp-content\/uploads\/2024\/11\/songte-company-1.webp\" alt=\"Kausa cilindrs Aotai AT150E-9\" \/><\/p>\n<p><em>Autors: lil<\/em><\/p>","protected":false},"excerpt":{"rendered":"<p>Bucket Cylinder For Aotai AT150E-9 Introduction The Bucket Cylinder for Aotai AT150E-9 is a hydraulic cylinder specifically designed to control the movement of shovels in heavy machinery such as excavators, backhoe excavators, and front-loaders. Its main function is to enable the shovel to lift, lower, and tilt, making it easier to perform various material handling [&hellip;]<\/p>","protected":false},"featured_media":14788,"comment_status":"open","ping_status":"closed","template":"","meta":{"_et_pb_use_builder":"","_et_pb_old_content":"","_et_gb_content_width":""},"product_brand":[],"product_cat":[1494],"product_tag":[1495,1496],"class_list":{"0":"post-15913","1":"product","2":"type-product","3":"status-publish","4":"has-post-thumbnail","6":"product_cat-bucket-cylinders","7":"product_tag-bucket-cylinders","8":"product_tag-hydraulic-cylinders","10":"first","11":"instock","12":"shipping-taxable","13":"product-type-simple"},"amp_enabled":true,"_links":{"self":[{"href":"https:\/\/www.hydraulic-cylinders.net\/lv\/wp-json\/wp\/v2\/product\/15913","targetHints":{"allow":["GET"]}}],"collection":[{"href":"https:\/\/www.hydraulic-cylinders.net\/lv\/wp-json\/wp\/v2\/product"}],"about":[{"href":"https:\/\/www.hydraulic-cylinders.net\/lv\/wp-json\/wp\/v2\/types\/product"}],"replies":[{"embeddable":true,"href":"https:\/\/www.hydraulic-cylinders.net\/lv\/wp-json\/wp\/v2\/comments?post=15913"}],"wp:featuredmedia":[{"embeddable":true,"href":"https:\/\/www.hydraulic-cylinders.net\/lv\/wp-json\/wp\/v2\/media\/14788"}],"wp:attachment":[{"href":"https:\/\/www.hydraulic-cylinders.net\/lv\/wp-json\/wp\/v2\/media?parent=15913"}],"wp:term":[{"taxonomy":"product_brand","embeddable":true,"href":"https:\/\/www.hydraulic-cylinders.net\/lv\/wp-json\/wp\/v2\/product_brand?post=15913"},{"taxonomy":"product_cat","embeddable":true,"href":"https:\/\/www.hydraulic-cylinders.net\/lv\/wp-json\/wp\/v2\/product_cat?post=15913"},{"taxonomy":"product_tag","embeddable":true,"href":"https:\/\/www.hydraulic-cylinders.net\/lv\/wp-json\/wp\/v2\/product_tag?post=15913"}],"curies":[{"name":"wp","href":"https:\/\/api.w.org\/{rel}","templated":true}]}}