{"id":15921,"date":"2025-01-19T15:10:04","date_gmt":"2025-01-19T15:10:04","guid":{"rendered":"https:\/\/www.hydraulic-cylinders.net\/product\/bucket-cylinder-for-atlas-7808lc\/"},"modified":"2025-01-19T15:10:14","modified_gmt":"2025-01-19T15:10:14","slug":"bucket-cylinder-for-atlas-7808lc","status":"publish","type":"product","link":"https:\/\/www.hydraulic-cylinders.net\/lv\/products\/bucket-cylinder-for-atlas-7808lc\/","title":{"rendered":"Kausa cilindrs modelim Atlas 7808LC"},"content":{"rendered":"<h1>Kausa cilindrs modelim Atlas 7808LC<\/h1>\n<h2>Ievads<\/h2>\n<p>Atlas 7808LC kausa cilindrs ir hidraulisk\u0101 cilindra veids, kas \u012bpa\u0161i paredz\u0113ts kausu kust\u012bbas vad\u012bbai smag\u0101 ma\u0161\u012bn\u0101, piem\u0113ram, ekskavatoros, iekr\u0101v\u0113jos un front\u0101lajos iekr\u0101v\u0113jos. T\u0101 galven\u0101 funkcija ir \u013caut pacelt, nolaist un noliekt kausu, t\u0101d\u0113j\u0101di atvieglojot da\u017e\u0101dus materi\u0101lu apstr\u0101des uzdevumus. Hidrauliskaj\u0101 sist\u0113m\u0101 kausa cilindrs pan\u0101k prec\u012bzu kausa vad\u012bbu, mainot hidraulisk\u0101s e\u013c\u013cas spiedienu, \u013caujot operatoriem efekt\u012bvi apstr\u0101d\u0101t smagas kravas un piel\u0101goties sare\u017e\u0123\u012btai darba videi un da\u017e\u0101d\u0101m ekspluat\u0101cijas pras\u012bb\u0101m.<\/p>\n<p><img decoding=\"async\" src=\"https:\/\/www.hydraulic-cylinders.net\/wp-content\/uploads\/2025\/01\/songte-company-2.webp\" alt=\"Kausa cilindrs\" style=\"width:100%\"><\/p>\n<h2>Funkcijas<\/h2>\n<ul>\n<li>\n<h3>Augsta iztur\u012bba un ilgm\u016b\u017e\u012bba<\/h3>\n<p>Kausa cilindri parasti ir izgatavoti no augstas stipr\u012bbas t\u0113rauda vai alum\u012bnija, kas \u013cauj tiem iztur\u0113t augstu spiedienu un lielas slodzes, k\u0101 ar\u012b piel\u0101goties skarbai darba videi. To konstrukcija \u0146em v\u0113r\u0101 nodilumiztur\u012bbu un iztur\u012bbu pret koroziju, pagarinot to kalpo\u0161anas laiku.<\/p>\n<\/li>\n<li>\n<h3>Efekt\u012bva hidraulisk\u0101 darb\u012bba<\/h3>\n<p>Kausa cilindri izmanto hidraulisk\u0101s e\u013c\u013cas spiedienu, lai pan\u0101ktu vienm\u0113r\u012bgu izstiep\u0161anu un ievilk\u0161anu, \u013caujot tiem \u0101tri rea\u0123\u0113t uz vad\u012bbas komand\u0101m, nodro\u0161inot sp\u0113c\u012bgu stum\u0161anas un vilk\u0161anas sp\u0113ku un ir piem\u0113roti smagu kravu apstr\u0101dei un sare\u017e\u0123\u012btiem ekspluat\u0101cijas uzdevumiem.<\/p>\n<\/li>\n<li>\n<h3>Vair\u0101ki veidi<\/h3>\n<p>Kausa cilindri ir pieejami vienk\u0101r\u0161\u0101s darb\u012bbas (hidrauliski darbojas vien\u0101 virzien\u0101) vai divk\u0101r\u0161\u0101s darb\u012bbas (hidrauliski darbojas divos virzienos) mode\u013cos, lai atbilstu da\u017e\u0101d\u0101m ekspluat\u0101cijas pras\u012bb\u0101m. Da\u017ei mode\u013ci ir teleskopiski, kas \u013cauj tos pagarin\u0101t, nepalielinot \u0101r\u0113jos izm\u0113rus, padarot tos piem\u0113rotus lietojumiem ar ierobe\u017eotu vietu.<\/p>\n<\/li>\n<li>\n<h3>Nomain\u0101ms<\/h3>\n<p>M\u016bsu uz\u0146\u0113mums var ra\u017eot \u0161o produktu, un m\u016bsu produkts var lieliski aizst\u0101t \u0161os hidrauliskos cilindrus.<\/p>\n<\/li>\n<\/ul>\n<p><img decoding=\"async\" src=\"https:\/\/www.hydraulic-cylinders.net\/wp-content\/uploads\/2025\/01\/songte-cylinder-head-with-all-kinds-excavator-models.webp\" alt=\"Hidrauliskais cilindrs\" style=\"width:100%\"><\/p>\n<h2>Pieteikumi<\/h2>\n<p>Kausa cilindri tiek pla\u0161i izmantoti da\u017e\u0101d\u0101s celtniec\u012bbas iek\u0101rt\u0101s, lauksaimniec\u012bbas ma\u0161\u012bn\u0101s un cit\u0101s nozar\u0113s, tostarp:<\/p>\n<ul>\n<li>\n<h3>Celtniec\u012bbas apr\u012bkojums<\/h3>\n<p>Kausa cilindri ir atrodami ekskavatoros, kur tie ir nepiecie\u0161ami rak\u0161anai, iekrau\u0161anai un augsnes vai gru\u017eu p\u0101rvieto\u0161anai. Ekskavatoros-iekr\u0101v\u0113jos kausa cilindrs pal\u012bdz gan rak\u0161an\u0101, gan cel\u0161an\u0101. Front\u0101lajos iekr\u0101v\u0113jos tie pal\u012bdz efekt\u012bvi pacelt un izg\u0101zt preces.<\/p>\n<\/li>\n<li>\n<h3>Lauksaimniec\u012bbas tehnika<\/h3>\n<p>Kausa cilindri tiek izmantoti front\u0101lajos iekr\u0101v\u0113jos augsnes, siena un citu materi\u0101lu sav\u0101k\u0161anai, cel\u0161anai un transport\u0113\u0161anai.<\/p>\n<\/li>\n<li>\n<h3>Ekskavatori<\/h3>\n<p>Kausa cilindri \u013cauj ekskavatoriem iek\u013c\u016bt augsn\u0113, \u013caujot kausam p\u0101rvietoties caur to.<\/p>\n<\/li>\n<\/ul>\n<h2>Dizaina apsv\u0113rumi un atlases krit\u0113riji<\/h2>\n<p>Run\u0101jot par kausu cilindru projekt\u0113\u0161anas apsv\u0113rumiem, to uzticamai darb\u012bbai ir svar\u012bgi vair\u0101ki galvenie faktori, tostarp:<\/p>\n<ul>\n<li>\n<h3>Nestsp\u0113ja<\/h3>\n<p>Kausa cilindra nestsp\u0113ja ir kritiski svar\u012bga, un tai j\u0101b\u016bt projekt\u0113tai t\u0101, lai t\u0101 iztur\u0113tu pace\u013cam\u0101s vai p\u0101rvietojam\u0101s kravas svaru.<\/p>\n<\/li>\n<li>\n<h3>Bl\u012bv\u0113jums un iztur\u012bba<\/h3>\n<p>Bucket cylinders require reliable seals to prevent oil leaks, which can cause hydraulic failure and lead to equipment downtime. Additionally, the cylinder&#8217;s durability must be considered to ensure long service life.<\/p>\n<\/li>\n<li>\n<h3>Dro\u0161\u012bba<\/h3>\n<p>Kausa cilindram j\u0101b\u016bt konstru\u0113tam, \u0146emot v\u0113r\u0101 lietot\u0101ja dro\u0161\u012bbu, lai nov\u0113rstu negad\u012bjumus vai traumas, kas var rasties darb\u012bbas laik\u0101.<\/p>\n<\/li>\n<li>\n<h3>Apkope un remonts<\/h3>\n<p>Balonam j\u0101b\u016bt konstru\u0113tam t\u0101, lai to b\u016btu viegli apkopt un remont\u0113t. Tas var ietvert t\u0101das funkcijas k\u0101 nomain\u0101mas deta\u013cas vai \u0113rtu piek\u013cuvi p\u0101rbaudei un apkopei.<\/p>\n<\/li>\n<\/ul>\n<p><img decoding=\"async\" src=\"https:\/\/www.hydraulic-cylinders.net\/wp-content\/uploads\/2025\/01\/songte-oil-pipes-and-spare-parts.webp\" alt=\"Hidrauliskais cilindrs\" style=\"width:100%\"><\/p>\n<h2>Bl\u012bv\u0113\u0161ana un e\u013c\u013co\u0161ana<\/h2>\n<p>Bucket cylinders use various sealing components, including piston seals and rod seals, which are typically made from wear-resistant materials such as polyurethane or nitrile rubber. To ensure long service life, the cylinder body and rod surface must be treated for wear resistance. Regular lubrication with hydraulic oil is also necessary to maintain the cylinder&#8217;s proper operation.<\/p>\n<h2>Apkope un remonts<\/h2>\n<p>Lai nodro\u0161in\u0101tu pareizu darb\u012bbu un pagarin\u0101tu kausa cilindra kalpo\u0161anas laiku, nepiecie\u0161amas regul\u0101ras p\u0101rbaudes un profilaktisk\u0101 apkope. Tas var ietvert t\u0101dus uzdevumus k\u0101:<\/p>\n<ul>\n<li>\n<h3>Regul\u0101ra p\u0101rbaude<\/h3>\n<p>Regul\u0101ra cilindra, bl\u012bv\u0113jumu, mont\u0101\u017eas kron\u0161teinu un veidgabalu p\u0101rbaude var nov\u0113rst nelielu probl\u0113mu p\u0101rv\u0113r\u0161anos nopietn\u0101s probl\u0113m\u0101s un galu gal\u0101 samazin\u0101t d\u012bkst\u0101ves laiku.<\/p>\n<\/li>\n<li>\n<h3>Pareiza e\u013c\u013co\u0161ana<\/h3>\n<p>Proper lubrication of the cylinder is essential for its smooth operation. This can include the use of appropriate hydraulic oil or grease, depending on the cylinder&#8217;s design.<\/p>\n<\/li>\n<li>\n<h3>Bl\u012bv\u0113juma nomai\u0146a un kalibr\u0113\u0161anas p\u0101rbaude<\/h3>\n<p>Nodilu\u0161u bl\u012bv\u0113jumu nomai\u0146a un kalibr\u0113\u0161anas p\u0101rbaude var uzlabot cilindra veiktsp\u0113ju un kalpo\u0161anas laiku.<\/p>\n<\/li>\n<\/ul>\n<p><img decoding=\"async\" src=\"https:\/\/www.hydraulic-cylinders.net\/wp-content\/uploads\/2025\/01\/songte-chushion-collar.webp\" alt=\"Hidrauliskais cilindrs\" style=\"width:100%\"><\/p>\n<h2>Dro\u0161\u012bbas apsv\u0113rumi un vides faktori<\/h2>\n<p>Bucket cylinders require proper use and maintenance to ensure safe operation. Operators should be trained on the proper use of the cylinder and follow all safety guidelines. Environmental factors, such as temperature, humidity, and exposure to chemicals, can also affect the cylinder&#8217;s performance and must be considered.<\/p>\n<h2>Bie\u017ei sastopamas probl\u0113mas un to nov\u0113r\u0161ana<\/h2>\n<p>Da\u017eas bie\u017ei sastopamas probl\u0113mas, kas var rasties ar kausu cilindriem, ir nopl\u016bdes, l\u0113na vai nerea\u0123\u0113jo\u0161a darb\u012bba, k\u0101 ar\u012b cilindra korpusa vai bl\u012bv\u0113jumu boj\u0101jumi. \u0160o probl\u0113mu nov\u0113r\u0161ana var ietvert pareizas e\u013c\u013co\u0161anas p\u0101rbaudi, bl\u012bv\u0113jumu un savienojumu p\u0101rbaudi, k\u0101 ar\u012b cilindra boj\u0101jumu p\u0101rbaudi. Regul\u0101ra profilaktisk\u0101 apkope var pal\u012bdz\u0113t samazin\u0101t \u0161o probl\u0113mu ra\u0161anos.<\/p>\n<p><img decoding=\"async\" src=\"https:\/\/www.hydraulic-cylinders.net\/wp-content\/uploads\/2025\/01\/songte-bushings-with-all-kinds-of-excavator-models.webp\" alt=\"Hidrauliskais cilindrs\" style=\"width:100%\"><\/p>\n<h2>Par m\u016bsu uz\u0146\u0113mumu<\/h2>\n<p>We are a leading manufacturer and wholesale distributor of hydraulic cylinders in the domestic and international markets. Our company adheres to the principle of excellent quality and relies on industrialized production management strategies based on precision manufacturing workshops, technology talents, digital high-end manufacturing equipment as well as professional testing systems. Our company continuously improves the workshop manufacturing platform, improves the product quality production route, and has strong creation capabilities to meet customers&#8217; diverse needs with high efficiency, precision, and quality. <\/p>\n<p>M\u016bsu uz\u0146\u0113mums pied\u0101v\u0101 da\u017e\u0101dus produktus un pakalpojumus, piem\u0113ram:<\/p>\n<ul>\n<li>\n<h3>Profesionalit\u0101te<\/h3>\n<p>M\u0113s nodarbin\u0101m profesion\u0101\u013cu komandu ar daudzu gadu pieredzi nozar\u0113, lai nodro\u0161in\u0101tu, ka m\u016bsu produkti atbilst augst\u0101kajiem kvalit\u0101tes un uzticam\u012bbas standartiem.<\/p>\n<\/li>\n<li>\n<h3>Starptautisk\u0101 sertifik\u0101cija<\/h3>\n<p>M\u016bsu produkti ir sertific\u0113ti atbilsto\u0161i starptautiskiem standartiem, piem\u0113ram, ISO 9001:2015, nodro\u0161inot, ka m\u016bsu klienti var uztic\u0113ties m\u016bsu produktiem.<\/p>\n<\/li>\n<li>\n<h3>Piel\u0101go\u0161anas pakalpojumi<\/h3>\n<p>M\u0113s pied\u0101v\u0101jam piel\u0101gotus pakalpojumus, lai apmierin\u0101tu m\u016bsu klientu unik\u0101l\u0101s vajadz\u012bbas, nodro\u0161inot piel\u0101gotus risin\u0101jumus, kas izstr\u0101d\u0101ti, lai atbilstu konkr\u0113t\u0101m pras\u012bb\u0101m.<\/p>\n<\/li>\n<li>\n<h3>Ra\u017eo\u0161anas iek\u0101rtas<\/h3>\n<p>M\u0113s izmantojam modernas ra\u017eo\u0161anas iek\u0101rtas, piem\u0113ram, CNC iek\u0101rtas, lai nodro\u0161in\u0101tu prec\u012bzu ra\u017eo\u0161anu un augstas kvalit\u0101tes produktus.<\/p>\n<\/li>\n<li>\n<h3>P\u0113cp\u0101rdo\u0161anas serviss<\/h3>\n<p>Lai nodro\u0161in\u0101tu klientu apmierin\u0101t\u012bbu ar m\u016bsu produktiem un pakalpojumiem, m\u0113s pied\u0101v\u0101jam p\u0113cp\u0101rdo\u0161anas servisu, apkopes, remonta un nomai\u0146as pakalpojumus.<\/p>\n<\/li>\n<\/ul>\n<p><img decoding=\"async\" src=\"https:\/\/hzpt.com\/wp-content\/uploads\/2024\/11\/songte-company-1.webp\" alt=\"Hidrauliskais cilindrs\" style=\"width:100%\"><\/p>\n<p>Autors: lil<\/p>","protected":false},"excerpt":{"rendered":"<p>Bucket Cylinder For Atlas 7808LC Introduction The bucket cylinder for Atlas 7808LC is a type of hydraulic cylinder that is specially designed for controlling the movement of buckets in heavy machinery such as excavators, backhoe loaders, and front-end loaders. Its main function is to allow the bucket to be lifted, lowered and tilted, thereby facilitating [&hellip;]<\/p>","protected":false},"featured_media":14773,"comment_status":"open","ping_status":"closed","template":"","meta":{"_et_pb_use_builder":"","_et_pb_old_content":"","_et_gb_content_width":""},"product_brand":[],"product_cat":[1494],"product_tag":[1495,1496],"class_list":{"0":"post-15921","1":"product","2":"type-product","3":"status-publish","4":"has-post-thumbnail","6":"product_cat-bucket-cylinders","7":"product_tag-bucket-cylinders","8":"product_tag-hydraulic-cylinders","10":"first","11":"instock","12":"shipping-taxable","13":"product-type-simple"},"amp_enabled":true,"_links":{"self":[{"href":"https:\/\/www.hydraulic-cylinders.net\/lv\/wp-json\/wp\/v2\/product\/15921","targetHints":{"allow":["GET"]}}],"collection":[{"href":"https:\/\/www.hydraulic-cylinders.net\/lv\/wp-json\/wp\/v2\/product"}],"about":[{"href":"https:\/\/www.hydraulic-cylinders.net\/lv\/wp-json\/wp\/v2\/types\/product"}],"replies":[{"embeddable":true,"href":"https:\/\/www.hydraulic-cylinders.net\/lv\/wp-json\/wp\/v2\/comments?post=15921"}],"wp:featuredmedia":[{"embeddable":true,"href":"https:\/\/www.hydraulic-cylinders.net\/lv\/wp-json\/wp\/v2\/media\/14773"}],"wp:attachment":[{"href":"https:\/\/www.hydraulic-cylinders.net\/lv\/wp-json\/wp\/v2\/media?parent=15921"}],"wp:term":[{"taxonomy":"product_brand","embeddable":true,"href":"https:\/\/www.hydraulic-cylinders.net\/lv\/wp-json\/wp\/v2\/product_brand?post=15921"},{"taxonomy":"product_cat","embeddable":true,"href":"https:\/\/www.hydraulic-cylinders.net\/lv\/wp-json\/wp\/v2\/product_cat?post=15921"},{"taxonomy":"product_tag","embeddable":true,"href":"https:\/\/www.hydraulic-cylinders.net\/lv\/wp-json\/wp\/v2\/product_tag?post=15921"}],"curies":[{"name":"wp","href":"https:\/\/api.w.org\/{rel}","templated":true}]}}