{"id":15923,"date":"2025-01-19T15:10:21","date_gmt":"2025-01-19T15:10:21","guid":{"rendered":"https:\/\/www.hydraulic-cylinders.net\/product\/bucket-cylinder-for-bonny-ced1000-7\/"},"modified":"2025-01-19T15:10:23","modified_gmt":"2025-01-19T15:10:23","slug":"bucket-cylinder-for-bonny-ced1000-7","status":"publish","type":"product","link":"https:\/\/www.hydraulic-cylinders.net\/lv\/products\/bucket-cylinder-for-bonny-ced1000-7\/","title":{"rendered":"Kausa cilindrs Bonny CED1000-7"},"content":{"rendered":"<h1>Kausa cilindrs Bonny CED1000-7<\/h1>\n<h2>Ievads<\/h2>\n<p>Kausa cilindrs ir speci\u0101li izstr\u0101d\u0101ts hidrauliskais cilindrs, ko izmanto, lai kontrol\u0113tu kausa kust\u012bbu smagaj\u0101s ma\u0161\u012bn\u0101s, piem\u0113ram, ekskavatoros, univers\u0101lajos ekskavatoros un front\u0101lajos iekr\u0101v\u0113jos. T\u0101 galven\u0101 funkcija ir nodro\u0161in\u0101t kausa pacel\u0161anu, nolai\u0161anu un noliek\u0161anu, atvieglojot da\u017e\u0101du materi\u0101lu apstr\u0101des uzdevumu veik\u0161anu. Hidrauliskaj\u0101 sist\u0113m\u0101 kausa cilindrs izmanto hidraulisk\u0101s e\u013c\u013cas spiediena izmai\u0146as, lai pan\u0101ktu prec\u012bzu kausa vad\u012bbu, \u013caujot operatoriem efekt\u012bvi apstr\u0101d\u0101t smagus priek\u0161metus un piel\u0101goties sare\u017e\u0123\u012btai darba videi un da\u017e\u0101d\u0101m darba pras\u012bb\u0101m.<\/p>\n<p><img loading=\"lazy\" decoding=\"async\" src=\"https:\/\/www.hydraulic-cylinders.net\/wp-content\/uploads\/2025\/01\/songte-company-2.webp\" alt=\"Kausa cilindrs Bonny CED1000-7\" width=\"500\" height=\"300\"><\/p>\n<h2>Funkcijas<\/h2>\n<ol>\n<li>\n<h3>Augsta iztur\u012bba un ilgm\u016b\u017e\u012bba<\/h3>\n<p>Kausa cilindri parasti ir izgatavoti no augstas stipr\u012bbas t\u0113rauda vai alum\u012bnija, kas var iztur\u0113t augstu spiedienu un lielas slodzes, piel\u0101gojoties skarbajai darba videi. Projekt\u0113\u0161an\u0101 \u0146emta v\u0113r\u0101 nodilumiztur\u012bba un iztur\u012bba pret koroziju, pagarinot kalpo\u0161anas laiku.<\/p>\n<\/li>\n<li>\n<h3>Efekt\u012bva hidraulisk\u0101 darb\u012bba<\/h3>\n<p>Kausa cilindri izmanto hidraulisk\u0101s e\u013c\u013cas spiedienu, lai pan\u0101ktu vienm\u0113r\u012bgu izstiep\u0161anu un ievilk\u0161anu, \u013caujot \u0101tri rea\u0123\u0113t uz vad\u012bbas komand\u0101m un nodro\u0161inot sp\u0113c\u012bgus stum\u0161anas un vilk\u0161anas sp\u0113kus, kas piem\u0113roti smagu priek\u0161metu apstr\u0101dei un sare\u017e\u0123\u012btu darba uzdevumu veik\u0161anai.<\/p>\n<\/li>\n<li>\n<h3>Da\u017e\u0101di veidi<\/h3>\n<p>Kausa cilindrus var izv\u0113l\u0113ties k\u0101 vienk\u0101r\u0161as darb\u012bbas (hidraulika tiek izmantota tikai vien\u0101 virzien\u0101) vai divk\u0101r\u0161as darb\u012bbas (hidraulika tiek izmantota abos virzienos) atkar\u012bb\u0101 no ekspluat\u0101cijas vajadz\u012bb\u0101m. Da\u017ei mode\u013ci ir teleskopiski, kas \u013cauj tos liel\u0101kus izstiept, nepalielinot \u0101r\u0113jos izm\u0113rus, un ir piem\u0113roti lietojumiem ar ierobe\u017eotu vietu.<\/p>\n<\/li>\n<li>\n<h3>Nomain\u0101ms<\/h3>\n<p>M\u016bsu produkts var lieliski aizst\u0101t \u0161os hidrauliskos cilindrus.<\/p>\n<\/li>\n<li>\n<h3>Pieteikums<\/h3>\n<p>Kausa cilindri tiek izmantoti da\u017e\u0101d\u0101s celtniec\u012bbas iek\u0101rt\u0101s, lauksaimniec\u012bbas ma\u0161\u012bn\u0101s, ekskavatoros un front\u0101lajos iekr\u0101v\u0113jos. Tie ir nepiecie\u0161ami augsnes vai gru\u017eu rak\u0161anai, iekrau\u0161anai un p\u0101rvieto\u0161anai. Kausa cilindri pal\u012bdz rakt, pacelt un izg\u0101zt augsni ekskavatoros-iekr\u0101v\u0113jos. Front\u0101lajos iekr\u0101v\u0113jos tie pal\u012bdz efekt\u012bvi pacelt un noliekt kravu.<\/p>\n<\/li>\n<\/ol>\n<h2>Projekt\u0113\u0161anas apsv\u0113rumi un atlases standarti<\/h2>\n<p><img loading=\"lazy\" decoding=\"async\" src=\"https:\/\/www.hydraulic-cylinders.net\/wp-content\/uploads\/2025\/01\/songte-oil-pipes-and-spare-parts.webp\" alt=\"Kausa cilindra dizains\" width=\"500\" height=\"300\"><\/p>\n<p>Kausa cilindri ir smago ma\u0161\u012bnu kritiski svar\u012bgas sast\u0101vda\u013cas, un tie j\u0101projekt\u0113 un j\u0101izv\u0113las, \u0146emot v\u0113r\u0101 vair\u0101kus faktorus:<\/p>\n<ol>\n<li>\n<h3>Nestsp\u0113ja<\/h3>\n<p>Kausa cilindriem j\u0101b\u016bt konstru\u0113tiem t\u0101, lai tie iztur\u0113tu maksim\u0101los sp\u0113kus un spriegumus, ar kuriem tie var\u0113tu saskarties lauk\u0101. Projekt\u0113\u0161an\u0101 j\u0101\u0146em v\u0113r\u0101 ar\u012b maksim\u0101l\u0101 darba slodze.<\/p>\n<\/li>\n<li>\n<h3>Bl\u012bv\u0113\u0161ana<\/h3>\n<p>Kausu cilindros tiek izmantoti da\u017e\u0101di bl\u012bv\u0113\u0161anas komponenti, piem\u0113ram, virzu\u013ca bl\u012bvsl\u0113gi, stie\u0146a bl\u012bvsl\u0113gi \u200b\u200butt. Tiem j\u0101b\u016bt izgatavotiem no nodilumiztur\u012bgiem materi\u0101liem, piem\u0113ram, poliuret\u0101na un nitrila gumijas. Cilindra korpuss un v\u012btnes virsma tiek r\u016bp\u012bgi apstr\u0101d\u0101ta, lai uzlabotu nodilumiztur\u012bbu. Regul\u0101ra e\u013c\u013co\u0161ana ir b\u016btiska, lai nov\u0113rstu boj\u0101jumus nepietiekamas e\u013c\u013co\u0161anas d\u0113\u013c.<\/p>\n<\/li>\n<li>\n<h3>Iztur\u012bba un dro\u0161\u012bba<\/h3>\n<p>Kausa cilindriem j\u0101b\u016bt konstru\u0113tiem t\u0101, lai tie iztur\u0113tu lielas slodzes un nelabv\u0113l\u012bgus darba apst\u0101k\u013cus. Tiem j\u0101b\u016bt pietiekami iztur\u012bgiem, lai kalpotu ilgi un nodro\u0161in\u0101tu dro\u0161\u012bbu.<\/p>\n<\/li>\n<li>\n<h3>Apkope<\/h3>\n<p>Kausu cilindriem nepiecie\u0161ama regul\u0101ra apkope un remonts, lai pagarin\u0101tu to kalpo\u0161anas laiku. Lai nov\u0113rstu boj\u0101jumus un samazin\u0101tu d\u012bkst\u0101ves laiku, ir nepiecie\u0161ama t\u0101du deta\u013cu k\u0101 bl\u012bvju un bl\u012bvju p\u0101rbaude, nomai\u0146a un kalibr\u0113\u0161ana.<\/p>\n<\/li>\n<\/ol>\n<h2>Instal\u0101cijas rokasgr\u0101mata<\/h2>\n<p><img loading=\"lazy\" decoding=\"async\" src=\"https:\/\/www.hydraulic-cylinders.net\/wp-content\/uploads\/2025\/01\/songte-chushion-collar.webp\" alt=\"Kausa cilindra uzst\u0101d\u012b\u0161anas rokasgr\u0101mata\" width=\"500\" height=\"300\"><\/p>\n<p>Pareiza uzst\u0101d\u012b\u0161ana ir \u013coti svar\u012bga kausa cilindra optim\u0101lai veiktsp\u0113jai un kalpo\u0161anas laikam. Ieteicam\u0101s uzst\u0101d\u012b\u0161anas proced\u016bras ir \u0161\u0101das:<\/p>\n<ol>\n<li>Pareizi novietojiet cilindru un izmantojiet atbilsto\u0161us uzst\u0101d\u012b\u0161anas kron\u0161teinus, lai nostiprin\u0101tu cilindru viet\u0101.<\/li>\n<li>P\u0101rliecinieties, vai visi hidrauliskie savienojumi ir sav\u0101s viet\u0101s un ir dro\u0161i nostiprin\u0101ti.<\/li>\n<li>P\u0101rbaudiet hidraulisk\u0101s e\u013c\u013cas l\u012bmeni un, ja nepiecie\u0161ams, papildiniet to.<\/li>\n<li>Iesl\u0113dziet ma\u0161\u012bnu un p\u0101rbaudiet cilindra darb\u012bbu, lai p\u0101rliecin\u0101tos, ka tas darbojas pareizi.<\/li>\n<\/ol>\n<h2>Apkopes uzdevumi<\/h2>\n<p><img loading=\"lazy\" decoding=\"async\" src=\"https:\/\/www.hydraulic-cylinders.net\/wp-content\/uploads\/2025\/01\/songte-bushings-with-all-kinds-of-excavator-models.webp\" alt=\"Apkopes uzdevumi\" width=\"500\" height=\"300\"><\/p>\n<p>Regul\u0101ra apkope ir b\u016btiska, lai pagarin\u0101tu kausa cilindra kalpo\u0161anas laiku. T\u0101l\u0101k ir nor\u0101d\u012bti bie\u017ei veicamie apkopes darbi:<\/p>\n<ol>\n<li>Regul\u0101ra cilindra p\u0101rbaude, vai nav nodiluma un boj\u0101jumu paz\u012bmju.<\/li>\n<li>Regul\u0101ra cilindra e\u013c\u013co\u0161ana, lai nov\u0113rstu boj\u0101jumus nepietiekamas e\u013c\u013co\u0161anas d\u0113\u013c.<\/li>\n<li>Nodilu\u0161u vai boj\u0101tu bl\u012bvju un bl\u012bvju nomai\u0146a.<\/li>\n<li>Kalibr\u0113\u0161anas p\u0101rbaudes, lai nodro\u0161in\u0101tu pareizu cilindra darb\u012bbu.<\/li>\n<\/ol>\n<h2>Dro\u0161\u012bbas apsv\u0113rumi un vides faktori<\/h2>\n<p>Lietojot kausa cilindrus, dro\u0161\u012bba ir galven\u0101 priorit\u0101te. Operatoriem j\u0101b\u016bt atbilsto\u0161i apm\u0101c\u012btiem un j\u0101iev\u0113ro visas dro\u0161\u012bbas vadl\u012bnijas, lai izvair\u012btos no negad\u012bjumiem. Turkl\u0101t t\u0101di vides faktori k\u0101 temperat\u016bra un mitrums var ietekm\u0113t kausa cilindra veiktsp\u0113ju un kalpo\u0161anas laiku. Pareiza uzglab\u0101\u0161ana un apkope var samazin\u0101t \u0161o ietekmi.<\/p>\n<h2>Probl\u0113mu nov\u0113r\u0161ana un bie\u017ei sastopamas probl\u0113mas<\/h2>\n<p><img loading=\"lazy\" decoding=\"async\" src=\"https:\/\/hzpt.com\/wp-content\/uploads\/2024\/11\/songte-company-1.webp\" alt=\"Probl\u0113mu nov\u0113r\u0161ana un bie\u017ei sastopamas probl\u0113mas\" width=\"500\" height=\"300\"><\/p>\n<p>Kausa cilindriem var rasties vair\u0101kas probl\u0113mas, kas var ietekm\u0113t to darb\u012bbu. T\u0101l\u0101k ir nor\u0101d\u012btas bie\u017ei sastopamas probl\u0113mas:<\/p>\n<ol>\n<li>Nopl\u016bsto\u0161a e\u013c\u013ca<\/li>\n<li>L\u0113na darb\u012bba<\/li>\n<li>Samazin\u0101ta jauda<\/li>\n<li>P\u0101rm\u0113r\u012bgs troksnis vai vibr\u0101cija<\/li>\n<\/ol>\n<p>Pareiza diagnoze un \u0101tra r\u012bc\u012bba var pal\u012bdz\u0113t atrisin\u0101t \u0161\u012bs probl\u0113mas un nov\u0113rst turpm\u0101kus boj\u0101jumus kausa cilindram.<\/p>\n<h2>Par m\u016bsu uz\u0146\u0113mumu<\/h2>\n<p><img loading=\"lazy\" decoding=\"async\" src=\"https:\/\/www.hydraulic-cylinders.net\/wp-content\/uploads\/2025\/01\/songte-company-3.webp\" alt=\"Par m\u016bsu uz\u0146\u0113mumu\" width=\"500\" height=\"300\"><\/p>\n<p>M\u0113s esam vado\u0161ais hidraulisko cilindru ra\u017eot\u0101js un vairumtirgot\u0101js viet\u0113j\u0101 un starptautiskaj\u0101 tirg\u016b. M\u016bsu uz\u0146\u0113mums ra\u017eo pilnu produktu kl\u0101stu un iev\u0113ro izcilu kvalit\u0101ti, izmantojot nozares standarta ra\u017eo\u0161anas vad\u012bbas strat\u0113\u0123ijas. M\u0113s pa\u013caujamies uz tehnisko talantu komandu, modern\u0101m digit\u0101laj\u0101m ra\u017eo\u0161anas iek\u0101rt\u0101m un profesion\u0101l\u0101m test\u0113\u0161anas sist\u0113m\u0101m, lai nep\u0101rtraukti uzlabotu m\u016bsu ra\u017eo\u0161anas platformu un produktu kvalit\u0101tes ra\u017eo\u0161anas ce\u013cus. M\u016bsu produkti ir piem\u0113roti klientu da\u017e\u0101daj\u0101m vajadz\u012bb\u0101m un atbilst augstas efektivit\u0101tes, augstas precizit\u0101tes un augstas kvalit\u0101tes principiem.<\/p>\n<p>M\u0113s saviem klientiem pied\u0101v\u0101jam piel\u0101gotus pakalpojumus, ra\u017eo\u0161anas iek\u0101rtas un p\u0113cp\u0101rdo\u0161anas pakalpojumus. M\u016bsu m\u0113r\u0137is ir nodro\u0161in\u0101t augstas kvalit\u0101tes produktus, kas atbilst m\u016bsu klientu vajadz\u012bb\u0101m un cer\u012bb\u0101m.<\/p>\n<p>\u0160o rakstu ir sarakst\u012bjis Lails.<\/p>","protected":false},"excerpt":{"rendered":"<p>Bucket Cylinder For Bonny CED1000-7 Introduction A bucket cylinder is a specially designed hydraulic cylinder used to control the movement of the bucket in heavy machinery such as excavators, backhoe excavators, and front-end loaders. Its main function is to enable the bucket to lift, lower, and tilt, making it easy to handle various material handling [&hellip;]<\/p>","protected":false},"featured_media":14769,"comment_status":"open","ping_status":"closed","template":"","meta":{"_et_pb_use_builder":"","_et_pb_old_content":"","_et_gb_content_width":""},"product_brand":[],"product_cat":[1494],"product_tag":[1495,1496],"class_list":{"0":"post-15923","1":"product","2":"type-product","3":"status-publish","4":"has-post-thumbnail","6":"product_cat-bucket-cylinders","7":"product_tag-bucket-cylinders","8":"product_tag-hydraulic-cylinders","10":"first","11":"instock","12":"shipping-taxable","13":"product-type-simple"},"amp_enabled":true,"_links":{"self":[{"href":"https:\/\/www.hydraulic-cylinders.net\/lv\/wp-json\/wp\/v2\/product\/15923","targetHints":{"allow":["GET"]}}],"collection":[{"href":"https:\/\/www.hydraulic-cylinders.net\/lv\/wp-json\/wp\/v2\/product"}],"about":[{"href":"https:\/\/www.hydraulic-cylinders.net\/lv\/wp-json\/wp\/v2\/types\/product"}],"replies":[{"embeddable":true,"href":"https:\/\/www.hydraulic-cylinders.net\/lv\/wp-json\/wp\/v2\/comments?post=15923"}],"wp:featuredmedia":[{"embeddable":true,"href":"https:\/\/www.hydraulic-cylinders.net\/lv\/wp-json\/wp\/v2\/media\/14769"}],"wp:attachment":[{"href":"https:\/\/www.hydraulic-cylinders.net\/lv\/wp-json\/wp\/v2\/media?parent=15923"}],"wp:term":[{"taxonomy":"product_brand","embeddable":true,"href":"https:\/\/www.hydraulic-cylinders.net\/lv\/wp-json\/wp\/v2\/product_brand?post=15923"},{"taxonomy":"product_cat","embeddable":true,"href":"https:\/\/www.hydraulic-cylinders.net\/lv\/wp-json\/wp\/v2\/product_cat?post=15923"},{"taxonomy":"product_tag","embeddable":true,"href":"https:\/\/www.hydraulic-cylinders.net\/lv\/wp-json\/wp\/v2\/product_tag?post=15923"}],"curies":[{"name":"wp","href":"https:\/\/api.w.org\/{rel}","templated":true}]}}