{"id":15928,"date":"2025-01-19T15:10:41","date_gmt":"2025-01-19T15:10:41","guid":{"rendered":"https:\/\/www.hydraulic-cylinders.net\/product\/bucket-cylinder-for-bonny-ce400-5-400-7\/"},"modified":"2025-01-19T15:10:43","modified_gmt":"2025-01-19T15:10:43","slug":"bucket-cylinder-for-bonny-ce400-5-400-7","status":"publish","type":"product","link":"https:\/\/www.hydraulic-cylinders.net\/lv\/products\/bucket-cylinder-for-bonny-ce400-5-400-7\/","title":{"rendered":"Kausa cilindrs Bonny CE400-5\/400-7 modelim"},"content":{"rendered":"<h1>Kausa cilindrs Bonny CE400-5\/400-7 modelim<\/h1>\n<h2>Ievads<\/h2>\n<p>Kausa cilindrs Bonny CE400-5\/400-7 modelim ir \u012bpa\u0161i izstr\u0101d\u0101ts hidrauliskais cilindrs, ko galvenok\u0101rt izmanto smagaj\u0101s ma\u0161\u012bn\u0101s, piem\u0113ram, ekskavatoros, ekskavatoros ar iekr\u0101v\u0113ju un front\u0101lajos iekr\u0101v\u0113jos, lai kontrol\u0113tu kausa kust\u012bbu. T\u0101 galven\u0101 funkcija ir pacelt, nolaist un noliekt kausu, atvieglojot da\u017e\u0101du materi\u0101lu apstr\u0101des uzdevumu veik\u0161anu. Hidrauliskaj\u0101 sist\u0113m\u0101 kausa cilindrs pan\u0101k prec\u012bzu kausa kontroli, mainot hidraulisk\u0101s e\u013c\u013cas spiedienu, \u013caujot operatoriem efekt\u012bvi apstr\u0101d\u0101t smagus priek\u0161metus un piel\u0101goties sare\u017e\u0123\u012btai darba videi un daudzveid\u012bg\u0101m darba pras\u012bb\u0101m.<\/p>\n<p><img decoding=\"async\" src=\"https:\/\/www.hydraulic-cylinders.net\/wp-content\/uploads\/2025\/01\/songte-company-2.webp\" alt=\"Kausa cilindra att\u0113ls\"><\/p>\n<h2>Funkcijas<\/h2>\n<ul>\n<li>Augsta iztur\u012bba un ilgm\u016b\u017e\u012bba: Parasti izgatavots no augstas stipr\u012bbas t\u0113rauda vai alum\u012bnija, tas var iztur\u0113t augstu spiedienu un lielas slodzes, piel\u0101goties skarbai darba videi un ir izstr\u0101d\u0101ts ar nodilumiztur\u012bbu un iztur\u012bbu pret koroziju, lai pagarin\u0101tu kalpo\u0161anas laiku.<\/li>\n<li>Efekt\u012bva hidraulisk\u0101 darb\u012bba: Vienm\u0113r\u012bga teleskopisk\u0101 darb\u012bba tiek pan\u0101kta, izmantojot hidraulisk\u0101s e\u013c\u013cas spiedienu, kas var \u0101tri rea\u0123\u0113t uz vad\u012bbas komand\u0101m, nodro\u0161in\u0101t sp\u0113c\u012bgus stum\u0161anas un vilk\u0161anas sp\u0113kus un ir piem\u0113rota smagu priek\u0161metu apstr\u0101dei un sare\u017e\u0123\u012btu darbu veik\u0161anai.<\/li>\n<li>Da\u017e\u0101di veidi: vienas darb\u012bbas (hidraulisk\u0101 sist\u0113ma tiek izmantota tikai vien\u0101 virzien\u0101) vai divk\u0101r\u0161as darb\u012bbas (hidraulisk\u0101 sist\u0113ma tiek izmantota abos virzienos) cilindrus var izv\u0113l\u0113ties atbilsto\u0161i pras\u012bb\u0101m, lai apmierin\u0101tu da\u017e\u0101das ekspluat\u0101cijas vajadz\u012bbas. Da\u017ei mode\u013ci ir teleskopiski, kas \u013cauj tos pagarin\u0101t, nepalielinot \u0101r\u0113jos izm\u0113rus, un ir piem\u0113roti lietojumiem ar ierobe\u017eotu vietu.<\/li>\n<li>Viegli nomain\u0101ms: m\u016bsu produkti var lieliski aizst\u0101t \u0161os hidrauliskos cilindrus.<\/li>\n<\/ul>\n<p><img decoding=\"async\" src=\"https:\/\/www.hydraulic-cylinders.net\/wp-content\/uploads\/2025\/01\/songte-cylinder-head-with-all-kinds-excavator-models.webp\" alt=\"Kausa cilindra nomai\u0146as att\u0113ls\"><\/p>\n<h2>Pieteikumi<\/h2>\n<p>Kausa cilindram ir pla\u0161s pielietojums da\u017e\u0101d\u0101s jom\u0101s, piem\u0113ram:<\/p>\n<h3>Celtniec\u012bbas apr\u012bkojums<\/h3>\n<p>Ekskavatoros tie ir nepiecie\u0161ami augsnes vai gru\u017eu rak\u0161anai, iekrau\u0161anai un p\u0101rvieto\u0161anai. Ekskavatoros kausa cilindri pal\u012bdz gan rak\u0161an\u0101, gan cel\u0161an\u0101. Front\u0101lajos iekr\u0101v\u0113jos tie pal\u012bdz efekt\u012bvi pacelt un izg\u0101zt preces.<\/p>\n<h3>Lauksaimniec\u012bbas tehnika<\/h3>\n<p>Izmanto front\u0101lajos iekr\u0101v\u0113jos augsnes, siena un citu materi\u0101lu sav\u0101k\u0161anai, pacel\u0161anai un transport\u0113\u0161anai. Ekskavatoros kausa cilindri veic izrak\u0161anu, \u013caujot kausam iek\u013c\u016bt augsn\u0113.<\/p>\n<h2>Dizaina apsv\u0113rumi un atlases krit\u0113riji<\/h2>\n<p>Run\u0101jot par konstrukcijas apsv\u0113rumiem, kausa cilindram j\u0101sp\u0113j iztur\u0113t slodzes, saglab\u0101t herm\u0113tiskumu, k\u0101 ar\u012b j\u0101b\u016bt iztur\u012bgam, dro\u0161am un remont\u0113jamam. Galvenie punkti ir \u0161\u0101di:<\/p>\n<ul>\n<li>Celtsp\u0113ja: Kausa cilindram j\u0101sp\u0113j iztur\u0113t apstr\u0101d\u0101jamo materi\u0101lu slodzi.<\/li>\n<li>Bl\u012bv\u0113jam\u012bba: Tiek izmantoti da\u017e\u0101di bl\u012bv\u0113\u0161anas komponenti, piem\u0113ram, virzu\u013ca bl\u012bv\u0113jumi un stie\u0146a bl\u012bv\u0113jumi, un tiek izv\u0113l\u0113ti bl\u012bv\u0113\u0161anas komponenti, kas izgatavoti no nodilumiztur\u012bgiem materi\u0101liem, piem\u0113ram, poliuret\u0101na un nitrila gumijas.<\/li>\n<li>Iztur\u012bba: Cilindra korpuss un v\u012bt\u0146ot\u0101s gala virsmas ir smalki apstr\u0101d\u0101tas, lai uzlabotu nodilumiztur\u012bbu, un tiek izv\u0113l\u0113ti materi\u0101li ar nodilumiztur\u012bbu un korozijas iztur\u012bbu.<\/li>\n<li>Dro\u0161\u012bba: Balons j\u0101projekt\u0113, \u0146emot v\u0113r\u0101 dro\u0161\u012bbas apsv\u0113rumus, piem\u0113ram, nov\u0113r\u0161ot e\u013c\u013cas nopl\u016bdi un nodro\u0161inot, ka tas iztur spiedienu un lielas slodzes.<\/li>\n<li>Remont\u0113jam\u012bba: Balonam j\u0101b\u016bt viegli izjaucamam un saliekamam, lai atvieglotu apkopi un remontu.<\/li>\n<\/ul>\n<p><img decoding=\"async\" src=\"https:\/\/www.hydraulic-cylinders.net\/wp-content\/uploads\/2025\/01\/songte-oil-pipes-and-spare-parts.webp\" alt=\"Kausa cilindra dizaina att\u0113ls\"><\/p>\n<h2>Bl\u012bv\u0113\u0161ana un e\u013c\u013co\u0161ana<\/h2>\n<p>Kausa cilindr\u0101 tiek izmantoti da\u017e\u0101di bl\u012bv\u0113\u0161anas komponenti, piem\u0113ram, virzu\u013ca bl\u012bvsl\u0113gi \u200b\u200bun stie\u0146a bl\u012bvsl\u0113gi, un tiek izv\u0113l\u0113ti bl\u012bv\u0113\u0161anas komponenti, kas izgatavoti no nodilumiztur\u012bgiem materi\u0101liem, piem\u0113ram, poliuret\u0101na un nitrila gumijas. Cilindra korpuss un v\u012bt\u0146ot\u0101s gala virsmas ir smalki apstr\u0101d\u0101tas, lai uzlabotu nodilumiztur\u012bbu, un e\u013c\u013co\u0161anai regul\u0101ri tiek pievienota hidraulisk\u0101 e\u013c\u013ca.<\/p>\n<h2>Apkope un remonts<\/h2>\n<p>Regul\u0101ra p\u0101rbaude, atbilsto\u0161a e\u013c\u013co\u0161ana, bl\u012bvju nomai\u0146a un kalibr\u0113\u0161anas p\u0101rbaudes ir bie\u017ei veicami apkopes darbi. Pareiza uzst\u0101d\u012b\u0161ana, e\u013c\u013co\u0161ana un regul\u0113\u0161ana ir svar\u012bga. Uzst\u0101d\u012b\u0161anas laik\u0101 cilindram j\u0101b\u016bt pareizi izl\u012bdzin\u0101tam, un t\u0101 nostiprin\u0101\u0161anai j\u0101izmanto atbilsto\u0161i uzst\u0101d\u012b\u0161anas kron\u0161teini. Ir pieejamas ieteicam\u0101s p\u0101rbaudes, remonta un nomai\u0146as proced\u016bras, k\u0101 ar\u012b rezerves da\u013cas un atjauno\u0161anas pakalpojumi, lai pagarin\u0101tu kausa cilindra kalpo\u0161anas laiku.<\/p>\n<p><img decoding=\"async\" src=\"https:\/\/www.hydraulic-cylinders.net\/wp-content\/uploads\/2025\/01\/songte-chushion-collar.webp\" alt=\"Kausa cilindra remonta att\u0113ls\"><\/p>\n<h2>Dro\u0161\u012bbas apsv\u0113rumi un vides faktori<\/h2>\n<p>Lietojot kausa cilindru, dro\u0161\u012bbas pas\u0101kumi ir b\u016btiski, lai nov\u0113rstu negad\u012bjumus. Ir svar\u012bgi iev\u0113rot ra\u017eot\u0101ja nor\u0101d\u012bjumus un pareizi uztur\u0113t cilindru. Uzglab\u0101jot vai darbinot cilindru, j\u0101\u0146em v\u0113r\u0101 ar\u012b t\u0101di vides faktori k\u0101 temperat\u016bra un mitrums.<\/p>\n<h2>Probl\u0113mu nov\u0113r\u0161ana un bie\u017ei sastopamas probl\u0113mas<\/h2>\n<p>Bie\u017ei sastopamas probl\u0113mas ar kausa cilindru ir e\u013c\u013cas nopl\u016bde, bl\u012bv\u0113jumu boj\u0101jumi un p\u0101rm\u0113r\u012bgs cilindra nodilums. \u0160o probl\u0113mu nov\u0113r\u0161anai un risin\u0101\u0161anai ir nepiecie\u0161amas zin\u0101\u0161anas par hidrauliskaj\u0101m sist\u0113m\u0101m un cilindra konstrukciju. Regul\u0101ra p\u0101rbaude un apkope var pal\u012bdz\u0113t nov\u0113rst \u0161o probl\u0113mu ra\u0161anos.<\/p>\n<p><img decoding=\"async\" src=\"https:\/\/www.hydraulic-cylinders.net\/wp-content\/uploads\/2025\/01\/songte-bushings-with-all-kinds-of-excavator-models.webp\" alt=\"Kausa cilindra bie\u017ei sastopamo probl\u0113mu att\u0113ls\"><\/p>\n<h2>Par m\u016bsu uz\u0146\u0113mumu<\/h2>\n<p>M\u0113s esam rezerves hidraulisko cilindru ra\u017eot\u0101js ar pilnu produktu kl\u0101stu un esam k\u013cuvu\u0161i par vienu no vado\u0161ajiem hidraulisko cilindru ra\u017eot\u0101jiem un vairumtirgot\u0101jiem viet\u0113j\u0101 un \u0101rvalstu tirgos. M\u0113s iev\u0113rojam izcilas kvalit\u0101tes principu, pa\u013caujamies uz r\u016bpniecisk\u0101s ra\u017eo\u0161anas vad\u012bbas strat\u0113\u0123ij\u0101m sare\u017e\u0123\u012bt\u0101s ra\u017eo\u0161anas darbn\u012bc\u0101s un nep\u0101rtraukti uzlabojam darbn\u012bcas ra\u017eo\u0161anas platformu, pielietojot tehniskos talantus, digit\u0101las augstas klases ra\u017eo\u0161anas iek\u0101rtas un profesion\u0101las test\u0113\u0161anas sist\u0113mas, t\u0101d\u0113j\u0101di pilnveidojot produktu ra\u017eo\u0161anas kvalit\u0101ti. Mums piem\u012bt sp\u0113c\u012bgas rado\u0161\u0101s sp\u0113jas, iev\u0113rojam augstas efektivit\u0101tes, augstas precizit\u0101tes un augstas kvalit\u0101tes principus, lai apmierin\u0101tu da\u017e\u0101das klientu vajadz\u012bbas.<\/p>\n<p><img decoding=\"async\" src=\"https:\/\/hzpt.com\/wp-content\/uploads\/2024\/11\/songte-company-1.webp\" alt=\"Par m\u016bsu uz\u0146\u0113muma t\u0113lu\"><\/p>\n<h3>Profesionalit\u0101te<\/h3>\n<p>M\u016bsu komand\u0101 ir augsti kvalific\u0113ti un pieredz\u0113ju\u0161i speci\u0101listi hidraulisko cilindru jom\u0101. M\u016bsu uzman\u012bba kvalit\u0101tes kontrolei un test\u0113\u0161anai nodro\u0161ina, ka m\u016bsu produkti atbilst nozares standartiem vai p\u0101rsniedz tos.<\/p>\n<h3>Starptautisk\u0101 sertifik\u0101cija<\/h3>\n<p>M\u016bsu produkti ir ieguvu\u0161i da\u017e\u0101dus starptautiskus sertifik\u0101tus, piem\u0113ram, ISO, CE un SGS, kas apliecina m\u016bsu produktu atbilst\u012bbu augst\u0101kajiem kvalit\u0101tes standartiem.<\/p>\n<h3>Piel\u0101go\u0161anas pakalpojumi<\/h3>\n<p>M\u0113s pied\u0101v\u0101jam piel\u0101gotus pakalpojumus, lai apmierin\u0101tu m\u016bsu klientu \u012bpa\u0161\u0101s vajadz\u012bbas.<\/p>\n<h3>Ra\u017eo\u0161anas iek\u0101rtas<\/h3>\n<p>M\u016bsu ra\u017eo\u0161anas process balst\u0101s uz modernu augstas klases prec\u012bzijas digit\u0101lo apr\u012bkojumu, lai nodro\u0161in\u0101tu visaugst\u0101ko produktu kvalit\u0101ti.<\/p>\n<h3>P\u0113cp\u0101rdo\u0161anas serviss<\/h3>\n<p>M\u0113s pied\u0101v\u0101jam p\u0113cp\u0101rdo\u0161anas servisu, lai nodro\u0161in\u0101tu m\u016bsu klientiem vislab\u0101ko iesp\u0113jamo atbalstu un apmierin\u0101t\u012bbu.<\/p>\n<p>Autors: Lails.<\/p>","protected":false},"excerpt":{"rendered":"<p>Bucket Cylinder For Bonny CE400-5\/400-7 Introduction The bucket cylinder for Bonny CE400-5\/400-7 is a specially designed hydraulic cylinder used mainly in heavy machinery to control the movement of the bucket, such as excavators, backhoe excavators, and front-end loaders. Its main function is to lift, lower, and tilt the bucket, making it easier to handle various [&hellip;]<\/p>","protected":false},"featured_media":14788,"comment_status":"open","ping_status":"closed","template":"","meta":{"_et_pb_use_builder":"","_et_pb_old_content":"","_et_gb_content_width":""},"product_brand":[],"product_cat":[1494],"product_tag":[1495,1496],"class_list":{"0":"post-15928","1":"product","2":"type-product","3":"status-publish","4":"has-post-thumbnail","6":"product_cat-bucket-cylinders","7":"product_tag-bucket-cylinders","8":"product_tag-hydraulic-cylinders","10":"first","11":"instock","12":"shipping-taxable","13":"product-type-simple"},"amp_enabled":true,"_links":{"self":[{"href":"https:\/\/www.hydraulic-cylinders.net\/lv\/wp-json\/wp\/v2\/product\/15928","targetHints":{"allow":["GET"]}}],"collection":[{"href":"https:\/\/www.hydraulic-cylinders.net\/lv\/wp-json\/wp\/v2\/product"}],"about":[{"href":"https:\/\/www.hydraulic-cylinders.net\/lv\/wp-json\/wp\/v2\/types\/product"}],"replies":[{"embeddable":true,"href":"https:\/\/www.hydraulic-cylinders.net\/lv\/wp-json\/wp\/v2\/comments?post=15928"}],"wp:featuredmedia":[{"embeddable":true,"href":"https:\/\/www.hydraulic-cylinders.net\/lv\/wp-json\/wp\/v2\/media\/14788"}],"wp:attachment":[{"href":"https:\/\/www.hydraulic-cylinders.net\/lv\/wp-json\/wp\/v2\/media?parent=15928"}],"wp:term":[{"taxonomy":"product_brand","embeddable":true,"href":"https:\/\/www.hydraulic-cylinders.net\/lv\/wp-json\/wp\/v2\/product_brand?post=15928"},{"taxonomy":"product_cat","embeddable":true,"href":"https:\/\/www.hydraulic-cylinders.net\/lv\/wp-json\/wp\/v2\/product_cat?post=15928"},{"taxonomy":"product_tag","embeddable":true,"href":"https:\/\/www.hydraulic-cylinders.net\/lv\/wp-json\/wp\/v2\/product_tag?post=15928"}],"curies":[{"name":"wp","href":"https:\/\/api.w.org\/{rel}","templated":true}]}}