{"id":15929,"date":"2025-01-19T15:10:45","date_gmt":"2025-01-19T15:10:45","guid":{"rendered":"https:\/\/www.hydraulic-cylinders.net\/product\/bucket-cylinder-for-bonny-wy160ahd\/"},"modified":"2025-01-19T15:10:47","modified_gmt":"2025-01-19T15:10:47","slug":"bucket-cylinder-for-bonny-wy160ahd","status":"publish","type":"product","link":"https:\/\/www.hydraulic-cylinders.net\/lv\/products\/bucket-cylinder-for-bonny-wy160ahd\/","title":{"rendered":"Kausa cilindrs Bonny WY160AHD"},"content":{"rendered":"<h1>Kausa cilindrs Bonny WY160AHD<\/h1>\n<h2>Ievads<\/h2>\n<p>Bonny WY160AHD kausa cilindrs ir specializ\u0113ts hidrauliskais cilindrs, kas paredz\u0113ts kausu kust\u012bbas vad\u012bbai smagaj\u0101s ma\u0161\u012bn\u0101s, piem\u0113ram, ekskavatoros, iekr\u0101v\u0113jos un front\u0101lajos iekr\u0101v\u0113jos. T\u0101 galven\u0101 funkcija ir nodro\u0161in\u0101t kausa pacel\u0161anu, nolai\u0161anu un noliek\u0161anu, atvieglojot da\u017e\u0101du materi\u0101lu apstr\u0101des uzdevumu veik\u0161anu. Hidrauliskaj\u0101 sist\u0113m\u0101 kausa cilindrs pan\u0101k prec\u012bzu kausa vad\u012bbu, izmantojot hidraulisk\u0101s e\u013c\u013cas spiediena izmai\u0146as, \u013caujot operatoriem efekt\u012bvi apstr\u0101d\u0101t smagas kravas un piel\u0101goties sare\u017e\u0123\u012btai darba videi un da\u017e\u0101d\u0101m darba pras\u012bb\u0101m.<\/p>\n<p><img decoding=\"async\" src=\"https:\/\/www.hydraulic-cylinders.net\/wp-content\/uploads\/2025\/01\/songte-company-2.webp\"><\/p>\n<h2>Funkcijas<\/h2>\n<ul>\n<li>Augsta iztur\u012bba un ilgm\u016b\u017e\u012bba: Parasti izgatavots no augstas stipr\u012bbas t\u0113rauda vai alum\u012bnija, kas sp\u0113j iztur\u0113t augstu spiedienu un lielas slodzes, piel\u0101gojoties skarbai darba videi. Konstrukcij\u0101 \u0146emta v\u0113r\u0101 nodilumiztur\u012bba un iztur\u012bba pret koroziju, pagarinot t\u0101 kalpo\u0161anas laiku.<\/li>\n<li>Efekt\u012bva hidraulisk\u0101 darb\u012bba: izmanto hidraulisk\u0101s e\u013c\u013cas spiedienu, lai pan\u0101ktu vienm\u0113r\u012bgas teleskopisk\u0101s darb\u012bbas, \u013caujot \u0101tri rea\u0123\u0113t uz vad\u012bbas komand\u0101m, nodro\u0161inot sp\u0113c\u012bgu stum\u0161anas un vilk\u0161anas sp\u0113ku, kas ir piem\u0113rots smagu kravu apstr\u0101dei un sare\u017e\u0123\u012btu uzdevumu veik\u0161anai.<\/li>\n<li>Da\u017e\u0101di veidi: Izv\u0113lieties starp vienas darb\u012bbas (hidraulika tiek izmantota tikai vien\u0101 virzien\u0101) vai divk\u0101r\u0161as darb\u012bbas (hidraulika tiek izmantota divos virzienos) cilindriem atbilsto\u0161i konkr\u0113taj\u0101m ekspluat\u0101cijas vajadz\u012bb\u0101m. Da\u017ei mode\u013ci ir teleskopiski, kas \u013cauj veikt liel\u0101ku pagarin\u0101jumu, nepalielinot \u0101r\u0113jos izm\u0113rus, un ir piem\u0113roti lietojumiem ar ierobe\u017eotu vietu.<\/li>\n<li>Perfekta nomai\u0146a: m\u016bsu produkti var perfekti nomain\u012bt \u0161os hidrauliskos cilindrus.<\/li>\n<\/ul>\n<p><img decoding=\"async\" src=\"https:\/\/www.hydraulic-cylinders.net\/wp-content\/uploads\/2025\/01\/songte-cylinder-head-with-all-kinds-excavator-models.webp\"><\/p>\n<h2>Pieteikumi<\/h2>\n<p>Bonny WY160AHD kausa cilindrs tiek izmantots da\u017e\u0101d\u0101s jom\u0101s, tostarp:<\/p>\n<ol>\n<li>B\u016bvniec\u012bbas tehnika: ekskavatoros t\u0101s ir \u013coti svar\u012bgas augsnes vai gru\u017eu rak\u0161anai, iekrau\u0161anai un p\u0101rvieto\u0161anai. Ekskavatoros-iekr\u0101v\u0113jos kausa cilindrs pal\u012bdz gan rak\u0161anas, gan cel\u0161anas oper\u0101cij\u0101s.<\/li>\n<li>Lauksaimniec\u012bbas tehnika: Izmanto front\u0101lajos iekr\u0101v\u0113jos augsnes, siena un citu materi\u0101lu sav\u0101k\u0161anai, cel\u0161anai un transport\u0113\u0161anai.<\/li>\n<li>Ekskavatori: Kausa cilindrs nodro\u0161ina rak\u0161anas darb\u012bbas, \u013caujot kausam iek\u013c\u016bt augsn\u0113.<\/li>\n<li>Front\u0101lie iekr\u0101v\u0113ji: Front\u0101lajos iekr\u0101v\u0113jos tie pal\u012bdz efekt\u012bvi pacelt un izkraut preces.<\/li>\n<\/ol>\n<h2>Dizaina apsv\u0113rumi un atlases krit\u0113riji<\/h2>\n<p>Run\u0101jot par kausa cilindra projekt\u0113\u0161anas apsv\u0113rumiem un izv\u0113les krit\u0113rijiem, tiek \u0146emti v\u0113r\u0101 t\u0101di galvenie faktori k\u0101 nestsp\u0113ja, bl\u012bv\u0113jums, iztur\u012bba, dro\u0161\u012bba un apkopes iesp\u0113jas.<\/p>\n<p><img decoding=\"async\" src=\"https:\/\/www.hydraulic-cylinders.net\/wp-content\/uploads\/2025\/01\/songte-oil-pipes-and-spare-parts.webp\"><\/p>\n<h2>Bl\u012bv\u0113\u0161ana un e\u013c\u013co\u0161ana<\/h2>\n<p>Kausa cilindr\u0101 tiek izmantoti da\u017e\u0101di bl\u012bv\u0113\u0161anas komponenti, piem\u0113ram, virzu\u013ca bl\u012bvsl\u0113gi \u200b\u200bun stie\u0146a bl\u012bvsl\u0113gi, kas izgatavoti no nodilumiztur\u012bgiem materi\u0101liem, piem\u0113ram, poliuret\u0101na un nitrila gumijas. Cilindra korpuss un v\u012bt\u0146otie gali tiek r\u016bp\u012bgi apstr\u0101d\u0101ti, lai uzlabotu nodilumiztur\u012bbu. Lai nodro\u0161in\u0101tu cilindra vienm\u0113r\u012bgu darb\u012bbu un ilgm\u016b\u017e\u012bbu, ir nepiecie\u0161ama regul\u0101ra e\u013c\u013co\u0161ana ar piem\u0113rotu hidraulisko e\u013c\u013cu.<\/p>\n<h2>Regul\u0101ra p\u0101rbaude un profilaktisk\u0101 apkope<\/h2>\n<p>Lai uztur\u0113tu optim\u0101lu veiktsp\u0113ju, j\u0101veic regul\u0101ras p\u0101rbaudes un profilaktisk\u0101s apkopes pas\u0101kumi. Tas ietver nopl\u016b\u017eu p\u0101rbaudi, pareizu e\u013c\u013co\u0161anu, bl\u012bvju nomai\u0146u un kalibr\u0113\u0161anas p\u0101rbaudes.<\/p>\n<h2>Pareiza produkta uzst\u0101d\u012b\u0161ana<\/h2>\n<p>Pareiza kausa cilindra uzst\u0101d\u012b\u0161ana ir \u013coti svar\u012bga t\u0101 efekt\u012bvai un dro\u0161ai darb\u012bbai. Uzst\u0101d\u012b\u0161anas proces\u0101 j\u0101nodro\u0161ina cilindra izl\u012bdzin\u0101\u0161anas nor\u0101d\u012bjumi, un cilindra nostiprin\u0101\u0161anai ieteicams izmantot atbilsto\u0161us stiprin\u0101juma kron\u0161teinus. J\u0101sniedz ieteicam\u0101s p\u0101rbaudes, remonta un nomai\u0146as proced\u016bras, k\u0101 ar\u012b padomi, k\u0101 uzlabot cilindra kalpo\u0161anas laiku.<\/p>\n<p><img decoding=\"async\" src=\"https:\/\/www.hydraulic-cylinders.net\/wp-content\/uploads\/2025\/01\/songte-chushion-collar.webp\"><\/p>\n<h2>Dro\u0161\u012bbas apsv\u0113rumi un vides faktori<\/h2>\n<p>Ir svar\u012bgi uzsv\u0113rt dro\u0161\u012bbas pas\u0101kumu noz\u012bmi, lietojot kausa cilindru, izmantojot atsl\u0113gv\u0101rdus un piev\u0113r\u0161oties vides faktoriem.<\/p>\n<h2>Probl\u0113mu nov\u0113r\u0161ana un bie\u017ei sastopamas probl\u0113mas<\/h2>\n<p>Bie\u017e\u0101k sastopamo probl\u0113mu identific\u0113\u0161ana ar kausa cilindru un probl\u0113mu nov\u0113r\u0161anas padomu un risin\u0101jumu snieg\u0161ana, lai efekt\u012bvi diagnostic\u0113tu un nov\u0113rstu probl\u0113mas, k\u0101 ar\u012b ieteiktu prevent\u012bvus pas\u0101kumus potenci\u0101lo probl\u0113mu mazin\u0101\u0161anai.<\/p>\n<p><img decoding=\"async\" src=\"https:\/\/www.hydraulic-cylinders.net\/wp-content\/uploads\/2025\/01\/songte-bushings-with-all-kinds-of-excavator-models.webp\"><\/p>\n<h2>Par m\u016bsu uz\u0146\u0113mumu<\/h2>\n<p>M\u0113s esam rezerves hidraulisko cilindru ra\u017eot\u0101js un viens no vado\u0161ajiem ra\u017eot\u0101jiem un vairumtirdzniec\u012bbas izplat\u012bt\u0101jiem viet\u0113j\u0101 un starptautiskaj\u0101 tirg\u016b. Koncentr\u0113joties uz izcilu kvalit\u0101ti, m\u0113s sav\u0101s pilnveidotaj\u0101s ra\u017eo\u0161anas darbn\u012bc\u0101s pa\u013caujamies uz industrializ\u0113t\u0101m ra\u017eo\u0161anas vad\u012bbas strat\u0113\u0123ij\u0101m. Izmantojot tehniskos talantus, modern\u0101k\u0101s ra\u017eo\u0161anas iek\u0101rtas un profesion\u0101las test\u0113\u0161anas sist\u0113mas, m\u0113s nep\u0101rtraukti uzlabojam savu ra\u017eo\u0161anas platformu un uzlabojam ra\u017eo\u0161anas l\u012bniju produktu kvalit\u0101tes uzlabo\u0161anai. Mums piem\u012bt sp\u0113c\u012bgas inovat\u012bvas sp\u0113jas, un m\u016bsu m\u0113r\u0137is ir apmierin\u0101t da\u017e\u0101das klientu vajadz\u012bbas ar augstu efektivit\u0101ti, precizit\u0101ti un kvalit\u0101ti.<\/p>\n<p><img decoding=\"async\" src=\"https:\/\/hzpt.com\/wp-content\/uploads\/2024\/11\/songte-company-1.webp\"><\/p>\n<p>Turkl\u0101t m\u0113s papla\u0161in\u0101m m\u016bsu uz\u0146\u0113muma darb\u012bbas jomu, s\u0101kot ar profesionalit\u0101ti, starptautiskiem sertifik\u0101tiem, pas\u016bt\u012bjuma pakalpojumiem, ra\u017eo\u0161anas iek\u0101rt\u0101m un p\u0113cp\u0101rdo\u0161anas pakalpojumiem.<\/p>\n<p><img decoding=\"async\" src=\"https:\/\/www.hydraulic-cylinders.net\/wp-content\/uploads\/2025\/01\/songte-company-3.webp\"><\/p>\n<p>Autors: lil<\/p>","protected":false},"excerpt":{"rendered":"<p>Bucket Cylinder For Bonny WY160AHD Introduction The bucket cylinder for Bonny WY160AHD is a specialized hydraulic cylinder designed for controlling the movement of buckets in heavy machinery such as excavators, backhoe loaders, and front-end loaders. Its main function is to enable the lifting, lowering, and tilting of the bucket, making it easier for various material [&hellip;]<\/p>","protected":false},"featured_media":14787,"comment_status":"open","ping_status":"closed","template":"","meta":{"_et_pb_use_builder":"","_et_pb_old_content":"","_et_gb_content_width":""},"product_brand":[],"product_cat":[1494],"product_tag":[1495,1496],"class_list":{"0":"post-15929","1":"product","2":"type-product","3":"status-publish","4":"has-post-thumbnail","6":"product_cat-bucket-cylinders","7":"product_tag-bucket-cylinders","8":"product_tag-hydraulic-cylinders","10":"first","11":"instock","12":"shipping-taxable","13":"product-type-simple"},"amp_enabled":true,"_links":{"self":[{"href":"https:\/\/www.hydraulic-cylinders.net\/lv\/wp-json\/wp\/v2\/product\/15929","targetHints":{"allow":["GET"]}}],"collection":[{"href":"https:\/\/www.hydraulic-cylinders.net\/lv\/wp-json\/wp\/v2\/product"}],"about":[{"href":"https:\/\/www.hydraulic-cylinders.net\/lv\/wp-json\/wp\/v2\/types\/product"}],"replies":[{"embeddable":true,"href":"https:\/\/www.hydraulic-cylinders.net\/lv\/wp-json\/wp\/v2\/comments?post=15929"}],"wp:featuredmedia":[{"embeddable":true,"href":"https:\/\/www.hydraulic-cylinders.net\/lv\/wp-json\/wp\/v2\/media\/14787"}],"wp:attachment":[{"href":"https:\/\/www.hydraulic-cylinders.net\/lv\/wp-json\/wp\/v2\/media?parent=15929"}],"wp:term":[{"taxonomy":"product_brand","embeddable":true,"href":"https:\/\/www.hydraulic-cylinders.net\/lv\/wp-json\/wp\/v2\/product_brand?post=15929"},{"taxonomy":"product_cat","embeddable":true,"href":"https:\/\/www.hydraulic-cylinders.net\/lv\/wp-json\/wp\/v2\/product_cat?post=15929"},{"taxonomy":"product_tag","embeddable":true,"href":"https:\/\/www.hydraulic-cylinders.net\/lv\/wp-json\/wp\/v2\/product_tag?post=15929"}],"curies":[{"name":"wp","href":"https:\/\/api.w.org\/{rel}","templated":true}]}}