{"id":15931,"date":"2025-01-19T15:10:53","date_gmt":"2025-01-19T15:10:53","guid":{"rendered":"https:\/\/www.hydraulic-cylinders.net\/product\/bucket-cylinder-for-bonny-ce2200-7\/"},"modified":"2025-01-19T15:10:57","modified_gmt":"2025-01-19T15:10:57","slug":"bucket-cylinder-for-bonny-ce2200-7","status":"publish","type":"product","link":"https:\/\/www.hydraulic-cylinders.net\/lv\/products\/bucket-cylinder-for-bonny-ce2200-7\/","title":{"rendered":"Kausa cilindrs Bonny CE2200-7"},"content":{"rendered":"<h1>Kausa cilindrs Bonny CE2200-7<\/h1>\n<h2>Ievads<\/h2>\n<p>Kausa cilindrs Bonny CE2200-7 modelim ir specializ\u0113ts hidrauliskais cilindrs, ko izmanto kausa kust\u012bbas vad\u012bbai smagaj\u0101s ma\u0161\u012bn\u0101s, piem\u0113ram, ekskavatoros, univers\u0101lajos ekskavatoros un front\u0101lajos iekr\u0101v\u0113jos. T\u0101 galven\u0101 funkcija ir nodro\u0161in\u0101t kausa pacel\u0161anu, nolai\u0161anu un noliek\u0161anu, lai atvieglotu materi\u0101lu apstr\u0101di. Hidrauliskaj\u0101 sist\u0113m\u0101 kausa cilindrs kontrol\u0113 prec\u012bzas kausa kust\u012bbas, mainot hidraulisk\u0101s e\u013c\u013cas spiedienu, \u013caujot operatoriem efekt\u012bvi apstr\u0101d\u0101t smagas kravas, piel\u0101goties sare\u017e\u0123\u012btai darba videi un da\u017e\u0101d\u0101m darba pras\u012bb\u0101m.<\/p>\n<p><img decoding=\"async\" src=\"https:\/\/www.hydraulic-cylinders.net\/wp-content\/uploads\/2025\/01\/songte-company-2.webp\" alt=\"Kausa cilindrs Bonny CE2200-7\"><\/p>\n<h2>Funkcijas<\/h2>\n<ul>\n<li>\n<h3>Augsta iztur\u012bba un ilgm\u016b\u017e\u012bba<\/h3>\n<p>Kausa cilindrs parasti ir izgatavots no augstas stipr\u012bbas t\u0113rauda vai alum\u012bnija, kas sp\u0113j iztur\u0113t augstu spiedienu un lielas slodzes, piel\u0101gojoties skarbai darba videi. Konstrukcij\u0101 \u0146emta v\u0113r\u0101 nodilumiztur\u012bba un iztur\u012bba pret koroziju, pagarinot t\u0101 kalpo\u0161anas laiku.<\/p>\n<\/li>\n<li>\n<h3>Efekt\u012bva hidraulisk\u0101 darb\u012bba<\/h3>\n<p>Kausa cilindrs izmanto hidraulisk\u0101s e\u013c\u013cas spiedienu, lai pan\u0101ktu vienm\u0113r\u012bgu izstiep\u0161anu un ievilk\u0161anu, \u0101tri rea\u0123\u0113jot uz vad\u012bbas komand\u0101m, nodro\u0161inot sp\u0113c\u012bgu stum\u0161anas un vilk\u0161anas sp\u0113ku, kas ir piem\u0113rots smagu kravu apstr\u0101dei un sare\u017e\u0123\u012bt\u0101m darb\u012bb\u0101m.<\/p>\n<\/li>\n<li>\n<h3>Pieejami da\u017e\u0101di veidi<\/h3>\n<p>Kausa cilindrs ir pieejams ar vienas darb\u012bbas (hidrauliski tiek izmantots vien\u0101 virzien\u0101) vai divk\u0101r\u0161as darb\u012bbas (hidrauliski tiek izmantots abos virzienos) variantu atkar\u012bb\u0101 no ekspluat\u0101cijas vajadz\u012bb\u0101m. Da\u017ei mode\u013ci ir teleskopiski, kas \u013cauj pan\u0101kt liel\u0101ku pagarin\u0101jumu, nepalielinot \u0101r\u0113jos izm\u0113rus, un ir piem\u0113roti lietojumiem ar ierobe\u017eotu vietu.<\/p>\n<\/li>\n<li>\n<h3>Ide\u0101la nomai\u0146as iesp\u0113ja<\/h3>\n<p>M\u016bsu produkts var lieliski aizst\u0101t \u0161os hidrauliskos cilindrus, m\u0113s varam ra\u017eot \u0161o produktu.<\/p>\n<\/li>\n<li>\n<h3>Lietojumprogrammu scen\u0101riji<\/h3>\n<ul>\n<li>\n<h4>Celtniec\u012bbas apr\u012bkojums<\/h4>\n<p>Ekskavatoros tie ir kritiski svar\u012bgi augsnes vai gru\u017eu rak\u0161anai, iekrau\u0161anai un p\u0101rvieto\u0161anai. Ekskavatoros ar iekr\u0101v\u0113ju kausa cilindrs pal\u012bdz gan rak\u0161an\u0101, gan cel\u0161an\u0101. Front\u0101lajos iekr\u0101v\u0113jos tie pal\u012bdz efekt\u012bvi pacelt un izg\u0101zt preces.<\/p>\n<p>        <img decoding=\"async\" src=\"https:\/\/hzpt.com\/wp-content\/uploads\/2024\/11\/songte-company-1.webp\" alt=\"Kausa cilindrs Bonny CE2200-7\">\n      <\/li>\n<li>\n<h4>Lauksaimniec\u012bbas tehnika<\/h4>\n<p>Izmanto front\u0101lajiem iekr\u0101v\u0113jiem, augsnes, siena un citu materi\u0101lu rak\u0161anai, cel\u0161anai un transport\u0113\u0161anai. Ekskavatoros kausa cilindrs nodro\u0161ina rak\u0161anu, \u013caujot kausam iek\u013c\u016bt augsn\u0113.<\/p>\n<p>        <img decoding=\"async\" src=\"https:\/\/www.hydraulic-cylinders.net\/wp-content\/uploads\/2025\/01\/songte-chushion-collar.webp\" alt=\"Kausa cilindrs Bonny CE2200-7\">\n      <\/li>\n<\/ul>\n<\/li>\n<\/ul>\n<h2>Dizaina apsv\u0113rumi un atlases krit\u0113riji<\/h2>\n<ul>\n<li>\n<h3>Nestsp\u0113ja<\/h3>\n<p>Kausa cilindra nestsp\u0113ja ir kritisks faktors, lai nodro\u0161in\u0101tu, ka tas sp\u0113j iztur\u0113t smagas slodzes. Projekt\u0113jot j\u0101\u0146em v\u0113r\u0101 kausa p\u0101rvieto\u0161anai nepiecie\u0161amais hidrauliskais spiediens un apstr\u0101d\u0101jam\u0101 materi\u0101la svars.<\/p>\n<\/li>\n<li>\n<h3>Bl\u012bv\u0113\u0161ana<\/h3>\n<p>Kausa cilindra bl\u012bv\u0113\u0161anas meh\u0101nisms ir b\u016btisks, lai nodro\u0161in\u0101tu, ka tas var iztur\u0113t hidraulisko spiedienu bez nopl\u016bdes. Projekt\u0113jot j\u0101\u0146em v\u0113r\u0101 piem\u0113rotu materi\u0101lu, piem\u0113ram, virzu\u013ca bl\u012bv\u0113jumu un stie\u0146a bl\u012bv\u0113jumu, izmanto\u0161ana bl\u012bv\u0113\u0161anas komponentiem.<\/p>\n<\/li>\n<li>\n<h3>Iztur\u012bba<\/h3>\n<p>Kausa cilindram j\u0101sp\u0113j iztur\u0113t skarbus darba apst\u0101k\u013cus un nodilumu un koroziju. Projekt\u0113jot j\u0101\u0146em v\u0113r\u0101 piem\u0113rotu materi\u0101lu izmanto\u0161ana deta\u013c\u0101m, kas pak\u013cautas nodilumam un korozijai, piem\u0113ram, cilindra korpusam un stienim.<\/p>\n<\/li>\n<li>\n<h3>Dro\u0161\u012bba<\/h3>\n<p>Kausa cilindra konstrukcij\u0101 j\u0101\u0146em v\u0113r\u0101 dro\u0161\u012bbas faktori, piem\u0113ram, j\u0101nodro\u0161ina, ka tas nedarbojas pareizi, neradot traumas vai boj\u0101jumus apr\u012bkojumam vai videi.<\/p>\n<\/li>\n<li>\n<h3>Apkope<\/h3>\n<p>Kausa cilindram nepiecie\u0161ama periodiska apkope, lai nodro\u0161in\u0101tu t\u0101 pareizu darb\u012bbu. Projekt\u0113jot j\u0101\u0146em v\u0113r\u0101 viegla piek\u013cuve deta\u013c\u0101m, kur\u0101m nepiecie\u0161ama apkope, piem\u0113ram, virzu\u013ca bl\u012bv\u0113m, stie\u0146a bl\u012bv\u0113m un hidrauliskaj\u0101m \u0161\u013c\u016bten\u0113m.<\/p>\n<p>    <img decoding=\"async\" src=\"https:\/\/www.hydraulic-cylinders.net\/wp-content\/uploads\/2025\/01\/songte-oil-pipes-and-spare-parts.webp\" alt=\"Kausa cilindrs Bonny CE2200-7\">\n  <\/li>\n<\/ul>\n<h2>Bl\u012bv\u0113\u0161ana un e\u013c\u013co\u0161ana<\/h2>\n<p>Kausa cilindr\u0101 tiek izmantoti da\u017e\u0101di bl\u012bv\u0113\u0161anas komponenti, piem\u0113ram, virzu\u013ca bl\u012bvsl\u0113gi \u200b\u200bun stie\u0146a bl\u012bvsl\u0113gi, kas izgatavoti no nodilumiztur\u012bgiem materi\u0101liem, piem\u0113ram, poliuret\u0101na un nitrila gumijas. Cilindra korpuss un v\u012bt\u0146ot\u0101 gala virsma tiek r\u016bp\u012bgi apstr\u0101d\u0101ta, lai uzlabotu nodilumiztur\u012bbu. Regul\u0101ra e\u013c\u013co\u0161ana ar hidraulisko e\u013c\u013cu ir nepiecie\u0161ama, lai nodro\u0161in\u0101tu vienm\u0113r\u012bgu darb\u012bbu, samazin\u0101tu nodilumu un pagarin\u0101tu kalpo\u0161anas laiku.<\/p>\n<h2>P\u0101rbaude un profilaktisk\u0101 apkope<\/h2>\n<ul>\n<li>\n<h3>Regul\u0101ra p\u0101rbaude<\/h3>\n<p>P\u0101rbaudiet cilindra korpusu, virzuli un stieni, vai nav nodiluma, boj\u0101jumu vai nepareizas izl\u012bdzin\u0101\u0161anas. P\u0101rbaudiet hidraulisk\u0101s \u0161\u013c\u016btenes un savienojumus, vai nav nopl\u016b\u017eu, plaisu un va\u013c\u012bgu savienojumu.<\/p>\n<\/li>\n<li>\n<h3>Pareiza e\u013c\u013co\u0161ana<\/h3>\n<p>Izmantojiet atbilsto\u0161u hidraulisko e\u013c\u013cu un p\u0101rliecinieties, vai t\u0101s l\u012bmenis ir ieteicamaj\u0101 l\u012bmen\u012b. P\u0101rbaudiet e\u013c\u013cas filtru un nomainiet to, ja nepiecie\u0161ams.<\/p>\n<\/li>\n<li>\n<h3>Bl\u012bv\u0113juma nomai\u0146a<\/h3>\n<p>Nekav\u0113joties nomainiet nolietotus vai boj\u0101tus virzu\u013ca vai stie\u0146a bl\u012bv\u0113jumus, lai nov\u0113rstu nopl\u016bdes un nodro\u0161in\u0101tu pareizu bl\u012bv\u0113jumu.<\/p>\n<\/li>\n<li>\n<h3>Kalibr\u0113\u0161anas p\u0101rbaude<\/h3>\n<p>P\u0101rliecinieties, vai cilindra kalibr\u0113\u0161ana ir prec\u012bza, lai nov\u0113rstu p\u0101rslodzi vai nepietiekamu slodzi. P\u0101rbaudiet spiediena m\u0113r\u012bt\u0101ju un, ja nepiecie\u0161ams, piel\u0101gojiet kalibr\u0113\u0161anu.<\/p>\n<p>    <img decoding=\"async\" src=\"https:\/\/www.hydraulic-cylinders.net\/wp-content\/uploads\/2025\/01\/songte-bushings-with-all-kinds-of-excavator-models.webp\" alt=\"Kausa cilindrs Bonny CE2200-7\">\n  <\/li>\n<\/ul>\n<h2>Dro\u0161\u012bbas apsv\u0113rumi un vides faktori<\/h2>\n<p>Dro\u0161\u012bba ir \u013coti svar\u012bga, lietojot kausa cilindru. Vienm\u0113r iev\u0113rojiet dro\u0161\u012bbas nor\u0101d\u012bjumus, valk\u0101jiet atbilsto\u0161u aizsargapr\u012bkojumu un p\u0101rliecinieties, ka apr\u012bkojums ir lab\u0101 darba k\u0101rt\u012bb\u0101. Kausa cilindra lieto\u0161ana var ietekm\u0113t vidi, izraisot augsnes eroziju, putek\u013cu pies\u0101r\u0146ojumu un trok\u0161\u0146a pies\u0101r\u0146ojumu. Nodro\u0161iniet dro\u0161u visu b\u012bstamo materi\u0101lu apstr\u0101di un utiliz\u0101ciju.<\/p>\n<h2>Probl\u0113mu nov\u0113r\u0161ana un bie\u017ei sastopamas probl\u0113mas<\/h2>\n<p>Bie\u017ei sastopamas probl\u0113mas ar kausa cilindru ir nopl\u016bdes, nepietiekams vai nevienm\u0113r\u012bgs spiediens un nepareizi funkcion\u0113jo\u0161i vad\u012bbas v\u0101rsti. Nov\u0113rsiet \u0161\u012bs probl\u0113mas, p\u0101rbaudot cilindra korpusu, virzu\u013ca un stie\u0146a bl\u012bves, hidraulisk\u0101s \u0161\u013c\u016btenes un savienojumus. Pareiza apkope un regul\u0101ra p\u0101rbaude var nov\u0113rst daudzas no \u0161\u012bm probl\u0113m\u0101m.<\/p>\n<h2>Uz\u0146\u0113muma ievads<\/h2>\n<p>M\u0113s esam vado\u0161ais hidraulisko cilindru ra\u017eot\u0101js un vairumtirgot\u0101js viet\u0113j\u0101 un starptautiskaj\u0101 tirg\u016b. M\u016bsu produkti ir daudzpus\u012bgi, un m\u0113s iev\u0113rojam izcilu kvalit\u0101ti ar efekt\u012bv\u0101m un prec\u012bz\u0101m ra\u017eo\u0161anas vad\u012bbas strat\u0113\u0123ij\u0101m. M\u016bsu pieredze tehnolo\u0123ij\u0101s, iek\u0101rt\u0101s un profesion\u0101laj\u0101s p\u0101rbaudes sist\u0113m\u0101s apvienojum\u0101 ar sp\u0113j\u012bgu darbasp\u0113ku nodro\u0161ina, ka m\u0113s apmierin\u0101m da\u017e\u0101das klientu vajadz\u012bbas. M\u0113s pied\u0101v\u0101jam piel\u0101gotus pakalpojumus, un m\u016bsu produktiem ir starptautiski sertifik\u0101ti, padarot m\u016bs par uzticamu partneri smago ma\u0161\u012bnu ra\u017eot\u0101jiem un hidraulisko iek\u0101rtu tirgot\u0101jiem.<\/p>\n<ul>\n<li>\n<h3>Profesionalit\u0101te<\/h3>\n<p>Mums ir profesion\u0101ls un pieredz\u0113jis darbasp\u0113ks, kas velt\u012bts kvalitat\u012bvu produktu un pakalpojumu snieg\u0161anai.<\/p>\n<\/li>\n<li>\n<h3>Starptautisk\u0101s sertifik\u0101cijas<\/h3>\n<p>M\u016bsu produktiem ir starptautiski sertifik\u0101ti, kas apliecina to atbilst\u012bbu augst\u0101kajiem kvalit\u0101tes standartiem.<\/p>\n<\/li>\n<li>\n<h3>Piel\u0101goti pakalpojumi<\/h3>\n<p>M\u0113s pied\u0101v\u0101jam piel\u0101gotus pakalpojumus, lai apmierin\u0101tu da\u017e\u0101das klientu vajadz\u012bbas.<\/p>\n<\/li>\n<li>\n<h3>Ra\u017eo\u0161anas iek\u0101rtas<\/h3>\n<p>M\u0113s izmantojam modernu ra\u017eo\u0161anas apr\u012bkojumu, lai nodro\u0161in\u0101tu efekt\u012bvus un prec\u012bzus ra\u017eo\u0161anas procesus.<\/p>\n<\/li>\n<li>\n<h3>P\u0113cp\u0101rdo\u0161anas serviss<\/h3>\n<p>M\u0113s pied\u0101v\u0101jam visaptvero\u0161us p\u0113cp\u0101rdo\u0161anas pakalpojumus, tostarp deta\u013cu remontu un nomai\u0146u, lai nodro\u0161in\u0101tu m\u016bsu produktu ilgm\u016b\u017e\u012bbu.<\/p>\n<p>    <img decoding=\"async\" src=\"https:\/\/www.hydraulic-cylinders.net\/wp-content\/uploads\/2025\/01\/songte-company-3.webp\" alt=\"Kausa cilindrs Bonny CE2200-7\">\n  <\/li>\n<\/ul>\n<p>Autors: lil<\/p>","protected":false},"excerpt":{"rendered":"<p>Bucket Cylinder For Bonny CE2200-7 Introduction The bucket cylinder for Bonny CE2200-7 is a specialized hydraulic cylinder used for controlling the movement of the bucket in heavy machinery such as excavators, backhoe excavators, and front-end loaders. Its primary function is to enable the bucket to lift, lower, and tilt for easy material handling tasks. In [&hellip;]<\/p>","protected":false},"featured_media":14784,"comment_status":"open","ping_status":"closed","template":"","meta":{"_et_pb_use_builder":"","_et_pb_old_content":"","_et_gb_content_width":""},"product_brand":[],"product_cat":[1494],"product_tag":[1495,1496],"class_list":{"0":"post-15931","1":"product","2":"type-product","3":"status-publish","4":"has-post-thumbnail","6":"product_cat-bucket-cylinders","7":"product_tag-bucket-cylinders","8":"product_tag-hydraulic-cylinders","10":"first","11":"instock","12":"shipping-taxable","13":"product-type-simple"},"amp_enabled":true,"_links":{"self":[{"href":"https:\/\/www.hydraulic-cylinders.net\/lv\/wp-json\/wp\/v2\/product\/15931","targetHints":{"allow":["GET"]}}],"collection":[{"href":"https:\/\/www.hydraulic-cylinders.net\/lv\/wp-json\/wp\/v2\/product"}],"about":[{"href":"https:\/\/www.hydraulic-cylinders.net\/lv\/wp-json\/wp\/v2\/types\/product"}],"replies":[{"embeddable":true,"href":"https:\/\/www.hydraulic-cylinders.net\/lv\/wp-json\/wp\/v2\/comments?post=15931"}],"wp:featuredmedia":[{"embeddable":true,"href":"https:\/\/www.hydraulic-cylinders.net\/lv\/wp-json\/wp\/v2\/media\/14784"}],"wp:attachment":[{"href":"https:\/\/www.hydraulic-cylinders.net\/lv\/wp-json\/wp\/v2\/media?parent=15931"}],"wp:term":[{"taxonomy":"product_brand","embeddable":true,"href":"https:\/\/www.hydraulic-cylinders.net\/lv\/wp-json\/wp\/v2\/product_brand?post=15931"},{"taxonomy":"product_cat","embeddable":true,"href":"https:\/\/www.hydraulic-cylinders.net\/lv\/wp-json\/wp\/v2\/product_cat?post=15931"},{"taxonomy":"product_tag","embeddable":true,"href":"https:\/\/www.hydraulic-cylinders.net\/lv\/wp-json\/wp\/v2\/product_tag?post=15931"}],"curies":[{"name":"wp","href":"https:\/\/api.w.org\/{rel}","templated":true}]}}