{"id":15932,"date":"2025-01-19T15:10:59","date_gmt":"2025-01-19T15:10:59","guid":{"rendered":"https:\/\/www.hydraulic-cylinders.net\/product\/bucket-cylinder-for-bonny-wzyd18-6\/"},"modified":"2025-01-19T15:11:02","modified_gmt":"2025-01-19T15:11:02","slug":"bucket-cylinder-for-bonny-wzyd18-6","status":"publish","type":"product","link":"https:\/\/www.hydraulic-cylinders.net\/lv\/products\/bucket-cylinder-for-bonny-wzyd18-6\/","title":{"rendered":"Kausa cilindrs Bonny WZYD18-6"},"content":{"rendered":"<h1>Kausa cilindrs Bonny WZYD18-6<\/h1>\n<h2>Ievads<\/h2>\n<p>Bonny WZYD18-6 kausa cilindrs ir specializ\u0113ts hidrauliskais cilindrs, kas paredz\u0113ts kausa kust\u012bbas vad\u012bbai smagaj\u0101s ma\u0161\u012bn\u0101s, piem\u0113ram, ekskavatoros, univers\u0101lajos ekskavatoros un front\u0101lajos iekr\u0101v\u0113jos. T\u0101 galven\u0101 funkcija ir atvieglot kausa pacel\u0161anu, nolai\u0161anu un noliek\u0161anu, t\u0101d\u0113j\u0101di nodro\u0161inot efekt\u012bvu da\u017e\u0101du materi\u0101lu apstr\u0101di. Hidrauliskaj\u0101 sist\u0113m\u0101 kausa cilindrs pan\u0101k prec\u012bzu kausa kontroli, mainot hidraulisk\u0101s e\u013c\u013cas spiedienu, \u013caujot operatoriem efekt\u012bvi apstr\u0101d\u0101t smagas kravas un piel\u0101goties sare\u017e\u0123\u012btai darba videi un da\u017e\u0101d\u0101m ekspluat\u0101cijas pras\u012bb\u0101m.<\/p>\n<p><img decoding=\"async\" src=\"https:\/\/www.hydraulic-cylinders.net\/wp-content\/uploads\/2025\/01\/songte-company-2.webp\" alt=\"Kausa cilindrs Bonny WZYD18-6\"><\/p>\n<h2>Produkta funkcijas<\/h2>\n<ul>\n<li>\n<h3>Augsta iztur\u012bba un ilgm\u016b\u017e\u012bba<\/h3>\n<p>Parasti no augstas stipr\u012bbas t\u0113rauda vai alum\u012bnija izgatavotais kausa cilindrs var iztur\u0113t augstu spiedienu un lielas slodzes, piel\u0101gojoties skarbai darba videi. T\u0101 konstrukcija \u0146em v\u0113r\u0101 nodilumiztur\u012bbu un iztur\u012bbu pret koroziju, t\u0101d\u0113j\u0101di pagarinot t\u0101 kalpo\u0161anas laiku.<\/p>\n<\/li>\n<li>\n<h3>Efekt\u012bva hidraulisk\u0101 darb\u012bba<\/h3>\n<p>Izmantojot hidraulisk\u0101s e\u013c\u013cas spiedienu, kausa cilindrs pan\u0101k vienm\u0113r\u012bgas izstiep\u0161anas un ievilk\u0161anas kust\u012bbas, \u0101tri rea\u0123\u0113jot uz vad\u012bbas komand\u0101m, nodro\u0161inot sp\u0113c\u012bgus stum\u0161anas un vilk\u0161anas sp\u0113kus, padarot to piem\u0113rotu smagu kravu apstr\u0101dei un sare\u017e\u0123\u012btu ekspluat\u0101cijas uzdevumu veik\u0161anai.<\/p>\n<\/li>\n<li>\n<h3>Da\u017e\u0101di veidi<\/h3>\n<p>Kausa cilindru var izv\u0113l\u0113ties k\u0101 vienk\u0101r\u0161\u0101s darb\u012bbas (izmantojot hidrauliku tikai vien\u0101 virzien\u0101) vai divk\u0101r\u0161\u0101s darb\u012bbas (izmantojot hidrauliku divos virzienos) cilindrus atkar\u012bb\u0101 no ekspluat\u0101cijas pras\u012bb\u0101m. Da\u017ei mode\u013ci ir teleskopiski, kas \u013cauj pan\u0101kt liel\u0101ku pagarin\u0101jumu, nepalielinot \u0101r\u0113jos izm\u0113rus, padarot tos piem\u0113rotus lietojumiem ar ierobe\u017eotu telpu.<\/p>\n<\/li>\n<li>\n<h3>Produkta pieejam\u012bba<\/h3>\n<p>M\u016bsu produkti var lieliski aizst\u0101t \u0161os hidrauliskos cilindrus, un m\u0113s pied\u0101v\u0101jam da\u017e\u0101das iesp\u0113jas, no kur\u0101m izv\u0113l\u0113ties. <\/p>\n<\/li>\n<li>\n<h3>Lietojumprogrammu scen\u0101riji<\/h3>\n<p>Kausa cilindrs tiek pla\u0161i izmantots da\u017e\u0101d\u0101s nozar\u0113s, tostarp celtniec\u012bbas iek\u0101rt\u0101s, lauksaimniec\u012bbas ma\u0161\u012bn\u0101s, ekskavatoros un iekr\u0101v\u0113jos.<\/p>\n<\/li>\n<\/ul>\n<h2>Dizaina apsv\u0113rumi un atlases krit\u0113riji<\/h2>\n<p>Kausa cilindri ir kritiski svar\u012bgas hidraulisko sist\u0113mu sast\u0101vda\u013cas, un tie ir r\u016bp\u012bgi j\u0101projekt\u0113 un j\u0101izv\u0113las, \u0146emot v\u0113r\u0101 t\u0101dus faktorus k\u0101 nestsp\u0113ja, bl\u012bv\u0113jums, iztur\u012bba, dro\u0161\u012bba un apkopes iesp\u0113jas. Da\u017ei no galvenajiem projekt\u0113\u0161anas apsv\u0113rumiem un atlases krit\u0113rijiem ir \u0161\u0101di:<\/p>\n<ul>\n<li>\n<h3>Nestsp\u0113ja<\/h3>\n<p>Kausa cilindram j\u0101sp\u0113j iztur\u0113t maksim\u0101lo slodzi, ar kuru tas, visticam\u0101k, saskarsies ekspluat\u0101cijas laik\u0101, bez jebk\u0101da boj\u0101juma riska. T\u0101 izm\u0113rs, tips un materi\u0101li, kas izmantoti t\u0101 konstrukcij\u0101, ir r\u016bp\u012bgi j\u0101izv\u0113las, pamatojoties uz konkr\u0113to pielietojumu.<\/p>\n<\/li>\n<li>\n<h3>Bl\u012bv\u0113\u0161ana<\/h3>\n<p>Kausa cilindram j\u0101b\u016bt efekt\u012bvi nosl\u0113gtam, lai nov\u0113rstu hidraulisk\u0101 \u0161\u0137idruma nopl\u016bdi, kas var\u0113tu rad\u012bt ekspluat\u0101cijas probl\u0113mas un palielin\u0101t apkopes pras\u012bbas. Lai nodro\u0161in\u0101tu efekt\u012bvu bl\u012bv\u0113\u0161anu, var izmantot da\u017e\u0101da veida bl\u012bves, piem\u0113ram, virzu\u013ca bl\u012bves un stie\u0146a bl\u012bves, kas izgatavotas no t\u0101diem materi\u0101liem k\u0101 poliuret\u0101ns un nitrilgumija. Cilindra korpuss un v\u012bt\u0146ot\u0101s gala virsmas ir ar\u012b smalki j\u0101apstr\u0101d\u0101, lai uzlabotu nodilumiztur\u012bbu.<\/p>\n<\/li>\n<li>\n<h3>Iztur\u012bba<\/h3>\n<p>Kausa cilindram j\u0101b\u016bt iztur\u012bgam, notur\u012bgam pret nodilumu un koroziju, k\u0101 ar\u012b j\u0101sp\u0113j iztur\u0113t skarbus ekspluat\u0101cijas apst\u0101k\u013cus. Augstas kvalit\u0101tes materi\u0101li, prec\u012bzi ra\u017eo\u0161anas procesi un atbilsto\u0161a virsmas apstr\u0101de var pal\u012bdz\u0113t nodro\u0161in\u0101t ilgu kalpo\u0161anas laiku.<\/p>\n<\/li>\n<li>\n<h3>Dro\u0161\u012bba<\/h3>\n<p>Kausa cilindram j\u0101b\u016bt konstru\u0113tam t\u0101, lai tas atbilstu dro\u0161\u012bbas pras\u012bb\u0101m, piem\u0113ram, lai izvair\u012btos no deform\u0101cijas vai p\u0113k\u0161\u0146as atteices riska un nov\u0113rstu hidraulisk\u0101 \u0161\u0137idruma izpl\u016bdi zem spiediena. Lai nodro\u0161in\u0101tu dro\u0161\u012bbu, j\u0101iev\u0113ro pareizas uzst\u0101d\u012b\u0161anas, apkopes un ekspluat\u0101cijas proced\u016bras.<\/p>\n<\/li>\n<li>\n<h3>Uzturam\u012bba<\/h3>\n<p>Kausa cilindram j\u0101b\u016bt konstru\u0113tam t\u0101, lai nepiecie\u0161am\u012bbas gad\u012bjum\u0101 to b\u016btu viegli apkopt un remont\u0113t, tostarp nodro\u0161in\u0101tu \u0113rtu demont\u0101\u017eu un mont\u0101\u017eu, rezerves da\u013cu pieejam\u012bbu un piek\u013cuvi tehniskajam atbalstam.<\/p>\n<\/li>\n<\/ul>\n<p><img decoding=\"async\" src=\"https:\/\/www.hydraulic-cylinders.net\/wp-content\/uploads\/2025\/01\/songte-oil-pipes-and-spare-parts.webp\" alt=\"Kausa cilindrs Bonny WZYD18-6\"><\/p>\n<h2>Bl\u012bv\u0113\u0161ana un e\u013c\u013co\u0161ana<\/h2>\n<p>Kausa cilindram ir nepiecie\u0161ams efekt\u012bvs bl\u012bv\u0113jums un e\u013c\u013co\u0161ana, lai nodro\u0161in\u0101tu vienm\u0113r\u012bgu darb\u012bbu un nov\u0113rstu hidraulisk\u0101 \u0161\u0137idruma nopl\u016bdi. Lai nodro\u0161in\u0101tu efekt\u012bvu bl\u012bv\u0113jumu, var izmantot da\u017e\u0101da veida bl\u012bv\u0113jumus, piem\u0113ram, virzu\u013ca bl\u012bv\u0113jumus un stie\u0146a bl\u012bv\u0113jumus, kas izgatavoti no t\u0101diem materi\u0101liem k\u0101 poliuret\u0101ns un nitrilgumija. Cilindra korpuss un v\u012bt\u0146ot\u0101s gala virsmas ir ar\u012b smalki j\u0101apstr\u0101d\u0101, lai uzlabotu nodilumiztur\u012bbu. Regul\u0101ra atbilsto\u0161as \u200b\u200bhidraulisk\u0101s e\u013c\u013cas pievieno\u0161ana var nodro\u0161in\u0101t pareizu kausa cilindra e\u013c\u013co\u0161anu.<\/p>\n<h2>Apkope un remonts<\/h2>\n<p>Regul\u0101ra apkope un remonts ir b\u016btiski, lai nodro\u0161in\u0101tu kausa cilindra pareizu darb\u012bbu un pagarin\u0101tu t\u0101 kalpo\u0161anas laiku. Da\u017ei no bie\u017e\u0101k veicamajiem apkopes uzdevumiem ietver regul\u0101ras p\u0101rbaudes, atbilsto\u0161u e\u013c\u013co\u0161anu un kalibr\u0113\u0161anas p\u0101rbaudes. Pareiza uzst\u0101d\u012b\u0161ana, e\u013c\u013co\u0161ana un regul\u0113\u0161ana ir ar\u012b \u013coti svar\u012bga, lai nodro\u0161in\u0101tu kausa cilindra ilgm\u016b\u017e\u012bbu. Ieteicams ar\u012b izmantot atbilsto\u0161us uzst\u0101d\u012b\u0161anas kron\u0161teinus, lai nostiprin\u0101tu cilindru, un iev\u0113rot ieteicam\u0101s p\u0101rbaudes, remonta un nomai\u0146as proced\u016bras.<\/p>\n<p><img decoding=\"async\" src=\"https:\/\/www.hydraulic-cylinders.net\/wp-content\/uploads\/2025\/01\/songte-chushion-collar.webp\" alt=\"Kausa cilindrs Bonny WZYD18-6\"><\/p>\n<h2>Dro\u0161\u012bbas apsv\u0113rumi un vides faktori<\/h2>\n<p>Kausa cilindri j\u0101izmanto, iev\u0113rojot atbilsto\u0161us dro\u0161\u012bbas pas\u0101kumus, lai nov\u0113rstu negad\u012bjumus un nodro\u0161in\u0101tu dro\u0161u ekspluat\u0101ciju. Da\u017ei no vides faktoriem, kas j\u0101\u0146em v\u0113r\u0101, lietojot kausa cilindru, ir atbilsto\u0161a ventil\u0101cija un pareiza hidraulisk\u0101 \u0161\u0137idruma utiliz\u0101cija.<\/p>\n<h2>Probl\u0113mu nov\u0113r\u0161ana un bie\u017ei sastopamas probl\u0113mas<\/h2>\n<p>Kausu cilindriem var rasties da\u017e\u0101das darb\u012bbas probl\u0113mas, piem\u0113ram, nopl\u016bde vai spiediena zudums. Ir svar\u012bgi pareizi diagnostic\u0113t probl\u0113mu un veikt atbilsto\u0161us pas\u0101kumus, lai to nov\u0113rstu. Da\u017eas no izplat\u012bt\u0101kaj\u0101m probl\u0113m\u0101m un risin\u0101jumiem ietver pareizas e\u013c\u013co\u0161anas p\u0101rbaudi, bl\u012bv\u0113jumu p\u0101rbaudi, vai nav boj\u0101jumu, un cilindru deta\u013cu p\u0101rbaudi, vai nav nodiluma.<\/p>\n<p><img decoding=\"async\" src=\"https:\/\/www.hydraulic-cylinders.net\/wp-content\/uploads\/2025\/01\/songte-bushings-with-all-kinds-of-excavator-models.webp\" alt=\"Kausa cilindrs Bonny WZYD18-6\"><\/p>\n<h2>Par m\u016bsu uz\u0146\u0113mumu<\/h2>\n<p>M\u0113s esam vado\u0161ais hidraulisko cilindru ra\u017eot\u0101js un vairumtirdzniec\u012bbas izplat\u012bt\u0101js viet\u0113j\u0101 un starptautiskaj\u0101 tirg\u016b. M\u016bsu produkti ir izcilas kvalit\u0101tes, un m\u0113s iev\u0113rojam prec\u012bzas ra\u017eo\u0161anas prakses sav\u0101 industrializ\u0113t\u0101s ra\u017eo\u0161anas vad\u012bbas strat\u0113\u0123ij\u0101. Mums ir profesion\u0101\u013cu komanda, modernas ra\u017eo\u0161anas iek\u0101rtas un specializ\u0113tas test\u0113\u0161anas sist\u0113mas, kas \u013cauj mums nodro\u0161in\u0101t augstas kvalit\u0101tes produktus, kas atbilst m\u016bsu klientu da\u017e\u0101daj\u0101m vajadz\u012bb\u0101m. M\u0113s pied\u0101v\u0101jam piel\u0101gotus pakalpojumus, un m\u016bsu produkti ir starptautiski sertific\u0113ti. M\u016bsu uz\u0146\u0113mums nodro\u0161ina pla\u0161u ra\u017eo\u0161anas iek\u0101rtu kl\u0101stu, lielisku p\u0113cp\u0101rdo\u0161anas apkalpo\u0161anu, un mums ir sp\u0113c\u012bga sp\u0113ja rad\u012bt augstas kvalit\u0101tes produktus, kas atbilst klientu vajadz\u012bb\u0101m.<\/p>\n<ul>\n<li>\n<h3>Profesionalit\u0101te<\/h3>\n<p>M\u016bsu uz\u0146\u0113mum\u0101 str\u0101d\u0101 profesion\u0101\u013ci ar pla\u0161u pieredzi hidraulisko cilindru jom\u0101, un m\u0113s izmantojam prec\u012bzas ra\u017eo\u0161anas metodes, lai nodro\u0161in\u0101tu augstas kvalit\u0101tes produktus.<\/p>\n<\/li>\n<li>\n<h3>Starptautisk\u0101 sertifik\u0101cija<\/h3>\n<p>M\u016bsu produkti ir starptautiski sertific\u0113ti, lai nodro\u0161in\u0101tu to atbilst\u012bbu augst\u0101kajiem kvalit\u0101tes un dro\u0161\u012bbas standartiem.<\/p>\n<\/li>\n<li>\n<h3>Piel\u0101gots pakalpojums<\/h3>\n<p>M\u0113s pied\u0101v\u0101jam piel\u0101gotus pakalpojumus, lai apmierin\u0101tu m\u016bsu klientu \u012bpa\u0161\u0101s vajadz\u012bbas.<\/p>\n<\/li>\n<li>\n<h3>Ra\u017eo\u0161anas iek\u0101rtas<\/h3>\n<p>M\u016bsu uz\u0146\u0113mumam ir modernas ra\u017eo\u0161anas iek\u0101rtas, kas \u013cauj mums efekt\u012bvi ra\u017eot augstas kvalit\u0101tes produktus.<\/p>\n<\/li>\n<li>\n<h3>P\u0113cp\u0101rdo\u0161anas serviss<\/h3>\n<p>M\u0113s pied\u0101v\u0101jam lielisku p\u0113cp\u0101rdo\u0161anas servisu, lai nodro\u0161in\u0101tu, ka m\u016bsu klienti ir apmierin\u0101ti ar m\u016bsu produktiem un pakalpojumiem.<\/p>\n<\/li>\n<\/ul>\n<p><img decoding=\"async\" src=\"https:\/\/hzpt.com\/wp-content\/uploads\/2024\/11\/songte-company-1.webp\" alt=\"Kausa cilindrs Bonny WZYD18-6\"><\/p>\n<p>Autors: lil<\/p>","protected":false},"excerpt":{"rendered":"<p>Bucket Cylinder for Bonny WZYD18-6 Introduction The bucket cylinder for Bonny WZYD18-6 is a type of specialized hydraulic cylinder designed to control the movement of the bucket in heavy machinery such as excavators, backhoe excavators, and front-end loaders. Its main function is to facilitate the lifting, lowering, and tilting of the bucket, thereby enabling efficient [&hellip;]<\/p>","protected":false},"featured_media":14782,"comment_status":"open","ping_status":"closed","template":"","meta":{"_et_pb_use_builder":"","_et_pb_old_content":"","_et_gb_content_width":""},"product_brand":[],"product_cat":[1494],"product_tag":[1495,1496],"class_list":{"0":"post-15932","1":"product","2":"type-product","3":"status-publish","4":"has-post-thumbnail","6":"product_cat-bucket-cylinders","7":"product_tag-bucket-cylinders","8":"product_tag-hydraulic-cylinders","10":"first","11":"instock","12":"shipping-taxable","13":"product-type-simple"},"amp_enabled":true,"_links":{"self":[{"href":"https:\/\/www.hydraulic-cylinders.net\/lv\/wp-json\/wp\/v2\/product\/15932","targetHints":{"allow":["GET"]}}],"collection":[{"href":"https:\/\/www.hydraulic-cylinders.net\/lv\/wp-json\/wp\/v2\/product"}],"about":[{"href":"https:\/\/www.hydraulic-cylinders.net\/lv\/wp-json\/wp\/v2\/types\/product"}],"replies":[{"embeddable":true,"href":"https:\/\/www.hydraulic-cylinders.net\/lv\/wp-json\/wp\/v2\/comments?post=15932"}],"wp:featuredmedia":[{"embeddable":true,"href":"https:\/\/www.hydraulic-cylinders.net\/lv\/wp-json\/wp\/v2\/media\/14782"}],"wp:attachment":[{"href":"https:\/\/www.hydraulic-cylinders.net\/lv\/wp-json\/wp\/v2\/media?parent=15932"}],"wp:term":[{"taxonomy":"product_brand","embeddable":true,"href":"https:\/\/www.hydraulic-cylinders.net\/lv\/wp-json\/wp\/v2\/product_brand?post=15932"},{"taxonomy":"product_cat","embeddable":true,"href":"https:\/\/www.hydraulic-cylinders.net\/lv\/wp-json\/wp\/v2\/product_cat?post=15932"},{"taxonomy":"product_tag","embeddable":true,"href":"https:\/\/www.hydraulic-cylinders.net\/lv\/wp-json\/wp\/v2\/product_tag?post=15932"}],"curies":[{"name":"wp","href":"https:\/\/api.w.org\/{rel}","templated":true}]}}