{"id":15936,"date":"2025-01-19T15:11:22","date_gmt":"2025-01-19T15:11:22","guid":{"rendered":"https:\/\/www.hydraulic-cylinders.net\/product\/bucket-cylinder-for-bonny-wzy42-7\/"},"modified":"2025-01-19T15:11:24","modified_gmt":"2025-01-19T15:11:24","slug":"bucket-cylinder-for-bonny-wzy42-7","status":"publish","type":"product","link":"https:\/\/www.hydraulic-cylinders.net\/lv\/products\/bucket-cylinder-for-bonny-wzy42-7\/","title":{"rendered":"Kausa cilindrs Bonny WZY42-7"},"content":{"rendered":"<p><!DOCTYPE html><br \/>\n<html><br \/>\n<head><br \/>\n<title>Kausa cilindrs Bonny WZY42-7<\/title><br \/>\n<\/head><br \/>\n<body><\/p>\n<h1>Kausa cilindrs Bonny WZY42-7<\/h1>\n<h2>Ievads kausa cilindr\u0101<\/h2>\n<p>Kausa cilindrs ir speci\u0101li izstr\u0101d\u0101ts hidrauliskais cilindrs, ko izmanto, lai kontrol\u0113tu kausa kust\u012bbu smagaj\u0101s ma\u0161\u012bn\u0101s, piem\u0113ram, ekskavatoros, iekr\u0101v\u0113jos ar ekskavatoru un front\u0101lajos iekr\u0101v\u0113jos. T\u0101 galven\u0101 funkcija ir nodro\u0161in\u0101t kausa pacel\u0161anu, nolai\u0161anu un noliek\u0161anu, atvieglojot da\u017e\u0101dus materi\u0101lu apstr\u0101des uzdevumus. Hidrauliskaj\u0101 sist\u0113m\u0101 kausa cilindrs pan\u0101k prec\u012bzu kausa vad\u012bbu, mainot hidraulisk\u0101s e\u013c\u013cas spiedienu, \u013caujot operatoriem efekt\u012bvi apstr\u0101d\u0101t smagas kravas un piel\u0101goties sare\u017e\u0123\u012btai darba videi un da\u017e\u0101d\u0101m darba pras\u012bb\u0101m.<\/p>\n<p><img decoding=\"async\" src=\"https:\/\/www.hydraulic-cylinders.net\/wp-content\/uploads\/2025\/01\/songte-company-2.webp\" alt=\"Kausa cilindra att\u0113ls\"><\/p>\n<h2>Kausa cilindra \u012bpa\u0161\u012bbas<\/h2>\n<ul>\n<li><strong>Augsta iztur\u012bba un ilgm\u016b\u017e\u012bba:<\/strong> Parasti izgatavots no augstas stipr\u012bbas t\u0113rauda vai alum\u012bnija, tas var iztur\u0113t augstu spiedienu un lielas slodzes, piel\u0101gojoties skarbajiem darba apst\u0101k\u013ciem. Konstrukcij\u0101 \u0146emta v\u0113r\u0101 nodilumiztur\u012bba un iztur\u012bba pret koroziju, pagarinot t\u0101 kalpo\u0161anas laiku.<\/li>\n<li><strong>Efekt\u012bva hidraulisk\u0101 darb\u012bba:<\/strong> Izmantojot hidraulisk\u0101s e\u013c\u013cas spiedienu, tas pan\u0101k vienm\u0113r\u012bgu izstiep\u0161anu un ievilk\u0161anu, \u0101tri rea\u0123\u0113 uz vad\u012bbas komand\u0101m, nodro\u0161ina sp\u0113c\u012bgu stum\u0161anas un vilk\u0161anas sp\u0113ku un ir piem\u0113rots smagu kravu apstr\u0101dei un sare\u017e\u0123\u012btu darbu veik\u0161anai.<\/li>\n<li><strong>Da\u017e\u0101di veidi:<\/strong> Kausa cilindrus var izv\u0113l\u0113ties k\u0101 vienk\u0101r\u0161as darb\u012bbas (hidrauliskais sp\u0113ks tiek izmantots tikai vien\u0101 virzien\u0101) vai divk\u0101r\u0161as darb\u012bbas (hidrauliskais sp\u0113ks tiek izmantots abos virzienos) cilindrus atkar\u012bb\u0101 no ekspluat\u0101cijas pras\u012bb\u0101m. Da\u017ei mode\u013ci ir teleskopiski, kas \u013cauj tos liel\u0101kus izstiepumus pan\u0101kt, nepalielinot \u0101r\u0113jos izm\u0113rus, padarot tos piem\u0113rotus lietojumiem ar ierobe\u017eotu telpu.<\/li>\n<li><strong>Ide\u0101la nomai\u0146as iesp\u0113ja:<\/strong> M\u016bsu produkti var lieliski aizst\u0101t \u0161os hidrauliskos cilindrus.<\/li>\n<\/ul>\n<p><img decoding=\"async\" src=\"https:\/\/www.hydraulic-cylinders.net\/wp-content\/uploads\/2025\/01\/songte-cylinder-head-with-all-kinds-excavator-models.webp\" alt=\"Kausa cilindra nomai\u0146as att\u0113ls\"><\/p>\n<h2>Kausa cilindra pielietojums<\/h2>\n<ul>\n<li><strong>Celtniec\u012bbas apr\u012bkojums:<\/strong> Tie ir atrodami ekskavatoros un ir nepiecie\u0161ami rak\u0161anai, iekrau\u0161anai un augsnes vai gru\u017eu p\u0101rvieto\u0161anai. Ekskavatoros-iekr\u0101v\u0113jos kausa cilindrs pal\u012bdz gan rak\u0161an\u0101, gan cel\u0161an\u0101.<\/li>\n<li><strong>Lauksaimniec\u012bbas tehnika:<\/strong> Izmanto front\u0101lajos iekr\u0101v\u0113jos augsnes, siena un citu materi\u0101lu sav\u0101k\u0161anai, cel\u0161anai un transport\u0113\u0161anai.<\/li>\n<li><strong>Ekskavatori:<\/strong> Kausa cilindrs nodro\u0161ina rak\u0161anas darb\u012bbas, \u013caujot kausam iek\u013c\u016bt augsn\u0113.<\/li>\n<li><strong>Front\u0101lie iekr\u0101v\u0113ji:<\/strong> Front\u0101lajos iekr\u0101v\u0113jos tie pal\u012bdz efekt\u012bvi pacelt un noliekt preces.<\/li>\n<\/ul>\n<h2>Dizaina apsv\u0113rumi un atlases krit\u0113riji<\/h2>\n<ul>\n<li><strong>Nestsp\u0113ja:<\/strong> Apspriediet kausa cilindra sp\u0113ju iztur\u0113t slodzes.<\/li>\n<li><strong>Bl\u012bv\u0113jums:<\/strong> Izp\u0113tiet da\u017e\u0101du bl\u012bv\u0113jumu, piem\u0113ram, virzu\u013ca bl\u012bv\u0113jumu un stie\u0146u bl\u012bv\u0113jumu, kas izgatavoti no nodilumiztur\u012bgiem materi\u0101liem, piem\u0113ram, poliuret\u0101na un nitrila gumijas, izmanto\u0161anu.<\/li>\n<li><strong>Iztur\u012bba:<\/strong> Apspriediet projekt\u0113\u0161an\u0101 veiktos pas\u0101kumus, lai nodro\u0161in\u0101tu balona ilgm\u016b\u017e\u012bbu.<\/li>\n<li><strong>Dro\u0161\u012bba:<\/strong> \u0145emiet v\u0113r\u0101 dro\u0161\u012bbas apsv\u0113rumus, kas \u0146emti v\u0113r\u0101 projekt\u0113\u0161anas proces\u0101.<\/li>\n<li><strong>Uzturam\u012bba:<\/strong> Apspriediet kausa cilindra apkopes un remonta vienk\u0101r\u0161\u012bbu.<\/li>\n<\/ul>\n<p><img decoding=\"async\" src=\"https:\/\/www.hydraulic-cylinders.net\/wp-content\/uploads\/2025\/01\/songte-oil-pipes-and-spare-parts.webp\" alt=\"Kausa cilindra konstrukcijas un apkopes att\u0113ls\"><\/p>\n<h2>Bl\u012bv\u0113\u0161ana un e\u013c\u013co\u0161ana<\/h2>\n<p>Kausa cilindr\u0101 tiek izmantoti da\u017e\u0101di bl\u012bv\u0113jumi, piem\u0113ram, virzu\u013ca bl\u012bvsl\u0113gi \u200b\u200bun stie\u0146a bl\u012bvsl\u0113gi, kas izgatavoti no nodilumiztur\u012bgiem materi\u0101liem, piem\u0113ram, poliuret\u0101na un nitrila gumijas. Cilindra korpuss un v\u012bt\u0146ot\u0101s gala virsmas tiek r\u016bp\u012bgi apstr\u0101d\u0101tas, lai uzlabotu nodilumiztur\u012bbu. Lai nodro\u0161in\u0101tu vienm\u0113r\u012bgu darb\u012bbu, ir nepiecie\u0161ama regul\u0101ra e\u013c\u013co\u0161ana ar atbilsto\u0161u hidraulisk\u0101s e\u013c\u013cas daudzumu.<\/p>\n<h2>Regul\u0101ra p\u0101rbaude un profilaktisk\u0101 apkope<\/h2>\n<ul>\n<li>Regul\u0101ri veiciet p\u0101rbaudes, lai identific\u0113tu visas iesp\u0113jam\u0101s probl\u0113mas.<\/li>\n<li>Nodro\u0161iniet pareizu cilindra e\u013c\u013co\u0161anu.<\/li>\n<li>Nomainiet bl\u012bves, kad nepiecie\u0161ams.<\/li>\n<li>Veiciet kalibr\u0113\u0161anas p\u0101rbaudes, lai uztur\u0113tu optim\u0101lu veiktsp\u0113ju.<\/li>\n<\/ul>\n<h2>Produkta uzst\u0101d\u012b\u0161anas rokasgr\u0101mata<\/h2>\n<p>Pareiza uzst\u0101d\u012b\u0161ana ir \u013coti svar\u012bga kausa cilindra efekt\u012bvai lieto\u0161anai. Uzst\u0101d\u012b\u0161anas procesa laik\u0101 pareizi izl\u012bdziniet cilindru un apsveriet iesp\u0113ju izmantot atbilsto\u0161us stiprin\u0101juma kron\u0161teinus cilindra nostiprin\u0101\u0161anai. Sniedziet nor\u0101d\u012bjumus par ieteicamaj\u0101m p\u0101rbaudes, remonta un nomai\u0146as proced\u016br\u0101m. Sniedziet padomus kausa cilindra kalpo\u0161anas laika palielin\u0101\u0161anai. <\/p>\n<p><img decoding=\"async\" src=\"https:\/\/www.hydraulic-cylinders.net\/wp-content\/uploads\/2025\/01\/songte-chushion-collar.webp\" alt=\"Kausa cilindra uzst\u0101d\u012b\u0161anas att\u0113ls\"><\/p>\n<h2>Dro\u0161\u012bbas apsv\u0113rumi un vides faktori<\/h2>\n<p>Uzsveriet dro\u0161\u012bbas pas\u0101kumu noz\u012bmi, lietojot kausa cilindru, un apspriediet visus attiec\u012bgos vides faktorus.<\/p>\n<h2>Probl\u0113mu nov\u0113r\u0161ana un bie\u017ei sastopamas probl\u0113mas<\/h2>\n<p>Apsveriet bie\u017ei sastopamus probl\u0113mu nov\u0113r\u0161anas scen\u0101rijus un sniedziet padomus un risin\u0101jumus, lai pal\u012bdz\u0113tu las\u012bt\u0101jiem diagnostic\u0113t un nov\u0113rst probl\u0113mas. Iesakiet prevent\u012bvus pas\u0101kumus, lai samazin\u0101tu potenci\u0101l\u0101s probl\u0113mas.<\/p>\n<p><img decoding=\"async\" src=\"https:\/\/www.hydraulic-cylinders.net\/wp-content\/uploads\/2025\/01\/songte-bushings-with-all-kinds-of-excavator-models.webp\" alt=\"Kausa cilindra probl\u0113mu nov\u0113r\u0161anas att\u0113ls\"><\/p>\n<p>Atcerieties lo\u0123iski sak\u0101rtot rakstu, izmantot apak\u0161virsrakstus \u0113rtai navig\u0101cijai, iek\u013caut atbilsto\u0161us att\u0113lus vai diagrammas, lai uzlabotu izpratni, un nodro\u0161in\u0101t, lai saturs b\u016btu skaidrs, kodol\u012bgs un piem\u0113rots las\u012bt\u0101jiem ar da\u017e\u0101diem tehnisko zin\u0101\u0161anu l\u012bme\u0146iem.<\/p>\n<h2>Par m\u016bsu uz\u0146\u0113mumu<\/h2>\n<p>M\u0113s esam rezerves hidraulisko cilindru ra\u017eot\u0101js. Ar pla\u0161u produktu kl\u0101stu esam k\u013cuvu\u0161i par vienu no vado\u0161ajiem hidraulisko cilindru ra\u017eot\u0101jiem un vairumtirdzniec\u012bbas izplat\u012bt\u0101jiem viet\u0113j\u0101 un starptautiskaj\u0101 tirg\u016b. M\u0113s iev\u0113rojam industrializ\u0113tas ra\u017eo\u0161anas vad\u012bbas strat\u0113\u0123iju, pa\u013caujoties uz izcilu kvalit\u0101ti, lab\u0101m ra\u017eo\u0161anas darbn\u012bc\u0101m un tehnolo\u0123isko talantu, modernu digit\u0101lo ra\u017eo\u0161anas iek\u0101rtu un profesion\u0101lu test\u0113\u0161anas sist\u0113mu izmanto\u0161anu. M\u016bsu uz\u0146\u0113mums nep\u0101rtraukti uzlabo ra\u017eo\u0161anas platformu, pilnveido produktu kvalit\u0101tes ra\u017eo\u0161anas procesu un tam ir sp\u0113c\u012bgas inovat\u012bvas sp\u0113jas. M\u016bsu m\u0113r\u0137is ir apmierin\u0101t klientu da\u017e\u0101d\u0101s vajadz\u012bbas ar augstu efektivit\u0101ti, augstu precizit\u0101ti un augstas kvalit\u0101tes principiem.<\/p>\n<p><img decoding=\"async\" src=\"https:\/\/www.hydraulic-cylinders.net\/wp-content\/uploads\/2025\/01\/songte-company-3.webp\" alt=\"Uz\u0146\u0113muma t\u0113ls\"><\/p>\n<h3>M\u016bsu uz\u0146\u0113muma svar\u012bg\u0101kie aspekti:<\/h3>\n<ul>\n<li>Profesionalit\u0101te<\/li>\n<li>Starptautisk\u0101s sertifik\u0101cijas<\/li>\n<li>Piel\u0101go\u0161anas pakalpojumi<\/li>\n<li>Ra\u017eo\u0161anas iek\u0101rtas<\/li>\n<li>P\u0113cp\u0101rdo\u0161anas pakalpojumi<\/li>\n<\/ul>\n<p>Autors: lil<\/p>\n<p><\/body><br \/>\n<\/html><\/p>","protected":false},"excerpt":{"rendered":"<p>Bucket Cylinder For Bonny WZY42-7 Bucket Cylinder For Bonny WZY42-7 Introduction to Bucket Cylinder A bucket cylinder is a specially designed hydraulic cylinder used to control the movement of the bucket in heavy machinery such as excavators, backhoe loaders, and front-end loaders. Its main function is to enable the bucket to lift, lower, and tilt, [&hellip;]<\/p>","protected":false},"featured_media":14773,"comment_status":"open","ping_status":"closed","template":"","meta":{"_et_pb_use_builder":"","_et_pb_old_content":"","_et_gb_content_width":""},"product_brand":[],"product_cat":[1494],"product_tag":[1495,1496],"class_list":{"0":"post-15936","1":"product","2":"type-product","3":"status-publish","4":"has-post-thumbnail","6":"product_cat-bucket-cylinders","7":"product_tag-bucket-cylinders","8":"product_tag-hydraulic-cylinders","10":"first","11":"instock","12":"shipping-taxable","13":"product-type-simple"},"amp_enabled":true,"_links":{"self":[{"href":"https:\/\/www.hydraulic-cylinders.net\/lv\/wp-json\/wp\/v2\/product\/15936","targetHints":{"allow":["GET"]}}],"collection":[{"href":"https:\/\/www.hydraulic-cylinders.net\/lv\/wp-json\/wp\/v2\/product"}],"about":[{"href":"https:\/\/www.hydraulic-cylinders.net\/lv\/wp-json\/wp\/v2\/types\/product"}],"replies":[{"embeddable":true,"href":"https:\/\/www.hydraulic-cylinders.net\/lv\/wp-json\/wp\/v2\/comments?post=15936"}],"wp:featuredmedia":[{"embeddable":true,"href":"https:\/\/www.hydraulic-cylinders.net\/lv\/wp-json\/wp\/v2\/media\/14773"}],"wp:attachment":[{"href":"https:\/\/www.hydraulic-cylinders.net\/lv\/wp-json\/wp\/v2\/media?parent=15936"}],"wp:term":[{"taxonomy":"product_brand","embeddable":true,"href":"https:\/\/www.hydraulic-cylinders.net\/lv\/wp-json\/wp\/v2\/product_brand?post=15936"},{"taxonomy":"product_cat","embeddable":true,"href":"https:\/\/www.hydraulic-cylinders.net\/lv\/wp-json\/wp\/v2\/product_cat?post=15936"},{"taxonomy":"product_tag","embeddable":true,"href":"https:\/\/www.hydraulic-cylinders.net\/lv\/wp-json\/wp\/v2\/product_tag?post=15936"}],"curies":[{"name":"wp","href":"https:\/\/api.w.org\/{rel}","templated":true}]}}