{"id":15939,"date":"2025-01-19T15:11:34","date_gmt":"2025-01-19T15:11:34","guid":{"rendered":"https:\/\/www.hydraulic-cylinders.net\/product\/bucket-cylinder-for-bonny-wzt46-7-45-7\/"},"modified":"2025-01-19T15:11:36","modified_gmt":"2025-01-19T15:11:36","slug":"bucket-cylinder-for-bonny-wzt46-7-45-7","status":"publish","type":"product","link":"https:\/\/www.hydraulic-cylinders.net\/lv\/products\/bucket-cylinder-for-bonny-wzt46-7-45-7\/","title":{"rendered":"Kausa cilindrs Bonny WZT46-7\/45-7"},"content":{"rendered":"<h1>Kausa cilindrs Bonny WZT46-7\/45-7<\/h1>\n<h2>Ievads<\/h2>\n<p>Kausa cilindrs Bonny WZT46-7\/45-7 ir hidraulisk\u0101 cilindra veids, kas \u012bpa\u0161i paredz\u0113ts kausa kust\u012bbas vad\u012bbai smagaj\u0101s ma\u0161\u012bn\u0101s, piem\u0113ram, ekskavatoros, univers\u0101lajos ekskavatoros un front\u0101lajos iekr\u0101v\u0113jos. T\u0101 galven\u0101 funkcija ir atvieglot da\u017e\u0101dus materi\u0101lu apstr\u0101des uzdevumus, \u013caujot kausam prec\u012bzi pacelt, nolaist un noliekt, izmantojot hidraulisk\u0101s e\u013c\u013cas spiediena sv\u0101rst\u012bbas hidrauliskaj\u0101 sist\u0113m\u0101. Tas \u013cauj operatoriem efekt\u012bvi apstr\u0101d\u0101t smagas kravas un piel\u0101goties da\u017e\u0101diem darba apst\u0101k\u013ciem un pras\u012bb\u0101m.<\/p>\n<p><img decoding=\"async\" src=\"https:\/\/www.hydraulic-cylinders.net\/wp-content\/uploads\/2025\/01\/songte-company-2.webp\" alt=\"Kausa cilindra att\u0113ls\"><\/p>\n<h2>Funkcijas<\/h2>\n<ul>\n<li>\n<h3>Augsta iztur\u012bba un ilgm\u016b\u017e\u012bba<\/h3>\n<p>Kausa cilindri parasti ir izgatavoti no augstas stipr\u012bbas t\u0113rauda vai alum\u012bnija, lai iztur\u0113tu augstu spiedienu un lielas slodzes, padarot tos piem\u0113rotus skarbiem darba apst\u0101k\u013ciem. To konstrukcij\u0101 ir \u0146emta v\u0113r\u0101 ar\u012b nodilumiztur\u012bba un iztur\u012bba pret koroziju, kas pagarina to kalpo\u0161anas laiku.<\/p>\n<\/li>\n<li>\n<h3>Efekt\u012bva hidraulisk\u0101 darb\u012bba<\/h3>\n<p>Kausa cilindri izmanto hidraulisk\u0101s e\u013c\u013cas spiedienu, lai pan\u0101ktu vienm\u0113r\u012bgas teleskopisk\u0101s darb\u012bbas, kas var \u0101tri rea\u0123\u0113t uz vad\u012bbas komand\u0101m, nodro\u0161in\u0101t sp\u0113c\u012bgus stum\u0161anas un vilk\u0161anas sp\u0113kus un ir piem\u0113roti smagu kravu un sare\u017e\u0123\u012btu uzdevumu apstr\u0101dei.<\/p>\n<\/li>\n<li>\n<h3>Daudzpus\u012bgi veidi<\/h3>\n<p>Kausa cilindri var b\u016bt vienas darb\u012bbas (izmantojot hidrauliku tikai vien\u0101 virzien\u0101) vai divk\u0101r\u0161as darb\u012bbas (izmantojot hidrauliku abos virzienos) cilindri atkar\u012bb\u0101 no ekspluat\u0101cijas pras\u012bb\u0101m. Da\u017ei mode\u013ci ir teleskopiski, kas \u013cauj liel\u0101ku izple\u0161anos, nepalielinot \u0101r\u0113jos izm\u0113rus, padarot tos piem\u0113rotus lietojumiem ar ierobe\u017eotu telpu.<\/p>\n<\/li>\n<li>\n<h3>Perfekta nomai\u0146a<\/h3>\n<p>M\u016bsu produkti var lieliski aizst\u0101t citus hidrauliskos cilindrus, un m\u0113s varam ra\u017eot \u0161o produktu atbilsto\u0161i j\u016bsu \u012bpa\u0161aj\u0101m pras\u012bb\u0101m.<\/p>\n<\/li>\n<\/ul>\n<p><img decoding=\"async\" src=\"https:\/\/www.hydraulic-cylinders.net\/wp-content\/uploads\/2025\/01\/songte-cylinder-head-with-all-kinds-excavator-models.webp\" alt=\"Kausa cilindra att\u0113ls\"><\/p>\n<h2>Pieteikumi<\/h2>\n<p>Kausa cilindri tiek pla\u0161i izmantoti da\u017e\u0101d\u0101s celtniec\u012bbas un lauksaimniec\u012bbas tehnik\u0101, piem\u0113ram:<\/p>\n<ul>\n<li>B\u016bvniec\u012bbas apr\u012bkojums: Tie ir nepiecie\u0161ami ekskavatoriem, ekskavatoriem-iekr\u0101v\u0113jiem un iekr\u0101v\u0113jiem, jo \u200b\u200btie pal\u012bdz rakt, iekraut un p\u0101rvietot augsni vai gru\u017eus.<\/li>\n<li>Lauksaimniec\u012bbas tehnika: Tos izmanto front\u0101lajos iekr\u0101v\u0113jos, lai sav\u0101ktu, paceltu un transport\u0113tu augsni, sienu un citus materi\u0101lus.<\/li>\n<li>Ekskavatori: Kausa cilindri \u013cauj veikt rak\u0161anas darb\u012bbas, \u013caujot kausiem iek\u013c\u016bt augsn\u0113.<\/li>\n<li>Iekr\u0101v\u0113ji: Front\u0101lajos iekr\u0101v\u0113jos tie pal\u012bdz efekt\u012bvi pacelt un noliekt preces.<\/li>\n<\/ul>\n<p>Katrs pieteikums var g\u016bt labumu no \u0161\u0101d\u0101m priek\u0161roc\u012bb\u0101m:<\/p>\n<ul>\n<li>Celtniec\u012bbas tehnika: M\u016bsu kausu cilindri var pal\u012bdz\u0113t rakt un p\u0101rvad\u0101t smagus materi\u0101lus.<\/li>\n<li>Lauksaimniec\u012bbas tehnika: t\u0101 var pal\u012bdz\u0113t lauksaimniec\u012bbas darbiniekiem iekraut un p\u0101rvad\u0101t lielu daudzumu materi\u0101lu.<\/li>\n<li>Ekskavatori: M\u016bsu kausu cilindri var pal\u012bdz\u0113t ekskavatoriem rak\u0161anas un izrak\u0161anas darbos.<\/li>\n<li>Iekr\u0101v\u0113ji: Tie var bez piep\u016bles pacelt un transport\u0113t preces.<\/li>\n<\/ul>\n<h2>Dizaina apsv\u0113rumi un atlases krit\u0113riji<\/h2>\n<p>Kausa cilindru konstrukcij\u0101 tiek \u0146emti v\u0113r\u0101 da\u017e\u0101di faktori, piem\u0113ram, nestsp\u0113ja, bl\u012bv\u0113jums, iztur\u012bba, dro\u0161\u012bba un apkope. T\u0101l\u0101k ir nor\u0101d\u012bti galvenie konstrukcijas elementi:<\/p>\n<ul>\n<li>\n<h3>Nestsp\u0113ja<\/h3>\n<p>Kausa cilindriem j\u0101iztur lielas slodzes un augsts spiediens, lai izvair\u012btos no jebk\u0101diem konstrukcijas boj\u0101jumiem. \u0160aj\u0101 sakar\u0101 j\u0101\u0146em v\u0113r\u0101 cilindra sienas biezums un izmantoto materi\u0101lu kvalit\u0101te.<\/p>\n<\/li>\n<li>\n<h3>Bl\u012bv\u0113\u0161ana<\/h3>\n<p>Kausu cilindriem j\u0101b\u016bt apr\u012bkotiem ar uzticamiem bl\u012bv\u0113\u0161anas meh\u0101nismiem, lai nov\u0113rstu e\u013c\u013cas nopl\u016bdes un nodro\u0161in\u0101tu optim\u0101lu veiktsp\u0113ju. Izplat\u012bt\u0101kie bl\u012bv\u0113\u0161anas meh\u0101nismi ir virzu\u013ca bl\u012bv\u0113jumi, stie\u0146a bl\u012bv\u0113jumi un stikla t\u012br\u012bt\u0101ju bl\u012bv\u0113jumi. Bl\u012bv\u0113\u0161anai izmantotajiem materi\u0101liem j\u0101b\u016bt nodilumiztur\u012bgiem un ilgm\u016b\u017e\u012bgiem.<\/p>\n<\/li>\n<li>\n<h3>Iztur\u012bba<\/h3>\n<p>Kausa cilindriem j\u0101b\u016bt izgatavotiem no iztur\u012bgiem materi\u0101liem, lai tie iztur\u0113tu skarbu darba vidi un bie\u017eu lieto\u0161anu. Cilindra urbuma virsma un v\u012bt\u0146otais gals j\u0101apstr\u0101d\u0101, lai nodro\u0161in\u0101tu nodilumiztur\u012bbu un palielin\u0101tu to ilgm\u016b\u017e\u012bbu.<\/p>\n<\/li>\n<li>\n<h3>Dro\u0161\u012bba<\/h3>\n<p>Kausa cilindri j\u0101projekt\u0113, \u0146emot v\u0113r\u0101 dro\u0161\u012bbas apsv\u0113rumus, lai nov\u0113rstu negad\u012bjumus un \u012bpa\u0161uma boj\u0101jumus. Dro\u0161\u012bbas funkcijas var ietvert spiediena samazin\u0101\u0161anas v\u0101rstus, av\u0101rijas aptur\u0113\u0161anas sl\u0113d\u017eus un p\u0101rslodzes aizsardz\u012bbas meh\u0101nismus.<\/p>\n<\/li>\n<li>\n<h3>Apkope<\/h3>\n<p>Kausu cilindriem j\u0101b\u016bt viegli kopjamiem un remont\u0113jamiem, lai izvair\u012btos no d\u012bkst\u0101ves. Pareiza apkopes prakse ietver regul\u0101ras p\u0101rbaudes, t\u012br\u012b\u0161anu, e\u013c\u013co\u0161anu un deta\u013cu nomai\u0146u.<\/p>\n<\/li>\n<\/ul>\n<p><img decoding=\"async\" src=\"https:\/\/www.hydraulic-cylinders.net\/wp-content\/uploads\/2025\/01\/songte-oil-pipes-and-spare-parts.webp\" alt=\"Kausa cilindra att\u0113ls\"><\/p>\n<h2>Bl\u012bv\u0113\u0161ana un e\u013c\u013co\u0161ana<\/h2>\n<p>Kausu cilindros tiek izmantoti da\u017e\u0101di bl\u012bv\u0113\u0161anas meh\u0101nismi, lai nov\u0113rstu e\u013c\u013cas nopl\u016bdes un nodro\u0161in\u0101tu optim\u0101lu veiktsp\u0113ju. \u0160ie meh\u0101nismi ietver virzu\u013ca bl\u012bv\u0113jumus, stie\u0146a bl\u012bv\u0113jumus un t\u012br\u012bt\u0101ja bl\u012bv\u0113jumus, kuriem j\u0101b\u016bt izgatavotiem no nodilumiztur\u012bgiem materi\u0101liem, piem\u0113ram, poliuret\u0101na un nitrila gumijas. Cilindra urbums un v\u012bt\u0146ot\u0101 gala virsma j\u0101apstr\u0101d\u0101, lai nodro\u0161in\u0101tu nodilumiztur\u012bbu, un optim\u0101las darb\u012bbas uztur\u0113\u0161anai ir nepiecie\u0161ama regul\u0101ra e\u013c\u013co\u0161ana.<\/p>\n<h2>Apkope un remonts<\/h2>\n<p>Lai uztur\u0113tu optim\u0101lu darb\u012bbu, kausu cilindriem nepiecie\u0161amas regul\u0101ras p\u0101rbaudes, t\u012br\u012b\u0161ana, e\u013c\u013co\u0161ana un deta\u013cu nomai\u0146a. Bie\u017ei veicamie apkopes darbi ietver:<\/p>\n<ul>\n<li>Regul\u0101ra p\u0101rbaude: p\u0101rbaudiet, vai nav e\u013c\u013cas nopl\u016b\u017eu, boj\u0101tu bl\u012bv\u0113jumu un nolietotu deta\u013cu.<\/li>\n<li>E\u013c\u013co\u0161ana: Uzkl\u0101jiet piem\u0113rotu sm\u0113rvielu uz cilindra kust\u012bgaj\u0101m da\u013c\u0101m, lai samazin\u0101tu berzi un nov\u0113rstu nodilumu.<\/li>\n<li>Bl\u012bv\u0113jumu nomai\u0146a: nomainiet nolietotos bl\u012bv\u0113jumus, lai nov\u0113rstu e\u013c\u013cas nopl\u016bdes un nodro\u0161in\u0101tu optim\u0101lu darb\u012bbu.<\/li>\n<li>Kalibr\u0113\u0161anas p\u0101rbaude: p\u0101rliecinieties, vai cilindra darb\u012bba ir optim\u0101la, un, ja nepiecie\u0161ams, piel\u0101gojiet to.<\/li>\n<li>Komponentu nomai\u0146a: nomainiet boj\u0101tus vai nolietotus komponentus, lai atjaunotu optim\u0101lu darb\u012bbu.<\/li>\n<\/ul>\n<p><img decoding=\"async\" src=\"https:\/\/www.hydraulic-cylinders.net\/wp-content\/uploads\/2025\/01\/songte-chushion-collar.webp\" alt=\"Kausa cilindra att\u0113ls\"><\/p>\n<h2>Dro\u0161\u012bbas un vides apsv\u0113rumi<\/h2>\n<p>Kausa cilindri j\u0101izmanto, iev\u0113rojot atbilsto\u0161us dro\u0161\u012bbas pas\u0101kumus, lai nov\u0113rstu negad\u012bjumus un \u012bpa\u0161uma boj\u0101jumus. \u0160ie dro\u0161\u012bbas pas\u0101kumi var ietvert spiediena samazin\u0101\u0161anas v\u0101rstus, av\u0101rijas aptur\u0113\u0161anas sl\u0113d\u017eus un p\u0101rslodzes aizsardz\u012bbas meh\u0101nismus. T\u0101pat, utiliz\u0113jot hidraulisko e\u013c\u013cu un cilindru komponentus, j\u0101\u0146em v\u0113r\u0101 vides apsv\u0113rumi.<\/p>\n<h2>K\u013c\u016bmju diagnostika un probl\u0113mu nov\u0113r\u0161ana<\/h2>\n<p>Kausu cilindriem var b\u016bt da\u017e\u0101di defekti, kas var ietekm\u0113t to darb\u012bbu. Bie\u017e\u0101k sastopamie defekti ir e\u013c\u013cas nopl\u016bdes, boj\u0101ti bl\u012bv\u0113jumi un nolietotas deta\u013cas. Lai diagnostic\u0113tu defektus, regul\u0101ri p\u0101rbaudiet cilindru un mekl\u0113jiet boj\u0101jumu vai nodiluma paz\u012bmes. Lai nov\u0113rstu defektus, skatiet ra\u017eot\u0101ja rokasgr\u0101matu vai konsult\u0113jieties ar profesion\u0101lu hidraulisko meh\u0101ni\u0137i.<\/p>\n<h2>Uz\u0146\u0113muma ievads<\/h2>\n<p>M\u0113s esam vado\u0161ais hidraulisko cilindru ra\u017eot\u0101js un vairumtirdzniec\u012bbas izplat\u012bt\u0101js viet\u0113j\u0101 un starptautiskaj\u0101 tirg\u016b. M\u016bsu produkti ir augst\u0101k\u0101s kvalit\u0101tes, un m\u0113s iev\u0113rojam r\u016bpniecisk\u0101s ra\u017eo\u0161anas vad\u012bbas strat\u0113\u0123iju, kuras pamat\u0101 ir izsmalcin\u0101tas ra\u017eo\u0161anas darbn\u012bcas, tehniskie talanti, digit\u0101las augstas klases ra\u017eo\u0161anas iek\u0101rtas un profesion\u0101las test\u0113\u0161anas sist\u0113mas. M\u016bsu ra\u017eo\u0161anas platforma tiek nep\u0101rtraukti uzlabota, lai pilnveidotu m\u016bsu produktu ra\u017eo\u0161anas kvalit\u0101ti, k\u0101 rezult\u0101t\u0101 tiek ieg\u016bti augstas efektivit\u0101tes, augstas precizit\u0101tes un augstas kvalit\u0101tes produkti, kas atbilst m\u016bsu klientu da\u017e\u0101daj\u0101m vajadz\u012bb\u0101m.<\/p>\n<p>M\u016bsu uz\u0146\u0113mums pied\u0101v\u0101 piel\u0101gotus pakalpojumus, profesion\u0101las hidraulisko cilindru ra\u017eo\u0161anas iek\u0101rtas, starptautiskus sertifik\u0101tus un specializ\u0113tus p\u0113cp\u0101rdo\u0161anas pakalpojumus. M\u0113s specializ\u0113jamies visu veidu hidraulisko cilindru ra\u017eo\u0161an\u0101, kurus var piel\u0101got m\u016bsu klientu \u012bpa\u0161aj\u0101m vajadz\u012bb\u0101m.<\/p>\n<p><img decoding=\"async\" src=\"https:\/\/hzpt.com\/wp-content\/uploads\/2024\/11\/songte-company-1.webp\" alt=\"Uz\u0146\u0113muma t\u0113ls\"><\/p>\n<h2>Secin\u0101jums<\/h2>\n<p>Nosl\u0113gum\u0101 j\u0101saka, kausa cilindrs Bonny WZT46-7\/45-7 ir b\u016btisks hidrauliskais cilindrs, kas paredz\u0113ts kausa kust\u012bbas vad\u012bbai smagaj\u0101 ma\u0161\u012bn\u0101. M\u016bsu uz\u0146\u0113mums ir vado\u0161ais hidraulisko cilindru ra\u017eot\u0101js, kas pied\u0101v\u0101 augstas kvalit\u0101tes produktus un profesion\u0101lus p\u0113cp\u0101rdo\u0161anas pakalpojumus, lai apmierin\u0101tu m\u016bsu klientu vajadz\u012bbas. M\u0113s ceram, ka \u0161is raksts sniegs noder\u012bgu inform\u0101ciju par kausa cilindriem un to pielietojumu, konstrukcijas apsv\u0113rumiem un apkopes praksi.<\/p>\n<p>Autors: lil<\/p>","protected":false},"excerpt":{"rendered":"<p>Bucket Cylinder For Bonny WZT46-7\/45-7 Introduction A bucket cylinder for Bonny WZT46-7\/45-7 is a type of hydraulic cylinder designed specifically for controlling the movement of the bucket in heavy machinery such as excavators, backhoe excavators, and front-end loaders. Its main function is to facilitate various material handling tasks by enabling the bucket to lift, lower, [&hellip;]<\/p>","protected":false},"featured_media":14765,"comment_status":"open","ping_status":"closed","template":"","meta":{"_et_pb_use_builder":"","_et_pb_old_content":"","_et_gb_content_width":""},"product_brand":[],"product_cat":[1494],"product_tag":[1495,1496],"class_list":{"0":"post-15939","1":"product","2":"type-product","3":"status-publish","4":"has-post-thumbnail","6":"product_cat-bucket-cylinders","7":"product_tag-bucket-cylinders","8":"product_tag-hydraulic-cylinders","10":"first","11":"instock","12":"shipping-taxable","13":"product-type-simple"},"amp_enabled":true,"_links":{"self":[{"href":"https:\/\/www.hydraulic-cylinders.net\/lv\/wp-json\/wp\/v2\/product\/15939","targetHints":{"allow":["GET"]}}],"collection":[{"href":"https:\/\/www.hydraulic-cylinders.net\/lv\/wp-json\/wp\/v2\/product"}],"about":[{"href":"https:\/\/www.hydraulic-cylinders.net\/lv\/wp-json\/wp\/v2\/types\/product"}],"replies":[{"embeddable":true,"href":"https:\/\/www.hydraulic-cylinders.net\/lv\/wp-json\/wp\/v2\/comments?post=15939"}],"wp:featuredmedia":[{"embeddable":true,"href":"https:\/\/www.hydraulic-cylinders.net\/lv\/wp-json\/wp\/v2\/media\/14765"}],"wp:attachment":[{"href":"https:\/\/www.hydraulic-cylinders.net\/lv\/wp-json\/wp\/v2\/media?parent=15939"}],"wp:term":[{"taxonomy":"product_brand","embeddable":true,"href":"https:\/\/www.hydraulic-cylinders.net\/lv\/wp-json\/wp\/v2\/product_brand?post=15939"},{"taxonomy":"product_cat","embeddable":true,"href":"https:\/\/www.hydraulic-cylinders.net\/lv\/wp-json\/wp\/v2\/product_cat?post=15939"},{"taxonomy":"product_tag","embeddable":true,"href":"https:\/\/www.hydraulic-cylinders.net\/lv\/wp-json\/wp\/v2\/product_tag?post=15939"}],"curies":[{"name":"wp","href":"https:\/\/api.w.org\/{rel}","templated":true}]}}