{"id":15940,"date":"2025-01-19T15:11:38","date_gmt":"2025-01-19T15:11:38","guid":{"rendered":"https:\/\/www.hydraulic-cylinders.net\/product\/bucket-cylinder-for-bonny-waydq50-5\/"},"modified":"2025-01-19T15:11:41","modified_gmt":"2025-01-19T15:11:41","slug":"bucket-cylinder-for-bonny-waydq50-5","status":"publish","type":"product","link":"https:\/\/www.hydraulic-cylinders.net\/lv\/products\/bucket-cylinder-for-bonny-waydq50-5\/","title":{"rendered":"Kausa cilindrs Bonny WAYDQ50-5"},"content":{"rendered":"<h1>Kausa cilindrs Bonny WAYDQ50-5<\/h1>\n<h2>Ievads<\/h2>\n<p>Bonny WAYDQ50-5 kausa cilindrs ir \u012bpa\u0161i izstr\u0101d\u0101ts hidrauliskais cilindrs, ko galvenok\u0101rt izmanto, lai kontrol\u0113tu kausa kust\u012bbu smagaj\u0101s ma\u0161\u012bn\u0101s, piem\u0113ram, ekskavatoros, univers\u0101lajos ekskavatoros un front\u0101lajos iekr\u0101v\u0113jos. T\u0101 galven\u0101 funkcija ir nodro\u0161in\u0101t kausa pacel\u0161anu, nolai\u0161anu un noliek\u0161anu, atvieglojot da\u017e\u0101du materi\u0101lu transport\u0113\u0161anu. Hidrauliskaj\u0101 sist\u0113m\u0101 kausa cilindrs kontrol\u0113 prec\u012bzu kausa kust\u012bbu, mainot hidraulisk\u0101s e\u013c\u013cas spiedienu, \u013caujot operatoram efekt\u012bvi apstr\u0101d\u0101t smagus priek\u0161metus un piel\u0101goties sare\u017e\u0123\u012btai darba videi un da\u017e\u0101d\u0101m ekspluat\u0101cijas pras\u012bb\u0101m.<\/p>\n<p><img decoding=\"async\" src=\"https:\/\/www.hydraulic-cylinders.net\/wp-content\/uploads\/2025\/01\/songte-company-2.webp\" alt=\"Kausa cilindrs Bonny WAYDQ50-5\"><\/p>\n<h2>Funkcijas<\/h2>\n<ul>\n<li>Augsta iztur\u012bba un ilgm\u016b\u017e\u012bba: Parasti izgatavots no augstas stipr\u012bbas t\u0113rauda vai alum\u012bnija, tas var iztur\u0113t augstu spiedienu un lielas slodzes, piel\u0101gojoties skarbai darba videi. Izstr\u0101d\u0101ts, \u0146emot v\u0113r\u0101 nodilumiztur\u012bbu un korozijas iztur\u012bbu, tas pagarina kalpo\u0161anas laiku.<\/li>\n<li>Efekt\u012bva hidraulisk\u0101 darb\u012bba: Vienm\u0113r\u012bga izvilk\u0161ana un ievilk\u0161ana tiek pan\u0101kta, izmantojot hidraulisk\u0101s e\u013c\u013cas spiedienu, nodro\u0161inot sp\u0113c\u012bgu stum\u0161anas un vilk\u0161anas sp\u0113ku, kas ir piem\u0113rots smagu priek\u0161metu apstr\u0101dei un sare\u017e\u0123\u012btiem ekspluat\u0101cijas uzdevumiem.<\/li>\n<li>Da\u017e\u0101di veidi: Atbilsto\u0161i pras\u012bb\u0101m var izv\u0113l\u0113ties vienk\u0101r\u0161\u0101s darb\u012bbas (hidrauliski darbojas tikai vien\u0101 virzien\u0101) vai divk\u0101r\u0161\u0101s darb\u012bbas (hidrauliski darbojas abos virzienos) cilindrus, lai tie atbilstu da\u017e\u0101d\u0101m ekspluat\u0101cijas vajadz\u012bb\u0101m. Da\u017ei mode\u013ci ir teleskopiski, kas \u013cauj tos pagarin\u0101t, nepalielinot \u0101r\u0113jos izm\u0113rus, t\u0101p\u0113c tie ir piem\u0113roti lietojumiem ar ierobe\u017eotu vietu.<\/li>\n<li>Perfekta nomai\u0146a: m\u016bsu produkti var perfekti nomain\u012bt \u0161os hidrauliskos cilindrus.<\/li>\n<\/ul>\n<p><img decoding=\"async\" src=\"https:\/\/www.hydraulic-cylinders.net\/wp-content\/uploads\/2025\/01\/songte-cylinder-head-with-all-kinds-excavator-models.webp\" alt=\"Kausa cilindrs Bonny WAYDQ50-5\"><\/p>\n<h2>Pieteikumi<\/h2>\n<p>Bonny WAYDQ50-5 kausa cilindru var izmantot da\u017e\u0101d\u0101s nozar\u0113s un ma\u0161\u012bn\u0101s, tostarp, bet ne tikai:<\/p>\n<ul>\n<li>B\u016bvniec\u012bbas apr\u012bkojums: Tie ir nepiecie\u0161ami ekskavatoros augsnes vai gru\u017eu rak\u0161anai, iekrau\u0161anai un p\u0101rvieto\u0161anai. Ekskavatoros kausa cilindri pal\u012bdz rakt un celt. Front\u0101lajos iekr\u0101v\u0113jos tie pal\u012bdz efekt\u012bvi pacelt un izkraut kravu.<\/li>\n<li>Lauksaimniec\u012bbas tehnika: Izmanto front\u0101lajos iekr\u0101v\u0113jos augsnes, siena un citu materi\u0101lu rak\u0161anai, cel\u0161anai un transport\u0113\u0161anai. Ekskavatoros kausa cilindrs nodro\u0161ina rak\u0161anu, \u013caujot kausam iek\u013c\u016bt zem\u0113.<\/li>\n<\/ul>\n<h2>Projekt\u0113\u0161anas un atlases krit\u0113riji<\/h2>\n<p>Izv\u0113loties un projekt\u0113jot Bonny WAYDQ50-5 kausa cilindru, j\u0101\u0146em v\u0113r\u0101 vair\u0101ki faktori, tostarp:<\/p>\n<ul>\n<li>Nestsp\u0113ja: Iztur\u0113t augstu spiedienu un lielas slodzes.<\/li>\n<li>Bl\u012bv\u0113jums: Izmantojiet da\u017e\u0101dus bl\u012bv\u0113jumus, piem\u0113ram, virzu\u013ca bl\u012bv\u0113jumus, stie\u0146a bl\u012bv\u0113jumus utt. Bl\u012bv\u0113jumi ir izgatavoti no nodilumiztur\u012bgiem materi\u0101liem, piem\u0113ram, poliuret\u0101na un NBR gumijas; cilindra korpuss un v\u012btnes gala virsma ir smalki apstr\u0101d\u0101ta, lai uzlabotu nodilumiztur\u012bbu.<\/li>\n<li>Iztur\u012bba: Lai pagarin\u0101tu kalpo\u0161anas laiku, \u0146emiet v\u0113r\u0101 t\u0101dus faktorus k\u0101 nodilumiztur\u012bba un iztur\u012bba pret koroziju.<\/li>\n<li>Dro\u0161\u012bba: P\u0101rliecinieties, ka kausa cilindrs var dro\u0161i darboties da\u017e\u0101d\u0101s vid\u0113s un apst\u0101k\u013cos.<\/li>\n<li>Uzturam\u012bba: Nodro\u0161iniet, lai apkopi un remontu var\u0113tu veikt viegli un efekt\u012bvi.<\/li>\n<\/ul>\n<p><img decoding=\"async\" src=\"https:\/\/www.hydraulic-cylinders.net\/wp-content\/uploads\/2025\/01\/songte-oil-pipes-and-spare-parts.webp\" alt=\"Kausa cilindrs Bonny WAYDQ50-5\"><\/p>\n<h2>Bl\u012bv\u0113\u0161ana un e\u013c\u013co\u0161ana<\/h2>\n<p>Bonny WAYDQ50-5 kausa cilindr\u0101 tiek izmantoti da\u017e\u0101di bl\u012bv\u0113jumi, piem\u0113ram, virzu\u013ca bl\u012bv\u0113jumi, stie\u0146a bl\u012bv\u0113jumi utt. Bl\u012bv\u0113jumi ir izgatavoti no nodilumiztur\u012bgiem materi\u0101liem, piem\u0113ram, poliuret\u0101na un NBR gumijas. Cilindra korpuss un v\u012btnes gala virsma ir smalki apstr\u0101d\u0101ta, lai uzlabotu nodilumiztur\u012bbu. Lai nodro\u0161in\u0101tu vienm\u0113r\u012bgu darb\u012bbu, ir nepiecie\u0161ams regul\u0101ri pievienot atbilsto\u0161u hidraulisk\u0101s e\u013c\u013cas daudzumu.<\/p>\n<h2>P\u0101rbaude un profilaktisk\u0101 apkope<\/h2>\n<p>Lai nodro\u0161in\u0101tu kausa cilindra pareizu darb\u012bbu un ilgm\u016b\u017e\u012bbu, nepiecie\u0161amas regul\u0101ras p\u0101rbaudes un profilaktisk\u0101 apkope. Apkopes uzdevumi var ietvert:<\/p>\n<ul>\n<li>Regul\u0101ras p\u0101rbaudes<\/li>\n<li>Pareiza e\u013c\u013co\u0161ana<\/li>\n<li>Bl\u012bv\u0113juma nomai\u0146a<\/li>\n<li>Kalibr\u0113\u0161anas p\u0101rbaudes<\/li>\n<\/ul>\n<h2>Uzst\u0101d\u012b\u0161anas vadl\u012bnijas<\/h2>\n<p>Pareiza uzst\u0101d\u012b\u0161ana ir \u013coti svar\u012bga, lai nodro\u0161in\u0101tu kausa cilindra pareizu darb\u012bbu un ilgm\u016b\u017e\u012bbu. Cilindra nostiprin\u0101\u0161anai ieteicams izmantot atbilsto\u0161us uzst\u0101d\u012b\u0161anas kron\u0161teinus. J\u0101uzsver cilindra pareizas izl\u012bdzin\u0101\u0161anas noz\u012bme. Lai nodro\u0161in\u0101tu pareizu iek\u0101rtas apkopi, j\u0101iev\u0113ro ieteicam\u0101s p\u0101rbaudes, remonta un nomai\u0146as proced\u016bras. Ir pieejami ar\u012b atjauno\u0161anas pakalpojumi un rezerves da\u013cas, lai pagarin\u0101tu kalpo\u0161anas laiku.<\/p>\n<p><img decoding=\"async\" src=\"https:\/\/www.hydraulic-cylinders.net\/wp-content\/uploads\/2025\/01\/songte-chushion-collar.webp\" alt=\"Kausa cilindrs Bonny WAYDQ50-5\"><\/p>\n<h2>Dro\u0161\u012bbas apsv\u0113rumi un vides faktori<\/h2>\n<p>Izmantojot kausa cilindru Bonny WAYDQ50-5, ir svar\u012bgi iev\u0113rot visus dro\u0161\u012bbas pas\u0101kumus, lai nov\u0113rstu negad\u012bjumus. J\u0101\u0146em v\u0113r\u0101 ar\u012b vides faktori, lai nodro\u0161in\u0101tu iek\u0101rtas pareizu darb\u012bbu un ilgm\u016b\u017e\u012bbu.<\/p>\n<h2>Probl\u0113mu nov\u0113r\u0161ana un bie\u017ei sastopamas probl\u0113mas<\/h2>\n<p>Bie\u017ei sastopamas probl\u0113mas, kas var rasties ar kausa cilindru, ir nopl\u016bdes, nepietiekams sp\u0113ks un nepareiza izl\u012bdzin\u0101\u0161ana. Probl\u0113mu nov\u0113r\u0161anu var veikt, p\u0101rbaudot cilindru, vai nav redzamu boj\u0101jumu, p\u0101rbaudot bl\u012bves un nodro\u0161inot pareizu e\u013c\u013co\u0161anu. Pareizi prevent\u012bvie pas\u0101kumi var samazin\u0101t \u0161o probl\u0113mu ra\u0161an\u0101s iesp\u0113jam\u012bbu.<\/p>\n<p><img decoding=\"async\" src=\"https:\/\/www.hydraulic-cylinders.net\/wp-content\/uploads\/2025\/01\/songte-bushings-with-all-kinds-of-excavator-models.webp\" alt=\"Kausa cilindrs Bonny WAYDQ50-5\"><\/p>\n<h2>Par m\u016bsu uz\u0146\u0113mumu<\/h2>\n<p>M\u0113s esam vado\u0161ais hidraulisko cilindru ra\u017eot\u0101js un vairumtirdzniec\u012bbas izplat\u012bt\u0101js viet\u0113j\u0101 un starptautiskaj\u0101 tirg\u016b. M\u0113s iev\u0113rojam izcilas kvalit\u0101tes principu un pa\u013caujamies uz sare\u017e\u0123\u012btu ra\u017eo\u0161anas darbn\u012bcu industrializ\u0113tas ra\u017eo\u0161anas vad\u012bbas strat\u0113\u0123iju. M\u016bsu uz\u0146\u0113mums nep\u0101rtraukti uzlabo darbn\u012bcas ra\u017eo\u0161anas platformu, izmantojot tehniskos talantus, digit\u0101las augstas klases ra\u017eo\u0161anas iek\u0101rtas un profesion\u0101las test\u0113\u0161anas sist\u0113mas, lai pilnveidotu produktu kvalit\u0101tes ra\u017eo\u0161anas procesu, un mums ir sp\u0113c\u012bgas sp\u0113jas rad\u012bt efekt\u012bvus, augstas precizit\u0101tes un augstas kvalit\u0101tes produktus, lai apmierin\u0101tu klientu da\u017e\u0101d\u0101s vajadz\u012bbas.<\/p>\n<p><img decoding=\"async\" src=\"https:\/\/hzpt.com\/wp-content\/uploads\/2024\/11\/songte-company-1.webp\" alt=\"Par m\u016bsu uz\u0146\u0113mumu\"><\/p>\n<h3>Profesionalit\u0101te<\/h3>\n<p>Mums ir pieredz\u0113ju\u0161u in\u017eenieru un tehni\u0137u komanda, kas ir ap\u0146\u0113musies sniegt profesion\u0101lus pakalpojumus un risin\u0101jumus m\u016bsu klientiem.<\/p>\n<h3>Starptautisk\u0101s sertifik\u0101cijas<\/h3>\n<p>M\u016bsu produkti ir iztur\u0113ju\u0161i ISO9001, CE un citus starptautiskus sertifik\u0101tus, kas apliecina to kvalit\u0101ti un uzticam\u012bbu.<\/p>\n<h3>Piel\u0101go\u0161anas pakalpojumi<\/h3>\n<p>M\u0113s pied\u0101v\u0101jam piel\u0101go\u0161anas pakalpojumus, lai apmierin\u0101tu klientu \u012bpa\u0161\u0101s pras\u012bbas, s\u0101kot no dizaina l\u012bdz ra\u017eo\u0161anai.<\/p>\n<h3>Ra\u017eo\u0161anas iek\u0101rtas<\/h3>\n<p>Mums ir vismodern\u0101k\u0101s ra\u017eo\u0161anas iek\u0101rtas, lai nodro\u0161in\u0101tu m\u016bsu produktu kvalit\u0101ti un precizit\u0101ti.<\/p>\n<h3>P\u0113cp\u0101rdo\u0161anas serviss<\/h3>\n<p>M\u0113s pied\u0101v\u0101jam p\u0113cp\u0101rdo\u0161anas pakalpojumus, lai nodro\u0161in\u0101tu, ka m\u016bsu klienti var dro\u0161i un uztic\u012bgi lietot m\u016bsu produktus.<\/p>\n<p>Autors: lil<\/p>","protected":false},"excerpt":{"rendered":"<p>Bucket Cylinder for Bonny WAYDQ50-5 Introduction The bucket cylinder for Bonny WAYDQ50-5 is a specially designed hydraulic cylinder that is primarily used to control the motion of the bucket in heavy machinery such as excavators, backhoe excavators, and front loaders. Its main function is to enable the bucket to lift, lower, and tilt, making it [&hellip;]<\/p>","protected":false},"featured_media":14762,"comment_status":"open","ping_status":"closed","template":"","meta":{"_et_pb_use_builder":"","_et_pb_old_content":"","_et_gb_content_width":""},"product_brand":[],"product_cat":[1494],"product_tag":[1495,1496],"class_list":{"0":"post-15940","1":"product","2":"type-product","3":"status-publish","4":"has-post-thumbnail","6":"product_cat-bucket-cylinders","7":"product_tag-bucket-cylinders","8":"product_tag-hydraulic-cylinders","10":"first","11":"instock","12":"shipping-taxable","13":"product-type-simple"},"amp_enabled":true,"_links":{"self":[{"href":"https:\/\/www.hydraulic-cylinders.net\/lv\/wp-json\/wp\/v2\/product\/15940","targetHints":{"allow":["GET"]}}],"collection":[{"href":"https:\/\/www.hydraulic-cylinders.net\/lv\/wp-json\/wp\/v2\/product"}],"about":[{"href":"https:\/\/www.hydraulic-cylinders.net\/lv\/wp-json\/wp\/v2\/types\/product"}],"replies":[{"embeddable":true,"href":"https:\/\/www.hydraulic-cylinders.net\/lv\/wp-json\/wp\/v2\/comments?post=15940"}],"wp:featuredmedia":[{"embeddable":true,"href":"https:\/\/www.hydraulic-cylinders.net\/lv\/wp-json\/wp\/v2\/media\/14762"}],"wp:attachment":[{"href":"https:\/\/www.hydraulic-cylinders.net\/lv\/wp-json\/wp\/v2\/media?parent=15940"}],"wp:term":[{"taxonomy":"product_brand","embeddable":true,"href":"https:\/\/www.hydraulic-cylinders.net\/lv\/wp-json\/wp\/v2\/product_brand?post=15940"},{"taxonomy":"product_cat","embeddable":true,"href":"https:\/\/www.hydraulic-cylinders.net\/lv\/wp-json\/wp\/v2\/product_cat?post=15940"},{"taxonomy":"product_tag","embeddable":true,"href":"https:\/\/www.hydraulic-cylinders.net\/lv\/wp-json\/wp\/v2\/product_tag?post=15940"}],"curies":[{"name":"wp","href":"https:\/\/api.w.org\/{rel}","templated":true}]}}