{"id":15941,"date":"2025-01-19T15:11:42","date_gmt":"2025-01-19T15:11:42","guid":{"rendered":"https:\/\/www.hydraulic-cylinders.net\/product\/bucket-cylinder-for-bonny-ced460-8-ced480-9\/"},"modified":"2025-01-19T15:11:44","modified_gmt":"2025-01-19T15:11:44","slug":"bucket-cylinder-for-bonny-ced460-8-ced480-9","status":"publish","type":"product","link":"https:\/\/www.hydraulic-cylinders.net\/lv\/products\/bucket-cylinder-for-bonny-ced460-8-ced480-9\/","title":{"rendered":"Kausa cilindrs Bonny CED460-8\/CED480-9 modelim"},"content":{"rendered":"<h2>Kausa cilindrs Bonny CED460-8\/CED480-9 modelim<\/h2>\n<p>\n    <img decoding=\"async\" src=\"https:\/\/www.hydraulic-cylinders.net\/wp-content\/uploads\/2025\/01\/songte-company-2.webp\" alt=\"Kausa cilindrs\" \/><br \/>\n    Kausa cilindrs ir specializ\u0113ts hidrauliskais cilindrs, kas paredz\u0113ts kausu kust\u012bbas vad\u012bbai smagaj\u0101s ma\u0161\u012bn\u0101s, piem\u0113ram, ekskavatoros, iekr\u0101v\u0113ju ekskavatoros un front\u0101lajos iekr\u0101v\u0113jos. T\u0101 galven\u0101 funkcija ir nodro\u0161in\u0101t kausa pacel\u0161anu, nolai\u0161anu un noliek\u0161anu, t\u0101d\u0113j\u0101di efekt\u012bvi apstr\u0101d\u0101jot da\u017e\u0101dus materi\u0101lus. Hidrauliskaj\u0101 sist\u0113m\u0101 kausa cilindrs pan\u0101k prec\u012bzu kausa vad\u012bbu, izmantojot hidraulisk\u0101s e\u013c\u013cas spiediena izmai\u0146as, \u013caujot operatoriem efekt\u012bvi apstr\u0101d\u0101t smagas kravas un piel\u0101goties sare\u017e\u0123\u012btai darba videi un da\u017e\u0101d\u0101m darba pras\u012bb\u0101m.\n<\/p>\n<h3>Produkta funkcijas<\/h3>\n<ul>\n<li><strong>Augsta iztur\u012bba un ilgm\u016b\u017e\u012bba:<\/strong> Parasti no augstas stipr\u012bbas t\u0113rauda vai alum\u012bnija izgatavotais kausa cilindrs var iztur\u0113t augstu spiedienu un lielas slodzes, piel\u0101gojoties skarbajiem darba apst\u0101k\u013ciem. T\u0101 konstrukcija \u0146em v\u0113r\u0101 nodilumiztur\u012bbu un iztur\u012bbu pret koroziju, pagarinot t\u0101 kalpo\u0161anas laiku.<\/li>\n<li><strong>Efekt\u012bva hidraulisk\u0101 darb\u012bba:<\/strong> Izmantojot hidraulisk\u0101s e\u013c\u013cas spiedienu, kausa cilindrs pan\u0101k vienm\u0113r\u012bgu izstiep\u0161anu un ievilk\u0161anu, sp\u0113jot \u0101tri rea\u0123\u0113t uz vad\u012bbas komand\u0101m un nodro\u0161in\u0101t sp\u0113c\u012bgu stum\u0161anas un vilk\u0161anas sp\u0113ku, padarot to piem\u0113rotu smagu kravu apstr\u0101dei un sare\u017e\u0123\u012btu darbu veik\u0161anai.<\/li>\n<li><strong>Daudzpus\u012bgi veidi:<\/strong> Kausa cilindru var izv\u0113l\u0113ties k\u0101 vienas darb\u012bbas (hidrauliski darbojas tikai vien\u0101 virzien\u0101) vai divk\u0101r\u0161as darb\u012bbas (hidrauliski darbojas abos virzienos) cilindrus atbilsto\u0161i pras\u012bb\u0101m, piel\u0101gojoties da\u017e\u0101d\u0101m ekspluat\u0101cijas vajadz\u012bb\u0101m. Da\u017ei mode\u013ci ir teleskopiski, kas \u013cauj tos papla\u0161in\u0101t, nepalielinot \u0101r\u0113jos izm\u0113rus, padarot tos ide\u0101li piem\u0113rotus lietojumiem ar ierobe\u017eotu vietu.<\/li>\n<li><strong>Perfekta nomai\u0146a:<\/strong> M\u016bsu produkti var lieliski aizst\u0101t \u0161os hidrauliskos cilindrus. <img decoding=\"async\" src=\"https:\/\/www.hydraulic-cylinders.net\/wp-content\/uploads\/2025\/01\/songte-cylinder-head-with-all-kinds-excavator-models.webp\" alt=\"Cilindra galva\" \/><\/li>\n<\/ul>\n<h3>Pieteikumi<\/h3>\n<p>\n    <strong>Celtniec\u012bbas apr\u012bkojums:<\/strong> Tie ir atrodami ekskavatoros, un tiem ir iz\u0161\u0137iro\u0161a noz\u012bme zemes vai gru\u017eu rak\u0161an\u0101, iekrau\u0161an\u0101 un p\u0101rvieto\u0161an\u0101. Ekskavatoros-iekr\u0101v\u0113jos kausa cilindrs pal\u012bdz gan rak\u0161an\u0101, gan cel\u0161an\u0101.<br \/>\n    <strong>Lauksaimniec\u012bbas tehnika:<\/strong> Izmantojot front\u0101lajos iekr\u0101v\u0113jos, tie pal\u012bdz ar augsnes, siena un citu materi\u0101lu sav\u0101k\u0161anu, cel\u0161anu un transport\u0113\u0161anu.<br \/>\n    <strong>Ekskavatori:<\/strong> Kausa cilindrs nodro\u0161ina rak\u0161anas darb\u012bbas, \u013caujot kausam iek\u013c\u016bt augsn\u0113.<br \/>\n    <strong>Iekr\u0101v\u0113ji:<\/strong> Front\u0101lajos iekr\u0101v\u0113jos tie pal\u012bdz efekt\u012bvi pacelt un izkraut preces.\n<\/p>\n<h3>Dizaina apsv\u0113rumi un atlases krit\u0113riji<\/h3>\n<p>\n    <img decoding=\"async\" src=\"https:\/\/www.hydraulic-cylinders.net\/wp-content\/uploads\/2025\/01\/songte-oil-pipes-and-spare-parts.webp\" alt=\"E\u013c\u013cas caurules un rezerves da\u013cas\" \/><br \/>\n    Kausa cilindru konstrukcijas apsv\u0113rumi ietver nestsp\u0113ju, bl\u012bv\u0113jumu, iztur\u012bbu, dro\u0161\u012bbu un apkopes iesp\u0113jas. Katrs aspekts ir b\u016btisks, lai nodro\u0161in\u0101tu cilindra optim\u0101lu veiktsp\u0113ju un ilgm\u016b\u017e\u012bbu.\n<\/p>\n<h3>Bl\u012bv\u0113\u0161ana un e\u013c\u013co\u0161ana<\/h3>\n<p>\n    Kausa cilindr\u0101 tiek izmantoti da\u017e\u0101di bl\u012bv\u0113\u0161anas elementi, piem\u0113ram, virzu\u013ca bl\u012bvsl\u0113gi \u200b\u200bun stie\u0146a bl\u012bvsl\u0113gi. \u0160ie bl\u012bvsl\u0113gi \u200b\u200bir izgatavoti no nodilumiztur\u012bgiem materi\u0101liem, piem\u0113ram, poliuret\u0101na un nitrila gumijas. Cilindra korpuss un v\u012bt\u0146ot\u0101s gala virsmas tiek r\u016bp\u012bgi apstr\u0101d\u0101tas, lai uzlabotu nodilumiztur\u012bbu. Lai nodro\u0161in\u0101tu vienm\u0113r\u012bgu darb\u012bbu un ilgm\u016b\u017e\u012bbu, ir nepiecie\u0161ama regul\u0101ra e\u013c\u013co\u0161ana ar piem\u0113rotu hidraulisko e\u013c\u013cu.\n<\/p>\n<h3>Regul\u0101ra p\u0101rbaude un profilaktisk\u0101 apkope<\/h3>\n<p>\n    Ir svar\u012bgi regul\u0101ri p\u0101rbaud\u012bt un veikt kausa cilindra profilaktiskus apkopes pas\u0101kumus. Tas ietver nopl\u016b\u017eu p\u0101rbaudi, pareizas e\u013c\u013co\u0161anas nodro\u0161in\u0101\u0161anu, bl\u012bvju nomai\u0146u, ja nepiecie\u0161ams, un kalibr\u0113\u0161anas p\u0101rbau\u017eu veik\u0161anu, lai uztur\u0113tu optim\u0101lu veiktsp\u0113ju. Iev\u0113rojot pareizas uzst\u0101d\u012b\u0161anas vadl\u012bnijas, tostarp pareizi izl\u012bdzinot cilindru un izmantojot atbilsto\u0161us uzst\u0101d\u012b\u0161anas kron\u0161teinus cilindra nostiprin\u0101\u0161anai, kausa cilindra kalpo\u0161anas laiku var pagarin\u0101t. J\u0101iev\u0113ro ieteicam\u0101s p\u0101rbaudes, remonta un nomai\u0146as proced\u016bras, k\u0101 ar\u012b padomi cilindra kalpo\u0161anas laika palielin\u0101\u0161anai.\n<\/p>\n<h3>Dro\u0161\u012bbas apsv\u0113rumi un vides faktori<\/h3>\n<p>\n    Izmantojot kausu cilindrus, ir svar\u012bgi noteikt dro\u0161\u012bbas pas\u0101kumu priorit\u0101ti, lai nov\u0113rstu negad\u012bjumus un nodro\u0161in\u0101tu person\u0101la un apr\u012bkojuma aizsardz\u012bbu. Tas ietver ieteicamo ekspluat\u0101cijas proced\u016bru iev\u0113ro\u0161anu, dro\u0161\u012bbas vadl\u012bniju iev\u0113ro\u0161anu un atbilsto\u0161u individu\u0101lo aizsardz\u012bbas l\u012bdzek\u013cu (IAL) lieto\u0161anu, str\u0101d\u0101jot ar hidrauliskaj\u0101m sist\u0113m\u0101m. J\u0101\u0146em v\u0113r\u0101 ar\u012b vides faktori, piem\u0113ram, e\u013c\u013cas nopl\u016bdes nov\u0113r\u0161ana un izlietot\u0101s hidraulisk\u0101s e\u013c\u013cas un komponentu pareiza utiliz\u0101cija.\n<\/p>\n<h3>K\u013c\u016bmju diagnostika un bie\u017e\u0101k sastopam\u0101s probl\u0113mas<\/h3>\n<p>\n    <img decoding=\"async\" src=\"https:\/\/www.hydraulic-cylinders.net\/wp-content\/uploads\/2025\/01\/songte-bushings-with-all-kinds-of-excavator-models.webp\" alt=\"Bukses\" \/><br \/>\n    Ir svar\u012bgi sp\u0113t diagnostic\u0113t un nov\u0113rst k\u013c\u016bmes, kas var rasties kausa cilindr\u0101. Bie\u017ei sastopamas probl\u0113mas var b\u016bt nopl\u016bdes, nepietiekams spiediens, l\u0113na reakcija vai neparasti trok\u0161\u0146i. J\u0101sniedz probl\u0113mu nov\u0113r\u0161anas padomi un risin\u0101jumi, lai pal\u012bdz\u0113tu las\u012bt\u0101jiem efekt\u012bvi diagnostic\u0113t un nov\u0113rst probl\u0113mas. Turkl\u0101t j\u0101iesaka prevent\u012bvie pas\u0101kumi, lai samazin\u0101tu potenci\u0101l\u0101s probl\u0113mas.\n<\/p>\n<h3>Instal\u0101cijas rokasgr\u0101mata<\/h3>\n<p>\n    Lai nodro\u0161in\u0101tu pareizu kausa cilindra uzst\u0101d\u012b\u0161anu, j\u0101nodro\u0161ina pareiza uzst\u0101d\u012b\u0161anas rokasgr\u0101mata. Tas ietver cilindra pareizu izl\u012bdzin\u0101\u0161anu, atbilsto\u0161u uzst\u0101d\u012b\u0161anas kron\u0161teinu izmanto\u0161anu cilindra nostiprin\u0101\u0161anai un ieteicamo griezes momenta specifik\u0101ciju iev\u0113ro\u0161anu. Turkl\u0101t j\u0101uzsver pareizas bl\u012bv\u0113\u0161anas metodes un piem\u0113rotu komponentu izmanto\u0161ana.\n<\/p>\n<h3>Apkopes uzdevumi<\/h3>\n<p>\n    <img decoding=\"async\" src=\"https:\/\/www.hydraulic-cylinders.net\/wp-content\/uploads\/2025\/01\/songte-chushion-collar.webp\" alt=\"\u010cemod\u0101na apkakle\" \/><br \/>\n    Kausa cilindru bie\u017ei veicamie apkopes darbi ietver regul\u0101ru p\u0101rbaudi, atbilsto\u0161u e\u013c\u013co\u0161anu, bl\u012bv\u0113jumu nomai\u0146u un kalibr\u0113\u0161anas p\u0101rbaudes. J\u0101uzsver pareizas uzst\u0101d\u012b\u0161anas, e\u013c\u013co\u0161anas un regul\u0113\u0161anas noz\u012bme. Lai uzlabotu kausa cilindra kalpo\u0161anas laiku, j\u0101nodro\u0161ina atbilsto\u0161as \u200b\u200bregul\u0113\u0161anas vadl\u012bnijas uzst\u0101d\u012b\u0161anas laik\u0101, ieteicam\u0101s p\u0101rbaudes, remonta un nomai\u0146as proced\u016bras, k\u0101 ar\u012b inform\u0101cija par rezerves da\u013c\u0101m un atjauno\u0161anas pakalpojumiem.\n<\/p>\n<h3>Par m\u016bsu uz\u0146\u0113mumu<\/h3>\n<p>\n    <img decoding=\"async\" src=\"https:\/\/hzpt.com\/wp-content\/uploads\/2024\/11\/songte-company-1.webp\" alt=\"Uz\u0146\u0113mums\" \/><br \/>\n    M\u0113s esam rezerves hidraulisko cilindru ra\u017eot\u0101js un pied\u0101v\u0101jam pla\u0161u produktu kl\u0101stu. Esam k\u013cuvu\u0161i par vienu no vado\u0161ajiem hidraulisko cilindru ra\u017eot\u0101jiem un vairumtirdzniec\u012bbas izplat\u012bt\u0101jiem viet\u0113j\u0101 un starptautiskaj\u0101 tirg\u016b. Koncentr\u0113joties uz izcilu kvalit\u0101ti, m\u0113s sav\u0101s sare\u017e\u0123\u012btaj\u0101s ra\u017eo\u0161anas darbn\u012bc\u0101s pa\u013caujamies uz industrializ\u0113t\u0101m ra\u017eo\u0161anas vad\u012bbas strat\u0113\u0123ij\u0101m. M\u016bsu uz\u0146\u0113mums nep\u0101rtraukti uzlabo ra\u017eo\u0161anas platformu, uzlabo produktu kvalit\u0101tes ra\u017eo\u0161anas procesu un tam ir sp\u0113c\u012bgas inovat\u012bvas sp\u0113jas. M\u0113s cen\u0161amies apmierin\u0101t klientu da\u017e\u0101d\u0101s vajadz\u012bbas ar augstu efektivit\u0101ti, precizit\u0101ti un kvalit\u0101ti.\n<\/p>\n<h3>Par m\u016bsu uz\u0146\u0113mumu (turpin\u0101jums)<\/h3>\n<ul>\n<li><strong>Profesionalit\u0101te:<\/strong> M\u0113s lepojamies ar savu pieredzi un profesionalit\u0101ti hidraulisko cilindru ra\u017eo\u0161an\u0101.<\/li>\n<li><strong>Starptautisk\u0101s sertifik\u0101cijas:<\/strong> M\u016bsu produkti atbilst starptautiskajiem sertifik\u0101tiem, kas apliecina to kvalit\u0101ti un uzticam\u012bbu.<\/li>\n<li><strong>Piel\u0101go\u0161anas pakalpojumi:<\/strong> M\u0113s pied\u0101v\u0101jam piel\u0101go\u0161anas pakalpojumus, lai apmierin\u0101tu \u012bpa\u0161as klientu pras\u012bbas.<\/li>\n<li><strong>Ra\u017eo\u0161anas iek\u0101rtas:<\/strong> M\u016bsu uz\u0146\u0113mums izmanto vismodern\u0101k\u0101s ra\u017eo\u0161anas iek\u0101rtas un tehnolo\u0123ijas.<\/li>\n<li><strong>P\u0113cp\u0101rdo\u0161anas serviss:<\/strong> M\u0113s pied\u0101v\u0101jam visaptvero\u0161u p\u0113cp\u0101rdo\u0161anas servisu, tostarp deta\u013cu nomai\u0146u un remontu.<\/li>\n<\/ul>\n<p>\n    Autors: lil<\/p>","protected":false},"excerpt":{"rendered":"<p>Bucket Cylinder For Bonny CED460-8\/CED480-9 A bucket cylinder is a specialized hydraulic cylinder designed for controlling the movement of buckets in heavy machinery such as excavators, backhoe loaders, and front loaders. Its main function is to enable lifting, lowering, and tilting of the bucket, allowing for efficient handling of various materials. In a hydraulic system, [&hellip;]<\/p>","protected":false},"featured_media":14761,"comment_status":"open","ping_status":"closed","template":"","meta":{"_et_pb_use_builder":"","_et_pb_old_content":"","_et_gb_content_width":""},"product_brand":[],"product_cat":[1494],"product_tag":[1495,1496],"class_list":{"0":"post-15941","1":"product","2":"type-product","3":"status-publish","4":"has-post-thumbnail","6":"product_cat-bucket-cylinders","7":"product_tag-bucket-cylinders","8":"product_tag-hydraulic-cylinders","10":"first","11":"instock","12":"shipping-taxable","13":"product-type-simple"},"amp_enabled":true,"_links":{"self":[{"href":"https:\/\/www.hydraulic-cylinders.net\/lv\/wp-json\/wp\/v2\/product\/15941","targetHints":{"allow":["GET"]}}],"collection":[{"href":"https:\/\/www.hydraulic-cylinders.net\/lv\/wp-json\/wp\/v2\/product"}],"about":[{"href":"https:\/\/www.hydraulic-cylinders.net\/lv\/wp-json\/wp\/v2\/types\/product"}],"replies":[{"embeddable":true,"href":"https:\/\/www.hydraulic-cylinders.net\/lv\/wp-json\/wp\/v2\/comments?post=15941"}],"wp:featuredmedia":[{"embeddable":true,"href":"https:\/\/www.hydraulic-cylinders.net\/lv\/wp-json\/wp\/v2\/media\/14761"}],"wp:attachment":[{"href":"https:\/\/www.hydraulic-cylinders.net\/lv\/wp-json\/wp\/v2\/media?parent=15941"}],"wp:term":[{"taxonomy":"product_brand","embeddable":true,"href":"https:\/\/www.hydraulic-cylinders.net\/lv\/wp-json\/wp\/v2\/product_brand?post=15941"},{"taxonomy":"product_cat","embeddable":true,"href":"https:\/\/www.hydraulic-cylinders.net\/lv\/wp-json\/wp\/v2\/product_cat?post=15941"},{"taxonomy":"product_tag","embeddable":true,"href":"https:\/\/www.hydraulic-cylinders.net\/lv\/wp-json\/wp\/v2\/product_tag?post=15941"}],"curies":[{"name":"wp","href":"https:\/\/api.w.org\/{rel}","templated":true}]}}