{"id":15944,"date":"2025-01-19T15:11:55","date_gmt":"2025-01-19T15:11:55","guid":{"rendered":"https:\/\/www.hydraulic-cylinders.net\/product\/bucket-cylinder-for-nhig-bf6m2012c\/"},"modified":"2025-01-19T15:11:59","modified_gmt":"2025-01-19T15:11:59","slug":"bucket-cylinder-for-nhig-bf6m2012c","status":"publish","type":"product","link":"https:\/\/www.hydraulic-cylinders.net\/lv\/products\/bucket-cylinder-for-nhig-bf6m2012c\/","title":{"rendered":"Kausa cilindrs NHIG BF6m2012C"},"content":{"rendered":"<h1>Kausa cilindrs NHIG BF6m2012C<\/h1>\n<h2>Ievads<\/h2>\n<p>Kausa cilindrs, kas paz\u012bstams ar\u012b k\u0101 hidrauliskais cilindrs, ir speci\u0101li izstr\u0101d\u0101ts hidrauliskais izpildmeh\u0101nisms, ko galvenok\u0101rt izmanto, lai kontrol\u0113tu kausa kust\u012bbu smagaj\u0101s ma\u0161\u012bn\u0101s, piem\u0113ram, ekskavatoros, iekr\u0101v\u0113jos un front\u0101lajos iekr\u0101v\u0113jos. T\u0101 galven\u0101 funkcija ir nodro\u0161in\u0101t kausa pacel\u0161anu, nolai\u0161anu un noliek\u0161anu, t\u0101d\u0113j\u0101di atvieglojot da\u017e\u0101dus materi\u0101lu apstr\u0101des uzdevumus. Hidrauliskaj\u0101 sist\u0113m\u0101 kausa cilindrs pan\u0101k prec\u012bzu kausa vad\u012bbu, mainot hidraulisk\u0101s e\u013c\u013cas spiedienu, \u013caujot operatoriem efekt\u012bvi apstr\u0101d\u0101t smagas kravas un piel\u0101goties sare\u017e\u0123\u012btai darba videi un da\u017e\u0101d\u0101m ekspluat\u0101cijas pras\u012bb\u0101m.<\/p>\n<p><img decoding=\"async\" src=\"https:\/\/www.hydraulic-cylinders.net\/wp-content\/uploads\/2025\/01\/songte-company-2.webp\"\/><\/p>\n<h2>Funkcijas<\/h2>\n<ul>\n<li>Augsta iztur\u012bba un ilgm\u016b\u017e\u012bba: Parasti izgatavots no augstas stipr\u012bbas t\u0113rauda vai alum\u012bnija, tas var iztur\u0113t augstu spiedienu un lielas slodzes, piel\u0101goties skarbai darba videi, un t\u0101 dizains \u0146em v\u0113r\u0101 nodilumiztur\u012bbu un iztur\u012bbu pret koroziju, pagarinot t\u0101 kalpo\u0161anas laiku.<\/li>\n<li>Efekt\u012bva hidraulisk\u0101 darb\u012bba: Vienm\u0113r\u012bga izvilk\u0161ana un ievilk\u0161ana tiek pan\u0101kta, izmantojot hidraulisk\u0101s e\u013c\u013cas spiedienu, kas \u013cauj \u0101tri rea\u0123\u0113t uz vad\u012bbas komand\u0101m un nodro\u0161ina jaud\u012bgu stum\u0161anas un vilk\u0161anas sp\u0113ku, kas piem\u0113rots smagu kravu apstr\u0101dei un sare\u017e\u0123\u012btu ekspluat\u0101cijas uzdevumu veik\u0161anai.<\/li>\n<li>Da\u017e\u0101di veidi: atkar\u012bb\u0101 no ekspluat\u0101cijas pras\u012bb\u0101m var izv\u0113l\u0113ties vienas darb\u012bbas (hidrauliku izmanto tikai vien\u0101 virzien\u0101) vai divk\u0101r\u0161as darb\u012bbas (hidrauliku izmanto divos virzienos) cilindrus, un da\u017ei mode\u013ci ir teleskopiski, kas \u013cauj tos papla\u0161in\u0101t, nepalielinot \u0101r\u0113jos izm\u0113rus, t\u0101p\u0113c tie ir piem\u0113roti lieto\u0161anai ierobe\u017eot\u0101 telp\u0101.<\/li>\n<li>Nomain\u0101ms: m\u016bsu produkts var lieliski aizst\u0101t \u0161os hidrauliskos cilindrus.<\/li>\n<\/ul>\n<p><img decoding=\"async\" src=\"https:\/\/www.hydraulic-cylinders.net\/wp-content\/uploads\/2025\/01\/songte-cylinder-head-with-all-kinds-excavator-models.webp\"\/><\/p>\n<h2>Pieteikumi<\/h2>\n<p>Kausa cilindrs tiek pla\u0161i izmantots da\u017e\u0101d\u0101s jom\u0101s, piem\u0113ram:<\/p>\n<ul>\n<li>B\u016bvniec\u012bbas tehnika: B\u016bvniec\u012bbas tehnika, piem\u0113ram, ekskavatori, pa\u013caujas uz to, lai raktu, iekrautu un p\u0101rvietotu augsni vai gru\u017eus, un ekskavatoros-iekr\u0101v\u0113jos kausa cilindrs pal\u012bdz gan rak\u0161an\u0101, gan cel\u0161an\u0101.<\/li>\n<li>Lauksaimniec\u012bbas tehnika: Izmanto front\u0101lajos iekr\u0101v\u0113jos augsnes, siena un citu materi\u0101lu sav\u0101k\u0161anai, cel\u0161anai un transport\u0113\u0161anai, un ekskavatoros kausa cilindrs \u013cauj rakt, \u013caujot spainim iek\u013c\u016bt augsn\u0113.<\/li>\n<li>Iekr\u0101v\u0113ji: Front\u0101lie iekr\u0101v\u0113ji pal\u012bdz efekt\u012bvi pacelt un izkraut kravu.<\/li>\n<\/ul>\n<p>Zem\u0101k ir sniegti detaliz\u0113ti kausa cilindra pielietojumi:<\/p>\n<ul>\n<li>B\u016bvniec\u012bbas tehnika: Kausa cilindrs ir b\u016btisks ekskavatoriem, lai raktu, iekrautu un p\u0101rvietotu augsni vai gru\u017eus. Ekskavatoros-iekr\u0101v\u0113jos kausa cilindrs pal\u012bdz gan rak\u0161an\u0101, gan cel\u0161an\u0101. Kausa cilindram ir svar\u012bga loma ar\u012b buldozeros, mini iekr\u0101v\u0113jos un cit\u0101 b\u016bvniec\u012bbas tehnik\u0101.<\/li>\n<li>Lauksaimniec\u012bbas tehnika: Kausa cilindri ir nepiecie\u0161ami front\u0101lajiem iekr\u0101v\u0113jiem augsnes, siena un citu materi\u0101lu sav\u0101k\u0161anai, cel\u0161anai un transport\u0113\u0161anai. Tiem ir ar\u012b svar\u012bga loma lauksaimniec\u012bbas traktoros un cit\u0101 lauksaimniec\u012bbas apr\u012bkojum\u0101.<\/li>\n<li>Iekr\u0101v\u0113ji: Kausa cilindrs ir b\u016btisks front\u0101lo iekr\u0101v\u0113ju efekt\u012bvai kravas pacel\u0161anai un izkrau\u0161anai. Tos izmanto ar\u012b citos iekr\u0101v\u0113jos, piem\u0113ram, mini iekr\u0101v\u0113jos un kompaktajos front\u0101lajos iekr\u0101v\u0113jos.<\/li>\n<\/ul>\n<h2>Dizaina apsv\u0113rumi un atlases krit\u0113riji<\/h2>\n<p>Projekt\u0113jot kausa cilindrus, tiek \u0146emti v\u0113r\u0101 vair\u0101ki faktori, tostarp:<\/p>\n<ul>\n<li>Nestsp\u0113ja: Kausa cilindram j\u0101sp\u0113j iztur\u0113t slodzi, kurai tas tiks pak\u013cauts, tostarp dinamisk\u0101s slodzes.<\/li>\n<li>Bl\u012bv\u0113jums: Kausa cilindram j\u0101sp\u0113j uztur\u0113t herm\u0113tisku bl\u012bv\u0113jumu, lai nov\u0113rstu hidraulisk\u0101s e\u013c\u013cas nopl\u016bdi.<\/li>\n<li>Iztur\u012bba: Kausa cilindram j\u0101b\u016bt konstru\u0113tam t\u0101, lai tas iztur\u0113tu nodilumu un koroziju skarbos darba apst\u0101k\u013cos.<\/li>\n<li>Dro\u0161\u012bba: Kausa cilindram j\u0101b\u016bt konstru\u0113tam t\u0101, lai samazin\u0101tu negad\u012bjumu un traumu risku operatoriem un citiem tuvum\u0101 str\u0101d\u0101jo\u0161ajiem darbiniekiem.<\/li>\n<li>Uzturam\u012bba: Kausa cilindram j\u0101b\u016bt konstru\u0113tam t\u0101, lai to var\u0113tu viegli apkopt un remont\u0113t, tostarp nomain\u012bt nolietotas vai boj\u0101tas deta\u013cas.<\/li>\n<\/ul>\n<p><img decoding=\"async\" src=\"https:\/\/www.hydraulic-cylinders.net\/wp-content\/uploads\/2025\/01\/songte-oil-pipes-and-spare-parts.webp\"\/><\/p>\n<h2>Bl\u012bv\u0113\u0161ana un e\u013c\u013co\u0161ana<\/h2>\n<p>Kausu cilindros tiek izmantoti da\u017e\u0101di bl\u012bv\u0113\u0161anas komponenti, tostarp virzu\u013ca bl\u012bv\u0113jumi, stie\u0146a bl\u012bv\u0113jumi utt. Bl\u012bv\u0113jumi ir izgatavoti no nodilumiztur\u012bgiem materi\u0101liem, piem\u0113ram, poliuret\u0101na un nitrila gumijas. Cilindra korpuss un v\u012btnes gala virsma ir smalki apstr\u0101d\u0101ta, lai uzlabotu nodilumiztur\u012bbu. Lai nodro\u0161in\u0101tu vienm\u0113r\u012bgu darb\u012bbu un pagarin\u0101tu kalpo\u0161anas laiku, ir nepiecie\u0161ama ar\u012b regul\u0101ra e\u013c\u013co\u0161ana.<\/p>\n<h2>Apkope un remonts<\/h2>\n<p>Lai nodro\u0161in\u0101tu kausa cilindra efekt\u012bvu darb\u012bbu, nepiecie\u0161ama regul\u0101ra apkope. Tipiski apkopes uzdevumi ietver:<\/p>\n<ul>\n<li>Regul\u0101ras p\u0101rbaudes: P\u0101rbaudiet hidraulisko cilindru, vai tam nav nodiluma, boj\u0101jumu vai nopl\u016b\u017eu.<\/li>\n<li>E\u013c\u013co\u0161ana: Iee\u013c\u013cojiet cilindru, lai nodro\u0161in\u0101tu vienm\u0113r\u012bgu darb\u012bbu.<\/li>\n<li>Bl\u012bv\u0113juma nomai\u0146a: nomainiet nolietotas vai boj\u0101tas bl\u012bves, lai nov\u0113rstu hidraulisk\u0101 \u0161\u0137idruma nopl\u016bdi.<\/li>\n<li>Calibration check: Check the cylinder&#8217;s calibration to ensure it is functioning within acceptable limits.<\/li>\n<\/ul>\n<p>Proper installation is also essential for the bucket cylinder&#8217;s performance and life span. It is recommended to align the cylinder properly and use appropriate installation brackets to secure it. Recommended inspection, repair, and replacement procedures are available to help extend the life of the bucket cylinder.<\/p>\n<p><img decoding=\"async\" src=\"https:\/\/www.hydraulic-cylinders.net\/wp-content\/uploads\/2025\/01\/songte-chushion-collar.webp\"\/><\/p>\n<h2>Dro\u0161\u012bbas apsv\u0113rumi un vides faktori<\/h2>\n<p>Str\u0101d\u0101jot ar kausa cilindru, j\u0101iev\u0113ro dro\u0161\u012bbas pas\u0101kumi. Operatoram j\u0101b\u016bt apm\u0101c\u012btam dro\u0161i lietot apr\u012bkojumu un j\u0101valk\u0101 atbilsto\u0161i individu\u0101lie aizsardz\u012bbas l\u012bdzek\u013ci. J\u0101\u0146em v\u0113r\u0101 ar\u012b t\u0101di vides faktori k\u0101 temperat\u016bra un mitrums.<\/p>\n<h2>Probl\u0113mu nov\u0113r\u0161ana un bie\u017ei sastopamas probl\u0113mas<\/h2>\n<p>Bie\u017ei sastopamas probl\u0113mas ar kausa cilindru ir nopl\u016bdes, nepietiekama jauda un neparasts troksnis. Pareiza diagnostika un probl\u0113mu risin\u0101\u0161anas strat\u0113\u0123ijas var pal\u012bdz\u0113t samazin\u0101t d\u012bkst\u0101ves laiku un remonta izmaksas. Regul\u0101ra apkope var ar\u012b pal\u012bdz\u0113t nov\u0113rst probl\u0113mas, pirms t\u0101s rodas.<\/p>\n<p><img decoding=\"async\" src=\"https:\/\/www.hydraulic-cylinders.net\/wp-content\/uploads\/2025\/01\/songte-bushings-with-all-kinds-of-excavator-models.webp\"\/><\/p>\n<h2>Par m\u016bsu uz\u0146\u0113mumu<\/h2>\n<p>M\u0113s esam rezerves hidraulisko cilindru ra\u017eot\u0101js. M\u016bsu uz\u0146\u0113mums ra\u017eo pilnu produktu kl\u0101stu un ir k\u013cuvis par vienu no vado\u0161ajiem hidraulisko cilindru ra\u017eot\u0101jiem un vairumtirgot\u0101jiem viet\u0113j\u0101 un starptautiskaj\u0101 tirg\u016b. M\u0113s iev\u0113rojam izcil\u012bbas kvalit\u0101tes principu, pa\u013caujamies uz smalko ra\u017eo\u0161anas darbn\u012bcu industrializ\u0113to ra\u017eo\u0161anas vad\u012bbas strat\u0113\u0123iju, nep\u0101rtraukti uzlabojam darbn\u012bcas ra\u017eo\u0161anas platformu, pilnveidojam produktu kvalit\u0101tes ra\u017eo\u0161anas l\u012bniju un mums piem\u012bt sp\u0113c\u012bgas rado\u0161\u0101s sp\u0113jas, lai apmierin\u0101tu klientu da\u017e\u0101d\u0101s vajadz\u012bbas ar augstu efektivit\u0101ti, augstu precizit\u0101ti un augstas kvalit\u0101tes produktiem. <\/p>\n<p>M\u016bsu uz\u0146\u0113mums nodro\u0161ina profesion\u0101lus, starptautiski sertific\u0113tus, piel\u0101gotus pakalpojumus, modernu ra\u017eo\u0161anas apr\u012bkojumu un p\u0113cp\u0101rdo\u0161anas apkalpo\u0161anu utt. <\/p>\n<p><img decoding=\"async\" src=\"https:\/\/hzpt.com\/wp-content\/uploads\/2024\/11\/songte-company-1.webp\"\/> <\/p>\n<p>Autors: lil<\/p>","protected":false},"excerpt":{"rendered":"<p>Bucket Cylinder For NHIG BF6m2012C Introduction The bucket cylinder, also known as the hydraulic cylinder, is a specially designed hydraulic actuator that is primarily used to control the movement of the bucket in heavy machinery such as excavators, backhoe loaders, and front-end loaders. Its main function is to enable the bucket to lift, lower, and [&hellip;]<\/p>","protected":false},"featured_media":14787,"comment_status":"open","ping_status":"closed","template":"","meta":{"_et_pb_use_builder":"","_et_pb_old_content":"","_et_gb_content_width":""},"product_brand":[],"product_cat":[1494],"product_tag":[1495,1496],"class_list":{"0":"post-15944","1":"product","2":"type-product","3":"status-publish","4":"has-post-thumbnail","6":"product_cat-bucket-cylinders","7":"product_tag-bucket-cylinders","8":"product_tag-hydraulic-cylinders","10":"first","11":"instock","12":"shipping-taxable","13":"product-type-simple"},"amp_enabled":true,"_links":{"self":[{"href":"https:\/\/www.hydraulic-cylinders.net\/lv\/wp-json\/wp\/v2\/product\/15944","targetHints":{"allow":["GET"]}}],"collection":[{"href":"https:\/\/www.hydraulic-cylinders.net\/lv\/wp-json\/wp\/v2\/product"}],"about":[{"href":"https:\/\/www.hydraulic-cylinders.net\/lv\/wp-json\/wp\/v2\/types\/product"}],"replies":[{"embeddable":true,"href":"https:\/\/www.hydraulic-cylinders.net\/lv\/wp-json\/wp\/v2\/comments?post=15944"}],"wp:featuredmedia":[{"embeddable":true,"href":"https:\/\/www.hydraulic-cylinders.net\/lv\/wp-json\/wp\/v2\/media\/14787"}],"wp:attachment":[{"href":"https:\/\/www.hydraulic-cylinders.net\/lv\/wp-json\/wp\/v2\/media?parent=15944"}],"wp:term":[{"taxonomy":"product_brand","embeddable":true,"href":"https:\/\/www.hydraulic-cylinders.net\/lv\/wp-json\/wp\/v2\/product_brand?post=15944"},{"taxonomy":"product_cat","embeddable":true,"href":"https:\/\/www.hydraulic-cylinders.net\/lv\/wp-json\/wp\/v2\/product_cat?post=15944"},{"taxonomy":"product_tag","embeddable":true,"href":"https:\/\/www.hydraulic-cylinders.net\/lv\/wp-json\/wp\/v2\/product_tag?post=15944"}],"curies":[{"name":"wp","href":"https:\/\/api.w.org\/{rel}","templated":true}]}}