{"id":1595,"date":"2023-10-07T08:23:14","date_gmt":"2023-10-07T08:23:14","guid":{"rendered":"https:\/\/hydraulic-cylinders.net\/?post_type=product&#038;p=1595"},"modified":"2025-04-11T03:36:18","modified_gmt":"2025-04-11T03:36:18","slug":"mining-dump-truck-rear-suspension-cylinder","status":"publish","type":"product","link":"https:\/\/www.hydraulic-cylinders.net\/lv\/products\/mining-dump-truck-rear-suspension-cylinder\/","title":{"rendered":"Kalnr\u016bpniec\u012bbas pa\u0161izg\u0101z\u0113ja aizmugur\u0113j\u0101 piekares cilindrs"},"content":{"rendered":"<h1 style=\"text-align: center;\"><strong>Kalnr\u016bpniec\u012bbas pa\u0161izg\u0101z\u0113ja aizmugur\u0113j\u0101 piekares cilindrs<\/strong><\/h1>\n<p><img loading=\"lazy\" decoding=\"async\" class=\"aligncenter wp-image-1596\" src=\"https:\/\/hydraulic-cylinders.net\/wp-content\/uploads\/2023\/10\/rear-suspension-cylinder-1-300x300.webp\" alt=\"\" width=\"400\" height=\"400\" \/><\/p>\n<p>Kalnr\u016bpniec\u012bbas pa\u0161izg\u0101z\u0113ja aizmugur\u0113j\u0101s piekares cilindrs ir b\u016btiska sast\u0101vda\u013ca, kas \u012bpa\u0161i izstr\u0101d\u0101ta, lai optimiz\u0113tu kalnr\u016bpniec\u012bbas pa\u0161izg\u0101z\u0113ju stabilit\u0101ti un veiktsp\u0113ju. Pateicoties t\u0101 iztur\u012bgajai konstrukcijai un uzlabotaj\u0101m funkcij\u0101m, \u0161im cilindram ir iz\u0161\u0137iro\u0161a noz\u012bme triecienu absorb\u0113\u0161an\u0101, pareizas piekares uztur\u0113\u0161an\u0101 un lielas noslodzes kalnr\u016bpniec\u012bbas oper\u0101ciju kop\u0113j\u0101s efektivit\u0101tes uzlabo\u0161an\u0101.<\/p>\n<p>Kalnr\u016bpniec\u012bbas pa\u0161izg\u0101z\u0113ja aizmugur\u0113j\u0101s piekares cilindrs ir b\u016btiska sast\u0101vda\u013ca, kas uzlabo stabilit\u0101ti, nestsp\u0113ju un kop\u0113jo veiktsp\u0113ju kalnr\u016bpniec\u012bbas pa\u0161izg\u0101z\u0113jos. T\u0101 iztur\u012bg\u0101 konstrukcija, lielisk\u0101 triecienu absorbcija un prec\u012bz\u0101 piekares vad\u012bba padara to par v\u0113rt\u012bgu resursu pras\u012bgaj\u0101 kalnr\u016bpniec\u012bbas nozar\u0113. Iev\u0113rojot pareizas lieto\u0161anas metodes un \u012bstenojot regul\u0101ras apkopes praksi, operatori var nodro\u0161in\u0101t kalnr\u016bpniec\u012bbas pa\u0161izg\u0101z\u0113ja aizmugur\u0113j\u0101s piekares cilindra ilgm\u016b\u017e\u012bbu un uzticam\u012bbu, t\u0101d\u0113j\u0101di nodro\u0161inot dro\u0161as un efekt\u012bvas kalnr\u016bpniec\u012bbas darb\u012bbas. Izv\u0113lieties \u0161o augstas veiktsp\u0113jas cilindru, lai uzlabotu stabilit\u0101ti, produktivit\u0101ti un operatora komfortu sav\u0101 kalnr\u016bpniec\u012bbas pa\u0161izg\u0101z\u0113ju park\u0101.<\/p>\n<p>Kalnr\u016bpniec\u012bbas pa\u0161izg\u0101z\u0113ja aizmugur\u0113j\u0101s piekares cilindra galven\u0101s \u012bpa\u0161\u012bbas:<\/p>\n<ol>\n<li>Iztur\u012bga un ilgm\u016b\u017e\u012bga konstrukcija:<\/li>\n<\/ol>\n<ul>\n<li>Kalnr\u016bpniec\u012bbas pa\u0161izg\u0101z\u0113ja aizmugur\u0113j\u0101s piekares cilindrs ir izgatavots, izmantojot augstas kvalit\u0101tes materi\u0101lus, nodro\u0161inot t\u0101 iztur\u012bbu un ilgm\u016b\u017e\u012bbu skarbos kalnr\u016bpniec\u012bbas apst\u0101k\u013cos.<\/li>\n<li>Tas var iztur\u0113t lielas slodzes, past\u0101v\u012bgas vibr\u0101cijas un sare\u017e\u0123\u012btu reljefu, nodro\u0161inot uzticamu veiktsp\u0113ju vis\u0101 t\u0101 kalpo\u0161anas laik\u0101.<\/li>\n<\/ul>\n<ol start=\"2\">\n<li>Izcila triecienu absorbcija:<\/li>\n<\/ol>\n<ul>\n<li>\u0160is cilindrs ir apr\u012bkots ar modernu triecienu absorbcijas tehnolo\u0123iju, kas efekt\u012bvi samazina triecienu un vibr\u0101ciju ietekmi, ar ko saskaras kalnr\u016bpniec\u012bbas darb\u012bbu laik\u0101.<\/li>\n<li>Tas uzlabo pa\u0161izg\u0101z\u0113ja stabilit\u0101ti, samazina slodzi uz transportl\u012bdzek\u013ca deta\u013c\u0101m un nodro\u0161ina vienm\u0113r\u012bg\u0101ku un \u0113rt\u0101ku braucienu gan vad\u012bt\u0101jam, gan kravai.<\/li>\n<\/ul>\n<ol start=\"3\">\n<li>Prec\u012bza piekares vad\u012bba:<\/li>\n<\/ol>\n<ul>\n<li>Kalnr\u016bpniec\u012bbas pa\u0161izg\u0101z\u0113ja aizmugur\u0113j\u0101s piekares cilindrs nodro\u0161ina prec\u012bzu piekares sist\u0113mas kontroli, \u013caujot operatoriem piel\u0101got piekares iestat\u012bjumus atbilsto\u0161i konkr\u0113tiem ieguves apst\u0101k\u013ciem.<\/li>\n<li>\u0160\u012b funkcija pal\u012bdz optimiz\u0113t kravas automa\u0161\u012bnas veiktsp\u0113ju, nodro\u0161inot pareizu l\u012bdzsvaru starp nestsp\u0113ju, manevr\u0113tsp\u0113ju un stabilit\u0101ti.<\/li>\n<\/ul>\n<h2><strong>Kalnr\u016bpniec\u012bbas pa\u0161izg\u0101z\u0113ja aizmugur\u0113j\u0101s piekares cilindra parametrs:<\/strong><\/h2>\n<table border=\"1\" cellspacing=\"0\" cellpadding=\"0\">\n<tbody>\n<tr>\n<td>Produkta nosaukums<\/td>\n<td>Kalnr\u016bpniec\u012bbas pa\u0161izg\u0101z\u0113ja aizmugur\u0113j\u0101 piekares cilindrs<\/td>\n<\/tr>\n<tr>\n<td>Funkcijas:<\/td>\n<td>Atbalsta svaru, absorb\u0113 un nov\u0113r\u0161 vibr\u0101ciju<\/td>\n<\/tr>\n<tr>\n<td>Urbuma diametrs:<\/td>\n<td>150 mm\uff5e450 mm<\/td>\n<\/tr>\n<tr>\n<td>Stie\u0146a diametrs:<\/td>\n<td>120 mm\uff5e400 mm<br \/>\nG\u0101jiens \u2264400 mm<\/td>\n<\/tr>\n<tr>\n<td>Vilces sp\u0113ks:<\/td>\n<td>Maksim\u0101li 38 MPa<\/td>\n<\/tr>\n<tr>\n<td>Aizmugur\u0113j\u0101s piekares cilindra pielietojums:<\/td>\n<td>Kalnr\u016bpniec\u012bbas pa\u0161izg\u0101z\u0113js<\/td>\n<\/tr>\n<\/tbody>\n<\/table>\n<h2><strong>Kalnr\u016bpniec\u012bbas pa\u0161izg\u0101z\u0113ja cilindra identifik\u0101cijas sh\u0113ma:<\/strong><\/h2>\n<p><img loading=\"lazy\" decoding=\"async\" class=\"alignnone wp-image-1594 size-full\" src=\"https:\/\/hydraulic-cylinders.net\/wp-content\/uploads\/2023\/10\/mining-dump-truck-cylinder.webp\" alt=\"\" width=\"1418\" height=\"946\" srcset=\"https:\/\/hydraulic-cylinders.net\/wp-content\/uploads\/2023\/10\/mining-dump-truck-cylinder.webp 1418w, https:\/\/hydraulic-cylinders.net\/wp-content\/uploads\/2023\/10\/mining-dump-truck-cylinder-1280x854.webp 1280w, https:\/\/hydraulic-cylinders.net\/wp-content\/uploads\/2023\/10\/mining-dump-truck-cylinder-980x654.webp 980w, https:\/\/hydraulic-cylinders.net\/wp-content\/uploads\/2023\/10\/mining-dump-truck-cylinder-480x320.webp 480w\" sizes=\"(min-width: 0px) and (max-width: 480px) 480px, (min-width: 481px) and (max-width: 980px) 980px, (min-width: 981px) and (max-width: 1280px) 1280px, (min-width: 1281px) 1418px, 100vw\" \/><\/p>\n<h2><strong>Kalnr\u016bpniec\u012bbas pa\u0161izg\u0101z\u0113ja aizmugur\u0113j\u0101s piekares cilindra lieto\u0161anas metode<\/strong><strong>:<\/strong><\/h2>\n<ol>\n<li><strong>Uzst\u0101d\u012b\u0161ana un kalibr\u0113\u0161ana:<\/strong><\/li>\n<\/ol>\n<ul>\n<li>Kalnr\u016bpniec\u012bbas pa\u0161izg\u0101z\u0113ja aizmugur\u0113j\u0101s piekares cilindru dr\u012bkst uzst\u0101d\u012bt un kalibr\u0113t tikai kvalific\u0113ti tehni\u0137i, kuri p\u0101rzina kalnr\u016bpniec\u012bbas pa\u0161izg\u0101z\u0113ju \u012bpa\u0161\u0101s pras\u012bbas.<\/li>\n<li>Pareiza uzst\u0101d\u012b\u0161ana un kalibr\u0113\u0161ana nodro\u0161ina optim\u0101lu veiktsp\u0113ju un atbilst\u012bbu dro\u0161\u012bbas standartiem.<\/li>\n<\/ul>\n<ol start=\"2\">\n<li><strong>Balstiek\u0101rtas regul\u0113\u0161ana:<\/strong><\/li>\n<\/ol>\n<ul>\n<li>Izmantojiet kravas automa\u0161\u012bnas kab\u012bn\u0113 eso\u0161o piekares vad\u012bbas sist\u0113mu, lai piel\u0101gotu aizmugur\u0113j\u0101s piekares iestat\u012bjumus.<\/li>\n<li>Veicot piekares regul\u0113\u0161anu, \u0146emiet v\u0113r\u0101 t\u0101dus faktorus k\u0101 kravas svars, reljefa apst\u0101k\u013ci un v\u0113lamais brauk\u0161anas augstums.<\/li>\n<\/ul>\n<ol start=\"3\">\n<li><strong>Regul\u0101ra uzraudz\u012bba:<\/strong><\/li>\n<\/ol>\n<ul>\n<li>Ekspluat\u0101cijas laik\u0101 nep\u0101rtraukti uzraugiet kalnr\u016bpniec\u012bbas pa\u0161izg\u0101z\u0113ja aizmugur\u0113j\u0101s piekares sist\u0113mas darb\u012bbu.<\/li>\n<li>Piev\u0113rsiet uzman\u012bbu jebk\u0101d\u0101m p\u0101rm\u0113r\u012bgas l\u0113k\u0101\u0161anas, nestabilit\u0101tes vai neparastu trok\u0161\u0146u paz\u012bm\u0113m, jo \u200b\u200bt\u0101s var liecin\u0101t par nepiecie\u0161am\u012bbu veikt regul\u0113\u0161anu vai apkopi.<\/li>\n<\/ul>\n<h2><strong>Kas ir uzl\u0101des spiediens hidrauliskaj\u0101 sist\u0113m\u0101?<\/strong><\/h2>\n<p>Hidrauliskaj\u0101 sist\u0113m\u0101 padeves spiediens attiecas uz hidraulisk\u0101 \u0161\u0137idruma spiedienu sist\u0113m\u0101. Tas ir spiediens, ko uz \u0161\u0137idrumu rada \u0101r\u0113js baro\u0161anas avots, piem\u0113ram, s\u016bknis vai akumulators, lai nodro\u0161in\u0101tu ener\u0123iju, kas nepiecie\u0161ama sist\u0113mai paredz\u0113to funkciju veik\u0161anai.<\/p>\n<p>Spiediena spiediens ir \u013coti svar\u012bgs parametrs hidrauliskaj\u0101 sist\u0113m\u0101, jo tas nosaka sp\u0113ku un \u0101trumu, ar k\u0101du var darboties hidrauliskie izpildmeh\u0101nismi, piem\u0113ram, cilindri vai motori. \u0160eit ir da\u017ei svar\u012bgi punkti, kas j\u0101zina par spiediena spiedienu:<\/p>\n<ol>\n<li><strong>Ener\u0123ijas ra\u017eo\u0161ana:<\/strong> Hidrauliskais s\u016bknis galvenok\u0101rt \u0123ener\u0113 padeves spiedienu, kas ies\u016bc \u0161\u0137idrumu no rezervu\u0101ra un paaugstina t\u0101 spiedienu. S\u016bknis nep\u0101rtraukti pieg\u0101d\u0101 sist\u0113mai noteiktu spiedienu, lai nodro\u0161in\u0101tu vienm\u0113r\u012bgu darb\u012bbu.<\/li>\n<li><strong>Sist\u0113mas dizains:<\/strong> Uzl\u0101des spiedienu parasti nosaka hidraulisk\u0101s sist\u0113mas konstrukcijas pras\u012bbas. To ietekm\u0113 t\u0101di faktori k\u0101 kravnes\u012bba, v\u0113lamais darba \u0101trums un izpildmeh\u0101nisma tips.<\/li>\n<li><strong>Spiediena regul\u0113\u0161ana:<\/strong> Hidrauliskaj\u0101s sist\u0113m\u0101s bie\u017ei ir iek\u013cauti spiediena samazin\u0101\u0161anas vai vad\u012bbas v\u0101rsti, lai regul\u0113tu padeves spiedienu. \u0160ie v\u0101rsti nodro\u0161ina, ka spiediens saglab\u0101jas dro\u0161\u0101 un optim\u0101l\u0101 diapazon\u0101, aizsarg\u0101jot sist\u0113mu no p\u0101rspiediena apst\u0101k\u013ciem.<\/li>\n<li><strong>Sp\u0113ks un \u0101trums:<\/strong> Uzl\u0101des spiediens tie\u0161i ietekm\u0113 hidraulisko izpildmeh\u0101nismu darb\u012bbas jaudu un \u0101trumu. Augst\u0101ks uzl\u0101des spiediens palielina sp\u0113ka izvadi, \u013caujot sist\u0113mai p\u0101rvietot smag\u0101kas kravas. Turpret\u012b zem\u0101ks uzl\u0101des spiediens var samazin\u0101t sp\u0113ka izvadi, bet nodro\u0161ina vienm\u0113r\u012bg\u0101ku un prec\u012bz\u0101ku vad\u012bbu konkr\u0113tos pielietojumos.<\/li>\n<li><strong>Efektivit\u0101te un siltuma \u0123ener\u0113\u0161ana:<\/strong> Uzl\u0101des spiediens ietekm\u0113 ar\u012b hidraulisk\u0101s sist\u0113mas kop\u0113jo efektivit\u0101ti. Augst\u0101ks uzl\u0101des spiediens var palielin\u0101t ener\u0123ijas pat\u0113ri\u0146u un rad\u012bt vair\u0101k siltuma sist\u0113m\u0101. Efekt\u012bva spiediena kontrole un pareiza sist\u0113mas konstrukcija pal\u012bdz mazin\u0101t ener\u0123ijas zudumus un p\u0101rvald\u012bt siltuma izkliedi.<\/li>\n<li><strong>Spiediena zudumi:<\/strong> Ir svar\u012bgi \u0146emt v\u0113r\u0101 spiediena zudumus hidrauliskaj\u0101 sist\u0113m\u0101 \u0161\u0137idruma berzes, pl\u016bsmas ierobe\u017eojumu un spiediena kritumu d\u0113\u013c v\u0101rstos un sast\u0101vda\u013c\u0101s. \u0160ie zudumi var ietekm\u0113t faktisko padeves spiedienu, ko piedz\u012bvo izpildmeh\u0101nismi, un tie ir j\u0101samazina l\u012bdz minimumam, lai saglab\u0101tu v\u0113lamo veiktsp\u0113ju.<\/li>\n<\/ol>\n<h2><strong>R\u016bpn\u012bcas iesp\u0113jas un jauda:<\/strong><\/h2>\n<h3>(1) Mont\u0101\u017ea<\/h3>\n<p>Mums ir pirmklas\u012bga neatkar\u012bga p\u0113tniec\u012bbas un att\u012bst\u012bbas mont\u0101\u017eas platforma. Hidraulisko cilindru ra\u017eo\u0161anas darbn\u012bc\u0101 ir \u010detras pusautom\u0101tiskas pacel\u0161anas cilindru mont\u0101\u017eas l\u012bnijas un viena autom\u0101tisk\u0101 sl\u012bpuma cilindru mont\u0101\u017eas l\u012bnija ar projekt\u0113to gada ra\u017eo\u0161anas jaudu 1 miljons vien\u012bbu. Speci\u0101lo cilindru darbn\u012bca ir apr\u012bkota ar da\u017e\u0101du specifik\u0101ciju pusautom\u0101tisku t\u012br\u012b\u0161anas mont\u0101\u017eas sist\u0113mu ar projekt\u0113to gada ra\u017eo\u0161anas jaudu 200 000 vien\u012bbu un apr\u012bkota ar slaven\u0101m CNC apstr\u0101des iek\u0101rt\u0101m, apstr\u0101des centru, augstas precizit\u0101tes cilindru apstr\u0101des speci\u0101lo apr\u012bkojumu, robotiz\u0113tu metin\u0101\u0161anas iek\u0101rtu, autom\u0101tisku t\u012br\u012b\u0161anas iek\u0101rtu, autom\u0101tisku cilindru mont\u0101\u017eas iek\u0101rtu un autom\u0101tisku kr\u0101so\u0161anas ra\u017eo\u0161anas l\u012bniju. Eso\u0161ais kritiskais apr\u012bkojums ir vair\u0101k nek\u0101 300 komplektu (komplektu). Optim\u0101la iek\u0101rtu resursu sadale un efekt\u012bva izmanto\u0161ana nodro\u0161ina produktu precizit\u0101tes pras\u012bbas un apmierina produktu augst\u0101s kvalit\u0101tes pras\u012bbas.<\/p>\n<p><img loading=\"lazy\" decoding=\"async\" class=\"alignnone wp-image-626\" src=\"https:\/\/hydraulic-cylinders.net\/wp-content\/uploads\/2023\/08\/hydraulic-cylinder-product-1-300x158.webp\" alt=\"\" width=\"495\" height=\"260\" srcset=\"https:\/\/hydraulic-cylinders.net\/wp-content\/uploads\/2023\/08\/hydraulic-cylinder-product-1-300x158.webp 495w, https:\/\/hydraulic-cylinders.net\/wp-content\/uploads\/2023\/08\/hydraulic-cylinder-product-1-480x252.webp 480w\" sizes=\"(min-width: 0px) and (max-width: 480px) 480px, (min-width: 481px) 495px, 100vw\" \/> <img loading=\"lazy\" decoding=\"async\" class=\"alignnone wp-image-627\" src=\"https:\/\/hydraulic-cylinders.net\/wp-content\/uploads\/2023\/08\/hydraulic-cylinder-product-2-300x189.webp\" alt=\"\" width=\"413\" height=\"260\" \/><\/p>\n<h3>(2) Apstr\u0101de<\/h3>\n<p>Apstr\u0101des cehs ir apr\u012bkots ar piel\u0101gotu sl\u012bpo slie\u017eu virpo\u0161anas centru, apstr\u0101des centru, \u0101trgaitas asin\u0101\u0161anas ma\u0161\u012bnu, metin\u0101\u0161anas robotu un citu saist\u012btu apr\u012bkojumu, kas var apstr\u0101d\u0101t cilindriskas caurules ar maksim\u0101lo iek\u0161\u0113jo diametru 400 mm un maksim\u0101lo garumu 6 metri.<\/p>\n<p><img loading=\"lazy\" decoding=\"async\" class=\"alignnone wp-image-628 size-large\" src=\"https:\/\/hydraulic-cylinders.net\/wp-content\/uploads\/2023\/08\/hydraulic-cylinder-product-3-1024x391.webp\" alt=\"\" width=\"1024\" height=\"391\" srcset=\"https:\/\/hydraulic-cylinders.net\/wp-content\/uploads\/2023\/08\/hydraulic-cylinder-product-3-980x374.webp 980w, https:\/\/hydraulic-cylinders.net\/wp-content\/uploads\/2023\/08\/hydraulic-cylinder-product-3-480x183.webp 480w\" sizes=\"(min-width: 0px) and (max-width: 480px) 480px, (min-width: 481px) and (max-width: 980px) 980px, (min-width: 981px) 1024px, 100vw\" \/><\/p>\n<h3>(3) Metin\u0101\u0161ana<\/h3>\n<p><img loading=\"lazy\" decoding=\"async\" class=\"alignnone wp-image-629 size-large\" src=\"https:\/\/hydraulic-cylinders.net\/wp-content\/uploads\/2023\/08\/hydraulic-cylinder-product-4-1024x510.webp\" alt=\"\" width=\"1024\" height=\"510\" srcset=\"https:\/\/hydraulic-cylinders.net\/wp-content\/uploads\/2023\/08\/hydraulic-cylinder-product-4-980x488.webp 980w, https:\/\/hydraulic-cylinders.net\/wp-content\/uploads\/2023\/08\/hydraulic-cylinder-product-4-480x239.webp 480w\" sizes=\"(min-width: 0px) and (max-width: 480px) 480px, (min-width: 481px) and (max-width: 980px) 980px, (min-width: 981px) 1024px, 100vw\" \/><\/p>\n<h3>(4) Kr\u0101so\u0161ana un p\u0101rkl\u0101\u0161ana<\/h3>\n<p>Ar maz\u0101m un vid\u0113ja izm\u0113ra cilindrisk\u0101m autom\u0101tisk\u0101m \u016bdens b\u0101zes kr\u0101su p\u0101rkl\u0101\u0161anas l\u012bnij\u0101m, lai pan\u0101ktu autom\u0101tisku robotu iekrau\u0161anu un izkrau\u0161anu un autom\u0101tisku izsmidzin\u0101\u0161anu, projekt\u0113t\u0101 jauda ir 4000 gabali mai\u0146\u0101;<br \/>\nMums ir ar\u012b pusautom\u0101tiska kr\u0101su ra\u017eo\u0161anas l\u012bnija lieliem baloniem, ko darbina \u0137\u0113des piedzi\u0146a, ar 60 kastu konstrukcijas jaudu vien\u0101 mai\u0146\u0101.<\/p>\n<p><img loading=\"lazy\" decoding=\"async\" class=\"alignnone wp-image-630\" src=\"https:\/\/hydraulic-cylinders.net\/wp-content\/uploads\/2023\/08\/hydraulic-cylinder-product-5-300x213.webp\" alt=\"\" width=\"366\" height=\"260\" \/> <img loading=\"lazy\" decoding=\"async\" class=\"alignnone wp-image-631\" src=\"https:\/\/hydraulic-cylinders.net\/wp-content\/uploads\/2023\/08\/hydraulic-cylinder-product-6-300x225.webp\" alt=\"\" width=\"347\" height=\"260\" \/><\/p>\n<h3>(5) Test\u0113\u0161ana<\/h3>\n<p>Mums ir augst\u0101k\u0101s klases p\u0101rbaudes iek\u0101rtas un test\u0113\u0161anas stendi, lai nodro\u0161in\u0101tu, ka balona veiktsp\u0113ja atbilst pras\u012bb\u0101m.<\/p>\n<p><img loading=\"lazy\" decoding=\"async\" class=\"alignnone wp-image-632\" src=\"https:\/\/hydraulic-cylinders.net\/wp-content\/uploads\/2023\/08\/hydraulic-cylinder-product-8-300x200.webp\" alt=\"\" width=\"389\" height=\"260\" \/><\/p>\n<p>&nbsp;<\/p>\n<p>&nbsp;<\/p>\n<p>M\u0113s esam viens no lab\u0101kajiem hidraulisko cilindru ra\u017eot\u0101jiem. M\u0113s varam pied\u0101v\u0101t visaptvero\u0161us hidrauliskos cilindrus. M\u0113s nodro\u0161in\u0101m ar\u012b atbilsto\u0161us <a href=\"https:\/\/hzpt.com\/agricultural-pto-gearbox\/\" target=\"_blank\" rel=\"noopener\">lauksaimniec\u012bbas p\u0101rnesumk\u0101rbas<\/a>. M\u0113s esam eksport\u0113ju\u0161i savus produktus klientiem vis\u0101 pasaul\u0113 un esam ieguvu\u0161i labu reput\u0101ciju, pateicoties m\u016bsu izcilajai produktu kvalit\u0101tei un p\u0113cp\u0101rdo\u0161anas servisam. M\u0113s aicin\u0101m klientus no valsts un \u0101rvalst\u012bm sazin\u0101ties ar mums, lai risin\u0101tu biznesa sarunas, apmain\u012btos ar inform\u0101ciju un... <a href=\"https:\/\/www.hydraulic-cylinders.net\/lv\/contact-us\/\">sadarboties ar mums<\/a>!<\/p>","protected":false},"excerpt":{"rendered":"<p>Mining Dump Truck Rear Suspension Cylinder The mining dump truck rear suspension cylinder is a vital component specifically designed to optimize the stability and performance of mining dump trucks. With its robust construction and advanced features, this cylinder plays a crucial role in absorbing shocks, maintaining proper suspension, and enhancing the overall efficiency of heavy-duty [&hellip;]<\/p>","protected":false},"featured_media":1598,"comment_status":"open","ping_status":"closed","template":"","meta":{"_et_pb_use_builder":"","_et_pb_old_content":"","_et_gb_content_width":""},"product_brand":[],"product_cat":[1550,1517,1532,1376],"product_tag":[1380],"class_list":{"0":"post-1595","1":"product","2":"type-product","3":"status-publish","4":"has-post-thumbnail","6":"product_cat-double-acting-hydraulic-cylinder","7":"product_cat-dump-truck-hydraulic-cylinders","8":"product_cat-mining-dump-truck-hydraulic-cylinders","9":"product_cat-hydraulic-cylinder","10":"product_tag-hydraulic-cylinder","12":"first","13":"instock","14":"shipping-taxable","15":"product-type-simple"},"amp_enabled":true,"_links":{"self":[{"href":"https:\/\/www.hydraulic-cylinders.net\/lv\/wp-json\/wp\/v2\/product\/1595","targetHints":{"allow":["GET"]}}],"collection":[{"href":"https:\/\/www.hydraulic-cylinders.net\/lv\/wp-json\/wp\/v2\/product"}],"about":[{"href":"https:\/\/www.hydraulic-cylinders.net\/lv\/wp-json\/wp\/v2\/types\/product"}],"replies":[{"embeddable":true,"href":"https:\/\/www.hydraulic-cylinders.net\/lv\/wp-json\/wp\/v2\/comments?post=1595"}],"wp:featuredmedia":[{"embeddable":true,"href":"https:\/\/www.hydraulic-cylinders.net\/lv\/wp-json\/wp\/v2\/media\/1598"}],"wp:attachment":[{"href":"https:\/\/www.hydraulic-cylinders.net\/lv\/wp-json\/wp\/v2\/media?parent=1595"}],"wp:term":[{"taxonomy":"product_brand","embeddable":true,"href":"https:\/\/www.hydraulic-cylinders.net\/lv\/wp-json\/wp\/v2\/product_brand?post=1595"},{"taxonomy":"product_cat","embeddable":true,"href":"https:\/\/www.hydraulic-cylinders.net\/lv\/wp-json\/wp\/v2\/product_cat?post=1595"},{"taxonomy":"product_tag","embeddable":true,"href":"https:\/\/www.hydraulic-cylinders.net\/lv\/wp-json\/wp\/v2\/product_tag?post=1595"}],"curies":[{"name":"wp","href":"https:\/\/api.w.org\/{rel}","templated":true}]}}