{"id":15950,"date":"2025-01-19T15:12:27","date_gmt":"2025-01-19T15:12:27","guid":{"rendered":"https:\/\/www.hydraulic-cylinders.net\/product\/bucket-cylinder-for-bada-wys40\/"},"modified":"2025-01-19T15:12:29","modified_gmt":"2025-01-19T15:12:29","slug":"bucket-cylinder-for-bada-wys40","status":"publish","type":"product","link":"https:\/\/www.hydraulic-cylinders.net\/lv\/products\/bucket-cylinder-for-bada-wys40\/","title":{"rendered":"Kausa cilindrs Bada WYS40"},"content":{"rendered":"<h1>Kausa cilindrs Bada WYS40<\/h1>\n<h2>Ievads<\/h2>\n<p>Kausa cilindrs ir specializ\u0113ts hidrauliskais cilindrs, kas paredz\u0113ts kausa kust\u012bbas vad\u012bbai smagaj\u0101s ma\u0161\u012bn\u0101s, piem\u0113ram, ekskavatoros, univers\u0101lajos ekskavatoros un front\u0101lajos iekr\u0101v\u0113jos. T\u0101 galven\u0101 funkcija ir nodro\u0161in\u0101t kausa pacel\u0161anu, nolai\u0161anu un noliek\u0161anu, atvieglojot da\u017e\u0101du materi\u0101lu apstr\u0101des uzdevumu veik\u0161anu. Hidrauliskaj\u0101 sist\u0113m\u0101 kausa cilindrs izmanto hidraulisk\u0101s e\u013c\u013cas spiediena izmai\u0146as, lai prec\u012bzi vad\u012btu kausu, \u013caujot operatoriem efekt\u012bvi apstr\u0101d\u0101t smagas kravas un piel\u0101goties sare\u017e\u0123\u012btai darba videi un da\u017e\u0101d\u0101m darba pras\u012bb\u0101m.<\/p>\n<p><img decoding=\"async\" src=\"https:\/\/www.hydraulic-cylinders.net\/wp-content\/uploads\/2025\/01\/songte-company-2.webp\" alt=\"Kausa cilindra att\u0113ls\"><\/p>\n<h2>Funkcijas<\/h2>\n<ul>\n<li>Augsta iztur\u012bba un ilgm\u016b\u017e\u012bba: Parasti izgatavots no augstas stipr\u012bbas t\u0113rauda vai alum\u012bnija, tas var iztur\u0113t augstu spiedienu un lielas slodzes, piel\u0101goties skarbai darba videi un ir konstru\u0113ts t\u0101, lai tas b\u016btu iztur\u012bgs pret nodilumu un koroziju, lai pagarin\u0101tu kalpo\u0161anas laiku.<\/li>\n<li>Efekt\u012bvas hidraulisk\u0101s darb\u012bbas: Izmantojot hidraulisk\u0101s e\u013c\u013cas spiedienu, lai pan\u0101ktu vienm\u0113r\u012bgu izple\u0161anos un sarau\u0161anos, t\u0101 var \u0101tri rea\u0123\u0113t uz vad\u012bbas komand\u0101m, nodro\u0161in\u0101t sp\u0113c\u012bgus stum\u0161anas un vilk\u0161anas sp\u0113kus un ir piem\u0113rota smagu kravu apstr\u0101dei un sare\u017e\u0123\u012btu darba uzdevumu veik\u0161anai.<\/li>\n<li>Da\u017e\u0101di veidi: vienas darb\u012bbas (hidrauliski darbojas tikai vien\u0101 virzien\u0101) vai divk\u0101r\u0161as darb\u012bbas (hidrauliski darbojas abos virzienos) cilindrus var izv\u0113l\u0113ties atbilsto\u0161i vajadz\u012bb\u0101m, lai apmierin\u0101tu da\u017e\u0101das ekspluat\u0101cijas pras\u012bbas. Da\u017ei mode\u013ci ir teleskopiski, kas \u013cauj pan\u0101kt liel\u0101ku pagarin\u0101jumu, nepalielinot \u0101r\u0113jos izm\u0113rus, un ir piem\u0113roti lietojumiem ar ierobe\u017eotu vietu.<\/li>\n<li>Var izmantot k\u0101 citu hidraulisko cilindru aizvietot\u0101ju.<\/li>\n<li>Viegli uzst\u0101d\u012bt un uztur\u0113t.<\/li>\n<\/ul>\n<p><img decoding=\"async\" src=\"https:\/\/www.hydraulic-cylinders.net\/wp-content\/uploads\/2025\/01\/songte-cylinder-head-with-all-kinds-excavator-models.webp\" alt=\"Kausa cilindra att\u0113ls\"><\/p>\n<h2>Pieteikumi<\/h2>\n<p>Kausa cilindrs tiek pla\u0161i izmantots da\u017e\u0101d\u0101s smagaj\u0101s ma\u0161\u012bn\u0101s, tostarp:<\/p>\n<ul>\n<li>B\u016bvniec\u012bbas apr\u012bkojums: ekskavatoros tie ir nepiecie\u0161ami rak\u0161anai, iekrau\u0161anai un augsnes vai gru\u017eu p\u0101rvieto\u0161anai. Ekskavatoros kausa cilindrs pal\u012bdz gan rak\u0161an\u0101, gan cel\u0161an\u0101. <\/li>\n<li>Lauksaimniec\u012bbas tehnika: Izmanto front\u0101lajos iekr\u0101v\u0113jos augsnes, siena un citu materi\u0101lu sav\u0101k\u0161anai, cel\u0161anai un transport\u0113\u0161anai. <\/li>\n<li>Ekskavatori: Kausu cilindri veic rak\u0161anas darb\u012bbas, \u013caujot kausiem iek\u013c\u016bt augsn\u0113. <\/li>\n<li>Iekr\u0101v\u0113ji: Front\u0101lie iekr\u0101v\u0113ji pal\u012bdz efekt\u012bvi pacelt un izkraut preces.<\/li>\n<\/ul>\n<p>Katrs cilindra pielietojums ir s\u012bki aprakst\u012bts turpm\u0101k:<\/p>\n<h3>Celtniec\u012bbas apr\u012bkojums<\/h3>\n<p>Kausa cilindriem ir iz\u0161\u0137iro\u0161a noz\u012bme ekskavatoros, jo tie ir atbild\u012bgi par rak\u0161anu, gr\u0101b\u0161anu un augsnes un gru\u017eu p\u0101rvieto\u0161anu. Tie \u013cauj ekskavatoriem efekt\u012bvi veikt savu darbu un tikt gal\u0101 pat ar vissare\u017e\u0123\u012bt\u0101kajiem izrakumiem. Ar\u012b ekskavatori-ekskavatori izmanto kausa cilindrus, lai pal\u012bdz\u0113tu rak\u0161anas un cel\u0161anas darbos. \u0160aj\u0101s ma\u0161\u012bn\u0101s cilindrs ir svar\u012bgs kausa kust\u012bbas un poz\u012bcijas kontrol\u0113\u0161anai, \u013caujot operatoriem sasniegt prec\u012bzus rezult\u0101tus.<\/p>\n<h3>Lauksaimniec\u012bbas tehnika<\/h3>\n<p>Kausa cilindri tiek izmantoti front\u0101lajos iekr\u0101v\u0113jos augsnes, siena un citu materi\u0101lu sav\u0101k\u0161anai, cel\u0161anai un transport\u0113\u0161anai. Cilindrs \u013cauj iekr\u0101v\u0113jam veikt \u0161os uzdevumus efekt\u012bvi un ar lielu precizit\u0101ti. Kontrol\u0113jot kausa poz\u012bciju un kust\u012bbu, cilindrs \u013cauj iekr\u0101v\u0113jam pacelt un transport\u0113t pat vissmag\u0101k\u0101s kravas.<\/p>\n<h3>Ekskavatori<\/h3>\n<p>Ekskavatoros kausa cilindrs \u013cauj kausam iek\u013c\u016bt augsn\u0113, lai veiktu rak\u0161anas darb\u012bbas. Cilindrs kontrol\u0113 kausa kust\u012bbu un poz\u012bciju, \u013caujot operatoriem sasniegt prec\u012bzus rezult\u0101tus. Ekskavatori tiek izmantoti pla\u0161\u0101 pielietojumu kl\u0101st\u0101, tostarp ieguves r\u016bpniec\u012bb\u0101, b\u016bvniec\u012bb\u0101 un demont\u0101\u017e\u0101.<\/p>\n<h3>Iekr\u0101v\u0113ji<\/h3>\n<p>Front\u0101lie iekr\u0101v\u0113ji izmanto kausa cilindrus, lai efekt\u012bvi paceltu un izg\u0101ztu preces. Kontrol\u0113jot kausa kust\u012bbu un poz\u012bciju, cilindrs \u013cauj iekr\u0101v\u0113jam viegli apstr\u0101d\u0101t smagas kravas. Iekr\u0101v\u0113ji tiek izmantoti pla\u0161\u0101 pielietojumu kl\u0101st\u0101, tostarp lauksaimniec\u012bb\u0101, b\u016bvniec\u012bb\u0101 un ieguves r\u016bpniec\u012bb\u0101.<\/p>\n<h2>Dizaina apsv\u0113rumi un atlases krit\u0113riji<\/h2>\n<p>Projekt\u0113jot kausa cilindrus, j\u0101\u0146em v\u0113r\u0101 t\u0101di faktori k\u0101 kravnes\u012bba, bl\u012bv\u0113jums, iztur\u012bba, dro\u0161\u012bba un apkopes iesp\u0113jas. T\u0101l\u0101k ir nor\u0101d\u012bti projekt\u0113\u0161anas apsv\u0113rumi:<\/p>\n<ul>\n<li>Kravnes\u012bba: Balonam j\u0101b\u016bt konstru\u0113tam t\u0101, lai tas iztur\u0113tu maksim\u0101lo slodzi, kurai tas tiks pak\u013cauts.<\/li>\n<li>Bl\u012bv\u0113jums: Lai nov\u0113rstu hidraulisk\u0101 \u0161\u0137idruma nopl\u016bdi un nodro\u0161in\u0101tu vienm\u0113r\u012bgu darb\u012bbu, j\u0101izmanto augstas kvalit\u0101tes bl\u012bv\u0113\u0161anas materi\u0101li.<\/li>\n<li>Iztur\u012bba: Balonam j\u0101b\u016bt konstru\u0113tam t\u0101, lai tas iztur\u0113tu skarbos darba apst\u0101k\u013cus un samazin\u0101tu nodilumu.<\/li>\n<li>Dro\u0161\u012bba: Balonam j\u0101b\u016bt konstru\u0113tam t\u0101, lai nodro\u0161in\u0101tu operatora dro\u0161\u012bbu un nov\u0113rstu negad\u012bjumus.<\/li>\n<li>Apkope: Balonam j\u0101b\u016bt viegli kopjamam, ar nomain\u0101m\u0101m deta\u013c\u0101m un skaidriem apkopes proced\u016bru nor\u0101d\u012bjumiem.<\/li>\n<\/ul>\n<p><img decoding=\"async\" src=\"https:\/\/www.hydraulic-cylinders.net\/wp-content\/uploads\/2025\/01\/songte-oil-pipes-and-spare-parts.webp\" alt=\"Kausa cilindra att\u0113ls\"><\/p>\n<h2>Bl\u012bv\u0113\u0161ana un e\u013c\u013co\u0161ana<\/h2>\n<p>Lai nodro\u0161in\u0101tu cilindra herm\u0113tiskumu, j\u0101izmanto da\u017e\u0101di bl\u012bv\u0113jumi, piem\u0113ram, virzu\u013ca bl\u012bv\u0113jumi un stie\u0146a bl\u012bv\u0113jumi. Bl\u012bv\u0113jumiem j\u0101b\u016bt izgatavotiem no nodilumiztur\u012bgiem materi\u0101liem, piem\u0113ram, poliuret\u0101na un nitrila gumijas, lai nodro\u0161in\u0101tu ilgu kalpo\u0161anas laiku. Cilindram j\u0101b\u016bt konstru\u0113tam ar smalki apstr\u0101d\u0101tu cilindra korpusu un v\u012btnes gala virsmu, lai uzlabotu nodilumiztur\u012bbu. Regul\u0101ra e\u013c\u013co\u0161ana ar hidraulisko e\u013c\u013cu ir nepiecie\u0161ama, lai nodro\u0161in\u0101tu vienm\u0113r\u012bgu darb\u012bbu un pagarin\u0101tu cilindra kalpo\u0161anas laiku.<\/p>\n<h2>Apkope un remonts<\/h2>\n<p>Lai nodro\u0161in\u0101tu cilindra pareizu darb\u012bbu un pagarin\u0101tu t\u0101 kalpo\u0161anas laiku, nepiecie\u0161ama regul\u0101ra apkope un remonts. Bie\u017ei sastopamie apkopes uzdevumi ietver regul\u0101ru p\u0101rbaudi, atbilsto\u0161u e\u013c\u013co\u0161anu, bl\u012bv\u0113juma nomai\u0146u un kalibr\u0113\u0161anas p\u0101rbaudes. Pareiza uzst\u0101d\u012b\u0161ana, e\u013c\u013co\u0161ana un regul\u0113\u0161ana ir b\u016btiska, lai nodro\u0161in\u0101tu cilindra pareizu darb\u012bbu. Balona nostiprin\u0101\u0161anai ieteicams izmantot atbilsto\u0161us uzst\u0101d\u012b\u0161anas kron\u0161teinus. J\u0101iev\u0113ro ieteicam\u0101s p\u0101rbaudes, remonta un nomai\u0146as proced\u016bras, un, ja nepiecie\u0161ams, j\u0101izmanto atjauno\u0161anas pakalpojumi, lai uzlabotu cilindra kalpo\u0161anas laiku.<\/p>\n<p><img decoding=\"async\" src=\"https:\/\/www.hydraulic-cylinders.net\/wp-content\/uploads\/2025\/01\/songte-chushion-collar.webp\" alt=\"Kausa cilindra att\u0113ls\"><\/p>\n<h2>Dro\u0161\u012bbas un vides apsv\u0113rumi<\/h2>\n<p>Lietojot kausa cilindru, j\u0101veic dro\u0161\u012bbas pas\u0101kumi, lai nov\u0113rstu negad\u012bjumus. Ir svar\u012bgi iev\u0113rot ra\u017eot\u0101ja nor\u0101d\u012bjumus un nodro\u0161in\u0101t, lai cilindrs tiktu pareizi uzst\u0101d\u012bts, regul\u0101ri uztur\u0113ts un bie\u017ei p\u0101rbaud\u012bts. R\u016bp\u012bga cilindra lieto\u0161ana un aizsargl\u012bdzek\u013cu valk\u0101\u0161ana var pal\u012bdz\u0113t nov\u0113rst negad\u012bjumus. Lietojot cilindru, j\u0101\u0146em v\u0113r\u0101 ar\u012b vides faktori. Lai samazin\u0101tu ietekmi uz vidi, ir nepiecie\u0161ama pareiza hidraulisk\u0101s e\u013c\u013cas un citu b\u012bstamu materi\u0101lu utiliz\u0101cija.<\/p>\n<h2>K\u013c\u016bmju diagnostika un probl\u0113mu nov\u0113r\u0161ana<\/h2>\n<p>Bie\u017ei sastopamas probl\u0113mas ar kausa cilindru ir nopl\u016bde, l\u0113na vai nerea\u0123\u0113jo\u0161a kust\u012bba un neparasts troksnis. Lai diagnostic\u0113tu un nov\u0113rstu \u0161\u012bs probl\u0113mas, ir nepiecie\u0161ams regul\u0101ri p\u0101rbaud\u012bt cilindru un izmantot atbilsto\u0161us instrumentus, lai identific\u0113tu probl\u0113mu. Regul\u0101ra apkope un remonts var pal\u012bdz\u0113t nov\u0113rst \u0161o probl\u0113mu ra\u0161anos.<\/p>\n<h2>Uz\u0146\u0113muma ievads<\/h2>\n<p>M\u0113s esam rezerves hidraulisko cilindru ra\u017eot\u0101js, kas pied\u0101v\u0101 pla\u0161u produktu un pakalpojumu kl\u0101stu, lai apmierin\u0101tu m\u016bsu klientu da\u017e\u0101d\u0101s vajadz\u012bbas. Koncentr\u0113joties uz izcilu kvalit\u0101ti, m\u0113s pa\u013caujamies uz izsmalcin\u0101tu ra\u017eo\u0161anas darbn\u012bcu un industrializ\u0113t\u0101m ra\u017eo\u0161anas vad\u012bbas strat\u0113\u0123ij\u0101m, lai past\u0101v\u012bgi uzlabotu savu ra\u017eo\u0161anas platformu un pilnveidotu m\u016bsu produktu kvalit\u0101tes ra\u017eo\u0161anas l\u012bniju. Mums ir sp\u0113c\u012bga sp\u0113ja rad\u012bt augstas efektivit\u0101tes, augstas precizit\u0101tes un augstas kvalit\u0101tes produktus, kas atbilst m\u016bsu klientu da\u017e\u0101daj\u0101m vajadz\u012bb\u0101m.<\/p>\n<p>M\u016bsu uz\u0146\u0113mumu raksturo:<\/p>\n<ul>\n<li>Profesionalit\u0101te: Mums ir augsti kvalific\u0113tu speci\u0101listu komanda, kas ir eksperti hidraulisko cilindru projekt\u0113\u0161an\u0101 un ra\u017eo\u0161an\u0101.<\/li>\n<li>Starptautisk\u0101 sertifik\u0101cija: M\u016bsu produktus ir sertific\u0113ju\u0161as da\u017e\u0101das starptautiskas organiz\u0101cijas, kas apliecina to kvalit\u0101ti un dro\u0161\u012bbu.<\/li>\n<li>Piel\u0101go\u0161anas pakalpojumi: M\u0113s pied\u0101v\u0101jam piel\u0101gotus pakalpojumus, lai apmierin\u0101tu m\u016bsu klientu \u012bpa\u0161\u0101s vajadz\u012bbas.<\/li>\n<li>Ra\u017eo\u0161anas iek\u0101rtas: Mums ir uzlabotas ra\u017eo\u0161anas iek\u0101rtas un test\u0113\u0161anas sist\u0113mas, lai nodro\u0161in\u0101tu m\u016bsu produktu kvalit\u0101ti.<\/li>\n<li>P\u0113cp\u0101rdo\u0161anas serviss: M\u0113s pied\u0101v\u0101jam visaptvero\u0161u p\u0113cp\u0101rdo\u0161anas servisu, tostarp apkopi, remontu un nomai\u0146u.<\/li>\n<\/ul>\n<p><img decoding=\"async\" src=\"https:\/\/hzpt.com\/wp-content\/uploads\/2024\/11\/songte-company-1.webp\" alt=\"Kausa cilindra att\u0113ls\"><\/p>\n<p>M\u0113s esam ap\u0146\u0113mu\u0161ies nodro\u0161in\u0101t saviem klientiem lab\u0101kos produktus un pakalpojumus, un m\u0113s nep\u0101rtraukti cen\u0161amies uzlabot savas ra\u017eo\u0161anas iesp\u0113jas un produktu kvalit\u0101ti. M\u016bsu m\u0113r\u0137is ir k\u013c\u016bt par vado\u0161o hidraulisko cilindru ra\u017eot\u0101ju un vairumtirgot\u0101ju viet\u0113j\u0101 un starptautiskaj\u0101 tirg\u016b.<\/p>\n<p><em>Autors: lil<\/em><\/p>","protected":false},"excerpt":{"rendered":"<p>Bucket Cylinder For Bada WYS40 Introduction The bucket cylinder is a specialized hydraulic cylinder designed for controlling the movement of the bucket in heavy machinery such as excavators, backhoe excavators, and front-end loaders. Its primary function is to enable the bucket to lift, lower, and tilt, making it easier to handle various material handling tasks. [&hellip;]<\/p>","protected":false},"featured_media":14776,"comment_status":"open","ping_status":"closed","template":"","meta":{"_et_pb_use_builder":"","_et_pb_old_content":"","_et_gb_content_width":""},"product_brand":[],"product_cat":[1494],"product_tag":[1495,1496],"class_list":{"0":"post-15950","1":"product","2":"type-product","3":"status-publish","4":"has-post-thumbnail","6":"product_cat-bucket-cylinders","7":"product_tag-bucket-cylinders","8":"product_tag-hydraulic-cylinders","10":"first","11":"instock","12":"shipping-taxable","13":"product-type-simple"},"amp_enabled":true,"_links":{"self":[{"href":"https:\/\/www.hydraulic-cylinders.net\/lv\/wp-json\/wp\/v2\/product\/15950","targetHints":{"allow":["GET"]}}],"collection":[{"href":"https:\/\/www.hydraulic-cylinders.net\/lv\/wp-json\/wp\/v2\/product"}],"about":[{"href":"https:\/\/www.hydraulic-cylinders.net\/lv\/wp-json\/wp\/v2\/types\/product"}],"replies":[{"embeddable":true,"href":"https:\/\/www.hydraulic-cylinders.net\/lv\/wp-json\/wp\/v2\/comments?post=15950"}],"wp:featuredmedia":[{"embeddable":true,"href":"https:\/\/www.hydraulic-cylinders.net\/lv\/wp-json\/wp\/v2\/media\/14776"}],"wp:attachment":[{"href":"https:\/\/www.hydraulic-cylinders.net\/lv\/wp-json\/wp\/v2\/media?parent=15950"}],"wp:term":[{"taxonomy":"product_brand","embeddable":true,"href":"https:\/\/www.hydraulic-cylinders.net\/lv\/wp-json\/wp\/v2\/product_brand?post=15950"},{"taxonomy":"product_cat","embeddable":true,"href":"https:\/\/www.hydraulic-cylinders.net\/lv\/wp-json\/wp\/v2\/product_cat?post=15950"},{"taxonomy":"product_tag","embeddable":true,"href":"https:\/\/www.hydraulic-cylinders.net\/lv\/wp-json\/wp\/v2\/product_tag?post=15950"}],"curies":[{"name":"wp","href":"https:\/\/api.w.org\/{rel}","templated":true}]}}