{"id":15953,"date":"2025-01-19T15:12:39","date_gmt":"2025-01-19T15:12:39","guid":{"rendered":"https:\/\/www.hydraulic-cylinders.net\/product\/bucket-cylinder-for-baoding-wy90d-9\/"},"modified":"2025-01-19T15:12:41","modified_gmt":"2025-01-19T15:12:41","slug":"bucket-cylinder-for-baoding-wy90d-9","status":"publish","type":"product","link":"https:\/\/www.hydraulic-cylinders.net\/lv\/products\/bucket-cylinder-for-baoding-wy90d-9\/","title":{"rendered":"Kausa cilindrs Baoding WY90D-9"},"content":{"rendered":"<p><!DOCTYPE html><br \/>\n<html><br \/>\n<head><br \/>\n<title>Kausa cilindrs Baoding WY90D-9<\/title><br \/>\n<\/head><br \/>\n<body><\/p>\n<h1>Kausa cilindrs Baoding WY90D-9<\/h1>\n<h2>Ievads<\/h2>\n<p>Kausa cilindrs ir speci\u0101li izstr\u0101d\u0101ts hidrauliskais cilindrs, ko izmanto, lai kontrol\u0113tu kausa kust\u012bbu smagaj\u0101s ma\u0161\u012bn\u0101s, piem\u0113ram, ekskavatoros, iekr\u0101v\u0113jos ar ekskavatoru un front\u0101lajos iekr\u0101v\u0113jos. T\u0101 galven\u0101 funkcija ir nodro\u0161in\u0101t kausa pacel\u0161anu, nolai\u0161anu un noliek\u0161anu, atvieglojot da\u017e\u0101dus materi\u0101lu apstr\u0101des uzdevumus. Hidrauliskaj\u0101 sist\u0113m\u0101 kausa cilindrs pan\u0101k prec\u012bzu kausa vad\u012bbu, izmantojot hidraulisk\u0101s e\u013c\u013cas spiediena izmai\u0146as, \u013caujot operatoriem efekt\u012bvi apstr\u0101d\u0101t smagas kravas un piel\u0101goties sare\u017e\u0123\u012btai darba videi un da\u017e\u0101d\u0101m darba pras\u012bb\u0101m.<\/p>\n<p><img decoding=\"async\" src=\"https:\/\/www.hydraulic-cylinders.net\/wp-content\/uploads\/2025\/01\/songte-company-2.webp\" alt=\"Produkta att\u0113ls\"><\/p>\n<h2>Funkcijas<\/h2>\n<ul>\n<li><strong>Augsta iztur\u012bba un ilgm\u016b\u017e\u012bba:<\/strong> Parasti no augstas stipr\u012bbas t\u0113rauda vai alum\u012bnija izgatavotais kausa cilindrs sp\u0113j iztur\u0113t augstu spiedienu un lielas slodzes, piel\u0101gojoties skarbajiem darba apst\u0101k\u013ciem. T\u0101 konstrukcij\u0101 ir \u0146emta v\u0113r\u0101 nodilumiztur\u012bba un iztur\u012bba pret koroziju, pagarinot t\u0101 kalpo\u0161anas laiku.<\/li>\n<li><strong>Efekt\u012bva hidraulisk\u0101 darb\u012bba:<\/strong> Izmantojot hidraulisk\u0101s e\u013c\u013cas spiedienu, kausa cilindrs pan\u0101k vienm\u0113r\u012bgu izstiep\u0161anu un ievilk\u0161anu, nodro\u0161inot \u0101tru rea\u0123\u0113\u0161anu uz vad\u012bbas komand\u0101m un sp\u0113c\u012bgu stum\u0161anas un vilk\u0161anas sp\u0113ku, padarot to piem\u0113rotu smagu kravu apstr\u0101dei un sare\u017e\u0123\u012btu darbu uzdevumiem.<\/li>\n<li><strong>Da\u017e\u0101di veidi:<\/strong> Kausa cilindru var izv\u0113l\u0113ties k\u0101 vienvirziena darb\u012bbas (hidraulisk\u0101 sist\u0113ma tiek izmantota tikai vien\u0101 virzien\u0101) vai divk\u0101r\u0161as darb\u012bbas (hidraulisk\u0101 sist\u0113ma tiek izmantota abos virzienos) cilindrus atkar\u012bb\u0101 no konkr\u0113taj\u0101m ekspluat\u0101cijas vajadz\u012bb\u0101m. Da\u017ei mode\u013ci ir teleskopiski, kas \u013cauj to liel\u0101ku pagarin\u0101jumu, nepalielinot \u0101r\u0113jos izm\u0113rus, padarot tos piem\u0113rotus lietojumiem ar ierobe\u017eotu vietu.<\/li>\n<li><strong>Aizvieto\u0161anas sader\u012bba:<\/strong> M\u016bsu produkts var lieliski aizst\u0101t \u0161os hidrauliskos cilindrus.<\/li>\n<\/ul>\n<p><img decoding=\"async\" src=\"https:\/\/www.hydraulic-cylinders.net\/wp-content\/uploads\/2025\/01\/songte-cylinder-head-with-all-kinds-excavator-models.webp\" alt=\"Produkta nomai\u0146a\"><\/p>\n<h2>Pieteikumi<\/h2>\n<ul>\n<li><strong>Celtniec\u012bbas apr\u012bkojums:<\/strong> Tie ir atrodami ekskavatoros, un tiem ir iz\u0161\u0137iro\u0161a noz\u012bme augsnes vai gru\u017eu rak\u0161an\u0101, iekrau\u0161an\u0101 un p\u0101rvieto\u0161an\u0101. Ekskavatoros-iekr\u0101v\u0113jos kausa cilindrs pal\u012bdz gan rak\u0161an\u0101, gan cel\u0161an\u0101.<\/li>\n<li><strong>Lauksaimniec\u012bbas tehnika:<\/strong> Izmanto front\u0101lajos iekr\u0101v\u0113jos augsnes, siena un citu materi\u0101lu sav\u0101k\u0161anai, cel\u0161anai un transport\u0113\u0161anai.<\/li>\n<li><strong>Ekskavatori:<\/strong> Kausa cilindrs nodro\u0161ina rak\u0161anas darb\u012bbu, \u013caujot kausam iek\u013c\u016bt augsn\u0113.<\/li>\n<li><strong>Priek\u0161\u0113jie iekr\u0101v\u0113ji:<\/strong> Front\u0101lajos iekr\u0101v\u0113jos tie pal\u012bdz efekt\u012bvi pacelt un noliekt preces.<\/li>\n<\/ul>\n<h2>Dizaina apsv\u0113rumi un atlases krit\u0113riji<\/h2>\n<ul>\n<li><strong>Nestsp\u0113ja:<\/strong> Apsprieda sp\u0113ju nest atsl\u0113gv\u0101rdus.<\/li>\n<li><strong>Bl\u012bv\u0113jums:<\/strong> Izp\u0113t\u012bja da\u017e\u0101du bl\u012bv\u0113jumu, piem\u0113ram, virzu\u013ca bl\u012bv\u0113jumu un stie\u0146u bl\u012bv\u0113jumu, kas izgatavoti no nodilumiztur\u012bgiem materi\u0101liem, piem\u0113ram, poliuret\u0101na un nitrila gumijas, izmanto\u0161anu.<\/li>\n<li><strong>Iztur\u012bba:<\/strong> Apspriesta cilindra korpusa un v\u012bt\u0146oto gala virsmu smalk\u0101 apstr\u0101de, lai uzlabotu nodilumiztur\u012bbu.<\/li>\n<li><strong>Dro\u0161\u012bba:<\/strong> Apspriesti dro\u0161\u012bbas pas\u0101kumi, lietojot produktu.<\/li>\n<li><strong>Uzturam\u012bba:<\/strong> Apspriestas regul\u0101ras p\u0101rbaudes un prevent\u012bv\u0101s apkopes pas\u0101kumi.<\/li>\n<\/ul>\n<p><img decoding=\"async\" src=\"https:\/\/www.hydraulic-cylinders.net\/wp-content\/uploads\/2025\/01\/songte-oil-pipes-and-spare-parts.webp\" alt=\"Produkta da\u013cas\"><\/p>\n<h2>Bl\u012bv\u0113\u0161ana un e\u013c\u013co\u0161ana<\/h2>\n<p>Kausa cilindr\u0101 tiek izmantoti da\u017e\u0101di bl\u012bv\u0113\u0161anas komponenti, piem\u0113ram, virzu\u013ca bl\u012bvsl\u0113gi \u200b\u200bun stie\u0146a bl\u012bvsl\u0113gi. \u0160ie bl\u012bvsl\u0113gi \u200b\u200bir izgatavoti no nodilumiztur\u012bgiem materi\u0101liem, piem\u0113ram, poliuret\u0101na un nitrila gumijas. Cilindra korpuss un v\u012bt\u0146ot\u0101s gala virsmas tiek r\u016bp\u012bgi apstr\u0101d\u0101tas, lai uzlabotu nodilumiztur\u012bbu. Lai nodro\u0161in\u0101tu vienm\u0113r\u012bgu darb\u012bbu, ir nepiecie\u0161ama regul\u0101ra e\u013c\u013co\u0161ana ar atbilsto\u0161u hidraulisk\u0101s e\u013c\u013cas daudzumu.<\/p>\n<h2>Apkope un p\u0101rbaude<\/h2>\n<p>Regul\u0101ras p\u0101rbaudes un profilaktisk\u0101s apkopes pas\u0101kumi ir b\u016btiski, lai nodro\u0161in\u0101tu kausa cilindra ilgm\u016b\u017e\u012bbu. Da\u017ei bie\u017ei veicamie apkopes darbi ietver regul\u0101ras p\u0101rbaudes, pareizu e\u013c\u013co\u0161anu, bl\u012bv\u0113juma nomai\u0146u un kalibr\u0113\u0161anas p\u0101rbaudes. Uzst\u0101d\u012b\u0161anas laik\u0101 \u012bpa\u0161a uzman\u012bba tiek piev\u0113rsta pareizai uzst\u0101d\u012b\u0161anai, e\u013c\u013co\u0161anai un regul\u0113\u0161anai. Ieteicams pareizi izl\u012bdzin\u0101t cilindru un izmantot atbilsto\u0161us uzst\u0101d\u012b\u0161anas kron\u0161teinus. Tiek sniegtas ieteicam\u0101s p\u0101rbaudes, remonta un nomai\u0146as proced\u016bras, k\u0101 ar\u012b padomi, k\u0101 pagarin\u0101t kausa cilindra kalpo\u0161anas laiku.<\/p>\n<p><img decoding=\"async\" src=\"https:\/\/www.hydraulic-cylinders.net\/wp-content\/uploads\/2025\/01\/songte-chushion-collar.webp\" alt=\"Produkta uzst\u0101d\u012b\u0161ana\"><\/p>\n<h2>Dro\u0161\u012bbas apsv\u0113rumi un vides faktori<\/h2>\n<p>Tiek apspriesta dro\u0161\u012bbas pas\u0101kumu noz\u012bme, lietojot kausa cilindru, un vides faktoru \u0146em\u0161ana v\u0113r\u0101, darbinot iek\u0101rtu.<\/p>\n<h2>K\u013c\u016bmju diagnostika un probl\u0113mu nov\u0113r\u0161ana<\/h2>\n<p>Tiek sniegtas bie\u017ei sastopamas k\u013c\u016bmes un probl\u0113mu nov\u0113r\u0161anas metodes, lai pal\u012bdz\u0113tu las\u012bt\u0101jiem efekt\u012bvi diagnostic\u0113t un nov\u0113rst probl\u0113mas. Tiek ieteikti ar\u012b piesardz\u012bbas pas\u0101kumi, lai samazin\u0101tu potenci\u0101lo probl\u0113mu risku.<\/p>\n<p><img decoding=\"async\" src=\"https:\/\/www.hydraulic-cylinders.net\/wp-content\/uploads\/2025\/01\/songte-bushings-with-all-kinds-of-excavator-models.webp\" alt=\"Produkta probl\u0113mu nov\u0113r\u0161ana\"><\/p>\n<h2>Uz\u0146\u0113muma ievads<\/h2>\n<p>M\u0113s esam rezerves hidraulisko cilindru ra\u017eot\u0101js, pied\u0101v\u0101jot pla\u0161u produktu kl\u0101stu. Esam k\u013cuvu\u0161i par vienu no vado\u0161ajiem hidraulisko cilindru ra\u017eot\u0101jiem un vairumtirdzniec\u012bbas izplat\u012bt\u0101jiem gan viet\u0113j\u0101, gan starptautiskaj\u0101 tirg\u016b. M\u0113s iev\u0113rojam izcilas kvalit\u0101tes principus un pa\u013caujamies uz m\u016bsu izsmalcin\u0101t\u0101s ra\u017eo\u0161anas darbn\u012bcas industrializ\u0113to ra\u017eo\u0161anas vad\u012bbas strat\u0113\u0123iju. Uzsverot tehnolo\u0123iskos talantus, augstas klases digit\u0101l\u0101s ra\u017eo\u0161anas iek\u0101rtas un profesion\u0101l\u0101s test\u0113\u0161anas sist\u0113mas, m\u0113s nep\u0101rtraukti uzlabojam savu ra\u017eo\u0161anas platformu un pilnveidojam ra\u017eo\u0161anas procesu produktu kvalit\u0101tes nodro\u0161in\u0101\u0161anai. Mums ir sp\u0113c\u012bgas inov\u0101ciju sp\u0113jas, un m\u0113s cen\u0161amies apmierin\u0101t da\u017e\u0101das klientu vajadz\u012bbas ar augstu efektivit\u0101ti, precizit\u0101ti un kvalit\u0101ti.<\/p>\n<p><img decoding=\"async\" src=\"https:\/\/hzpt.com\/wp-content\/uploads\/2024\/11\/songte-company-1.webp\" alt=\"Uz\u0146\u0113muma t\u0113ls\"><\/p>\n<h3>Uz\u0146\u0113muma svar\u012bg\u0101kie aspekti:<\/h3>\n<ul>\n<li>Profesionalit\u0101te<\/li>\n<li>Starptautisk\u0101s sertifik\u0101cijas<\/li>\n<li>Piel\u0101go\u0161anas pakalpojumi<\/li>\n<li>Ra\u017eo\u0161anas iek\u0101rtas<\/li>\n<li>P\u0113cp\u0101rdo\u0161anas pakalpojumi<\/li>\n<\/ul>\n<p><img decoding=\"async\" src=\"https:\/\/www.hydraulic-cylinders.net\/wp-content\/uploads\/2025\/01\/songte-company-3.webp\" alt=\"Uz\u0146\u0113muma svar\u012bg\u0101kie notikumi\"><\/p>\n<p>Autors: lil<\/p>\n<p><\/body><br \/>\n<\/html><\/p>","protected":false},"excerpt":{"rendered":"<p>Bucket Cylinder For Baoding WY90D-9 Bucket Cylinder For Baoding WY90D-9 Introduction A bucket cylinder is a specially designed hydraulic cylinder used to control the movement of the bucket in heavy machinery such as excavators, backhoe loaders, and front loaders. Its main function is to enable the bucket to lift, lower, and tilt, facilitating various material [&hellip;]<\/p>","protected":false},"featured_media":14769,"comment_status":"open","ping_status":"closed","template":"","meta":{"_et_pb_use_builder":"","_et_pb_old_content":"","_et_gb_content_width":""},"product_brand":[],"product_cat":[1494],"product_tag":[1495,1496],"class_list":{"0":"post-15953","1":"product","2":"type-product","3":"status-publish","4":"has-post-thumbnail","6":"product_cat-bucket-cylinders","7":"product_tag-bucket-cylinders","8":"product_tag-hydraulic-cylinders","10":"first","11":"instock","12":"shipping-taxable","13":"product-type-simple"},"amp_enabled":true,"_links":{"self":[{"href":"https:\/\/www.hydraulic-cylinders.net\/lv\/wp-json\/wp\/v2\/product\/15953","targetHints":{"allow":["GET"]}}],"collection":[{"href":"https:\/\/www.hydraulic-cylinders.net\/lv\/wp-json\/wp\/v2\/product"}],"about":[{"href":"https:\/\/www.hydraulic-cylinders.net\/lv\/wp-json\/wp\/v2\/types\/product"}],"replies":[{"embeddable":true,"href":"https:\/\/www.hydraulic-cylinders.net\/lv\/wp-json\/wp\/v2\/comments?post=15953"}],"wp:featuredmedia":[{"embeddable":true,"href":"https:\/\/www.hydraulic-cylinders.net\/lv\/wp-json\/wp\/v2\/media\/14769"}],"wp:attachment":[{"href":"https:\/\/www.hydraulic-cylinders.net\/lv\/wp-json\/wp\/v2\/media?parent=15953"}],"wp:term":[{"taxonomy":"product_brand","embeddable":true,"href":"https:\/\/www.hydraulic-cylinders.net\/lv\/wp-json\/wp\/v2\/product_brand?post=15953"},{"taxonomy":"product_cat","embeddable":true,"href":"https:\/\/www.hydraulic-cylinders.net\/lv\/wp-json\/wp\/v2\/product_cat?post=15953"},{"taxonomy":"product_tag","embeddable":true,"href":"https:\/\/www.hydraulic-cylinders.net\/lv\/wp-json\/wp\/v2\/product_tag?post=15953"}],"curies":[{"name":"wp","href":"https:\/\/api.w.org\/{rel}","templated":true}]}}