{"id":15956,"date":"2025-01-19T15:12:51","date_gmt":"2025-01-19T15:12:51","guid":{"rendered":"https:\/\/www.hydraulic-cylinders.net\/product\/bucket-cylinder-for-baoding-wy90-7\/"},"modified":"2025-01-19T15:12:53","modified_gmt":"2025-01-19T15:12:53","slug":"bucket-cylinder-for-baoding-wy90-7","status":"publish","type":"product","link":"https:\/\/www.hydraulic-cylinders.net\/lv\/products\/bucket-cylinder-for-baoding-wy90-7\/","title":{"rendered":"Kausa cilindrs Baoding WY90-7"},"content":{"rendered":"<h1>Kausa cilindrs Baoding WY90-7<\/h1>\n<h2>Produkta defin\u012bcija<\/h2>\n<p>Baoding WY90-7 kausa cilindrs ir specializ\u0113ts hidrauliskais cilindrs, kas galvenok\u0101rt paredz\u0113ts l\u0101pstas kust\u012bbas vad\u012bbai smagaj\u0101s ma\u0161\u012bn\u0101s, piem\u0113ram, ekskavatoros, univers\u0101lajos iekr\u0101v\u0113jos un front\u0101lajos iekr\u0101v\u0113jos. T\u0101 galven\u0101 funkcija ir nodro\u0161in\u0101t l\u0101pstas pacel\u0161anu, nolai\u0161anu un noliek\u0161anu, t\u0101d\u0113j\u0101di atvieglojot da\u017e\u0101du materi\u0101lu apstr\u0101des uzdevumu veik\u0161anu. Hidrauliskaj\u0101 sist\u0113m\u0101 kausa cilindrs izmanto hidraulisk\u0101s e\u013c\u013cas spiediena izmai\u0146as, lai pan\u0101ktu prec\u012bzu l\u0101pstas vad\u012bbu, \u013caujot operatoriem efekt\u012bvi apstr\u0101d\u0101t smagas kravas un piel\u0101goties sare\u017e\u0123\u012btai darba videi un daudzveid\u012bg\u0101m darba pras\u012bb\u0101m.<\/p>\n<p><img decoding=\"async\" src=\"https:\/\/www.hydraulic-cylinders.net\/wp-content\/uploads\/2025\/01\/songte-company-2.webp\" alt=\"kausa cilindrs Baoding WY90-7\" \/><\/p>\n<h2>Produkta funkcijas<\/h2>\n<ul>\n<li>Augsta iztur\u012bba un ilgm\u016b\u017e\u012bba: Parasti izgatavots no augstas stipr\u012bbas t\u0113rauda vai alum\u012bnija, tas var iztur\u0113t augstu spiedienu un lielas slodzes, piel\u0101goties skarbai darba videi un ir izstr\u0101d\u0101ts ar nodilumiztur\u012bbu un iztur\u012bbu pret koroziju, pagarinot kalpo\u0161anas laiku.<\/li>\n<li>Efekt\u012bva hidraulisk\u0101 darb\u012bba: Vienm\u0113r\u012bga izvilk\u0161ana un ievilk\u0161ana tiek pan\u0101kta, izmantojot hidraulisk\u0101s e\u013c\u013cas spiedienu, kas var \u0101tri rea\u0123\u0113t uz darb\u012bbas komand\u0101m, nodro\u0161inot sp\u0113c\u012bgus stum\u0161anas un vilk\u0161anas sp\u0113kus, kas ir piem\u0113roti smagu kravu apstr\u0101dei un sare\u017e\u0123\u012btu darbu veik\u0161anai.<\/li>\n<li>Da\u017e\u0101di veidi: vienas darb\u012bbas (hidrauliski darbojas tikai vien\u0101 virzien\u0101) vai divk\u0101r\u0161as darb\u012bbas (hidrauliski darbojas abos virzienos) cilindrus var izv\u0113l\u0113ties atbilsto\u0161i pras\u012bb\u0101m, lai apmierin\u0101tu da\u017e\u0101das ekspluat\u0101cijas vajadz\u012bbas. Da\u017ei mode\u013ci ir teleskopiski, kas \u013cauj tos pagarin\u0101t, nepalielinot \u0101r\u0113jos izm\u0113rus, t\u0101p\u0113c tie ir piem\u0113roti lietojumiem ar ierobe\u017eotu vietu.<\/li>\n<li>Savietojams ar da\u017e\u0101d\u0101m ma\u0161\u012bn\u0101m: m\u016bsu produkts var lieliski aizst\u0101t \u0161os hidrauliskos cilindrus.<\/li>\n<\/ul>\n<p><img decoding=\"async\" src=\"https:\/\/www.hydraulic-cylinders.net\/wp-content\/uploads\/2025\/01\/songte-cylinder-head-with-all-kinds-excavator-models.webp\" alt=\"sader\u012bgs hidrauliskais cilindrs da\u017e\u0101d\u0101m ma\u0161\u012bn\u0101m\" \/><\/p>\n<h2>Pieteikumi<\/h2>\n<p>Baoding WY90-7 kausa cilindru var izmantot da\u017e\u0101d\u0101s smagaj\u0101s ma\u0161\u012bn\u0101s, tostarp:<\/p>\n<ul>\n<li>B\u016bvniec\u012bbas tehnika: t\u0101 ir b\u016btiska ekskavatoriem, jo \u200b\u200btie rok, iekrauj un p\u0101rvieto augsni vai gru\u017eus. Ekskavatoros-iekr\u0101v\u0113jos l\u0101pstas cilindrs pal\u012bdz rak\u0161anas un cel\u0161anas darbos. <\/li>\n<li>Lauksaimniec\u012bbas tehnika: Izmanto front\u0101lajos iekr\u0101v\u0113jos augsnes, siena un citu materi\u0101lu sav\u0101k\u0161anai, cel\u0161anai un transport\u0113\u0161anai. <\/li>\n<li>Ekskavatori: Kausa cilindrs nodro\u0161ina rak\u0161anas darb\u012bbu, \u013caujot l\u0101pstai iek\u013c\u016bt augsn\u0113.<\/li>\n<li>Iekr\u0101v\u0113js: Front\u0101lajos iekr\u0101v\u0113jos tie pal\u012bdz efekt\u012bvi pacelt un noliekt kravu.<\/li>\n<\/ul>\n<h2>Dizaina apsv\u0113rumi un atlases krit\u0113riji<\/h2>\n<p>Projekt\u0113jot Baoding WY90-7 kausa cilindru, tika \u0146emti v\u0113r\u0101 vair\u0101ki faktori, tostarp:<\/p>\n<h3>Nestsp\u0113ja<\/h3>\n<p>Cilindrs ir izgatavots no augstas iztur\u012bbas materi\u0101liem, kas sp\u0113j iztur\u0113t milz\u012bgas slodzes un skarbu darba vidi.<\/p>\n<h3>Bl\u012bv\u0113\u0161ana<\/h3>\n<p>Cilindr\u0101 tiek izmantoti da\u017e\u0101di bl\u012bv\u0113jumi, piem\u0113ram, virzu\u013ca bl\u012bv\u0113jumi, stie\u0146a bl\u012bv\u0113jumi un stikla t\u012br\u012bt\u0101ju bl\u012bv\u0113jumi, kas izgatavoti no poliuret\u0101na, nitrila gumijas utt., lai iztur\u0113tu nodilumu un nov\u0113rstu hidraulisk\u0101 \u0161\u0137idruma nopl\u016bdi.<\/p>\n<h3>Iztur\u012bba<\/h3>\n<p>Cilindrs ir konstru\u0113ts t\u0101, lai b\u016btu iztur\u012bgs un iztur\u012bgs pret koroziju, un cilindra gala virsmas un v\u012bt\u0146otie gali ir smalki apstr\u0101d\u0101ti, lai uzlabotu nodilumiztur\u012bbu.<\/p>\n<h3>Dro\u0161\u012bba<\/h3>\n<p>Kausa cilindrs ir konstru\u0113ts t\u0101, lai b\u016btu dro\u0161s, un, pareizi lietojot, tas nerad\u012bs nek\u0101dus boj\u0101jumus vai traumas. Tas ir apr\u012bkots ar dro\u0161\u012bbas meh\u0101nismiem negad\u012bjumu nov\u0113r\u0161anai, piem\u0113ram, dro\u0161\u012bbas v\u0101rstiem, kas nov\u0113r\u0161 cilindra pl\u012b\u0161anu vai sabruk\u0161anu hidraulisk\u0101s sist\u0113mas atteices gad\u012bjum\u0101.<\/p>\n<h3>Apkope<\/h3>\n<p>Kausa cilindram nepiecie\u0161ama regul\u0101ra apkope, tostarp t\u012br\u012b\u0161ana, p\u0101rbaude un e\u013c\u013co\u0161ana. Lietot\u0101jiem ieteicams periodiski nomain\u012bt nolietot\u0101s bl\u012bves un citas sast\u0101vda\u013cas, k\u0101 ar\u012b uzpild\u012bt hidraulisko e\u013c\u013cu, lai cilindrs darbotos pareizi.<\/p>\n<p><img decoding=\"async\" src=\"https:\/\/www.hydraulic-cylinders.net\/wp-content\/uploads\/2025\/01\/songte-oil-pipes-and-spare-parts.webp\" alt=\"kausa cilindra rezerves da\u013cas\" \/><\/p>\n<h2>Bl\u012bv\u0113\u0161ana un e\u013c\u013co\u0161ana<\/h2>\n<p>Kausa cilindram tiek izmantoti da\u017e\u0101di bl\u012bv\u0113jumi, piem\u0113ram, virzu\u013ca bl\u012bv\u0113jumi, stie\u0146a bl\u012bv\u0113jumi un stikla t\u012br\u012bt\u0101ju bl\u012bv\u0113jumi, kas izgatavoti no poliuret\u0101na, nitrila gumijas utt., lai iztur\u0113tu nodilumu un nov\u0113rstu hidraulisk\u0101 \u0161\u0137idruma nopl\u016bdi. Lai nodro\u0161in\u0101tu vienm\u0113r\u012bgu darb\u012bbu un nov\u0113rstu nodilumu, tas regul\u0101ri j\u0101iee\u013c\u013co hidraulisk\u0101s e\u013c\u013cas veid\u0101. Cilindra gala virsmas un v\u012bt\u0146otie gali ir smalki apstr\u0101d\u0101ti, lai uzlabotu nodilumiztur\u012bbu, ta\u010du tie joproj\u0101m ir regul\u0101ri j\u0101iee\u013c\u013co.<\/p>\n<h2>Apkope un remonts<\/h2>\n<p>Regul\u0101ra kausa cilindra apkope un remonts ir b\u016btisks, lai nodro\u0161in\u0101tu t\u0101 pareizu darb\u012bbu un ilgu kalpo\u0161anas laiku. Apkopes darbi ietver t\u012br\u012b\u0161anu, p\u0101rbaudi un e\u013c\u013co\u0161anu. Remonta darbi ietver nodilu\u0161u bl\u012bv\u0113jumu un citu deta\u013cu nomai\u0146u un cilindra atjauno\u0161anu, ja nepiecie\u0161ams. T\u0101l\u0101k sniegti da\u017ei padomi pareizai apkopei un remontam:<\/p>\n<ul>\n<li>Regul\u0101ri p\u0101rbaudiet cilindru, vai nav nodiluma, nopl\u016b\u017eu un citu probl\u0113mu.<\/li>\n<li>Lai cilindrs darbotos pareizi, periodiski nomainiet nolietot\u0101s bl\u012bves un citas sast\u0101vda\u013cas.<\/li>\n<li>Regul\u0101ri uzpildiet hidraulisko e\u013c\u013cu, lai nodro\u0161in\u0101tu nevainojamu darb\u012bbu un nov\u0113rstu nodilumu.<\/li>\n<li>Uzst\u0101d\u012b\u0161anas laik\u0101 pareizi izl\u012bdziniet cilindru un nostiprin\u0101\u0161anai izmantojiet atbilsto\u0161us uzst\u0101d\u012b\u0161anas kron\u0161teinus.<\/li>\n<li>Lai nodro\u0161in\u0101tu cilindra dro\u0161u un efekt\u012bvu darb\u012bbu, iev\u0113rojiet ieteicam\u0101s p\u0101rbaudes, remonta un nomai\u0146as proced\u016bras.<\/li>\n<li>Balona apkopei izmantojiet tikai ori\u0123in\u0101l\u0101s deta\u013cas un komponentus.<\/li>\n<\/ul>\n<p><img decoding=\"async\" src=\"https:\/\/www.hydraulic-cylinders.net\/wp-content\/uploads\/2025\/01\/songte-chushion-collar.webp\" alt=\"Amortizatora apkakle kausa cilindram\" \/><\/p>\n<h2>Dro\u0161\u012bbas un vides apsv\u0113rumi<\/h2>\n<p>Lietojot kausa cilindru, j\u0101veic dro\u0161\u012bbas pas\u0101kumi, lai nov\u0113rstu negad\u012bjumus un traumas. Ir svar\u012bgi iev\u0113rot ra\u017eot\u0101ja nor\u0101d\u012bjumus par dro\u0161u ekspluat\u0101ciju un apkopi, k\u0101 ar\u012b lietot atbilsto\u0161us individu\u0101los aizsardz\u012bbas l\u012bdzek\u013cus, piem\u0113ram, cimdus un aizsargbrilles.<\/p>\n<h2>Probl\u0113mu nov\u0113r\u0161ana un bie\u017ei sastopamas probl\u0113mas<\/h2>\n<p>Kausa cilindram var rasties da\u017e\u0101das probl\u0113mas, piem\u0113ram, nopl\u016bdes, nolietoti bl\u012bv\u0113jumi un citas probl\u0113mas. \u0160o probl\u0113mu nov\u0113r\u0161anai ir nepiecie\u0161amas pamatzin\u0101\u0161anas par cilindru un t\u0101 sast\u0101vda\u013c\u0101m. T\u0101l\u0101k ir nor\u0101d\u012btas da\u017eas bie\u017ei sastopamas probl\u0113mas un to risin\u0101jumi:<\/p>\n<ul>\n<li>Nopl\u016bdis cilindrs: p\u0101rbaudiet bl\u012bves un citas sast\u0101vda\u013cas, vai t\u0101s nav nolietotas, un, ja nepiecie\u0161ams, nomainiet t\u0101s.<\/li>\n<li>Nolietotas bl\u012bves: nomainiet bl\u012bves ar ori\u0123in\u0101l\u0101m deta\u013c\u0101m un komponentiem.<\/li>\n<li>Citas probl\u0113mas: Izpildiet ra\u017eot\u0101ja ieteikt\u0101s probl\u0113mu nov\u0113r\u0161anas proced\u016bras, lai identific\u0113tu un atrisin\u0101tu probl\u0113mu.<\/li>\n<\/ul>\n<p><img decoding=\"async\" src=\"https:\/\/www.hydraulic-cylinders.net\/wp-content\/uploads\/2025\/01\/songte-bushings-with-all-kinds-of-excavator-models.webp\" alt=\"bukses kausa cilindram\" \/><\/p>\n<h2>Par m\u016bsu uz\u0146\u0113mumu<\/h2>\n<p>M\u0113s esam hidraulisko cilindru ra\u017eot\u0101js, kas var aizst\u0101t Baoding WY90-7 kausa cilindru. M\u016bsu uz\u0146\u0113mumam ir pilns produktu kl\u0101sts, un tas ir viens no vado\u0161ajiem hidraulisko cilindru ra\u017eot\u0101jiem un vairumtirgot\u0101jiem viet\u0113j\u0101 un starptautiskaj\u0101 tirg\u016b. M\u0113s iev\u0113rojam izcilas kvalit\u0101tes principu, pa\u013caujoties uz r\u016bpniecisk\u0101s ra\u017eo\u0161anas vad\u012bbas strat\u0113\u0123ij\u0101m smalk\u0101s ra\u017eo\u0161anas darbn\u012bc\u0101s, nep\u0101rtrauktu m\u016bsu ra\u017eo\u0161anas platformu uzlabo\u0161anu, produktu ra\u017eo\u0161anas kvalit\u0101tes ce\u013cu pilnveido\u0161anu un sp\u0113c\u012bgu rado\u0161o sp\u0113ju. M\u016bsu uz\u0146\u0113mums apmierina klientu da\u017e\u0101d\u0101s vajadz\u012bbas ar augstu efektivit\u0101ti, augstu precizit\u0101ti un augstas kvalit\u0101tes principiem. <\/p>\n<p><img decoding=\"async\" src=\"https:\/\/hzpt.com\/wp-content\/uploads\/2024\/11\/songte-company-1.webp\" alt=\"uz\u0146\u0113muma logotips\" \/><\/p>\n<h3>M\u016bsu specializ\u0101cijas<\/h3>\n<ul>\n<li>Profesionalit\u0101te<\/li>\n<li>Starptautisk\u0101 sertifik\u0101cija<\/li>\n<li>Piel\u0101goti pakalpojumi<\/li>\n<li>Uzlabotas ra\u017eo\u0161anas iek\u0101rtas<\/li>\n<li>Lielisks p\u0113cp\u0101rdo\u0161anas serviss<\/li>\n<\/ul>\n<p>M\u016bsu uz\u0146\u0113muma produkti ir iztur\u0113ju\u0161i da\u017e\u0101dus starptautiskus sertifik\u0101tus, piem\u0113ram, ISO 9001, CE un SGS, un mums ir profesion\u0101la tehnisk\u0101 komanda, kas nodro\u0161ina piel\u0101gotus pakalpojumus. M\u016bsu uz\u0146\u0113mums iev\u0113ro stingrus kvalit\u0101tes kontroles pas\u0101kumus un izmanto modernu ra\u017eo\u0161anas apr\u012bkojumu, lai nodro\u0161in\u0101tu m\u016bsu produktu atbilst\u012bbu augstiem kvalit\u0101tes standartiem. M\u0113s nodro\u0161in\u0101m ar\u012b lieliskus p\u0113cp\u0101rdo\u0161anas pakalpojumus, lai nodro\u0161in\u0101tu klientu apmierin\u0101t\u012bbu.<\/p>\n<p>Ja mekl\u0113jat uzticamu hidraulisko cilindru pieg\u0101d\u0101t\u0101ju, l\u016bdzu, sazinieties ar mums, lai ieg\u016btu pla\u0161\u0101ku inform\u0101ciju.<\/p>\n<p>Autors: Lails.<\/p>","protected":false},"excerpt":{"rendered":"<p>Bucket Cylinder For Baoding WY90-7 Product Definition The bucket cylinder for Baoding WY90-7 is a specialized hydraulic cylinder designed primarily for controlling the movement of shovels in heavy machinery such as excavators, backhoe loaders, and front-end loaders. Its main function is to enable the shovel to lift, lower and tilt, making it easier to handle [&hellip;]<\/p>","protected":false},"featured_media":14761,"comment_status":"open","ping_status":"closed","template":"","meta":{"_et_pb_use_builder":"","_et_pb_old_content":"","_et_gb_content_width":""},"product_brand":[],"product_cat":[1494],"product_tag":[1495,1496],"class_list":{"0":"post-15956","1":"product","2":"type-product","3":"status-publish","4":"has-post-thumbnail","6":"product_cat-bucket-cylinders","7":"product_tag-bucket-cylinders","8":"product_tag-hydraulic-cylinders","10":"first","11":"instock","12":"shipping-taxable","13":"product-type-simple"},"amp_enabled":true,"_links":{"self":[{"href":"https:\/\/www.hydraulic-cylinders.net\/lv\/wp-json\/wp\/v2\/product\/15956","targetHints":{"allow":["GET"]}}],"collection":[{"href":"https:\/\/www.hydraulic-cylinders.net\/lv\/wp-json\/wp\/v2\/product"}],"about":[{"href":"https:\/\/www.hydraulic-cylinders.net\/lv\/wp-json\/wp\/v2\/types\/product"}],"replies":[{"embeddable":true,"href":"https:\/\/www.hydraulic-cylinders.net\/lv\/wp-json\/wp\/v2\/comments?post=15956"}],"wp:featuredmedia":[{"embeddable":true,"href":"https:\/\/www.hydraulic-cylinders.net\/lv\/wp-json\/wp\/v2\/media\/14761"}],"wp:attachment":[{"href":"https:\/\/www.hydraulic-cylinders.net\/lv\/wp-json\/wp\/v2\/media?parent=15956"}],"wp:term":[{"taxonomy":"product_brand","embeddable":true,"href":"https:\/\/www.hydraulic-cylinders.net\/lv\/wp-json\/wp\/v2\/product_brand?post=15956"},{"taxonomy":"product_cat","embeddable":true,"href":"https:\/\/www.hydraulic-cylinders.net\/lv\/wp-json\/wp\/v2\/product_cat?post=15956"},{"taxonomy":"product_tag","embeddable":true,"href":"https:\/\/www.hydraulic-cylinders.net\/lv\/wp-json\/wp\/v2\/product_tag?post=15956"}],"curies":[{"name":"wp","href":"https:\/\/api.w.org\/{rel}","templated":true}]}}