{"id":15957,"date":"2025-01-19T15:12:55","date_gmt":"2025-01-19T15:12:55","guid":{"rendered":"https:\/\/www.hydraulic-cylinders.net\/product\/bucket-cylinder-for-baoding-sc240sd-8\/"},"modified":"2025-01-19T15:12:59","modified_gmt":"2025-01-19T15:12:59","slug":"bucket-cylinder-for-baoding-sc240sd-8","status":"publish","type":"product","link":"https:\/\/www.hydraulic-cylinders.net\/lv\/products\/bucket-cylinder-for-baoding-sc240sd-8\/","title":{"rendered":"Kausa cilindrs Baoding SC240SD.8"},"content":{"rendered":"<p><!DOCTYPE html><br \/>\n<html><br \/>\n<head><br \/>\n    <title>Kausa cilindrs Baoding SC240SD.8<\/title><br \/>\n<\/head><br \/>\n<body><\/p>\n<h1>Kausa cilindrs Baoding SC240SD.8<\/h1>\n<h2>Ievads<\/h2>\n<p>Kausa cilindrs ir speci\u0101li izstr\u0101d\u0101ts hidrauliskais cilindrs, ko izmanto smagaj\u0101s ma\u0161\u012bn\u0101s, piem\u0113ram, ekskavatoros, iekr\u0101v\u0113jos ar daudzfunkcion\u0101lu apr\u012bkojumu un front\u0101lajos iekr\u0101v\u0113jos, lai kontrol\u0113tu kausa kust\u012bbu. T\u0101 galven\u0101 funkcija ir atvieglot da\u017e\u0101dus materi\u0101lu apstr\u0101des uzdevumus, \u013caujot kausam pacelties, nolaisties un noliekties. Hidrauliskaj\u0101 sist\u0113m\u0101 kausa cilindrs pan\u0101k prec\u012bzu kausa vad\u012bbu, izmantojot hidraulisk\u0101s e\u013c\u013cas spiediena izmai\u0146as, \u013caujot operatoriem efekt\u012bvi apstr\u0101d\u0101t smagas kravas un piel\u0101goties sare\u017e\u0123\u012btai darba videi un da\u017e\u0101d\u0101m darba pras\u012bb\u0101m.<\/p>\n<p>    <img decoding=\"async\" src=\"https:\/\/www.hydraulic-cylinders.net\/wp-content\/uploads\/2025\/01\/songte-company-2.webp\"><\/p>\n<h2>Funkcijas<\/h2>\n<ul>\n<li><strong>Augsta iztur\u012bba un ilgm\u016b\u017e\u012bba:<\/strong> Parasti no augstas stipr\u012bbas t\u0113rauda vai alum\u012bnija izgatavotais kausa cilindrs sp\u0113j iztur\u0113t augstu spiedienu un lielas slodzes, piel\u0101gojoties skarbai darba videi. T\u0101 konstrukcija \u0146em v\u0113r\u0101 nodilumiztur\u012bbu un korozijas iztur\u012bbu, lai pagarin\u0101tu t\u0101 kalpo\u0161anas laiku.<\/li>\n<li><strong>Efekt\u012bva hidraulisk\u0101 darb\u012bba:<\/strong> Izmantojot hidraulisk\u0101s e\u013c\u013cas spiedienu, kausa cilindrs pan\u0101k vienm\u0113r\u012bgu izstiep\u0161anu un ievilk\u0161anu, \u013caujot \u0101tri rea\u0123\u0113t uz vad\u012bbas komand\u0101m un nodro\u0161inot jaud\u012bgu stum\u0161anas un vilk\u0161anas sp\u0113ku, kas piem\u0113rots smagu kravu apstr\u0101dei un sare\u017e\u0123\u012btu darba uzdevumu veik\u0161anai.<\/li>\n<li><strong>Daudzpus\u012bgi veidi:<\/strong> Kausa cilindru var izv\u0113l\u0113ties k\u0101 vienk\u0101r\u0161\u0101s darb\u012bbas (hidrauliskais spiediens tiek izmantots tikai vien\u0101 virzien\u0101) vai divk\u0101r\u0161\u0101s darb\u012bbas (hidrauliskais spiediens tiek izmantots abos virzienos) cilindrus atbilsto\u0161i konkr\u0113t\u0101m ekspluat\u0101cijas vajadz\u012bb\u0101m. Da\u017ei mode\u013ci ir teleskopiski, kas \u013cauj pan\u0101kt liel\u0101ku pagarin\u0101jumu, nepalielinot \u0101r\u0113jos izm\u0113rus, padarot tos piem\u0113rotus lietojumiem ar ierobe\u017eotu telpu.<\/li>\n<li><strong>Produktu aizst\u0101\u0161ana:<\/strong> M\u016bsu produkti var lieliski aizst\u0101t \u0161os hidrauliskos cilindrus.<\/li>\n<\/ul>\n<p>    <img decoding=\"async\" src=\"https:\/\/www.hydraulic-cylinders.net\/wp-content\/uploads\/2025\/01\/songte-cylinder-head-with-all-kinds-excavator-models.webp\"><\/p>\n<h2>Pieteikumi<\/h2>\n<ul>\n<li><strong>Celtniec\u012bbas apr\u012bkojums:<\/strong> Tie ir atrodami ekskavatoros, un tie ir vit\u0101li svar\u012bgi rak\u0161anas, iekrau\u0161anas un augsnes vai gru\u017eu p\u0101rvieto\u0161anas darbiem. Ekskavator\u0101-iekr\u0101v\u0113j\u0101 kausa cilindrs pal\u012bdz gan rak\u0161anas, gan cel\u0161anas darbos.<\/li>\n<li><strong>Lauksaimniec\u012bbas tehnika:<\/strong> Izmantojot front\u0101los iekr\u0101v\u0113jus, tie pal\u012bdz sav\u0101kt, pacelt un transport\u0113t augsni, sienu un citus materi\u0101lus.<\/li>\n<li><strong>Ekskavatori:<\/strong> Kausa cilindrs nodro\u0161ina rak\u0161anas darb\u012bbas, \u013caujot kausam iek\u013c\u016bt augsn\u0113.<\/li>\n<li><strong>Iekr\u0101v\u0113ji:<\/strong> Front\u0101lajos iekr\u0101v\u0113jos tie pal\u012bdz efekt\u012bvi pacelt un izkraut preces.<\/li>\n<\/ul>\n<h2>Dizaina apsv\u0113rumi un atlases krit\u0113riji<\/h2>\n<ul>\n<li><strong>Kravnes\u012bba:<\/strong> Kausa cilindrs ir konstru\u0113ts t\u0101, lai iztur\u0113tu nor\u0101d\u012bto slodzes kapacit\u0101ti, nodro\u0161inot dro\u0161u un efekt\u012bvu darb\u012bbu.<\/li>\n<li><strong>Bl\u012bv\u0113jums:<\/strong> Tiek izmantoti da\u017e\u0101di bl\u012bv\u0113\u0161anas elementi, piem\u0113ram, virzu\u013ca bl\u012bvsl\u0113gi \u200b\u200bun stie\u0146u bl\u012bvsl\u0113gi, kas izgatavoti no nodilumiztur\u012bgiem materi\u0101liem, piem\u0113ram, poliuret\u0101na un nitrila gumijas. Cilindra korpuss un v\u012bt\u0146otie gali tiek r\u016bp\u012bgi apstr\u0101d\u0101ti, lai uzlabotu nodilumiztur\u012bbu. Nepiecie\u0161ama regul\u0101ra e\u013c\u013co\u0161ana ar atbilsto\u0161u hidraulisko e\u013c\u013cu.<\/li>\n<\/ul>\n<p>    <img decoding=\"async\" src=\"https:\/\/www.hydraulic-cylinders.net\/wp-content\/uploads\/2025\/01\/songte-oil-pipes-and-spare-parts.webp\"><\/p>\n<h2>Apkope un e\u013c\u013co\u0161ana<\/h2>\n<ul>\n<li><strong>Regul\u0101ra p\u0101rbaude un profilaktisk\u0101 apkope:<\/strong> Regul\u0101ri p\u0101rbaudiet kausa cilindru, vai nav boj\u0101jumu vai nodiluma paz\u012bmju. Veiciet profilaktisk\u0101s apkopes darbus, lai samazin\u0101tu iesp\u0113jam\u0101s probl\u0113mas.<\/li>\n<li><strong>Pareiza uzst\u0101d\u012b\u0161ana:<\/strong> Uzst\u0101d\u012b\u0161anas laik\u0101 sniedziet atbilsto\u0161as \u200b\u200bnor\u0101des par cilindra izl\u012bdzin\u0101\u0161anu. Cilindra nostiprin\u0101\u0161anai ieteicams izmantot piem\u0113rotus uzst\u0101d\u012b\u0161anas kron\u0161teinus.<\/li>\n<li><strong>Ieteicamie apkopes darbi:<\/strong> Regul\u0101ri p\u0101rbaudiet, iee\u013c\u013cojiet, nomainiet bl\u012bves un veiciet kalibr\u0113\u0161anas p\u0101rbaudes. Uzsveriet pareizas uzst\u0101d\u012b\u0161anas, e\u013c\u013co\u0161anas un regul\u0113\u0161anas noz\u012bmi. Sniedziet ieteicam\u0101s p\u0101rbaudes, remonta un nomai\u0146as proced\u016bras. Pied\u0101v\u0101jiet rezerves da\u013cas un atjauno\u0161anas pakalpojumus, lai pagarin\u0101tu kausa cilindra kalpo\u0161anas laiku.<\/li>\n<\/ul>\n<p>    <img decoding=\"async\" src=\"https:\/\/www.hydraulic-cylinders.net\/wp-content\/uploads\/2025\/01\/songte-chushion-collar.webp\"><\/p>\n<h2>Dro\u0161\u012bbas apsv\u0113rumi un vides faktori<\/h2>\n<p>Izmantojot kausa cilindru, ir svar\u012bgi priorit\u0101ri piev\u0113rsties dro\u0161\u012bbas pas\u0101kumiem, lai nov\u0113rstu negad\u012bjumus vai traumas. \u0145emiet v\u0113r\u0101 vides faktorus, lai nodro\u0161in\u0101tu cilindra pareizu darb\u012bbu un ilgm\u016b\u017e\u012bbu.<\/p>\n<h2>Probl\u0113mu nov\u0113r\u0161ana un bie\u017ei sastopamas probl\u0113mas<\/h2>\n<p>Sniedziet probl\u0113mu nov\u0113r\u0161anas padomus un risin\u0101jumus, lai pal\u012bdz\u0113tu las\u012bt\u0101jiem efekt\u012bvi diagnostic\u0113t un nov\u0113rst probl\u0113mas. Nor\u0101diet prevent\u012bvus pas\u0101kumus, lai samazin\u0101tu potenci\u0101l\u0101s probl\u0113mas.<\/p>\n<p>    <img decoding=\"async\" src=\"https:\/\/www.hydraulic-cylinders.net\/wp-content\/uploads\/2025\/01\/songte-bushings-with-all-kinds-of-excavator-models.webp\"><\/p>\n<h2>Par m\u016bsu uz\u0146\u0113mumu<\/h2>\n<p>M\u0113s esam rezerves hidraulisko cilindru ra\u017eot\u0101js, kas pied\u0101v\u0101 pla\u0161u produktu kl\u0101stu. Esam k\u013cuvu\u0161i par vienu no vado\u0161ajiem hidraulisko cilindru ra\u017eot\u0101jiem un vairumtirgot\u0101jiem viet\u0113j\u0101 un starptautiskaj\u0101 tirg\u016b. M\u016bsu uz\u0146\u0113mums iev\u0113ro izcil\u012bbas un kvalit\u0101tes principus, pa\u013caujoties uz r\u016bpniecisk\u0101s ra\u017eo\u0161anas vad\u012bbas strat\u0113\u0123ij\u0101m m\u016bsu pilnveidotaj\u0101s ra\u017eo\u0161anas darbn\u012bc\u0101s. M\u0113s past\u0101v\u012bgi uzlabojam savu ra\u017eo\u0161anas platformu, ieguldot tehniskajos talantos, digit\u0101l\u0101s augstas klases ra\u017eo\u0161anas iek\u0101rt\u0101s un profesion\u0101l\u0101s test\u0113\u0161anas sist\u0113m\u0101s. Ar efekt\u012bviem, prec\u012bziem un augstas kvalit\u0101tes principiem m\u0113s apmierin\u0101m m\u016bsu klientu daudzveid\u012bg\u0101s vajadz\u012bbas.<\/p>\n<p>    <img decoding=\"async\" src=\"https:\/\/hzpt.com\/wp-content\/uploads\/2024\/11\/songte-company-1.webp\"><\/p>\n<h2>Uz\u0146\u0113muma p\u0101rskats<\/h2>\n<ul>\n<li><strong>Profesionalit\u0101te:<\/strong> M\u0113s uzsveram profesionalit\u0101ti visos m\u016bsu darb\u012bbas aspektos.<\/li>\n<li><strong>Starptautisk\u0101s sertifik\u0101cijas:<\/strong> M\u016bsu produkti atbilst starptautiskajiem standartiem un sertifik\u0101tiem.<\/li>\n<li><strong>Piel\u0101go\u0161anas pakalpojumi:<\/strong> M\u0113s pied\u0101v\u0101jam piel\u0101go\u0161anas pakalpojumus, lai apmierin\u0101tu \u012bpa\u0161as klientu pras\u012bbas.<\/li>\n<li><strong>Ra\u017eo\u0161anas iek\u0101rtas:<\/strong> M\u0113s izmantojam modernu ra\u017eo\u0161anas apr\u012bkojumu, lai nodro\u0161in\u0101tu augstas kvalit\u0101tes produktus.<\/li>\n<li><strong>P\u0113cp\u0101rdo\u0161anas pakalpojumi:<\/strong> M\u0113s pied\u0101v\u0101jam visaptvero\u0161us p\u0113cp\u0101rdo\u0161anas pakalpojumus, lai sniegtu atbalstu un pal\u012bdz\u012bbu m\u016bsu klientiem.<\/li>\n<\/ul>\n<p>    <img decoding=\"async\" src=\"https:\/\/www.hydraulic-cylinders.net\/wp-content\/uploads\/2025\/01\/songte-company-3.webp\"><\/p>\n<p>Autors: Lails.<\/p>\n<p><\/body><br \/>\n<\/html><\/p>","protected":false},"excerpt":{"rendered":"<p>Bucket Cylinder For Baoding SC240SD.8 Bucket Cylinder For Baoding SC240SD.8 Introduction The bucket cylinder is a specially designed hydraulic cylinder used in heavy machinery such as excavators, backhoe loaders, and front-end loaders to control the movement of the bucket. Its main function is to facilitate various material handling tasks by enabling the bucket to lift, [&hellip;]<\/p>","protected":false},"featured_media":14789,"comment_status":"open","ping_status":"closed","template":"","meta":{"_et_pb_use_builder":"","_et_pb_old_content":"","_et_gb_content_width":""},"product_brand":[],"product_cat":[1494],"product_tag":[1495,1496],"class_list":{"0":"post-15957","1":"product","2":"type-product","3":"status-publish","4":"has-post-thumbnail","6":"product_cat-bucket-cylinders","7":"product_tag-bucket-cylinders","8":"product_tag-hydraulic-cylinders","10":"first","11":"instock","12":"shipping-taxable","13":"product-type-simple"},"amp_enabled":true,"_links":{"self":[{"href":"https:\/\/www.hydraulic-cylinders.net\/lv\/wp-json\/wp\/v2\/product\/15957","targetHints":{"allow":["GET"]}}],"collection":[{"href":"https:\/\/www.hydraulic-cylinders.net\/lv\/wp-json\/wp\/v2\/product"}],"about":[{"href":"https:\/\/www.hydraulic-cylinders.net\/lv\/wp-json\/wp\/v2\/types\/product"}],"replies":[{"embeddable":true,"href":"https:\/\/www.hydraulic-cylinders.net\/lv\/wp-json\/wp\/v2\/comments?post=15957"}],"wp:featuredmedia":[{"embeddable":true,"href":"https:\/\/www.hydraulic-cylinders.net\/lv\/wp-json\/wp\/v2\/media\/14789"}],"wp:attachment":[{"href":"https:\/\/www.hydraulic-cylinders.net\/lv\/wp-json\/wp\/v2\/media?parent=15957"}],"wp:term":[{"taxonomy":"product_brand","embeddable":true,"href":"https:\/\/www.hydraulic-cylinders.net\/lv\/wp-json\/wp\/v2\/product_brand?post=15957"},{"taxonomy":"product_cat","embeddable":true,"href":"https:\/\/www.hydraulic-cylinders.net\/lv\/wp-json\/wp\/v2\/product_cat?post=15957"},{"taxonomy":"product_tag","embeddable":true,"href":"https:\/\/www.hydraulic-cylinders.net\/lv\/wp-json\/wp\/v2\/product_tag?post=15957"}],"curies":[{"name":"wp","href":"https:\/\/api.w.org\/{rel}","templated":true}]}}