{"id":15959,"date":"2025-01-19T15:13:05","date_gmt":"2025-01-19T15:13:05","guid":{"rendered":"https:\/\/www.hydraulic-cylinders.net\/product\/bucket-cylinder-for-baoding-sc400-8\/"},"modified":"2025-01-19T15:13:07","modified_gmt":"2025-01-19T15:13:07","slug":"bucket-cylinder-for-baoding-sc400-8","status":"publish","type":"product","link":"https:\/\/www.hydraulic-cylinders.net\/lv\/products\/bucket-cylinder-for-baoding-sc400-8\/","title":{"rendered":"Kausa cilindrs priek\u0161 Baoding SC400.8"},"content":{"rendered":"<h1>Kausa cilindrs priek\u0161 Baoding SC400.8<\/h1>\n<h2>Ievads<\/h2>\n<p>Kausa cilindrs ir speci\u0101li izstr\u0101d\u0101ts hidrauliskais cilindrs, ko galvenok\u0101rt izmanto, lai kontrol\u0113tu kausa kust\u012bbu smagaj\u0101s ma\u0161\u012bn\u0101s, piem\u0113ram, ekskavatoros, univers\u0101lajos ekskavatoros un front\u0101lajos iekr\u0101v\u0113jos. T\u0101 galven\u0101 funkcija ir nodro\u0161in\u0101t kausa pacel\u0161anu, nolai\u0161anu un noliek\u0161anu, atvieglojot da\u017e\u0101du materi\u0101lu apstr\u0101des uzdevumu veik\u0161anu. Hidrauliskaj\u0101 sist\u0113m\u0101 kausa cilindrs pan\u0101k prec\u012bzu kausa kust\u012bbas kontroli, mainot hidraulisk\u0101s e\u013c\u013cas spiedienu, \u013caujot operatoriem efekt\u012bvi apstr\u0101d\u0101t smagas kravas un piel\u0101goties sare\u017e\u0123\u012btai darba videi un da\u017e\u0101d\u0101m ekspluat\u0101cijas vajadz\u012bb\u0101m.<\/p>\n<p><img decoding=\"async\" src=\"https:\/\/www.hydraulic-cylinders.net\/wp-content\/uploads\/2025\/01\/songte-company-2.webp\" alt=\"Kausa cilindrs priek\u0161 Baoding SC400.8\" \/><\/p>\n<h3>Funkcijas<\/h3>\n<ul>\n<li>Augsta iztur\u012bba un ilgm\u016b\u017e\u012bba: parasti izgatavots no augstas stipr\u012bbas t\u0113rauda vai alum\u012bnija, sp\u0113j iztur\u0113t augstu spiedienu un lielas slodzes, un ir konstru\u0113ts, \u0146emot v\u0113r\u0101 nodilumiztur\u012bbu un korozijas iztur\u012bbu, lai pagarin\u0101tu kalpo\u0161anas laiku.<\/li>\n<li>Efekt\u012bva hidraulisk\u0101 darb\u012bba: izmantojot hidraulisk\u0101s e\u013c\u013cas spiedienu, lai pan\u0101ktu vienm\u0113r\u012bgu izstiep\u0161anu un ievilk\u0161anu, sp\u0113j \u0101tri rea\u0123\u0113t uz vad\u012bbas komand\u0101m, nodro\u0161ina sp\u0113c\u012bgu stum\u0161anas un vilk\u0161anas sp\u0113ku, piem\u0113rots smagu kravu apstr\u0101dei un sare\u017e\u0123\u012btiem ekspluat\u0101cijas uzdevumiem.<\/li>\n<li>Vair\u0101ki veidi: vienas darb\u012bbas (hidrauliski tiek izmantoti tikai vien\u0101 virzien\u0101) vai divk\u0101r\u0161as darb\u012bbas (hidrauliski tiek izmantoti abos virzienos) cilindrus var izv\u0113l\u0113ties atbilsto\u0161i ekspluat\u0101cijas vajadz\u012bb\u0101m, da\u017ei mode\u013ci ir teleskopiski, kas \u013cauj tos papla\u0161in\u0101t, nepalielinot \u0101r\u0113jo izm\u0113ru, un ir piem\u0113roti lietojumiem ar ierobe\u017eotu vietu.<\/li>\n<li>Var aizst\u0101t hidrauliskos cilindrus: m\u016bsu produkti var lieliski aizst\u0101t \u0161os hidrauliskos cilindrus. <\/li>\n<\/ul>\n<p><img decoding=\"async\" src=\"https:\/\/www.hydraulic-cylinders.net\/wp-content\/uploads\/2025\/01\/songte-cylinder-head-with-all-kinds-excavator-models.webp\" alt=\"Kausa cilindrs priek\u0161 Baoding SC400.8\" \/><\/p>\n<h3>Pieteikumi<\/h3>\n<p>Kausa cilindrs tiek pla\u0161i izmantots da\u017e\u0101d\u0101s nozar\u0113s, piem\u0113ram:<\/p>\n<ul>\n<li>B\u016bvniec\u012bbas apr\u012bkojums: ekskavatoros tie ir nepiecie\u0161ami rak\u0161anai, iekrau\u0161anai un augsnes vai gru\u017eu p\u0101rvieto\u0161anai. Ekskavatoros kausa cilindri pal\u012bdz gan rak\u0161an\u0101, gan cel\u0161an\u0101. <\/li>\n<li>Lauksaimniec\u012bbas tehnika: izmanto front\u0101lajiem iekr\u0101v\u0113jiem, augsnes, siena un citu materi\u0101lu rak\u0161anai, cel\u0161anai un transport\u0113\u0161anai; ekskavatori: kausa cilindri nodro\u0161ina rak\u0161anas darb\u012bbu, \u013caujot kausam iek\u013c\u016bt augsn\u0113. <\/li>\n<li>Iekr\u0101v\u0113js: front\u0101lajos iekr\u0101v\u0113jos tie pal\u012bdz pacelt, noliekt un efekt\u012bvi izg\u0101zt preces. <\/li>\n<\/ul>\n<h3>Dizaina apsv\u0113rumi un atlases krit\u0113riji<\/h3>\n<p>Kausa cilindra konstrukcija ir \u013coti svar\u012bga t\u0101 veiktsp\u0113jai un ilgm\u016b\u017e\u012bbai. T\u0101l\u0101k ir min\u0113ti da\u017ei svar\u012bgi konstrukcijas apsv\u0113rumi:<\/p>\n<h4>Kravnes\u012bba<\/h4>\n<p>Kausa cilindram j\u0101b\u016bt konstru\u0113tam t\u0101, lai tas iztur\u0113tu maksim\u0101lo slodzi, ar kuru tas saskarsies. Kravnes\u012bbu nosaka cilindra izm\u0113rs, iztur\u012bba un materi\u0101ls.<\/p>\n<h4>Bl\u012bv\u0113\u0161ana<\/h4>\n<p>Cilindram j\u0101b\u016bt nosl\u0113gtam, lai nov\u0113rstu hidraulisk\u0101 \u0161\u0137idruma nopl\u016bdes un pies\u0101r\u0146ojumu. Bl\u012bv\u0113\u0161anas sist\u0113mai j\u0101b\u016bt konstru\u0113tai no augstas kvalit\u0101tes materi\u0101liem, piem\u0113ram, poliuret\u0101na un nitrila gumijas, lai nodro\u0161in\u0101tu iztur\u012bbu un ilgu kalpo\u0161anas laiku.<\/p>\n<h4>Iztur\u012bba<\/h4>\n<p>Kausa cilindra konstrukcijai j\u0101\u0146em v\u0113r\u0101 nodilumiztur\u012bba un iztur\u012bba pret koroziju, lai pagarin\u0101tu t\u0101 kalpo\u0161anas laiku.<\/p>\n<h4>Dro\u0161\u012bba<\/h4>\n<p>Balons j\u0101projekt\u0113, \u0146emot v\u0113r\u0101 dro\u0161\u012bbu, lai nov\u0113rstu negad\u012bjumus un traumas. Uzst\u0101d\u012b\u0161anas proces\u0101 j\u0101iek\u013cauj pareiza izl\u012bdzin\u0101\u0161ana un atbilsto\u0161u uzst\u0101d\u012b\u0161anas kron\u0161teinu izmanto\u0161ana, lai nostiprin\u0101tu balonu viet\u0101.<\/p>\n<h4>Apkope<\/h4>\n<p>Kausa cilindram j\u0101b\u016bt konstru\u0113tam t\u0101, lai to b\u016btu viegli apkopt un remont\u0113t. Lai nodro\u0161in\u0101tu optim\u0101lu veiktsp\u0113ju un ilgm\u016b\u017e\u012bbu, nepiecie\u0161ama regul\u0101ra p\u0101rbaude, e\u013c\u013co\u0161ana un bl\u012bv\u0113jumu nomai\u0146a.<\/p>\n<p><img decoding=\"async\" src=\"https:\/\/www.hydraulic-cylinders.net\/wp-content\/uploads\/2025\/01\/songte-oil-pipes-and-spare-parts.webp\" alt=\"Kausa cilindrs priek\u0161 Baoding SC400.8\" \/><\/p>\n<h3>Bl\u012bv\u0113\u0161ana un e\u013c\u013co\u0161ana<\/h3>\n<p>Kausa cilindram ir nepiecie\u0161ami da\u017e\u0101di bl\u012bv\u0113\u0161anas komponenti, piem\u0113ram, virzu\u013ca bl\u012bvsl\u0113gi \u200b\u200bun stie\u0146a bl\u012bvsl\u0113gi, kas izgatavoti no augstas kvalit\u0101tes materi\u0101liem, piem\u0113ram, poliuret\u0101na un nitrila gumijas, lai nodro\u0161in\u0101tu iztur\u012bbu un ilgu kalpo\u0161anas laiku. Cilindra iek\u0161puse j\u0101iee\u013c\u013co ar hidraulisko e\u013c\u013cu, lai nodro\u0161in\u0101tu vienm\u0113r\u012bgu darb\u012bbu un nov\u0113rstu nodilumu. Lai uztur\u0113tu cilindra pareizu darb\u012bbu, ir nepiecie\u0161ama regul\u0101ra e\u013c\u013cas mai\u0146a.<\/p>\n<h3>Apkope un remonts<\/h3>\n<p>Regul\u0101ra apkope un remonts ir \u013coti svar\u012bgi, lai nodro\u0161in\u0101tu kausa cilindra ilgm\u016b\u017e\u012bbu un optimiz\u0113tu t\u0101 veiktsp\u0113ju. T\u0101l\u0101k ir nor\u0101d\u012bti bie\u017ei veicamie apkopes darbi:<\/p>\n<ul>\n<li>Regul\u0101ra p\u0101rbaude<\/li>\n<li>Pareiza e\u013c\u013co\u0161ana<\/li>\n<li>Bl\u012bv\u0113juma nomai\u0146a<\/li>\n<\/ul>\n<p>Pareiza uzst\u0101d\u012b\u0161ana, e\u013c\u013co\u0161ana un regul\u0113\u0161ana ir b\u016btiska optim\u0101lai veiktsp\u0113jai. Uzst\u0101d\u012b\u0161anas laik\u0101 ir \u013coti svar\u012bga pareiza izl\u012bdzin\u0101\u0161ana. Ieteicams izmantot atbilsto\u0161us uzst\u0101d\u012b\u0161anas kron\u0161teinus, lai nostiprin\u0101tu cilindru viet\u0101. M\u0113s pied\u0101v\u0101jam ar\u012b rezerves da\u013cas un atjauno\u0161anas pakalpojumus, lai uzlabotu kausa cilindra kalpo\u0161anas laiku.<\/p>\n<p><img decoding=\"async\" src=\"https:\/\/www.hydraulic-cylinders.net\/wp-content\/uploads\/2025\/01\/songte-chushion-collar.webp\" alt=\"Kausa cilindrs priek\u0161 Baoding SC400.8\" \/><\/p>\n<h3>Dro\u0161\u012bbas un vides apsv\u0113rumi<\/h3>\n<p>Izmantojot kausa cilindru, j\u0101veic atbilsto\u0161i dro\u0161\u012bbas pas\u0101kumi, lai nov\u0113rstu negad\u012bjumus un traumas. T\u0101l\u0101k ir min\u0113ti da\u017ei svar\u012bgi dro\u0161\u012bbas apsv\u0113rumi:<\/p>\n<ul>\n<li>Valk\u0101jiet atbilsto\u0161us individu\u0101los aizsardz\u012bbas l\u012bdzek\u013cus<\/li>\n<li>Nodro\u0161iniet pareizu uzst\u0101d\u012b\u0161anu un apkopi<\/li>\n<li>Nep\u0101rsniedziet cilindra kravnes\u012bbu<\/li>\n<li>Iev\u0113rojiet visus ra\u017eot\u0101ja nor\u0101d\u012bjumus un ieteikumus<\/li>\n<\/ul>\n<p>Ietekme uz vidi ir ar\u012b b\u016btisks apsv\u0113rums. Kausa cilindrs j\u0101projekt\u0113 un j\u0101ra\u017eo, \u0146emot v\u0113r\u0101 vidi, iesp\u0113ju robe\u017e\u0101s izmantojot ilgtsp\u0113j\u012bgus materi\u0101lus un ra\u017eo\u0161anas procesus.<\/p>\n<h3>Probl\u0113mu nov\u0113r\u0161ana un bie\u017ei sastopamas probl\u0113mas<\/h3>\n<p>Kausa cilindra probl\u0113mas var b\u016btiski ietekm\u0113t smag\u0101s tehnikas veiktsp\u0113ju. T\u0101l\u0101k ir nor\u0101d\u012btas da\u017eas bie\u017ei sastopamas probl\u0113mas un to risin\u0101jumi:<\/p>\n<ul>\n<li>Nopl\u016bde: P\u0101rbaudiet bl\u012bves un, ja nepiecie\u0161ams, nomainiet t\u0101s. P\u0101rliecinieties, vai visi savienojumi ir cie\u0161i un vai virzulis vai cilindrs nav boj\u0101ti.<\/li>\n<li>L\u0113na darb\u012bba: p\u0101rbaudiet, vai hidrauliskaj\u0101 sist\u0113m\u0101 nav nopl\u016b\u017eu vai boj\u0101jumu. P\u0101rliecinieties, vai hidraulisk\u0101s e\u013c\u013cas l\u012bmenis ir pareizs un sist\u0113m\u0101 nav gaisa kabatu.<\/li>\n<li>Cilindrs neizvirz\u0101s vai neievelkas: P\u0101rbaudiet hidraulisko sist\u0113mu, vai nav nopl\u016b\u017eu vai boj\u0101jumu. P\u0101rliecinieties, vai hidraulisk\u0101s e\u013c\u013cas l\u012bmenis ir pareizs un vai sist\u0113m\u0101 nav gaisa kabatu.<\/li>\n<\/ul>\n<p>Prevent\u012bv\u0101 apkope ir galvenais, lai nov\u0113rstu \u0161\u012bs probl\u0113mas. Regul\u0101ra p\u0101rbaude, e\u013c\u013co\u0161ana un bl\u012bvju nomai\u0146a var pal\u012bdz\u0113t nov\u0113rst potenci\u0101lo probl\u0113mu p\u0101rv\u0113r\u0161anos nopietn\u0101s probl\u0113m\u0101s.<\/p>\n<p><img decoding=\"async\" src=\"https:\/\/www.hydraulic-cylinders.net\/wp-content\/uploads\/2025\/01\/songte-bushings-with-all-kinds-of-excavator-models.webp\" alt=\"Kausa cilindrs priek\u0161 Baoding SC400.8\" \/><\/p>\n<h3>Par mums<\/h3>\n<p>M\u0113s esam rezerves hidraulisko cilindru ra\u017eot\u0101js, un pla\u0161s produktu kl\u0101sts padara m\u016bs par vienu no vado\u0161ajiem hidraulisko cilindru ra\u017eot\u0101jiem un vairumtirgot\u0101jiem viet\u0113j\u0101 un starptautiskaj\u0101 tirg\u016b. M\u0113s iev\u0113rojam izcilas kvalit\u0101tes principu, pa\u013caujamies uz industrializ\u0113t\u0101m ra\u017eo\u0161anas vad\u012bbas strat\u0113\u0123ij\u0101m smalki ra\u017eot\u0101s darbn\u012bc\u0101s un nep\u0101rtraukti uzlabojam savas ra\u017eo\u0161anas platformas un produktu kvalit\u0101tes ra\u017eo\u0161anas l\u012bnijas, izmantojot tehnolo\u0123iskos talantus, digit\u0101las augstas klases ra\u017eo\u0161anas iek\u0101rtas un profesion\u0101las test\u0113\u0161anas sist\u0113mas. Mums ir sp\u0113ks rad\u012bt augstas efektivit\u0101tes, augstas precizit\u0101tes un augstas kvalit\u0101tes produktus un apmierin\u0101t da\u017e\u0101das klientu vajadz\u012bbas.<\/p>\n<p>M\u016bsu uz\u0146\u0113mums pied\u0101v\u0101 daudzas priek\u0161roc\u012bbas, tostarp:<\/p>\n<ul>\n<li>Profesionalit\u0101te<\/li>\n<li>Starptautisk\u0101 sertifik\u0101cija<\/li>\n<li>Piel\u0101go\u0161anas pakalpojumi<\/li>\n<li>Uzlabotas ra\u017eo\u0161anas iek\u0101rtas<\/li>\n<li>Lielisks p\u0113cp\u0101rdo\u0161anas serviss<\/li>\n<\/ul>\n<p><img decoding=\"async\" src=\"https:\/\/hzpt.com\/wp-content\/uploads\/2024\/11\/songte-company-1.webp\" alt=\"Kausa cilindrs priek\u0161 Baoding SC400.8\" \/><\/p>\n<p>Autors: lil<\/p>","protected":false},"excerpt":{"rendered":"<p>Bucket Cylinder For Baoding SC400.8 Introduction A bucket cylinder is a specially designed hydraulic cylinder mainly used to control the movement of the bucket in heavy machinery such as excavators, backhoe excavators, and front loaders. Its main function is to enable the bucket to lift, lower, and tilt, making it easier to handle various material [&hellip;]<\/p>","protected":false},"featured_media":14787,"comment_status":"open","ping_status":"closed","template":"","meta":{"_et_pb_use_builder":"","_et_pb_old_content":"","_et_gb_content_width":""},"product_brand":[],"product_cat":[1494],"product_tag":[1495,1496],"class_list":{"0":"post-15959","1":"product","2":"type-product","3":"status-publish","4":"has-post-thumbnail","6":"product_cat-bucket-cylinders","7":"product_tag-bucket-cylinders","8":"product_tag-hydraulic-cylinders","10":"first","11":"instock","12":"shipping-taxable","13":"product-type-simple"},"amp_enabled":true,"_links":{"self":[{"href":"https:\/\/www.hydraulic-cylinders.net\/lv\/wp-json\/wp\/v2\/product\/15959","targetHints":{"allow":["GET"]}}],"collection":[{"href":"https:\/\/www.hydraulic-cylinders.net\/lv\/wp-json\/wp\/v2\/product"}],"about":[{"href":"https:\/\/www.hydraulic-cylinders.net\/lv\/wp-json\/wp\/v2\/types\/product"}],"replies":[{"embeddable":true,"href":"https:\/\/www.hydraulic-cylinders.net\/lv\/wp-json\/wp\/v2\/comments?post=15959"}],"wp:featuredmedia":[{"embeddable":true,"href":"https:\/\/www.hydraulic-cylinders.net\/lv\/wp-json\/wp\/v2\/media\/14787"}],"wp:attachment":[{"href":"https:\/\/www.hydraulic-cylinders.net\/lv\/wp-json\/wp\/v2\/media?parent=15959"}],"wp:term":[{"taxonomy":"product_brand","embeddable":true,"href":"https:\/\/www.hydraulic-cylinders.net\/lv\/wp-json\/wp\/v2\/product_brand?post=15959"},{"taxonomy":"product_cat","embeddable":true,"href":"https:\/\/www.hydraulic-cylinders.net\/lv\/wp-json\/wp\/v2\/product_cat?post=15959"},{"taxonomy":"product_tag","embeddable":true,"href":"https:\/\/www.hydraulic-cylinders.net\/lv\/wp-json\/wp\/v2\/product_tag?post=15959"}],"curies":[{"name":"wp","href":"https:\/\/api.w.org\/{rel}","templated":true}]}}