{"id":15962,"date":"2025-01-19T15:13:24","date_gmt":"2025-01-19T15:13:24","guid":{"rendered":"https:\/\/www.hydraulic-cylinders.net\/product\/bucket-cylinder-for-tiangong-zg3210-9c\/"},"modified":"2025-01-19T15:13:26","modified_gmt":"2025-01-19T15:13:26","slug":"bucket-cylinder-for-tiangong-zg3210-9c","status":"publish","type":"product","link":"https:\/\/www.hydraulic-cylinders.net\/lv\/products\/bucket-cylinder-for-tiangong-zg3210-9c\/","title":{"rendered":"Kausa cilindrs Tiangong ZG3210-9C"},"content":{"rendered":"<h1>Kausa cilindrs Tiangong ZG3210-9C<\/h1>\n<h2>Ievads<\/h2>\n<p>Tiangong ZG3210-9C kausa cilindrs ir hidraulisk\u0101 cilindra veids, kas \u012bpa\u0161i paredz\u0113ts kausa kust\u012bbas vad\u012bbai smagaj\u0101s ma\u0161\u012bn\u0101s, piem\u0113ram, ekskavatoros, iekr\u0101v\u0113jos un front\u0101lajos iekr\u0101v\u0113jos. T\u0101 galven\u0101 funkcija ir nodro\u0161in\u0101t kausa pacel\u0161anu, nolai\u0161anu un noliek\u0161anu, atvieglojot da\u017e\u0101du materi\u0101lu apstr\u0101des uzdevumu veik\u0161anu. Hidrauliskaj\u0101 sist\u0113m\u0101 kausa cilindrs pan\u0101k prec\u012bzu kausa vad\u012bbu, mainot hidraulisk\u0101s e\u013c\u013cas spiedienu, \u013caujot operatoriem efekt\u012bvi apstr\u0101d\u0101t smagus priek\u0161metus un piel\u0101goties sare\u017e\u0123\u012btai darba videi un da\u017e\u0101d\u0101m ekspluat\u0101cijas vajadz\u012bb\u0101m.<\/p>\n<p><img decoding=\"async\" src=\"https:\/\/www.hydraulic-cylinders.net\/wp-content\/uploads\/2025\/01\/songte-company-2.webp\" alt=\"Kausa cilindrs\"><\/p>\n<h2>Funkcijas<\/h2>\n<ul>\n<li>Augsta iztur\u012bba un ilgm\u016b\u017e\u012bba: Parasti izgatavots no augstas stipr\u012bbas t\u0113rauda vai alum\u012bnija, tas var iztur\u0113t augstu spiedienu un lielas slodzes, piel\u0101gojoties skarbai darba videi. Konstrukcij\u0101 \u0146emta v\u0113r\u0101 nodilumiztur\u012bba un iztur\u012bba pret koroziju, pagarinot t\u0101 kalpo\u0161anas laiku.<\/li>\n<li>Efekt\u012bva hidraulisk\u0101 darb\u012bba: Izmantojot hidraulisk\u0101s e\u013c\u013cas spiedienu, tiek pan\u0101kta vienm\u0113r\u012bga izstiep\u0161ana un sarau\u0161an\u0101s, kas nodro\u0161ina sp\u0113c\u012bgus stum\u0161anas un vilk\u0161anas sp\u0113kus smagu priek\u0161metu un sare\u017e\u0123\u012btu uzdevumu veik\u0161anai.<\/li>\n<li>Da\u017e\u0101di veidi: vienas darb\u012bbas (hidraulisk\u0101 sist\u0113ma tiek izmantota tikai vien\u0101 virzien\u0101) vai divk\u0101r\u0161as darb\u012bbas (hidraulisk\u0101 sist\u0113ma tiek izmantota abos virzienos) cilindrus var izv\u0113l\u0113ties atbilsto\u0161i ekspluat\u0101cijas vajadz\u012bb\u0101m, un da\u017ei mode\u013ci ir teleskopiski, kas \u013cauj pan\u0101kt liel\u0101ku pagarin\u0101jumu, nepalielinot \u0101r\u0113jos izm\u0113rus, un ir piem\u0113roti lieto\u0161anai ierobe\u017eot\u0101 telp\u0101.<\/li>\n<li>Lieliskas nomai\u0146as iesp\u0113jas: m\u016bsu produkti var lieliski aizst\u0101t \u0161os hidrauliskos cilindrus.<\/li>\n<\/ul>\n<p><img decoding=\"async\" src=\"https:\/\/www.hydraulic-cylinders.net\/wp-content\/uploads\/2025\/01\/songte-cylinder-head-with-all-kinds-excavator-models.webp\" alt=\"Kausa cilindra nomai\u0146a\"><\/p>\n<h2>Pieteikumi<\/h2>\n<p>Kausa cilindrs tiek pla\u0161i izmantots da\u017e\u0101d\u0101s smagaj\u0101s ma\u0161\u012bn\u0101s, piem\u0113ram:<\/p>\n<ul>\n<li>B\u016bvniec\u012bbas apr\u012bkojums: ekskavatoros tie ir nepiecie\u0161ami augsnes vai gru\u017eu rak\u0161anai, iekrau\u0161anai un p\u0101rvieto\u0161anai. Ekskavatoros-iekr\u0101v\u0113jos kausa cilindrs pal\u012bdz rakt un celt. Front\u0101lajos iekr\u0101v\u0113jos tie pal\u012bdz efekt\u012bvi pacelt un noliekt preces.<\/li>\n<li>Lauksaimniec\u012bbas tehnika: Izmanto front\u0101lajiem iekr\u0101v\u0113jiem augsnes, siena un citu materi\u0101lu sav\u0101k\u0161anai, cel\u0161anai un transport\u0113\u0161anai. Ekskavatoros kausa cilindrs nodro\u0161ina rak\u0161anu, \u013caujot kausam iek\u013c\u016bt augsn\u0113. <\/li>\n<\/ul>\n<h2>Dizaina apsv\u0113rumi un atlases krit\u0113riji<\/h2>\n<p>Kausa cilindra konstrukcijas apsv\u0113rumi ietver:<\/p>\n<ul>\n<li>Nestsp\u0113ja: Sp\u0113j iztur\u0113t augstu spiedienu un lielas slodzes.<\/li>\n<li>Bl\u012bv\u0113jums: Da\u017e\u0101du bl\u012bv\u0113jumu, piem\u0113ram, virzu\u013ca bl\u012bv\u0113jumu un stie\u0146u bl\u012bv\u0113jumu, kas izgatavoti no nodilumiztur\u012bgiem materi\u0101liem, piem\u0113ram, poliuret\u0101na un nitrila gumijas, izmanto\u0161ana.<\/li>\n<li>Iztur\u012bba: Cilindra korpuss un v\u012btnes gala virsma tiek r\u016bp\u012bgi apstr\u0101d\u0101ta, lai uzlabotu nodilumiztur\u012bbu.<\/li>\n<li>Dro\u0161\u012bba: Stingri kvalit\u0101tes kontroles standarti nodro\u0161ina cilindra dro\u0161u un uzticamu darb\u012bbu.<\/li>\n<li>Apkope: Viegli uztur\u0113t un remont\u0113t, regul\u0101ri mainot e\u013c\u013cu un bl\u012bves.<\/li>\n<\/ul>\n<p><img decoding=\"async\" src=\"https:\/\/www.hydraulic-cylinders.net\/wp-content\/uploads\/2025\/01\/songte-oil-pipes-and-spare-parts.webp\" alt=\"Kausa cilindra deta\u013cas\"><\/p>\n<h2>Bl\u012bv\u0113\u0161ana un e\u013c\u013co\u0161ana<\/h2>\n<p>Kausa cilindr\u0101 tiek izmantoti da\u017e\u0101di bl\u012bv\u0113\u0161anas komponenti, piem\u0113ram, virzu\u013ca bl\u012bvsl\u0113gi \u200b\u200bun stie\u0146a bl\u012bvsl\u0113gi, kas izgatavoti no nodilumiztur\u012bgiem materi\u0101liem, piem\u0113ram, poliuret\u0101na un nitrila gumijas. Cilindra korpuss un v\u012btnes gala virsma tiek r\u016bp\u012bgi apstr\u0101d\u0101ta, lai uzlabotu nodilumiztur\u012bbu. Regul\u0101ra e\u013c\u013cas mai\u0146a un atbilsto\u0161a hidraulisk\u0101s e\u013c\u013cas daudzuma pievieno\u0161ana cilindra e\u013c\u013co\u0161anai.<\/p>\n<h2>Apkope un remonts<\/h2>\n<p>Regul\u0101ra p\u0101rbaude, atbilsto\u0161a e\u013c\u013co\u0161ana, bl\u012bvju nomai\u0146a un kalibr\u0113\u0161anas p\u0101rbaudes ir bie\u017ei veicami apkopes darbi. Pareiza uzst\u0101d\u012b\u0161ana, e\u013c\u013co\u0161ana un regul\u0113\u0161ana ir b\u016btiska. Uzst\u0101d\u012b\u0161anas laik\u0101 j\u0101nodro\u0161ina pareiza cilindra izl\u012bdzin\u0101\u0161ana un j\u0101izmanto atbilsto\u0161i uzst\u0101d\u012b\u0161anas kron\u0161teini. Tiek sniegtas ieteicam\u0101s p\u0101rbaudes, remonta un nomai\u0146as proced\u016bras, k\u0101 ar\u012b padomi, k\u0101 palielin\u0101t kausa cilindra kalpo\u0161anas laiku.<\/p>\n<p><img decoding=\"async\" src=\"https:\/\/www.hydraulic-cylinders.net\/wp-content\/uploads\/2025\/01\/songte-chushion-collar.webp\" alt=\"Kausa cilindra apkope\"><\/p>\n<h2>Dro\u0161\u012bbas apsv\u0113rumi un vides faktori<\/h2>\n<p>Kausa cilindrs j\u0101darbina saska\u0146\u0101 ar dro\u0161\u012bbas vadl\u012bnij\u0101m, lai nov\u0113rstu negad\u012bjumus. Pareiza cilindr\u0101 izmantot\u0101s hidraulisk\u0101s e\u013c\u013cas utiliz\u0101cija ir b\u016btiska, lai nov\u0113rstu vides pies\u0101r\u0146ojumu.<\/p>\n<h2>Probl\u0113mu nov\u0113r\u0161ana un bie\u017ei sastopamas probl\u0113mas<\/h2>\n<p>Bie\u017ei sastopamas probl\u0113mas ar kausa cilindru ir e\u013c\u013cas nopl\u016bde, neparasts troksnis un l\u0113na darb\u012bba. Tiek sniegti probl\u0113mu nov\u0113r\u0161anas padomi un risin\u0101jumi, lai pal\u012bdz\u0113tu diagnostic\u0113t un nov\u0113rst probl\u0113mas, k\u0101 ar\u012b prevent\u012bvie pas\u0101kumi, lai samazin\u0101tu potenci\u0101l\u0101s probl\u0113mas.<\/p>\n<p><img decoding=\"async\" src=\"https:\/\/www.hydraulic-cylinders.net\/wp-content\/uploads\/2025\/01\/songte-bushings-with-all-kinds-of-excavator-models.webp\" alt=\"Kausa cilindra probl\u0113mas\"><\/p>\n<h2>Par mums<\/h2>\n<p>M\u0113s esam hidraulisko cilindru ra\u017eot\u0101js un pied\u0101v\u0101jam pla\u0161u produktu kl\u0101stu. Esam viens no vado\u0161ajiem hidraulisko cilindru ra\u017eot\u0101jiem un vairumtirgot\u0101jiem viet\u0113j\u0101 un starptautiskaj\u0101 tirg\u016b. M\u0113s tiecamies p\u0113c izcilas kvalit\u0101tes un pa\u013caujamies uz smalkra\u017eo\u0161anas darbn\u012bcu r\u016bpniecisk\u0101s ra\u017eo\u0161anas vad\u012bbas strat\u0113\u0123iju. Uz\u0146\u0113mums nep\u0101rtraukti uzlabo darbn\u012bcas ra\u017eo\u0161anas platformu, uzlabo produktu kvalit\u0101tes ra\u017eo\u0161anas l\u012bniju un tam ir sp\u0113c\u012bgas rado\u0161\u0101s sp\u0113jas. M\u0113s nodro\u0161in\u0101m augstas efektivit\u0101tes, augstas precizit\u0101tes un augstas kvalit\u0101tes produktus, lai apmierin\u0101tu m\u016bsu klientu da\u017e\u0101d\u0101s vajadz\u012bbas.<\/p>\n<p><img decoding=\"async\" src=\"https:\/\/hzpt.com\/wp-content\/uploads\/2024\/11\/songte-company-1.webp\" alt=\"M\u016bsu uz\u0146\u0113mums\"><\/p>\n<h2>M\u016bsu pakalpojumi<\/h2>\n<ul>\n<li>Profesionalit\u0101te: Mums ir pla\u0161a pieredze hidraulisko cilindru projekt\u0113\u0161an\u0101 un ra\u017eo\u0161an\u0101.<\/li>\n<li>Starptautisk\u0101 sertifik\u0101cija: M\u016bsu produkti ir iztur\u0113ju\u0161i starptautisko kvalit\u0101tes vad\u012bbas sist\u0113mas sertifik\u0101ciju.<\/li>\n<li>Piel\u0101go\u0161ana: M\u0113s varam nodro\u0161in\u0101t hidrauliskos cilindrus atbilsto\u0161i klienta pras\u012bb\u0101m.<\/li>\n<li>Ra\u017eo\u0161anas iek\u0101rtas: Hidraulisko cilindru ra\u017eo\u0161anai m\u0113s izmantojam modernas ra\u017eo\u0161anas iek\u0101rtas un tehnolo\u0123ijas.<\/li>\n<li>P\u0113cp\u0101rdo\u0161anas serviss: M\u0113s nodro\u0161in\u0101m savlaic\u012bgu un efekt\u012bvu p\u0113cp\u0101rdo\u0161anas servisu.<\/li>\n<\/ul>\n<p>M\u0113s ceram, ka \u0161is raksts sniegs visaptvero\u0161u ieskatu Tiangong ZG3210-9C kausa cilindr\u0101. Ja jums ir k\u0101di jaut\u0101jumi vai vajadz\u012bbas, l\u016bdzu, nevilcinieties sazin\u0101ties ar mums.<\/p>\n<p>Autors: Lails.<\/p>","protected":false},"excerpt":{"rendered":"<p>Bucket Cylinder For Tiangong ZG3210-9C Introduction The bucket cylinder for Tiangong ZG3210-9C is a type of hydraulic cylinder specifically designed for controlling the movement of the shovel in heavy machinery such as excavators, backhoe loaders, and front-end loaders. Its main function is to enable the shovel to lift, lower, and tilt, making it easier to [&hellip;]<\/p>","protected":false},"featured_media":14782,"comment_status":"open","ping_status":"closed","template":"","meta":{"_et_pb_use_builder":"","_et_pb_old_content":"","_et_gb_content_width":""},"product_brand":[],"product_cat":[1494],"product_tag":[1495,1496],"class_list":{"0":"post-15962","1":"product","2":"type-product","3":"status-publish","4":"has-post-thumbnail","6":"product_cat-bucket-cylinders","7":"product_tag-bucket-cylinders","8":"product_tag-hydraulic-cylinders","10":"first","11":"instock","12":"shipping-taxable","13":"product-type-simple"},"amp_enabled":true,"_links":{"self":[{"href":"https:\/\/www.hydraulic-cylinders.net\/lv\/wp-json\/wp\/v2\/product\/15962","targetHints":{"allow":["GET"]}}],"collection":[{"href":"https:\/\/www.hydraulic-cylinders.net\/lv\/wp-json\/wp\/v2\/product"}],"about":[{"href":"https:\/\/www.hydraulic-cylinders.net\/lv\/wp-json\/wp\/v2\/types\/product"}],"replies":[{"embeddable":true,"href":"https:\/\/www.hydraulic-cylinders.net\/lv\/wp-json\/wp\/v2\/comments?post=15962"}],"wp:featuredmedia":[{"embeddable":true,"href":"https:\/\/www.hydraulic-cylinders.net\/lv\/wp-json\/wp\/v2\/media\/14782"}],"wp:attachment":[{"href":"https:\/\/www.hydraulic-cylinders.net\/lv\/wp-json\/wp\/v2\/media?parent=15962"}],"wp:term":[{"taxonomy":"product_brand","embeddable":true,"href":"https:\/\/www.hydraulic-cylinders.net\/lv\/wp-json\/wp\/v2\/product_brand?post=15962"},{"taxonomy":"product_cat","embeddable":true,"href":"https:\/\/www.hydraulic-cylinders.net\/lv\/wp-json\/wp\/v2\/product_cat?post=15962"},{"taxonomy":"product_tag","embeddable":true,"href":"https:\/\/www.hydraulic-cylinders.net\/lv\/wp-json\/wp\/v2\/product_tag?post=15962"}],"curies":[{"name":"wp","href":"https:\/\/api.w.org\/{rel}","templated":true}]}}