{"id":15996,"date":"2025-01-19T15:16:08","date_gmt":"2025-01-19T15:16:08","guid":{"rendered":"https:\/\/www.hydraulic-cylinders.net\/product\/bucket-cylinder-for-yigong-cy65-8\/"},"modified":"2025-01-19T15:16:10","modified_gmt":"2025-01-19T15:16:10","slug":"bucket-cylinder-for-yigong-cy65-8","status":"publish","type":"product","link":"https:\/\/www.hydraulic-cylinders.net\/lv\/products\/bucket-cylinder-for-yigong-cy65-8\/","title":{"rendered":"Kausa cilindrs Yigong CY65-8"},"content":{"rendered":"<p><!DOCTYPE html><br \/>\n<html><br \/>\n<head><br \/>\n<title>Kausa cilindrs Yigong CY65-8<\/title><br \/>\n<\/head><br \/>\n<body><\/p>\n<h1>Kausa cilindrs Yigong CY65-8<\/h1>\n<h2>Ievads<\/h2>\n<p>Yigong CY65-8 kausa cilindrs ir specializ\u0113ts hidrauliskais cilindrs, kas paredz\u0113ts kausa kust\u012bbas vad\u012bbai smagaj\u0101s ma\u0161\u012bn\u0101s, piem\u0113ram, ekskavatoros, iekr\u0101v\u0113jos ar daudzfunkcion\u0101lu apr\u012bkojumu un front\u0101lajos iekr\u0101v\u0113jos. T\u0101 galven\u0101 funkcija ir nodro\u0161in\u0101t kausa pacel\u0161anu, nolai\u0161anu un noliek\u0161anu, padarot to \u0113rti lietojamu da\u017e\u0101diem materi\u0101lu apstr\u0101des uzdevumiem. Hidrauliskaj\u0101 sist\u0113m\u0101 kausa cilindrs izmanto hidraulisk\u0101s e\u013c\u013cas spiediena izmai\u0146as, lai pan\u0101ktu prec\u012bzu kausa vad\u012bbu, \u013caujot operatoriem efekt\u012bvi apstr\u0101d\u0101t smagas kravas un piel\u0101goties sare\u017e\u0123\u012btai darba videi un da\u017e\u0101d\u0101m darba pras\u012bb\u0101m.<\/p>\n<p><img decoding=\"async\" src=\"https:\/\/www.hydraulic-cylinders.net\/wp-content\/uploads\/2025\/01\/songte-company-2.webp\" alt=\"Kausa cilindra att\u0113ls\"><\/p>\n<h2>Funkcijas<\/h2>\n<ul>\n<li>Augsta iztur\u012bba un ilgm\u016b\u017e\u012bba: Parasti izgatavots no augstas stipr\u012bbas t\u0113rauda vai alum\u012bnija, tas var iztur\u0113t augstu spiedienu un lielas slodzes, piel\u0101gojoties skarbai darba videi. Konstrukcij\u0101 \u0146emta v\u0113r\u0101 nodilumiztur\u012bba un iztur\u012bba pret koroziju, pagarinot t\u0101 kalpo\u0161anas laiku.<\/li>\n<li>Efekt\u012bva hidraulisk\u0101 darb\u012bba: Izmantojot hidraulisk\u0101s e\u013c\u013cas spiedienu, t\u0101 pan\u0101k vienm\u0113r\u012bgu izstiep\u0161anu un ievilk\u0161anu, nodro\u0161inot \u0101tru rea\u0123\u0113\u0161anu uz vad\u012bbas komand\u0101m un jaud\u012bgu stum\u0161anas un vilk\u0161anas sp\u0113ku, kas ir piem\u0113rots smagu kravu apstr\u0101dei un sare\u017e\u0123\u012btu darbu uzdevumiem.<\/li>\n<li>Da\u017e\u0101di veidi: Pieejami ar vienas darb\u012bbas (hidrauliski darbojas tikai vien\u0101 virzien\u0101) vai divk\u0101r\u0161as darb\u012bbas (hidrauliski darbojas abos virzienos) cilindriem, kas \u013cauj piel\u0101goties da\u017e\u0101d\u0101m ekspluat\u0101cijas pras\u012bb\u0101m. Da\u017ei mode\u013ci ir teleskopiski, kas nodro\u0161ina liel\u0101ku pagarin\u0101jumu, nepalielinot \u0101r\u0113jos izm\u0113rus, t\u0101p\u0113c tie ir piem\u0113roti lieto\u0161anai ierobe\u017eot\u0101 telp\u0101.<\/li>\n<li>Perfekta nomai\u0146a: m\u016bsu produkti var perfekti nomain\u012bt iepriek\u0161 min\u0113tos hidrauliskos cilindrus.<\/li>\n<\/ul>\n<p><img decoding=\"async\" src=\"https:\/\/www.hydraulic-cylinders.net\/wp-content\/uploads\/2025\/01\/songte-cylinder-head-with-all-kinds-excavator-models.webp\" alt=\"Rezerves cilindra att\u0113ls\"><\/p>\n<h2>Pieteikumi<\/h2>\n<p>M\u016bsu kausa cilindram ir iz\u0161\u0137iro\u0161a noz\u012bme da\u017e\u0101d\u0101s nozar\u0113s:<\/p>\n<h3>Celtniec\u012bbas apr\u012bkojums<\/h3>\n<p>Ekskavatoros tam ir b\u016btiska loma augsnes vai gru\u017eu rak\u0161an\u0101, iekrau\u0161an\u0101 un p\u0101rvieto\u0161an\u0101. Ekskavatoros-iekr\u0101v\u0113jos kausa cilindrs pal\u012bdz rakt un celt.<\/p>\n<h3>Lauksaimniec\u012bbas tehnika<\/h3>\n<p>Izmanto front\u0101lajos iekr\u0101v\u0113jos augsnes, siena un citu materi\u0101lu sav\u0101k\u0161anai, cel\u0161anai un transport\u0113\u0161anai.<\/p>\n<h3>Ekskavatori<\/h3>\n<p>Kausa cilindrs nodro\u0161ina rak\u0161anas darb\u012bbas, \u013caujot kausam iek\u013c\u016bt augsn\u0113.<\/p>\n<h3>Iekr\u0101v\u0113ji<\/h3>\n<p>Front\u0101lajos iekr\u0101v\u0113jos tie pal\u012bdz efekt\u012bvi pacelt un izkraut preces.<\/p>\n<p><img decoding=\"async\" src=\"https:\/\/www.hydraulic-cylinders.net\/wp-content\/uploads\/2025\/01\/songte-oil-pipes-and-spare-parts.webp\" alt=\"Lietojumprogrammas att\u0113ls\"><\/p>\n<h2>Dizaina apsv\u0113rumi un atlases krit\u0113riji<\/h2>\n<ul>\n<li>Nestsp\u0113ja: Apspriediet cilindra sp\u0113ju iztur\u0113t slodzes un spiedienu.<\/li>\n<li>Bl\u012bv\u0113jums: Izskaidrojiet da\u017e\u0101du bl\u012bv\u0113\u0161anas komponentu, piem\u0113ram, virzu\u013ca bl\u012bv\u0113jumu un stie\u0146u bl\u012bv\u0113jumu, kas izgatavoti no nodilumiztur\u012bgiem materi\u0101liem, piem\u0113ram, poliuret\u0101na un nitrila gumijas, izmanto\u0161anas noz\u012bmi. Izceliet cilindra korpusa un v\u012bt\u0146ot\u0101 gala smalko virsmas apstr\u0101di, lai uzlabotu nodilumiztur\u012bbu.<\/li>\n<li>Durability: Discuss the cylinder&#8217;s ability to withstand harsh working conditions and maintain its performance over time.<\/li>\n<li>Dro\u0161\u012bba: Izceliet dro\u0161\u012bbas funkcijas, kas iek\u013cautas konstrukcij\u0101, lai nodro\u0161in\u0101tu dro\u0161u darb\u012bbu.<\/li>\n<li>Uzturam\u012bba: Apspriediet balona apkopes un remonta vienk\u0101r\u0161\u012bbu.<\/li>\n<\/ul>\n<p><img decoding=\"async\" src=\"https:\/\/www.hydraulic-cylinders.net\/wp-content\/uploads\/2025\/01\/songte-bushings-with-all-kinds-of-excavator-models.webp\" alt=\"Dizaina un bl\u012bv\u0113juma att\u0113ls\"><\/p>\n<h2>Bl\u012bv\u0113\u0161ana un e\u013c\u013co\u0161ana<\/h2>\n<p>M\u016bsu kausa cilindr\u0101 tiek izmantoti da\u017e\u0101di bl\u012bv\u0113\u0161anas komponenti, lai nodro\u0161in\u0101tu pareizu darb\u012bbu. Tie ietver virzu\u013ca bl\u012bv\u0113jumus, stie\u0146a bl\u012bv\u0113jumus utt. Bl\u012bv\u0113jumi ir izgatavoti no nodilumiztur\u012bgiem materi\u0101liem, piem\u0113ram, poliuret\u0101na un nitrila gumijas. Cilindra korpuss un v\u012bt\u0146otais gals tiek r\u016bp\u012bgi apstr\u0101d\u0101ti, lai uzlabotu nodilumiztur\u012bbu. Lai nodro\u0161in\u0101tu vienm\u0113r\u012bgu darb\u012bbu, ir nepiecie\u0161ama regul\u0101ra e\u013c\u013co\u0161ana ar atbilsto\u0161u hidraulisk\u0101s e\u013c\u013cas daudzumu.<\/p>\n<h2>P\u0101rbaude un profilaktisk\u0101 apkope<\/h2>\n<ul>\n<li>Regul\u0101ras p\u0101rbaudes: veiciet regul\u0101ras p\u0101rbaudes, lai identific\u0113tu iesp\u0113jam\u0101s probl\u0113mas un nodro\u0161in\u0101tu pareizu darb\u012bbu.<\/li>\n<li>Pareiza e\u013c\u013co\u0161ana: uzturiet pareizu e\u013c\u013co\u0161anu, lai nov\u0113rstu nodilumu un paildzin\u0101tu cilindra kalpo\u0161anas laiku.<\/li>\n<li>Bl\u012bvju nomai\u0146a: Regul\u0101ri p\u0101rbaudiet un nomainiet bl\u012bves, lai nov\u0113rstu nopl\u016bdes un uztur\u0113tu optim\u0101lu veiktsp\u0113ju.<\/li>\n<li>Kalibr\u0113\u0161anas p\u0101rbaudes: periodiski kalibr\u0113jiet cilindru, lai nodro\u0161in\u0101tu prec\u012bzu darb\u012bbu.<\/li>\n<\/ul>\n<p><img decoding=\"async\" src=\"https:\/\/www.hydraulic-cylinders.net\/wp-content\/uploads\/2025\/01\/songte-chushion-collar.webp\" alt=\"Apkopes att\u0113ls\"><\/p>\n<h2>Dro\u0161\u012bbas apsv\u0113rumi un vides faktori<\/h2>\n<p>Izmantojot kausa cilindru, ir svar\u012bgi iev\u0113rot dro\u0161\u012bbas pas\u0101kumus, lai nov\u0113rstu negad\u012bjumus un nodro\u0161in\u0101tu dro\u0161u darba vidi. \u0160ie pas\u0101kumi ietver atbilsto\u0161u apm\u0101c\u012bbu, dro\u0161\u012bbas vadl\u012bniju iev\u0113ro\u0161anu un atbilsto\u0161u individu\u0101lo aizsardz\u012bbas l\u012bdzek\u013cu lieto\u0161anu.<\/p>\n<h2>K\u013c\u016bmju diagnostika un bie\u017e\u0101k sastopam\u0101s probl\u0113mas<\/h2>\n<p>Bie\u017e\u0101k sastopamie kausa cilindra defekti un probl\u0113mas ir nopl\u016bde, samazin\u0101ta veiktsp\u0113ja un neparasti trok\u0161\u0146i. \u0160o probl\u0113mu savlaic\u012bga nov\u0113r\u0161ana ir \u013coti svar\u012bga, lai izvair\u012btos no turpm\u0101kiem boj\u0101jumiem un nodro\u0161in\u0101tu optim\u0101lu darb\u012bbu.<\/p>\n<p><img decoding=\"async\" src=\"https:\/\/www.hydraulic-cylinders.net\/wp-content\/uploads\/2025\/01\/songte-company-1.webp\" alt=\"K\u013c\u016bmes diagnostikas att\u0113ls\"><\/p>\n<h2>Prevent\u012bvie pas\u0101kumi<\/h2>\n<p>Lai samazin\u0101tu iesp\u0113jam\u0101s probl\u0113mas, ir svar\u012bgi \u012bstenot prevent\u012bvus pas\u0101kumus. Tie var ietvert regul\u0101ras p\u0101rbaudes, atbilsto\u0161u e\u013c\u013co\u0161anu un ieteicamo ekspluat\u0101cijas vadl\u012bniju iev\u0113ro\u0161anu. Iev\u0113rojot \u0161os piesardz\u012bbas pas\u0101kumus, var samazin\u0101t iesp\u0113jam\u0101s probl\u0113mas, nodro\u0161inot nevainojamu darb\u012bbu un pagarin\u0101tu produkta kalpo\u0161anas laiku.<\/p>\n<h2>Instal\u0101cijas rokasgr\u0101mata<\/h2>\n<p>Pareiza kausa cilindra uzst\u0101d\u012b\u0161ana ir \u013coti svar\u012bga optim\u0101lai veiktsp\u0113jai un dro\u0161\u012bbai. Iev\u0113rojiet \u0161\u012bs vadl\u012bnijas:<\/p>\n<ul>\n<li>Uzst\u0101d\u012b\u0161anas laik\u0101 p\u0101rliecinieties, ka cilindrs ir pareizi izl\u012bdzin\u0101ts.<\/li>\n<li>Cilindra nostiprin\u0101\u0161anai izmantojiet atbilsto\u0161us uzst\u0101d\u012b\u0161anas balstus.<\/li>\n<li>Iev\u0113rojiet ieteicam\u0101s p\u0101rbaudes, remonta un nomai\u0146as proced\u016bras.<\/li>\n<li>Nodro\u0161in\u0101t atjauno\u0161anas pakalpojumus un pied\u0101v\u0101t rezerves da\u013cas, lai uzlabotu kausa cilindra ilgm\u016b\u017e\u012bbu.<\/li>\n<li>Sniedziet padomus cilindra kalpo\u0161anas laika palielin\u0101\u0161anai.<\/li>\n<\/ul>\n<p><img decoding=\"async\" src=\"https:\/\/www.hydraulic-cylinders.net\/wp-content\/uploads\/2025\/01\/songte-company-3.webp\" alt=\"Instal\u0113\u0161anas rokasgr\u0101matas att\u0113ls\"><\/p>\n<h2>Par m\u016bsu uz\u0146\u0113mumu<\/h2>\n<p>M\u0113s esam vado\u0161ais hidraulisko cilindru ra\u017eot\u0101js un vairumtirdzniec\u012bbas izplat\u012bt\u0101js viet\u0113j\u0101 un starptautiskaj\u0101 tirg\u016b. M\u016bsu uz\u0146\u0113mums pied\u0101v\u0101 pla\u0161u produktu kl\u0101stu un iev\u0113ro izcil\u012bbas principus, izmantojot modernu ra\u017eo\u0161anas apr\u012bkojumu, profesion\u0101las test\u0113\u0161anas sist\u0113mas un talant\u012bgu speci\u0101listu komandu. M\u0113s pied\u0101v\u0101jam piel\u0101gotus pakalpojumus, mums ir starptautiski sertifik\u0101ti un pied\u0101v\u0101jam augst\u0101k\u0101s kvalit\u0101tes p\u0113cp\u0101rdo\u0161anas pakalpojumus. M\u016bsu ap\u0146em\u0161an\u0101s nodro\u0161in\u0101t augstu efektivit\u0101ti, precizit\u0101ti un kvalit\u0101ti nodro\u0161ina, ka m\u0113s apmierin\u0101m m\u016bsu klientu da\u017e\u0101d\u0101s vajadz\u012bbas.<\/p>\n<p><img decoding=\"async\" src=\"https:\/\/hzpt.com\/wp-content\/uploads\/2024\/11\/songte-company-1.webp\" alt=\"Uz\u0146\u0113muma t\u0113ls\"><\/p>\n<p>Autors: lil<\/p>\n<p><\/body><br \/>\n<\/html><\/p>","protected":false},"excerpt":{"rendered":"<p>Bucket Cylinder For Yigong CY65-8 Bucket Cylinder For Yigong CY65-8 Introduction The bucket cylinder for Yigong CY65-8 is a specialized hydraulic cylinder designed to control the movement of the bucket in heavy machinery such as excavators, backhoe loaders, and front loaders. Its main function is to enable the lifting, lowering, and tilting of the bucket, [&hellip;]<\/p>","protected":false},"featured_media":14773,"comment_status":"open","ping_status":"closed","template":"","meta":{"_et_pb_use_builder":"","_et_pb_old_content":"","_et_gb_content_width":""},"product_brand":[],"product_cat":[1494],"product_tag":[1495,1496],"class_list":{"0":"post-15996","1":"product","2":"type-product","3":"status-publish","4":"has-post-thumbnail","6":"product_cat-bucket-cylinders","7":"product_tag-bucket-cylinders","8":"product_tag-hydraulic-cylinders","10":"first","11":"instock","12":"shipping-taxable","13":"product-type-simple"},"amp_enabled":true,"_links":{"self":[{"href":"https:\/\/www.hydraulic-cylinders.net\/lv\/wp-json\/wp\/v2\/product\/15996","targetHints":{"allow":["GET"]}}],"collection":[{"href":"https:\/\/www.hydraulic-cylinders.net\/lv\/wp-json\/wp\/v2\/product"}],"about":[{"href":"https:\/\/www.hydraulic-cylinders.net\/lv\/wp-json\/wp\/v2\/types\/product"}],"replies":[{"embeddable":true,"href":"https:\/\/www.hydraulic-cylinders.net\/lv\/wp-json\/wp\/v2\/comments?post=15996"}],"wp:featuredmedia":[{"embeddable":true,"href":"https:\/\/www.hydraulic-cylinders.net\/lv\/wp-json\/wp\/v2\/media\/14773"}],"wp:attachment":[{"href":"https:\/\/www.hydraulic-cylinders.net\/lv\/wp-json\/wp\/v2\/media?parent=15996"}],"wp:term":[{"taxonomy":"product_brand","embeddable":true,"href":"https:\/\/www.hydraulic-cylinders.net\/lv\/wp-json\/wp\/v2\/product_brand?post=15996"},{"taxonomy":"product_cat","embeddable":true,"href":"https:\/\/www.hydraulic-cylinders.net\/lv\/wp-json\/wp\/v2\/product_cat?post=15996"},{"taxonomy":"product_tag","embeddable":true,"href":"https:\/\/www.hydraulic-cylinders.net\/lv\/wp-json\/wp\/v2\/product_tag?post=15996"}],"curies":[{"name":"wp","href":"https:\/\/api.w.org\/{rel}","templated":true}]}}