{"id":16006,"date":"2025-01-19T15:16:54","date_gmt":"2025-01-19T15:16:54","guid":{"rendered":"https:\/\/www.hydraulic-cylinders.net\/product\/bucket-cylinder-for-xiniu-xn120-l\/"},"modified":"2025-01-19T15:16:56","modified_gmt":"2025-01-19T15:16:56","slug":"bucket-cylinder-for-xiniu-xn120-l","status":"publish","type":"product","link":"https:\/\/www.hydraulic-cylinders.net\/lv\/products\/bucket-cylinder-for-xiniu-xn120-l\/","title":{"rendered":"Kausa cilindrs Xiniu XN120-L"},"content":{"rendered":"<h1>Kausa cilindrs Xiniu XN120-L<\/h1>\n<h2>Ievads<\/h2>\n<p>Xiniu XN120-L kausa cilindrs ir hidraulisk\u0101 cilindra veids, kas \u012bpa\u0161i paredz\u0113ts l\u0101pstu kust\u012bbas vad\u012bbai smagaj\u0101s ma\u0161\u012bn\u0101s, piem\u0113ram, ekskavatoros, univers\u0101lajos ekskavatoros un front\u0101lajos iekr\u0101v\u0113jos. T\u0101 galven\u0101 funkcija ir \u013caut kausam pacelties, nolaisties un noliekties, t\u0101d\u0113j\u0101di atvieglojot da\u017e\u0101du materi\u0101lu apstr\u0101des uzdevumu veik\u0161anu. Hidrauliskaj\u0101 sist\u0113m\u0101 kausa cilindrs izmanto hidraulisk\u0101s e\u013c\u013cas spiediena izmai\u0146as, lai prec\u012bzi kontrol\u0113tu kausu, \u013caujot operatoriem efekt\u012bvi apstr\u0101d\u0101t smagas kravas, piel\u0101goties sare\u017e\u0123\u012btai darba videi un da\u017e\u0101d\u0101m darba pras\u012bb\u0101m.<\/p>\n<p><img decoding=\"async\" src=\"https:\/\/www.hydraulic-cylinders.net\/wp-content\/uploads\/2025\/01\/songte-company-2.webp\" alt=\"Kausa cilindrs Xiniu XN120-L att\u0113lam\"><\/p>\n<h2>Funkcijas<\/h2>\n<ul>\n<li>Augsta iztur\u012bba un ilgm\u016b\u017e\u012bba: Parasti izgatavots no augstas stipr\u012bbas t\u0113rauda vai alum\u012bnija, sp\u0113j iztur\u0113t augstu spiedienu un lielas slodzes, piel\u0101goties skarbai darba videi, ir izstr\u0101d\u0101ts ar nodilumiztur\u012bbu un korozijas iztur\u012bbu, k\u0101 ar\u012b pagarina kalpo\u0161anas laiku.<\/li>\n<li>Efekt\u012bva hidraulisk\u0101 darb\u012bba: Izmantojot hidraulisk\u0101s e\u013c\u013cas spiedienu, lai pan\u0101ktu vienm\u0113r\u012bgu izple\u0161an\u0101s un sarau\u0161an\u0101s kust\u012bbu, \u0101tri rea\u0123\u0113jot uz vad\u012bbas komand\u0101m, nodro\u0161inot sp\u0113c\u012bgu stum\u0161anas un vilk\u0161anas sp\u0113ku, kas ir piem\u0113rots smagu kravu apstr\u0101dei un sare\u017e\u0123\u012btiem darba uzdevumiem.<\/li>\n<li>Da\u017e\u0101di veidi: vienas darb\u012bbas (hidrauliski darbojas tikai vien\u0101 virzien\u0101) vai divk\u0101r\u0161as darb\u012bbas (hidrauliski darbojas divos virzienos) cilindrus var izv\u0113l\u0113ties atbilsto\u0161i pras\u012bb\u0101m, lai apmierin\u0101tu da\u017e\u0101das ekspluat\u0101cijas vajadz\u012bbas. Da\u017ei mode\u013ci ir teleskopiski, kas \u013cauj tos izstiept vair\u0101k, nepalielinot \u0101r\u0113jos izm\u0113rus, un ir piem\u0113roti lieto\u0161anai ierobe\u017eot\u0101 telp\u0101.<\/li>\n<li>Lieliska nomai\u0146a: m\u016bsu produkti var lieliski aizst\u0101t \u0161os hidrauliskos cilindrus.<\/li>\n<\/ul>\n<p><img decoding=\"async\" src=\"https:\/\/www.hydraulic-cylinders.net\/wp-content\/uploads\/2025\/01\/songte-cylinder-head-with-all-kinds-excavator-models.webp\" alt=\"Kausa cilindrs Xiniu XN120-L att\u0113lam\"><\/p>\n<h2>Pieteikumi<\/h2>\n<p>Xiniu XN120-L kausa cilindrs tiek pla\u0161i izmantots vair\u0101k\u0101s lietojumprogramm\u0101s. Da\u017ei no tiem ir:<\/p>\n<ul>\n<li>B\u016bvniec\u012bbas apr\u012bkojums: ekskavatoros tie ir nepiecie\u0161ami rak\u0161anai, iekrau\u0161anai un augsnes vai gru\u017eu p\u0101rvieto\u0161anai. Ekskavatoros kausa cilindri pal\u012bdz gan rak\u0161an\u0101, gan cel\u0161an\u0101. Front\u0101lajos iekr\u0101v\u0113jos tie pal\u012bdz efekt\u012bvi pacelt un noliekt preces.<\/li>\n<li>Lauksaimniec\u012bbas tehnika: Izmanto front\u0101lajos iekr\u0101v\u0113jos, lai izraktu, paceltu un transport\u0113tu augsni, sienu un citus materi\u0101lus. Ekskavatoros kausa cilindrs \u013cauj veikt izrakumus, \u013caujot kausam iek\u013c\u016bt augsn\u0113.<\/li>\n<\/ul>\n<h2>Dizaina apsv\u0113rumi un atlases krit\u0113riji<\/h2>\n<p>Kausa cilindru izv\u0113les krit\u0113rijos j\u0101\u0146em v\u0113r\u0101 vair\u0101ki konstrukcijas apsv\u0113rumi, piem\u0113ram:<\/p>\n<ul>\n<li>Nestsp\u0113ja: Cilindram j\u0101sp\u0113j iztur\u0113t maksim\u0101lo slodzi, ko ma\u0161\u012bna var rad\u012bt cilindram.<\/li>\n<li>Bl\u012bv\u0113jums: Cilindram j\u0101b\u016bt efekt\u012bvi nosl\u0113gtam, lai nov\u0113rstu hidraulisk\u0101s e\u013c\u013cas un pies\u0101r\u0146ot\u0101ju iek\u013c\u016b\u0161anu cilindr\u0101.<\/li>\n<li>Iztur\u012bba: Balonam j\u0101b\u016bt pietiekami iztur\u012bgam, lai pretotos skarbu vides faktoru, piem\u0113ram, putek\u013cu, \u016bdens un gru\u017eu, ietekmei.<\/li>\n<li>Dro\u0161\u012bba: Balons j\u0101projekt\u0113, \u0146emot v\u0113r\u0101 dro\u0161\u012bbas pas\u0101kumus, piem\u0113ram, balona aizsardz\u012bbu pret fiziskiem boj\u0101jumiem.<\/li>\n<li>Uzturam\u012bba: Cilindram j\u0101b\u016bt viegli apkopjamam un remont\u0113jamam, jo \u200b\u200btas ir b\u016btiska ma\u0161\u012bnas sast\u0101vda\u013ca, un jebkura k\u013c\u016bme var izrais\u012bt iev\u0113rojamu d\u012bkst\u0101vi.<\/li>\n<\/ul>\n<p><img decoding=\"async\" src=\"https:\/\/www.hydraulic-cylinders.net\/wp-content\/uploads\/2025\/01\/songte-oil-pipes-and-spare-parts.webp\" alt=\"Kausa cilindrs Xiniu XN120-L att\u0113lam\"><\/p>\n<h2>Bl\u012bv\u0113\u0161ana un e\u013c\u013co\u0161ana<\/h2>\n<p>Kausa cilindr\u0101 tiek izmantoti da\u017e\u0101di bl\u012bv\u0113\u0161anas elementi, piem\u0113ram, virzu\u013ca bl\u012bv\u0113jumi, stie\u0146a bl\u012bv\u0113jumi un citi. \u0160ie bl\u012bv\u0113\u0161anas elementi ir izgatavoti no nodilumiztur\u012bgiem materi\u0101liem, piem\u0113ram, poliuret\u0101na un nitrila gumijas, lai nodro\u0161in\u0101tu ilgu kalpo\u0161anas laiku. Cilindra korpuss un v\u012btnes ir apstr\u0101d\u0101tas, lai uzlabotu nodilumiztur\u012bbu. Lai nodro\u0161in\u0101tu pareizu darb\u012bbu, kausa cilindram ir nepiecie\u0161ama periodiska e\u013c\u013co\u0161ana ar hidraulisko e\u013c\u013cu.<\/p>\n<h2>Apkope un remonts<\/h2>\n<p>Regul\u0101ra p\u0101rbaude, atbilsto\u0161a e\u013c\u013co\u0161ana, bl\u012bvju nomai\u0146a, kalibr\u0113\u0161anas p\u0101rbaude un citi apkopes darbi ir \u013coti svar\u012bgi kausu cilindru ilgm\u016b\u017e\u012bbai. Pareiza cilindra izl\u012bdzin\u0101\u0161ana uzst\u0101d\u012b\u0161anas laik\u0101 ir b\u016btiska optim\u0101lai veiktsp\u0113jai. Ieteicams izmantot atbilsto\u0161us uzst\u0101d\u012b\u0161anas kron\u0161teinus cilindra nostiprin\u0101\u0161anai. M\u0113s pied\u0101v\u0101jam p\u0101rbaudes, remonta un nomai\u0146as pakalpojumus, lai pal\u012bdz\u0113tu klientiem ar jebk\u0101d\u0101m probl\u0113m\u0101m, ar kur\u0101m vi\u0146i var saskarties ar saviem kausu cilindriem.<\/p>\n<p><img decoding=\"async\" src=\"https:\/\/www.hydraulic-cylinders.net\/wp-content\/uploads\/2025\/01\/songte-chushion-collar.webp\" alt=\"Kausa cilindrs Xiniu XN120-L att\u0113lam\"><\/p>\n<h2>Dro\u0161\u012bbas apsv\u0113rumi un vides faktori<\/h2>\n<p>Xiniu XN120-L kausa cilindrs j\u0101uzst\u0101da, j\u0101izmanto un j\u0101apkopj, iev\u0113rojot dro\u0161\u012bbas pas\u0101kumus. Jebkura neiev\u0113ro\u0161ana var izrais\u012bt traumas vai ma\u0161\u012bnas boj\u0101jumus. Vides faktori, piem\u0113ram, temperat\u016bra, mitrums un putek\u013ci, var ietekm\u0113t cilindra darb\u012bbu, un tie j\u0101\u0146em v\u0113r\u0101, izv\u0113loties un uzst\u0101dot.<\/p>\n<h2>K\u013c\u016bmju diagnostika un probl\u0113mu nov\u0113r\u0161ana<\/h2>\n<p>Bie\u017ei sastopamas probl\u0113mas ar kausa cilindriem var b\u016bt nopl\u016bde, nepietiekams sp\u0113ks un neparasts troksnis. Iesak\u0101m regul\u0101ri p\u0101rbaud\u012bt cilindru un nekav\u0113joties risin\u0101t visas probl\u0113mas, lai izvair\u012btos no iev\u0113rojamas d\u012bkst\u0101ves. Probl\u0113mu nov\u0113r\u0161anas padomi un risin\u0101jumi var pal\u012bdz\u0113t las\u012bt\u0101jiem efekt\u012bvi diagnostic\u0113t un nov\u0113rst kausa cilindru probl\u0113mas.<\/p>\n<p><img decoding=\"async\" src=\"https:\/\/www.hydraulic-cylinders.net\/wp-content\/uploads\/2025\/01\/songte-bushings-with-all-kinds-of-excavator-models.webp\" alt=\"Kausa cilindrs Xiniu XN120-L att\u0113lam\"><\/p>\n<h2>Par m\u016bsu uz\u0146\u0113mumu<\/h2>\n<p>M\u0113s esam rezerves hidraulisko cilindru ra\u017eot\u0101js ar pilnu produktu kl\u0101stu, k\u013c\u016bstot par vienu no vado\u0161ajiem hidraulisko cilindru ra\u017eot\u0101jiem un vairumtirgot\u0101jiem viet\u0113j\u0101 un starptautiskaj\u0101 tirg\u016b. M\u0113s iev\u0113rojam izcilas kvalit\u0101tes principu un pa\u013caujamies uz smalkra\u017eo\u0161anas darbn\u012bcu industrializ\u0113to ra\u017eo\u0161anas vad\u012bbas strat\u0113\u0123iju. M\u0113s nep\u0101rtraukti uzlabojam darbn\u012bcas ra\u017eo\u0161anas platformu, pilnveidojam kvalitat\u012bvas ra\u017eo\u0161anas procesu un mums ir sp\u0113c\u012bgas rad\u012b\u0161anas sp\u0113jas, lai apmierin\u0101tu klientu da\u017e\u0101d\u0101s vajadz\u012bbas, iev\u0113rojot augstas efektivit\u0101tes, augstas precizit\u0101tes un augstas kvalit\u0101tes principus.<\/p>\n<p>M\u0113s pied\u0101v\u0101jam piel\u0101gotus pakalpojumus, profesion\u0101las ra\u017eo\u0161anas iek\u0101rtas, starptautiski atz\u012btus sertifik\u0101tus un visaptvero\u0161u p\u0113cp\u0101rdo\u0161anas apkalpo\u0161anas sist\u0113mu, nodro\u0161inot, ka m\u016bsu produkti atbilst vai p\u0101rsniedz klientu cer\u012bbas.<\/p>\n<p><img decoding=\"async\" src=\"https:\/\/hzpt.com\/wp-content\/uploads\/2024\/11\/songte-company-1.webp\" alt=\"Kausa cilindrs Xiniu XN120-L att\u0113lam\"><\/p>\n<p>Autors: Lails.<\/p>","protected":false},"excerpt":{"rendered":"<p>Bucket Cylinder For Xiniu XN120-L Introduction The bucket cylinder for Xiniu XN120-L is a type of hydraulic cylinder specially designed to control the movement of shovels in heavy machinery such as excavators, backhoe excavators, and front-end loaders. Its main function is to allow the bucket to lift, lower and tilt, making it easier to handle [&hellip;]<\/p>","protected":false},"featured_media":14784,"comment_status":"open","ping_status":"closed","template":"","meta":{"_et_pb_use_builder":"","_et_pb_old_content":"","_et_gb_content_width":""},"product_brand":[],"product_cat":[1494],"product_tag":[1495,1496],"class_list":{"0":"post-16006","1":"product","2":"type-product","3":"status-publish","4":"has-post-thumbnail","6":"product_cat-bucket-cylinders","7":"product_tag-bucket-cylinders","8":"product_tag-hydraulic-cylinders","10":"first","11":"instock","12":"shipping-taxable","13":"product-type-simple"},"amp_enabled":true,"_links":{"self":[{"href":"https:\/\/www.hydraulic-cylinders.net\/lv\/wp-json\/wp\/v2\/product\/16006","targetHints":{"allow":["GET"]}}],"collection":[{"href":"https:\/\/www.hydraulic-cylinders.net\/lv\/wp-json\/wp\/v2\/product"}],"about":[{"href":"https:\/\/www.hydraulic-cylinders.net\/lv\/wp-json\/wp\/v2\/types\/product"}],"replies":[{"embeddable":true,"href":"https:\/\/www.hydraulic-cylinders.net\/lv\/wp-json\/wp\/v2\/comments?post=16006"}],"wp:featuredmedia":[{"embeddable":true,"href":"https:\/\/www.hydraulic-cylinders.net\/lv\/wp-json\/wp\/v2\/media\/14784"}],"wp:attachment":[{"href":"https:\/\/www.hydraulic-cylinders.net\/lv\/wp-json\/wp\/v2\/media?parent=16006"}],"wp:term":[{"taxonomy":"product_brand","embeddable":true,"href":"https:\/\/www.hydraulic-cylinders.net\/lv\/wp-json\/wp\/v2\/product_brand?post=16006"},{"taxonomy":"product_cat","embeddable":true,"href":"https:\/\/www.hydraulic-cylinders.net\/lv\/wp-json\/wp\/v2\/product_cat?post=16006"},{"taxonomy":"product_tag","embeddable":true,"href":"https:\/\/www.hydraulic-cylinders.net\/lv\/wp-json\/wp\/v2\/product_tag?post=16006"}],"curies":[{"name":"wp","href":"https:\/\/api.w.org\/{rel}","templated":true}]}}