{"id":16057,"date":"2025-01-20T08:25:20","date_gmt":"2025-01-20T08:25:20","guid":{"rendered":"https:\/\/www.hydraulic-cylinders.net\/product\/arm-cylinderfor-komatsu-small-excavator-pc130-8mo-hb205-1mo-hb2152c-1mo\/"},"modified":"2025-01-20T08:25:22","modified_gmt":"2025-01-20T08:25:22","slug":"arm-cylinderfor-komatsu-small-excavator-pc130-8mo-hb205-1mo-hb2152c-1mo","status":"publish","type":"product","link":"https:\/\/www.hydraulic-cylinders.net\/lv\/products\/arm-cylinderfor-komatsu-small-excavator-pc130-8mo-hb205-1mo-hb2152c-1mo\/","title":{"rendered":"Sviras cilindrs Komatsu mazajam ekskavatoram PC130-8MO.HB205-1MO.HB2152C-1MO"},"content":{"rendered":"<p>Komatsu maz\u0101 ekskavatora sviras cilindrs PC130-8MO.HB205-1MO.HB2152C-1MO<\/p>\n<p>Sviras cilindrs ir hidraulisk\u0101 cilindra veids, kas \u012bpa\u0161i paredz\u0113ts, lai nodro\u0161in\u0101tu line\u0101ru kust\u012bbu un jaudu da\u017e\u0101du ma\u0161\u012bnu, piem\u0113ram, ekskavatoru, celt\u0146u un robotu roku, svir\u0101m. Hidrauliskaj\u0101 sist\u0113m\u0101 sviras cilindram ir iz\u0161\u0137iro\u0161a noz\u012bme papildu instrumentu vai stiprin\u0101jumu kust\u012bbas un vad\u012bbas nodro\u0161in\u0101\u0161an\u0101. \u0160ie cilindri ne tikai nodro\u0161ina vienm\u0113r\u012bgu kust\u012bbu, bet ar\u012b iztur lielas slodzes, nodro\u0161inot ma\u0161\u012bnu efekt\u012bvu darb\u012bbu un uzticam\u012bbu da\u017e\u0101dos darba apst\u0101k\u013cos.<\/p>\n<p><img decoding=\"async\" src=\"https:\/\/www.hydraulic-cylinders.net\/wp-content\/uploads\/2025\/01\/songte-company-2.webp\"><\/p>\n<p>Funkcijas:<\/p>\n<p>1. Augstas efektivit\u0101tes transmisija: Sviras cilindrs var nodro\u0161in\u0101t jaud\u012bgu line\u0101ru kust\u012bbu un sp\u0113ku, garant\u0113jot meh\u0101nisk\u0101s sviras augstu veiktsp\u0113ju da\u017e\u0101d\u0101s darb\u012bb\u0101s.<\/p>\n<p>2. Prec\u012bza vad\u012bba: Izmantojot hidraulisko sist\u0113mu, rokas cilindrs var pan\u0101kt prec\u012bzu kust\u012bbas vad\u012bbu, padarot papildu instrumentu darb\u012bbu elast\u012bg\u0101ku un prec\u012bz\u0101ku.<\/p>\n<p>3. Iztur\u012bba: Sviru cilindri parasti ir izgatavoti no augstas iztur\u012bbas materi\u0101liem, ar labu nodilumiztur\u012bbu un iztur\u012bbu pret koroziju, padarot tos piem\u0113rotus ilgsto\u0161ai lieto\u0161anai skarbos apst\u0101k\u013cos.<\/p>\n<p>4. Daudzfunkcion\u0101la piel\u0101go\u0161an\u0101s sp\u0113ja: \u0161os cilindrus var pla\u0161i izmantot da\u017e\u0101d\u0101s meh\u0101nisk\u0101s iek\u0101rt\u0101s, piem\u0113ram, ekskavatoros, celt\u0146os un robotiz\u0113t\u0101s rok\u0101s, lai piel\u0101gotos da\u017e\u0101d\u0101m darba pras\u012bb\u0101m.<\/p>\n<p>5. Vienk\u0101r\u0161a apkope: Projekt\u0113jot \u0146emta v\u0113r\u0101 apkopes un nomai\u0146as vienk\u0101r\u0161\u012bba, padarot regul\u0101ras p\u0101rbaudes un apkopi \u0113rt\u0101ku, samazinot iek\u0101rtu d\u012bkst\u0101ves laiku.<\/p>\n<p>M\u016bsu sviras cilindri var lieliski aizst\u0101t \u0161os hidrauliskos cilindrus.<\/p>\n<p><img decoding=\"async\" src=\"https:\/\/www.hydraulic-cylinders.net\/wp-content\/uploads\/2025\/01\/songte-oil-pipes-and-spare-parts.webp\"><\/p>\n<p>Lietojumi:<\/p>\n<p>1. Konstrukcija: Ekskavatoros un celt\u0146os str\u0113les cilindri tiek izmantoti, lai kontrol\u0113tu kausa vai str\u0113les kust\u012bbu zemes p\u0101rvieto\u0161anas, materi\u0101lu apstr\u0101des un konstrukciju uzst\u0101d\u012b\u0161anas darbos.<\/p>\n<p>2. Ra\u017eo\u0161ana: Automatiz\u0113t\u0101s ra\u017eo\u0161anas l\u012bnij\u0101s roku cilindri tiek izmantoti robotiz\u0113tu roku p\u0101rvieto\u0161anai, mont\u0101\u017eas, metin\u0101\u0161anas un apstr\u0101des procesos, uzlabojot ra\u017eo\u0161anas efektivit\u0101ti un precizit\u0101ti.<\/p>\n<p>3. Lauksaimniec\u012bbas tehnika: Lauksaimniec\u012bbas tehnik\u0101, piem\u0113ram, kombainos un s\u0113jma\u0161\u012bn\u0101s, sviru cilindri kontrol\u0113 vad\u012bbas sviru kust\u012bbu t\u0101diem uzdevumiem k\u0101 s\u0113\u0161ana, m\u0113slo\u0161ana un ra\u017eas nov\u0101k\u0161ana.<\/p>\n<p>4. Ieguve: Ieguves iek\u0101rt\u0101s rokas cilindri tiek izmantoti, lai kontrol\u0113tu rokas kust\u012bbu r\u016bdu ieguvei un p\u0101rvad\u0101\u0161anai.<\/p>\n<p>5. Lo\u0123istika un transport\u0113\u0161ana: Iekr\u0101v\u0113jos un apstr\u0101des robotos roku cilindri tiek izmantoti, lai kontrol\u0113tu dak\u0161u pacel\u0161anu un kust\u012bbu materi\u0101lu apstr\u0101dei un krau\u0161anai.<\/p>\n<p>Dizaina apsv\u0113rumi un atlases krit\u0113riji:<\/p>\n<p>1. Nestsp\u0113ja: Sviras cilindram j\u0101sp\u0113j iztur\u0113t maksim\u0101lo ma\u0161\u012bnas slodzi.<\/p>\n<p>2. Bl\u012bv\u0113jums: Lai nodro\u0161in\u0101tu, ka hidraulisk\u0101 e\u013c\u013ca nenopl\u016bst, tiek izmantoti da\u017e\u0101di bl\u012bv\u0113\u0161anas elementi, piem\u0113ram, virzu\u013ca bl\u012bv\u0113jumi un stie\u0146a bl\u012bv\u0113jumi.<\/p>\n<p>3. Iztur\u012bba: Sviras cilindram j\u0101iztur nodilums un korozija, ko izraisa skarba vide.<\/p>\n<p>4. Dro\u0161\u012bba: Sviras cilindram j\u0101b\u016bt konstru\u0113tam t\u0101, lai nov\u0113rstu negad\u012bjumus un nodro\u0161in\u0101tu dro\u0161u darb\u012bbu.<\/p>\n<p>5. Apkopes pieejam\u012bba: Sviras cilindram j\u0101b\u016bt konstru\u0113tam t\u0101, lai atvieglotu apkopi un nomai\u0146u, samazinot d\u012bkst\u0101ves laiku un apkopes izmaksas.<\/p>\n<p><img decoding=\"async\" src=\"https:\/\/www.hydraulic-cylinders.net\/wp-content\/uploads\/2025\/01\/songte-cylinder-head-with-all-kinds-excavator-models.webp\"><\/p>\n<p>Bl\u012bv\u0113\u0161ana un e\u013c\u013co\u0161ana:<\/p>\n<p>Lai nov\u0113rstu hidraulisk\u0101s e\u013c\u013cas nopl\u016bdi, tiek izmantoti da\u017e\u0101di bl\u012bv\u0113\u0161anas komponenti, piem\u0113ram, virzu\u013ca bl\u012bvsl\u0113gi \u200b\u200bun stie\u0146a bl\u012bvsl\u0113gi. Bl\u012bv\u0113\u0161anas komponenti ir izgatavoti no nodilumiztur\u012bgiem materi\u0101liem, piem\u0113ram, poliuret\u0101na un nitrila gumijas. Cilindra korpuss un v\u012btnes virsma tiek r\u016bp\u012bgi apstr\u0101d\u0101ta, lai uzlabotu nodilumiztur\u012bbu. E\u013c\u013co\u0161anai ir nepiecie\u0161ama regul\u0101ra atbilsto\u0161as \u200b\u200bhidraulisk\u0101s e\u013c\u013cas pievieno\u0161ana.<\/p>\n<p>Regul\u0101ras p\u0101rbaudes un profilaktisk\u0101s apkopes pas\u0101kumi:<\/p>\n<p>1. Regul\u0101ra sviras cilindra un ar to saist\u012bto komponentu p\u0101rbaude, lai noteiktu nodiluma vai boj\u0101jumu l\u012bmeni.<\/p>\n<p>2. Regul\u0101ra bl\u012bv\u0113juma deta\u013cu nomai\u0146a, lai nov\u0113rstu hidraulisk\u0101s e\u013c\u013cas nopl\u016bdi.<\/p>\n<p>3. Savlaic\u012bga nodilu\u0161u vai boj\u0101tu deta\u013cu remont\u0113\u0161ana vai nomai\u0146a.<\/p>\n<p>4. Regul\u0101ra e\u013c\u013co\u0161ana, lai nodro\u0161in\u0101tu pareizu sviras cilindra darb\u012bbu.<\/p>\n<p>5. Pareiza sviras cilindra un saist\u012bto komponentu uzglab\u0101\u0161ana.<\/p>\n<p>Pareiza produkta uzst\u0101d\u012b\u0161anas instrukcija:<\/p>\n<p>1. Pirms uzst\u0101d\u012b\u0161anas p\u0101rliecinieties, vai sviras cilindrs ir pareizi izl\u012bdzin\u0101ts ar meh\u0101nismu.<\/p>\n<p>2. Izmantojiet atbilsto\u0161us instrumentus, lai uzst\u0101d\u012btu sviras cilindru un saist\u012bt\u0101s sast\u0101vda\u013cas.<\/p>\n<p>3. Follow the manufacturer&#8217;s instructions for installation and connection of hydraulic pipes.<\/p>\n<p>4. Pirms ekspluat\u0101cijas p\u0101rbaudiet, vai uzst\u0101d\u012b\u0161anas viet\u0101 un savienojum\u0101 nav nopl\u016b\u017eu.<\/p>\n<p>5. Noregul\u0113jiet sviras cilindru optim\u0101l\u0101 darba poz\u012bcij\u0101.<\/p>\n<p><img decoding=\"async\" src=\"https:\/\/www.hydraulic-cylinders.net\/wp-content\/uploads\/2025\/01\/songte-bushings-with-all-kinds-of-excavator-models.webp\"><\/p>\n<p>Dro\u0161\u012bbas apsv\u0113rumi un vides faktori:<\/p>\n<p>Safety measures are crucial when working with hydraulic systems to prevent accidents caused by malfunction or failure. It is essential to follow the manufacturer&#8217;s instructions for proper installation, operation, and maintenance of the arm cylinder. Environmental factors such as temperature, humidity, and air pollution can also affect the performance of the arm cylinder. Proper maintenance and replacement of components can ensure the optimal performance of the arm cylinder.<\/p>\n<p>Bie\u017e\u0101k sastopam\u0101s k\u013c\u016bmes un to nov\u0113r\u0161ana:<\/p>\n<p>1. Hidraulisk\u0101s e\u013c\u013cas nopl\u016bde: p\u0101rbaudiet, vai nav boj\u0101tu bl\u012bv\u0113juma deta\u013cu, un nomainiet t\u0101s, ja nepiecie\u0161ams.<\/p>\n<p>2. Nepietiekams sp\u0113ks: p\u0101rbaudiet, vai virzulis vai cilindrs nav boj\u0101ts, un, ja nepiecie\u0161ams, nomainiet tos.<\/p>\n<p>3. Neparasts troksnis: p\u0101rbaudiet, vai nav va\u013c\u012bgu vai nolietotu deta\u013cu, un nepiecie\u0161am\u012bbas gad\u012bjum\u0101 pievelciet vai nomainiet t\u0101s.<\/p>\n<p>4. L\u0113na kust\u012bba: p\u0101rbaudiet, vai nav nepietiekama hidraulisk\u0101s e\u013c\u013cas l\u012bme\u0146a vai boj\u0101tu deta\u013cu, un, ja nepiecie\u0161ams, pievienojiet hidraulisko e\u013c\u013cu vai nomainiet deta\u013cas.<\/p>\n<p>Padomi boj\u0101jumu nov\u0113r\u0161anai un nov\u0113r\u0161anai:<\/p>\n<p>1. Regul\u0101ra p\u0101rbaude un apkope var nov\u0113rst iesp\u0113jamus boj\u0101jumus.<\/p>\n<p>2. Boj\u0101tu komponentu savlaic\u012bga nomai\u0146a var nov\u0113rst k\u013c\u016bmju ra\u0161anos.<\/p>\n<p>3. Izmantojiet augstas kvalit\u0101tes bl\u012bv\u0113juma komponentus, lai samazin\u0101tu e\u013c\u013cas nopl\u016bdes risku.<\/p>\n<p>4. Pareiza e\u013c\u013co\u0161ana var samazin\u0101t nodilumu un pagarin\u0101t sviras cilindra kalpo\u0161anas laiku.<\/p>\n<p><img decoding=\"async\" src=\"https:\/\/www.hydraulic-cylinders.net\/wp-content\/uploads\/2025\/01\/songte-chushion-collar.webp\"><\/p>\n<p>M\u0113s esam profesion\u0101ls rezerves hidraulisko cilindru ra\u017eot\u0101js ar pla\u0161u produktu kl\u0101stu un esam k\u013cuvu\u0161i par vienu no vado\u0161ajiem hidraulisko cilindru ra\u017eot\u0101jiem un vairumtirdzniec\u012bbas izplat\u012bt\u0101jiem viet\u0113j\u0101 un starptautiskaj\u0101 tirg\u016b. M\u0113s vienm\u0113r iev\u0113rojam izcilas kvalit\u0101tes principu, pa\u013caujoties uz smalku ra\u017eo\u0161anas darbn\u012bcu r\u016bpniecisk\u0101s ra\u017eo\u0161anas vad\u012bbas strat\u0113\u0123iju, nep\u0101rtraukti uzlabojot savu tehnisko l\u012bmeni un ra\u017eo\u0161anas efektivit\u0101ti. Ievie\u0161ot modernu digit\u0101lo ra\u017eo\u0161anas apr\u012bkojumu un profesion\u0101las test\u0113\u0161anas sist\u0113mas, m\u0113s optimiz\u0113jam ra\u017eo\u0161anas platformu, uzlabojam produktu kvalit\u0101tes kontroles procesu un mums ir sp\u0113c\u012bgas inov\u0101ciju iesp\u0113jas. M\u016bsu m\u0113r\u0137is ir apmierin\u0101t klientu daudzveid\u012bg\u0101s vajadz\u012bbas, iev\u0113rojot augstas efektivit\u0101tes, precizit\u0101tes un augstas kvalit\u0101tes principus.<\/p>\n<p>M\u0113s pied\u0101v\u0101jam profesion\u0101lus pakalpojumus, starptautisku sertifik\u0101ciju, piel\u0101gotus pakalpojumus, ra\u017eo\u0161anas iek\u0101rtas un p\u0113cp\u0101rdo\u0161anas pakalpojumus.<\/p>\n<p><img decoding=\"async\" src=\"https:\/\/www.hydraulic-cylinders.net\/wp-content\/uploads\/2025\/01\/songte-company-4.webp\"><\/p>\n<p><img decoding=\"async\" src=\"https:\/\/www.hydraulic-cylinders.net\/wp-content\/uploads\/2025\/01\/songte-company-3.webp\"><\/p>\n<p>Autors: Lails.<\/p>","protected":false},"excerpt":{"rendered":"<p>Arm Cylinder for Komatsu Small Excavator PC130-8MO.HB205-1MO.HB2152C-1MO Arm cylinder is a type of hydraulic cylinder specially designed to provide linear motion and power to the arms of various machinery, such as excavators, cranes, and robotic arms. In the hydraulic system, the arm cylinder plays a crucial role in enabling the movement and control of additional [&hellip;]<\/p>","protected":false},"featured_media":14774,"comment_status":"open","ping_status":"closed","template":"","meta":{"_et_pb_use_builder":"","_et_pb_old_content":"","_et_gb_content_width":""},"product_brand":[],"product_cat":[1497],"product_tag":[1498,1496],"class_list":{"0":"post-16057","1":"product","2":"type-product","3":"status-publish","4":"has-post-thumbnail","6":"product_cat-arm-cylinders","7":"product_tag-arm-cylinders","8":"product_tag-hydraulic-cylinders","10":"first","11":"instock","12":"shipping-taxable","13":"product-type-simple"},"amp_enabled":true,"_links":{"self":[{"href":"https:\/\/www.hydraulic-cylinders.net\/lv\/wp-json\/wp\/v2\/product\/16057","targetHints":{"allow":["GET"]}}],"collection":[{"href":"https:\/\/www.hydraulic-cylinders.net\/lv\/wp-json\/wp\/v2\/product"}],"about":[{"href":"https:\/\/www.hydraulic-cylinders.net\/lv\/wp-json\/wp\/v2\/types\/product"}],"replies":[{"embeddable":true,"href":"https:\/\/www.hydraulic-cylinders.net\/lv\/wp-json\/wp\/v2\/comments?post=16057"}],"wp:featuredmedia":[{"embeddable":true,"href":"https:\/\/www.hydraulic-cylinders.net\/lv\/wp-json\/wp\/v2\/media\/14774"}],"wp:attachment":[{"href":"https:\/\/www.hydraulic-cylinders.net\/lv\/wp-json\/wp\/v2\/media?parent=16057"}],"wp:term":[{"taxonomy":"product_brand","embeddable":true,"href":"https:\/\/www.hydraulic-cylinders.net\/lv\/wp-json\/wp\/v2\/product_brand?post=16057"},{"taxonomy":"product_cat","embeddable":true,"href":"https:\/\/www.hydraulic-cylinders.net\/lv\/wp-json\/wp\/v2\/product_cat?post=16057"},{"taxonomy":"product_tag","embeddable":true,"href":"https:\/\/www.hydraulic-cylinders.net\/lv\/wp-json\/wp\/v2\/product_tag?post=16057"}],"curies":[{"name":"wp","href":"https:\/\/api.w.org\/{rel}","templated":true}]}}