{"id":1607,"date":"2023-10-08T01:17:41","date_gmt":"2023-10-08T01:17:41","guid":{"rendered":"https:\/\/hydraulic-cylinders.net\/?post_type=product&#038;p=1607"},"modified":"2025-04-14T01:17:37","modified_gmt":"2025-04-14T01:17:37","slug":"mining-dump-truck-lifting-cylinder","status":"publish","type":"product","link":"https:\/\/www.hydraulic-cylinders.net\/lv\/products\/mining-dump-truck-lifting-cylinder\/","title":{"rendered":"Kalnr\u016bpniec\u012bbas pa\u0161izg\u0101z\u0113ja pacel\u0161anas cilindrs"},"content":{"rendered":"<h1 style=\"text-align: center;\"><strong>Kalnr\u016bpniec\u012bbas pa\u0161izg\u0101z\u0113ja pacel\u0161anas cilindrs<\/strong><\/h1>\n<p><img loading=\"lazy\" decoding=\"async\" class=\"aligncenter wp-image-1608\" src=\"https:\/\/hydraulic-cylinders.net\/wp-content\/uploads\/2023\/10\/lifting-cylinder-1-300x300.webp\" alt=\"\" width=\"400\" height=\"400\" \/><\/p>\n<p>Kalnr\u016bpniec\u012bbas pa\u0161izg\u0101z\u0113ja pacel\u0161anas cilindrs ir b\u016btiska sast\u0101vda\u013ca, kas \u012bpa\u0161i izstr\u0101d\u0101ta kalnr\u016bpniec\u012bbas pa\u0161izg\u0101z\u0113jiem. \u0160is jaud\u012bgais hidrauliskais cilindrs ir atbild\u012bgs par kravas automa\u0161\u012bnas pa\u0161izg\u0101z\u0113ja platformas pacel\u0161anu un nolai\u0161anu, nodro\u0161inot efekt\u012bvu materi\u0101lu iekrau\u0161anu un izkrau\u0161anu kalnr\u016bpniec\u012bbas darbos.<\/p>\n<p>Kalnr\u016bpniec\u012bbas pa\u0161izg\u0101z\u0113ja pacel\u0161anas cilindrs ir b\u016btiska sast\u0101vda\u013ca, kas b\u016btiski veicina kalnr\u016bpniec\u012bbas darb\u012bbu efektivit\u0101ti un produktivit\u0101ti. Pateicoties t\u0101 iztur\u012bgajai konstrukcijai, augstajai celtsp\u0113jai un prec\u012bzajai vad\u012bbai, \u0161is hidrauliskais cilindrs nodro\u0161ina neman\u0101mu materi\u0101lu iekrau\u0161anu un izkrau\u0161anu, samazinot d\u012bkst\u0101ves laiku un palielinot ra\u017e\u012bbu. Iev\u0113rojot pareizas lieto\u0161anas metodes un iev\u0113rojot ieteicamo apkopes praksi, operatori var nodro\u0161in\u0101t kalnr\u016bpniec\u012bbas pa\u0161izg\u0101z\u0113ja pacel\u0161anas cilindra ilgm\u016b\u017e\u012bbu un uzticamu darb\u012bbu. Izv\u0113lieties \u0161o augstas veiktsp\u0113jas cilindru, lai uzlabotu sava kalnr\u016bpniec\u012bbas pa\u0161izg\u0101z\u0113ja pacel\u0161anas iesp\u0113jas un optimiz\u0113tu kalnr\u016bpniec\u012bbas darb\u012bbas.<\/p>\n<p>Kalnr\u016bpniec\u012bbas pa\u0161izg\u0101z\u0113ja pacel\u0161anas cilindra galven\u0101s \u012bpa\u0161\u012bbas:<\/p>\n<ol>\n<li>Iztur\u012bga un uzticama konstrukcija:<\/li>\n<\/ol>\n<ul>\n<li>Kalnr\u016bpniec\u012bbas pa\u0161izg\u0101z\u0113ja pacel\u0161anas cilindrs ir izgatavots, dom\u0101jot par iztur\u012bbu, izmantojot augstas kvalit\u0101tes materi\u0101lus un prec\u012bzu in\u017eenieriju, lai iztur\u0113tu sare\u017e\u0123\u012btos kalnr\u016bpniec\u012bbas darb\u012bbas apst\u0101k\u013cus.<\/li>\n<li>Tas pied\u0101v\u0101 izcilu iztur\u012bbu un uzticam\u012bbu, lai iztur\u0113tu lielas slodzes, nodro\u0161inot nemain\u012bgu veiktsp\u0113ju pat skarbos apst\u0101k\u013cos.<\/li>\n<\/ul>\n<ol start=\"2\">\n<li>Augsta celtsp\u0113ja:<\/li>\n<\/ol>\n<ul>\n<li>\u0160is cilindrs ir paredz\u0113ts iev\u0113rojamas celtsp\u0113jas nodro\u0161in\u0101\u0161anai, \u013caujot kalnr\u016bpniec\u012bbas pa\u0161izg\u0101z\u0113jam efekt\u012bvi apstr\u0101d\u0101t lielus materi\u0101lu apjomus.<\/li>\n<li>Ar iespaid\u012bgo celtsp\u0113ju tas nodro\u0161ina \u0101tru un uzticamu izg\u0101\u0161anu, samazinot d\u012bkst\u0101ves laiku un palielinot produktivit\u0101ti darba viet\u0101.<\/li>\n<\/ul>\n<ol start=\"3\">\n<li>Prec\u012bza vad\u012bba un vienm\u0113r\u012bga darb\u012bba:<\/li>\n<\/ol>\n<ul>\n<li>Kalnr\u016bpniec\u012bbas pa\u0161izg\u0101z\u0113ja pacel\u0161anas cilindrs pied\u0101v\u0101 prec\u012bzu pa\u0161izg\u0101z\u0113ja platformas pacel\u0161anas un nolai\u0161anas kontroli, nodro\u0161inot vienm\u0113r\u012bgu un prec\u012bzu kust\u012bbu.<\/li>\n<li>\u0160\u012b funkcija \u013cauj operatoriem prec\u012bzi novietot pa\u0161izg\u0101z\u0113ja platformu, atvieglojot efekt\u012bvas iekrau\u0161anas un izkrau\u0161anas darb\u012bbas.<\/li>\n<\/ul>\n<h2><strong>Kalnr\u016bpniec\u012bbas pa\u0161izg\u0101z\u0113ja pacel\u0161anas cilindra parametrs:<\/strong><\/h2>\n<table border=\"1\" cellspacing=\"0\" cellpadding=\"0\">\n<tbody>\n<tr>\n<td>Produkta nosaukums<\/td>\n<td>Kalnr\u016bpniec\u012bbas pa\u0161izg\u0101z\u0113ja pacel\u0161anas cilindrs<\/td>\n<\/tr>\n<tr>\n<td>Funkcijas:<\/td>\n<td>Pacelt\/nolaist virsb\u016bvi kravas izg\u0101\u0161anai<\/td>\n<\/tr>\n<tr>\n<td>Urbuma diametrs:<\/td>\n<td>120 mm\uff5e380 mm<\/td>\n<\/tr>\n<tr>\n<td>Stie\u0146a diametrs:<\/td>\n<td>90 mm\uff5e350 mm<\/td>\n<\/tr>\n<tr>\n<td>Parasti:<\/td>\n<td>Divpak\u0101pju vai tr\u012bspak\u0101pju cilindrs<\/td>\n<\/tr>\n<tr>\n<td>Pacel\u0161anas cilindru pielietojumi:<\/td>\n<td>Kalnr\u016bpniec\u012bbas pa\u0161izg\u0101z\u0113js<\/td>\n<\/tr>\n<\/tbody>\n<\/table>\n<h2><strong>Kalnr\u016bpniec\u012bbas pa\u0161izg\u0101z\u0113ja cilindra identifik\u0101cijas sh\u0113ma:<\/strong><\/h2>\n<p><img loading=\"lazy\" decoding=\"async\" class=\"alignnone wp-image-1594 size-full\" src=\"https:\/\/hydraulic-cylinders.net\/wp-content\/uploads\/2023\/10\/mining-dump-truck-cylinder.webp\" alt=\"\" width=\"1418\" height=\"946\" srcset=\"https:\/\/hydraulic-cylinders.net\/wp-content\/uploads\/2023\/10\/mining-dump-truck-cylinder.webp 1418w, https:\/\/hydraulic-cylinders.net\/wp-content\/uploads\/2023\/10\/mining-dump-truck-cylinder-1280x854.webp 1280w, https:\/\/hydraulic-cylinders.net\/wp-content\/uploads\/2023\/10\/mining-dump-truck-cylinder-980x654.webp 980w, https:\/\/hydraulic-cylinders.net\/wp-content\/uploads\/2023\/10\/mining-dump-truck-cylinder-480x320.webp 480w\" sizes=\"(min-width: 0px) and (max-width: 480px) 480px, (min-width: 481px) and (max-width: 980px) 980px, (min-width: 981px) and (max-width: 1280px) 1280px, (min-width: 1281px) 1418px, 100vw\" \/><\/p>\n<h2><strong>Kalnr\u016bpniec\u012bbas pa\u0161izg\u0101z\u0113ja pacel\u0161anas cilindra lieto\u0161anas metode<\/strong><strong>:<\/strong><\/h2>\n<ol>\n<li><strong>Integr\u0101cija ar pa\u0161izg\u0101z\u0113ja sist\u0113mu:<\/strong><\/li>\n<\/ol>\n<ul>\n<li>Kalnr\u016bpniec\u012bbas pa\u0161izg\u0101z\u0113ja pacel\u0161anas cilindrs parasti ir integr\u0113ts pa\u0161izg\u0101z\u0113ja hidrauliskaj\u0101 sist\u0113m\u0101.<\/li>\n<li>Tas ir savienots ar hidraulisku baro\u0161anas avotu, piem\u0113ram, s\u016bkni, kas nodro\u0161ina nepiecie\u0161amo hidraulisko spiedienu cilindra darbin\u0101\u0161anai.<\/li>\n<\/ul>\n<ol start=\"2\">\n<li><strong>Kontroles meh\u0101nismi:<\/strong><\/li>\n<\/ol>\n<ul>\n<li>Pa\u0161izg\u0101z\u0113ja platformas pacel\u0161anu un nolai\u0161anu kontrol\u0113, izmantojot hidrauliskos v\u0101rstus un vad\u012bbas sviras, kas atrodas kravas automa\u0161\u012bnas kab\u012bn\u0113.<\/li>\n<li>Operatori var aktiviz\u0113t cilindru, lai paceltu vai nolaistu izg\u0101\u0161anas platformu, t\u0101d\u0113j\u0101di nodro\u0161inot efekt\u012bvu materi\u0101lu apstr\u0101di.<\/li>\n<\/ul>\n<h2><strong>K\u0101 darbojas hidraulisk\u0101 st\u016bres pastiprin\u0101t\u0101ja sist\u0113ma?<\/strong><\/h2>\n<p>Hidraulisk\u0101 st\u016bres pastiprin\u0101t\u0101ja sist\u0113ma ir galven\u0101 m\u016bsdienu transportl\u012bdzek\u013cu sast\u0101vda\u013ca, kas pal\u012bdz vad\u012bt\u0101jam viegli un prec\u012bzi st\u016br\u0113t transportl\u012bdzekli. T\u0101 izmanto hidraulisko spiedienu, lai pastiprin\u0101tu vad\u012bt\u0101ja ievadi un nodro\u0161in\u0101tu vienm\u0113r\u012bgu un atsauc\u012bgu st\u016br\u0113\u0161anas vad\u012bbu. Izp\u0113t\u012bsim, k\u0101 darbojas hidraulisk\u0101 st\u016bres pastiprin\u0101t\u0101ja sist\u0113ma:<\/p>\n<ol>\n<li><strong>Hidrauliskais s\u016bknis:<\/strong><br \/>\nSist\u0113ma s\u0101kas ar hidraulisko s\u016bkni, ko parasti darbina transportl\u012bdzek\u013ca dzin\u0113js. S\u016bknis ir atbild\u012bgs par hidraulisk\u0101 spiediena \u0123ener\u0113\u0161anu, izmantojot jaudu no dzin\u0113ja rot\u0101cijas kust\u012bbas. Tas parasti ir savienots ar dzin\u0113ju, izmantojot siksnu vai citus meh\u0101niskus l\u012bdzek\u013cus.<\/li>\n<li><strong>St\u016bres pastiprin\u0101t\u0101ja \u0161\u0137idrums:<\/strong><br \/>\nHidrauliskais s\u016bknis cirkul\u0113 st\u016bres pastiprin\u0101t\u0101ja \u0161\u0137idrumu, kas paz\u012bstams ar\u012b k\u0101 hidrauliskais \u0161\u0137idrums, vis\u0101 sist\u0113m\u0101. \u0160\u0137idrums kalpo k\u0101 vide sp\u0113ka un spiediena p\u0101rvadei.<\/li>\n<li><strong>St\u016bres p\u0101rnesumk\u0101rba\/\u017eogs un zobrats:<\/strong><br \/>\nSt\u016bres pastiprin\u0101t\u0101ja \u0161\u0137idrums tiek novad\u012bts uz st\u016bres p\u0101rnesumk\u0101rbu vai zobrata un zobrata mezglu. \u0160ie komponenti p\u0101rv\u0113r\u0161 st\u016bres rata rot\u0101cijas kust\u012bbu s\u0101nu kust\u012bb\u0101, kas pagrie\u017e transportl\u012bdzek\u013ca rite\u0146us.<\/li>\n<li><strong>Pastiprin\u0101t\u0101ja pal\u012bgsist\u0113ma:<\/strong><br \/>\nSt\u016bres pastiprin\u0101t\u0101ja sist\u0113m\u0101 ir iek\u013cauts st\u016bres pastiprin\u0101t\u0101ja meh\u0101nisms, piem\u0113ram, st\u016bres pastiprin\u0101t\u0101ja vad\u012bbas v\u0101rsts vai st\u016bres pastiprin\u0101t\u0101ja pal\u012bgcilindrs. \u0160\u012bs sast\u0101vda\u013cas izmanto s\u016bk\u0146a hidraulisko spiedienu, lai sniegtu pal\u012bdz\u012bbu vad\u012bt\u0101ja st\u016br\u0113\u0161anas darb\u012bb\u0101m. Kad vad\u012bt\u0101js pagrie\u017e st\u016bri, st\u016bres pastiprin\u0101t\u0101ja meh\u0101nisms regul\u0113 st\u016bres pastiprin\u0101t\u0101ja \u0161\u0137idruma pl\u016bsmu, pal\u012bdzot samazin\u0101t rite\u0146u pagrie\u0161anai nepiecie\u0161amo piep\u016bli.<\/li>\n<li><strong>St\u016br\u0113\u0161anas atsauksmes:<\/strong><br \/>\nLai saglab\u0101tu dabisku st\u016br\u0113\u0161anas saj\u016btu un sniegtu vad\u012bt\u0101jam atgriezenisko saiti, st\u016bres pastiprin\u0101t\u0101ja sist\u0113m\u0101 ir iek\u013cauta ier\u012bce, ko sauc par st\u016bres meh\u0101nismu vai v\u0113rpes stieni. \u0160\u012b sast\u0101vda\u013ca \u013cauj caur st\u016bri sajust noteiktu pretest\u012bbas l\u012bmeni un atgriezenisko saiti, uzlabojot vad\u012bt\u0101ja saikni ar ce\u013cu.<\/li>\n<li><strong>Spiediena samazin\u0101\u0161anas v\u0101rsts:<\/strong><br \/>\nSt\u016bres pastiprin\u0101t\u0101ja sist\u0113m\u0101 ir ieb\u016bv\u0113ts spiediena samazin\u0101\u0161anas v\u0101rsts, lai nov\u0113rstu p\u0101rm\u0113r\u012bgu spiediena palielin\u0101\u0161anos. Tas nodro\u0161ina, ka sist\u0113ma darbojas dro\u0161\u0101s robe\u017e\u0101s un aizsarg\u0101 pret iesp\u0113jamiem boj\u0101jumiem.<\/li>\n<\/ol>\n<h2><strong>R\u016bpn\u012bcas iesp\u0113jas un jauda:<\/strong><\/h2>\n<h3>(1) Mont\u0101\u017ea<\/h3>\n<p>Mums ir pirmklas\u012bga neatkar\u012bga p\u0113tniec\u012bbas un att\u012bst\u012bbas mont\u0101\u017eas platforma. Hidraulisko cilindru ra\u017eo\u0161anas darbn\u012bc\u0101 ir \u010detras pusautom\u0101tiskas pacel\u0161anas cilindru mont\u0101\u017eas l\u012bnijas un viena autom\u0101tisk\u0101 sl\u012bpuma cilindru mont\u0101\u017eas l\u012bnija ar projekt\u0113to gada ra\u017eo\u0161anas jaudu 1 miljons vien\u012bbu. Speci\u0101lo cilindru darbn\u012bca ir apr\u012bkota ar da\u017e\u0101du specifik\u0101ciju pusautom\u0101tisku t\u012br\u012b\u0161anas mont\u0101\u017eas sist\u0113mu ar projekt\u0113to gada ra\u017eo\u0161anas jaudu 200 000 vien\u012bbu un apr\u012bkota ar slaven\u0101m CNC apstr\u0101des iek\u0101rt\u0101m, apstr\u0101des centru, augstas precizit\u0101tes cilindru apstr\u0101des speci\u0101lo apr\u012bkojumu, robotiz\u0113tu metin\u0101\u0161anas iek\u0101rtu, autom\u0101tisku t\u012br\u012b\u0161anas iek\u0101rtu, autom\u0101tisku cilindru mont\u0101\u017eas iek\u0101rtu un autom\u0101tisku kr\u0101so\u0161anas ra\u017eo\u0161anas l\u012bniju. Eso\u0161ais kritiskais apr\u012bkojums ir vair\u0101k nek\u0101 300 komplektu (komplektu). Optim\u0101la iek\u0101rtu resursu sadale un efekt\u012bva izmanto\u0161ana nodro\u0161ina produktu precizit\u0101tes pras\u012bbas un apmierina produktu augst\u0101s kvalit\u0101tes pras\u012bbas.<\/p>\n<p><img loading=\"lazy\" decoding=\"async\" class=\"alignnone wp-image-626\" src=\"https:\/\/hydraulic-cylinders.net\/wp-content\/uploads\/2023\/08\/hydraulic-cylinder-product-1-300x158.webp\" alt=\"\" width=\"495\" height=\"260\" srcset=\"https:\/\/hydraulic-cylinders.net\/wp-content\/uploads\/2023\/08\/hydraulic-cylinder-product-1-300x158.webp 495w, https:\/\/hydraulic-cylinders.net\/wp-content\/uploads\/2023\/08\/hydraulic-cylinder-product-1-480x252.webp 480w\" sizes=\"(min-width: 0px) and (max-width: 480px) 480px, (min-width: 481px) 495px, 100vw\" \/> <img loading=\"lazy\" decoding=\"async\" class=\"alignnone wp-image-627\" src=\"https:\/\/hydraulic-cylinders.net\/wp-content\/uploads\/2023\/08\/hydraulic-cylinder-product-2-300x189.webp\" alt=\"\" width=\"413\" height=\"260\" \/><\/p>\n<h3>(2) Apstr\u0101de<\/h3>\n<p>Apstr\u0101des cehs ir apr\u012bkots ar piel\u0101gotu sl\u012bpo slie\u017eu virpo\u0161anas centru, apstr\u0101des centru, \u0101trgaitas asin\u0101\u0161anas ma\u0161\u012bnu, metin\u0101\u0161anas robotu un citu saist\u012btu apr\u012bkojumu, kas var apstr\u0101d\u0101t cilindriskas caurules ar maksim\u0101lo iek\u0161\u0113jo diametru 400 mm un maksim\u0101lo garumu 6 metri.<\/p>\n<p><img loading=\"lazy\" decoding=\"async\" class=\"alignnone wp-image-628 size-large\" src=\"https:\/\/hydraulic-cylinders.net\/wp-content\/uploads\/2023\/08\/hydraulic-cylinder-product-3-1024x391.webp\" alt=\"\" width=\"1024\" height=\"391\" srcset=\"https:\/\/hydraulic-cylinders.net\/wp-content\/uploads\/2023\/08\/hydraulic-cylinder-product-3-980x374.webp 980w, https:\/\/hydraulic-cylinders.net\/wp-content\/uploads\/2023\/08\/hydraulic-cylinder-product-3-480x183.webp 480w\" sizes=\"(min-width: 0px) and (max-width: 480px) 480px, (min-width: 481px) and (max-width: 980px) 980px, (min-width: 981px) 1024px, 100vw\" \/><\/p>\n<h3>(3) Metin\u0101\u0161ana<\/h3>\n<p><img loading=\"lazy\" decoding=\"async\" class=\"alignnone wp-image-629 size-large\" src=\"https:\/\/hydraulic-cylinders.net\/wp-content\/uploads\/2023\/08\/hydraulic-cylinder-product-4-1024x510.webp\" alt=\"\" width=\"1024\" height=\"510\" srcset=\"https:\/\/hydraulic-cylinders.net\/wp-content\/uploads\/2023\/08\/hydraulic-cylinder-product-4-980x488.webp 980w, https:\/\/hydraulic-cylinders.net\/wp-content\/uploads\/2023\/08\/hydraulic-cylinder-product-4-480x239.webp 480w\" sizes=\"(min-width: 0px) and (max-width: 480px) 480px, (min-width: 481px) and (max-width: 980px) 980px, (min-width: 981px) 1024px, 100vw\" \/><\/p>\n<h3>(4) Kr\u0101so\u0161ana un p\u0101rkl\u0101\u0161ana<\/h3>\n<p>Ar maz\u0101m un vid\u0113ja izm\u0113ra cilindrisk\u0101m autom\u0101tisk\u0101m \u016bdens b\u0101zes kr\u0101su p\u0101rkl\u0101\u0161anas l\u012bnij\u0101m, lai pan\u0101ktu autom\u0101tisku robotu iekrau\u0161anu un izkrau\u0161anu un autom\u0101tisku izsmidzin\u0101\u0161anu, projekt\u0113t\u0101 jauda ir 4000 gabali mai\u0146\u0101;<br \/>\nMums ir ar\u012b pusautom\u0101tiska kr\u0101su ra\u017eo\u0161anas l\u012bnija lieliem baloniem, ko darbina \u0137\u0113des piedzi\u0146a, ar 60 kastu konstrukcijas jaudu vien\u0101 mai\u0146\u0101.<\/p>\n<p><img loading=\"lazy\" decoding=\"async\" class=\"alignnone wp-image-630\" src=\"https:\/\/hydraulic-cylinders.net\/wp-content\/uploads\/2023\/08\/hydraulic-cylinder-product-5-300x213.webp\" alt=\"\" width=\"366\" height=\"260\" \/> <img loading=\"lazy\" decoding=\"async\" class=\"alignnone wp-image-631\" src=\"https:\/\/hydraulic-cylinders.net\/wp-content\/uploads\/2023\/08\/hydraulic-cylinder-product-6-300x225.webp\" alt=\"\" width=\"347\" height=\"260\" \/><\/p>\n<h3>(5) Test\u0113\u0161ana<\/h3>\n<p>Mums ir augst\u0101k\u0101s klases p\u0101rbaudes iek\u0101rtas un test\u0113\u0161anas stendi, lai nodro\u0161in\u0101tu, ka balona veiktsp\u0113ja atbilst pras\u012bb\u0101m.<\/p>\n<p><img loading=\"lazy\" decoding=\"async\" class=\"alignnone wp-image-632\" src=\"https:\/\/hydraulic-cylinders.net\/wp-content\/uploads\/2023\/08\/hydraulic-cylinder-product-8-300x200.webp\" alt=\"\" width=\"389\" height=\"260\" \/><\/p>\n<p>&nbsp;<\/p>\n<p>&nbsp;<\/p>\n<p>M\u0113s esam viens no lab\u0101kajiem hidraulisko cilindru ra\u017eot\u0101jiem. M\u0113s varam pied\u0101v\u0101t visaptvero\u0161us hidrauliskos cilindrus. M\u0113s nodro\u0161in\u0101m ar\u012b atbilsto\u0161us <a href=\"https:\/\/hzpt.com\/agricultural-pto-gearbox\/\" target=\"_blank\" rel=\"noopener\">lauksaimniec\u012bbas p\u0101rnesumk\u0101rbas<\/a>. M\u0113s esam eksport\u0113ju\u0161i savus produktus klientiem vis\u0101 pasaul\u0113 un esam ieguvu\u0161i labu reput\u0101ciju, pateicoties m\u016bsu izcilajai produktu kvalit\u0101tei un p\u0113cp\u0101rdo\u0161anas servisam. M\u0113s aicin\u0101m klientus no valsts un \u0101rvalst\u012bm sazin\u0101ties ar mums, lai risin\u0101tu biznesa sarunas, apmain\u012btos ar inform\u0101ciju un... <a href=\"https:\/\/www.hydraulic-cylinders.net\/lv\/contact-us\/\">sadarboties ar mums<\/a>!<\/p>","protected":false},"excerpt":{"rendered":"<p>Mining Dump Truck Lifting Cylinder The mining dump truck lifting cylinder is an essential component designed specifically for mining dump trucks. This powerful hydraulic cylinder is responsible for lifting and lowering the truck&#8217;s dump bed, allowing for efficient loading and unloading of materials in mining operations. The mining dump truck lifting cylinder is a crucial [&hellip;]<\/p>","protected":false},"featured_media":1609,"comment_status":"open","ping_status":"closed","template":"","meta":{"_et_pb_use_builder":"","_et_pb_old_content":"","_et_gb_content_width":""},"product_brand":[],"product_cat":[1517,1532,1549,1376,1393],"product_tag":[1380],"class_list":{"0":"post-1607","1":"product","2":"type-product","3":"status-publish","4":"has-post-thumbnail","6":"product_cat-dump-truck-hydraulic-cylinders","7":"product_cat-mining-dump-truck-hydraulic-cylinders","8":"product_cat-single-acting-hydraulic-cylinder","9":"product_cat-hydraulic-cylinder","10":"product_cat-telescopic-hydraulic-cylinder","11":"product_tag-hydraulic-cylinder","13":"first","14":"instock","15":"shipping-taxable","16":"product-type-simple"},"amp_enabled":true,"_links":{"self":[{"href":"https:\/\/www.hydraulic-cylinders.net\/lv\/wp-json\/wp\/v2\/product\/1607","targetHints":{"allow":["GET"]}}],"collection":[{"href":"https:\/\/www.hydraulic-cylinders.net\/lv\/wp-json\/wp\/v2\/product"}],"about":[{"href":"https:\/\/www.hydraulic-cylinders.net\/lv\/wp-json\/wp\/v2\/types\/product"}],"replies":[{"embeddable":true,"href":"https:\/\/www.hydraulic-cylinders.net\/lv\/wp-json\/wp\/v2\/comments?post=1607"}],"wp:featuredmedia":[{"embeddable":true,"href":"https:\/\/www.hydraulic-cylinders.net\/lv\/wp-json\/wp\/v2\/media\/1609"}],"wp:attachment":[{"href":"https:\/\/www.hydraulic-cylinders.net\/lv\/wp-json\/wp\/v2\/media?parent=1607"}],"wp:term":[{"taxonomy":"product_brand","embeddable":true,"href":"https:\/\/www.hydraulic-cylinders.net\/lv\/wp-json\/wp\/v2\/product_brand?post=1607"},{"taxonomy":"product_cat","embeddable":true,"href":"https:\/\/www.hydraulic-cylinders.net\/lv\/wp-json\/wp\/v2\/product_cat?post=1607"},{"taxonomy":"product_tag","embeddable":true,"href":"https:\/\/www.hydraulic-cylinders.net\/lv\/wp-json\/wp\/v2\/product_tag?post=1607"}],"curies":[{"name":"wp","href":"https:\/\/api.w.org\/{rel}","templated":true}]}}