{"id":16100,"date":"2025-01-20T08:28:44","date_gmt":"2025-01-20T08:28:44","guid":{"rendered":"https:\/\/www.hydraulic-cylinders.net\/product\/arm-cylinderfor-sumitomo-middle-excavator-sh200a1a2a3\/"},"modified":"2025-01-20T08:28:46","modified_gmt":"2025-01-20T08:28:46","slug":"arm-cylinderfor-sumitomo-middle-excavator-sh200a1a2a3","status":"publish","type":"product","link":"https:\/\/www.hydraulic-cylinders.net\/lv\/products\/arm-cylinderfor-sumitomo-middle-excavator-sh200a1a2a3\/","title":{"rendered":"Sviras cilindrs Sumitomo vid\u0113ja izm\u0113ra ekskavatoram SH200A1A2A3"},"content":{"rendered":"<p>Sumitomo vid\u0113j\u0101 ekskavatora SH200A1A2A3 sviras cilindrs<\/p>\n<p>Sviru cilindri ir hidrauliskie cilindri, kas \u012bpa\u0161i izstr\u0101d\u0101ti, lai nodro\u0161in\u0101tu line\u0101ru kust\u012bbu un jaudu da\u017e\u0101du veidu ma\u0161\u012bnu, piem\u0113ram, ekskavatoru, celt\u0146u un meh\u0101nisko sviru, svir\u0101m. \u0160iem cilindriem ir galven\u0101 loma hidrauliskaj\u0101s sist\u0113m\u0101s, \u013caujot efekt\u012bvi p\u0101rvietot un kontrol\u0113t papildu instrumentus vai stiprin\u0101jumus. Tie ne tikai nodro\u0161ina vienm\u0113r\u012bgu kust\u012bbu, bet ar\u012b iztur lielas slodzes, nodro\u0161inot ma\u0161\u012bnu efekt\u012bvu darb\u012bbu un uzticam\u012bbu da\u017e\u0101dos ekspluat\u0101cijas apst\u0101k\u013cos.<\/p>\n<p><img decoding=\"async\" src=\"https:\/\/www.hydraulic-cylinders.net\/wp-content\/uploads\/2025\/01\/songte-company-2.webp\" alt=\"Sviras cilindrs\" \/><\/p>\n<p>Funkcijas:<br \/>\n\u2013 Augstas efektivit\u0101tes transmisija: Sviras cilindrs nodro\u0161ina jaud\u012bgu line\u0101ru kust\u012bbu un sp\u0113ku, garant\u0113jot meh\u0101nisko sviru augstu efektivit\u0101ti da\u017e\u0101du darb\u012bbu laik\u0101.<br \/>\n\u2013 Prec\u012bza vad\u012bba: Sviras cilindrs var pan\u0101kt prec\u012bzu kust\u012bbas vad\u012bbu, izmantojot hidraulisko sist\u0113mu, padarot instrumentu darb\u012bbu elast\u012bg\u0101ku un prec\u012bz\u0101ku.<br \/>\n\u2013 Augsta iztur\u012bba: Sviras cilindrs parasti ir izgatavots no augstas iztur\u012bbas materi\u0101liem, ar labu nodilumiztur\u012bbu un korozijas iztur\u012bbu, kas ir piem\u0113roti ilgsto\u0161ai lieto\u0161anai skarbos apst\u0101k\u013cos.<br \/>\n\u2013 Daudzfunkcion\u0101la piel\u0101gojam\u012bba: \u0161os cilindrus var pla\u0161i izmantot da\u017e\u0101da veida ma\u0161\u012bn\u0101s, piem\u0113ram, ekskavatoros, celt\u0146os un meh\u0101niskaj\u0101s svir\u0101s, lai piel\u0101gotos da\u017e\u0101d\u0101m darba pras\u012bb\u0101m.<br \/>\n\u2013 Vienk\u0101r\u0161a apkope: Projekt\u0113jot \u0146emta v\u0113r\u0101 apkopes un nomai\u0146as vienk\u0101r\u0161\u012bba, padarot regul\u0101ras p\u0101rbaudes un apkopi \u0113rt\u0101ku, samazinot iek\u0101rtu d\u012bkst\u0101ves laiku.<\/p>\n<p>M\u016bsu produkts var lieliski aizst\u0101t \u0161os hidrauliskos cilindrus. <\/p>\n<p><img decoding=\"async\" src=\"https:\/\/www.hydraulic-cylinders.net\/wp-content\/uploads\/2025\/01\/songte-oil-pipes-and-spare-parts.webp\" alt=\"E\u013c\u013cas caurules un rezerves da\u013cas\" \/><\/p>\n<p>Lietojumi:<br \/>\n\u2013 B\u016bvniec\u012bbas in\u017eenierija: Ekskavatoros un celt\u0146os str\u0113les cilindri tiek izmantoti, lai kontrol\u0113tu kausu vai str\u0113les kust\u012bbu zemes darbos, materi\u0101lu apstr\u0101d\u0113 un konstrukciju uzst\u0101d\u012b\u0161an\u0101.<br \/>\n\u2013 Ra\u017eo\u0161anas nozare: Automatiz\u0113t\u0101s ra\u017eo\u0161anas l\u012bnij\u0101s roku cilindri tiek izmantoti meh\u0101nisko roku p\u0101rvieto\u0161anai mont\u0101\u017eas, metin\u0101\u0161anas un apstr\u0101des procesos, uzlabojot ra\u017eo\u0161anas efektivit\u0101ti un precizit\u0101ti.<br \/>\n\u2013 Lauksaimniec\u012bbas tehnika: Lauksaimniec\u012bbas tehnik\u0101, piem\u0113ram, kombainos un s\u0113jma\u0161\u012bn\u0101s, sviru cilindri kontrol\u0113 vad\u012bbas sviru kust\u012bbu, lai veiktu t\u0101dus uzdevumus k\u0101 s\u0113\u0161ana, m\u0113slo\u0161ana un ra\u017eas nov\u0101k\u0161ana.<br \/>\n\u2013 Ieguve: Ieguves iek\u0101rt\u0101s sviru cilindri tiek izmantoti, lai kontrol\u0113tu ieguves iek\u0101rtu sviru kust\u012bbu r\u016bdas ieguvei un transport\u0113\u0161anai.<br \/>\n\u2013 Lo\u0123istika un transports: Iekr\u0101v\u0113jos un apstr\u0101des robotos roku cilindri tiek izmantoti, lai kontrol\u0113tu dak\u0161u pacel\u0161anu un kust\u012bbu, nodro\u0161inot materi\u0101lu apstr\u0101di un sakrau\u0161anu.<\/p>\n<p>Dizaina apsv\u0113rumi un atlases krit\u0113riji:<br \/>\n\u2013 Nestsp\u0113ja: Sviras cilindram ir j\u0101b\u016bt pietiekamai nestsp\u0113jai, lai nodro\u0161in\u0101tu ma\u0161\u012bnu dro\u0161u darb\u012bbu da\u017e\u0101dos darba apst\u0101k\u013cos.<br \/>\n\u2013 Bl\u012bv\u0113jums: Tiek izmantotas da\u017e\u0101das bl\u012bv\u0113\u0161anas deta\u013cas, piem\u0113ram, virzu\u013ca bl\u012bvsl\u0113gi \u200b\u200bun stie\u0146a bl\u012bvsl\u0113gi, un tiek izv\u0113l\u0113ti nodilumiztur\u012bgi materi\u0101li, piem\u0113ram, poliuret\u0101ns un nitrilgumija. Cilindra korpusa un v\u012btnes gala virsmas r\u016bp\u012bga apstr\u0101de uzlabo nodilumiztur\u012bbu.<br \/>\n\u2013 Iztur\u012bba: Sviras cilindram j\u0101b\u016bt pietiekami iztur\u012bgam, lai iztur\u0113tu skarbu darba vidi un nodro\u0161in\u0101tu ilgsto\u0161u lieto\u0161anu.<br \/>\n\u2013 Dro\u0161\u012bba: Sviras cilindram j\u0101b\u016bt konstru\u0113tam, \u0146emot v\u0113r\u0101 dro\u0161\u012bbu, lai nov\u0113rstu negad\u012bjumus un nodro\u0161in\u0101tu person\u0101la un iek\u0101rtu dro\u0161\u012bbu.<br \/>\n\u2013 Uzturam\u012bba: konstrukcijai j\u0101b\u016bt viegli uztur\u0113jamai un nomain\u0101mai, padarot regul\u0101ras p\u0101rbaudes un apkopi \u0113rt\u0101ku un samazinot iek\u0101rtu d\u012bkst\u0101ves laiku.<\/p>\n<p><img decoding=\"async\" src=\"https:\/\/www.hydraulic-cylinders.net\/wp-content\/uploads\/2025\/01\/songte-cylinder-head-with-all-kinds-excavator-models.webp\" alt=\"Cilindra galva\" \/><\/p>\n<p>Bl\u012bv\u0113\u0161ana un e\u013c\u013co\u0161ana:<br \/>\n\u2013 Tiek izmantotas da\u017e\u0101das bl\u012bv\u0113\u0161anas deta\u013cas, piem\u0113ram, virzu\u013ca bl\u012bvsl\u0113gi \u200b\u200bun stie\u0146u bl\u012bvsl\u0113gi, un tiek izv\u0113l\u0113ti nodilumiztur\u012bgi materi\u0101li, piem\u0113ram, poliuret\u0101ns un nitrilgumija.<br \/>\n\u2013 Cilindra korpuss un v\u012btnes gala virsma ir smalki apstr\u0101d\u0101ta, lai uzlabotu nodilumiztur\u012bbu.<br \/>\n\u2013 Nepiecie\u0161ams regul\u0101ri pievienot atbilsto\u0161u hidraulisko e\u013c\u013cu e\u013c\u013co\u0161anai.<\/p>\n<p>Regul\u0101ras p\u0101rbaudes un profilaktisk\u0101s apkopes pas\u0101kumi:<br \/>\n\u2013 Lai nodro\u0161in\u0101tu stabilu darb\u012bbu, nepiecie\u0161ama regul\u0101ra sviras cilindra p\u0101rbaude un apkope.<br \/>\n\u2013 Ir nepiecie\u0161ams savlaic\u012bgi atkl\u0101t un nov\u0113rst anom\u0101lus apst\u0101k\u013cus, lai nov\u0113rstu iek\u0101rtu k\u013c\u016bmes un samazin\u0101tu iek\u0101rtu d\u012bkst\u0101ves laiku.<br \/>\n\u2013 Regul\u0101ra nodilu\u0161u vai boj\u0101tu deta\u013cu nomai\u0146a pal\u012bdz\u0113s pagarin\u0101t sviras cilindra kalpo\u0161anas laiku.<\/p>\n<p>Pareiza produkta uzst\u0101d\u012b\u0161anas instrukcija:<br \/>\n\u2013 Sviras cilindra uzst\u0101d\u012b\u0161ana j\u0101veic saska\u0146\u0101 ar uzst\u0101d\u012b\u0161anas instrukcij\u0101m, lai nodro\u0161in\u0101tu t\u0101 stabilu darb\u012bbu un izvair\u012btos no negad\u012bjumiem.<br \/>\n\u2013 Uzst\u0101d\u012b\u0161anu j\u0101veic profesion\u0101\u013ciem, un tai nepiecie\u0161ami atbilsto\u0161i instrumenti un apr\u012bkojums.<\/p>\n<p><img decoding=\"async\" src=\"https:\/\/www.hydraulic-cylinders.net\/wp-content\/uploads\/2025\/01\/songte-bushings-with-all-kinds-of-excavator-models.webp\" alt=\"Bukses\" \/><\/p>\n<p>Dro\u0161\u012bbas apsv\u0113rumi un vides faktori:<br \/>\n\u2013 Uzst\u0101d\u012b\u0161anas un ekspluat\u0101cijas laik\u0101 j\u0101veic dro\u0161\u012bbas pas\u0101kumi, lai nov\u0113rstu negad\u012bjumus un nodro\u0161in\u0101tu person\u0101la un iek\u0101rtu dro\u0161\u012bbu.<br \/>\n\u2013 Lieto\u0161anas laik\u0101 j\u0101\u0146em v\u0113r\u0101 t\u0101di vides faktori k\u0101 temperat\u016bra, mitrums un putek\u013ci, un j\u0101veic atbilsto\u0161i pas\u0101kumi, lai nodro\u0161in\u0101tu rokas cilindra stabilu darb\u012bbu.<\/p>\n<p>Bie\u017e\u0101k sastopam\u0101s k\u013c\u016bmes un to nov\u0113r\u0161ana:<br \/>\n\u2013 Hidraulisk\u0101s e\u013c\u013cas nopl\u016bde: p\u0101rbaudiet, vai bl\u012bv\u0113juma deta\u013cas nav boj\u0101tas, un savlaic\u012bgi nomainiet t\u0101s.<br \/>\n\u2013 Neparasts troksnis vai vibr\u0101cija: p\u0101rbaudiet, vai cilindrs nav boj\u0101ts vai virzu\u013ca stienis nav saliekts, un savlaic\u012bgi nomainiet vai salabojiet to.<br \/>\n\u2013 Nepietiekama nestsp\u0113ja: p\u0101rbaudiet, vai cilindram ir pietiekama nestsp\u0113ja, un, ja nepiecie\u0161ams, nomainiet to ar modeli ar liel\u0101ku nestsp\u0113ju.<\/p>\n<p>Prevent\u012bvie pas\u0101kumi:<br \/>\n\u2013 Regul\u0101ra p\u0101rbaude un apkope var efekt\u012bvi nov\u0113rst iesp\u0113jamus boj\u0101jumus un nodro\u0161in\u0101t stabilu sviras cilindra darb\u012bbu.<\/p>\n<p>M\u016bsu uz\u0146\u0113mums ir profesion\u0101ls aizst\u0101j\u0113jhidraulisko cilindru ra\u017eot\u0101js ar pla\u0161u produktu kl\u0101stu. Esam k\u013cuvu\u0161i par vienu no vado\u0161ajiem hidraulisko cilindru ra\u017eot\u0101jiem un vairumtirgot\u0101jiem viet\u0113j\u0101 un \u0101rvalstu tirgos. M\u0113s vienm\u0113r iev\u0113rojam izcilas kvalit\u0101tes principu un pa\u013caujamies uz industrializ\u0113t\u0101m ra\u017eo\u0161anas vad\u012bbas strat\u0113\u0123ij\u0101m smalk\u0101s ra\u017eo\u0161anas darbn\u012bc\u0101s, lai nep\u0101rtraukti uzlabotu savu tehnisko l\u012bmeni un ra\u017eo\u0161anas efektivit\u0101ti. Mums ir sp\u0113c\u012bgas inovat\u012bvas sp\u0113jas, ievie\u0161ot augstas klases digit\u0101l\u0101s ra\u017eo\u0161anas iek\u0101rtas un profesion\u0101las test\u0113\u0161anas sist\u0113mas, optimiz\u0113jot ra\u017eo\u0161anas platformu un uzlabojot produktu kvalit\u0101tes kontroles procesu. M\u016bsu m\u0113r\u0137is ir apmierin\u0101t m\u016bsu klientu daudzveid\u012bg\u0101s vajadz\u012bbas, izmantojot efekt\u012bvus, prec\u012bzus un augstas kvalit\u0101tes principus.<\/p>\n<p>Profesionalit\u0101te, starptautiska sertifik\u0101cija, piel\u0101goti pakalpojumi, ra\u017eo\u0161anas iek\u0101rtas un p\u0113cp\u0101rdo\u0161anas serviss ir m\u016bsu uz\u0146\u0113muma stipr\u0101s puses.<\/p>\n<p><img decoding=\"async\" src=\"https:\/\/www.hydraulic-cylinders.net\/wp-content\/uploads\/2025\/01\/songte-company-4.webp\" alt=\"4. uz\u0146\u0113mums\" \/><\/p>\n<p><img decoding=\"async\" src=\"https:\/\/www.hydraulic-cylinders.net\/wp-content\/uploads\/2025\/01\/songte-company-3.webp\" alt=\"3. uz\u0146\u0113mums\" \/><\/p>\n<p>Autors: Lails.<\/p>","protected":false},"excerpt":{"rendered":"<p>Arm Cylinder For Sumitomo Middle Excavator SH200A1A2A3 Arm cylinders are hydraulic cylinders specially designed to provide linear motion and power to the arms of various types of machinery, such as excavators, cranes, and mechanical arms. These cylinders play a key role in hydraulic systems, allowing additional tools or attachments to move and be controlled effectively. [&hellip;]<\/p>","protected":false},"featured_media":14766,"comment_status":"open","ping_status":"closed","template":"","meta":{"_et_pb_use_builder":"","_et_pb_old_content":"","_et_gb_content_width":""},"product_brand":[],"product_cat":[1497],"product_tag":[1498,1496],"class_list":{"0":"post-16100","1":"product","2":"type-product","3":"status-publish","4":"has-post-thumbnail","6":"product_cat-arm-cylinders","7":"product_tag-arm-cylinders","8":"product_tag-hydraulic-cylinders","10":"first","11":"instock","12":"shipping-taxable","13":"product-type-simple"},"amp_enabled":true,"_links":{"self":[{"href":"https:\/\/www.hydraulic-cylinders.net\/lv\/wp-json\/wp\/v2\/product\/16100","targetHints":{"allow":["GET"]}}],"collection":[{"href":"https:\/\/www.hydraulic-cylinders.net\/lv\/wp-json\/wp\/v2\/product"}],"about":[{"href":"https:\/\/www.hydraulic-cylinders.net\/lv\/wp-json\/wp\/v2\/types\/product"}],"replies":[{"embeddable":true,"href":"https:\/\/www.hydraulic-cylinders.net\/lv\/wp-json\/wp\/v2\/comments?post=16100"}],"wp:featuredmedia":[{"embeddable":true,"href":"https:\/\/www.hydraulic-cylinders.net\/lv\/wp-json\/wp\/v2\/media\/14766"}],"wp:attachment":[{"href":"https:\/\/www.hydraulic-cylinders.net\/lv\/wp-json\/wp\/v2\/media?parent=16100"}],"wp:term":[{"taxonomy":"product_brand","embeddable":true,"href":"https:\/\/www.hydraulic-cylinders.net\/lv\/wp-json\/wp\/v2\/product_brand?post=16100"},{"taxonomy":"product_cat","embeddable":true,"href":"https:\/\/www.hydraulic-cylinders.net\/lv\/wp-json\/wp\/v2\/product_cat?post=16100"},{"taxonomy":"product_tag","embeddable":true,"href":"https:\/\/www.hydraulic-cylinders.net\/lv\/wp-json\/wp\/v2\/product_tag?post=16100"}],"curies":[{"name":"wp","href":"https:\/\/api.w.org\/{rel}","templated":true}]}}