{"id":16109,"date":"2025-01-20T08:29:42","date_gmt":"2025-01-20T08:29:42","guid":{"rendered":"https:\/\/www.hydraulic-cylinders.net\/product\/arm-cylinderfor-sumitomo-large-excavator-sh300a1a2a3\/"},"modified":"2025-01-20T08:29:49","modified_gmt":"2025-01-20T08:29:49","slug":"arm-cylinderfor-sumitomo-large-excavator-sh300a1a2a3","status":"publish","type":"product","link":"https:\/\/www.hydraulic-cylinders.net\/lv\/products\/arm-cylinderfor-sumitomo-large-excavator-sh300a1a2a3\/","title":{"rendered":"Sviras cilindrs Sumitomo lielajam ekskavatoram SH300A1A2A3"},"content":{"rendered":"<h1>Sumitomo liel\u0101 ekskavatora SH300A1A2A3 rokas cilindrs<\/h1>\n<h2>Ievads<\/h2>\n<p>Sviras cilindrs ir speci\u0101li izstr\u0101d\u0101ts hidrauliskais cilindrs, kas nodro\u0161ina line\u0101ru kust\u012bbu un jaudu da\u017e\u0101du ma\u0161\u012bnu, piem\u0113ram, ekskavatoru, celt\u0146u un robotiz\u0113tu roku, svirai. Tam ir iz\u0161\u0137iro\u0161a noz\u012bme hidrauliskaj\u0101s sist\u0113m\u0101s, nodro\u0161inot efekt\u012bvu papildu instrumentu vai stiprin\u0101jumu p\u0101rvieto\u0161anu un vad\u012bbu. \u0160ie cilindri ne tikai nodro\u0161ina vienm\u0113r\u012bgu kust\u012bbu, bet ar\u012b iztur lielas slodzes, nodro\u0161inot ma\u0161\u012bnu efekt\u012bvu darb\u012bbu un uzticam\u012bbu da\u017e\u0101dos darba apst\u0101k\u013cos.<\/p>\n<p><img decoding=\"async\" src=\"https:\/\/www.hydraulic-cylinders.net\/wp-content\/uploads\/2025\/01\/songte-company-2.webp\" alt=\"Sviras cilindra att\u0113ls\"><\/p>\n<h2>Funkcijas<\/h2>\n<ul>\n<li>Augstas efektivit\u0101tes transmisija: Sviras cilindrs nodro\u0161ina jaud\u012bgu line\u0101ru kust\u012bbu un sp\u0113ku, garant\u0113jot meh\u0101nisk\u0101s sviras augstas veiktsp\u0113jas iesp\u0113jas da\u017e\u0101d\u0101s darb\u012bb\u0101s.<\/li>\n<li>Prec\u012bza vad\u012bba: Izmantojot hidraulisko sist\u0113mu, sviras cilindrs nodro\u0161ina prec\u012bzu kust\u012bbas vad\u012bbu, padarot agreg\u0101tu darb\u012bbu elast\u012bg\u0101ku un prec\u012bz\u0101ku.<\/li>\n<li>Iztur\u012bba: Sviru cilindri parasti ir izgatavoti no augstas iztur\u012bbas materi\u0101liem, kas nodro\u0161ina izcilu iztur\u012bbu pret nodilumu un koroziju, padarot tos piem\u0113rotus ilgsto\u0161ai lieto\u0161anai skarbos apst\u0101k\u013cos.<\/li>\n<li>Daudzfunkcion\u0101la piel\u0101go\u0161an\u0101s sp\u0113ja: \u0161os cilindrus var pla\u0161i pielietot da\u017e\u0101d\u0101m ma\u0161\u012bn\u0101m, piem\u0113ram, ekskavatoriem, celt\u0146iem un robotiz\u0113t\u0101m rok\u0101m, piel\u0101gojoties da\u017e\u0101d\u0101m darba pras\u012bb\u0101m.<\/li>\n<li>Vienk\u0101r\u0161a apkope: Projekt\u0113jot \u0146emta v\u0113r\u0101 apkopes un nomai\u0146as vienk\u0101r\u0161\u012bba, padarot regul\u0101ras p\u0101rbaudes un apkopi \u0113rtas, k\u0101 ar\u012b samazinot iek\u0101rtu d\u012bkst\u0101ves laiku.<\/li>\n<\/ul>\n<p><img decoding=\"async\" src=\"https:\/\/www.hydraulic-cylinders.net\/wp-content\/uploads\/2025\/01\/songte-oil-pipes-and-spare-parts.webp\" alt=\"Produkta att\u0113ls\"><\/p>\n<h2>Pieteikumi<\/h2>\n<ul>\n<li>B\u016bvniec\u012bbas in\u017eenierija: Ekskavatoros un celt\u0146os sviras cilindrs kontrol\u0113 kausu vai str\u0113les kust\u012bbu zemes darbiem, materi\u0101lu apstr\u0101dei un konstrukciju uzst\u0101d\u012b\u0161anai.<\/li>\n<li>Ra\u017eo\u0161anas nozare: Automatiz\u0113t\u0101s ra\u017eo\u0161anas l\u012bnij\u0101s rokas cilindrs nodro\u0161ina robotiz\u0113to roku kust\u012bbu mont\u0101\u017eas, metin\u0101\u0161anas un materi\u0101lu apstr\u0101des procesos, uzlabojot ra\u017eo\u0161anas efektivit\u0101ti un precizit\u0101ti.<\/li>\n<li>Lauksaimniec\u012bbas tehnika: Lauksaimniec\u012bbas tehnik\u0101, piem\u0113ram, kombainos un s\u0113jma\u0161\u012bn\u0101s, sviras cilindrs kontrol\u0113 vad\u012bbas sviru kust\u012bbu, lai veiktu t\u0101dus uzdevumus k\u0101 s\u0113\u0161ana, m\u0113slo\u0161ana un ra\u017eas nov\u0101k\u0161ana.<\/li>\n<li>Kalnr\u016bpniec\u012bba: Kalnr\u016bpniec\u012bbas iek\u0101rt\u0101s rokas cilindrs kontrol\u0113 kalnr\u016bpniec\u012bbas ma\u0161\u012bnu rokas kust\u012bbu r\u016bdas ieguvei un transport\u0113\u0161anai.<\/li>\n<li>Lo\u0123istika un transports: Iekr\u0101v\u0113jos un apstr\u0101des robotos rokas cilindrs tiek izmantots, lai kontrol\u0113tu dak\u0161u pacel\u0161anu un kust\u012bbu, nodro\u0161inot materi\u0101lu apstr\u0101di un sakrau\u0161anu.<\/li>\n<\/ul>\n<h2>Dizaina apsv\u0113rumi un atlases krit\u0113riji<\/h2>\n<ul>\n<li>Nestsp\u0113ja: Sviras cilindra konstrukcij\u0101 ir \u0146emta v\u0113r\u0101 t\u0101 sp\u0113ja iztur\u0113t nepiecie\u0161am\u0101s slodzes un sp\u0113kus.<\/li>\n<li>Bl\u012bv\u0113jums: Tiek izmantoti da\u017e\u0101di bl\u012bv\u0113\u0161anas komponenti, piem\u0113ram, virzu\u013ca bl\u012bvsl\u0113gi \u200b\u200bun stie\u0146a bl\u012bvsl\u0113gi, kas izgatavoti no nodilumiztur\u012bgiem materi\u0101liem, piem\u0113ram, poliuret\u0101na un nitrila gumijas. Cilindra korpuss un v\u012bt\u0146otie gali tiek pak\u013cauti prec\u012bzai virsmas apstr\u0101dei, lai uzlabotu nodilumiztur\u012bbu.<\/li>\n<li>Iztur\u012bba: Sviras cilindra materi\u0101li un konstrukcija nodro\u0161ina ilgsto\u0161u veiktsp\u0113ju sare\u017e\u0123\u012btos apst\u0101k\u013cos.<\/li>\n<li>Dro\u0161\u012bba: Projekt\u0113\u0161an\u0101 priorit\u0101te ir dro\u0161\u012bbas funkcij\u0101m, piem\u0113ram, spiediena samazin\u0101\u0161anas v\u0101rstiem un av\u0101rijas aptur\u0113\u0161anas meh\u0101nismiem, lai nov\u0113rstu negad\u012bjumus un nodro\u0161in\u0101tu operatora dro\u0161\u012bbu.<\/li>\n<li>Uzturam\u012bba: Vienk\u0101r\u0161a piek\u013cuve komponentiem un standartiz\u0113tas konstrukcijas vienk\u0101r\u0161o apkopi un samazina d\u012bkst\u0101ves laiku.<\/li>\n<\/ul>\n<p><img decoding=\"async\" src=\"https:\/\/www.hydraulic-cylinders.net\/wp-content\/uploads\/2025\/01\/songte-cylinder-head-with-all-kinds-excavator-models.webp\" alt=\"Bl\u012bv\u0113\u0161anas un e\u013c\u013co\u0161anas att\u0113ls\"><\/p>\n<h2>Bl\u012bv\u0113\u0161ana un e\u013c\u013co\u0161ana<\/h2>\n<p>Sviras cilindr\u0101 tiek izmantoti da\u017e\u0101di bl\u012bv\u0113\u0161anas komponenti, tostarp virzu\u013ca bl\u012bv\u0113jumi un stie\u0146a bl\u012bv\u0113jumi, kas izgatavoti no nodilumiztur\u012bgiem materi\u0101liem, piem\u0113ram, poliuret\u0101na un nitrila gumijas. Cilindra korpuss un v\u012bt\u0146otie gali ir smalki apstr\u0101d\u0101ti, lai uzlabotu nodilumiztur\u012bbu. Lai nodro\u0161in\u0101tu vienm\u0113r\u012bgu darb\u012bbu, ir nepiecie\u0161ama regul\u0101ra e\u013c\u013co\u0161ana ar atbilsto\u0161u hidraulisko e\u013c\u013cu.<\/p>\n<h2>Regul\u0101ra p\u0101rbaude un profilaktisk\u0101 apkope<\/h2>\n<ul>\n<li>P\u0101rbaudiet bl\u012bves un nomainiet t\u0101s, ja t\u0101s ir nolietotas vai boj\u0101tas.<\/li>\n<li>P\u0101rbaudiet, vai nav nopl\u016b\u017eu, un nepiecie\u0161am\u012bbas gad\u012bjum\u0101 salabojiet.<\/li>\n<li>Uzraugiet cilindra darb\u012bbu un nekav\u0113joties nov\u0113rsiet jebk\u0101das neparastas vibr\u0101cijas vai trok\u0161\u0146us.<\/li>\n<li>Turiet cilindru t\u012bru un bez gru\u017eiem.<\/li>\n<li>Iev\u0113rojiet ra\u017eot\u0101ja nor\u0101d\u012bjumus par apkopes interv\u0101liem un proced\u016br\u0101m.<\/li>\n<\/ul>\n<h2>Produkta uzst\u0101d\u012b\u0161anas rokasgr\u0101mata<\/h2>\n<p>1. P\u0101rliecinieties, vai iek\u0101rta ir izsl\u0113gta un hidrauliskais spiediens ir samazin\u0101ts.<\/p>\n<p>2. Novietojiet sviras cilindru v\u0113lamaj\u0101 viet\u0101, nol\u012bdzinot stiprin\u0101juma caurumus.<\/p>\n<p>3. Dro\u0161i nostipriniet cilindru, izmantojot atbilsto\u0161as \u200b\u200bskr\u016bves vai tapas.<\/p>\n<p>4. Pievienojiet hidraulisk\u0101s l\u012bnijas, nodro\u0161inot pareizu bl\u012bv\u0113jumu un cie\u0161us savienojumus.<\/p>\n<p>5. P\u0101rbaudiet uzst\u0101d\u012b\u0161anu, vai nav nek\u0101du neatbilst\u012bbu vai nob\u012bdes.<\/p>\n<p>6. Pirms iek\u0101rtas norm\u0101las lieto\u0161anas ats\u0101k\u0161anas p\u0101rbaudiet cilindra funkcionalit\u0101ti un darb\u012bbu.<\/p>\n<p><img decoding=\"async\" src=\"https:\/\/www.hydraulic-cylinders.net\/wp-content\/uploads\/2025\/01\/songte-bushings-with-all-kinds-of-excavator-models.webp\" alt=\"Instal\u0113\u0161anas rokasgr\u0101matas att\u0113ls\"><\/p>\n<h2>Dro\u0161\u012bbas apsv\u0113rumi un vides faktori<\/h2>\n<p>Str\u0101d\u0101jot ar sviras cilindriem, ir svar\u012bgi iev\u0113rot dro\u0161\u012bbas pas\u0101kumus un stingri iev\u0113rot noteiktos protokolus. Tas ietver atbilsto\u0161u individu\u0101lo aizsardz\u012bbas l\u012bdzek\u013cu valk\u0101\u0161anu, regul\u0101ru dro\u0161\u012bbas p\u0101rbau\u017eu veik\u0161anu un atbilsto\u0161as \u200b\u200bapm\u0101c\u012bbas nodro\u0161in\u0101\u0161anu operatoriem. Turkl\u0101t, \u0146emot v\u0113r\u0101 t\u0101dus vides faktorus k\u0101 temperat\u016bra un mitrums, var optimiz\u0113t sviras cilindra veiktsp\u0113ju un ilgm\u016b\u017e\u012bbu.<\/p>\n<h2>Probl\u0113mu nov\u0113r\u0161ana un bie\u017ei sastopamas probl\u0113mas<\/h2>\n<p>1. Probl\u0113ma: l\u0113na vai nevienm\u0113r\u012bga rokas kust\u012bba.<\/p>\n<p>   Risin\u0101jums: P\u0101rbaudiet, vai nav hidraulisk\u0101 \u0161\u0137idruma nopl\u016b\u017eu, apskatiet bl\u012bves un nodro\u0161iniet pareizu e\u013c\u013co\u0161anu.<\/p>\n<p>2. Probl\u0113ma: P\u0101rm\u0113r\u012bgs troksnis darb\u012bbas laik\u0101.<\/p>\n<p>   Risin\u0101jums: P\u0101rbaudiet, vai nav va\u013c\u012bgu savienojumu, boj\u0101tu deta\u013cu vai nepareiza izl\u012bdzin\u0101juma.<\/p>\n<p>3. Probl\u0113ma: Cilindrs piln\u012bb\u0101 neizvirz\u0101s vai neievelkas.<\/p>\n<p>   Risin\u0101jums: p\u0101rbaudiet hidraulisk\u0101 \u0161\u0137idruma l\u012bmeni, vad\u012bbas v\u0101rstus un nodro\u0161iniet pareizu hidraulisko spiedienu.<\/p>\n<p>Regul\u0101ra apkope, tostarp jebk\u0101du probl\u0113mu savlaic\u012bga nov\u0113r\u0161ana, ir b\u016btiska sviras cilindra optim\u0101lai darb\u012bbai un ilgm\u016b\u017e\u012bbai.<\/p>\n<p><img decoding=\"async\" src=\"https:\/\/www.hydraulic-cylinders.net\/wp-content\/uploads\/2025\/01\/songte-chushion-collar.webp\" alt=\"Att\u0113la probl\u0113mu nov\u0113r\u0161ana\"><\/p>\n<h2>Par m\u016bsu uz\u0146\u0113mumu<\/h2>\n<p>M\u016bsu uz\u0146\u0113mums ir profesion\u0101ls rezerves hidraulisko cilindru ra\u017eot\u0101js. M\u0113s pied\u0101v\u0101jam pla\u0161u produktu kl\u0101stu un esam k\u013cuvu\u0161i par vienu no vado\u0161ajiem ra\u017eot\u0101jiem un vairumtirgot\u0101jiem viet\u0113j\u0101 un starptautiskaj\u0101 tirg\u016b. M\u0113s iev\u0113rojam izcil\u012bbas principus un nep\u0101rtraukti uzlabojam savu tehnisko kompetenci un ra\u017eo\u0161anas efektivit\u0101ti. Izmantojot modernas digit\u0101l\u0101s ra\u017eo\u0161anas iek\u0101rtas un profesion\u0101las test\u0113\u0161anas sist\u0113mas, m\u0113s optimiz\u0113jam savu ra\u017eo\u0161anas platformu un uzlabojam produktu kvalit\u0101tes kontroles procesus. M\u016bsu m\u0113r\u0137is ir apmierin\u0101t klientu da\u017e\u0101d\u0101s vajadz\u012bbas ar efektivit\u0101ti, precizit\u0101ti un augstas kvalit\u0101tes produktiem.<\/p>\n<h2>M\u016bsu uz\u0146\u0113muma svar\u012bg\u0101kie notikumi<\/h2>\n<ul>\n<li>Profesionalit\u0101te: M\u0113s esam eksperti hidraulisko cilindru ra\u017eo\u0161anas jom\u0101.<\/li>\n<li>Starptautisk\u0101s sertifik\u0101cijas: M\u016bsu produkti atbilst starptautiskajiem kvalit\u0101tes standartiem un sertifik\u0101tiem.<\/li>\n<li>Piel\u0101go\u0161anas pakalpojumi: M\u0113s pied\u0101v\u0101jam piel\u0101gotus risin\u0101jumus, lai apmierin\u0101tu \u012bpa\u0161as pras\u012bbas.<\/li>\n<li>Ra\u017eo\u0161anas iek\u0101rtas: M\u0113s izmantojam modernu digit\u0101lo ra\u017eo\u0161anas apr\u012bkojumu.<\/li>\n<li>P\u0113cp\u0101rdo\u0161anas serviss: M\u0113s pied\u0101v\u0101jam visaptvero\u0161u p\u0113cp\u0101rdo\u0161anas atbalstu un pal\u012bdz\u012bbu.<\/li>\n<\/ul>\n<p><img decoding=\"async\" src=\"https:\/\/www.hydraulic-cylinders.net\/wp-content\/uploads\/2025\/01\/songte-company-4.webp\" alt=\"Uz\u0146\u0113muma t\u0113ls\"><br \/>\n<img decoding=\"async\" src=\"https:\/\/www.hydraulic-cylinders.net\/wp-content\/uploads\/2025\/01\/songte-company-3.webp\" alt=\"Uz\u0146\u0113muma t\u0113ls\"><\/p>\n<p>Autors: lil<\/p>","protected":false},"excerpt":{"rendered":"<p>Arm Cylinder for Sumitomo Large Excavator SH300A1A2A3 Introduction The arm cylinder is a specially designed hydraulic cylinder that provides linear motion and power to the arm of various machinery, such as excavators, cranes, and robotic arms. It plays a critical role in hydraulic systems, enabling the efficient movement and control of additional tools or attachments. [&hellip;]<\/p>","protected":false},"featured_media":14770,"comment_status":"open","ping_status":"closed","template":"","meta":{"_et_pb_use_builder":"","_et_pb_old_content":"","_et_gb_content_width":""},"product_brand":[],"product_cat":[1497],"product_tag":[1498,1496],"class_list":{"0":"post-16109","1":"product","2":"type-product","3":"status-publish","4":"has-post-thumbnail","6":"product_cat-arm-cylinders","7":"product_tag-arm-cylinders","8":"product_tag-hydraulic-cylinders","10":"first","11":"instock","12":"shipping-taxable","13":"product-type-simple"},"amp_enabled":true,"_links":{"self":[{"href":"https:\/\/www.hydraulic-cylinders.net\/lv\/wp-json\/wp\/v2\/product\/16109","targetHints":{"allow":["GET"]}}],"collection":[{"href":"https:\/\/www.hydraulic-cylinders.net\/lv\/wp-json\/wp\/v2\/product"}],"about":[{"href":"https:\/\/www.hydraulic-cylinders.net\/lv\/wp-json\/wp\/v2\/types\/product"}],"replies":[{"embeddable":true,"href":"https:\/\/www.hydraulic-cylinders.net\/lv\/wp-json\/wp\/v2\/comments?post=16109"}],"wp:featuredmedia":[{"embeddable":true,"href":"https:\/\/www.hydraulic-cylinders.net\/lv\/wp-json\/wp\/v2\/media\/14770"}],"wp:attachment":[{"href":"https:\/\/www.hydraulic-cylinders.net\/lv\/wp-json\/wp\/v2\/media?parent=16109"}],"wp:term":[{"taxonomy":"product_brand","embeddable":true,"href":"https:\/\/www.hydraulic-cylinders.net\/lv\/wp-json\/wp\/v2\/product_brand?post=16109"},{"taxonomy":"product_cat","embeddable":true,"href":"https:\/\/www.hydraulic-cylinders.net\/lv\/wp-json\/wp\/v2\/product_cat?post=16109"},{"taxonomy":"product_tag","embeddable":true,"href":"https:\/\/www.hydraulic-cylinders.net\/lv\/wp-json\/wp\/v2\/product_tag?post=16109"}],"curies":[{"name":"wp","href":"https:\/\/api.w.org\/{rel}","templated":true}]}}