{"id":16110,"date":"2025-01-20T08:29:54","date_gmt":"2025-01-20T08:29:54","guid":{"rendered":"https:\/\/www.hydraulic-cylinders.net\/product\/arm-cylinderfor-sumitomo-large-excavator-sh330a3\/"},"modified":"2025-01-20T08:30:02","modified_gmt":"2025-01-20T08:30:02","slug":"arm-cylinderfor-sumitomo-large-excavator-sh330a3","status":"publish","type":"product","link":"https:\/\/www.hydraulic-cylinders.net\/lv\/products\/arm-cylinderfor-sumitomo-large-excavator-sh330a3\/","title":{"rendered":"Sviras cilindrs Sumitomo lielajam ekskavatoram SH330A3"},"content":{"rendered":"<h2>Sumitomo liel\u0101 ekskavatora SH330A3 rokas cilindrs<\/h2>\n<h3>Defin\u012bcija un skaidrojums<\/h3>\n<p>Sviras cilindrs ir speci\u0101li izstr\u0101d\u0101ts hidrauliskais cilindrs, kas nodro\u0161ina line\u0101ru kust\u012bbu un jaudu da\u017e\u0101du ma\u0161\u012bnu, tostarp ekskavatoru, celt\u0146u un manipulatoru, svirai. Tam ir iz\u0161\u0137iro\u0161a noz\u012bme hidrauliskaj\u0101 sist\u0113m\u0101, nodro\u0161inot efekt\u012bvu papildu instrumentu vai stiprin\u0101jumu kust\u012bbu un vad\u012bbu. \u0160ie cilindri ne tikai nodro\u0161ina vienm\u0113r\u012bgu kust\u012bbu, bet ar\u012b iztur lielas slodzes, nodro\u0161inot ma\u0161\u012bnas efekt\u012bvu darb\u012bbu un uzticam\u012bbu da\u017e\u0101dos darba apst\u0101k\u013cos.<\/p>\n<p><img decoding=\"async\" src=\"https:\/\/www.hydraulic-cylinders.net\/wp-content\/uploads\/2025\/01\/songte-company-2.webp\"><\/p>\n<h3>Produkta funkcijas<\/h3>\n<ul>\n<li><strong>Augstas efektivit\u0101tes p\u0101rraide:<\/strong> Rokas cilindri nodro\u0161ina jaud\u012bgu line\u0101ru kust\u012bbu un sp\u0113ku, garant\u0113jot manipulatora augstu efektivit\u0101ti da\u017e\u0101du darb\u012bbu laik\u0101.<\/li>\n<li><strong>Prec\u012bza kontrole:<\/strong> Izmantojot hidraulisko sist\u0113mu, roku cilindri var pan\u0101kt prec\u012bzu kust\u012bbas kontroli, padarot papildu instrumentu darb\u012bbu elast\u012bg\u0101ku un prec\u012bz\u0101ku.<\/li>\n<li><strong>Sp\u0113c\u012bga iztur\u012bba:<\/strong> Roku cilindri parasti ir izgatavoti no augstas iztur\u012bbas materi\u0101liem, ar labu nodilumiztur\u012bbu un iztur\u012bbu pret koroziju, kas ir piem\u0113roti ilgsto\u0161ai lieto\u0161anai skarbos apst\u0101k\u013cos.<\/li>\n<li><strong>Daudzfunkcion\u0101la piel\u0101go\u0161an\u0101s sp\u0113ja:<\/strong> \u0160os cilindrus var pla\u0161i izmantot da\u017e\u0101d\u0101s meh\u0101nisk\u0101s iek\u0101rt\u0101s, piem\u0113ram, ekskavatoros, celt\u0146os un manipulatoros, piel\u0101gojoties da\u017e\u0101d\u0101m darba pras\u012bb\u0101m.<\/li>\n<li><strong>Vienk\u0101r\u0161a apkope:<\/strong> Vienk\u0101r\u0161as apkopes un nomai\u0146as apsv\u0113r\u0161ana projekt\u0113\u0161an\u0101 padara regul\u0101ru p\u0101rbaudi un apkopi \u0113rt\u0101ku, samazinot iek\u0101rtu d\u012bkst\u0101ves laiku.<\/li>\n<\/ul>\n<p><img decoding=\"async\" src=\"https:\/\/www.hydraulic-cylinders.net\/wp-content\/uploads\/2025\/01\/songte-oil-pipes-and-spare-parts.webp\"><\/p>\n<h3>Pieteikumi<\/h3>\n<p>Sviru cilindriem ir da\u017e\u0101di pielietojumi da\u017e\u0101d\u0101s nozar\u0113s:<\/p>\n<ul>\n<li><strong>B\u016bvniec\u012bbas in\u017eenierija:<\/strong> Ekskavatoros un celt\u0146os str\u0113les cilindri tiek izmantoti, lai kontrol\u0113tu kausu vai str\u0113les kust\u012bbu zemes p\u0101rvieto\u0161anas, materi\u0101lu apstr\u0101des un konstrukciju uzst\u0101d\u012b\u0161anas darbos.<\/li>\n<li><strong>Ra\u017eo\u0161anas nozare:<\/strong> Automatiz\u0113t\u0101s ra\u017eo\u0161anas l\u012bnij\u0101s manipulatoru p\u0101rvieto\u0161anai, mont\u0101\u017eas, metin\u0101\u0161anas un apstr\u0101des procesu veik\u0161anai tiek izmantoti roku cilindri, lai uzlabotu ra\u017eo\u0161anas efektivit\u0101ti un precizit\u0101ti.<\/li>\n<li><strong>Lauksaimniec\u012bbas tehnika:<\/strong> Lauksaimniec\u012bbas ma\u0161\u012bn\u0101s, piem\u0113ram, kombainos un s\u0113jma\u0161\u012bn\u0101s, sviru cilindri kontrol\u0113 darbin\u0101\u0161anas sviru kust\u012bbu, veicot t\u0101dus uzdevumus k\u0101 st\u0101d\u012b\u0161ana, m\u0113slo\u0161ana un ra\u017eas nov\u0101k\u0161ana.<\/li>\n<li><strong>Kalnr\u016bpniec\u012bba:<\/strong> Kalnr\u016bpniec\u012bbas iek\u0101rt\u0101s rokas cilindri tiek izmantoti, lai kontrol\u0113tu kalnr\u016bpniec\u012bbas iek\u0101rtu rokas kust\u012bbu, veicot r\u016bdu ieguvi un transport\u0113\u0161anu.<\/li>\n<li><strong>Lo\u0123istika un transports:<\/strong> Iekr\u0101v\u0113jos un apstr\u0101des robotos roku cilindri tiek izmantoti, lai kontrol\u0113tu dak\u0161u pacel\u0161anu un kust\u012bbu, realiz\u0113jot materi\u0101lu apstr\u0101di un krau\u0161anu.<\/li>\n<\/ul>\n<h3>Projekt\u0113\u0161anas apsv\u0113rumi un atlases standarti<\/h3>\n<p>No konstrukcijas apsv\u0113rumiem, sviras cilindriem ir svar\u012bgi \u0161\u0101di aspekti:<\/p>\n<ul>\n<li><strong>Iekrau\u0161anas jauda:<\/strong> Sviras cilindram j\u0101atbilst da\u017e\u0101du ma\u0161\u012bnu slodzes pras\u012bb\u0101m, nodro\u0161inot stabilu un uzticamu darb\u012bbu.<\/li>\n<li><strong>Bl\u012bv\u0113jums:<\/strong> Lai nov\u0113rstu \u0161\u0137idruma nopl\u016bdi un nodro\u0161in\u0101tu cilindra vienm\u0113r\u012bgu darb\u012bbu, tiek izmantoti da\u017e\u0101di bl\u012bv\u0113\u0161anas elementi, piem\u0113ram, virzu\u013ca bl\u012bves un stie\u0146a bl\u012bves.<\/li>\n<li><strong>Iztur\u012bba:<\/strong> Sviras cilindrs parasti ir izgatavots no augstas stipr\u012bbas materi\u0101liem, ar labu nodilumiztur\u012bbu un iztur\u012bbu pret koroziju, piem\u0113rots darbam skarbos apst\u0101k\u013cos.<\/li>\n<li><strong>Dro\u0161\u012bba:<\/strong> Sviras cilindra konstrukcijai j\u0101nodro\u0161ina operatora un apk\u0101rt\u0113j\u0101s vides dro\u0161\u012bba t\u0101 darb\u012bbas laik\u0101.<\/li>\n<li><strong>Uzturam\u012bba:<\/strong> Projekt\u0113jot j\u0101\u0146em v\u0113r\u0101 vienk\u0101r\u0161a apkope un komponentu nomai\u0146a, lai samazin\u0101tu iek\u0101rtu d\u012bkst\u0101ves laiku un uzlabotu produktivit\u0101ti.<\/li>\n<\/ul>\n<p><img decoding=\"async\" src=\"https:\/\/www.hydraulic-cylinders.net\/wp-content\/uploads\/2025\/01\/songte-cylinder-head-with-all-kinds-excavator-models.webp\"><\/p>\n<h3>Bl\u012bv\u0113\u0161ana un e\u013c\u013co\u0161ana<\/h3>\n<p>Lai nov\u0113rstu \u0161\u0137idruma nopl\u016bdi un nodro\u0161in\u0101tu cilindra vienm\u0113r\u012bgu darb\u012bbu, tiek izmantoti da\u017e\u0101di bl\u012bv\u0113\u0161anas elementi, piem\u0113ram, virzu\u013ca bl\u012bvsl\u0113gi \u200b\u200bun stie\u0146a bl\u012bvsl\u0113gi. Bl\u012bv\u0113jumi ir izgatavoti no nodilumiztur\u012bgiem materi\u0101liem, piem\u0113ram, poliuret\u0101na un nitrila gumijas. Cilindra korpuss un v\u012bt\u0146ot\u0101 gala virsma ir smalki apstr\u0101d\u0101ta, lai uzlabotu nodilumiztur\u012bbu. E\u013c\u013co\u0161anai nepiecie\u0161ama regul\u0101ra atbilsto\u0161as \u200b\u200bhidraulisk\u0101s e\u013c\u013cas uzpilde.<\/p>\n<p><img decoding=\"async\" src=\"https:\/\/www.hydraulic-cylinders.net\/wp-content\/uploads\/2025\/01\/songte-chushion-collar.webp\"><\/p>\n<h3>Apkope un piesardz\u012bbas pas\u0101kumi<\/h3>\n<ul>\n<li>Lai nodro\u0161in\u0101tu stabilu sviras cilindra darb\u012bbu un izvair\u012btos no iesp\u0113jamiem darb\u012bbas trauc\u0113jumiem, nepiecie\u0161ama regul\u0101ra p\u0101rbaude un apkope.<\/li>\n<li>Lai nov\u0113rstu balona un cita apr\u012bkojuma boj\u0101jumus, nov\u0113rsiet balona p\u0101rslodzi virs t\u0101 nomin\u0101l\u0101s ietilp\u012bbas.<\/li>\n<li>Regul\u0101ri p\u0101rbaudiet bl\u012bv\u0113juma elementu nodilumu un savlaic\u012bgi nomainiet tos, lai izvair\u012btos no nopl\u016bdes.<\/li>\n<li>Uzturiet cilindra korpusa virsmu t\u012bru un ne\u013caujiet \u0101r\u0113jiem gru\u017eiem iek\u013c\u016bt hidrauliskaj\u0101 sist\u0113m\u0101.<\/li>\n<li>Nomainot cilindru vai citas saist\u012btas sast\u0101vda\u013cas, p\u0101rliecinieties, ka t\u0101s ir sader\u012bgas un atbilst tehnikas un hidraulisk\u0101s sist\u0113mas pras\u012bb\u0101m.<\/li>\n<\/ul>\n<h3>Instal\u0101cijas rokasgr\u0101mata<\/h3>\n<p>Lai uzst\u0101d\u012btu sviras cilindru, izpildiet t\u0101l\u0101k sniegtos nor\u0101d\u012bjumus.<\/p>\n<ol>\n<li>P\u0101rliecinieties, ka iek\u0101rta ir izsl\u0113gta un hidraulisk\u0101 sist\u0113ma ir bez spiediena.<\/li>\n<li>No\u0146emiet veco cilindru un not\u012briet mont\u0101\u017eas virsmu un v\u012bt\u0146otos caurumus uz iek\u0101rtas.<\/li>\n<li>Pievienojiet hidraulisk\u0101s \u0161\u013c\u016btenes cilindram atbilsto\u0161i nor\u0101d\u012btaj\u0101m piesl\u0113gviet\u0101m un pievelciet savienojumus ar nor\u0101d\u012bto griezes momentu.<\/li>\n<li>Piestipriniet cilindru pie mont\u0101\u017eas virsmas un ieskr\u016bv\u0113jiet to caurumos, p\u0101rliecinoties, ka tas ir izl\u012bdzin\u0101ts un pievilkts l\u012bdz nor\u0101d\u012btajam griezes momentam.<\/li>\n<li>P\u0101rbaudiet cilindra pareizu darb\u012bbu un p\u0101rliecinieties, ka nav nopl\u016b\u017eu.<\/li>\n<\/ol>\n<p><img decoding=\"async\" src=\"https:\/\/www.hydraulic-cylinders.net\/wp-content\/uploads\/2025\/01\/songte-bushings-with-all-kinds-of-excavator-models.webp\"><\/p>\n<h3>Dro\u0161\u012bbas un vides apsv\u0113rumi<\/h3>\n<p>Operatora un apk\u0101rt\u0113j\u0101s vides dro\u0161\u012bbai ir iz\u0161\u0137iro\u0161a noz\u012bme sviras cilindra darb\u012bbas laik\u0101. Ir j\u0101iev\u0113ro ra\u017eot\u0101ja sniegt\u0101s dro\u0161\u012bbas vadl\u012bnijas un j\u0101nodro\u0161ina, lai cilindrs tiktu izmantots t\u0101 nomin\u0101l\u0101s jaudas robe\u017e\u0101s. Lai izvair\u012btos no vides pies\u0101r\u0146ojuma, ir nepiecie\u0161ama pareiza izlietoto deta\u013cu un hidraulisk\u0101s e\u013c\u013cas utiliz\u0101cija.<\/p>\n<h3>Probl\u0113mu nov\u0113r\u0161ana un bie\u017ei sastopamas probl\u0113mas<\/h3>\n<p>Bie\u017ei sastopamas probl\u0113mas ar sviras cilindriem ir nopl\u016bde, nepietiekams sp\u0113ks un neparasts troksnis. Saskaroties ar \u0161\u012bm probl\u0113m\u0101m, skatiet \u0161\u0101dus risin\u0101jumus:<\/p>\n<ul>\n<li><strong>Nopl\u016bde:<\/strong> P\u0101rbaudiet bl\u012bv\u0113juma elementus, vai tie nav nodilu\u0161i vai boj\u0101ti, un, ja nepiecie\u0161ams, nomainiet tos. P\u0101rliecinieties, vai cilindra korpuss un v\u012bt\u0146ot\u0101 gala virsma ir t\u012bra un bez gru\u017eiem. P\u0101rbaudiet hidraulisko sist\u0113mu, vai taj\u0101 nav p\u0101rm\u0113r\u012bga spiediena vai pies\u0101r\u0146ojuma.<\/li>\n<li><strong>Nepietiekams sp\u0113ks:<\/strong> P\u0101rbaudiet hidraulisko sist\u0113mu, vai nav nepietiekama spiediena vai pl\u016bsmas, un p\u0101rliecinieties, vai cilindrs nav p\u0101rslogots.<\/li>\n<li><strong>Neparasts troksnis:<\/strong> P\u0101rbaudiet hidraulisko sist\u0113mu, vai taj\u0101 nav gaisa vai pies\u0101r\u0146ojuma, un p\u0101rliecinieties, vai cilindrs ir pareizi uzst\u0101d\u012bts un izl\u012bdzin\u0101ts ar meh\u0101nismu.<\/li>\n<\/ul>\n<p><img decoding=\"async\" src=\"https:\/\/www.hydraulic-cylinders.net\/wp-content\/uploads\/2025\/01\/songte-company-4.webp\"><img decoding=\"async\" src=\"https:\/\/www.hydraulic-cylinders.net\/wp-content\/uploads\/2025\/01\/songte-company-3.webp\"><\/p>\n<p>M\u016bsu uz\u0146\u0113mums ir profesion\u0101ls rezerves hidraulisko cilindru ra\u017eot\u0101js ar pla\u0161u produktu kl\u0101stu un ir k\u013cuvis par vienu no vado\u0161ajiem hidraulisko cilindru ra\u017eot\u0101jiem un vairumtirdzniec\u012bbas izplat\u012bt\u0101jiem viet\u0113j\u0101 un starptautiskaj\u0101 tirg\u016b. M\u0113s vienm\u0113r iev\u0113rojam izcilas kvalit\u0101tes principu un nep\u0101rtraukti uzlabojam savu tehnisko l\u012bmeni un ra\u017eo\u0161anas efektivit\u0101ti, pa\u013caujoties uz izsmalcin\u0101tas ra\u017eo\u0161anas darbn\u012bcas r\u016bpniecisk\u0101s ra\u017eo\u0161anas vad\u012bbas strat\u0113\u0123iju. Ievie\u0161ot augstas klases digit\u0101l\u0101s ra\u017eo\u0161anas iek\u0101rtas un profesion\u0101las test\u0113\u0161anas sist\u0113mas, m\u0113s nep\u0101rtraukti optimiz\u0113jam ra\u017eo\u0161anas platformu un uzlabojam produktu kvalit\u0101tes kontroles procesu, vienlaikus saglab\u0101jot sp\u0113c\u012bgas inovat\u012bvas sp\u0113jas. M\u016bsu m\u0113r\u0137is ir apmierin\u0101t klientu daudzveid\u012bg\u0101s vajadz\u012bbas ar augstu efektivit\u0101ti, precizit\u0101ti un augstas kvalit\u0101tes principiem.<\/p>\n<p>M\u016bsu uz\u0146\u0113mums cita starp\u0101 pied\u0101v\u0101 profesion\u0101lus pakalpojumus, starptautisku sertifik\u0101ciju, piel\u0101gotus pakalpojumus, ra\u017eo\u0161anas iek\u0101rtas un p\u0113cp\u0101rdo\u0161anas apkalpo\u0161anu, lai nodro\u0161in\u0101tu m\u016bsu klientiem vislab\u0101ko iesp\u0113jamo pieredzi.<\/p>\n<p>Autors: Lails.<\/p>","protected":false},"excerpt":{"rendered":"<p>Arm Cylinder for Sumitomo Large Excavator SH330A3 Definition and Explanation The arm cylinder is a specially designed hydraulic cylinder that provides linear motion and power to the arm of various machinery including excavators, cranes, and manipulators. It plays a crucial role in the hydraulic system by enabling efficient movement and control of additional tools or [&hellip;]<\/p>","protected":false},"featured_media":14766,"comment_status":"open","ping_status":"closed","template":"","meta":{"_et_pb_use_builder":"","_et_pb_old_content":"","_et_gb_content_width":""},"product_brand":[],"product_cat":[1497],"product_tag":[1498,1496],"class_list":{"0":"post-16110","1":"product","2":"type-product","3":"status-publish","4":"has-post-thumbnail","6":"product_cat-arm-cylinders","7":"product_tag-arm-cylinders","8":"product_tag-hydraulic-cylinders","10":"first","11":"instock","12":"shipping-taxable","13":"product-type-simple"},"amp_enabled":true,"_links":{"self":[{"href":"https:\/\/www.hydraulic-cylinders.net\/lv\/wp-json\/wp\/v2\/product\/16110","targetHints":{"allow":["GET"]}}],"collection":[{"href":"https:\/\/www.hydraulic-cylinders.net\/lv\/wp-json\/wp\/v2\/product"}],"about":[{"href":"https:\/\/www.hydraulic-cylinders.net\/lv\/wp-json\/wp\/v2\/types\/product"}],"replies":[{"embeddable":true,"href":"https:\/\/www.hydraulic-cylinders.net\/lv\/wp-json\/wp\/v2\/comments?post=16110"}],"wp:featuredmedia":[{"embeddable":true,"href":"https:\/\/www.hydraulic-cylinders.net\/lv\/wp-json\/wp\/v2\/media\/14766"}],"wp:attachment":[{"href":"https:\/\/www.hydraulic-cylinders.net\/lv\/wp-json\/wp\/v2\/media?parent=16110"}],"wp:term":[{"taxonomy":"product_brand","embeddable":true,"href":"https:\/\/www.hydraulic-cylinders.net\/lv\/wp-json\/wp\/v2\/product_brand?post=16110"},{"taxonomy":"product_cat","embeddable":true,"href":"https:\/\/www.hydraulic-cylinders.net\/lv\/wp-json\/wp\/v2\/product_cat?post=16110"},{"taxonomy":"product_tag","embeddable":true,"href":"https:\/\/www.hydraulic-cylinders.net\/lv\/wp-json\/wp\/v2\/product_tag?post=16110"}],"curies":[{"name":"wp","href":"https:\/\/api.w.org\/{rel}","templated":true}]}}