{"id":16121,"date":"2025-01-20T08:31:04","date_gmt":"2025-01-20T08:31:04","guid":{"rendered":"https:\/\/www.hydraulic-cylinders.net\/product\/arm-cylinderfor-jcb-small-excavator-js200sc\/"},"modified":"2025-01-20T08:31:11","modified_gmt":"2025-01-20T08:31:11","slug":"arm-cylinderfor-jcb-small-excavator-js200sc","status":"publish","type":"product","link":"https:\/\/www.hydraulic-cylinders.net\/lv\/products\/arm-cylinderfor-jcb-small-excavator-js200sc\/","title":{"rendered":"Sviras cilindrs JCB mazajam ekskavatoram JS200SC"},"content":{"rendered":"<h2>JCB maz\u0101 ekskavatora JS200SC sviras cilindrs<\/h2>\n<h3>Ievads<\/h3>\n<p>Sviras cilindrs ir speci\u0101li izstr\u0101d\u0101ts hidrauliskais cilindrs, ko galvenok\u0101rt izmanto, lai nodro\u0161in\u0101tu line\u0101ru kust\u012bbu un jaudu da\u017e\u0101du veidu ma\u0161\u012bnu, piem\u0113ram, ekskavatoru, celt\u0146u un meh\u0101nisko sviru, svir\u0101m. Sviras cilindram ir iz\u0161\u0137iro\u0161a noz\u012bme hidrauliskaj\u0101s sist\u0113m\u0101s, \u013caujot efekt\u012bvi p\u0101rvietot un kontrol\u0113t pielikumus vai piederumus. \u0160ie cilindri ne tikai nodro\u0161ina vienm\u0113r\u012bgu kust\u012bbu, bet ar\u012b iztur lielas slodzes, nodro\u0161inot ma\u0161\u012bnas efekt\u012bvu darb\u012bbu un uzticam\u012bbu da\u017e\u0101dos ekspluat\u0101cijas apst\u0101k\u013cos.<\/p>\n<p><img decoding=\"async\" src=\"https:\/\/www.hydraulic-cylinders.net\/wp-content\/uploads\/2025\/01\/songte-company-2.webp\" alt=\"Sviras cilindra att\u0113ls\"><\/p>\n<h3>Produkta funkcijas<\/h3>\n<ul>\n<li>Augstas efektivit\u0101tes piedzi\u0146a: Sviras cilindrs nodro\u0161ina jaud\u012bgu line\u0101ru kust\u012bbu un sp\u0113ku, garant\u0113jot meh\u0101nisk\u0101s sviras augstu veiktsp\u0113ju da\u017e\u0101d\u0101s darb\u012bb\u0101s.<\/li>\n<li>Prec\u012bza vad\u012bba: Izmantojot hidraulisko sist\u0113mu, rokas cilindrs var pan\u0101kt prec\u012bzu kust\u012bbas vad\u012bbu, padarot pielikumu darb\u012bbu elast\u012bg\u0101ku un prec\u012bz\u0101ku.<\/li>\n<li>Iztur\u012bba: Sviru cilindri parasti ir izgatavoti no augstas stipr\u012bbas materi\u0101liem ar labu nodilumiztur\u012bbu un korozijas iztur\u012bbu, padarot tos piem\u0113rotus ilgsto\u0161ai lieto\u0161anai skarbos apst\u0101k\u013cos.<\/li>\n<li>Daudzfunkcion\u0101la piel\u0101go\u0161an\u0101s sp\u0113ja: \u0161os cilindrus var pla\u0161i pielietot da\u017e\u0101da veida ma\u0161\u012bn\u0101m, piem\u0113ram, ekskavatoriem, celt\u0146iem un meh\u0101niskaj\u0101m svir\u0101m, lai izpild\u012btu da\u017e\u0101das darba pras\u012bbas.<\/li>\n<li>Vienk\u0101r\u0161a apkope: Izstr\u0101d\u0101ts, lai atvieglotu apkopi un nomai\u0146u, regul\u0101ra p\u0101rbaude un apkope ir \u0113rt\u0101ka, samazinot iek\u0101rtu d\u012bkst\u0101ves laiku.<\/li>\n<\/ul>\n<p><img decoding=\"async\" src=\"https:\/\/www.hydraulic-cylinders.net\/wp-content\/uploads\/2025\/01\/songte-oil-pipes-and-spare-parts.webp\" alt=\"Rezerves da\u013cu att\u0113ls\"><\/p>\n<h3>Pieteikumi<\/h3>\n<p>Sviras cilindrs tiek pla\u0161i izmantots da\u017e\u0101d\u0101s nozar\u0113s un pielietojumos, tostarp:<\/p>\n<ul>\n<li>B\u016bvniec\u012bba: Izmanto ekskavatoros un celt\u0146os, lai kontrol\u0113tu kausa vai str\u0113les rokas kust\u012bbu zemes darbos, materi\u0101lu apstr\u0101d\u0113 un konstrukciju uzst\u0101d\u012b\u0161an\u0101.<\/li>\n<li>Ra\u017eo\u0161ana: Izmanto automatiz\u0113t\u0101s ra\u017eo\u0161anas l\u012bnij\u0101s, lai kontrol\u0113tu meh\u0101nisko roku kust\u012bbu mont\u0101\u017eas, metin\u0101\u0161anas un materi\u0101lu apstr\u0101des procesos, uzlabojot ra\u017eo\u0161anas efektivit\u0101ti un precizit\u0101ti.<\/li>\n<li>Lauksaimniec\u012bbas tehnika: Izmanto lauksaimniec\u012bbas tehnik\u0101, piem\u0113ram, kombainos un s\u0113jma\u0161\u012bn\u0101s, lai kontrol\u0113tu vad\u012bbas sviru kust\u012bbu t\u0101diem uzdevumiem k\u0101 s\u0113ja, m\u0113slo\u0161ana un ra\u017eas nov\u0101k\u0161ana.<\/li>\n<li>Kalnr\u016bpniec\u012bba: Izmanto kalnr\u016bpniec\u012bbas iek\u0101rt\u0101s, lai kontrol\u0113tu roku kust\u012bbu miner\u0101lu ieguvei un transport\u0113\u0161anai.<\/li>\n<li>Lo\u0123istika un transports: Izmanto iekr\u0101v\u0113jos un apstr\u0101des robotos, lai kontrol\u0113tu kravas cel\u0161anu un p\u0101rvieto\u0161anu, nodro\u0161inot materi\u0101lu apstr\u0101di un sakrau\u0161anu.<\/li>\n<\/ul>\n<h3>Projekt\u0113\u0161anas apsv\u0113rumi un atlases standarti<\/h3>\n<p>Projekt\u0113jot un izv\u0113loties cilindru sviras, j\u0101\u0146em v\u0113r\u0101 vair\u0101ki faktori:<\/p>\n<h4>Nestsp\u0113ja<\/h4>\n<p>Sviras cilindram j\u0101sp\u0113j iztur\u0113t maksim\u0101lo ma\u0161\u012bnas slodzi. Sviras cilindra nestsp\u0113ju galvenok\u0101rt nosaka virzu\u013ca diametrs, kas j\u0101izv\u0113las atbilsto\u0161i ma\u0161\u012bnas svaram un izm\u0113ram.<\/p>\n<h4>Bl\u012bv\u0113juma veiktsp\u0113ja<\/h4>\n<p>Sviras cilindra bl\u012bv\u0113juma veiktsp\u0113ja tie\u0161i ietekm\u0113 t\u0101 kalpo\u0161anas laiku. Augstas kvalit\u0101tes bl\u012bv\u0113juma materi\u0101lu, piem\u0113ram, poliuret\u0101na un nitrilgumijas, izv\u0113le var efekt\u012bvi uzlabot cilindra bl\u012bv\u0113juma veiktsp\u0113ju.<\/p>\n<h4>Iztur\u012bba<\/h4>\n<p>Sviras cilindrs parasti ir pak\u013cauts skarbai videi, t\u0101p\u0113c tam j\u0101b\u016bt izgatavotam no augstas iztur\u012bbas materi\u0101liem ar labu nodilumiztur\u012bbu un korozijas iztur\u012bbu, lai nodro\u0161in\u0101tu t\u0101 iztur\u012bbu. Cilindra korpuss un v\u012btnes gala virsmas ir r\u016bp\u012bgi j\u0101apstr\u0101d\u0101, lai uzlabotu nodilumiztur\u012bbu.<\/p>\n<h4>Dro\u0161\u012bba<\/h4>\n<p>Sviras cilindram j\u0101b\u016bt apr\u012bkotam ar dro\u0161\u012bbas v\u0101rstiem vai citiem dro\u0161\u012bbas pas\u0101kumiem, lai nov\u0113rstu negad\u012bjumus, ko izraisa p\u0101rslodze vai p\u0113k\u0161\u0146as spiediena izmai\u0146as. Dro\u0161\u012bbas pas\u0101kumiem j\u0101sp\u0113j darboties autom\u0101tiski un vienm\u0113r\u012bgi.<\/p>\n<h4>Uzturam\u012bba<\/h4>\n<p>Sviras cilindram j\u0101b\u016bt konstru\u0113tam t\u0101, lai to var\u0113tu viegli nomain\u012bt un salabot. Cilindram j\u0101b\u016bt viegli izjaucamam, un rezerves da\u013c\u0101m j\u0101b\u016bt viegli pieejam\u0101m.<\/p>\n<p><img decoding=\"async\" src=\"https:\/\/www.hydraulic-cylinders.net\/wp-content\/uploads\/2025\/01\/songte-cylinder-head-with-all-kinds-excavator-models.webp\" alt=\"Cilindra galvas att\u0113ls\"><\/p>\n<h3>Bl\u012bv\u0113\u0161ana un e\u013c\u013co\u0161ana<\/h3>\n<p>Sviras cilindr\u0101 tiek izmantoti da\u017e\u0101di bl\u012bv\u0113\u0161anas elementi, piem\u0113ram, virzu\u013ca bl\u012bv\u0113jumi un stie\u0146a bl\u012bv\u0113jumi, lai nodro\u0161in\u0101tu t\u0101 bl\u012bv\u0113juma veiktsp\u0113ju. Lai nodro\u0161in\u0101tu lab\u0101ku nodilumiztur\u012bbu, j\u0101izmanto augstas kvalit\u0101tes bl\u012bv\u0113\u0161anas materi\u0101li, piem\u0113ram, poliuret\u0101ns un nitrilgumija. Cilindra korpuss un v\u012btnes gala virsmas ir r\u016bp\u012bgi j\u0101apstr\u0101d\u0101, lai uzlabotu nodilumiztur\u012bbu. Regul\u0101ri pievienojot atbilsto\u0161u hidraulisk\u0101s e\u013c\u013cas daudzumu, var efekt\u012bvi iee\u013c\u013cot un aizsarg\u0101t cilindru.<\/p>\n<h3>Apkope un remonts<\/h3>\n<p>Regul\u0101ra p\u0101rbaude un apkope var efekt\u012bvi nov\u0113rst darb\u012bbas trauc\u0113jumus un nodro\u0161in\u0101t sviras cilindra norm\u0101lu darb\u012bbu. Apkopes un remonta pas\u0101kumi ietver:<\/p>\n<ul>\n<li>Regul\u0101ri p\u0101rbaudiet cilindra bl\u012bv\u0113juma veiktsp\u0113ju un savlaic\u012bgi nomainiet nolietotus vai boj\u0101tus bl\u012bv\u0113jumus.<\/li>\n<li>Regul\u0101ri p\u0101rbaudiet virzu\u013ca stieni un cilindra korpusu, vai nav skr\u0101p\u0113jumu, korozijas vai citu boj\u0101jumu, un nepiecie\u0161am\u012bbas gad\u012bjum\u0101 salabojiet vai nomainiet tos.<\/li>\n<li>Regul\u0101ri p\u0101rbaudiet e\u013c\u013cas l\u012bmeni un kvalit\u0101ti un, ja nepiecie\u0161ams, pievienojiet t\u012bru hidraulisko e\u013c\u013cu.<\/li>\n<li>Regul\u0101ri p\u0101rbaudiet v\u0101rstu un citas dro\u0161\u012bbas ier\u012bces, lai nodro\u0161in\u0101tu to norm\u0101lu darb\u012bbu.<\/li>\n<\/ul>\n<p><img decoding=\"async\" src=\"https:\/\/www.hydraulic-cylinders.net\/wp-content\/uploads\/2025\/01\/songte-chushion-collar.webp\" alt=\"Apkakles att\u0113ls\"><\/p>\n<h3>Instal\u0101cijas rokasgr\u0101mata<\/h3>\n<p>Sviras cilindrs j\u0101uzst\u0101da saska\u0146\u0101 ar ra\u017eot\u0101ja nor\u0101d\u012bjumiem. Uzst\u0101d\u012b\u0161anas process j\u0101veic profesion\u0101lam person\u0101lam, un tam j\u0101ietver \u0161\u0101das darb\u012bbas:<\/p>\n<ul>\n<li>Sagatavojiet uzst\u0101d\u012b\u0161anas vietu un p\u0101rbaudiet mont\u0101\u017eas izm\u0113rus.<\/li>\n<li>Not\u012briet cilindra un meh\u0101nisma mont\u0101\u017eas virsmas.<\/li>\n<li>Uzst\u0101diet cilindru saska\u0146\u0101 ar ra\u017eot\u0101ja nor\u0101d\u012bjumiem.<\/li>\n<li>Pievienojiet hidraulisk\u0101s caurules un veidgabalus saska\u0146\u0101 ar ra\u017eot\u0101ja nor\u0101d\u012bjumiem.<\/li>\n<li>P\u0101rbaudiet cilindra darb\u012bbu un p\u0101rliecinieties, ka tas darbojas norm\u0101li.<\/li>\n<\/ul>\n<p><img decoding=\"async\" src=\"https:\/\/www.hydraulic-cylinders.net\/wp-content\/uploads\/2025\/01\/songte-bushings-with-all-kinds-of-excavator-models.webp\" alt=\"Bukses att\u0113ls\"><\/p>\n<h3>Dro\u0161\u012bbas apsv\u0113rumi un vides faktori<\/h3>\n<p>Str\u0101d\u0101jot ar sviras cilindriem apr\u012bkot\u0101m ma\u0161\u012bn\u0101m, j\u0101iev\u0113ro dro\u0161\u012bbas pas\u0101kumi, piem\u0113ram, j\u0101valk\u0101 aizsargl\u012bdzek\u013ci un j\u0101iev\u0113ro ra\u017eot\u0101ja nor\u0101d\u012bjumi. Sviras cilindrs j\u0101darbina t\u0101 nomin\u0101lo parametru robe\u017e\u0101s, lai izvair\u012btos no p\u0101rslodzes izrais\u012btiem negad\u012bjumiem. T\u0101pat sviras cilindrs ir pareizi j\u0101izn\u012bcina, lai izvair\u012btos no vides pies\u0101r\u0146ojuma.<\/p>\n<h3>Probl\u0113mu nov\u0113r\u0161ana un bie\u017ei sastopamas probl\u0113mas<\/h3>\n<p>Bie\u017ei sastopamas probl\u0113mas, kas var rasties ar sviras cilindriem, ir e\u013c\u013cas nopl\u016bde, slikta bl\u012bv\u0113juma veiktsp\u0113ja un neparasts troksnis. Lai diagnostic\u0113tu un nov\u0113rstu \u0161\u012bs probl\u0113mas, skatiet ra\u017eot\u0101ja nor\u0101d\u012bjumus vai mekl\u0113jiet profesion\u0101lu pal\u012bdz\u012bbu. Lai nov\u0113rstu iesp\u0113jam\u0101s probl\u0113mas, j\u0101veic regul\u0101ra p\u0101rbaude un apkope.<\/p>\n<h3>Par mums<\/h3>\n<p>M\u0113s esam vado\u0161ais hidraulisko cilindru ra\u017eot\u0101js un vairumtirgot\u0101js viet\u0113j\u0101 un starptautiskaj\u0101 tirg\u016b. M\u0113s pied\u0101v\u0101jam pla\u0161u produktu kl\u0101stu un iev\u0113rojam izcil\u012bbas kvalit\u0101tes principu. M\u016bsu prec\u012bz\u0101s ra\u017eo\u0161anas darbn\u012bc\u0101s m\u0113s pa\u013caujamies uz industrializ\u0113t\u0101m ra\u017eo\u0161anas vad\u012bbas strat\u0113\u0123ij\u0101m, lai nep\u0101rtraukti uzlabotu m\u016bsu tehnolo\u0123ijas un ra\u017eo\u0161anas efektivit\u0101ti. Pateicoties m\u016bsu modernaj\u0101m digit\u0101laj\u0101m ra\u017eo\u0161anas iek\u0101rt\u0101m un profesion\u0101laj\u0101m test\u0113\u0161anas sist\u0113m\u0101m, mums ir sp\u0113c\u012bgas inov\u0101ciju iesp\u0113jas. M\u016bsu m\u0113r\u0137is ir apmierin\u0101t m\u016bsu klientu da\u017e\u0101d\u0101s vajadz\u012bbas, iev\u0113rojot augstu efektivit\u0101ti, precizit\u0101ti un augstas kvalit\u0101tes principus.<\/p>\n<p>M\u0113s pied\u0101v\u0101jam profesion\u0101lus pakalpojumus, starptautiskus sertifik\u0101tus, piel\u0101gotus pakalpojumus, ra\u017eo\u0161anas iek\u0101rtas un p\u0113cp\u0101rdo\u0161anas pakalpojumus, lai nodro\u0161in\u0101tu klientu apmierin\u0101t\u012bbu.<\/p>\n<p><img decoding=\"async\" src=\"https:\/\/www.hydraulic-cylinders.net\/wp-content\/uploads\/2025\/01\/songte-company-4.webp\" alt=\"Uz\u0146\u0113muma t\u0113ls\"><br \/>\n<img decoding=\"async\" src=\"https:\/\/www.hydraulic-cylinders.net\/wp-content\/uploads\/2025\/01\/songte-company-3.webp\" alt=\"Uz\u0146\u0113muma t\u0113ls\"><\/p>\n<p>Autors: Lails.<\/p>","protected":false},"excerpt":{"rendered":"<p>Arm Cylinder for JCB Small Excavator JS200SC Introduction The arm cylinder is a specially designed hydraulic cylinder that is primarily used to provide linear motion and power to the arms of various types of machinery, such as excavators, cranes, and mechanical arms. The arm cylinder plays a critical role in hydraulic systems, allowing for effective [&hellip;]<\/p>","protected":false},"featured_media":14763,"comment_status":"open","ping_status":"closed","template":"","meta":{"_et_pb_use_builder":"","_et_pb_old_content":"","_et_gb_content_width":""},"product_brand":[],"product_cat":[1497],"product_tag":[1498,1496],"class_list":{"0":"post-16121","1":"product","2":"type-product","3":"status-publish","4":"has-post-thumbnail","6":"product_cat-arm-cylinders","7":"product_tag-arm-cylinders","8":"product_tag-hydraulic-cylinders","10":"first","11":"instock","12":"shipping-taxable","13":"product-type-simple"},"amp_enabled":true,"_links":{"self":[{"href":"https:\/\/www.hydraulic-cylinders.net\/lv\/wp-json\/wp\/v2\/product\/16121","targetHints":{"allow":["GET"]}}],"collection":[{"href":"https:\/\/www.hydraulic-cylinders.net\/lv\/wp-json\/wp\/v2\/product"}],"about":[{"href":"https:\/\/www.hydraulic-cylinders.net\/lv\/wp-json\/wp\/v2\/types\/product"}],"replies":[{"embeddable":true,"href":"https:\/\/www.hydraulic-cylinders.net\/lv\/wp-json\/wp\/v2\/comments?post=16121"}],"wp:featuredmedia":[{"embeddable":true,"href":"https:\/\/www.hydraulic-cylinders.net\/lv\/wp-json\/wp\/v2\/media\/14763"}],"wp:attachment":[{"href":"https:\/\/www.hydraulic-cylinders.net\/lv\/wp-json\/wp\/v2\/media?parent=16121"}],"wp:term":[{"taxonomy":"product_brand","embeddable":true,"href":"https:\/\/www.hydraulic-cylinders.net\/lv\/wp-json\/wp\/v2\/product_brand?post=16121"},{"taxonomy":"product_cat","embeddable":true,"href":"https:\/\/www.hydraulic-cylinders.net\/lv\/wp-json\/wp\/v2\/product_cat?post=16121"},{"taxonomy":"product_tag","embeddable":true,"href":"https:\/\/www.hydraulic-cylinders.net\/lv\/wp-json\/wp\/v2\/product_tag?post=16121"}],"curies":[{"name":"wp","href":"https:\/\/api.w.org\/{rel}","templated":true}]}}