{"id":1613,"date":"2023-10-08T02:59:47","date_gmt":"2023-10-08T02:59:47","guid":{"rendered":"https:\/\/hydraulic-cylinders.net\/?post_type=product&#038;p=1613"},"modified":"2025-04-01T07:35:41","modified_gmt":"2025-04-01T07:35:41","slug":"mining-dump-truck-piston-accumulator","status":"publish","type":"product","link":"https:\/\/www.hydraulic-cylinders.net\/lv\/products\/mining-dump-truck-piston-accumulator\/","title":{"rendered":"Kalnr\u016bpniec\u012bbas pa\u0161izg\u0101z\u0113ja virzu\u013ca akumulators"},"content":{"rendered":"<h1 style=\"text-align: center;\"><strong>Kalnr\u016bpniec\u012bbas pa\u0161izg\u0101z\u0113ja virzu\u013ca akumulators<\/strong><\/h1>\n<p><img loading=\"lazy\" decoding=\"async\" class=\"aligncenter wp-image-1614\" src=\"https:\/\/hydraulic-cylinders.net\/wp-content\/uploads\/2023\/10\/piston-accumulator-1-300x300.webp\" alt=\"\" width=\"400\" height=\"400\" \/><\/p>\n<p>Iek\u0101rtu uzticam\u012bba un dro\u0161\u012bba ir \u0101rk\u0101rt\u012bgi svar\u012bga pras\u012bgaj\u0101 kalnr\u016bpniec\u012bbas pasaul\u0113. Kalnr\u016bpniec\u012bbas pa\u0161izg\u0101z\u0113ja virzu\u013cakumulators ir b\u016btiska sast\u0101vda\u013ca, kas paredz\u0113ta, lai optimiz\u0113tu veiktsp\u0113ju un uzlabotu dro\u0161\u012bbu kalnr\u016bpniec\u012bbas pa\u0161izg\u0101z\u0113jos.<\/p>\n<p>Kalnr\u016bpniec\u012bbas pa\u0161izg\u0101z\u0113ja virzu\u013cakumulators ir b\u016btiska sast\u0101vda\u013ca, kas uzlabo veiktsp\u0113ju un dro\u0161\u012bbu kalnr\u016bpniec\u012bbas pa\u0161izg\u0101z\u0113jos. T\u0101 augstspiediena veiktsp\u0113ja, efekt\u012bv\u0101 ener\u0123ijas uzkr\u0101\u0161ana un dro\u0161\u012bbas funkcijas nodro\u0161ina uzticamu un atsauc\u012bgu hidraulisko darb\u012bbu. Integr\u0113jot kalnr\u016bpniec\u012bbas pa\u0161izg\u0101z\u0113ja virzu\u013cakumulatoru sav\u0101 kalnr\u016bpniec\u012bbas autopark\u0101 un iev\u0113rojot pareizas lieto\u0161anas metodes un apkopes praksi, j\u016bs varat optimiz\u0113t kalnr\u016bpniec\u012bbas darb\u012bbu veiktsp\u0113ju, efektivit\u0101ti un dro\u0161\u012bbu. Izv\u0113lieties \u0161o izcilo komponentu, lai piln\u012bb\u0101 izmantotu savu kalnr\u016bpniec\u012bbas pa\u0161izg\u0101z\u0113ju potenci\u0101lu.<\/p>\n<p>Kalnr\u016bpniec\u012bbas pa\u0161izg\u0101z\u0113ja virzu\u013ca akumulatora galven\u0101s \u012bpa\u0161\u012bbas:<\/p>\n<ol>\n<li>Augstspiediena veiktsp\u0113ja:<\/li>\n<\/ol>\n<ul>\n<li>Kalnr\u016bpniec\u012bbas pa\u0161izg\u0101z\u0113ja virzu\u013cakumulators ir konstru\u0113ts t\u0101, lai iztur\u0113tu augstspiediena vidi, kas parasti rodas kalnr\u016bpniec\u012bbas darbos.<\/li>\n<li>T\u0101 iztur\u012bg\u0101 konstrukcija un iztur\u012bgie materi\u0101li nodro\u0161ina uzticamu darb\u012bbu pat sare\u017e\u0123\u012btos apst\u0101k\u013cos.<\/li>\n<\/ul>\n<ol start=\"2\">\n<li>Efekt\u012bva ener\u0123ijas uzglab\u0101\u0161ana:<\/li>\n<\/ol>\n<ul>\n<li>\u0160is virzu\u013cakumulators efekt\u012bvi uzglab\u0101 hidraulisko ener\u0123iju, nodro\u0161inot \u0101tru un atsauc\u012bgu da\u017e\u0101du pa\u0161izg\u0101z\u0113ja hidraulisko funkciju darb\u012bbu.<\/li>\n<li>Tas nodro\u0161ina vienm\u0113r\u012bgu jaudas pieg\u0101di, samazinot sist\u0113mas spiediena sv\u0101rst\u012bbas un optimiz\u0113jot kop\u0113jo veiktsp\u0113ju.<\/li>\n<\/ul>\n<ol start=\"3\">\n<li>Dro\u0161\u012bbas uzlabo\u0161ana:<\/li>\n<\/ol>\n<ul>\n<li>Kalnr\u016bpniec\u012bbas pa\u0161izg\u0101z\u0113ja virzu\u013ca akumulators darbojas k\u0101 dro\u0161\u012bbas ier\u012bce, nodro\u0161inot hidraulisk\u0101s ener\u0123ijas rezervi \u0101rk\u0101rtas situ\u0101cij\u0101m.<\/li>\n<li>Tas pal\u012bdz nov\u0113rst iesp\u0113jamus negad\u012bjumus vai boj\u0101jumus, ko izraisa p\u0113k\u0161\u0146as sist\u0113mas k\u013c\u016bmes vai str\u0101vas padeves p\u0101rtraukumi.<\/li>\n<\/ul>\n<h2><strong>Kalnr\u016bpniec\u012bbas pa\u0161izg\u0101z\u0113ja virzu\u013ca akumulatora parametrs:<\/strong><\/h2>\n<table border=\"1\" cellspacing=\"0\" cellpadding=\"0\">\n<tbody>\n<tr>\n<td>Produkta nosaukums<\/td>\n<td>Kalnr\u016bpniec\u012bbas pa\u0161izg\u0101z\u0113ja virzu\u013ca akumulators<\/td>\n<\/tr>\n<tr>\n<td>Funkcijas:<\/td>\n<td>Slodze re\u0101llaik\u0101 tiek vienm\u0113r\u012bgi sadal\u012bta starp vid\u0113jo un aizmugur\u0113jo asi, lai l\u012bdzsvarotu asu nestsp\u0113ju.<\/td>\n<\/tr>\n<tr>\n<td>Vilces sp\u0113ks:<\/td>\n<td>Maksim\u0101li 27,5 MPa<\/td>\n<\/tr>\n<tr>\n<td>Virzu\u013ca akumulatora pielietojumi:<\/td>\n<td>Kalnr\u016bpniec\u012bbas pa\u0161izg\u0101z\u0113js<\/td>\n<\/tr>\n<\/tbody>\n<\/table>\n<h2><strong>Kalnr\u016bpniec\u012bbas pa\u0161izg\u0101z\u0113ja cilindra identifik\u0101cijas sh\u0113ma:<\/strong><\/h2>\n<p><img loading=\"lazy\" decoding=\"async\" class=\"alignnone wp-image-1594 size-full\" src=\"https:\/\/hydraulic-cylinders.net\/wp-content\/uploads\/2023\/10\/mining-dump-truck-cylinder.webp\" alt=\"\" width=\"1418\" height=\"946\" srcset=\"https:\/\/hydraulic-cylinders.net\/wp-content\/uploads\/2023\/10\/mining-dump-truck-cylinder.webp 1418w, https:\/\/hydraulic-cylinders.net\/wp-content\/uploads\/2023\/10\/mining-dump-truck-cylinder-1280x854.webp 1280w, https:\/\/hydraulic-cylinders.net\/wp-content\/uploads\/2023\/10\/mining-dump-truck-cylinder-980x654.webp 980w, https:\/\/hydraulic-cylinders.net\/wp-content\/uploads\/2023\/10\/mining-dump-truck-cylinder-480x320.webp 480w\" sizes=\"(min-width: 0px) and (max-width: 480px) 480px, (min-width: 481px) and (max-width: 980px) 980px, (min-width: 981px) and (max-width: 1280px) 1280px, (min-width: 1281px) 1418px, 100vw\" \/><\/p>\n<h2><strong>Kalnr\u016bpniec\u012bbas pa\u0161izg\u0101z\u0113ja virzu\u013ca akumulatora lieto\u0161anas metode<\/strong><strong>:<\/strong><\/h2>\n<ol>\n<li><strong>Integr\u0101cija hidrauliskaj\u0101 sist\u0113m\u0101:<\/strong><\/li>\n<\/ol>\n<ul>\n<li>Kalnr\u016bpniec\u012bbas pa\u0161izg\u0101z\u0113ja virzu\u013ca akumulators ir integr\u0113ts pa\u0161izg\u0101z\u0113ja hidrauliskaj\u0101 sist\u0113m\u0101.<\/li>\n<li>Tas parasti ir savienots ar hidraulisko s\u016bkni un strat\u0113\u0123iski novietots sist\u0113m\u0101, lai optimiz\u0113tu ener\u0123ijas uzkr\u0101\u0161anu un pieg\u0101di.<\/li>\n<\/ul>\n<ol start=\"2\">\n<li><strong>Hidraulisk\u0101s ener\u0123ijas uzglab\u0101\u0161ana:<\/strong><\/li>\n<\/ol>\n<ul>\n<li>Akumulators uzglab\u0101 hidraulisko ener\u0123iju zema piepras\u012bjuma periodos vai tad, kad hidraulisk\u0101s funkcijas netiek izmantotas.<\/li>\n<li>Pieaugot hidraulisk\u0101s ener\u0123ijas piepras\u012bjumam, uzkr\u0101t\u0101 ener\u0123ija tiek atbr\u012bvota, nodro\u0161inot uzticamu un t\u016bl\u012bt\u0113ju ener\u0123ijas avotu.<\/li>\n<\/ul>\n<ol start=\"3\">\n<li><strong>Pareiza izm\u0113ru izv\u0113le un konfigur\u0101cija:<\/strong><\/li>\n<\/ol>\n<ul>\n<li>Ir svar\u012bgi izv\u0113l\u0113ties atbilsto\u0161u kalnr\u016bpniec\u012bbas pa\u0161izg\u0101z\u0113ja virzu\u013ca akumulatora izm\u0113ru un konfigur\u0101ciju, lai tas atbilstu pa\u0161izg\u0101z\u0113ja hidraulisk\u0101s sist\u0113mas \u012bpa\u0161aj\u0101m pras\u012bb\u0101m.<\/li>\n<li>Konsult\u0113joties ar ekspertiem vai iev\u0113rojot ra\u017eot\u0101ja vadl\u012bnijas, var nodro\u0161in\u0101t optim\u0101lu veiktsp\u0113ju un dro\u0161\u012bbu.<\/li>\n<\/ul>\n<h2><strong>Kas ir sl\u0113gtas cilpas hidraulisk\u0101 sist\u0113ma?<\/strong><\/h2>\n<p>Sl\u0113gtas cilpas hidraulisk\u0101 sist\u0113ma, kas paz\u012bstama ar\u012b k\u0101 sl\u0113gta centra hidraulisk\u0101 sist\u0113ma, parasti tiek izmantota r\u016bpnieciskaj\u0101s ma\u0161\u012bn\u0101s un mobilaj\u0101s iek\u0101rt\u0101s. T\u0101 izmanto main\u012bga darba tilpuma s\u016bkni, lai uztur\u0113tu nemain\u012bgu spiedienu hidrauliskaj\u0101 sist\u0113m\u0101 neatkar\u012bgi no slodzes pras\u012bb\u0101m.<\/p>\n<p>\u0160eit ir sl\u0113gtas cilpas hidraulisk\u0101s sist\u0113mas galven\u0101s \u012bpa\u0161\u012bbas un sast\u0101vda\u013cas:<\/p>\n<ol>\n<li><strong>Main\u012bga tilpuma s\u016bknis:<\/strong> Sl\u0113gtas cilpas hidraulisk\u0101 sist\u0113ma izmanto main\u012bga darba tilpuma s\u016bkni, lai pieg\u0101d\u0101tu sist\u0113mai hidraulisko \u0161\u0137idrumu. S\u016bknis piel\u0101go savu darba tilpumu vai g\u0101jiena tilpumu atkar\u012bb\u0101 no slodzes pras\u012bb\u0101m, uzturot nemain\u012bgu spiedienu.<\/li>\n<li><strong>Spiediena kompensators:<\/strong> Spiediena kompensators, kas paz\u012bstams ar\u012b k\u0101 spiediena regul\u0113\u0161anas v\u0101rsts, regul\u0113 un kontrol\u0113 sist\u0113mas spiedienu. Tas nodro\u0161ina, ka spiediens saglab\u0101jas nemain\u012bgs pat tad, ja main\u0101s slodzes pras\u012bbas.<\/li>\n<li><strong>Atsauksmju kontrole:<\/strong> Sl\u0113gtas cilpas hidrauliskaj\u0101s sist\u0113m\u0101s ir iek\u013cauti atgriezenisk\u0101s saites vad\u012bbas meh\u0101nismi, lai uzraudz\u012btu un regul\u0113tu sist\u0113mas spiedienu. \u0160\u012b atgriezenisk\u0101s saites vad\u012bba \u013cauj prec\u012bzi regul\u0113t spiedienu, nodro\u0161inot optim\u0101lu veiktsp\u0113ju un efektivit\u0101ti.<\/li>\n<li><strong>Hidrauliskais motors vai izpildmeh\u0101nisms:<\/strong> Hidrauliskais motors vai izpildmeh\u0101nisms p\u0101rveido hidraulisko ener\u0123iju meh\u0101nisk\u0101 kust\u012bb\u0101 vai sp\u0113k\u0101. Tas sa\u0146em hidraulisko \u0161\u0137idrumu no sl\u0113gt\u0101s cilpas sist\u0113mas un p\u0101rveido to rot\u0101cijas vai line\u0101r\u0101 kust\u012bb\u0101, lai veiktu darbu.<\/li>\n<li><strong>Hidraulisk\u0101 tvertne:<\/strong> Hidrauliskaj\u0101 rezervu\u0101r\u0101 tiek uzglab\u0101ts hidrauliskais \u0161\u0137idrums, kas nepiecie\u0161ams sl\u0113gt\u0101s cilpas hidraulisk\u0101s sist\u0113mas darb\u012bbai. Tas nodro\u0161ina \u0161\u0137idruma avotu s\u016bknim un darbojas k\u0101 siltuma izklied\u0113t\u0101js, pal\u012bdzot uztur\u0113t \u0161\u0137idruma temperat\u016bru pie\u0146emam\u0101s robe\u017e\u0101s.<\/li>\n<\/ol>\n<h2><strong>R\u016bpn\u012bcas iesp\u0113jas un jauda:<\/strong><\/h2>\n<h3>(1) Mont\u0101\u017ea<\/h3>\n<p>Mums ir pirmklas\u012bga neatkar\u012bga p\u0113tniec\u012bbas un att\u012bst\u012bbas mont\u0101\u017eas platforma. Hidraulisko cilindru ra\u017eo\u0161anas darbn\u012bc\u0101 ir \u010detras pusautom\u0101tiskas pacel\u0161anas cilindru mont\u0101\u017eas l\u012bnijas un viena autom\u0101tisk\u0101 sl\u012bpuma cilindru mont\u0101\u017eas l\u012bnija ar projekt\u0113to gada ra\u017eo\u0161anas jaudu 1 miljons vien\u012bbu. Speci\u0101lo cilindru darbn\u012bca ir apr\u012bkota ar da\u017e\u0101du specifik\u0101ciju pusautom\u0101tisku t\u012br\u012b\u0161anas mont\u0101\u017eas sist\u0113mu ar projekt\u0113to gada ra\u017eo\u0161anas jaudu 200 000 vien\u012bbu un apr\u012bkota ar slaven\u0101m CNC apstr\u0101des iek\u0101rt\u0101m, apstr\u0101des centru, augstas precizit\u0101tes cilindru apstr\u0101des speci\u0101lo apr\u012bkojumu, robotiz\u0113tu metin\u0101\u0161anas iek\u0101rtu, autom\u0101tisku t\u012br\u012b\u0161anas iek\u0101rtu, autom\u0101tisku cilindru mont\u0101\u017eas iek\u0101rtu un autom\u0101tisku kr\u0101so\u0161anas ra\u017eo\u0161anas l\u012bniju. Eso\u0161ais kritiskais apr\u012bkojums ir vair\u0101k nek\u0101 300 komplektu (komplektu). Optim\u0101la iek\u0101rtu resursu sadale un efekt\u012bva izmanto\u0161ana nodro\u0161ina produktu precizit\u0101tes pras\u012bbas un apmierina produktu augst\u0101s kvalit\u0101tes pras\u012bbas.<\/p>\n<p><img loading=\"lazy\" decoding=\"async\" class=\"alignnone wp-image-626\" src=\"https:\/\/hydraulic-cylinders.net\/wp-content\/uploads\/2023\/08\/hydraulic-cylinder-product-1-300x158.webp\" alt=\"\" width=\"495\" height=\"260\" srcset=\"https:\/\/hydraulic-cylinders.net\/wp-content\/uploads\/2023\/08\/hydraulic-cylinder-product-1-300x158.webp 495w, https:\/\/hydraulic-cylinders.net\/wp-content\/uploads\/2023\/08\/hydraulic-cylinder-product-1-480x252.webp 480w\" sizes=\"(min-width: 0px) and (max-width: 480px) 480px, (min-width: 481px) 495px, 100vw\" \/> <img loading=\"lazy\" decoding=\"async\" class=\"alignnone wp-image-627\" src=\"https:\/\/hydraulic-cylinders.net\/wp-content\/uploads\/2023\/08\/hydraulic-cylinder-product-2-300x189.webp\" alt=\"\" width=\"413\" height=\"260\" \/><\/p>\n<h3>(2) Apstr\u0101de<\/h3>\n<p>Apstr\u0101des cehs ir apr\u012bkots ar piel\u0101gotu sl\u012bpo slie\u017eu virpo\u0161anas centru, apstr\u0101des centru, \u0101trgaitas asin\u0101\u0161anas ma\u0161\u012bnu, metin\u0101\u0161anas robotu un citu saist\u012btu apr\u012bkojumu, kas var apstr\u0101d\u0101t cilindriskas caurules ar maksim\u0101lo iek\u0161\u0113jo diametru 400 mm un maksim\u0101lo garumu 6 metri.<\/p>\n<p><img loading=\"lazy\" decoding=\"async\" class=\"alignnone wp-image-628 size-large\" src=\"https:\/\/hydraulic-cylinders.net\/wp-content\/uploads\/2023\/08\/hydraulic-cylinder-product-3-1024x391.webp\" alt=\"\" width=\"1024\" height=\"391\" srcset=\"https:\/\/hydraulic-cylinders.net\/wp-content\/uploads\/2023\/08\/hydraulic-cylinder-product-3-980x374.webp 980w, https:\/\/hydraulic-cylinders.net\/wp-content\/uploads\/2023\/08\/hydraulic-cylinder-product-3-480x183.webp 480w\" sizes=\"(min-width: 0px) and (max-width: 480px) 480px, (min-width: 481px) and (max-width: 980px) 980px, (min-width: 981px) 1024px, 100vw\" \/><\/p>\n<h3>(3) Metin\u0101\u0161ana<\/h3>\n<p><img loading=\"lazy\" decoding=\"async\" class=\"alignnone wp-image-629 size-large\" src=\"https:\/\/hydraulic-cylinders.net\/wp-content\/uploads\/2023\/08\/hydraulic-cylinder-product-4-1024x510.webp\" alt=\"\" width=\"1024\" height=\"510\" srcset=\"https:\/\/hydraulic-cylinders.net\/wp-content\/uploads\/2023\/08\/hydraulic-cylinder-product-4-980x488.webp 980w, https:\/\/hydraulic-cylinders.net\/wp-content\/uploads\/2023\/08\/hydraulic-cylinder-product-4-480x239.webp 480w\" sizes=\"(min-width: 0px) and (max-width: 480px) 480px, (min-width: 481px) and (max-width: 980px) 980px, (min-width: 981px) 1024px, 100vw\" \/><\/p>\n<h3>(4) Kr\u0101so\u0161ana un p\u0101rkl\u0101\u0161ana<\/h3>\n<p>Ar maz\u0101m un vid\u0113ja izm\u0113ra cilindrisk\u0101m autom\u0101tisk\u0101m \u016bdens b\u0101zes kr\u0101su p\u0101rkl\u0101\u0161anas l\u012bnij\u0101m, lai pan\u0101ktu autom\u0101tisku robotu iekrau\u0161anu un izkrau\u0161anu un autom\u0101tisku izsmidzin\u0101\u0161anu, projekt\u0113t\u0101 jauda ir 4000 gabali mai\u0146\u0101;<br \/>\nMums ir ar\u012b pusautom\u0101tiska kr\u0101su ra\u017eo\u0161anas l\u012bnija lieliem baloniem, ko darbina \u0137\u0113des piedzi\u0146a, ar 60 kastu konstrukcijas jaudu vien\u0101 mai\u0146\u0101.<\/p>\n<p><img loading=\"lazy\" decoding=\"async\" class=\"alignnone wp-image-630\" src=\"https:\/\/hydraulic-cylinders.net\/wp-content\/uploads\/2023\/08\/hydraulic-cylinder-product-5-300x213.webp\" alt=\"\" width=\"366\" height=\"260\" \/> <img loading=\"lazy\" decoding=\"async\" class=\"alignnone wp-image-631\" src=\"https:\/\/hydraulic-cylinders.net\/wp-content\/uploads\/2023\/08\/hydraulic-cylinder-product-6-300x225.webp\" alt=\"\" width=\"347\" height=\"260\" \/><\/p>\n<h3>(5) Test\u0113\u0161ana<\/h3>\n<p>Mums ir augst\u0101k\u0101s klases p\u0101rbaudes iek\u0101rtas un test\u0113\u0161anas stendi, lai nodro\u0161in\u0101tu, ka balona veiktsp\u0113ja atbilst pras\u012bb\u0101m.<\/p>\n<p><img loading=\"lazy\" decoding=\"async\" class=\"alignnone wp-image-632\" src=\"https:\/\/hydraulic-cylinders.net\/wp-content\/uploads\/2023\/08\/hydraulic-cylinder-product-8-300x200.webp\" alt=\"\" width=\"389\" height=\"260\" \/><\/p>\n<p>&nbsp;<\/p>\n<p>&nbsp;<\/p>\n<p>M\u0113s esam viens no lab\u0101kajiem hidraulisko cilindru ra\u017eot\u0101jiem. M\u0113s varam pied\u0101v\u0101t visaptvero\u0161us hidrauliskos cilindrus. M\u0113s nodro\u0161in\u0101m ar\u012b atbilsto\u0161us <a href=\"https:\/\/hzpt.com\/agricultural-pto-gearbox\/\" target=\"_blank\" rel=\"noopener\">lauksaimniec\u012bbas p\u0101rnesumk\u0101rbas<\/a>. M\u0113s esam eksport\u0113ju\u0161i savus produktus klientiem vis\u0101 pasaul\u0113 un esam ieguvu\u0161i labu reput\u0101ciju, pateicoties m\u016bsu izcilajai produktu kvalit\u0101tei un p\u0113cp\u0101rdo\u0161anas servisam. M\u0113s aicin\u0101m klientus no valsts un \u0101rvalst\u012bm sazin\u0101ties ar mums, lai risin\u0101tu biznesa sarunas, apmain\u012btos ar inform\u0101ciju un... <a href=\"https:\/\/www.hydraulic-cylinders.net\/lv\/contact-us\/\">sadarboties ar mums<\/a>!<\/p>","protected":false},"excerpt":{"rendered":"<p>Mining Dump Truck Piston Accumulator Equipment reliability and safety are paramount in the demanding world of mining operations. The mining dump truck piston accumulator is a crucial component designed to optimize performance and enhance safety in mining dump trucks The mining dump truck piston accumulator is a vital component that enhances performance and safety in [&hellip;]<\/p>","protected":false},"featured_media":1615,"comment_status":"open","ping_status":"closed","template":"","meta":{"_et_pb_use_builder":"","_et_pb_old_content":"","_et_gb_content_width":""},"product_brand":[],"product_cat":[1517,1532,1376],"product_tag":[1380],"class_list":{"0":"post-1613","1":"product","2":"type-product","3":"status-publish","4":"has-post-thumbnail","6":"product_cat-dump-truck-hydraulic-cylinders","7":"product_cat-mining-dump-truck-hydraulic-cylinders","8":"product_cat-hydraulic-cylinder","9":"product_tag-hydraulic-cylinder","11":"first","12":"instock","13":"shipping-taxable","14":"product-type-simple"},"amp_enabled":true,"_links":{"self":[{"href":"https:\/\/www.hydraulic-cylinders.net\/lv\/wp-json\/wp\/v2\/product\/1613","targetHints":{"allow":["GET"]}}],"collection":[{"href":"https:\/\/www.hydraulic-cylinders.net\/lv\/wp-json\/wp\/v2\/product"}],"about":[{"href":"https:\/\/www.hydraulic-cylinders.net\/lv\/wp-json\/wp\/v2\/types\/product"}],"replies":[{"embeddable":true,"href":"https:\/\/www.hydraulic-cylinders.net\/lv\/wp-json\/wp\/v2\/comments?post=1613"}],"wp:featuredmedia":[{"embeddable":true,"href":"https:\/\/www.hydraulic-cylinders.net\/lv\/wp-json\/wp\/v2\/media\/1615"}],"wp:attachment":[{"href":"https:\/\/www.hydraulic-cylinders.net\/lv\/wp-json\/wp\/v2\/media?parent=1613"}],"wp:term":[{"taxonomy":"product_brand","embeddable":true,"href":"https:\/\/www.hydraulic-cylinders.net\/lv\/wp-json\/wp\/v2\/product_brand?post=1613"},{"taxonomy":"product_cat","embeddable":true,"href":"https:\/\/www.hydraulic-cylinders.net\/lv\/wp-json\/wp\/v2\/product_cat?post=1613"},{"taxonomy":"product_tag","embeddable":true,"href":"https:\/\/www.hydraulic-cylinders.net\/lv\/wp-json\/wp\/v2\/product_tag?post=1613"}],"curies":[{"name":"wp","href":"https:\/\/api.w.org\/{rel}","templated":true}]}}