{"id":16148,"date":"2025-01-20T08:33:31","date_gmt":"2025-01-20T08:33:31","guid":{"rendered":"https:\/\/www.hydraulic-cylinders.net\/product\/arm-cylinderfor-caterpillar-small-excavator-e312dc\/"},"modified":"2025-01-20T08:33:33","modified_gmt":"2025-01-20T08:33:33","slug":"arm-cylinderfor-caterpillar-small-excavator-e312dc","status":"publish","type":"product","link":"https:\/\/www.hydraulic-cylinders.net\/lv\/products\/arm-cylinderfor-caterpillar-small-excavator-e312dc\/","title":{"rendered":"Sviras cilindrs Caterpillar mazajam ekskavatoram E312DC"},"content":{"rendered":"<h1>Sviras cilindrs Caterpillar mazajam ekskavatoram E312DC<\/h1>\n<h2>Ievads<\/h2>\n<p>Caterpillar maz\u0101 ekskavatora E312DC sviras cilindrs ir specializ\u0113ts hidrauliskais cilindrs, kas paredz\u0113ts, lai nodro\u0161in\u0101tu line\u0101ru kust\u012bbu un jaudu da\u017e\u0101du ma\u0161\u012bnu, piem\u0113ram, ekskavatoru, celt\u0146u un robotiz\u0113tu roku, svirai. Sviras cilindram ir iz\u0161\u0137iro\u0161a noz\u012bme hidrauliskaj\u0101s sist\u0113m\u0101s, nodro\u0161inot efekt\u012bvu papildu instrumentu vai stiprin\u0101jumu p\u0101rvieto\u0161anu un vad\u012bbu. \u0160ie cilindri ne tikai nodro\u0161ina vienm\u0113r\u012bgu kust\u012bbu, bet ar\u012b iztur lielas slodzes, garant\u0113jot ma\u0161\u012bnas augstu efektivit\u0101ti un uzticam\u012bbu da\u017e\u0101dos ekspluat\u0101cijas apst\u0101k\u013cos.<\/p>\n<p><img decoding=\"async\" src=\"https:\/\/www.hydraulic-cylinders.net\/wp-content\/uploads\/2025\/01\/songte-company-2.webp\" alt=\"Sviras cilindra att\u0113ls\"><\/p>\n<h2>Funkcijas<\/h2>\n<ul>\n<li><strong>Augstas efektivit\u0101tes p\u0101rraide:<\/strong> Sviras cilindrs nodro\u0161ina jaud\u012bgu line\u0101ru kust\u012bbu un sp\u0113ku, garant\u0113jot meh\u0101nisk\u0101s sviras augstu veiktsp\u0113ju da\u017e\u0101d\u0101s darb\u012bb\u0101s.<\/li>\n<li><strong>Prec\u012bzijas kontrole:<\/strong> Izmantojot hidraulisko sist\u0113mu, rokas cilindrs nodro\u0161ina prec\u012bzu kust\u012bbas kontroli, padarot pievienoto instrumentu darb\u012bbu elast\u012bg\u0101ku un prec\u012bz\u0101ku.<\/li>\n<li><strong>Iztur\u012bba:<\/strong> Sviru cilindri parasti tiek ra\u017eoti, izmantojot augstas iztur\u012bbas materi\u0101lus, kas nodro\u0161ina izcilu iztur\u012bbu pret nodilumu un koroziju, padarot tos piem\u0113rotus ilgsto\u0161ai lieto\u0161anai skarbos apst\u0101k\u013cos.<\/li>\n<li><strong>Daudzfunkcion\u0101la piel\u0101go\u0161an\u0101s sp\u0113ja:<\/strong> \u0160os cilindrus var pla\u0161i pielietot da\u017e\u0101d\u0101m ma\u0161\u012bn\u0101m, piem\u0113ram, ekskavatoriem, celt\u0146iem un robotiz\u0113t\u0101m rok\u0101m, piel\u0101gojoties da\u017e\u0101d\u0101m darba pras\u012bb\u0101m.<\/li>\n<li><strong>Vienk\u0101r\u0161a apkope:<\/strong> Projekt\u0113jot \u0146emta v\u0113r\u0101 apkopes un nomai\u0146as vienk\u0101r\u0161\u012bba, padarot regul\u0101ras p\u0101rbaudes un apkopi \u0113rtas, t\u0101d\u0113j\u0101di samazinot iek\u0101rtu d\u012bkst\u0101ves laiku.<\/li>\n<\/ul>\n<p><img decoding=\"async\" src=\"https:\/\/www.hydraulic-cylinders.net\/wp-content\/uploads\/2025\/01\/songte-oil-pipes-and-spare-parts.webp\" alt=\"Cilindra nomai\u0146as att\u0113ls\"><\/p>\n<h2>Pieteikumi<\/h2>\n<p>Caterpillar maz\u0101 ekskavatora E312DC sviras cilindrs tiek izmantots \u0161\u0101d\u0101s nozar\u0113s:<\/p>\n<h3>1. B\u016bvniec\u012bbas in\u017eenierija<\/h3>\n<p>Ekskavatoros un celt\u0146os sviras cilindrs kontrol\u0113 kausu vai sviru kust\u012bbu, atvieglojot zemes darbus, materi\u0101lu apstr\u0101di un konstrukciju uzst\u0101d\u012b\u0161anu.<\/p>\n<h3>2. Ra\u017eo\u0161ana<\/h3>\n<p>Automatiz\u0113t\u0101s ra\u017eo\u0161anas l\u012bnij\u0101s rokas cilindrs atvieglo robotiz\u0113to roku kust\u012bbu, nodro\u0161inot t\u0101dus procesus k\u0101 mont\u0101\u017ea, metin\u0101\u0161ana un materi\u0101lu apstr\u0101de, t\u0101d\u0113j\u0101di uzlabojot ra\u017eo\u0161anas efektivit\u0101ti un precizit\u0101ti.<\/p>\n<h3>3. Lauksaimniec\u012bbas tehnika<\/h3>\n<p>Lauksaimniec\u012bbas ma\u0161\u012bn\u0101s, piem\u0113ram, kombainos un s\u0113jma\u0161\u012bn\u0101s, sviras cilindrs kontrol\u0113 darbin\u0101\u0161anas sviru kust\u012bbu, veicot t\u0101dus uzdevumus k\u0101 s\u0113\u0161ana, m\u0113slo\u0161ana un ra\u017eas nov\u0101k\u0161ana.<\/p>\n<h3>4. Kalnr\u016bpniec\u012bba<\/h3>\n<p>Kalnr\u016bpniec\u012bbas iek\u0101rt\u0101s rokas cilindrs kontrol\u0113 kalnr\u016bpniec\u012bbas ma\u0161\u012bnu rokas kust\u012bbu, atvieglojot r\u016bdu ieguvi un transport\u0113\u0161anu.<\/p>\n<h3>5. Lo\u0123istika un transports<\/h3>\n<p>Iekr\u0101v\u0113jos un apstr\u0101des robotos rokas cilindrs kontrol\u0113 dak\u0161u pacel\u0161anu un kust\u012bbu, nodro\u0161inot materi\u0101lu apstr\u0101di un sakrau\u0161anu.<\/p>\n<p><img decoding=\"async\" src=\"https:\/\/www.hydraulic-cylinders.net\/wp-content\/uploads\/2025\/01\/songte-chushion-collar.webp\" alt=\"Sviras cilindra pielietojuma att\u0113ls\"><\/p>\n<h2>Dizaina apsv\u0113rumi un atlases krit\u0113riji<\/h2>\n<ul>\n<li><strong>Nestsp\u0113ja:<\/strong> Sviras cilindra konstrukcij\u0101 ir \u0146emta v\u0113r\u0101 t\u0101 sp\u0113ja iztur\u0113t paredz\u0113to slodzi.<\/li>\n<li><strong>Bl\u012bv\u0113jums:<\/strong> Lai nodro\u0161in\u0101tu efekt\u012bvu bl\u012bv\u0113\u0161anu, tiek izmantoti da\u017e\u0101di bl\u012bv\u0113jumi, piem\u0113ram, virzu\u013ca bl\u012bv\u0113jumi un stie\u0146a bl\u012bv\u0113jumi. \u0160ie bl\u012bv\u0113jumi ir izgatavoti no nodilumiztur\u012bgiem materi\u0101liem, piem\u0113ram, poliuret\u0101na un nitrila gumijas.<\/li>\n<li><strong>Iztur\u012bba:<\/strong> Cilindra korpuss un v\u012bt\u0146otie gali tiek pak\u013cauti prec\u012bzai apstr\u0101dei, lai uzlabotu nodilumiztur\u012bbu.<\/li>\n<li><strong>Dro\u0161\u012bba:<\/strong> Sviru cilindri ir konstru\u0113ti ar dro\u0161\u012bbas funkcij\u0101m, lai nov\u0113rstu negad\u012bjumus un nodro\u0161in\u0101tu operatoru un apk\u0101rt\u0113j\u0101 apr\u012bkojuma aizsardz\u012bbu.<\/li>\n<li><strong>Uzturam\u012bba:<\/strong> Lai nodro\u0161in\u0101tu vienm\u0113r\u012bgu darb\u012bbu, ir nepiecie\u0161ama regul\u0101ra e\u013c\u013co\u0161ana ar atbilsto\u0161u hidraulisk\u0101s e\u013c\u013cas daudzumu. Konstrukcija paredz ar\u012b \u0113rtu piek\u013cuvi p\u0101rbaudes un apkopes nol\u016bkos.<\/li>\n<\/ul>\n<p><img decoding=\"async\" src=\"https:\/\/www.hydraulic-cylinders.net\/wp-content\/uploads\/2025\/01\/songte-cylinder-head-with-all-kinds-excavator-models.webp\" alt=\"Cilindra dizaina att\u0113ls\"><\/p>\n<h2>Bl\u012bv\u0113\u0161ana un e\u013c\u013co\u0161ana<\/h2>\n<p>Caterpillar maz\u0101 ekskavatora E312DC sviras cilindr\u0101 tiek izmantoti da\u017e\u0101di bl\u012bv\u0113\u0161anas komponenti, piem\u0113ram, virzu\u013ca bl\u012bvsl\u0113gi \u200b\u200bun stie\u0146a bl\u012bvsl\u0113gi, kas izgatavoti no nodilumiztur\u012bgiem materi\u0101liem, piem\u0113ram, poliuret\u0101na un nitrila gumijas. Cilindra korpuss un v\u012bt\u0146otie gali ir smalki apstr\u0101d\u0101ti, lai uzlabotu nodilumiztur\u012bbu. Lai nodro\u0161in\u0101tu vienm\u0113r\u012bgu darb\u012bbu, ir nepiecie\u0161ama regul\u0101ra e\u013c\u013co\u0161ana ar atbilsto\u0161u hidraulisk\u0101s e\u013c\u013cas daudzumu.<\/p>\n<h2>Regul\u0101ra p\u0101rbaude un profilaktisk\u0101 apkope<\/h2>\n<ul>\n<li>Regul\u0101ri p\u0101rbaudiet sviras cilindru, vai nav nopl\u016b\u017eu, nodiluma vai boj\u0101jumu paz\u012bmju.<\/li>\n<li>P\u0101rbaudiet un uzturiet hidraulisk\u0101s e\u013c\u013cas l\u012bmeni un kvalit\u0101ti saska\u0146\u0101 ar ra\u017eot\u0101ja nor\u0101d\u012bjumiem.<\/li>\n<li>Not\u012briet cilindru un t\u0101 sast\u0101vda\u013cas, lai no\u0146emtu net\u012brumus vai gru\u017eus, kas var\u0113tu ietekm\u0113t veiktsp\u0113ju.<\/li>\n<li>Nomainiet visus nolietotos vai boj\u0101tos bl\u012bv\u0113jumus, lai uztur\u0113tu pareizu bl\u012bv\u0113jumu un nov\u0113rstu nopl\u016bdes.<\/li>\n<li>Iev\u0113rojiet ra\u017eot\u0101ja ieteikto apkopes grafiku.<\/li>\n<\/ul>\n<h2>Produkta uzst\u0101d\u012b\u0161anas rokasgr\u0101mata<\/h2>\n<p>Lai uzst\u0101d\u012btu Caterpillar maz\u0101 ekskavatora E312DC sviras cilindru, veiciet t\u0101l\u0101k nor\u0101d\u012bt\u0101s darb\u012bbas.<\/p>\n<ol>\n<li>P\u0101rliecinieties, ka ekskavators ir izsl\u0113gts un hidraulisk\u0101 sist\u0113ma ir bez spiediena.<\/li>\n<li>Novietojiet cilindru paredz\u0113taj\u0101 viet\u0101 un izl\u012bdziniet stiprin\u0101juma caurumus.<\/li>\n<li>Dro\u0161i nostipriniet cilindru, izmantojot atbilsto\u0161as \u200b\u200bskr\u016bves vai tapas.<\/li>\n<li>Pievienojiet hidraulisk\u0101s \u0161\u013c\u016btenes saska\u0146\u0101 ar ra\u017eot\u0101ja nor\u0101d\u012bjumiem.<\/li>\n<li>Pirms iek\u0101rtas lieto\u0161anas p\u0101rbaudiet, vai nav nopl\u016b\u017eu vai va\u013c\u012bgu savienojumu.<\/li>\n<\/ol>\n<p><img decoding=\"async\" src=\"https:\/\/www.hydraulic-cylinders.net\/wp-content\/uploads\/2025\/01\/songte-bushings-with-all-kinds-of-excavator-models.webp\" alt=\"Instal\u0113\u0161anas rokasgr\u0101matas att\u0113ls\"><\/p>\n<h2>Dro\u0161\u012bbas apsv\u0113rumi un vides faktori<\/h2>\n<p>Str\u0101d\u0101jot ar Caterpillar maz\u0101 ekskavatora E312DC sviras cilindru, ir \u013coti svar\u012bgi noteikt dro\u0161\u012bbas pas\u0101kumu priorit\u0101ti. Lai nov\u0113rstu negad\u012bjumus un traumas, ir svar\u012bgi iev\u0113rot atbilsto\u0161us dro\u0161\u012bbas protokolus un lietot atbilsto\u0161u aizsargapr\u012bkojumu. Turkl\u0101t, \u0146emot v\u0113r\u0101 vides faktorus, piem\u0113ram, pareizu atkritumu utiliz\u0101ciju un vides noteikumu iev\u0113ro\u0161anu, tiek nodro\u0161in\u0101ta atbild\u012bga apr\u012bkojuma lieto\u0161ana.<\/p>\n<h2>Probl\u0113mu nov\u0113r\u0161ana un bie\u017ei sastopamas probl\u0113mas<\/h2>\n<p>Reiz\u0113m var rasties probl\u0113mas ar Caterpillar maz\u0101 ekskavatora E312DC sviras cilindru. \u0160eit ir da\u017eas bie\u017ei sastopamas probl\u0113mas un to iesp\u0113jamie risin\u0101jumi:<\/p>\n<ul>\n<li><strong>Probl\u0113ma:<\/strong> Cilindra nopl\u016bde.<br \/>\n    <br \/><strong>Risin\u0101jums:<\/strong> P\u0101rbaudiet un nomainiet visus boj\u0101tos bl\u012bv\u0113jumus, nodro\u0161inot pareizu bl\u012bv\u0113jumu.<\/li>\n<li><strong>Probl\u0113ma:<\/strong> Ierobe\u017eota vai nek\u0101da roku kust\u012bba.<br \/>\n    <br \/><strong>Risin\u0101jums:<\/strong> P\u0101rbaudiet hidraulisk\u0101 \u0161\u0137idruma l\u012bmeni, filtrus un savienojumus, vai tajos nav aizsprostojumu vai boj\u0101jumu. P\u0101rliecinieties, vai hidraulisk\u0101 sist\u0113ma darbojas pareizi.<\/li>\n<li><strong>Probl\u0113ma:<\/strong> P\u0101rm\u0113r\u012bgs troksnis darb\u012bbas laik\u0101.<br \/>\n    <br \/><strong>Risin\u0101jums:<\/strong> P\u0101rbaudiet cilindru, stiprin\u0101jumu un saist\u012bt\u0101s sast\u0101vda\u013cas, vai nav va\u013c\u012bgu deta\u013cu vai nepareiza izl\u012bdzin\u0101juma. Ja nepiecie\u0161ams, pievelciet vai izl\u012bdziniet.<\/li>\n<\/ul>\n<p><img decoding=\"async\" src=\"https:\/\/www.hydraulic-cylinders.net\/wp-content\/uploads\/2025\/01\/songte-chushion-collar.webp\" alt=\"Att\u0113la probl\u0113mu nov\u0113r\u0161ana\"><\/p>\n<p>Iev\u0113rojot \u0161os probl\u0113mu nov\u0113r\u0161anas padomus un prevent\u012bvos pas\u0101kumus, las\u012bt\u0101ji var efekt\u012bvi diagnostic\u0113t un nov\u0113rst probl\u0113mas, kas saist\u012btas ar Caterpillar maz\u0101 ekskavatora E312DC sviras cilindru, samazinot iesp\u0113jam\u0101s probl\u0113mas.<\/p>\n<h2>Par mums<\/h2>\n<p>M\u0113s esam profesion\u0101ls rezerves hidraulisko cilindru ra\u017eot\u0101js, kas pied\u0101v\u0101 pla\u0161u produktu kl\u0101stu. Esam k\u013cuvu\u0161i par vienu no vado\u0161ajiem hidraulisko cilindru ra\u017eot\u0101jiem un vairumtirdzniec\u012bbas izplat\u012bt\u0101jiem gan viet\u0113j\u0101, gan starptautiskaj\u0101 tirg\u016b. M\u016bsu ap\u0146em\u0161an\u0101s nodro\u0161in\u0101t izcil\u012bbu kvalit\u0101t\u0113 atspogu\u013cojas m\u016bsu industrializ\u0113taj\u0101 ra\u017eo\u0161anas vad\u012bbas strat\u0113\u0123ij\u0101, kas ietver modernu ra\u017eo\u0161anas darbn\u012bcu un nep\u0101rtrauktus tehnolo\u0123iju un ra\u017eo\u0161anas efektivit\u0101tes uzlabojumus. Ievie\u0161ot modernu digit\u0101lo ra\u017eo\u0161anas apr\u012bkojumu un profesion\u0101las test\u0113\u0161anas sist\u0113mas, m\u0113s optimiz\u0113jam savu ra\u017eo\u0161anas platformu, uzlabojam produktu kvalit\u0101tes kontroles procesus un demonstr\u0113jam sp\u0113c\u012bgas inov\u0101ciju sp\u0113jas. M\u016bsu m\u0113r\u0137is ir apmierin\u0101t klientu da\u017e\u0101d\u0101s vajadz\u012bbas, iev\u0113rojot efektivit\u0101tes, precizit\u0101tes un augstas kvalit\u0101tes principus.<\/p>\n<p><img decoding=\"async\" src=\"https:\/\/www.hydraulic-cylinders.net\/wp-content\/uploads\/2025\/01\/songte-company-4.webp\" alt=\"Uz\u0146\u0113muma t\u0113ls\"><br \/>\n<img","protected":false},"excerpt":{"rendered":"<p>Arm Cylinder For Caterpillar Small Excavator E312DC Introduction The Arm Cylinder for Caterpillar Small Excavator E312DC is a specialized hydraulic cylinder designed to provide linear motion and power to the arm of various machinery, such as excavators, cranes, and robotic arms. The arm cylinder plays a crucial role in hydraulic systems, enabling the efficient movement [&hellip;]<\/p>","protected":false},"featured_media":14772,"comment_status":"open","ping_status":"closed","template":"","meta":{"_et_pb_use_builder":"","_et_pb_old_content":"","_et_gb_content_width":""},"product_brand":[],"product_cat":[1497],"product_tag":[1498,1496],"class_list":{"0":"post-16148","1":"product","2":"type-product","3":"status-publish","4":"has-post-thumbnail","6":"product_cat-arm-cylinders","7":"product_tag-arm-cylinders","8":"product_tag-hydraulic-cylinders","10":"first","11":"instock","12":"shipping-taxable","13":"product-type-simple"},"amp_enabled":true,"_links":{"self":[{"href":"https:\/\/www.hydraulic-cylinders.net\/lv\/wp-json\/wp\/v2\/product\/16148","targetHints":{"allow":["GET"]}}],"collection":[{"href":"https:\/\/www.hydraulic-cylinders.net\/lv\/wp-json\/wp\/v2\/product"}],"about":[{"href":"https:\/\/www.hydraulic-cylinders.net\/lv\/wp-json\/wp\/v2\/types\/product"}],"replies":[{"embeddable":true,"href":"https:\/\/www.hydraulic-cylinders.net\/lv\/wp-json\/wp\/v2\/comments?post=16148"}],"wp:featuredmedia":[{"embeddable":true,"href":"https:\/\/www.hydraulic-cylinders.net\/lv\/wp-json\/wp\/v2\/media\/14772"}],"wp:attachment":[{"href":"https:\/\/www.hydraulic-cylinders.net\/lv\/wp-json\/wp\/v2\/media?parent=16148"}],"wp:term":[{"taxonomy":"product_brand","embeddable":true,"href":"https:\/\/www.hydraulic-cylinders.net\/lv\/wp-json\/wp\/v2\/product_brand?post=16148"},{"taxonomy":"product_cat","embeddable":true,"href":"https:\/\/www.hydraulic-cylinders.net\/lv\/wp-json\/wp\/v2\/product_cat?post=16148"},{"taxonomy":"product_tag","embeddable":true,"href":"https:\/\/www.hydraulic-cylinders.net\/lv\/wp-json\/wp\/v2\/product_tag?post=16148"}],"curies":[{"name":"wp","href":"https:\/\/api.w.org\/{rel}","templated":true}]}}