{"id":1616,"date":"2023-10-08T08:26:42","date_gmt":"2023-10-08T08:26:42","guid":{"rendered":"https:\/\/hydraulic-cylinders.net\/?post_type=product&#038;p=1616"},"modified":"2025-04-11T02:55:39","modified_gmt":"2025-04-11T02:55:39","slug":"press-master-cylinder","status":"publish","type":"product","link":"https:\/\/www.hydraulic-cylinders.net\/lv\/products\/press-master-cylinder\/","title":{"rendered":"Preses galvenais cilindrs"},"content":{"rendered":"<h1 style=\"text-align: center;\"><strong>Preses galvenais cilindrs<\/strong><\/h1>\n<p><img loading=\"lazy\" decoding=\"async\" class=\"aligncenter wp-image-1617\" src=\"https:\/\/hydraulic-cylinders.net\/wp-content\/uploads\/2023\/10\/master-cylinder-1-300x300.webp\" alt=\"\" width=\"400\" height=\"400\" \/><\/p>\n<p>Preses galvenais cilindrs ir b\u016btiska hidraulisko presu sast\u0101vda\u013ca, kas paredz\u0113ta prec\u012bza un sp\u0113c\u012bga sp\u0113ka nodro\u0161in\u0101\u0161anai pla\u0161am r\u016bpniecisko pielietojumu kl\u0101stam.<\/p>\n<p>The press master cylinder is a powerhouse component that empowers hydraulic presses with precision and power. With its robust construction, precision force generation, and high power output, it is an indispensable tool for various industrial applications. By following proper usage methods and maintenance practices, you can maximize your hydraulic press operations&#8217; performance, productivity, and longevity. Choose the press master cylinder to unlock the full potential of your hydraulic press and elevate your manufacturing capabilities to new heights.<\/p>\n<p>Preses galven\u0101 cilindra galven\u0101s \u012bpa\u0161\u012bbas:<\/p>\n<ol>\n<li>Iztur\u012bga konstrukcija:<\/li>\n<\/ol>\n<ul>\n<li>Preses galvenais cilindrs ir izgatavots no augstas kvalit\u0101tes materi\u0101liem, kas nodro\u0161ina iztur\u012bbu un ilgsto\u0161u darb\u012bbu.<\/li>\n<li>T\u0101 iztur\u012bg\u0101 konstrukcija \u013cauj iztur\u0113t lielas slodzes un augstspiediena vidi, nodro\u0161inot uzticam\u012bbu pras\u012bgos r\u016bpnieciskos apst\u0101k\u013cos.<\/li>\n<\/ul>\n<ol start=\"2\">\n<li>Prec\u012bzas sp\u0113ka \u0123ener\u0113\u0161ana:<\/li>\n<\/ol>\n<ul>\n<li>\u0160is cilindrs ir konstru\u0113ts, lai nodro\u0161in\u0101tu prec\u012bzu sp\u0113ku ar izcilu precizit\u0101ti, nodro\u0161inot prec\u012bzu pres\u0113\u0161anas procesa kontroli.<\/li>\n<li>T\u0101 uzlabot\u0101s projekt\u0113\u0161anas un ra\u017eo\u0161anas metodes nodro\u0161ina past\u0101v\u012bgu un atk\u0101rtojamu sp\u0113ka \u0123ener\u0113\u0161anu, k\u0101 rezult\u0101t\u0101 tiek ieg\u016bti augstas kvalit\u0101tes un uzticami ra\u017eo\u0161anas rezult\u0101ti.<\/li>\n<\/ul>\n<ol start=\"3\">\n<li>Augsta jauda:<\/li>\n<\/ol>\n<ul>\n<li>Preses galvenais cilindrs sp\u0113j rad\u012bt iev\u0113rojamu sp\u0113ku, padarot to piem\u0113rotu pla\u0161am r\u016bpniecisko pielietojumu kl\u0101stam.<\/li>\n<li>T\u0101 augst\u0101 jauda nodro\u0161ina efekt\u012bvus un lietder\u012bgus materi\u0101lu deform\u0101cijas, mont\u0101\u017eas un form\u0113\u0161anas procesus, uzlabojot produktivit\u0101ti un samazinot cikla laikus.<\/li>\n<\/ul>\n<h2><strong>Preses galven\u0101 cilindra parametrs:<\/strong><\/h2>\n<table border=\"1\" cellspacing=\"0\" cellpadding=\"0\">\n<tbody>\n<tr>\n<td>Produkta nosaukums<\/td>\n<td>Hidraulisk\u0101 preses galvenais cilindrs<\/td>\n<\/tr>\n<tr>\n<td>Funkcijas:<\/td>\n<td>Nodro\u0161in\u0101t galveno preses virz\u012bbu<\/td>\n<\/tr>\n<tr>\n<td>Virzulis:<\/td>\n<td>500 mm\uff5e1800 mm<br \/>\nG\u0101jiens \u22644500 mm<\/td>\n<\/tr>\n<tr>\n<td>Vilces sp\u0113ks:<\/td>\n<td>Maksim\u0101li 80MN<br \/>\n(Virzulis 1800 mm\/spiediens 31,5 MPa)<\/td>\n<\/tr>\n<tr>\n<td>Hidraulisk\u0101 galven\u0101 cilindra pielietojumi:<\/td>\n<td>Prese<\/td>\n<\/tr>\n<\/tbody>\n<\/table>\n<h2><strong>Preses cilindru r\u016bpn\u012bca:<\/strong><\/h2>\n<p><img loading=\"lazy\" decoding=\"async\" class=\"alignnone wp-image-1619 size-full\" src=\"https:\/\/hydraulic-cylinders.net\/wp-content\/uploads\/2023\/10\/press-cylinder.webp\" alt=\"\" width=\"1418\" height=\"946\" srcset=\"https:\/\/hydraulic-cylinders.net\/wp-content\/uploads\/2023\/10\/press-cylinder.webp 1418w, https:\/\/hydraulic-cylinders.net\/wp-content\/uploads\/2023\/10\/press-cylinder-1280x854.webp 1280w, https:\/\/hydraulic-cylinders.net\/wp-content\/uploads\/2023\/10\/press-cylinder-980x654.webp 980w, https:\/\/hydraulic-cylinders.net\/wp-content\/uploads\/2023\/10\/press-cylinder-480x320.webp 480w\" sizes=\"(min-width: 0px) and (max-width: 480px) 480px, (min-width: 481px) and (max-width: 980px) 980px, (min-width: 981px) and (max-width: 1280px) 1280px, (min-width: 1281px) 1418px, 100vw\" \/><\/p>\n<h2><strong>Preses galven\u0101 cilindra lieto\u0161anas metode<\/strong><strong>:<\/strong><\/h2>\n<ol>\n<li><strong>Instal\u0113\u0161ana un integr\u0101cija:<\/strong><\/li>\n<\/ol>\n<ul>\n<li>Dro\u0161i piestipriniet preses galveno cilindru pie hidraulisk\u0101s preses r\u0101mja, nodro\u0161inot pareizu izl\u012bdzin\u0101\u0161anu un savienojumu ar hidraulisko sist\u0113mu.<\/li>\n<li>Lai nodro\u0161in\u0101tu optim\u0101lu veiktsp\u0113ju un dro\u0161\u012bbu, iev\u0113rojiet ra\u017eot\u0101ja nor\u0101d\u012bjumus un ieteikumus uzst\u0101d\u012b\u0161anai.<\/li>\n<\/ul>\n<ol start=\"2\">\n<li><strong>Hidrauliskie savienojumi:<\/strong><\/li>\n<\/ol>\n<ul>\n<li>Pievienojiet preses galveno cilindru hidrauliskajam sp\u0113ka agreg\u0101tam, izmantojot atbilsto\u0161as \u200b\u200bhidraulisk\u0101s \u0161\u013c\u016btenes un savienojumus.<\/li>\n<li>P\u0101rliecinieties, vai hidrauliskie savienojumi ir cie\u0161i un bez nopl\u016bd\u0113m, lai nodro\u0161in\u0101tu efekt\u012bvu \u0161\u0137idruma p\u0101rnesi un uzticamu darb\u012bbu.<\/li>\n<\/ul>\n<ol start=\"3\">\n<li><strong>Spiediena regul\u0113\u0161ana:<\/strong><\/li>\n<\/ol>\n<ul>\n<li>Piel\u0101gojiet preses galvenajam cilindram pieg\u0101d\u0101to hidraulisko spiedienu atbilsto\u0161i konkr\u0113taj\u0101m lieto\u0161anas pras\u012bb\u0101m.<\/li>\n<li>Consult the hydraulic press manual or manufacturer&#8217;s instructions to determine the recommended pressure range for optimal performance.<\/li>\n<\/ul>\n<ol start=\"4\">\n<li><strong>Vad\u012bba un darb\u012bba:<\/strong><\/li>\n<\/ol>\n<ul>\n<li>Preses galveno cilindru parasti darbina, izmantojot vad\u012bbas paneli vai saskarni, kas \u013cauj prec\u012bzi kontrol\u0113t sp\u0113ka \u0123ener\u0113\u0161anu un pres\u0113\u0161anas ciklu.<\/li>\n<li>Iepaz\u012bstieties ar vad\u012bbas funkcij\u0101m un elementiem, piem\u0113ram, sp\u0113ka regul\u0113\u0161anu, g\u0101jiena garumu un \u0101truma kontroli, lai sasniegtu v\u0113lamos rezult\u0101tus.<\/li>\n<\/ul>\n<h2><strong>K\u0101 darbojas hidraulisk\u0101s sist\u0113mas?<\/strong><\/h2>\n<p>Hidraulisk\u0101s sist\u0113mas darbojas, pamatojoties uz sp\u0113ka p\u0101rraides principu, izmantojot nesaspie\u017eamus \u0161\u0137idrumus, parasti hidraulisko e\u013c\u013cu. \u0160\u012bs sist\u0113mas parasti tiek izmantotas da\u017e\u0101dos pielietojumos, s\u0101kot no smag\u0101s tehnikas un celtniec\u012bbas apr\u012bkojuma l\u012bdz transportl\u012bdzek\u013cu brem\u017eu sist\u0113m\u0101m un lidma\u0161\u012bnu vad\u012bbas ier\u012bc\u0113m. \u0160eit ir vienk\u0101r\u0161ots hidraulisko sist\u0113mu darb\u012bbas skaidrojums:<\/p>\n<ol>\n<li><strong>Pamata sast\u0101vda\u013cas:<\/strong>\n<ul>\n<li>Hidrauliskais \u0161\u0137idrums: Parasti hidraulisko e\u013c\u013cu izmanto, jo t\u0101 sp\u0113j pretoties saspie\u0161anai un vienm\u0113r\u012bgai pl\u016bsmai.<\/li>\n<li>S\u016bknis: S\u016bknis ir atbild\u012bgs par hidraulisk\u0101 \u0161\u0137idruma pl\u016bsmas \u0123ener\u0113\u0161anu, p\u0101rveidojot meh\u0101nisko ener\u0123iju, piem\u0113ram, elektromotoru vai dzin\u0113ju, hidrauliskaj\u0101 ener\u0123ij\u0101.<\/li>\n<li>Rezervu\u0101rs: Rezervu\u0101rs uzglab\u0101 hidraulisko \u0161\u0137idrumu un pal\u012bdz izklied\u0113t darb\u012bbas laik\u0101 rad\u012bto siltumu.<\/li>\n<li>V\u0101rsti: V\u0101rsti kontrol\u0113 hidraulisk\u0101 \u0161\u0137idruma pl\u016bsmu un virzienu sist\u0113m\u0101.<\/li>\n<li>Izpildmeh\u0101nismi: Izpildmeh\u0101nismi, piem\u0113ram, hidrauliskie cilindri vai motori, p\u0101rveido hidraulisko spiedienu meh\u0101nisk\u0101 sp\u0113k\u0101 vai kust\u012bb\u0101.<\/li>\n<\/ul>\n<\/li>\n<li><strong>Pascal&#8217;s Law:<\/strong><br \/>\nHydraulic systems operate based on Pascal&#8217;s law, which states that pressure is transmitted equally in all directions when pressure is applied to a fluid in a confined space.<\/li>\n<li><strong>\u0160\u0137idruma pl\u016bsma:<\/strong>\n<ul>\n<li>Hidrauliskais s\u016bknis ies\u016bc hidraulisko \u0161\u0137idrumu no rezervu\u0101ra un rada spiedienu, iespie\u017eot \u0161\u0137idrumu sist\u0113m\u0101.<\/li>\n<li>Spiediena \u0161\u0137idrums pl\u016bst caur hidrauliskaj\u0101m l\u012bnij\u0101m vai caurul\u0113m, kas ir savienotas ar da\u017e\u0101d\u0101m sist\u0113mas sast\u0101vda\u013c\u0101m.<\/li>\n<\/ul>\n<\/li>\n<li><strong>\u0160\u0137idruma pl\u016bsmas kontrole:<\/strong>\n<ul>\n<li>V\u0101rstiem ir iz\u0161\u0137iro\u0161a noz\u012bme hidraulisk\u0101 \u0161\u0137idruma pl\u016bsmas un virziena kontrol\u0113\u0161an\u0101.<\/li>\n<li>Virziena vad\u012bbas v\u0101rsti nosaka \u0161\u0137idruma pl\u016bsmas ce\u013cu, \u013caujot to novirz\u012bt uz konkr\u0113tiem izpildmeh\u0101nismiem vai komponentiem.<\/li>\n<li>Spiediena regul\u0113\u0161anas v\u0101rsti regul\u0113 spiedienu sist\u0113m\u0101, uzturot to v\u0113lamaj\u0101 l\u012bmen\u012b.<\/li>\n<\/ul>\n<\/li>\n<li><strong>Piedzi\u0146as darb\u012bba:<\/strong>\n<ul>\n<li>Hidrauliskie izpildmeh\u0101nismi, piem\u0113ram, cilindri vai motori, no sist\u0113mas sa\u0146em spiediena hidraulisko \u0161\u0137idrumu.<\/li>\n<li>Hidrauliskaj\u0101 cilindr\u0101 spiediena \u0161\u0137idrums non\u0101k cilindra vien\u0101 pus\u0113, nospie\u017eot virzuli un radot line\u0101ru sp\u0113ku vai kust\u012bbu.<\/li>\n<li>In a hydraulic motor, the fluid flow causes the motor&#8217;s rotor to rotate, producing rotational force or motion.<\/li>\n<\/ul>\n<\/li>\n<li><strong>Sp\u0113ka un kust\u012bbas \u0123ener\u0113\u0161ana:<\/strong>\n<ul>\n<li>The hydraulic fluid&#8217;s pressure, generated by the pump, creates force within the actuators.<\/li>\n<li>\u0160is sp\u0113ks p\u0113c tam tiek izmantots darba veik\u0161anai, piem\u0113ram, smagu kravu cel\u0161anai, meh\u0101nismu p\u0101rvieto\u0161anai vai da\u017e\u0101du meh\u0101nismu darbin\u0101\u0161anai.<\/li>\n<\/ul>\n<\/li>\n<li><strong>Kontrole un dro\u0161\u012bba:<\/strong>\n<ul>\n<li>Hidraulisk\u0101s sist\u0113mas bie\u017ei ietver vad\u012bbas sist\u0113mas, tostarp sensorus, atgriezenisk\u0101s saites meh\u0101nismus un elektronisk\u0101s vad\u012bbas ier\u012bces, lai regul\u0113tu un optimiz\u0113tu sist\u0113mas darb\u012bbu.<\/li>\n<li>Lai nov\u0113rstu p\u0101rspiedienu un aizsarg\u0101tu sist\u0113mu no boj\u0101jumiem, ir uzst\u0101d\u012btas dro\u0161\u012bbas funkcijas, piem\u0113ram, spiediena samazin\u0101\u0161anas v\u0101rsti vai spiediena ierobe\u017eo\u0161anas v\u0101rsti.<\/li>\n<\/ul>\n<\/li>\n<\/ol>\n<h2><strong>R\u016bpn\u012bcas iesp\u0113jas un jauda:<\/strong><\/h2>\n<h3>(1) Mont\u0101\u017ea<\/h3>\n<p>Mums ir pirmklas\u012bga neatkar\u012bga p\u0113tniec\u012bbas un att\u012bst\u012bbas mont\u0101\u017eas platforma. Hidraulisko cilindru ra\u017eo\u0161anas darbn\u012bc\u0101 ir \u010detras pusautom\u0101tiskas pacel\u0161anas cilindru mont\u0101\u017eas l\u012bnijas un viena autom\u0101tisk\u0101 sl\u012bpuma cilindru mont\u0101\u017eas l\u012bnija ar projekt\u0113to gada ra\u017eo\u0161anas jaudu 1 miljons vien\u012bbu. Speci\u0101lo cilindru darbn\u012bca ir apr\u012bkota ar da\u017e\u0101du specifik\u0101ciju pusautom\u0101tisku t\u012br\u012b\u0161anas mont\u0101\u017eas sist\u0113mu ar projekt\u0113to gada ra\u017eo\u0161anas jaudu 200 000 vien\u012bbu un apr\u012bkota ar slaven\u0101m CNC apstr\u0101des iek\u0101rt\u0101m, apstr\u0101des centru, augstas precizit\u0101tes cilindru apstr\u0101des speci\u0101lo apr\u012bkojumu, robotiz\u0113tu metin\u0101\u0161anas iek\u0101rtu, autom\u0101tisku t\u012br\u012b\u0161anas iek\u0101rtu, autom\u0101tisku cilindru mont\u0101\u017eas iek\u0101rtu un autom\u0101tisku kr\u0101so\u0161anas ra\u017eo\u0161anas l\u012bniju. Eso\u0161ais kritiskais apr\u012bkojums ir vair\u0101k nek\u0101 300 komplektu (komplektu). Optim\u0101la iek\u0101rtu resursu sadale un efekt\u012bva izmanto\u0161ana nodro\u0161ina produktu precizit\u0101tes pras\u012bbas un apmierina produktu augst\u0101s kvalit\u0101tes pras\u012bbas.<\/p>\n<p><img loading=\"lazy\" decoding=\"async\" class=\"alignnone wp-image-626\" src=\"https:\/\/hydraulic-cylinders.net\/wp-content\/uploads\/2023\/08\/hydraulic-cylinder-product-1-300x158.webp\" alt=\"\" width=\"495\" height=\"260\" srcset=\"https:\/\/hydraulic-cylinders.net\/wp-content\/uploads\/2023\/08\/hydraulic-cylinder-product-1-300x158.webp 495w, https:\/\/hydraulic-cylinders.net\/wp-content\/uploads\/2023\/08\/hydraulic-cylinder-product-1-480x252.webp 480w\" sizes=\"(min-width: 0px) and (max-width: 480px) 480px, (min-width: 481px) 495px, 100vw\" \/> <img loading=\"lazy\" decoding=\"async\" class=\"alignnone wp-image-627\" src=\"https:\/\/hydraulic-cylinders.net\/wp-content\/uploads\/2023\/08\/hydraulic-cylinder-product-2-300x189.webp\" alt=\"\" width=\"413\" height=\"260\" \/><\/p>\n<h3>(2) Apstr\u0101de<\/h3>\n<p>Apstr\u0101des cehs ir apr\u012bkots ar piel\u0101gotu sl\u012bpo slie\u017eu virpo\u0161anas centru, apstr\u0101des centru, \u0101trgaitas asin\u0101\u0161anas ma\u0161\u012bnu, metin\u0101\u0161anas robotu un citu saist\u012btu apr\u012bkojumu, kas var apstr\u0101d\u0101t cilindriskas caurules ar maksim\u0101lo iek\u0161\u0113jo diametru 400 mm un maksim\u0101lo garumu 6 metri.<\/p>\n<p><img loading=\"lazy\" decoding=\"async\" class=\"alignnone wp-image-628 size-large\" src=\"https:\/\/hydraulic-cylinders.net\/wp-content\/uploads\/2023\/08\/hydraulic-cylinder-product-3-1024x391.webp\" alt=\"\" width=\"1024\" height=\"391\" srcset=\"https:\/\/hydraulic-cylinders.net\/wp-content\/uploads\/2023\/08\/hydraulic-cylinder-product-3-980x374.webp 980w, https:\/\/hydraulic-cylinders.net\/wp-content\/uploads\/2023\/08\/hydraulic-cylinder-product-3-480x183.webp 480w\" sizes=\"(min-width: 0px) and (max-width: 480px) 480px, (min-width: 481px) and (max-width: 980px) 980px, (min-width: 981px) 1024px, 100vw\" \/><\/p>\n<h3>(3) Metin\u0101\u0161ana<\/h3>\n<p><img loading=\"lazy\" decoding=\"async\" class=\"alignnone wp-image-629 size-large\" src=\"https:\/\/hydraulic-cylinders.net\/wp-content\/uploads\/2023\/08\/hydraulic-cylinder-product-4-1024x510.webp\" alt=\"\" width=\"1024\" height=\"510\" srcset=\"https:\/\/hydraulic-cylinders.net\/wp-content\/uploads\/2023\/08\/hydraulic-cylinder-product-4-980x488.webp 980w, https:\/\/hydraulic-cylinders.net\/wp-content\/uploads\/2023\/08\/hydraulic-cylinder-product-4-480x239.webp 480w\" sizes=\"(min-width: 0px) and (max-width: 480px) 480px, (min-width: 481px) and (max-width: 980px) 980px, (min-width: 981px) 1024px, 100vw\" \/><\/p>\n<h3>(4) Kr\u0101so\u0161ana un p\u0101rkl\u0101\u0161ana<\/h3>\n<p>Ar maz\u0101m un vid\u0113ja izm\u0113ra cilindrisk\u0101m autom\u0101tisk\u0101m \u016bdens b\u0101zes kr\u0101su p\u0101rkl\u0101\u0161anas l\u012bnij\u0101m, lai pan\u0101ktu autom\u0101tisku robotu iekrau\u0161anu un izkrau\u0161anu un autom\u0101tisku izsmidzin\u0101\u0161anu, projekt\u0113t\u0101 jauda ir 4000 gabali mai\u0146\u0101;<br \/>\nMums ir ar\u012b pusautom\u0101tiska kr\u0101su ra\u017eo\u0161anas l\u012bnija lieliem baloniem, ko darbina \u0137\u0113des piedzi\u0146a, ar 60 kastu konstrukcijas jaudu vien\u0101 mai\u0146\u0101.<\/p>\n<p><img loading=\"lazy\" decoding=\"async\" class=\"alignnone wp-image-630\" src=\"https:\/\/hydraulic-cylinders.net\/wp-content\/uploads\/2023\/08\/hydraulic-cylinder-product-5-300x213.webp\" alt=\"\" width=\"366\" height=\"260\" \/> <img loading=\"lazy\" decoding=\"async\" class=\"alignnone wp-image-631\" src=\"https:\/\/hydraulic-cylinders.net\/wp-content\/uploads\/2023\/08\/hydraulic-cylinder-product-6-300x225.webp\" alt=\"\" width=\"347\" height=\"260\" \/><\/p>\n<h3>(5) Test\u0113\u0161ana<\/h3>\n<p>Mums ir augst\u0101k\u0101s klases p\u0101rbaudes iek\u0101rtas un test\u0113\u0161anas stendi, lai nodro\u0161in\u0101tu, ka balona veiktsp\u0113ja atbilst pras\u012bb\u0101m.<\/p>\n<p><img loading=\"lazy\" decoding=\"async\" class=\"alignnone wp-image-632\" src=\"https:\/\/hydraulic-cylinders.net\/wp-content\/uploads\/2023\/08\/hydraulic-cylinder-product-8-300x200.webp\" alt=\"\" width=\"389\" height=\"260\" \/><\/p>\n<p>&nbsp;<\/p>\n<p>&nbsp;<\/p>\n<p>M\u0113s esam viens no lab\u0101kajiem hidraulisko cilindru ra\u017eot\u0101jiem. M\u0113s varam pied\u0101v\u0101t visaptvero\u0161us hidrauliskos cilindrus. M\u0113s nodro\u0161in\u0101m ar\u012b atbilsto\u0161us <a href=\"https:\/\/hzpt.com\/agricultural-pto-gearbox\/\" target=\"_blank\" rel=\"noopener\">lauksaimniec\u012bbas p\u0101rnesumk\u0101rbas<\/a>. M\u0113s esam eksport\u0113ju\u0161i savus produktus klientiem vis\u0101 pasaul\u0113 un esam ieguvu\u0161i labu reput\u0101ciju, pateicoties m\u016bsu izcilajai produktu kvalit\u0101tei un p\u0113cp\u0101rdo\u0161anas servisam. M\u0113s aicin\u0101m klientus no valsts un \u0101rvalst\u012bm sazin\u0101ties ar mums, lai risin\u0101tu biznesa sarunas, apmain\u012btos ar inform\u0101ciju un... <a href=\"https:\/\/www.hydraulic-cylinders.net\/lv\/contact-us\/\">sadarboties ar mums<\/a>!<\/p>","protected":false},"excerpt":{"rendered":"<p>Press Master Cylinder The press master cylinder is an essential component in hydraulic presses, designed to deliver precise and powerful force for a wide range of industrial applications. The press master cylinder is a powerhouse component that empowers hydraulic presses with precision and power. With its robust construction, precision force generation, and high power output, [&hellip;]<\/p>","protected":false},"featured_media":1618,"comment_status":"open","ping_status":"closed","template":"","meta":{"_et_pb_use_builder":"","_et_pb_old_content":"","_et_gb_content_width":""},"product_brand":[],"product_cat":[1522,1549,1376],"product_tag":[1380],"class_list":{"0":"post-1616","1":"product","2":"type-product","3":"status-publish","4":"has-post-thumbnail","6":"product_cat-press-hydraulic-cylinders","7":"product_cat-single-acting-hydraulic-cylinder","8":"product_cat-hydraulic-cylinder","9":"product_tag-hydraulic-cylinder","11":"first","12":"instock","13":"shipping-taxable","14":"product-type-simple"},"amp_enabled":true,"_links":{"self":[{"href":"https:\/\/www.hydraulic-cylinders.net\/lv\/wp-json\/wp\/v2\/product\/1616","targetHints":{"allow":["GET"]}}],"collection":[{"href":"https:\/\/www.hydraulic-cylinders.net\/lv\/wp-json\/wp\/v2\/product"}],"about":[{"href":"https:\/\/www.hydraulic-cylinders.net\/lv\/wp-json\/wp\/v2\/types\/product"}],"replies":[{"embeddable":true,"href":"https:\/\/www.hydraulic-cylinders.net\/lv\/wp-json\/wp\/v2\/comments?post=1616"}],"wp:featuredmedia":[{"embeddable":true,"href":"https:\/\/www.hydraulic-cylinders.net\/lv\/wp-json\/wp\/v2\/media\/1618"}],"wp:attachment":[{"href":"https:\/\/www.hydraulic-cylinders.net\/lv\/wp-json\/wp\/v2\/media?parent=1616"}],"wp:term":[{"taxonomy":"product_brand","embeddable":true,"href":"https:\/\/www.hydraulic-cylinders.net\/lv\/wp-json\/wp\/v2\/product_brand?post=1616"},{"taxonomy":"product_cat","embeddable":true,"href":"https:\/\/www.hydraulic-cylinders.net\/lv\/wp-json\/wp\/v2\/product_cat?post=1616"},{"taxonomy":"product_tag","embeddable":true,"href":"https:\/\/www.hydraulic-cylinders.net\/lv\/wp-json\/wp\/v2\/product_tag?post=1616"}],"curies":[{"name":"wp","href":"https:\/\/api.w.org\/{rel}","templated":true}]}}