{"id":16165,"date":"2025-01-20T08:35:01","date_gmt":"2025-01-20T08:35:01","guid":{"rendered":"https:\/\/www.hydraulic-cylinders.net\/product\/arm-cylinderfor-caterpillar-middle-excavator-e325d\/"},"modified":"2025-01-20T08:35:03","modified_gmt":"2025-01-20T08:35:03","slug":"arm-cylinderfor-caterpillar-middle-excavator-e325d","status":"publish","type":"product","link":"https:\/\/www.hydraulic-cylinders.net\/lv\/products\/arm-cylinderfor-caterpillar-middle-excavator-e325d\/","title":{"rendered":"Sviras cilindrs Caterpillar vid\u0113ja izm\u0113ra ekskavatoram E325D"},"content":{"rendered":"<h1>Sviras cilindrs Caterpillar vid\u0113jam ekskavatoram E325D<\/h1>\n<h2>Ievads<\/h2>\n<p>Sviras cilindrs ir specializ\u0113ts hidrauliskais cilindrs, kas paredz\u0113ts, lai nodro\u0161in\u0101tu line\u0101ru kust\u012bbu un jaudu da\u017e\u0101du ma\u0161\u012bnu, piem\u0113ram, ekskavatoru, celt\u0146u un meh\u0101nisko sviru, svirai. Tam ir iz\u0161\u0137iro\u0161a noz\u012bme hidrauliskaj\u0101s sist\u0113m\u0101s, nodro\u0161inot efekt\u012bvu pielikumu vai piederumu kust\u012bbu un vad\u012bbu. \u0160ie cilindri ne tikai nodro\u0161ina vienm\u0113r\u012bgu kust\u012bbu, bet ar\u012b var iztur\u0113t lielas slodzes, nodro\u0161inot ma\u0161\u012bnu efekt\u012bvu darb\u012bbu un uzticam\u012bbu da\u017e\u0101dos darba apst\u0101k\u013cos.<\/p>\n<p><img decoding=\"async\" src=\"https:\/\/www.hydraulic-cylinders.net\/wp-content\/uploads\/2025\/01\/songte-company-2.webp\" alt=\"Hidraulisk\u0101 cilindra att\u0113ls\"><\/p>\n<h2>Funkcijas<\/h2>\n<ul>\n<li>Efekt\u012bva jaudas p\u0101rvade: Sviras cilindrs nodro\u0161ina jaud\u012bgu line\u0101ru kust\u012bbu un sp\u0113ku, garant\u0113jot meh\u0101nisk\u0101s sviras augstu efektivit\u0101ti da\u017e\u0101du darb\u012bbu laik\u0101.<\/li>\n<li>Prec\u012bza vad\u012bba: Izmantojot hidraulisko sist\u0113mu, rokas cilindrs var pan\u0101kt prec\u012bzu kust\u012bbas vad\u012bbu, padarot pielikumu darb\u012bbu elast\u012bg\u0101ku un prec\u012bz\u0101ku.<\/li>\n<li>Augsta iztur\u012bba: Sviru cilindri parasti ir izgatavoti no augstas iztur\u012bbas materi\u0101liem, ar labu nodilumiztur\u012bbu un korozijas iztur\u012bbu, kas ir piem\u0113roti ilgsto\u0161ai lieto\u0161anai skarbos apst\u0101k\u013cos.<\/li>\n<li>Daudzfunkcion\u0101la piel\u0101go\u0161an\u0101s sp\u0113ja: \u0161os cilindrus var pla\u0161i izmantot da\u017e\u0101d\u0101s meh\u0101nisk\u0101s iek\u0101rt\u0101s, piem\u0113ram, ekskavatoros, celt\u0146os un meh\u0101niskaj\u0101s svir\u0101s, piel\u0101gojoties da\u017e\u0101d\u0101m darba pras\u012bb\u0101m.<\/li>\n<li>Vienk\u0101r\u0161a apkope: Izstr\u0101d\u0101ts t\u0101, lai to b\u016btu viegli uztur\u0113t un nomain\u012bt, padarot regul\u0101ru p\u0101rbaudi un apkopi \u0113rt\u0101ku, samazinot iek\u0101rtu d\u012bkst\u0101ves laiku.<\/li>\n<\/ul>\n<p>M\u0113s varam ra\u017eot \u0161o produktu, un m\u016bsu produkts var lieliski aizst\u0101t \u0161os hidrauliskos cilindrus.<\/p>\n<p><img decoding=\"async\" src=\"https:\/\/www.hydraulic-cylinders.net\/wp-content\/uploads\/2025\/01\/songte-oil-pipes-and-spare-parts.webp\" alt=\"Hidraulisk\u0101 cilindra deta\u013cu att\u0113ls\"><\/p>\n<h2>Pieteikumi<\/h2>\n<p>Sviru cilindriem ir pla\u0161s pielietojumu kl\u0101sts, tostarp:<\/p>\n<ul>\n<li>\n<h3>B\u016bvniec\u012bbas in\u017eenierija:<\/h3>\n<p> Ekskavatoros un celt\u0146os str\u0113les cilindri tiek izmantoti, lai kontrol\u0113tu kausa vai str\u0113les kust\u012bbu zemes p\u0101rvieto\u0161anas, materi\u0101lu apstr\u0101des un konstrukciju uzst\u0101d\u012b\u0161anas darbu veik\u0161anai.<\/li>\n<li>\n<h3>Ra\u017eo\u0161ana:<\/h3>\n<p> Automatiz\u0113t\u0101s ra\u017eo\u0161anas l\u012bnij\u0101s roku cilindri tiek izmantoti meh\u0101nisko roku p\u0101rvieto\u0161anai, lai veiktu mont\u0101\u017eas, metin\u0101\u0161anas un apstr\u0101des procesus, uzlabojot ra\u017eo\u0161anas efektivit\u0101ti un precizit\u0101ti.<\/li>\n<li>\n<h3>Lauksaimniec\u012bbas tehnika:<\/h3>\n<p> Lauksaimniec\u012bbas ma\u0161\u012bn\u0101s, piem\u0113ram, kombainos un s\u0113jma\u0161\u012bn\u0101s, sviru cilindri kontrol\u0113 vad\u012bbas sviru kust\u012bbu, lai veiktu t\u0101dus uzdevumus k\u0101 s\u0113\u0161ana, m\u0113slo\u0161ana un ra\u017eas nov\u0101k\u0161ana.<\/li>\n<li>\n<h3>Kalnr\u016bpniec\u012bba:<\/h3>\n<p> Kalnr\u016bpniec\u012bbas iek\u0101rt\u0101s sviras cilindri tiek izmantoti, lai kontrol\u0113tu kalnr\u016bpniec\u012bbas iek\u0101rtas sviras kust\u012bbu r\u016bdu ieguvei un transport\u0113\u0161anai.<\/li>\n<li>\n<h3>Lo\u0123istika un transports:<\/h3>\n<p> Iekr\u0101v\u0113jos un apstr\u0101des robotos roku cilindri tiek izmantoti, lai kontrol\u0113tu dak\u0161u pacel\u0161anu un kust\u012bbu, realiz\u0113jot materi\u0101lu apstr\u0101di un sakrau\u0161anu.<\/li>\n<\/ul>\n<h2>Dizaina apsv\u0113rumi un atlases krit\u0113riji<\/h2>\n<p>Projekt\u0113jot un izv\u0113loties cilindra sviras, j\u0101\u0146em v\u0113r\u0101 \u0161\u0101di faktori:<\/p>\n<ul>\n<li>\n<h3>Nestsp\u0113ja:<\/h3>\n<p> Sviras cilindram j\u0101sp\u0113j iztur\u0113t nepiecie\u0161amo slodzi, nodro\u0161inot dro\u0161u un uzticamu darb\u012bbu.<\/li>\n<li>\n<h3>Bl\u012bv\u0113jums:<\/h3>\n<p> Lai nov\u0113rstu \u0161\u0137idruma nopl\u016bdi un nodro\u0161in\u0101tu efekt\u012bvu darb\u012bbu, j\u0101izmanto da\u017e\u0101di bl\u012bv\u0113\u0161anas komponenti, piem\u0113ram, virzu\u013ca bl\u012bvsl\u0113gi \u200b\u200bun stie\u0146u bl\u012bvsl\u0113gi.<\/li>\n<li>\n<h3>Iztur\u012bba:<\/h3>\n<p> Sviru cilindriem j\u0101b\u016bt izgatavotiem no augstas stipr\u012bbas un nodilumiztur\u012bgiem materi\u0101liem, lai tie iztur\u0113tu skarbus darba apst\u0101k\u013cus.<\/li>\n<li>\n<h3>Dro\u0161\u012bba:<\/h3>\n<p> Balonam j\u0101b\u016bt konstru\u0113tam t\u0101, lai nov\u0113rstu negad\u012bjumus, piem\u0113ram, saspie\u0161anu un saspie\u0161anu, izmantojot dro\u0161\u012bbas ier\u012bces, piem\u0113ram, spilvenus un apkakles.<\/li>\n<li>\n<h3>Apkope:<\/h3>\n<p> Balonam j\u0101b\u016bt konstru\u0113tam t\u0101, lai to b\u016btu viegli apkopt un nomain\u012bt deta\u013cas, t\u0101d\u0113j\u0101di samazinot iek\u0101rtu d\u012bkst\u0101ves laiku.<\/li>\n<\/ul>\n<p><img decoding=\"async\" src=\"https:\/\/www.hydraulic-cylinders.net\/wp-content\/uploads\/2025\/01\/songte-cylinder-head-with-all-kinds-excavator-models.webp\" alt=\"Hidraulisk\u0101 cilindra galvas att\u0113ls\"><\/p>\n<h2>Bl\u012bv\u0113\u0161ana un e\u013c\u013co\u0161ana<\/h2>\n<p>Lai nov\u0113rstu \u0161\u0137idruma nopl\u016bdi un nodro\u0161in\u0101tu efekt\u012bvu darb\u012bbu, j\u0101izmanto da\u017e\u0101di bl\u012bv\u0113\u0161anas komponenti, piem\u0113ram, virzu\u013ca bl\u012bvsl\u0113gi \u200b\u200bun stie\u0146a bl\u012bvsl\u0113gi. Bl\u012bv\u0113\u0161anas komponenti j\u0101izv\u0113las, \u0146emot v\u0113r\u0101 to nodilumiztur\u012bbu, \u0137\u012bmisko sader\u012bbu un ekspluat\u0101cijas apst\u0101k\u013cus. Cilindra korpuss un v\u012btnes gala virsma ir r\u016bp\u012bgi j\u0101apstr\u0101d\u0101, lai uzlabotu nodilumiztur\u012bbu. Lai nodro\u0161in\u0101tu pareizu darb\u012bbu, ir nepiecie\u0161ama ar\u012b regul\u0101ra e\u013c\u013co\u0161ana ar atbilsto\u0161u hidraulisk\u0101s e\u013c\u013cas daudzumu.<\/p>\n<p><img decoding=\"async\" src=\"https:\/\/www.hydraulic-cylinders.net\/wp-content\/uploads\/2025\/01\/songte-chushion-collar.webp\" alt=\"Hidraulisk\u0101 cilindra spilvena apkakles att\u0113ls\"><\/p>\n<h2>Apkope un probl\u0113mu nov\u0113r\u0161ana<\/h2>\n<p>Lai nodro\u0161in\u0101tu efekt\u012bvu un uzticamu darb\u012bbu, sviru cilindri regul\u0101ri j\u0101p\u0101rbauda un j\u0101apkopj. Var veikt \u0161\u0101dus prevent\u012bvus pas\u0101kumus:<\/p>\n<ul>\n<li>Regul\u0101ri p\u0101rbaudiet bl\u012bv\u0113juma komponentus, vai tie nav boj\u0101ti vai nodilu\u0161i, un nepiecie\u0161am\u012bbas gad\u012bjum\u0101 nomainiet tos.<\/li>\n<li>Regul\u0101ri p\u0101rbaudiet cilindra korpusu un virzu\u013ca stieni, vai tie nav boj\u0101ti vai nodilu\u0161i, un nepiecie\u0161am\u012bbas gad\u012bjum\u0101 nomainiet tos.<\/li>\n<li>Regul\u0101ri iee\u013c\u013cojiet cilindru ar atbilsto\u0161u hidraulisk\u0101s e\u013c\u013cas daudzumu.<\/li>\n<li>Pirms darba sezonas s\u0101kuma j\u0101veic profilaktisk\u0101 apkope, lai nodro\u0161in\u0101tu iek\u0101rtu nevainojamu darb\u012bbu.<\/li>\n<\/ul>\n<p>Nov\u0113r\u0161ot bie\u017ei sastopamas probl\u0113mas, piem\u0113ram, l\u0113nu kust\u012bbu vai \u0161\u0137idruma nopl\u016bdi, ir svar\u012bgi prec\u012bzi diagnostic\u0113t probl\u0113mu un veikt atbilsto\u0161us pas\u0101kumus. Iesp\u0113jamie risin\u0101jumi ietver boj\u0101tu vai nolietotu deta\u013cu nomai\u0146u, hidraulisk\u0101s sist\u0113mas spiediena regul\u0113\u0161anu un cilindra korpusa un virzu\u013ca stie\u0146a t\u012br\u012b\u0161anu. Lai samazin\u0101tu iesp\u0113jam\u0101s probl\u0113mas, ieteicams veikt regul\u0101ru apkopi un p\u0101rbaudes.<\/p>\n<h2>Instal\u0101cijas rokasgr\u0101mata<\/h2>\n<p>Sviras cilindra uzst\u0101d\u012b\u0161anas procesam j\u0101veic \u0161\u0101das darb\u012bbas:<\/p>\n<ul>\n<li>Sagatavojiet uzst\u0101d\u012b\u0161anas instrumentus un materi\u0101lus, tostarp hidraulisko e\u013c\u013cu, bl\u012bv\u0113\u0161anas komponentus un stiprin\u0101jumus.<\/li>\n<li>No\u0146emiet veco cilindru un not\u012briet uzst\u0101d\u012b\u0161anas vietu.<\/li>\n<li>Uzst\u0101diet jauno cilindru un pievelciet stiprin\u0101jumus.<\/li>\n<li>Pievienojiet hidraulisk\u0101s e\u013c\u013cas cauruli un citus piederumus.<\/li>\n<li>P\u0101rbaudiet cilindra darb\u012bbu, lai nodro\u0161in\u0101tu pareizu uzst\u0101d\u012b\u0161anu un darb\u012bbu.<\/li>\n<\/ul>\n<p><img decoding=\"async\" src=\"https:\/\/www.hydraulic-cylinders.net\/wp-content\/uploads\/2025\/01\/songte-bushings-with-all-kinds-of-excavator-models.webp\" alt=\"Hidraulisko cilindru bukses att\u0113ls\"><\/p>\n<h2>Par mums<\/h2>\n<p>M\u0113s esam profesion\u0101ls rezerves hidraulisko cilindru ra\u017eot\u0101js ar pla\u0161u produktu kl\u0101stu. Esam k\u013cuvu\u0161i par vienu no vado\u0161ajiem hidraulisko cilindru ra\u017eot\u0101jiem un vairumtirdzniec\u012bbas izplat\u012bt\u0101jiem viet\u0113j\u0101 un starptautiskaj\u0101 tirg\u016b. M\u0113s vienm\u0113r iev\u0113rojam izcilas kvalit\u0101tes principu, pa\u013caujamies uz industrializ\u0113tas ra\u017eo\u0161anas vad\u012bbas strat\u0113\u0123iju izsmalcin\u0101t\u0101 ra\u017eo\u0161anas darbn\u012bc\u0101, past\u0101v\u012bgi uzlabojam savu tehnisko l\u012bmeni un ra\u017eo\u0161anas efektivit\u0101ti. Ievie\u0161ot augstas klases digit\u0101l\u0101s ra\u017eo\u0161anas iek\u0101rtas un profesion\u0101las test\u0113\u0161anas sist\u0113mas, m\u0113s optimiz\u0113jam ra\u017eo\u0161anas platformu, uzlabojam produktu kvalit\u0101tes kontroles procesu un mums ir sp\u0113c\u012bgas inov\u0101ciju iesp\u0113jas. M\u016bsu m\u0113r\u0137is ir apmierin\u0101t klientu da\u017e\u0101d\u0101s vajadz\u012bbas ar augstu efektivit\u0101ti, precizit\u0101ti un augstas kvalit\u0101tes principiem.<\/p>\n<p>M\u016bsu uz\u0146\u0113mums nodro\u0161ina profesion\u0101lus, starptautiski sertific\u0113tus, piel\u0101gotus pakalpojumus, modernu ra\u017eo\u0161anas apr\u012bkojumu un izcilu p\u0113cp\u0101rdo\u0161anas apkalpo\u0161anu. Esam ieguvu\u0161i ISO9001:2015 un CE sertifik\u0101tus, kas nodro\u0161ina m\u016bsu produktu kvalit\u0101ti un dro\u0161\u012bbu. M\u0113s pied\u0101v\u0101jam piel\u0101gotus pakalpojumus atbilsto\u0161i klientu pras\u012bb\u0101m un varam izgatavot nestandarta cilindrus p\u0113c klientu ras\u0113jumiem. Mums ir modernas apstr\u0101des iek\u0101rtas, piem\u0113ram, CNC virpas, sl\u012bpma\u0161\u012bnas un fr\u0113zma\u0161\u012bnas, lai nodro\u0161in\u0101tu augstu produktu kvalit\u0101ti un ra\u017eo\u0161anas efektivit\u0101ti. M\u016bsu p\u0113cp\u0101rdo\u0161anas apkalpo\u0161anas komanda sniedz profesion\u0101lu tehnisko atbalstu un efekt\u012bvu p\u0113cp\u0101rdo\u0161anas apkalpo\u0161anu, lai nodro\u0161in\u0101tu klientu apmierin\u0101t\u012bbu.<\/p>\n<p><img decoding=\"async\" src=\"https:\/\/www.hydraulic-cylinders.net\/wp-content\/uploads\/2025\/01\/songte-company-4.webp\" alt=\"Hidraulisko cilindru uz\u0146\u0113muma att\u0113ls\"><br \/>\n<img decoding=\"async\" src=\"https:\/\/www.hydraulic-cylinders.net\/wp-content\/uploads\/2025\/01\/songte-company-3.webp\" alt=\"Hidraulisko cilindru uz\u0146\u0113muma att\u0113ls\"><\/p>\n<p>Autors: lil<\/p>","protected":false},"excerpt":{"rendered":"<p>Arm Cylinder For Caterpillar Middle Excavator E325D Introduction The arm cylinder is a specialized hydraulic cylinder designed to provide linear motion and power to the arm of various machines such as excavators, cranes, and mechanical arms. It plays a critical role in hydraulic systems, enabling the effective movement and control of attachments or accessories. These [&hellip;]<\/p>","protected":false},"featured_media":14779,"comment_status":"open","ping_status":"closed","template":"","meta":{"_et_pb_use_builder":"","_et_pb_old_content":"","_et_gb_content_width":""},"product_brand":[],"product_cat":[1497],"product_tag":[1498,1496],"class_list":{"0":"post-16165","1":"product","2":"type-product","3":"status-publish","4":"has-post-thumbnail","6":"product_cat-arm-cylinders","7":"product_tag-arm-cylinders","8":"product_tag-hydraulic-cylinders","10":"first","11":"instock","12":"shipping-taxable","13":"product-type-simple"},"amp_enabled":true,"_links":{"self":[{"href":"https:\/\/www.hydraulic-cylinders.net\/lv\/wp-json\/wp\/v2\/product\/16165","targetHints":{"allow":["GET"]}}],"collection":[{"href":"https:\/\/www.hydraulic-cylinders.net\/lv\/wp-json\/wp\/v2\/product"}],"about":[{"href":"https:\/\/www.hydraulic-cylinders.net\/lv\/wp-json\/wp\/v2\/types\/product"}],"replies":[{"embeddable":true,"href":"https:\/\/www.hydraulic-cylinders.net\/lv\/wp-json\/wp\/v2\/comments?post=16165"}],"wp:featuredmedia":[{"embeddable":true,"href":"https:\/\/www.hydraulic-cylinders.net\/lv\/wp-json\/wp\/v2\/media\/14779"}],"wp:attachment":[{"href":"https:\/\/www.hydraulic-cylinders.net\/lv\/wp-json\/wp\/v2\/media?parent=16165"}],"wp:term":[{"taxonomy":"product_brand","embeddable":true,"href":"https:\/\/www.hydraulic-cylinders.net\/lv\/wp-json\/wp\/v2\/product_brand?post=16165"},{"taxonomy":"product_cat","embeddable":true,"href":"https:\/\/www.hydraulic-cylinders.net\/lv\/wp-json\/wp\/v2\/product_cat?post=16165"},{"taxonomy":"product_tag","embeddable":true,"href":"https:\/\/www.hydraulic-cylinders.net\/lv\/wp-json\/wp\/v2\/product_tag?post=16165"}],"curies":[{"name":"wp","href":"https:\/\/api.w.org\/{rel}","templated":true}]}}