{"id":16174,"date":"2025-01-20T08:36:57","date_gmt":"2025-01-20T08:36:57","guid":{"rendered":"https:\/\/www.hydraulic-cylinders.net\/product\/arm-cylinderfor-caterpillar-large-excavator-e330b330c\/"},"modified":"2025-01-20T08:37:05","modified_gmt":"2025-01-20T08:37:05","slug":"arm-cylinderfor-caterpillar-large-excavator-e330b330c","status":"publish","type":"product","link":"https:\/\/www.hydraulic-cylinders.net\/lv\/products\/arm-cylinderfor-caterpillar-large-excavator-e330b330c\/","title":{"rendered":"Sviras cilindrs Caterpillar lielajam ekskavatoram E330B330C"},"content":{"rendered":"<p>Sviras cilindrs Caterpillar lielajam ekskavatoram E330B330C<\/p>\n<p>Sviras cilindrs ir speci\u0101li izstr\u0101d\u0101ts hidrauliskais cilindrs, ko galvenok\u0101rt izmanto, lai nodro\u0161in\u0101tu line\u0101ru kust\u012bbu un jaudu da\u017e\u0101d\u0101m ma\u0161\u012bnu svir\u0101m, piem\u0113ram, ekskavatoriem, celt\u0146iem un robotiz\u0113t\u0101m svir\u0101m. Sviras cilindram ir iz\u0161\u0137iro\u0161a noz\u012bme hidrauliskaj\u0101 sist\u0113m\u0101, \u013caujot pielikumiem vai piederumiem p\u0101rvietoties un tos efekt\u012bvi vad\u012bt. \u0160ie cilindri ne tikai nodro\u0161ina vienm\u0113r\u012bgu kust\u012bbu, bet ar\u012b iztur lielas slodzes, nodro\u0161inot ma\u0161\u012bnu efekt\u012bvu darb\u012bbu un uzticam\u012bbu da\u017e\u0101dos ekspluat\u0101cijas apst\u0101k\u013cos.<\/p>\n<p>Defin\u012bcija un skaidrojums<\/p>\n<p>Sviru cilindri ir b\u016btiskas hidraulisk\u0101s sast\u0101vda\u013cas, kas nodro\u0161ina tie\u0161u line\u0101ru kust\u012bbu un sp\u0113ku ma\u0161\u012bnu svir\u0101m. Tie sast\u0101v no cilindra korpusa, virzu\u013ca, virzu\u013ca stie\u0146a un bl\u012bv\u0113m, kas darbojas kop\u0101, lai p\u0101rveidotu hidraulisk\u0101 \u0161\u0137idruma spiedienu meh\u0101nisk\u0101 sp\u0113k\u0101. Cilindra korpuss ir vieta, kur virzulis p\u0101rvietojas uz priek\u0161u un atpaka\u013c, un virzu\u013ca stienis savieno virzuli ar ma\u0161\u012bnu sviru. Bl\u012bves nov\u0113r\u0161 hidraulisk\u0101 \u0161\u0137idruma nopl\u016bdi no cilindra korpusa, nodro\u0161inot cilindra efektivit\u0101ti un uzticam\u012bbu.<\/p>\n<p>Funkcijas<\/p>\n<p>1. Augstas efektivit\u0101tes transmisija: Sviras cilindri var nodro\u0161in\u0101t jaud\u012bgu line\u0101ru kust\u012bbu un sp\u0113ku, t\u0101d\u0113j\u0101di garant\u0113jot augstu efektivit\u0101ti da\u017e\u0101d\u0101s darb\u012bb\u0101s.<\/p>\n<p>2. Prec\u012bza vad\u012bba: Izmantojot hidraulisko sist\u0113mu, sviras cilindri var pan\u0101kt prec\u012bzu kust\u012bbas vad\u012bbu, padarot pielikumu darb\u012bbu elast\u012bg\u0101ku un prec\u012bz\u0101ku.<\/p>\n<p>3. Iztur\u012bba: Sviru cilindri parasti ir izgatavoti no augstas stipr\u012bbas materi\u0101liem, tiem ir laba nodilumiztur\u012bba un iztur\u012bba pret koroziju, un tie ir piem\u0113roti ilgsto\u0161ai lieto\u0161anai skarbos apst\u0101k\u013cos.<\/p>\n<p>4. Daudzfunkcion\u0101la piel\u0101go\u0161an\u0101s sp\u0113ja: \u0161os cilindrus var pla\u0161i pielietot da\u017e\u0101d\u0101m ma\u0161\u012bn\u0101m, piem\u0113ram, ekskavatoriem, celt\u0146iem un robotiz\u0113t\u0101m rok\u0101m, lai tie atbilstu da\u017e\u0101d\u0101m darba pras\u012bb\u0101m.<\/p>\n<p>5. Vienk\u0101r\u0161a apkope: Projekt\u0113jot \u0146emta v\u0113r\u0101 apkopes un nomai\u0146as vienk\u0101r\u0161\u012bba, padarot regul\u0101ras p\u0101rbaudes un apkopi \u0113rt\u0101ku un samazinot iek\u0101rtu d\u012bkst\u0101ves laiku.<\/p>\n<p>Produktu ra\u017eo\u0161ana<\/p>\n<p>M\u016bsu uz\u0146\u0113mums sp\u0113j ra\u017eot sviras cilindru Caterpillar lielajam ekskavatoram E330B330C. M\u016bsu produkti ir lieliski aizst\u0101j\u0113ji \u0161iem hidrauliskajiem cilindriem. M\u0113s izmantojam augst\u0101k\u0101s klases digit\u0101l\u0101s ra\u017eo\u0161anas iek\u0101rtas un profesion\u0101las test\u0113\u0161anas sist\u0113mas, lai optimiz\u0113tu m\u016bsu ra\u017eo\u0161anas platformu un uzlabotu ra\u017eo\u0161anas efektivit\u0101ti. M\u0113s iev\u0113rojam izcilas kvalit\u0101tes principu, nep\u0101rtraukti uzlabojam savas tehnolo\u0123ijas un ievie\u0161am jaunin\u0101jumus, lai apmierin\u0101tu m\u016bsu klientu da\u017e\u0101d\u0101s vajadz\u012bbas.<\/p>\n<p>Pieteikums<\/p>\n<p>1. \u0112ku b\u016bvniec\u012bba: Ekskavatoros un celt\u0146os str\u0113les cilindri tiek izmantoti, lai kontrol\u0113tu kausu vai str\u0113les kust\u012bbu zemes p\u0101rvieto\u0161anas, materi\u0101lu apstr\u0101des un konstrukciju uzst\u0101d\u012b\u0161anas darbos.<\/p>\n<p>2. Ra\u017eo\u0161anas nozare: Automatiz\u0113t\u0101s ra\u017eo\u0161anas l\u012bnij\u0101s roku cilindri tiek izmantoti robotiz\u0113tu roku p\u0101rvieto\u0161anai, mont\u0101\u017eas, metin\u0101\u0161anas un apstr\u0101des procesiem, uzlabojot ra\u017eo\u0161anas efektivit\u0101ti un precizit\u0101ti.<\/p>\n<p>3. Lauksaimniec\u012bbas tehnika: Lauksaimniec\u012bbas tehnik\u0101, piem\u0113ram, kombainos un s\u0113jma\u0161\u012bn\u0101s, sviras cilindri kontrol\u0113 vad\u012bbas sviras kust\u012bbu, lai veiktu t\u0101dus uzdevumus k\u0101 s\u0113\u0161ana, m\u0113slo\u0161ana un ra\u017eas nov\u0101k\u0161ana.<\/p>\n<p>4. Kalnr\u016bpniec\u012bba: Kalnr\u016bpniec\u012bbas iek\u0101rt\u0101s roku cilindrus izmanto, lai kontrol\u0113tu kalnr\u016bpniec\u012bbas iek\u0101rtu roku kust\u012bbu miner\u0101lu ieguvei un transport\u0113\u0161anai.<\/p>\n<p>5. Lo\u0123istika un transport\u0113\u0161ana: Iekr\u0101v\u0113jos un apstr\u0101des robotos roku cilindri tiek izmantoti, lai kontrol\u0113tu kravas cel\u0161anu un p\u0101rvieto\u0161anu materi\u0101lu apstr\u0101dei un sakrau\u0161anai.<\/p>\n<p>Produkta dizaina apsv\u0113rumi un atlases krit\u0113riji<\/p>\n<p>1. Nestsp\u0113ja: Roku cilindriem j\u0101sp\u0113j iztur\u0113t ma\u0161\u012bnas roku un jebkuru stiprin\u0101jumu vai piederumu svaru.<\/p>\n<p>2. Bl\u012bv\u0113jums: Bl\u012bv\u0113jumiem j\u0101b\u016bt izgatavotiem no iztur\u012bgiem materi\u0101liem, piem\u0113ram, poliuret\u0101na un nitrila gumijas, un cilindra muca un v\u012btnes virsmai j\u0101b\u016bt smalki apstr\u0101d\u0101tai, lai uzlabotu nodilumiztur\u012bbu.<\/p>\n<p>3. Iztur\u012bba: Sviru cilindriem j\u0101b\u016bt izgatavotiem no augstas iztur\u012bbas materi\u0101liem un p\u0101rkl\u0101tiem ar pretkorozijas p\u0101rkl\u0101jumiem, lai tie iztur\u0113tu skarbu vidi.<\/p>\n<p>4. Dro\u0161\u012bba: Sviru cilindriem j\u0101sp\u0113j darboties dro\u0161i, un negad\u012bjumu nov\u0113r\u0161anai j\u0101uzst\u0101da dro\u0161\u012bbas pas\u0101kumi, piem\u0113ram, spiediena samazin\u0101\u0161anas v\u0101rsti.<\/p>\n<p>5. Apkope: Sviru cilindriem j\u0101b\u016bt konstru\u0113tiem t\u0101, lai tos b\u016btu viegli apkopt un nomain\u012bt, un hidrauliskais \u0161\u0137idrums regul\u0101ri j\u0101maina, lai nodro\u0161in\u0101tu pareizu e\u013c\u013co\u0161anu.<\/p>\n<p>Bl\u012bv\u0113\u0161ana un e\u013c\u013co\u0161ana<\/p>\n<p>Sviru cilindros tiek izmantoti da\u017e\u0101di bl\u012bv\u0113jumi, piem\u0113ram, virzu\u013ca bl\u012bv\u0113jumi, stie\u0146a bl\u012bv\u0113jumi un t\u012br\u012bt\u0101ja bl\u012bv\u0113jumi, lai nov\u0113rstu hidraulisk\u0101 \u0161\u0137idruma nopl\u016bdi. Bl\u012bv\u0113jumi ir izgatavoti no t\u0101diem materi\u0101liem k\u0101 poliuret\u0101ns un nitrila gumija, kas ir nodilumiztur\u012bgi un var iztur\u0113t augstu spiedienu. Cilindra korpuss un v\u012btnes virsma ir smalki apstr\u0101d\u0101ta, lai uzlabotu nodilumiztur\u012bbu. Sviru cilindri ir j\u0101iee\u013c\u013co ar hidraulisko e\u013c\u013cu, lai nodro\u0161in\u0101tu pareizu darb\u012bbu. Lai nov\u0113rstu bl\u012bv\u0113jumu nodilumu un boj\u0101jumus, ir nepiecie\u0161ama regul\u0101ra e\u013c\u013cas mai\u0146a un apkope.<\/p>\n<p>Apkope un profilakse<\/p>\n<p>Regul\u0101ra apkope un p\u0101rbaudes ir \u013coti svar\u012bgas, lai nodro\u0161in\u0101tu efekt\u012bvu un dro\u0161u sviras cilindru darb\u012bbu. Lai nov\u0113rstu cilindra boj\u0101jumus un samazin\u0101tu d\u012bkst\u0101ves laiku, j\u0101veic regul\u0101ra e\u013c\u013cas mai\u0146a, bl\u012bv\u0113jumu nomai\u0146a un deta\u013cu t\u012br\u012b\u0161ana. Lai nov\u0113rstu negad\u012bjumus, j\u0101uzst\u0101da dro\u0161\u012bbas pas\u0101kumi, piem\u0113ram, spiediena samazin\u0101\u0161anas v\u0101rsti.<\/p>\n<p>Instal\u0101cijas rokasgr\u0101mata<\/p>\n<p>1. P\u0101rliecinieties, vai ma\u0161\u012bnas svira ir pareizaj\u0101 uzst\u0101d\u012b\u0161anas poz\u012bcij\u0101.<\/p>\n<p>2. Piel\u0101gojiet sviras cilindru ma\u0161\u012bnas svirai un uzskr\u016bv\u0113jiet to uz virzu\u013ca stie\u0146a.<\/p>\n<p>3. Pievelciet v\u012btni un p\u0101rliecinieties, ka nav nopl\u016b\u017eu.<\/p>\n<p>4. Pievienojiet hidraulisk\u0101s \u0161\u013c\u016btenes un piepildiet cilindru ar hidraulisko e\u013c\u013cu.<\/p>\n<p>5. Darbiniet sviru, lai p\u0101rliecin\u0101tos par pareizu darb\u012bbu.<\/p>\n<p>Dro\u0161\u012bbas apsv\u0113rumi un vides faktori<\/p>\n<p>Sviras cilindri var b\u016bt b\u012bstami, ja tie netiek pareizi darbin\u0101ti, un j\u0101veic dro\u0161\u012bbas pas\u0101kumi, lai nov\u0113rstu negad\u012bjumus. Sviras cilindros izmantotais hidrauliskais \u0161\u0137idrums var b\u016bt kait\u012bgs videi, un tas ir pareizi j\u0101izn\u012bcina, lai nov\u0113rstu pies\u0101r\u0146ojumu.<\/p>\n<p>Probl\u0113mu nov\u0113r\u0161ana un bie\u017ei sastopamas probl\u0113mas<\/p>\n<p>1. Nopl\u016bdes bl\u012bv\u0113jumi \u2014 p\u0101rbaudiet bl\u012bves un nomainiet boj\u0101t\u0101s bl\u012bves.<\/p>\n<p>2. Boj\u0101ts spiediena samazin\u0101\u0161anas v\u0101rsts \u2013 nomainiet v\u0101rstu.<\/p>\n<p>3. Korozija \u2014 p\u0101rbaudiet, vai nav korozijas, un nomainiet visas korod\u0113ju\u0161\u0101s deta\u013cas.<\/p>\n<p>4. Boj\u0101ts virzu\u013ca stienis \u2013 nomainiet virzu\u013ca stieni.<\/p>\n<p>5. Boj\u0101ta hidraulisk\u0101 sist\u0113ma \u2013 P\u0101rbaudiet hidraulisko sist\u0113mu un salabojiet visas boj\u0101t\u0101s sast\u0101vda\u013cas.<\/p>\n<p>K\u013c\u016bmju diagnostiku un risin\u0101jumus j\u0101veic kvalific\u0113tam tehni\u0137im.<\/p>\n<p>Uz\u0146\u0113muma ievads<\/p>\n<p>M\u016bsu uz\u0146\u0113mums ir profesion\u0101ls hidraulisko cilindru ra\u017eot\u0101js ar pla\u0161u produktu kl\u0101stu. Esam k\u013cuvu\u0161i par vienu no vado\u0161ajiem hidraulisko cilindru ra\u017eot\u0101jiem un vairumtirdzniec\u012bbas izplat\u012bt\u0101jiem viet\u0113j\u0101 un starptautiskaj\u0101 tirg\u016b. M\u0113s iev\u0113rojam izcilas kvalit\u0101tes principu, nep\u0101rtraukti uzlabojam savas tehnolo\u0123ijas un ievie\u0161am jaunin\u0101jumus, lai apmierin\u0101tu m\u016bsu klientu daudzveid\u012bg\u0101s vajadz\u012bbas. M\u016bsu uz\u0146\u0113mumam ir profesion\u0101li sertifik\u0101ti, un m\u0113s pied\u0101v\u0101jam piel\u0101gotus pakalpojumus, ra\u017eo\u0161anas iek\u0101rtas un p\u0113cp\u0101rdo\u0161anas pakalpojumus.<\/p>\n<p>Autors: lil<\/p>","protected":false},"excerpt":{"rendered":"<p>Arm Cylinder for Caterpillar Large Excavator E330B330C Arm cylinder is a specially designed hydraulic cylinder that is primarily used to provide linear motion and power for various machinery arms such as excavators, cranes, and robotic arms. The arm cylinder plays a crucial role in the hydraulic system, allowing attachments or accessories to move and be [&hellip;]<\/p>","protected":false},"featured_media":14783,"comment_status":"open","ping_status":"closed","template":"","meta":{"_et_pb_use_builder":"","_et_pb_old_content":"","_et_gb_content_width":""},"product_brand":[],"product_cat":[1497],"product_tag":[1498,1496],"class_list":{"0":"post-16174","1":"product","2":"type-product","3":"status-publish","4":"has-post-thumbnail","6":"product_cat-arm-cylinders","7":"product_tag-arm-cylinders","8":"product_tag-hydraulic-cylinders","10":"first","11":"instock","12":"shipping-taxable","13":"product-type-simple"},"amp_enabled":true,"_links":{"self":[{"href":"https:\/\/www.hydraulic-cylinders.net\/lv\/wp-json\/wp\/v2\/product\/16174","targetHints":{"allow":["GET"]}}],"collection":[{"href":"https:\/\/www.hydraulic-cylinders.net\/lv\/wp-json\/wp\/v2\/product"}],"about":[{"href":"https:\/\/www.hydraulic-cylinders.net\/lv\/wp-json\/wp\/v2\/types\/product"}],"replies":[{"embeddable":true,"href":"https:\/\/www.hydraulic-cylinders.net\/lv\/wp-json\/wp\/v2\/comments?post=16174"}],"wp:featuredmedia":[{"embeddable":true,"href":"https:\/\/www.hydraulic-cylinders.net\/lv\/wp-json\/wp\/v2\/media\/14783"}],"wp:attachment":[{"href":"https:\/\/www.hydraulic-cylinders.net\/lv\/wp-json\/wp\/v2\/media?parent=16174"}],"wp:term":[{"taxonomy":"product_brand","embeddable":true,"href":"https:\/\/www.hydraulic-cylinders.net\/lv\/wp-json\/wp\/v2\/product_brand?post=16174"},{"taxonomy":"product_cat","embeddable":true,"href":"https:\/\/www.hydraulic-cylinders.net\/lv\/wp-json\/wp\/v2\/product_cat?post=16174"},{"taxonomy":"product_tag","embeddable":true,"href":"https:\/\/www.hydraulic-cylinders.net\/lv\/wp-json\/wp\/v2\/product_tag?post=16174"}],"curies":[{"name":"wp","href":"https:\/\/api.w.org\/{rel}","templated":true}]}}